{"id":20077,"date":"2024-10-06T23:13:27","date_gmt":"2024-10-06T23:13:27","guid":{"rendered":"https:\/\/sanmorrisbags.com\/product\/code-4008\/"},"modified":"2024-11-08T05:26:05","modified_gmt":"2024-11-08T05:26:05","slug":"code-4008","status":"publish","type":"product","link":"https:\/\/sanmorrisbags.com\/tr\/product\/code-4008\/","title":{"rendered":"Kod: 4008"},"content":{"rendered":"<p><span style=\"font-weight: 400;\">*Sanmorris Marka \u00c7ok Cepli Suya Dayan\u0131kl\u0131 Buru\u015fuk Kuma\u015fl\u0131 \u00c7apraz \u00c7anta<\/span><\/p>\n<p><span style=\"font-weight: 400;\">Sanmorris marka \u00e7ok cepli, suya dayan\u0131kl\u0131 buru\u015fuk kuma\u015ftan \u00fcretilen \u00e7apraz \u00e7anta modelimiz 8 farkl\u0131 renk se\u00e7ene\u011fiyle sat\u0131\u015fa sunulmu\u015ftur.<\/span><\/p>\n<p><span style=\"font-weight: 400;\">&#8211; Y\u00fckseklik: 21 cm<\/span><\/p>\n<p><span style=\"font-weight: 400;\">&#8211; Geni\u015flik: 25 cm<\/span><\/p>\n<p><span style=\"font-weight: 400;\">Sa\u011f ve sol iki ek termoslukveya suluk b\u00f6lmesi mevcuttur .<\/span><\/p>\n<p><span style=\"font-weight: 400;\">&#8211; Ask\u0131 Uzunlu\u011fu: 140 cm (ayarlanabilir)<\/span><\/p>\n<p><span style=\"font-weight: 400;\">Bu model, y\u00fcksek kaliteli suya dayan\u0131kl\u0131 saten kuma\u015f ve birinci s\u0131n\u0131f astar kullan\u0131larak \u00fcretilmi\u015ftir ve g\u00fcnl\u00fck hayat\u0131n\u0131z\u0131 kolayla\u015ft\u0131rmak i\u00e7in ideal bir se\u00e7imdir. Kal\u0131n \u00e7apraz ask\u0131 yeterli dayan\u0131kl\u0131l\u0131k sunar. Termos veya su \u015fi\u015fesi ta\u015f\u0131mak i\u00e7in uygun iki yan cep bulunur. Tasar\u0131m\u0131n tamam\u0131nda y\u00fcksek kaliteli bir fermuar kullan\u0131lm\u0131\u015ft\u0131r. Nemli bir bezle temizleyin.    <\/span><\/p>\n","protected":false},"excerpt":{"rendered":"<p>*Sanmorris Marka \u00c7ok Cepli Suya Dayan\u0131kl\u0131 Buru\u015fuk Kuma\u015fl\u0131 \u00c7apraz \u00c7anta Sanmorris marka \u00e7ok cepli, suya dayan\u0131kl\u0131 buru\u015fuk kuma\u015ftan \u00fcretilen \u00e7apraz \u00e7anta modelimiz 8 farkl\u0131 renk se\u00e7ene\u011fiyle sat\u0131\u015fa sunulmu\u015ftur. &#8211; Y\u00fckseklik: 21 cm &#8211; Geni\u015flik: 25 cm Sa\u011f ve sol iki ek termoslukveya suluk b\u00f6lmesi mevcuttur . &#8211; Ask\u0131 Uzunlu\u011fu: 140 cm (ayarlanabilir) Bu model, y\u00fcksek [&hellip;]<\/p>\n","protected":false},"featured_media":19228,"comment_status":"closed","ping_status":"closed","template":"","meta":[],"product_brand":[],"product_cat":[63],"product_tag":[],"class_list":{"0":"post-20077","1":"product","2":"type-product","3":"status-publish","4":"has-post-thumbnail","6":"product_cat-capraz-canta","7":"pa_color-acik-gri","8":"pa_color-beyaz","9":"pa_color-haki","10":"pa_color-koyu-mor","11":"pa_color-lacivert","12":"pa_color-mavi","13":"pa_color-mor","14":"pa_color-pembe","15":"pa_color-siyah","17":"first","18":"instock","19":"shipping-taxable","20":"purchasable","21":"product-type-variable","22":"wvs-archive-product-wrapper"},"yoast_head":"<!-- This site is optimized with the Yoast SEO Premium plugin v25.4 (Yoast SEO v27.5) - https:\/\/yoast.com\/product\/yoast-seo-premium-wordpress\/ -->\n<title>Sanmorris \u00c7ok Cepli Suya Dayan\u0131kl\u0131 \u00c7apraz \u00c7anta<\/title>\n<meta name=\"description\" content=\"Sanmorris \u00c7ok Cepli Suya Dayan\u0131kl\u0131 \u00c7apraz Ask\u0131l\u0131 \u00c7anta - Sanmorris \u00e7ok cepli suya dayan\u0131kl\u0131 buru\u015fuk kuma\u015f \u00e7apraz ask\u0131l\u0131 \u00e7anta\" \/>\n<meta name=\"robots\" content=\"index, follow, max-snippet:-1, max-image-preview:large, max-video-preview:-1\" \/>\n<link rel=\"canonical\" href=\"https:\/\/sanmorrisbags.com\/tr\/product\/code-4008\/\" \/>\n<meta property=\"og:locale\" content=\"tr_TR\" \/>\n<meta property=\"og:type\" content=\"article\" \/>\n<meta property=\"og:title\" content=\"Kod: 4008\" \/>\n<meta property=\"og:description\" content=\"Sanmorris \u00c7ok Cepli Suya Dayan\u0131kl\u0131 \u00c7apraz Ask\u0131l\u0131 \u00c7anta - Sanmorris \u00e7ok cepli suya dayan\u0131kl\u0131 buru\u015fuk kuma\u015f \u00e7apraz ask\u0131l\u0131 \u00e7anta\" \/>\n<meta property=\"og:url\" content=\"https:\/\/sanmorrisbags.com\/tr\/product\/code-4008\/\" \/>\n<meta property=\"og:site_name\" content=\"Sanmorris Bags\" \/>\n<meta property=\"article:publisher\" content=\"https:\/\/www.facebook.com\/sanmorrisbags\" \/>\n<meta property=\"article:modified_time\" content=\"2024-11-08T05:26:05+00:00\" \/>\n<meta property=\"og:image\" content=\"https:\/\/sanmorrisbags.com\/wp-content\/uploads\/2024\/10\/219.jpg\" \/>\n\t<meta property=\"og:image:width\" content=\"1200\" \/>\n\t<meta property=\"og:image:height\" content=\"1800\" \/>\n\t<meta property=\"og:image:type\" content=\"image\/jpeg\" \/>\n<meta name=\"twitter:card\" content=\"summary_large_image\" \/>\n<meta name=\"twitter:site\" content=\"@sanmorrisbag\" \/>\n<meta name=\"twitter:label1\" content=\"Durumu\" \/>\n\t<meta name=\"twitter:data1\" content=\"Stokta var\" \/>\n<script type=\"application\/ld+json\" class=\"yoast-schema-graph\">{\"@context\":\"https:\\\/\\\/schema.org\",\"@graph\":[{\"@type\":\"WebPage\",\"@id\":\"https:\\\/\\\/sanmorrisbags.com\\\/tr\\\/product\\\/code-4008\\\/\",\"url\":\"https:\\\/\\\/sanmorrisbags.com\\\/tr\\\/product\\\/code-4008\\\/\",\"name\":\"Sanmorris \u00c7ok Cepli Suya Dayan\u0131kl\u0131 \u00c7apraz \u00c7anta\",\"isPartOf\":{\"@id\":\"https:\\\/\\\/sanmorrisbags.com\\\/tr\\\/#website\"},\"primaryImageOfPage\":{\"@id\":\"https:\\\/\\\/sanmorrisbags.com\\\/tr\\\/product\\\/code-4008\\\/#primaryimage\"},\"image\":{\"@id\":\"https:\\\/\\\/sanmorrisbags.com\\\/tr\\\/product\\\/code-4008\\\/#primaryimage\"},\"thumbnailUrl\":\"https:\\\/\\\/sanmorrisbags.com\\\/wp-content\\\/uploads\\\/2024\\\/10\\\/219.jpg\",\"datePublished\":\"2024-10-06T23:13:27+00:00\",\"dateModified\":\"2024-11-08T05:26:05+00:00\",\"description\":\"Sanmorris \u00c7ok Cepli Suya Dayan\u0131kl\u0131 \u00c7apraz Ask\u0131l\u0131 \u00c7anta - Sanmorris \u00e7ok cepli suya dayan\u0131kl\u0131 buru\u015fuk kuma\u015f \u00e7apraz ask\u0131l\u0131 \u00e7anta\",\"breadcrumb\":{\"@id\":\"https:\\\/\\\/sanmorrisbags.com\\\/tr\\\/product\\\/code-4008\\\/#breadcrumb\"},\"inLanguage\":\"tr\",\"potentialAction\":[{\"@type\":\"ReadAction\",\"target\":[\"https:\\\/\\\/sanmorrisbags.com\\\/tr\\\/product\\\/code-4008\\\/\"]}]},{\"@type\":\"ImageObject\",\"inLanguage\":\"tr\",\"@id\":\"https:\\\/\\\/sanmorrisbags.com\\\/tr\\\/product\\\/code-4008\\\/#primaryimage\",\"url\":\"https:\\\/\\\/sanmorrisbags.com\\\/wp-content\\\/uploads\\\/2024\\\/10\\\/219.jpg\",\"contentUrl\":\"https:\\\/\\\/sanmorrisbags.com\\\/wp-content\\\/uploads\\\/2024\\\/10\\\/219.jpg\",\"width\":1200,\"height\":1800,\"caption\":\"Sanmorris multi-pocket water-resistant krinkled fabric crossbody bag\"},{\"@type\":\"BreadcrumbList\",\"@id\":\"https:\\\/\\\/sanmorrisbags.com\\\/tr\\\/product\\\/code-4008\\\/#breadcrumb\",\"itemListElement\":[{\"@type\":\"ListItem\",\"position\":1,\"name\":\"Home\",\"item\":\"https:\\\/\\\/sanmorrisbags.com\\\/tr\\\/home\\\/\"},{\"@type\":\"ListItem\",\"position\":2,\"name\":\"Shop\",\"item\":\"https:\\\/\\\/sanmorrisbags.com\\\/shop\\\/\"},{\"@type\":\"ListItem\",\"position\":3,\"name\":\"Kod: 4008\"}]},{\"@type\":\"WebSite\",\"@id\":\"https:\\\/\\\/sanmorrisbags.com\\\/tr\\\/#website\",\"url\":\"https:\\\/\\\/sanmorrisbags.com\\\/tr\\\/\",\"name\":\"Sanmorris Bags\",\"description\":\"\",\"publisher\":{\"@id\":\"https:\\\/\\\/sanmorrisbags.com\\\/tr\\\/#organization\"},\"potentialAction\":[{\"@type\":\"SearchAction\",\"target\":{\"@type\":\"EntryPoint\",\"urlTemplate\":\"https:\\\/\\\/sanmorrisbags.com\\\/tr\\\/?s={search_term_string}\"},\"query-input\":{\"@type\":\"PropertyValueSpecification\",\"valueRequired\":true,\"valueName\":\"search_term_string\"}}],\"inLanguage\":\"tr\"},{\"@type\":\"Organization\",\"@id\":\"https:\\\/\\\/sanmorrisbags.com\\\/tr\\\/#organization\",\"name\":\"Sanmorris Bags\",\"url\":\"https:\\\/\\\/sanmorrisbags.com\\\/tr\\\/\",\"logo\":{\"@type\":\"ImageObject\",\"inLanguage\":\"tr\",\"@id\":\"https:\\\/\\\/sanmorrisbags.com\\\/tr\\\/#\\\/schema\\\/logo\\\/image\\\/\",\"url\":\"https:\\\/\\\/sanmorrisbags.com\\\/wp-content\\\/uploads\\\/2023\\\/02\\\/Logo-new.png\",\"contentUrl\":\"https:\\\/\\\/sanmorrisbags.com\\\/wp-content\\\/uploads\\\/2023\\\/02\\\/Logo-new.png\",\"width\":1000,\"height\":1000,\"caption\":\"Sanmorris Bags\"},\"image\":{\"@id\":\"https:\\\/\\\/sanmorrisbags.com\\\/tr\\\/#\\\/schema\\\/logo\\\/image\\\/\"},\"sameAs\":[\"https:\\\/\\\/www.facebook.com\\\/sanmorrisbags\",\"https:\\\/\\\/x.com\\\/sanmorrisbag\",\"https:\\\/\\\/www.instagram.com\\\/sanmorrisbag\\\/\"]}]}<\/script>\n<meta property=\"og:availability\" content=\"instock\" \/>\n<meta property=\"product:availability\" content=\"instock\" \/>\n<meta property=\"product:condition\" content=\"new\" \/>\n<!-- \/ Yoast SEO Premium plugin. -->","yoast_head_json":{"title":"Sanmorris \u00c7ok Cepli Suya Dayan\u0131kl\u0131 \u00c7apraz \u00c7anta","description":"Sanmorris \u00c7ok Cepli Suya Dayan\u0131kl\u0131 \u00c7apraz Ask\u0131l\u0131 \u00c7anta - Sanmorris \u00e7ok cepli suya dayan\u0131kl\u0131 buru\u015fuk kuma\u015f \u00e7apraz ask\u0131l\u0131 \u00e7anta","robots":{"index":"index","follow":"follow","max-snippet":"max-snippet:-1","max-image-preview":"max-image-preview:large","max-video-preview":"max-video-preview:-1"},"canonical":"https:\/\/sanmorrisbags.com\/tr\/product\/code-4008\/","og_locale":"tr_TR","og_type":"article","og_title":"Kod: 4008","og_description":"Sanmorris \u00c7ok Cepli Suya Dayan\u0131kl\u0131 \u00c7apraz Ask\u0131l\u0131 \u00c7anta - Sanmorris \u00e7ok cepli suya dayan\u0131kl\u0131 buru\u015fuk kuma\u015f \u00e7apraz ask\u0131l\u0131 \u00e7anta","og_url":"https:\/\/sanmorrisbags.com\/tr\/product\/code-4008\/","og_site_name":"Sanmorris Bags","article_publisher":"https:\/\/www.facebook.com\/sanmorrisbags","article_modified_time":"2024-11-08T05:26:05+00:00","og_image":[{"width":1200,"height":1800,"url":"https:\/\/sanmorrisbags.com\/wp-content\/uploads\/2024\/10\/219.jpg","type":"image\/jpeg"}],"twitter_card":"summary_large_image","twitter_site":"@sanmorrisbag","twitter_misc":{"Durumu":"Stokta var"},"schema":{"@context":"https:\/\/schema.org","@graph":[{"@type":"WebPage","@id":"https:\/\/sanmorrisbags.com\/tr\/product\/code-4008\/","url":"https:\/\/sanmorrisbags.com\/tr\/product\/code-4008\/","name":"Sanmorris \u00c7ok Cepli Suya Dayan\u0131kl\u0131 \u00c7apraz \u00c7anta","isPartOf":{"@id":"https:\/\/sanmorrisbags.com\/tr\/#website"},"primaryImageOfPage":{"@id":"https:\/\/sanmorrisbags.com\/tr\/product\/code-4008\/#primaryimage"},"image":{"@id":"https:\/\/sanmorrisbags.com\/tr\/product\/code-4008\/#primaryimage"},"thumbnailUrl":"https:\/\/sanmorrisbags.com\/wp-content\/uploads\/2024\/10\/219.jpg","datePublished":"2024-10-06T23:13:27+00:00","dateModified":"2024-11-08T05:26:05+00:00","description":"Sanmorris \u00c7ok Cepli Suya Dayan\u0131kl\u0131 \u00c7apraz Ask\u0131l\u0131 \u00c7anta - Sanmorris \u00e7ok cepli suya dayan\u0131kl\u0131 buru\u015fuk kuma\u015f \u00e7apraz ask\u0131l\u0131 \u00e7anta","breadcrumb":{"@id":"https:\/\/sanmorrisbags.com\/tr\/product\/code-4008\/#breadcrumb"},"inLanguage":"tr","potentialAction":[{"@type":"ReadAction","target":["https:\/\/sanmorrisbags.com\/tr\/product\/code-4008\/"]}]},{"@type":"ImageObject","inLanguage":"tr","@id":"https:\/\/sanmorrisbags.com\/tr\/product\/code-4008\/#primaryimage","url":"https:\/\/sanmorrisbags.com\/wp-content\/uploads\/2024\/10\/219.jpg","contentUrl":"https:\/\/sanmorrisbags.com\/wp-content\/uploads\/2024\/10\/219.jpg","width":1200,"height":1800,"caption":"Sanmorris multi-pocket water-resistant krinkled fabric crossbody bag"},{"@type":"BreadcrumbList","@id":"https:\/\/sanmorrisbags.com\/tr\/product\/code-4008\/#breadcrumb","itemListElement":[{"@type":"ListItem","position":1,"name":"Home","item":"https:\/\/sanmorrisbags.com\/tr\/home\/"},{"@type":"ListItem","position":2,"name":"Shop","item":"https:\/\/sanmorrisbags.com\/shop\/"},{"@type":"ListItem","position":3,"name":"Kod: 4008"}]},{"@type":"WebSite","@id":"https:\/\/sanmorrisbags.com\/tr\/#website","url":"https:\/\/sanmorrisbags.com\/tr\/","name":"Sanmorris Bags","description":"","publisher":{"@id":"https:\/\/sanmorrisbags.com\/tr\/#organization"},"potentialAction":[{"@type":"SearchAction","target":{"@type":"EntryPoint","urlTemplate":"https:\/\/sanmorrisbags.com\/tr\/?s={search_term_string}"},"query-input":{"@type":"PropertyValueSpecification","valueRequired":true,"valueName":"search_term_string"}}],"inLanguage":"tr"},{"@type":"Organization","@id":"https:\/\/sanmorrisbags.com\/tr\/#organization","name":"Sanmorris Bags","url":"https:\/\/sanmorrisbags.com\/tr\/","logo":{"@type":"ImageObject","inLanguage":"tr","@id":"https:\/\/sanmorrisbags.com\/tr\/#\/schema\/logo\/image\/","url":"https:\/\/sanmorrisbags.com\/wp-content\/uploads\/2023\/02\/Logo-new.png","contentUrl":"https:\/\/sanmorrisbags.com\/wp-content\/uploads\/2023\/02\/Logo-new.png","width":1000,"height":1000,"caption":"Sanmorris Bags"},"image":{"@id":"https:\/\/sanmorrisbags.com\/tr\/#\/schema\/logo\/image\/"},"sameAs":["https:\/\/www.facebook.com\/sanmorrisbags","https:\/\/x.com\/sanmorrisbag","https:\/\/www.instagram.com\/sanmorrisbag\/"]}]},"og_availability":"instock","product_availability":"instock","product_condition":"new"},"_links":{"self":[{"href":"https:\/\/sanmorrisbags.com\/tr\/wp-json\/wp\/v2\/product\/20077","targetHints":{"allow":["GET"]}}],"collection":[{"href":"https:\/\/sanmorrisbags.com\/tr\/wp-json\/wp\/v2\/product"}],"about":[{"href":"https:\/\/sanmorrisbags.com\/tr\/wp-json\/wp\/v2\/types\/product"}],"replies":[{"embeddable":true,"href":"https:\/\/sanmorrisbags.com\/tr\/wp-json\/wp\/v2\/comments?post=20077"}],"wp:featuredmedia":[{"embeddable":true,"href":"https:\/\/sanmorrisbags.com\/tr\/wp-json\/wp\/v2\/media\/19228"}],"wp:attachment":[{"href":"https:\/\/sanmorrisbags.com\/tr\/wp-json\/wp\/v2\/media?parent=20077"}],"wp:term":[{"taxonomy":"product_brand","embeddable":true,"href":"https:\/\/sanmorrisbags.com\/tr\/wp-json\/wp\/v2\/product_brand?post=20077"},{"taxonomy":"product_cat","embeddable":true,"href":"https:\/\/sanmorrisbags.com\/tr\/wp-json\/wp\/v2\/product_cat?post=20077"},{"taxonomy":"product_tag","embeddable":true,"href":"https:\/\/sanmorrisbags.com\/tr\/wp-json\/wp\/v2\/product_tag?post=20077"}],"curies":[{"name":"wp","href":"https:\/\/api.w.org\/{rel}","templated":true}]}}