{"id":20096,"date":"2024-10-06T23:14:23","date_gmt":"2024-10-06T23:14:23","guid":{"rendered":"https:\/\/sanmorrisbags.com\/product\/kod-4009\/"},"modified":"2024-10-30T13:01:06","modified_gmt":"2024-10-30T13:01:06","slug":"kod-4009-sanmorris-markali-cok-gozlu","status":"publish","type":"product","link":"https:\/\/sanmorrisbags.com\/tr\/product\/kod-4009-sanmorris-markali-cok-gozlu\/","title":{"rendered":"Kod: 4009"},"content":{"rendered":"<p><span style=\"font-weight: 400;\">Sanmorris Marka \u00c7ok Cepli Suya Dayan\u0131kl\u0131 Buru\u015fuk Kuma\u015f \u00c7apraz \u00c7anta<\/span><\/p>\n<p><span style=\"font-weight: 400;\">Sanmorris marka \u00e7ok cepli suya dayan\u0131kl\u0131 buru\u015fuk kuma\u015ftan \u00e7apraz ask\u0131l\u0131 \u00e7anta modelimiz stoklar\u0131m\u0131zda mevcuttur.<\/span><\/p>\n<p><span style=\"font-weight: 400;\">&#8211; Y\u00fckseklik: 20 cm<\/span><\/p>\n<p><span style=\"font-weight: 400;\">&#8211; Geni\u015flik: 29 cm<\/span><\/p>\n<p><span style=\"font-weight: 400;\">&#8211; Taban Geni\u015fli\u011fi: 11 cm<\/span><\/p>\n<p><span style=\"font-weight: 400;\">Y\u00fcksek kalite fermuar kullan\u0131lm\u0131\u015ft\u0131r.<\/span><\/p>\n<p><span style=\"font-weight: 400;\">Bu model g\u00fcnl\u00fck hayat\u0131n\u0131z\u0131 b\u00fcy\u00fck \u00f6l\u00e7\u00fcde kolayla\u015ft\u0131racak. \u015e\u0131k tasar\u0131m\u0131 ve i\u015flevselli\u011fiyle vazge\u00e7ilmez \u00e7antan\u0131z olacak. \u00c7apraz ask\u0131 ve ek bir el ask\u0131s\u0131yla birlikte gelir. Biri i\u00e7 cep, di\u011feri arka cep olarak tasarlanm\u0131\u015f toplam 5 fermuarl\u0131 b\u00f6lme vard\u0131r. Kal\u0131n \u00e7apraz ask\u0131 yeterince dayan\u0131kl\u0131d\u0131r. Y\u00fcksek kaliteli para\u015f\u00fct kuma\u015f, fermuarlar ve metal aksesuarlar kullan\u0131larak \u00fcretilmi\u015ftir. Nemli bir bezle temizleyin.      <\/span><\/p>\n","protected":false},"excerpt":{"rendered":"<p>Sanmorris Marka \u00c7ok Cepli Suya Dayan\u0131kl\u0131 Buru\u015fuk Kuma\u015f \u00c7apraz \u00c7anta Sanmorris marka \u00e7ok cepli suya dayan\u0131kl\u0131 buru\u015fuk kuma\u015ftan \u00e7apraz ask\u0131l\u0131 \u00e7anta modelimiz stoklar\u0131m\u0131zda mevcuttur. &#8211; Y\u00fckseklik: 20 cm &#8211; Geni\u015flik: 29 cm &#8211; Taban Geni\u015fli\u011fi: 11 cm Y\u00fcksek kalite fermuar kullan\u0131lm\u0131\u015ft\u0131r. Bu model g\u00fcnl\u00fck hayat\u0131n\u0131z\u0131 b\u00fcy\u00fck \u00f6l\u00e7\u00fcde kolayla\u015ft\u0131racak. \u015e\u0131k tasar\u0131m\u0131 ve i\u015flevselli\u011fiyle vazge\u00e7ilmez \u00e7antan\u0131z olacak. [&hellip;]<\/p>\n","protected":false},"featured_media":19218,"comment_status":"closed","ping_status":"closed","template":"","meta":[],"product_brand":[],"product_cat":[63],"product_tag":[],"class_list":{"0":"post-20096","1":"product","2":"type-product","3":"status-publish","4":"has-post-thumbnail","6":"product_cat-capraz-canta","7":"pa_color-acik-gri","8":"pa_color-haki","9":"pa_color-koyu-mor","10":"pa_color-lacivert","11":"pa_color-mavi","12":"pa_color-mor","13":"pa_color-siyah","15":"first","16":"instock","17":"shipping-taxable","18":"purchasable","19":"product-type-variable","20":"wvs-archive-product-wrapper"},"yoast_head":"<!-- This site is optimized with the Yoast SEO Premium plugin v25.4 (Yoast SEO v27.5) - https:\/\/yoast.com\/product\/yoast-seo-premium-wordpress\/ -->\n<title>Sanmorris \u00c7ok Cepli \u00c7anta - Sanmorris Bags<\/title>\n<meta name=\"description\" content=\"Sanmorris \u00c7ok Cepli \u00c7anta = \u0130stanbul&#039;da \u00c7anta Pazar\u0131 - Sanmorris \u00c7ok Cepli Su Ge\u00e7irmez \u00c7apraz \u00c7anta toptan sat\u0131\u015fa sunuldu\" \/>\n<meta name=\"robots\" content=\"index, follow, max-snippet:-1, max-image-preview:large, max-video-preview:-1\" \/>\n<link rel=\"canonical\" href=\"https:\/\/sanmorrisbags.com\/tr\/product\/kod-4009-sanmorris-markali-cok-gozlu\/\" \/>\n<meta property=\"og:locale\" content=\"tr_TR\" \/>\n<meta property=\"og:type\" content=\"article\" \/>\n<meta property=\"og:title\" content=\"Kod: 4009\" \/>\n<meta property=\"og:description\" content=\"Sanmorris \u00c7ok Cepli \u00c7anta = \u0130stanbul&#039;da \u00c7anta Pazar\u0131 - Sanmorris \u00c7ok Cepli Su Ge\u00e7irmez \u00c7apraz \u00c7anta toptan sat\u0131\u015fa sunuldu\" \/>\n<meta property=\"og:url\" content=\"https:\/\/sanmorrisbags.com\/tr\/product\/kod-4009-sanmorris-markali-cok-gozlu\/\" \/>\n<meta property=\"og:site_name\" content=\"Sanmorris Bags\" \/>\n<meta property=\"article:publisher\" content=\"https:\/\/www.facebook.com\/sanmorrisbags\" \/>\n<meta property=\"article:modified_time\" content=\"2024-10-30T13:01:06+00:00\" \/>\n<meta property=\"og:image\" content=\"https:\/\/sanmorrisbags.com\/wp-content\/uploads\/2024\/10\/347.jpg\" \/>\n\t<meta property=\"og:image:width\" content=\"1200\" \/>\n\t<meta property=\"og:image:height\" content=\"1800\" \/>\n\t<meta property=\"og:image:type\" content=\"image\/jpeg\" \/>\n<meta name=\"twitter:card\" content=\"summary_large_image\" \/>\n<meta name=\"twitter:site\" content=\"@sanmorrisbag\" \/>\n<meta name=\"twitter:label1\" content=\"Durumu\" \/>\n\t<meta name=\"twitter:data1\" content=\"Stokta var\" \/>\n<script type=\"application\/ld+json\" class=\"yoast-schema-graph\">{\"@context\":\"https:\\\/\\\/schema.org\",\"@graph\":[{\"@type\":\"WebPage\",\"@id\":\"https:\\\/\\\/sanmorrisbags.com\\\/tr\\\/product\\\/kod-4009-sanmorris-markali-cok-gozlu\\\/\",\"url\":\"https:\\\/\\\/sanmorrisbags.com\\\/tr\\\/product\\\/kod-4009-sanmorris-markali-cok-gozlu\\\/\",\"name\":\"Sanmorris \u00c7ok Cepli \u00c7anta - Sanmorris Bags\",\"isPartOf\":{\"@id\":\"https:\\\/\\\/sanmorrisbags.com\\\/tr\\\/#website\"},\"primaryImageOfPage\":{\"@id\":\"https:\\\/\\\/sanmorrisbags.com\\\/tr\\\/product\\\/kod-4009-sanmorris-markali-cok-gozlu\\\/#primaryimage\"},\"image\":{\"@id\":\"https:\\\/\\\/sanmorrisbags.com\\\/tr\\\/product\\\/kod-4009-sanmorris-markali-cok-gozlu\\\/#primaryimage\"},\"thumbnailUrl\":\"https:\\\/\\\/sanmorrisbags.com\\\/wp-content\\\/uploads\\\/2024\\\/10\\\/347.jpg\",\"datePublished\":\"2024-10-06T23:14:23+00:00\",\"dateModified\":\"2024-10-30T13:01:06+00:00\",\"description\":\"Sanmorris \u00c7ok Cepli \u00c7anta = \u0130stanbul'da \u00c7anta Pazar\u0131 - Sanmorris \u00c7ok Cepli Su Ge\u00e7irmez \u00c7apraz \u00c7anta toptan sat\u0131\u015fa sunuldu\",\"breadcrumb\":{\"@id\":\"https:\\\/\\\/sanmorrisbags.com\\\/tr\\\/product\\\/kod-4009-sanmorris-markali-cok-gozlu\\\/#breadcrumb\"},\"inLanguage\":\"tr\",\"potentialAction\":[{\"@type\":\"ReadAction\",\"target\":[\"https:\\\/\\\/sanmorrisbags.com\\\/tr\\\/product\\\/kod-4009-sanmorris-markali-cok-gozlu\\\/\"]}]},{\"@type\":\"ImageObject\",\"inLanguage\":\"tr\",\"@id\":\"https:\\\/\\\/sanmorrisbags.com\\\/tr\\\/product\\\/kod-4009-sanmorris-markali-cok-gozlu\\\/#primaryimage\",\"url\":\"https:\\\/\\\/sanmorrisbags.com\\\/wp-content\\\/uploads\\\/2024\\\/10\\\/347.jpg\",\"contentUrl\":\"https:\\\/\\\/sanmorrisbags.com\\\/wp-content\\\/uploads\\\/2024\\\/10\\\/347.jpg\",\"width\":1200,\"height\":1800,\"caption\":\"Sanmorris Multi-Pocket Water-Resistant Crossbody Bag\"},{\"@type\":\"BreadcrumbList\",\"@id\":\"https:\\\/\\\/sanmorrisbags.com\\\/tr\\\/product\\\/kod-4009-sanmorris-markali-cok-gozlu\\\/#breadcrumb\",\"itemListElement\":[{\"@type\":\"ListItem\",\"position\":1,\"name\":\"Home\",\"item\":\"https:\\\/\\\/sanmorrisbags.com\\\/tr\\\/home\\\/\"},{\"@type\":\"ListItem\",\"position\":2,\"name\":\"Shop\",\"item\":\"https:\\\/\\\/sanmorrisbags.com\\\/shop\\\/\"},{\"@type\":\"ListItem\",\"position\":3,\"name\":\"Kod: 4009\"}]},{\"@type\":\"WebSite\",\"@id\":\"https:\\\/\\\/sanmorrisbags.com\\\/tr\\\/#website\",\"url\":\"https:\\\/\\\/sanmorrisbags.com\\\/tr\\\/\",\"name\":\"Sanmorris Bags\",\"description\":\"\",\"publisher\":{\"@id\":\"https:\\\/\\\/sanmorrisbags.com\\\/tr\\\/#organization\"},\"potentialAction\":[{\"@type\":\"SearchAction\",\"target\":{\"@type\":\"EntryPoint\",\"urlTemplate\":\"https:\\\/\\\/sanmorrisbags.com\\\/tr\\\/?s={search_term_string}\"},\"query-input\":{\"@type\":\"PropertyValueSpecification\",\"valueRequired\":true,\"valueName\":\"search_term_string\"}}],\"inLanguage\":\"tr\"},{\"@type\":\"Organization\",\"@id\":\"https:\\\/\\\/sanmorrisbags.com\\\/tr\\\/#organization\",\"name\":\"Sanmorris Bags\",\"url\":\"https:\\\/\\\/sanmorrisbags.com\\\/tr\\\/\",\"logo\":{\"@type\":\"ImageObject\",\"inLanguage\":\"tr\",\"@id\":\"https:\\\/\\\/sanmorrisbags.com\\\/tr\\\/#\\\/schema\\\/logo\\\/image\\\/\",\"url\":\"https:\\\/\\\/sanmorrisbags.com\\\/wp-content\\\/uploads\\\/2023\\\/02\\\/Logo-new.png\",\"contentUrl\":\"https:\\\/\\\/sanmorrisbags.com\\\/wp-content\\\/uploads\\\/2023\\\/02\\\/Logo-new.png\",\"width\":1000,\"height\":1000,\"caption\":\"Sanmorris Bags\"},\"image\":{\"@id\":\"https:\\\/\\\/sanmorrisbags.com\\\/tr\\\/#\\\/schema\\\/logo\\\/image\\\/\"},\"sameAs\":[\"https:\\\/\\\/www.facebook.com\\\/sanmorrisbags\",\"https:\\\/\\\/x.com\\\/sanmorrisbag\",\"https:\\\/\\\/www.instagram.com\\\/sanmorrisbag\\\/\"]}]}<\/script>\n<meta property=\"og:availability\" content=\"instock\" \/>\n<meta property=\"product:availability\" content=\"instock\" \/>\n<meta property=\"product:condition\" content=\"new\" \/>\n<!-- \/ Yoast SEO Premium plugin. -->","yoast_head_json":{"title":"Sanmorris \u00c7ok Cepli \u00c7anta - Sanmorris Bags","description":"Sanmorris \u00c7ok Cepli \u00c7anta = \u0130stanbul'da \u00c7anta Pazar\u0131 - Sanmorris \u00c7ok Cepli Su Ge\u00e7irmez \u00c7apraz \u00c7anta toptan sat\u0131\u015fa sunuldu","robots":{"index":"index","follow":"follow","max-snippet":"max-snippet:-1","max-image-preview":"max-image-preview:large","max-video-preview":"max-video-preview:-1"},"canonical":"https:\/\/sanmorrisbags.com\/tr\/product\/kod-4009-sanmorris-markali-cok-gozlu\/","og_locale":"tr_TR","og_type":"article","og_title":"Kod: 4009","og_description":"Sanmorris \u00c7ok Cepli \u00c7anta = \u0130stanbul'da \u00c7anta Pazar\u0131 - Sanmorris \u00c7ok Cepli Su Ge\u00e7irmez \u00c7apraz \u00c7anta toptan sat\u0131\u015fa sunuldu","og_url":"https:\/\/sanmorrisbags.com\/tr\/product\/kod-4009-sanmorris-markali-cok-gozlu\/","og_site_name":"Sanmorris Bags","article_publisher":"https:\/\/www.facebook.com\/sanmorrisbags","article_modified_time":"2024-10-30T13:01:06+00:00","og_image":[{"width":1200,"height":1800,"url":"https:\/\/sanmorrisbags.com\/wp-content\/uploads\/2024\/10\/347.jpg","type":"image\/jpeg"}],"twitter_card":"summary_large_image","twitter_site":"@sanmorrisbag","twitter_misc":{"Durumu":"Stokta var"},"schema":{"@context":"https:\/\/schema.org","@graph":[{"@type":"WebPage","@id":"https:\/\/sanmorrisbags.com\/tr\/product\/kod-4009-sanmorris-markali-cok-gozlu\/","url":"https:\/\/sanmorrisbags.com\/tr\/product\/kod-4009-sanmorris-markali-cok-gozlu\/","name":"Sanmorris \u00c7ok Cepli \u00c7anta - Sanmorris Bags","isPartOf":{"@id":"https:\/\/sanmorrisbags.com\/tr\/#website"},"primaryImageOfPage":{"@id":"https:\/\/sanmorrisbags.com\/tr\/product\/kod-4009-sanmorris-markali-cok-gozlu\/#primaryimage"},"image":{"@id":"https:\/\/sanmorrisbags.com\/tr\/product\/kod-4009-sanmorris-markali-cok-gozlu\/#primaryimage"},"thumbnailUrl":"https:\/\/sanmorrisbags.com\/wp-content\/uploads\/2024\/10\/347.jpg","datePublished":"2024-10-06T23:14:23+00:00","dateModified":"2024-10-30T13:01:06+00:00","description":"Sanmorris \u00c7ok Cepli \u00c7anta = \u0130stanbul'da \u00c7anta Pazar\u0131 - Sanmorris \u00c7ok Cepli Su Ge\u00e7irmez \u00c7apraz \u00c7anta toptan sat\u0131\u015fa sunuldu","breadcrumb":{"@id":"https:\/\/sanmorrisbags.com\/tr\/product\/kod-4009-sanmorris-markali-cok-gozlu\/#breadcrumb"},"inLanguage":"tr","potentialAction":[{"@type":"ReadAction","target":["https:\/\/sanmorrisbags.com\/tr\/product\/kod-4009-sanmorris-markali-cok-gozlu\/"]}]},{"@type":"ImageObject","inLanguage":"tr","@id":"https:\/\/sanmorrisbags.com\/tr\/product\/kod-4009-sanmorris-markali-cok-gozlu\/#primaryimage","url":"https:\/\/sanmorrisbags.com\/wp-content\/uploads\/2024\/10\/347.jpg","contentUrl":"https:\/\/sanmorrisbags.com\/wp-content\/uploads\/2024\/10\/347.jpg","width":1200,"height":1800,"caption":"Sanmorris Multi-Pocket Water-Resistant Crossbody Bag"},{"@type":"BreadcrumbList","@id":"https:\/\/sanmorrisbags.com\/tr\/product\/kod-4009-sanmorris-markali-cok-gozlu\/#breadcrumb","itemListElement":[{"@type":"ListItem","position":1,"name":"Home","item":"https:\/\/sanmorrisbags.com\/tr\/home\/"},{"@type":"ListItem","position":2,"name":"Shop","item":"https:\/\/sanmorrisbags.com\/shop\/"},{"@type":"ListItem","position":3,"name":"Kod: 4009"}]},{"@type":"WebSite","@id":"https:\/\/sanmorrisbags.com\/tr\/#website","url":"https:\/\/sanmorrisbags.com\/tr\/","name":"Sanmorris Bags","description":"","publisher":{"@id":"https:\/\/sanmorrisbags.com\/tr\/#organization"},"potentialAction":[{"@type":"SearchAction","target":{"@type":"EntryPoint","urlTemplate":"https:\/\/sanmorrisbags.com\/tr\/?s={search_term_string}"},"query-input":{"@type":"PropertyValueSpecification","valueRequired":true,"valueName":"search_term_string"}}],"inLanguage":"tr"},{"@type":"Organization","@id":"https:\/\/sanmorrisbags.com\/tr\/#organization","name":"Sanmorris Bags","url":"https:\/\/sanmorrisbags.com\/tr\/","logo":{"@type":"ImageObject","inLanguage":"tr","@id":"https:\/\/sanmorrisbags.com\/tr\/#\/schema\/logo\/image\/","url":"https:\/\/sanmorrisbags.com\/wp-content\/uploads\/2023\/02\/Logo-new.png","contentUrl":"https:\/\/sanmorrisbags.com\/wp-content\/uploads\/2023\/02\/Logo-new.png","width":1000,"height":1000,"caption":"Sanmorris Bags"},"image":{"@id":"https:\/\/sanmorrisbags.com\/tr\/#\/schema\/logo\/image\/"},"sameAs":["https:\/\/www.facebook.com\/sanmorrisbags","https:\/\/x.com\/sanmorrisbag","https:\/\/www.instagram.com\/sanmorrisbag\/"]}]},"og_availability":"instock","product_availability":"instock","product_condition":"new"},"_links":{"self":[{"href":"https:\/\/sanmorrisbags.com\/tr\/wp-json\/wp\/v2\/product\/20096","targetHints":{"allow":["GET"]}}],"collection":[{"href":"https:\/\/sanmorrisbags.com\/tr\/wp-json\/wp\/v2\/product"}],"about":[{"href":"https:\/\/sanmorrisbags.com\/tr\/wp-json\/wp\/v2\/types\/product"}],"replies":[{"embeddable":true,"href":"https:\/\/sanmorrisbags.com\/tr\/wp-json\/wp\/v2\/comments?post=20096"}],"wp:featuredmedia":[{"embeddable":true,"href":"https:\/\/sanmorrisbags.com\/tr\/wp-json\/wp\/v2\/media\/19218"}],"wp:attachment":[{"href":"https:\/\/sanmorrisbags.com\/tr\/wp-json\/wp\/v2\/media?parent=20096"}],"wp:term":[{"taxonomy":"product_brand","embeddable":true,"href":"https:\/\/sanmorrisbags.com\/tr\/wp-json\/wp\/v2\/product_brand?post=20096"},{"taxonomy":"product_cat","embeddable":true,"href":"https:\/\/sanmorrisbags.com\/tr\/wp-json\/wp\/v2\/product_cat?post=20096"},{"taxonomy":"product_tag","embeddable":true,"href":"https:\/\/sanmorrisbags.com\/tr\/wp-json\/wp\/v2\/product_tag?post=20096"}],"curies":[{"name":"wp","href":"https:\/\/api.w.org\/{rel}","templated":true}]}}