{"id":20694,"date":"2024-10-06T22:43:03","date_gmt":"2024-10-06T22:43:03","guid":{"rendered":"https:\/\/sanmorrisbags.com\/product\/kod-5003\/"},"modified":"2024-10-21T07:22:54","modified_gmt":"2024-10-21T07:22:54","slug":"kod-5003","status":"publish","type":"product","link":"https:\/\/sanmorrisbags.com\/tr\/product\/kod-5003\/","title":{"rendered":"Kod: 5003"},"content":{"rendered":"<p><strong>Sanmorris Su Ge\u00e7irmez Diz\u00fcst\u00fc Bilgisayar S\u0131rt \u00c7antas\u0131 &#8211; \u00c7ok Y\u00f6nl\u00fc ve Dayan\u0131kl\u0131<\/strong><\/p>\n<p><span style=\"font-weight: 400;\">Sanmorris su ge\u00e7irmez laptop s\u0131rt \u00e7antas\u0131n\u0131 tan\u0131t\u0131yoruz, art\u0131k stoklar\u0131m\u0131zda!<\/span><\/p>\n<p><strong>Boyutlar:<\/strong><\/p>\n<p><span style=\"font-weight: 400;\">&#8211; Size: 30 cm x 16 cm x 40 cm<\/span><\/p>\n<p><span style=\"font-weight: 400;\">Bu s\u0131rt \u00e7antas\u0131nda alt\u0131 ba\u011f\u0131ms\u0131z fermuarl\u0131 b\u00f6lme ve bir dahili fermuarl\u0131 cep bulunur. \u00c7e\u015fitli k\u00fc\u00e7\u00fck ve b\u00fcy\u00fck i\u00e7 ceplerle, i\u015f, seyahat veya okul i\u00e7in ihtiyac\u0131n\u0131z olan her \u015feyi ta\u015f\u0131mak i\u00e7in yeterli alan sa\u011flar. <\/span><\/p>\n<p><span style=\"font-weight: 400;\">Y\u00fcksek kaliteli, su ge\u00e7irmez saten kuma\u015ftan \u00fcretilen s\u0131rt \u00e7antas\u0131, uzun s\u00fcreli kullan\u0131m sa\u011flayan g\u00fc\u00e7l\u00fc diki\u015flerle dayan\u0131kl\u0131l\u0131k i\u00e7in tasarlanm\u0131\u015ft\u0131r. T\u00fcm i\u00e7 b\u00f6lmeler tamamen astarl\u0131d\u0131r ve su \u015fi\u015feleri ve termoslar i\u00e7in yan cepler vard\u0131r. Ana b\u00f6lme, ek organizasyon i\u00e7in birden fazla i\u00e7 cebi ortaya \u00e7\u0131karmak \u00fczere a\u00e7\u0131l\u0131r.  <\/span><\/p>\n<p><span style=\"font-weight: 400;\">Diz\u00fcst\u00fc bilgisayar b\u00f6lmesi hasar riskini en aza indirmek i\u00e7in g\u00fc\u00e7lendirilmi\u015ftir. Ayarlanabilir omuz ask\u0131lar\u0131, g\u00fcnl\u00fck kullan\u0131m i\u00e7in konforlu hale getirerek ki\u015fiselle\u015ftirilmi\u015f bir uyum sa\u011flar. <\/span><\/p>\n<p><span style=\"font-weight: 400;\">Kolay bak\u0131m i\u00e7in nemli bir bezle silmeniz yeterlidir.<\/span><\/p>\n","protected":false},"excerpt":{"rendered":"<p>Sanmorris Su Ge\u00e7irmez Diz\u00fcst\u00fc Bilgisayar S\u0131rt \u00c7antas\u0131 &#8211; \u00c7ok Y\u00f6nl\u00fc ve Dayan\u0131kl\u0131 Sanmorris su ge\u00e7irmez laptop s\u0131rt \u00e7antas\u0131n\u0131 tan\u0131t\u0131yoruz, art\u0131k stoklar\u0131m\u0131zda! Boyutlar: &#8211; Size: 30 cm x 16 cm x 40 cm Bu s\u0131rt \u00e7antas\u0131nda alt\u0131 ba\u011f\u0131ms\u0131z fermuarl\u0131 b\u00f6lme ve bir dahili fermuarl\u0131 cep bulunur. \u00c7e\u015fitli k\u00fc\u00e7\u00fck ve b\u00fcy\u00fck i\u00e7 ceplerle, i\u015f, seyahat veya okul [&hellip;]<\/p>\n","protected":false},"featured_media":0,"comment_status":"closed","ping_status":"closed","template":"","meta":[],"product_brand":[],"product_cat":[61],"product_tag":[],"class_list":{"0":"post-20694","1":"product","2":"type-product","3":"status-publish","5":"product_cat-backpack-tr","7":"first","8":"instock","9":"shipping-taxable","10":"product-type-variable","11":"wvs-archive-product-wrapper"},"yoast_head":"<!-- This site is optimized with the Yoast SEO Premium plugin v25.4 (Yoast SEO v27.6) - https:\/\/yoast.com\/product\/yoast-seo-premium-wordpress\/ -->\n<title>siyah su ge\u00e7irmez diz\u00fcst\u00fc bilgisayar s\u0131rt \u00e7antas\u0131<\/title>\n<meta name=\"description\" content=\"siyah su ge\u00e7irmez diz\u00fcst\u00fc bilgisayar s\u0131rt \u00e7antas\u0131. Y\u00fcksek kaliteli, su ge\u00e7irmez saten kuma\u015ftan \u00fcretilen s\u0131rt \u00e7antas\u0131 dayan\u0131kl\u0131l\u0131k i\u00e7in tasarlanm\u0131\u015ft\u0131r\" \/>\n<meta name=\"robots\" content=\"index, follow, max-snippet:-1, max-image-preview:large, max-video-preview:-1\" \/>\n<link rel=\"canonical\" href=\"https:\/\/sanmorrisbags.com\/tr\/product\/kod-5003\/\" \/>\n<meta property=\"og:locale\" content=\"tr_TR\" \/>\n<meta property=\"og:type\" content=\"article\" \/>\n<meta property=\"og:title\" content=\"Kod: 5003\" \/>\n<meta property=\"og:description\" content=\"siyah su ge\u00e7irmez diz\u00fcst\u00fc bilgisayar s\u0131rt \u00e7antas\u0131. Y\u00fcksek kaliteli, su ge\u00e7irmez saten kuma\u015ftan \u00fcretilen s\u0131rt \u00e7antas\u0131 dayan\u0131kl\u0131l\u0131k i\u00e7in tasarlanm\u0131\u015ft\u0131r\" \/>\n<meta property=\"og:url\" content=\"https:\/\/sanmorrisbags.com\/tr\/product\/kod-5003\/\" \/>\n<meta property=\"og:site_name\" content=\"Sanmorris Bags\" \/>\n<meta property=\"article:publisher\" content=\"https:\/\/www.facebook.com\/sanmorrisbags\" \/>\n<meta property=\"article:modified_time\" content=\"2024-10-21T07:22:54+00:00\" \/>\n<meta property=\"og:image\" content=\"https:\/\/sanmorrisbags.com\/wp-content\/uploads\/2024\/10\/107.jpg\" \/>\n\t<meta property=\"og:image:width\" content=\"1200\" \/>\n\t<meta property=\"og:image:height\" content=\"1800\" \/>\n\t<meta property=\"og:image:type\" content=\"image\/jpeg\" \/>\n<meta name=\"twitter:card\" content=\"summary_large_image\" \/>\n<meta name=\"twitter:site\" content=\"@sanmorrisbag\" \/>\n<meta name=\"twitter:label1\" content=\"Durumu\" \/>\n\t<meta name=\"twitter:data1\" content=\"Stokta var\" \/>\n<script type=\"application\/ld+json\" class=\"yoast-schema-graph\">{\"@context\":\"https:\\\/\\\/schema.org\",\"@graph\":[{\"@type\":\"WebPage\",\"@id\":\"https:\\\/\\\/sanmorrisbags.com\\\/tr\\\/product\\\/kod-5003\\\/\",\"url\":\"https:\\\/\\\/sanmorrisbags.com\\\/tr\\\/product\\\/kod-5003\\\/\",\"name\":\"siyah su ge\u00e7irmez diz\u00fcst\u00fc bilgisayar s\u0131rt \u00e7antas\u0131\",\"isPartOf\":{\"@id\":\"https:\\\/\\\/sanmorrisbags.com\\\/tr\\\/#website\"},\"datePublished\":\"2024-10-06T22:43:03+00:00\",\"dateModified\":\"2024-10-21T07:22:54+00:00\",\"description\":\"siyah su ge\u00e7irmez diz\u00fcst\u00fc bilgisayar s\u0131rt \u00e7antas\u0131. Y\u00fcksek kaliteli, su ge\u00e7irmez saten kuma\u015ftan \u00fcretilen s\u0131rt \u00e7antas\u0131 dayan\u0131kl\u0131l\u0131k i\u00e7in tasarlanm\u0131\u015ft\u0131r\",\"breadcrumb\":{\"@id\":\"https:\\\/\\\/sanmorrisbags.com\\\/tr\\\/product\\\/kod-5003\\\/#breadcrumb\"},\"inLanguage\":\"tr\",\"potentialAction\":[{\"@type\":\"ReadAction\",\"target\":[\"https:\\\/\\\/sanmorrisbags.com\\\/tr\\\/product\\\/kod-5003\\\/\"]}]},{\"@type\":\"BreadcrumbList\",\"@id\":\"https:\\\/\\\/sanmorrisbags.com\\\/tr\\\/product\\\/kod-5003\\\/#breadcrumb\",\"itemListElement\":[{\"@type\":\"ListItem\",\"position\":1,\"name\":\"Home\",\"item\":\"https:\\\/\\\/sanmorrisbags.com\\\/tr\\\/home\\\/\"},{\"@type\":\"ListItem\",\"position\":2,\"name\":\"Shop\",\"item\":\"https:\\\/\\\/sanmorrisbags.com\\\/shop\\\/\"},{\"@type\":\"ListItem\",\"position\":3,\"name\":\"Kod: 5003\"}]},{\"@type\":\"WebSite\",\"@id\":\"https:\\\/\\\/sanmorrisbags.com\\\/tr\\\/#website\",\"url\":\"https:\\\/\\\/sanmorrisbags.com\\\/tr\\\/\",\"name\":\"Sanmorris Bags\",\"description\":\"\",\"publisher\":{\"@id\":\"https:\\\/\\\/sanmorrisbags.com\\\/tr\\\/#organization\"},\"potentialAction\":[{\"@type\":\"SearchAction\",\"target\":{\"@type\":\"EntryPoint\",\"urlTemplate\":\"https:\\\/\\\/sanmorrisbags.com\\\/tr\\\/?s={search_term_string}\"},\"query-input\":{\"@type\":\"PropertyValueSpecification\",\"valueRequired\":true,\"valueName\":\"search_term_string\"}}],\"inLanguage\":\"tr\"},{\"@type\":\"Organization\",\"@id\":\"https:\\\/\\\/sanmorrisbags.com\\\/tr\\\/#organization\",\"name\":\"Sanmorris Bags\",\"url\":\"https:\\\/\\\/sanmorrisbags.com\\\/tr\\\/\",\"logo\":{\"@type\":\"ImageObject\",\"inLanguage\":\"tr\",\"@id\":\"https:\\\/\\\/sanmorrisbags.com\\\/tr\\\/#\\\/schema\\\/logo\\\/image\\\/\",\"url\":\"https:\\\/\\\/sanmorrisbags.com\\\/wp-content\\\/uploads\\\/2023\\\/02\\\/Logo-new.png\",\"contentUrl\":\"https:\\\/\\\/sanmorrisbags.com\\\/wp-content\\\/uploads\\\/2023\\\/02\\\/Logo-new.png\",\"width\":1000,\"height\":1000,\"caption\":\"Sanmorris Bags\"},\"image\":{\"@id\":\"https:\\\/\\\/sanmorrisbags.com\\\/tr\\\/#\\\/schema\\\/logo\\\/image\\\/\"},\"sameAs\":[\"https:\\\/\\\/www.facebook.com\\\/sanmorrisbags\",\"https:\\\/\\\/x.com\\\/sanmorrisbag\",\"https:\\\/\\\/www.instagram.com\\\/sanmorrisbag\\\/\"]}]}<\/script>\n<meta property=\"og:availability\" content=\"instock\" \/>\n<meta property=\"product:availability\" content=\"instock\" \/>\n<meta property=\"product:condition\" content=\"new\" \/>\n<!-- \/ Yoast SEO Premium plugin. -->","yoast_head_json":{"title":"siyah su ge\u00e7irmez diz\u00fcst\u00fc bilgisayar s\u0131rt \u00e7antas\u0131","description":"siyah su ge\u00e7irmez diz\u00fcst\u00fc bilgisayar s\u0131rt \u00e7antas\u0131. Y\u00fcksek kaliteli, su ge\u00e7irmez saten kuma\u015ftan \u00fcretilen s\u0131rt \u00e7antas\u0131 dayan\u0131kl\u0131l\u0131k i\u00e7in tasarlanm\u0131\u015ft\u0131r","robots":{"index":"index","follow":"follow","max-snippet":"max-snippet:-1","max-image-preview":"max-image-preview:large","max-video-preview":"max-video-preview:-1"},"canonical":"https:\/\/sanmorrisbags.com\/tr\/product\/kod-5003\/","og_locale":"tr_TR","og_type":"article","og_title":"Kod: 5003","og_description":"siyah su ge\u00e7irmez diz\u00fcst\u00fc bilgisayar s\u0131rt \u00e7antas\u0131. Y\u00fcksek kaliteli, su ge\u00e7irmez saten kuma\u015ftan \u00fcretilen s\u0131rt \u00e7antas\u0131 dayan\u0131kl\u0131l\u0131k i\u00e7in tasarlanm\u0131\u015ft\u0131r","og_url":"https:\/\/sanmorrisbags.com\/tr\/product\/kod-5003\/","og_site_name":"Sanmorris Bags","article_publisher":"https:\/\/www.facebook.com\/sanmorrisbags","article_modified_time":"2024-10-21T07:22:54+00:00","og_image":[{"width":1200,"height":1800,"url":"https:\/\/sanmorrisbags.com\/wp-content\/uploads\/2024\/10\/107.jpg","type":"image\/jpeg"}],"twitter_card":"summary_large_image","twitter_site":"@sanmorrisbag","twitter_misc":{"Durumu":"Stokta var"},"schema":{"@context":"https:\/\/schema.org","@graph":[{"@type":"WebPage","@id":"https:\/\/sanmorrisbags.com\/tr\/product\/kod-5003\/","url":"https:\/\/sanmorrisbags.com\/tr\/product\/kod-5003\/","name":"siyah su ge\u00e7irmez diz\u00fcst\u00fc bilgisayar s\u0131rt \u00e7antas\u0131","isPartOf":{"@id":"https:\/\/sanmorrisbags.com\/tr\/#website"},"datePublished":"2024-10-06T22:43:03+00:00","dateModified":"2024-10-21T07:22:54+00:00","description":"siyah su ge\u00e7irmez diz\u00fcst\u00fc bilgisayar s\u0131rt \u00e7antas\u0131. Y\u00fcksek kaliteli, su ge\u00e7irmez saten kuma\u015ftan \u00fcretilen s\u0131rt \u00e7antas\u0131 dayan\u0131kl\u0131l\u0131k i\u00e7in tasarlanm\u0131\u015ft\u0131r","breadcrumb":{"@id":"https:\/\/sanmorrisbags.com\/tr\/product\/kod-5003\/#breadcrumb"},"inLanguage":"tr","potentialAction":[{"@type":"ReadAction","target":["https:\/\/sanmorrisbags.com\/tr\/product\/kod-5003\/"]}]},{"@type":"BreadcrumbList","@id":"https:\/\/sanmorrisbags.com\/tr\/product\/kod-5003\/#breadcrumb","itemListElement":[{"@type":"ListItem","position":1,"name":"Home","item":"https:\/\/sanmorrisbags.com\/tr\/home\/"},{"@type":"ListItem","position":2,"name":"Shop","item":"https:\/\/sanmorrisbags.com\/shop\/"},{"@type":"ListItem","position":3,"name":"Kod: 5003"}]},{"@type":"WebSite","@id":"https:\/\/sanmorrisbags.com\/tr\/#website","url":"https:\/\/sanmorrisbags.com\/tr\/","name":"Sanmorris Bags","description":"","publisher":{"@id":"https:\/\/sanmorrisbags.com\/tr\/#organization"},"potentialAction":[{"@type":"SearchAction","target":{"@type":"EntryPoint","urlTemplate":"https:\/\/sanmorrisbags.com\/tr\/?s={search_term_string}"},"query-input":{"@type":"PropertyValueSpecification","valueRequired":true,"valueName":"search_term_string"}}],"inLanguage":"tr"},{"@type":"Organization","@id":"https:\/\/sanmorrisbags.com\/tr\/#organization","name":"Sanmorris Bags","url":"https:\/\/sanmorrisbags.com\/tr\/","logo":{"@type":"ImageObject","inLanguage":"tr","@id":"https:\/\/sanmorrisbags.com\/tr\/#\/schema\/logo\/image\/","url":"https:\/\/sanmorrisbags.com\/wp-content\/uploads\/2023\/02\/Logo-new.png","contentUrl":"https:\/\/sanmorrisbags.com\/wp-content\/uploads\/2023\/02\/Logo-new.png","width":1000,"height":1000,"caption":"Sanmorris Bags"},"image":{"@id":"https:\/\/sanmorrisbags.com\/tr\/#\/schema\/logo\/image\/"},"sameAs":["https:\/\/www.facebook.com\/sanmorrisbags","https:\/\/x.com\/sanmorrisbag","https:\/\/www.instagram.com\/sanmorrisbag\/"]}]},"og_availability":"instock","product_availability":"instock","product_condition":"new"},"_links":{"self":[{"href":"https:\/\/sanmorrisbags.com\/tr\/wp-json\/wp\/v2\/product\/20694","targetHints":{"allow":["GET"]}}],"collection":[{"href":"https:\/\/sanmorrisbags.com\/tr\/wp-json\/wp\/v2\/product"}],"about":[{"href":"https:\/\/sanmorrisbags.com\/tr\/wp-json\/wp\/v2\/types\/product"}],"replies":[{"embeddable":true,"href":"https:\/\/sanmorrisbags.com\/tr\/wp-json\/wp\/v2\/comments?post=20694"}],"wp:attachment":[{"href":"https:\/\/sanmorrisbags.com\/tr\/wp-json\/wp\/v2\/media?parent=20694"}],"wp:term":[{"taxonomy":"product_brand","embeddable":true,"href":"https:\/\/sanmorrisbags.com\/tr\/wp-json\/wp\/v2\/product_brand?post=20694"},{"taxonomy":"product_cat","embeddable":true,"href":"https:\/\/sanmorrisbags.com\/tr\/wp-json\/wp\/v2\/product_cat?post=20694"},{"taxonomy":"product_tag","embeddable":true,"href":"https:\/\/sanmorrisbags.com\/tr\/wp-json\/wp\/v2\/product_tag?post=20694"}],"curies":[{"name":"wp","href":"https:\/\/api.w.org\/{rel}","templated":true}]}}