{"id":20699,"date":"2024-10-06T22:42:06","date_gmt":"2024-10-06T22:42:06","guid":{"rendered":"https:\/\/sanmorrisbags.com\/product\/kod-5000\/"},"modified":"2024-10-06T22:42:06","modified_gmt":"2024-10-06T22:42:06","slug":"kod-5000","status":"publish","type":"product","link":"https:\/\/sanmorrisbags.com\/tr\/product\/kod-5000\/","title":{"rendered":"Kod: 5000"},"content":{"rendered":"<p><span style=\"font-weight: 400;\">Sanmorris Su Ge\u00e7irmez Diz\u00fcst\u00fc Bilgisayar S\u0131rt \u00c7antas\u0131 &#8211; Dayan\u0131kl\u0131 ve \u0130\u015flevsel<\/span><\/p>\n<p>&nbsp;<\/p>\n<p><span style=\"font-weight: 400;\">Sanmorris su ge\u00e7irmez laptop s\u0131rt \u00e7antas\u0131n\u0131 tan\u0131t\u0131yoruz, art\u0131k stoklar\u0131m\u0131zda!<\/span><\/p>\n<p>&nbsp;<\/p>\n<p><span style=\"font-weight: 400;\">Boyutlar:<\/span><\/p>\n<p><span style=\"font-weight: 400;\">&#8211; Boyut: 30 cm x 16 cm x 40 cm<\/span><\/p>\n<p>&nbsp;<\/p>\n<p><span style=\"font-weight: 400;\">Bu y\u00fcksek kaliteli s\u0131rt \u00e7antas\u0131, ister i\u015fe, ister seyahate veya okula gidin, temel ihtiya\u00e7lar\u0131n\u0131z i\u00e7in bol miktarda alan sunan d\u00f6rt ba\u011f\u0131ms\u0131z fermuarl\u0131 b\u00f6lmeye sahiptir. \u00c7ok say\u0131da k\u00fc\u00e7\u00fck ve b\u00fcy\u00fck i\u00e7 ceple t\u00fcm e\u015fyalar\u0131n\u0131z\u0131 rahat\u00e7a ta\u015f\u0131yabilir. <\/span><\/p>\n<p>&nbsp;<\/p>\n<p><span style=\"font-weight: 400;\">Birinci s\u0131n\u0131f su ge\u00e7irmez kuma\u015ftan, astardan ve aksesuarlardan \u00fcretilen bu s\u0131rt \u00e7antas\u0131 dayan\u0131kl\u0131l\u0131k i\u00e7in tasarlanm\u0131\u015ft\u0131r. \u0130\u00e7 b\u00f6lmeler tamamen astarl\u0131d\u0131r ve su \u015fi\u015feleri ve termoslar i\u00e7in \u00f6zel yan cepler bulunur. Orta b\u00f6lme a\u00e7\u0131larak birden fazla i\u00e7 cep ortaya \u00e7\u0131kar.  <\/span><\/p>\n<p>&nbsp;<\/p>\n<p><span style=\"font-weight: 400;\">Diz\u00fcst\u00fc bilgisayar b\u00f6lmesi hasar riskini en aza indirmek i\u00e7in g\u00fc\u00e7lendirilmi\u015ftir ve ayarlanabilir omuz ask\u0131lar\u0131 rahat bir uyum sa\u011flar. Ayr\u0131ca valizinize kolayca takmak i\u00e7in bir kay\u0131\u015f i\u00e7erir ve klipsli omuz ask\u0131s\u0131 uzun y\u00fcr\u00fcy\u00fc\u015fler veya seyahatler i\u00e7in rahatl\u0131k katar. S\u0131rt, ek konfor i\u00e7in nefes alabilen dolguya sahiptir.  <\/span><\/p>\n<p>&nbsp;<\/p>\n<p><span style=\"font-weight: 400;\">Bak\u0131m\u0131n\u0131 nemli bir bezle silerek yapabilirsiniz.<\/span><\/p>\n<p>&nbsp;<\/p>\n","protected":false},"excerpt":{"rendered":"<p>Sanmorris Su Ge\u00e7irmez Diz\u00fcst\u00fc Bilgisayar S\u0131rt \u00c7antas\u0131 &#8211; Dayan\u0131kl\u0131 ve \u0130\u015flevsel &nbsp; Sanmorris su ge\u00e7irmez laptop s\u0131rt \u00e7antas\u0131n\u0131 tan\u0131t\u0131yoruz, art\u0131k stoklar\u0131m\u0131zda! &nbsp; Boyutlar: &#8211; Boyut: 30 cm x 16 cm x 40 cm &nbsp; Bu y\u00fcksek kaliteli s\u0131rt \u00e7antas\u0131, ister i\u015fe, ister seyahate veya okula gidin, temel ihtiya\u00e7lar\u0131n\u0131z i\u00e7in bol miktarda alan sunan d\u00f6rt ba\u011f\u0131ms\u0131z [&hellip;]<\/p>\n","protected":false},"featured_media":0,"comment_status":"closed","ping_status":"closed","template":"","meta":[],"product_brand":[],"product_cat":[61],"product_tag":[],"class_list":{"0":"post-20699","1":"product","2":"type-product","3":"status-publish","5":"product_cat-backpack-tr","7":"first","8":"instock","9":"shipping-taxable","10":"purchasable","11":"product-type-simple"},"yoast_head":"<!-- This site is optimized with the Yoast SEO Premium plugin v25.4 (Yoast SEO v27.6) - https:\/\/yoast.com\/product\/yoast-seo-premium-wordpress\/ -->\n<title>Sanmorris su ge\u00e7irmez diz\u00fcst\u00fc bilgisayar s\u0131rt \u00e7antas\u0131<\/title>\n<meta name=\"description\" content=\"Sanmorris su ge\u00e7irmez diz\u00fcst\u00fc bilgisayar s\u0131rt \u00e7antas\u0131. Bu y\u00fcksek kaliteli s\u0131rt \u00e7antas\u0131, temel ihtiya\u00e7lar\u0131n\u0131z i\u00e7in geni\u015f alan sunan d\u00f6rt ba\u011f\u0131ms\u0131z fermuarl\u0131 b\u00f6lmeye sahiptir\" \/>\n<meta name=\"robots\" content=\"index, follow, max-snippet:-1, max-image-preview:large, max-video-preview:-1\" \/>\n<link rel=\"canonical\" href=\"https:\/\/sanmorrisbags.com\/tr\/product\/kod-5000\/\" \/>\n<meta property=\"og:locale\" content=\"tr_TR\" \/>\n<meta property=\"og:type\" content=\"article\" \/>\n<meta property=\"og:title\" content=\"Kod: 5000\" \/>\n<meta property=\"og:description\" content=\"Sanmorris su ge\u00e7irmez diz\u00fcst\u00fc bilgisayar s\u0131rt \u00e7antas\u0131. Bu y\u00fcksek kaliteli s\u0131rt \u00e7antas\u0131, temel ihtiya\u00e7lar\u0131n\u0131z i\u00e7in geni\u015f alan sunan d\u00f6rt ba\u011f\u0131ms\u0131z fermuarl\u0131 b\u00f6lmeye sahiptir\" \/>\n<meta property=\"og:url\" content=\"https:\/\/sanmorrisbags.com\/tr\/product\/kod-5000\/\" \/>\n<meta property=\"og:site_name\" content=\"Sanmorris Bags\" \/>\n<meta property=\"article:publisher\" content=\"https:\/\/www.facebook.com\/sanmorrisbags\" \/>\n<meta property=\"og:image\" content=\"https:\/\/sanmorrisbags.com\/wp-content\/uploads\/2024\/10\/97-1.jpg\" \/>\n\t<meta property=\"og:image:width\" content=\"1200\" \/>\n\t<meta property=\"og:image:height\" content=\"1800\" \/>\n\t<meta property=\"og:image:type\" content=\"image\/jpeg\" \/>\n<meta name=\"twitter:card\" content=\"summary_large_image\" \/>\n<meta name=\"twitter:site\" content=\"@sanmorrisbag\" \/>\n<meta name=\"twitter:label1\" content=\"Fiyat\" \/>\n\t<meta name=\"twitter:data1\" content=\"&#8378;0,00\" \/>\n\t<meta name=\"twitter:label2\" content=\"Durumu\" \/>\n\t<meta name=\"twitter:data2\" content=\"Stokta var\" \/>\n<script type=\"application\/ld+json\" class=\"yoast-schema-graph\">{\"@context\":\"https:\\\/\\\/schema.org\",\"@graph\":[{\"@type\":\"WebPage\",\"@id\":\"https:\\\/\\\/sanmorrisbags.com\\\/tr\\\/product\\\/kod-5000\\\/\",\"url\":\"https:\\\/\\\/sanmorrisbags.com\\\/tr\\\/product\\\/kod-5000\\\/\",\"name\":\"Sanmorris su ge\u00e7irmez diz\u00fcst\u00fc bilgisayar s\u0131rt \u00e7antas\u0131\",\"isPartOf\":{\"@id\":\"https:\\\/\\\/sanmorrisbags.com\\\/tr\\\/#website\"},\"datePublished\":\"2024-10-06T22:42:06+00:00\",\"description\":\"Sanmorris su ge\u00e7irmez diz\u00fcst\u00fc bilgisayar s\u0131rt \u00e7antas\u0131. Bu y\u00fcksek kaliteli s\u0131rt \u00e7antas\u0131, temel ihtiya\u00e7lar\u0131n\u0131z i\u00e7in geni\u015f alan sunan d\u00f6rt ba\u011f\u0131ms\u0131z fermuarl\u0131 b\u00f6lmeye sahiptir\",\"breadcrumb\":{\"@id\":\"https:\\\/\\\/sanmorrisbags.com\\\/tr\\\/product\\\/kod-5000\\\/#breadcrumb\"},\"inLanguage\":\"tr\",\"potentialAction\":[{\"@type\":\"ReadAction\",\"target\":[\"https:\\\/\\\/sanmorrisbags.com\\\/tr\\\/product\\\/kod-5000\\\/\"]}]},{\"@type\":\"BreadcrumbList\",\"@id\":\"https:\\\/\\\/sanmorrisbags.com\\\/tr\\\/product\\\/kod-5000\\\/#breadcrumb\",\"itemListElement\":[{\"@type\":\"ListItem\",\"position\":1,\"name\":\"Home\",\"item\":\"https:\\\/\\\/sanmorrisbags.com\\\/tr\\\/home\\\/\"},{\"@type\":\"ListItem\",\"position\":2,\"name\":\"Shop\",\"item\":\"https:\\\/\\\/sanmorrisbags.com\\\/shop\\\/\"},{\"@type\":\"ListItem\",\"position\":3,\"name\":\"Kod: 5000\"}]},{\"@type\":\"WebSite\",\"@id\":\"https:\\\/\\\/sanmorrisbags.com\\\/tr\\\/#website\",\"url\":\"https:\\\/\\\/sanmorrisbags.com\\\/tr\\\/\",\"name\":\"Sanmorris Bags\",\"description\":\"\",\"publisher\":{\"@id\":\"https:\\\/\\\/sanmorrisbags.com\\\/tr\\\/#organization\"},\"potentialAction\":[{\"@type\":\"SearchAction\",\"target\":{\"@type\":\"EntryPoint\",\"urlTemplate\":\"https:\\\/\\\/sanmorrisbags.com\\\/tr\\\/?s={search_term_string}\"},\"query-input\":{\"@type\":\"PropertyValueSpecification\",\"valueRequired\":true,\"valueName\":\"search_term_string\"}}],\"inLanguage\":\"tr\"},{\"@type\":\"Organization\",\"@id\":\"https:\\\/\\\/sanmorrisbags.com\\\/tr\\\/#organization\",\"name\":\"Sanmorris Bags\",\"url\":\"https:\\\/\\\/sanmorrisbags.com\\\/tr\\\/\",\"logo\":{\"@type\":\"ImageObject\",\"inLanguage\":\"tr\",\"@id\":\"https:\\\/\\\/sanmorrisbags.com\\\/tr\\\/#\\\/schema\\\/logo\\\/image\\\/\",\"url\":\"https:\\\/\\\/sanmorrisbags.com\\\/wp-content\\\/uploads\\\/2023\\\/02\\\/Logo-new.png\",\"contentUrl\":\"https:\\\/\\\/sanmorrisbags.com\\\/wp-content\\\/uploads\\\/2023\\\/02\\\/Logo-new.png\",\"width\":1000,\"height\":1000,\"caption\":\"Sanmorris Bags\"},\"image\":{\"@id\":\"https:\\\/\\\/sanmorrisbags.com\\\/tr\\\/#\\\/schema\\\/logo\\\/image\\\/\"},\"sameAs\":[\"https:\\\/\\\/www.facebook.com\\\/sanmorrisbags\",\"https:\\\/\\\/x.com\\\/sanmorrisbag\",\"https:\\\/\\\/www.instagram.com\\\/sanmorrisbag\\\/\"]}]}<\/script>\n<meta property=\"product:price:amount\" content=\"0.00\" \/>\n<meta property=\"product:price:currency\" content=\"TRY\" \/>\n<meta property=\"og:availability\" content=\"instock\" \/>\n<meta property=\"product:availability\" content=\"instock\" \/>\n<meta property=\"product:condition\" content=\"new\" \/>\n<!-- \/ Yoast SEO Premium plugin. -->","yoast_head_json":{"title":"Sanmorris su ge\u00e7irmez diz\u00fcst\u00fc bilgisayar s\u0131rt \u00e7antas\u0131","description":"Sanmorris su ge\u00e7irmez diz\u00fcst\u00fc bilgisayar s\u0131rt \u00e7antas\u0131. Bu y\u00fcksek kaliteli s\u0131rt \u00e7antas\u0131, temel ihtiya\u00e7lar\u0131n\u0131z i\u00e7in geni\u015f alan sunan d\u00f6rt ba\u011f\u0131ms\u0131z fermuarl\u0131 b\u00f6lmeye sahiptir","robots":{"index":"index","follow":"follow","max-snippet":"max-snippet:-1","max-image-preview":"max-image-preview:large","max-video-preview":"max-video-preview:-1"},"canonical":"https:\/\/sanmorrisbags.com\/tr\/product\/kod-5000\/","og_locale":"tr_TR","og_type":"article","og_title":"Kod: 5000","og_description":"Sanmorris su ge\u00e7irmez diz\u00fcst\u00fc bilgisayar s\u0131rt \u00e7antas\u0131. Bu y\u00fcksek kaliteli s\u0131rt \u00e7antas\u0131, temel ihtiya\u00e7lar\u0131n\u0131z i\u00e7in geni\u015f alan sunan d\u00f6rt ba\u011f\u0131ms\u0131z fermuarl\u0131 b\u00f6lmeye sahiptir","og_url":"https:\/\/sanmorrisbags.com\/tr\/product\/kod-5000\/","og_site_name":"Sanmorris Bags","article_publisher":"https:\/\/www.facebook.com\/sanmorrisbags","og_image":[{"width":1200,"height":1800,"url":"https:\/\/sanmorrisbags.com\/wp-content\/uploads\/2024\/10\/97-1.jpg","type":"image\/jpeg"}],"twitter_card":"summary_large_image","twitter_site":"@sanmorrisbag","twitter_misc":{"Fiyat":"&#8378;0,00","Durumu":"Stokta var"},"schema":{"@context":"https:\/\/schema.org","@graph":[{"@type":"WebPage","@id":"https:\/\/sanmorrisbags.com\/tr\/product\/kod-5000\/","url":"https:\/\/sanmorrisbags.com\/tr\/product\/kod-5000\/","name":"Sanmorris su ge\u00e7irmez diz\u00fcst\u00fc bilgisayar s\u0131rt \u00e7antas\u0131","isPartOf":{"@id":"https:\/\/sanmorrisbags.com\/tr\/#website"},"datePublished":"2024-10-06T22:42:06+00:00","description":"Sanmorris su ge\u00e7irmez diz\u00fcst\u00fc bilgisayar s\u0131rt \u00e7antas\u0131. Bu y\u00fcksek kaliteli s\u0131rt \u00e7antas\u0131, temel ihtiya\u00e7lar\u0131n\u0131z i\u00e7in geni\u015f alan sunan d\u00f6rt ba\u011f\u0131ms\u0131z fermuarl\u0131 b\u00f6lmeye sahiptir","breadcrumb":{"@id":"https:\/\/sanmorrisbags.com\/tr\/product\/kod-5000\/#breadcrumb"},"inLanguage":"tr","potentialAction":[{"@type":"ReadAction","target":["https:\/\/sanmorrisbags.com\/tr\/product\/kod-5000\/"]}]},{"@type":"BreadcrumbList","@id":"https:\/\/sanmorrisbags.com\/tr\/product\/kod-5000\/#breadcrumb","itemListElement":[{"@type":"ListItem","position":1,"name":"Home","item":"https:\/\/sanmorrisbags.com\/tr\/home\/"},{"@type":"ListItem","position":2,"name":"Shop","item":"https:\/\/sanmorrisbags.com\/shop\/"},{"@type":"ListItem","position":3,"name":"Kod: 5000"}]},{"@type":"WebSite","@id":"https:\/\/sanmorrisbags.com\/tr\/#website","url":"https:\/\/sanmorrisbags.com\/tr\/","name":"Sanmorris Bags","description":"","publisher":{"@id":"https:\/\/sanmorrisbags.com\/tr\/#organization"},"potentialAction":[{"@type":"SearchAction","target":{"@type":"EntryPoint","urlTemplate":"https:\/\/sanmorrisbags.com\/tr\/?s={search_term_string}"},"query-input":{"@type":"PropertyValueSpecification","valueRequired":true,"valueName":"search_term_string"}}],"inLanguage":"tr"},{"@type":"Organization","@id":"https:\/\/sanmorrisbags.com\/tr\/#organization","name":"Sanmorris Bags","url":"https:\/\/sanmorrisbags.com\/tr\/","logo":{"@type":"ImageObject","inLanguage":"tr","@id":"https:\/\/sanmorrisbags.com\/tr\/#\/schema\/logo\/image\/","url":"https:\/\/sanmorrisbags.com\/wp-content\/uploads\/2023\/02\/Logo-new.png","contentUrl":"https:\/\/sanmorrisbags.com\/wp-content\/uploads\/2023\/02\/Logo-new.png","width":1000,"height":1000,"caption":"Sanmorris Bags"},"image":{"@id":"https:\/\/sanmorrisbags.com\/tr\/#\/schema\/logo\/image\/"},"sameAs":["https:\/\/www.facebook.com\/sanmorrisbags","https:\/\/x.com\/sanmorrisbag","https:\/\/www.instagram.com\/sanmorrisbag\/"]}]},"product_price_amount":"0.00","product_price_currency":"TRY","og_availability":"instock","product_availability":"instock","product_condition":"new"},"_links":{"self":[{"href":"https:\/\/sanmorrisbags.com\/tr\/wp-json\/wp\/v2\/product\/20699","targetHints":{"allow":["GET"]}}],"collection":[{"href":"https:\/\/sanmorrisbags.com\/tr\/wp-json\/wp\/v2\/product"}],"about":[{"href":"https:\/\/sanmorrisbags.com\/tr\/wp-json\/wp\/v2\/types\/product"}],"replies":[{"embeddable":true,"href":"https:\/\/sanmorrisbags.com\/tr\/wp-json\/wp\/v2\/comments?post=20699"}],"wp:attachment":[{"href":"https:\/\/sanmorrisbags.com\/tr\/wp-json\/wp\/v2\/media?parent=20699"}],"wp:term":[{"taxonomy":"product_brand","embeddable":true,"href":"https:\/\/sanmorrisbags.com\/tr\/wp-json\/wp\/v2\/product_brand?post=20699"},{"taxonomy":"product_cat","embeddable":true,"href":"https:\/\/sanmorrisbags.com\/tr\/wp-json\/wp\/v2\/product_cat?post=20699"},{"taxonomy":"product_tag","embeddable":true,"href":"https:\/\/sanmorrisbags.com\/tr\/wp-json\/wp\/v2\/product_tag?post=20699"}],"curies":[{"name":"wp","href":"https:\/\/api.w.org\/{rel}","templated":true}]}}