{"id":20700,"date":"2024-10-06T22:42:06","date_gmt":"2024-10-06T22:42:06","guid":{"rendered":"https:\/\/sanmorrisbags.com\/product\/kod-5001\/"},"modified":"2024-10-06T22:42:06","modified_gmt":"2024-10-06T22:42:06","slug":"kod-5001","status":"publish","type":"product","link":"https:\/\/sanmorrisbags.com\/tr\/product\/kod-5001\/","title":{"rendered":"Kod: 5001"},"content":{"rendered":"<p><span style=\"font-weight: 400;\">Sanmorris Marka B\u00f6lmeli Su Ge\u00e7irmez Diz\u00fcst\u00fc Bilgisayar S\u0131rt \u00c7antas\u0131<\/span><\/p>\n<p><span style=\"font-weight: 400;\">D\u00f6rt ba\u011f\u0131ms\u0131z fermuarl\u0131 b\u00f6lmeye sahip Sanmorris markal\u0131 su ge\u00e7irmez diz\u00fcst\u00fc bilgisayar s\u0131rt \u00e7antam\u0131z\u0131 tan\u0131t\u0131yoruz. \u00c7ok say\u0131da k\u00fc\u00e7\u00fck ve b\u00fcy\u00fck i\u00e7 ceple bu s\u0131rt \u00e7antas\u0131, i\u015f, seyahat veya okul i\u00e7in ihtiyac\u0131n\u0131z olan her \u015feyi ta\u015f\u0131yabilir. Ask\u0131lar ve diki\u015fler dayan\u0131kl\u0131l\u0131k i\u00e7in tasarlanm\u0131\u015ft\u0131r ve y\u00fcksek kaliteyi garanti eder.  <\/span><\/p>\n<p><span style=\"font-weight: 400;\">Birinci s\u0131n\u0131f su ge\u00e7irmez kuma\u015ftan, astardan ve aksesuarlardan \u00fcretilen her i\u00e7 b\u00f6lme tamamen astarl\u0131d\u0131r. Ana b\u00f6lme, ek d\u00fczenleme i\u00e7in birden fazla i\u00e7 cebe a\u00e7\u0131l\u0131r.  <\/span><\/p>\n<p><span style=\"font-weight: 400;\">Diz\u00fcst\u00fc bilgisayar b\u00f6l\u00fcm\u00fc, cihaz\u0131n\u0131z\u0131 olas\u0131 hasarlardan korumak i\u00e7in g\u00fc\u00e7lendirilmi\u015ftir. Arka k\u0131s\u0131m, yumu\u015fak bir d\u0131\u015f katman\u0131, geli\u015fmi\u015f konfor i\u00e7in koruyucu bir i\u00e7 astarla birle\u015ftirerek ergonomik olarak tasarlanm\u0131\u015ft\u0131r.  <\/span><\/p>\n<p><span style=\"font-weight: 400;\">Yanlarda, esnek malzemeden yap\u0131lm\u0131\u015f bir file aksesuar cebi ve bir su \u015fi\u015fesi cebi bulacaks\u0131n\u0131z. Ayr\u0131ca, bir g\u00fc\u00e7 bankas\u0131ndan h\u0131zl\u0131 mobil \u015farj i\u00e7in bir USB \u00e7\u0131k\u0131\u015f\u0131 da var. <\/span><\/p>\n<p><span style=\"font-weight: 400;\">Bu s\u0131rt \u00e7antas\u0131 yeti\u015fkinler ve ortaokul ve lise \u00f6\u011frencileri i\u00e7in uygundur. \u00dcr\u00fcn, malzeme ve \u00fcretim hatalar\u0131na kar\u015f\u0131 bir y\u0131ll\u0131k garantiyle birlikte gelir. Temizlemek i\u00e7in nemli bir bez kullan\u0131n; makinede y\u0131kamay\u0131n veya g\u00fc\u00e7l\u00fc kimyasal temizleyiciler kullanmay\u0131n. Bu \u00fcr\u00fcn t\u00fcm sa\u011fl\u0131k testlerinden ba\u015far\u0131yla ge\u00e7mi\u015ftir.   <\/span><\/p>\n","protected":false},"excerpt":{"rendered":"<p>Sanmorris Marka B\u00f6lmeli Su Ge\u00e7irmez Diz\u00fcst\u00fc Bilgisayar S\u0131rt \u00c7antas\u0131 D\u00f6rt ba\u011f\u0131ms\u0131z fermuarl\u0131 b\u00f6lmeye sahip Sanmorris markal\u0131 su ge\u00e7irmez diz\u00fcst\u00fc bilgisayar s\u0131rt \u00e7antam\u0131z\u0131 tan\u0131t\u0131yoruz. \u00c7ok say\u0131da k\u00fc\u00e7\u00fck ve b\u00fcy\u00fck i\u00e7 ceple bu s\u0131rt \u00e7antas\u0131, i\u015f, seyahat veya okul i\u00e7in ihtiyac\u0131n\u0131z olan her \u015feyi ta\u015f\u0131yabilir. Ask\u0131lar ve diki\u015fler dayan\u0131kl\u0131l\u0131k i\u00e7in tasarlanm\u0131\u015ft\u0131r ve y\u00fcksek kaliteyi garanti eder. Birinci [&hellip;]<\/p>\n","protected":false},"featured_media":19572,"comment_status":"closed","ping_status":"closed","template":"","meta":[],"product_brand":[],"product_cat":[61],"product_tag":[],"class_list":{"0":"post-20700","1":"product","2":"type-product","3":"status-publish","4":"has-post-thumbnail","6":"product_cat-backpack-tr","7":"pa_color-gri","8":"pa_color-lacivert","9":"pa_color-siyah","10":"pa_color-yesil","12":"first","13":"instock","14":"shipping-taxable","15":"purchasable","16":"product-type-variable","17":"wvs-archive-product-wrapper"},"yoast_head":"<!-- This site is optimized with the Yoast SEO Premium plugin v25.4 (Yoast SEO v27.4) - https:\/\/yoast.com\/product\/yoast-seo-premium-wordpress\/ -->\n<title>B\u00f6lmeli su ge\u00e7irmez diz\u00fcst\u00fc bilgisayar s\u0131rt \u00e7antas\u0131<\/title>\n<meta name=\"description\" content=\"B\u00f6lmeli su ge\u00e7irmez diz\u00fcst\u00fc bilgisayar s\u0131rt \u00e7antas\u0131. Birinci s\u0131n\u0131f su ge\u00e7irmez kuma\u015ftan, astardan ve USB \u00e7\u0131k\u0131\u015fl\u0131 aksesuarlardan yap\u0131lm\u0131\u015ft\u0131r\" \/>\n<meta name=\"robots\" content=\"index, follow, max-snippet:-1, max-image-preview:large, max-video-preview:-1\" \/>\n<link rel=\"canonical\" href=\"https:\/\/sanmorrisbags.com\/tr\/product\/kod-5001\/\" \/>\n<meta property=\"og:locale\" content=\"tr_TR\" \/>\n<meta property=\"og:type\" content=\"article\" \/>\n<meta property=\"og:title\" content=\"Kod: 5001\" \/>\n<meta property=\"og:description\" content=\"B\u00f6lmeli su ge\u00e7irmez diz\u00fcst\u00fc bilgisayar s\u0131rt \u00e7antas\u0131. Birinci s\u0131n\u0131f su ge\u00e7irmez kuma\u015ftan, astardan ve USB \u00e7\u0131k\u0131\u015fl\u0131 aksesuarlardan yap\u0131lm\u0131\u015ft\u0131r\" \/>\n<meta property=\"og:url\" content=\"https:\/\/sanmorrisbags.com\/tr\/product\/kod-5001\/\" \/>\n<meta property=\"og:site_name\" content=\"Sanmorris Bags\" \/>\n<meta property=\"article:publisher\" content=\"https:\/\/www.facebook.com\/sanmorrisbags\" \/>\n<meta property=\"og:image\" content=\"https:\/\/sanmorrisbags.com\/wp-content\/uploads\/2024\/10\/86.jpg\" \/>\n\t<meta property=\"og:image:width\" content=\"1200\" \/>\n\t<meta property=\"og:image:height\" content=\"1800\" \/>\n\t<meta property=\"og:image:type\" content=\"image\/jpeg\" \/>\n<meta name=\"twitter:card\" content=\"summary_large_image\" \/>\n<meta name=\"twitter:site\" content=\"@sanmorrisbag\" \/>\n<meta name=\"twitter:label1\" content=\"Durumu\" \/>\n\t<meta name=\"twitter:data1\" content=\"Stokta var\" \/>\n<script type=\"application\/ld+json\" class=\"yoast-schema-graph\">{\"@context\":\"https:\\\/\\\/schema.org\",\"@graph\":[{\"@type\":\"WebPage\",\"@id\":\"https:\\\/\\\/sanmorrisbags.com\\\/tr\\\/product\\\/kod-5001\\\/\",\"url\":\"https:\\\/\\\/sanmorrisbags.com\\\/tr\\\/product\\\/kod-5001\\\/\",\"name\":\"B\u00f6lmeli su ge\u00e7irmez diz\u00fcst\u00fc bilgisayar s\u0131rt \u00e7antas\u0131\",\"isPartOf\":{\"@id\":\"https:\\\/\\\/sanmorrisbags.com\\\/tr\\\/#website\"},\"primaryImageOfPage\":{\"@id\":\"https:\\\/\\\/sanmorrisbags.com\\\/tr\\\/product\\\/kod-5001\\\/#primaryimage\"},\"image\":{\"@id\":\"https:\\\/\\\/sanmorrisbags.com\\\/tr\\\/product\\\/kod-5001\\\/#primaryimage\"},\"thumbnailUrl\":\"https:\\\/\\\/sanmorrisbags.com\\\/wp-content\\\/uploads\\\/2024\\\/10\\\/86.jpg\",\"datePublished\":\"2024-10-06T22:42:06+00:00\",\"description\":\"B\u00f6lmeli su ge\u00e7irmez diz\u00fcst\u00fc bilgisayar s\u0131rt \u00e7antas\u0131. Birinci s\u0131n\u0131f su ge\u00e7irmez kuma\u015ftan, astardan ve USB \u00e7\u0131k\u0131\u015fl\u0131 aksesuarlardan yap\u0131lm\u0131\u015ft\u0131r\",\"breadcrumb\":{\"@id\":\"https:\\\/\\\/sanmorrisbags.com\\\/tr\\\/product\\\/kod-5001\\\/#breadcrumb\"},\"inLanguage\":\"tr\",\"potentialAction\":[{\"@type\":\"ReadAction\",\"target\":[\"https:\\\/\\\/sanmorrisbags.com\\\/tr\\\/product\\\/kod-5001\\\/\"]}]},{\"@type\":\"ImageObject\",\"inLanguage\":\"tr\",\"@id\":\"https:\\\/\\\/sanmorrisbags.com\\\/tr\\\/product\\\/kod-5001\\\/#primaryimage\",\"url\":\"https:\\\/\\\/sanmorrisbags.com\\\/wp-content\\\/uploads\\\/2024\\\/10\\\/86.jpg\",\"contentUrl\":\"https:\\\/\\\/sanmorrisbags.com\\\/wp-content\\\/uploads\\\/2024\\\/10\\\/86.jpg\",\"width\":1200,\"height\":1800,\"caption\":\"Sanmorris waterproof laptop backpack with four compartments\"},{\"@type\":\"BreadcrumbList\",\"@id\":\"https:\\\/\\\/sanmorrisbags.com\\\/tr\\\/product\\\/kod-5001\\\/#breadcrumb\",\"itemListElement\":[{\"@type\":\"ListItem\",\"position\":1,\"name\":\"Home\",\"item\":\"https:\\\/\\\/sanmorrisbags.com\\\/tr\\\/home\\\/\"},{\"@type\":\"ListItem\",\"position\":2,\"name\":\"Shop\",\"item\":\"https:\\\/\\\/sanmorrisbags.com\\\/shop\\\/\"},{\"@type\":\"ListItem\",\"position\":3,\"name\":\"Kod: 5001\"}]},{\"@type\":\"WebSite\",\"@id\":\"https:\\\/\\\/sanmorrisbags.com\\\/tr\\\/#website\",\"url\":\"https:\\\/\\\/sanmorrisbags.com\\\/tr\\\/\",\"name\":\"Sanmorris Bags\",\"description\":\"\",\"publisher\":{\"@id\":\"https:\\\/\\\/sanmorrisbags.com\\\/tr\\\/#organization\"},\"potentialAction\":[{\"@type\":\"SearchAction\",\"target\":{\"@type\":\"EntryPoint\",\"urlTemplate\":\"https:\\\/\\\/sanmorrisbags.com\\\/tr\\\/?s={search_term_string}\"},\"query-input\":{\"@type\":\"PropertyValueSpecification\",\"valueRequired\":true,\"valueName\":\"search_term_string\"}}],\"inLanguage\":\"tr\"},{\"@type\":\"Organization\",\"@id\":\"https:\\\/\\\/sanmorrisbags.com\\\/tr\\\/#organization\",\"name\":\"Sanmorris Bags\",\"url\":\"https:\\\/\\\/sanmorrisbags.com\\\/tr\\\/\",\"logo\":{\"@type\":\"ImageObject\",\"inLanguage\":\"tr\",\"@id\":\"https:\\\/\\\/sanmorrisbags.com\\\/tr\\\/#\\\/schema\\\/logo\\\/image\\\/\",\"url\":\"https:\\\/\\\/sanmorrisbags.com\\\/wp-content\\\/uploads\\\/2023\\\/02\\\/Logo-new.png\",\"contentUrl\":\"https:\\\/\\\/sanmorrisbags.com\\\/wp-content\\\/uploads\\\/2023\\\/02\\\/Logo-new.png\",\"width\":1000,\"height\":1000,\"caption\":\"Sanmorris Bags\"},\"image\":{\"@id\":\"https:\\\/\\\/sanmorrisbags.com\\\/tr\\\/#\\\/schema\\\/logo\\\/image\\\/\"},\"sameAs\":[\"https:\\\/\\\/www.facebook.com\\\/sanmorrisbags\",\"https:\\\/\\\/x.com\\\/sanmorrisbag\",\"https:\\\/\\\/www.instagram.com\\\/sanmorrisbag\\\/\"]}]}<\/script>\n<meta property=\"og:availability\" content=\"instock\" \/>\n<meta property=\"product:availability\" content=\"instock\" \/>\n<meta property=\"product:condition\" content=\"new\" \/>\n<!-- \/ Yoast SEO Premium plugin. -->","yoast_head_json":{"title":"B\u00f6lmeli su ge\u00e7irmez diz\u00fcst\u00fc bilgisayar s\u0131rt \u00e7antas\u0131","description":"B\u00f6lmeli su ge\u00e7irmez diz\u00fcst\u00fc bilgisayar s\u0131rt \u00e7antas\u0131. Birinci s\u0131n\u0131f su ge\u00e7irmez kuma\u015ftan, astardan ve USB \u00e7\u0131k\u0131\u015fl\u0131 aksesuarlardan yap\u0131lm\u0131\u015ft\u0131r","robots":{"index":"index","follow":"follow","max-snippet":"max-snippet:-1","max-image-preview":"max-image-preview:large","max-video-preview":"max-video-preview:-1"},"canonical":"https:\/\/sanmorrisbags.com\/tr\/product\/kod-5001\/","og_locale":"tr_TR","og_type":"article","og_title":"Kod: 5001","og_description":"B\u00f6lmeli su ge\u00e7irmez diz\u00fcst\u00fc bilgisayar s\u0131rt \u00e7antas\u0131. Birinci s\u0131n\u0131f su ge\u00e7irmez kuma\u015ftan, astardan ve USB \u00e7\u0131k\u0131\u015fl\u0131 aksesuarlardan yap\u0131lm\u0131\u015ft\u0131r","og_url":"https:\/\/sanmorrisbags.com\/tr\/product\/kod-5001\/","og_site_name":"Sanmorris Bags","article_publisher":"https:\/\/www.facebook.com\/sanmorrisbags","og_image":[{"width":1200,"height":1800,"url":"https:\/\/sanmorrisbags.com\/wp-content\/uploads\/2024\/10\/86.jpg","type":"image\/jpeg"}],"twitter_card":"summary_large_image","twitter_site":"@sanmorrisbag","twitter_misc":{"Durumu":"Stokta var"},"schema":{"@context":"https:\/\/schema.org","@graph":[{"@type":"WebPage","@id":"https:\/\/sanmorrisbags.com\/tr\/product\/kod-5001\/","url":"https:\/\/sanmorrisbags.com\/tr\/product\/kod-5001\/","name":"B\u00f6lmeli su ge\u00e7irmez diz\u00fcst\u00fc bilgisayar s\u0131rt \u00e7antas\u0131","isPartOf":{"@id":"https:\/\/sanmorrisbags.com\/tr\/#website"},"primaryImageOfPage":{"@id":"https:\/\/sanmorrisbags.com\/tr\/product\/kod-5001\/#primaryimage"},"image":{"@id":"https:\/\/sanmorrisbags.com\/tr\/product\/kod-5001\/#primaryimage"},"thumbnailUrl":"https:\/\/sanmorrisbags.com\/wp-content\/uploads\/2024\/10\/86.jpg","datePublished":"2024-10-06T22:42:06+00:00","description":"B\u00f6lmeli su ge\u00e7irmez diz\u00fcst\u00fc bilgisayar s\u0131rt \u00e7antas\u0131. Birinci s\u0131n\u0131f su ge\u00e7irmez kuma\u015ftan, astardan ve USB \u00e7\u0131k\u0131\u015fl\u0131 aksesuarlardan yap\u0131lm\u0131\u015ft\u0131r","breadcrumb":{"@id":"https:\/\/sanmorrisbags.com\/tr\/product\/kod-5001\/#breadcrumb"},"inLanguage":"tr","potentialAction":[{"@type":"ReadAction","target":["https:\/\/sanmorrisbags.com\/tr\/product\/kod-5001\/"]}]},{"@type":"ImageObject","inLanguage":"tr","@id":"https:\/\/sanmorrisbags.com\/tr\/product\/kod-5001\/#primaryimage","url":"https:\/\/sanmorrisbags.com\/wp-content\/uploads\/2024\/10\/86.jpg","contentUrl":"https:\/\/sanmorrisbags.com\/wp-content\/uploads\/2024\/10\/86.jpg","width":1200,"height":1800,"caption":"Sanmorris waterproof laptop backpack with four compartments"},{"@type":"BreadcrumbList","@id":"https:\/\/sanmorrisbags.com\/tr\/product\/kod-5001\/#breadcrumb","itemListElement":[{"@type":"ListItem","position":1,"name":"Home","item":"https:\/\/sanmorrisbags.com\/tr\/home\/"},{"@type":"ListItem","position":2,"name":"Shop","item":"https:\/\/sanmorrisbags.com\/shop\/"},{"@type":"ListItem","position":3,"name":"Kod: 5001"}]},{"@type":"WebSite","@id":"https:\/\/sanmorrisbags.com\/tr\/#website","url":"https:\/\/sanmorrisbags.com\/tr\/","name":"Sanmorris Bags","description":"","publisher":{"@id":"https:\/\/sanmorrisbags.com\/tr\/#organization"},"potentialAction":[{"@type":"SearchAction","target":{"@type":"EntryPoint","urlTemplate":"https:\/\/sanmorrisbags.com\/tr\/?s={search_term_string}"},"query-input":{"@type":"PropertyValueSpecification","valueRequired":true,"valueName":"search_term_string"}}],"inLanguage":"tr"},{"@type":"Organization","@id":"https:\/\/sanmorrisbags.com\/tr\/#organization","name":"Sanmorris Bags","url":"https:\/\/sanmorrisbags.com\/tr\/","logo":{"@type":"ImageObject","inLanguage":"tr","@id":"https:\/\/sanmorrisbags.com\/tr\/#\/schema\/logo\/image\/","url":"https:\/\/sanmorrisbags.com\/wp-content\/uploads\/2023\/02\/Logo-new.png","contentUrl":"https:\/\/sanmorrisbags.com\/wp-content\/uploads\/2023\/02\/Logo-new.png","width":1000,"height":1000,"caption":"Sanmorris Bags"},"image":{"@id":"https:\/\/sanmorrisbags.com\/tr\/#\/schema\/logo\/image\/"},"sameAs":["https:\/\/www.facebook.com\/sanmorrisbags","https:\/\/x.com\/sanmorrisbag","https:\/\/www.instagram.com\/sanmorrisbag\/"]}]},"og_availability":"instock","product_availability":"instock","product_condition":"new"},"_links":{"self":[{"href":"https:\/\/sanmorrisbags.com\/tr\/wp-json\/wp\/v2\/product\/20700","targetHints":{"allow":["GET"]}}],"collection":[{"href":"https:\/\/sanmorrisbags.com\/tr\/wp-json\/wp\/v2\/product"}],"about":[{"href":"https:\/\/sanmorrisbags.com\/tr\/wp-json\/wp\/v2\/types\/product"}],"replies":[{"embeddable":true,"href":"https:\/\/sanmorrisbags.com\/tr\/wp-json\/wp\/v2\/comments?post=20700"}],"wp:featuredmedia":[{"embeddable":true,"href":"https:\/\/sanmorrisbags.com\/tr\/wp-json\/wp\/v2\/media\/19572"}],"wp:attachment":[{"href":"https:\/\/sanmorrisbags.com\/tr\/wp-json\/wp\/v2\/media?parent=20700"}],"wp:term":[{"taxonomy":"product_brand","embeddable":true,"href":"https:\/\/sanmorrisbags.com\/tr\/wp-json\/wp\/v2\/product_brand?post=20700"},{"taxonomy":"product_cat","embeddable":true,"href":"https:\/\/sanmorrisbags.com\/tr\/wp-json\/wp\/v2\/product_cat?post=20700"},{"taxonomy":"product_tag","embeddable":true,"href":"https:\/\/sanmorrisbags.com\/tr\/wp-json\/wp\/v2\/product_tag?post=20700"}],"curies":[{"name":"wp","href":"https:\/\/api.w.org\/{rel}","templated":true}]}}