{"id":20713,"date":"2024-10-06T22:05:05","date_gmt":"2024-10-06T22:05:05","guid":{"rendered":"https:\/\/sanmorrisbags.com\/product\/kod-3019\/"},"modified":"2024-10-06T22:05:05","modified_gmt":"2024-10-06T22:05:05","slug":"kod-3019","status":"publish","type":"product","link":"https:\/\/sanmorrisbags.com\/tr\/product\/kod-3019\/","title":{"rendered":"Kod: 3019"},"content":{"rendered":"<p><strong>Sanmorris B\u00fcy\u00fck Su Ge\u00e7irmez Diz\u00fcst\u00fc Bilgisayar S\u0131rt \u00c7antas\u0131<\/strong><\/p>\n<p>Sanmorris markal\u0131 diz\u00fcst\u00fc bilgisayar b\u00f6lmeli b\u00fcy\u00fck su ge\u00e7irmez s\u0131rt \u00e7antam\u0131z \u00e7e\u015fitli renk se\u00e7enekleriyle mevcuttur.<\/p>\n<ul>\n<li><strong>Boyutlar:<\/strong>\n<ul>\n<li>Y\u00fckseklik: 46 cm<\/li>\n<li>Geni\u015flik: 30 cm<\/li>\n<li>Derinlik: 15 cm<\/li>\n<\/ul>\n<\/li>\n<\/ul>\n<p>Y\u00fcksek kaliteli su ge\u00e7irmez kuma\u015f ve astar kullan\u0131larak \u00fcretilen bu s\u0131rt \u00e7antas\u0131, \u00f6zelle\u015ftirilebilir bir uyum i\u00e7in \u00e7\u0131kar\u0131labilir aksesuarlar ve ayarlanabilir omuz ask\u0131lar\u0131 i\u00e7erir. Okul veya seyahat i\u00e7in m\u00fckemmeldir ve arka ask\u0131s\u0131n\u0131 kullanarak tekerlekli bagaj\u0131n\u0131za kolayca takabilirsiniz. Yan cepler termos ta\u015f\u0131mak i\u00e7in tasarlanm\u0131\u015ft\u0131r, \u00f6n ve arkadaki ek cepler ise e\u015fyalar\u0131n\u0131z i\u00e7in g\u00fcvenli bir depolama alan\u0131 sa\u011flar. \u0130\u00e7erisinde hem fermuarl\u0131 hem de a\u00e7\u0131k cepler bulunan bu s\u0131rt \u00e7antas\u0131yla k\u00fc\u00e7\u00fck e\u015fyalar\u0131n\u0131z\u0131 g\u00fcvenli ve rahat bir \u015fekilde d\u00fczenleyebilirsiniz. Diz\u00fcst\u00fc bilgisayar b\u00f6lmesi b\u00fcy\u00fck diz\u00fcst\u00fc bilgisayarlar i\u00e7in yeterince geni\u015ftir. \u00dcstteki tutamak, elle kolayca ta\u015f\u0131may\u0131 sa\u011flar ve son iki resimde lacivert ve mavi renkte detayl\u0131 i\u00e7 mekan foto\u011fraflar\u0131 mevcuttur.<\/p>\n","protected":false},"excerpt":{"rendered":"<p>Sanmorris B\u00fcy\u00fck Su Ge\u00e7irmez Diz\u00fcst\u00fc Bilgisayar S\u0131rt \u00c7antas\u0131 Sanmorris markal\u0131 diz\u00fcst\u00fc bilgisayar b\u00f6lmeli b\u00fcy\u00fck su ge\u00e7irmez s\u0131rt \u00e7antam\u0131z \u00e7e\u015fitli renk se\u00e7enekleriyle mevcuttur. Boyutlar: Y\u00fckseklik: 46 cm Geni\u015flik: 30 cm Derinlik: 15 cm Y\u00fcksek kaliteli su ge\u00e7irmez kuma\u015f ve astar kullan\u0131larak \u00fcretilen bu s\u0131rt \u00e7antas\u0131, \u00f6zelle\u015ftirilebilir bir uyum i\u00e7in \u00e7\u0131kar\u0131labilir aksesuarlar ve ayarlanabilir omuz ask\u0131lar\u0131 i\u00e7erir. [&hellip;]<\/p>\n","protected":false},"featured_media":0,"comment_status":"closed","ping_status":"closed","template":"","meta":[],"product_brand":[],"product_cat":[61],"product_tag":[],"class_list":{"0":"post-20713","1":"product","2":"type-product","3":"status-publish","5":"product_cat-backpack-tr","7":"first","8":"instock","9":"shipping-taxable","10":"purchasable","11":"product-type-variable","12":"wvs-archive-product-wrapper"},"yoast_head":"<!-- This site is optimized with the Yoast SEO Premium plugin v25.4 (Yoast SEO v27.4) - https:\/\/yoast.com\/product\/yoast-seo-premium-wordpress\/ -->\n<title>b\u00fcy\u00fck su ge\u00e7irmez s\u0131rt \u00e7antas\u0131<\/title>\n<meta name=\"description\" content=\"Sanmorris markal\u0131 diz\u00fcst\u00fc bilgisayar b\u00f6lmeli b\u00fcy\u00fck su ge\u00e7irmez s\u0131rt \u00e7antas\u0131 \u00e7e\u015fitli renk se\u00e7enekleriyle mevcuttur. Okul veya seyahat i\u00e7in m\u00fckemmeldir\" \/>\n<meta name=\"robots\" content=\"index, follow, max-snippet:-1, max-image-preview:large, max-video-preview:-1\" \/>\n<link rel=\"canonical\" href=\"https:\/\/sanmorrisbags.com\/tr\/product\/kod-3019\/\" \/>\n<meta property=\"og:locale\" content=\"tr_TR\" \/>\n<meta property=\"og:type\" content=\"article\" \/>\n<meta property=\"og:title\" content=\"Kod: 3019\" \/>\n<meta property=\"og:description\" content=\"Sanmorris markal\u0131 diz\u00fcst\u00fc bilgisayar b\u00f6lmeli b\u00fcy\u00fck su ge\u00e7irmez s\u0131rt \u00e7antas\u0131 \u00e7e\u015fitli renk se\u00e7enekleriyle mevcuttur. Okul veya seyahat i\u00e7in m\u00fckemmeldir\" \/>\n<meta property=\"og:url\" content=\"https:\/\/sanmorrisbags.com\/tr\/product\/kod-3019\/\" \/>\n<meta property=\"og:site_name\" content=\"Sanmorris Bags\" \/>\n<meta property=\"article:publisher\" content=\"https:\/\/www.facebook.com\/sanmorrisbags\" \/>\n<meta property=\"og:image\" content=\"https:\/\/sanmorrisbags.com\/wp-content\/uploads\/2024\/10\/DSC_3881.jpg\" \/>\n\t<meta property=\"og:image:width\" content=\"1200\" \/>\n\t<meta property=\"og:image:height\" content=\"1800\" \/>\n\t<meta property=\"og:image:type\" content=\"image\/jpeg\" \/>\n<meta name=\"twitter:card\" content=\"summary_large_image\" \/>\n<meta name=\"twitter:site\" content=\"@sanmorrisbag\" \/>\n<meta name=\"twitter:label1\" content=\"Durumu\" \/>\n\t<meta name=\"twitter:data1\" content=\"Stokta var\" \/>\n<script type=\"application\/ld+json\" class=\"yoast-schema-graph\">{\"@context\":\"https:\\\/\\\/schema.org\",\"@graph\":[{\"@type\":\"WebPage\",\"@id\":\"https:\\\/\\\/sanmorrisbags.com\\\/tr\\\/product\\\/kod-3019\\\/\",\"url\":\"https:\\\/\\\/sanmorrisbags.com\\\/tr\\\/product\\\/kod-3019\\\/\",\"name\":\"b\u00fcy\u00fck su ge\u00e7irmez s\u0131rt \u00e7antas\u0131\",\"isPartOf\":{\"@id\":\"https:\\\/\\\/sanmorrisbags.com\\\/tr\\\/#website\"},\"datePublished\":\"2024-10-06T22:05:05+00:00\",\"description\":\"Sanmorris markal\u0131 diz\u00fcst\u00fc bilgisayar b\u00f6lmeli b\u00fcy\u00fck su ge\u00e7irmez s\u0131rt \u00e7antas\u0131 \u00e7e\u015fitli renk se\u00e7enekleriyle mevcuttur. Okul veya seyahat i\u00e7in m\u00fckemmeldir\",\"breadcrumb\":{\"@id\":\"https:\\\/\\\/sanmorrisbags.com\\\/tr\\\/product\\\/kod-3019\\\/#breadcrumb\"},\"inLanguage\":\"tr\",\"potentialAction\":[{\"@type\":\"ReadAction\",\"target\":[\"https:\\\/\\\/sanmorrisbags.com\\\/tr\\\/product\\\/kod-3019\\\/\"]}]},{\"@type\":\"BreadcrumbList\",\"@id\":\"https:\\\/\\\/sanmorrisbags.com\\\/tr\\\/product\\\/kod-3019\\\/#breadcrumb\",\"itemListElement\":[{\"@type\":\"ListItem\",\"position\":1,\"name\":\"Home\",\"item\":\"https:\\\/\\\/sanmorrisbags.com\\\/tr\\\/home\\\/\"},{\"@type\":\"ListItem\",\"position\":2,\"name\":\"Shop\",\"item\":\"https:\\\/\\\/sanmorrisbags.com\\\/shop\\\/\"},{\"@type\":\"ListItem\",\"position\":3,\"name\":\"Kod: 3019\"}]},{\"@type\":\"WebSite\",\"@id\":\"https:\\\/\\\/sanmorrisbags.com\\\/tr\\\/#website\",\"url\":\"https:\\\/\\\/sanmorrisbags.com\\\/tr\\\/\",\"name\":\"Sanmorris Bags\",\"description\":\"\",\"publisher\":{\"@id\":\"https:\\\/\\\/sanmorrisbags.com\\\/tr\\\/#organization\"},\"potentialAction\":[{\"@type\":\"SearchAction\",\"target\":{\"@type\":\"EntryPoint\",\"urlTemplate\":\"https:\\\/\\\/sanmorrisbags.com\\\/tr\\\/?s={search_term_string}\"},\"query-input\":{\"@type\":\"PropertyValueSpecification\",\"valueRequired\":true,\"valueName\":\"search_term_string\"}}],\"inLanguage\":\"tr\"},{\"@type\":\"Organization\",\"@id\":\"https:\\\/\\\/sanmorrisbags.com\\\/tr\\\/#organization\",\"name\":\"Sanmorris Bags\",\"url\":\"https:\\\/\\\/sanmorrisbags.com\\\/tr\\\/\",\"logo\":{\"@type\":\"ImageObject\",\"inLanguage\":\"tr\",\"@id\":\"https:\\\/\\\/sanmorrisbags.com\\\/tr\\\/#\\\/schema\\\/logo\\\/image\\\/\",\"url\":\"https:\\\/\\\/sanmorrisbags.com\\\/wp-content\\\/uploads\\\/2023\\\/02\\\/Logo-new.png\",\"contentUrl\":\"https:\\\/\\\/sanmorrisbags.com\\\/wp-content\\\/uploads\\\/2023\\\/02\\\/Logo-new.png\",\"width\":1000,\"height\":1000,\"caption\":\"Sanmorris Bags\"},\"image\":{\"@id\":\"https:\\\/\\\/sanmorrisbags.com\\\/tr\\\/#\\\/schema\\\/logo\\\/image\\\/\"},\"sameAs\":[\"https:\\\/\\\/www.facebook.com\\\/sanmorrisbags\",\"https:\\\/\\\/x.com\\\/sanmorrisbag\",\"https:\\\/\\\/www.instagram.com\\\/sanmorrisbag\\\/\"]}]}<\/script>\n<meta property=\"og:availability\" content=\"instock\" \/>\n<meta property=\"product:availability\" content=\"instock\" \/>\n<meta property=\"product:condition\" content=\"new\" \/>\n<!-- \/ Yoast SEO Premium plugin. -->","yoast_head_json":{"title":"b\u00fcy\u00fck su ge\u00e7irmez s\u0131rt \u00e7antas\u0131","description":"Sanmorris markal\u0131 diz\u00fcst\u00fc bilgisayar b\u00f6lmeli b\u00fcy\u00fck su ge\u00e7irmez s\u0131rt \u00e7antas\u0131 \u00e7e\u015fitli renk se\u00e7enekleriyle mevcuttur. Okul veya seyahat i\u00e7in m\u00fckemmeldir","robots":{"index":"index","follow":"follow","max-snippet":"max-snippet:-1","max-image-preview":"max-image-preview:large","max-video-preview":"max-video-preview:-1"},"canonical":"https:\/\/sanmorrisbags.com\/tr\/product\/kod-3019\/","og_locale":"tr_TR","og_type":"article","og_title":"Kod: 3019","og_description":"Sanmorris markal\u0131 diz\u00fcst\u00fc bilgisayar b\u00f6lmeli b\u00fcy\u00fck su ge\u00e7irmez s\u0131rt \u00e7antas\u0131 \u00e7e\u015fitli renk se\u00e7enekleriyle mevcuttur. Okul veya seyahat i\u00e7in m\u00fckemmeldir","og_url":"https:\/\/sanmorrisbags.com\/tr\/product\/kod-3019\/","og_site_name":"Sanmorris Bags","article_publisher":"https:\/\/www.facebook.com\/sanmorrisbags","og_image":[{"width":1200,"height":1800,"url":"https:\/\/sanmorrisbags.com\/wp-content\/uploads\/2024\/10\/DSC_3881.jpg","type":"image\/jpeg"}],"twitter_card":"summary_large_image","twitter_site":"@sanmorrisbag","twitter_misc":{"Durumu":"Stokta var"},"schema":{"@context":"https:\/\/schema.org","@graph":[{"@type":"WebPage","@id":"https:\/\/sanmorrisbags.com\/tr\/product\/kod-3019\/","url":"https:\/\/sanmorrisbags.com\/tr\/product\/kod-3019\/","name":"b\u00fcy\u00fck su ge\u00e7irmez s\u0131rt \u00e7antas\u0131","isPartOf":{"@id":"https:\/\/sanmorrisbags.com\/tr\/#website"},"datePublished":"2024-10-06T22:05:05+00:00","description":"Sanmorris markal\u0131 diz\u00fcst\u00fc bilgisayar b\u00f6lmeli b\u00fcy\u00fck su ge\u00e7irmez s\u0131rt \u00e7antas\u0131 \u00e7e\u015fitli renk se\u00e7enekleriyle mevcuttur. Okul veya seyahat i\u00e7in m\u00fckemmeldir","breadcrumb":{"@id":"https:\/\/sanmorrisbags.com\/tr\/product\/kod-3019\/#breadcrumb"},"inLanguage":"tr","potentialAction":[{"@type":"ReadAction","target":["https:\/\/sanmorrisbags.com\/tr\/product\/kod-3019\/"]}]},{"@type":"BreadcrumbList","@id":"https:\/\/sanmorrisbags.com\/tr\/product\/kod-3019\/#breadcrumb","itemListElement":[{"@type":"ListItem","position":1,"name":"Home","item":"https:\/\/sanmorrisbags.com\/tr\/home\/"},{"@type":"ListItem","position":2,"name":"Shop","item":"https:\/\/sanmorrisbags.com\/shop\/"},{"@type":"ListItem","position":3,"name":"Kod: 3019"}]},{"@type":"WebSite","@id":"https:\/\/sanmorrisbags.com\/tr\/#website","url":"https:\/\/sanmorrisbags.com\/tr\/","name":"Sanmorris Bags","description":"","publisher":{"@id":"https:\/\/sanmorrisbags.com\/tr\/#organization"},"potentialAction":[{"@type":"SearchAction","target":{"@type":"EntryPoint","urlTemplate":"https:\/\/sanmorrisbags.com\/tr\/?s={search_term_string}"},"query-input":{"@type":"PropertyValueSpecification","valueRequired":true,"valueName":"search_term_string"}}],"inLanguage":"tr"},{"@type":"Organization","@id":"https:\/\/sanmorrisbags.com\/tr\/#organization","name":"Sanmorris Bags","url":"https:\/\/sanmorrisbags.com\/tr\/","logo":{"@type":"ImageObject","inLanguage":"tr","@id":"https:\/\/sanmorrisbags.com\/tr\/#\/schema\/logo\/image\/","url":"https:\/\/sanmorrisbags.com\/wp-content\/uploads\/2023\/02\/Logo-new.png","contentUrl":"https:\/\/sanmorrisbags.com\/wp-content\/uploads\/2023\/02\/Logo-new.png","width":1000,"height":1000,"caption":"Sanmorris Bags"},"image":{"@id":"https:\/\/sanmorrisbags.com\/tr\/#\/schema\/logo\/image\/"},"sameAs":["https:\/\/www.facebook.com\/sanmorrisbags","https:\/\/x.com\/sanmorrisbag","https:\/\/www.instagram.com\/sanmorrisbag\/"]}]},"og_availability":"instock","product_availability":"instock","product_condition":"new"},"_links":{"self":[{"href":"https:\/\/sanmorrisbags.com\/tr\/wp-json\/wp\/v2\/product\/20713","targetHints":{"allow":["GET"]}}],"collection":[{"href":"https:\/\/sanmorrisbags.com\/tr\/wp-json\/wp\/v2\/product"}],"about":[{"href":"https:\/\/sanmorrisbags.com\/tr\/wp-json\/wp\/v2\/types\/product"}],"replies":[{"embeddable":true,"href":"https:\/\/sanmorrisbags.com\/tr\/wp-json\/wp\/v2\/comments?post=20713"}],"wp:attachment":[{"href":"https:\/\/sanmorrisbags.com\/tr\/wp-json\/wp\/v2\/media?parent=20713"}],"wp:term":[{"taxonomy":"product_brand","embeddable":true,"href":"https:\/\/sanmorrisbags.com\/tr\/wp-json\/wp\/v2\/product_brand?post=20713"},{"taxonomy":"product_cat","embeddable":true,"href":"https:\/\/sanmorrisbags.com\/tr\/wp-json\/wp\/v2\/product_cat?post=20713"},{"taxonomy":"product_tag","embeddable":true,"href":"https:\/\/sanmorrisbags.com\/tr\/wp-json\/wp\/v2\/product_tag?post=20713"}],"curies":[{"name":"wp","href":"https:\/\/api.w.org\/{rel}","templated":true}]}}