{"id":20726,"date":"2024-10-06T22:03:16","date_gmt":"2024-10-06T22:03:16","guid":{"rendered":"https:\/\/sanmorrisbags.com\/product\/kod-3016\/"},"modified":"2024-10-21T11:29:19","modified_gmt":"2024-10-21T11:29:19","slug":"kod-3016","status":"publish","type":"product","link":"https:\/\/sanmorrisbags.com\/tr\/product\/kod-3016\/","title":{"rendered":"Kod: 3016"},"content":{"rendered":"<p><strong>Sanmorris Navy Diz\u00fcst\u00fc Bilgisayar S\u0131rt \u00c7antas\u0131<\/strong><\/p>\n<p>Sanmorris markal\u0131 diz\u00fcst\u00fc bilgisayar b\u00f6lmeli b\u00fcy\u00fck su ge\u00e7irmez s\u0131rt \u00e7antam\u0131z \u00e7e\u015fitli renk se\u00e7enekleriyle mevcuttur.<\/p>\n<ul>\n<li><strong>Boyutlar:<\/strong>\n<ul>\n<li>Y\u00fckseklik: 46 cm<\/li>\n<li>Geni\u015flik: 30,5 cm<\/li>\n<li>Derinlik: 15,5 cm<\/li>\n<\/ul>\n<\/li>\n<\/ul>\n<p>Bu s\u0131rt \u00e7antas\u0131 \u00e7\u0131kar\u0131labilir aksesuarlara ve su \u015fi\u015felerini ta\u015f\u0131mak i\u00e7in m\u00fckemmel olan yan ceplere sahiptir. Bavul ask\u0131s\u0131, kolay ta\u015f\u0131ma i\u00e7in onu tekerlekli valizinize takman\u0131za olanak tan\u0131r. \u00d6n ve arkada bulunan k\u00fc\u00e7\u00fck ceplerle aksesuarlar\u0131n\u0131z\u0131 rahat\u00e7a saklayabilirsiniz. Ayr\u0131ca, ek g\u00fcvenlik i\u00e7in i\u00e7eride gizli bir fermuarl\u0131 b\u00f6lme bulunur. \u00dcstteki sap, elde ta\u015f\u0131may\u0131 kolayla\u015ft\u0131r\u0131rken, ayarlanabilir omuz ask\u0131lar\u0131, uyumu tercihinize g\u00f6re \u00f6zelle\u015ftirmenizi sa\u011flar. Ayr\u0131nt\u0131l\u0131 i\u00e7 foto\u011fraflar son iki resimde koyu gri renkte mevcuttur. Bu s\u0131rt \u00e7antas\u0131 hem okul hem de seyahat kullan\u0131m\u0131 i\u00e7in idealdir. <\/p>\n","protected":false},"excerpt":{"rendered":"<p>Sanmorris Navy Diz\u00fcst\u00fc Bilgisayar S\u0131rt \u00c7antas\u0131 Sanmorris markal\u0131 diz\u00fcst\u00fc bilgisayar b\u00f6lmeli b\u00fcy\u00fck su ge\u00e7irmez s\u0131rt \u00e7antam\u0131z \u00e7e\u015fitli renk se\u00e7enekleriyle mevcuttur. Boyutlar: Y\u00fckseklik: 46 cm Geni\u015flik: 30,5 cm Derinlik: 15,5 cm Bu s\u0131rt \u00e7antas\u0131 \u00e7\u0131kar\u0131labilir aksesuarlara ve su \u015fi\u015felerini ta\u015f\u0131mak i\u00e7in m\u00fckemmel olan yan ceplere sahiptir. Bavul ask\u0131s\u0131, kolay ta\u015f\u0131ma i\u00e7in onu tekerlekli valizinize takman\u0131za olanak [&hellip;]<\/p>\n","protected":false},"featured_media":19994,"comment_status":"closed","ping_status":"closed","template":"","meta":[],"product_brand":[],"product_cat":[61],"product_tag":[],"class_list":{"0":"post-20726","1":"product","2":"type-product","3":"status-publish","4":"has-post-thumbnail","6":"product_cat-backpack-tr","7":"pa_color-acik-gri","8":"pa_color-gri","9":"pa_color-haki","10":"pa_color-koyu-gri","11":"pa_color-kum","12":"pa_color-lacivert","13":"pa_color-mavi","14":"pa_color-siyah","16":"first","17":"instock","18":"shipping-taxable","19":"purchasable","20":"product-type-variable","21":"wvs-archive-product-wrapper"},"yoast_head":"<!-- This site is optimized with the Yoast SEO Premium plugin v25.4 (Yoast SEO v27.6) - https:\/\/yoast.com\/product\/yoast-seo-premium-wordpress\/ -->\n<title>Sanmorris Navy Diz\u00fcst\u00fc Bilgisayar S\u0131rt \u00c7antas\u0131<\/title>\n<meta name=\"description\" content=\"Sanmorris Navy Laptop s\u0131rt \u00e7antas\u0131. Bu s\u0131rt \u00e7antas\u0131nda \u00e7\u0131kar\u0131labilir aksesuarlar ve su \u015fi\u015felerini ta\u015f\u0131mak i\u00e7in m\u00fckemmel olan yan cepler bulunur.\" \/>\n<meta name=\"robots\" content=\"index, follow, max-snippet:-1, max-image-preview:large, max-video-preview:-1\" \/>\n<link rel=\"canonical\" href=\"https:\/\/sanmorrisbags.com\/tr\/product\/kod-3016\/\" \/>\n<meta property=\"og:locale\" content=\"tr_TR\" \/>\n<meta property=\"og:type\" content=\"article\" \/>\n<meta property=\"og:title\" content=\"Kod: 3016\" \/>\n<meta property=\"og:description\" content=\"Sanmorris Navy Laptop s\u0131rt \u00e7antas\u0131. Bu s\u0131rt \u00e7antas\u0131nda \u00e7\u0131kar\u0131labilir aksesuarlar ve su \u015fi\u015felerini ta\u015f\u0131mak i\u00e7in m\u00fckemmel olan yan cepler bulunur.\" \/>\n<meta property=\"og:url\" content=\"https:\/\/sanmorrisbags.com\/tr\/product\/kod-3016\/\" \/>\n<meta property=\"og:site_name\" content=\"Sanmorris Bags\" \/>\n<meta property=\"article:publisher\" content=\"https:\/\/www.facebook.com\/sanmorrisbags\" \/>\n<meta property=\"article:modified_time\" content=\"2024-10-21T11:29:19+00:00\" \/>\n<meta property=\"og:image\" content=\"https:\/\/sanmorrisbags.com\/wp-content\/uploads\/2024\/10\/DSC_3763.jpg\" \/>\n\t<meta property=\"og:image:width\" content=\"1200\" \/>\n\t<meta property=\"og:image:height\" content=\"1800\" \/>\n\t<meta property=\"og:image:type\" content=\"image\/jpeg\" \/>\n<meta name=\"twitter:card\" content=\"summary_large_image\" \/>\n<meta name=\"twitter:site\" content=\"@sanmorrisbag\" \/>\n<meta name=\"twitter:label1\" content=\"Durumu\" \/>\n\t<meta name=\"twitter:data1\" content=\"Stokta var\" \/>\n<script type=\"application\/ld+json\" class=\"yoast-schema-graph\">{\"@context\":\"https:\\\/\\\/schema.org\",\"@graph\":[{\"@type\":\"WebPage\",\"@id\":\"https:\\\/\\\/sanmorrisbags.com\\\/tr\\\/product\\\/kod-3016\\\/\",\"url\":\"https:\\\/\\\/sanmorrisbags.com\\\/tr\\\/product\\\/kod-3016\\\/\",\"name\":\"Sanmorris Navy Diz\u00fcst\u00fc Bilgisayar S\u0131rt \u00c7antas\u0131\",\"isPartOf\":{\"@id\":\"https:\\\/\\\/sanmorrisbags.com\\\/tr\\\/#website\"},\"primaryImageOfPage\":{\"@id\":\"https:\\\/\\\/sanmorrisbags.com\\\/tr\\\/product\\\/kod-3016\\\/#primaryimage\"},\"image\":{\"@id\":\"https:\\\/\\\/sanmorrisbags.com\\\/tr\\\/product\\\/kod-3016\\\/#primaryimage\"},\"thumbnailUrl\":\"https:\\\/\\\/sanmorrisbags.com\\\/wp-content\\\/uploads\\\/2024\\\/10\\\/DSC_3763.jpg\",\"datePublished\":\"2024-10-06T22:03:16+00:00\",\"dateModified\":\"2024-10-21T11:29:19+00:00\",\"description\":\"Sanmorris Navy Laptop s\u0131rt \u00e7antas\u0131. Bu s\u0131rt \u00e7antas\u0131nda \u00e7\u0131kar\u0131labilir aksesuarlar ve su \u015fi\u015felerini ta\u015f\u0131mak i\u00e7in m\u00fckemmel olan yan cepler bulunur.\",\"breadcrumb\":{\"@id\":\"https:\\\/\\\/sanmorrisbags.com\\\/tr\\\/product\\\/kod-3016\\\/#breadcrumb\"},\"inLanguage\":\"tr\",\"potentialAction\":[{\"@type\":\"ReadAction\",\"target\":[\"https:\\\/\\\/sanmorrisbags.com\\\/tr\\\/product\\\/kod-3016\\\/\"]}]},{\"@type\":\"ImageObject\",\"inLanguage\":\"tr\",\"@id\":\"https:\\\/\\\/sanmorrisbags.com\\\/tr\\\/product\\\/kod-3016\\\/#primaryimage\",\"url\":\"https:\\\/\\\/sanmorrisbags.com\\\/wp-content\\\/uploads\\\/2024\\\/10\\\/DSC_3763.jpg\",\"contentUrl\":\"https:\\\/\\\/sanmorrisbags.com\\\/wp-content\\\/uploads\\\/2024\\\/10\\\/DSC_3763.jpg\",\"width\":1200,\"height\":1800,\"caption\":\"Sanmorris Navy Laptop bagpack\"},{\"@type\":\"BreadcrumbList\",\"@id\":\"https:\\\/\\\/sanmorrisbags.com\\\/tr\\\/product\\\/kod-3016\\\/#breadcrumb\",\"itemListElement\":[{\"@type\":\"ListItem\",\"position\":1,\"name\":\"Home\",\"item\":\"https:\\\/\\\/sanmorrisbags.com\\\/tr\\\/home\\\/\"},{\"@type\":\"ListItem\",\"position\":2,\"name\":\"Shop\",\"item\":\"https:\\\/\\\/sanmorrisbags.com\\\/shop\\\/\"},{\"@type\":\"ListItem\",\"position\":3,\"name\":\"Kod: 3016\"}]},{\"@type\":\"WebSite\",\"@id\":\"https:\\\/\\\/sanmorrisbags.com\\\/tr\\\/#website\",\"url\":\"https:\\\/\\\/sanmorrisbags.com\\\/tr\\\/\",\"name\":\"Sanmorris Bags\",\"description\":\"\",\"publisher\":{\"@id\":\"https:\\\/\\\/sanmorrisbags.com\\\/tr\\\/#organization\"},\"potentialAction\":[{\"@type\":\"SearchAction\",\"target\":{\"@type\":\"EntryPoint\",\"urlTemplate\":\"https:\\\/\\\/sanmorrisbags.com\\\/tr\\\/?s={search_term_string}\"},\"query-input\":{\"@type\":\"PropertyValueSpecification\",\"valueRequired\":true,\"valueName\":\"search_term_string\"}}],\"inLanguage\":\"tr\"},{\"@type\":\"Organization\",\"@id\":\"https:\\\/\\\/sanmorrisbags.com\\\/tr\\\/#organization\",\"name\":\"Sanmorris Bags\",\"url\":\"https:\\\/\\\/sanmorrisbags.com\\\/tr\\\/\",\"logo\":{\"@type\":\"ImageObject\",\"inLanguage\":\"tr\",\"@id\":\"https:\\\/\\\/sanmorrisbags.com\\\/tr\\\/#\\\/schema\\\/logo\\\/image\\\/\",\"url\":\"https:\\\/\\\/sanmorrisbags.com\\\/wp-content\\\/uploads\\\/2023\\\/02\\\/Logo-new.png\",\"contentUrl\":\"https:\\\/\\\/sanmorrisbags.com\\\/wp-content\\\/uploads\\\/2023\\\/02\\\/Logo-new.png\",\"width\":1000,\"height\":1000,\"caption\":\"Sanmorris Bags\"},\"image\":{\"@id\":\"https:\\\/\\\/sanmorrisbags.com\\\/tr\\\/#\\\/schema\\\/logo\\\/image\\\/\"},\"sameAs\":[\"https:\\\/\\\/www.facebook.com\\\/sanmorrisbags\",\"https:\\\/\\\/x.com\\\/sanmorrisbag\",\"https:\\\/\\\/www.instagram.com\\\/sanmorrisbag\\\/\"]}]}<\/script>\n<meta property=\"og:availability\" content=\"instock\" \/>\n<meta property=\"product:availability\" content=\"instock\" \/>\n<meta property=\"product:condition\" content=\"new\" \/>\n<!-- \/ Yoast SEO Premium plugin. -->","yoast_head_json":{"title":"Sanmorris Navy Diz\u00fcst\u00fc Bilgisayar S\u0131rt \u00c7antas\u0131","description":"Sanmorris Navy Laptop s\u0131rt \u00e7antas\u0131. Bu s\u0131rt \u00e7antas\u0131nda \u00e7\u0131kar\u0131labilir aksesuarlar ve su \u015fi\u015felerini ta\u015f\u0131mak i\u00e7in m\u00fckemmel olan yan cepler bulunur.","robots":{"index":"index","follow":"follow","max-snippet":"max-snippet:-1","max-image-preview":"max-image-preview:large","max-video-preview":"max-video-preview:-1"},"canonical":"https:\/\/sanmorrisbags.com\/tr\/product\/kod-3016\/","og_locale":"tr_TR","og_type":"article","og_title":"Kod: 3016","og_description":"Sanmorris Navy Laptop s\u0131rt \u00e7antas\u0131. Bu s\u0131rt \u00e7antas\u0131nda \u00e7\u0131kar\u0131labilir aksesuarlar ve su \u015fi\u015felerini ta\u015f\u0131mak i\u00e7in m\u00fckemmel olan yan cepler bulunur.","og_url":"https:\/\/sanmorrisbags.com\/tr\/product\/kod-3016\/","og_site_name":"Sanmorris Bags","article_publisher":"https:\/\/www.facebook.com\/sanmorrisbags","article_modified_time":"2024-10-21T11:29:19+00:00","og_image":[{"width":1200,"height":1800,"url":"https:\/\/sanmorrisbags.com\/wp-content\/uploads\/2024\/10\/DSC_3763.jpg","type":"image\/jpeg"}],"twitter_card":"summary_large_image","twitter_site":"@sanmorrisbag","twitter_misc":{"Durumu":"Stokta var"},"schema":{"@context":"https:\/\/schema.org","@graph":[{"@type":"WebPage","@id":"https:\/\/sanmorrisbags.com\/tr\/product\/kod-3016\/","url":"https:\/\/sanmorrisbags.com\/tr\/product\/kod-3016\/","name":"Sanmorris Navy Diz\u00fcst\u00fc Bilgisayar S\u0131rt \u00c7antas\u0131","isPartOf":{"@id":"https:\/\/sanmorrisbags.com\/tr\/#website"},"primaryImageOfPage":{"@id":"https:\/\/sanmorrisbags.com\/tr\/product\/kod-3016\/#primaryimage"},"image":{"@id":"https:\/\/sanmorrisbags.com\/tr\/product\/kod-3016\/#primaryimage"},"thumbnailUrl":"https:\/\/sanmorrisbags.com\/wp-content\/uploads\/2024\/10\/DSC_3763.jpg","datePublished":"2024-10-06T22:03:16+00:00","dateModified":"2024-10-21T11:29:19+00:00","description":"Sanmorris Navy Laptop s\u0131rt \u00e7antas\u0131. Bu s\u0131rt \u00e7antas\u0131nda \u00e7\u0131kar\u0131labilir aksesuarlar ve su \u015fi\u015felerini ta\u015f\u0131mak i\u00e7in m\u00fckemmel olan yan cepler bulunur.","breadcrumb":{"@id":"https:\/\/sanmorrisbags.com\/tr\/product\/kod-3016\/#breadcrumb"},"inLanguage":"tr","potentialAction":[{"@type":"ReadAction","target":["https:\/\/sanmorrisbags.com\/tr\/product\/kod-3016\/"]}]},{"@type":"ImageObject","inLanguage":"tr","@id":"https:\/\/sanmorrisbags.com\/tr\/product\/kod-3016\/#primaryimage","url":"https:\/\/sanmorrisbags.com\/wp-content\/uploads\/2024\/10\/DSC_3763.jpg","contentUrl":"https:\/\/sanmorrisbags.com\/wp-content\/uploads\/2024\/10\/DSC_3763.jpg","width":1200,"height":1800,"caption":"Sanmorris Navy Laptop bagpack"},{"@type":"BreadcrumbList","@id":"https:\/\/sanmorrisbags.com\/tr\/product\/kod-3016\/#breadcrumb","itemListElement":[{"@type":"ListItem","position":1,"name":"Home","item":"https:\/\/sanmorrisbags.com\/tr\/home\/"},{"@type":"ListItem","position":2,"name":"Shop","item":"https:\/\/sanmorrisbags.com\/shop\/"},{"@type":"ListItem","position":3,"name":"Kod: 3016"}]},{"@type":"WebSite","@id":"https:\/\/sanmorrisbags.com\/tr\/#website","url":"https:\/\/sanmorrisbags.com\/tr\/","name":"Sanmorris Bags","description":"","publisher":{"@id":"https:\/\/sanmorrisbags.com\/tr\/#organization"},"potentialAction":[{"@type":"SearchAction","target":{"@type":"EntryPoint","urlTemplate":"https:\/\/sanmorrisbags.com\/tr\/?s={search_term_string}"},"query-input":{"@type":"PropertyValueSpecification","valueRequired":true,"valueName":"search_term_string"}}],"inLanguage":"tr"},{"@type":"Organization","@id":"https:\/\/sanmorrisbags.com\/tr\/#organization","name":"Sanmorris Bags","url":"https:\/\/sanmorrisbags.com\/tr\/","logo":{"@type":"ImageObject","inLanguage":"tr","@id":"https:\/\/sanmorrisbags.com\/tr\/#\/schema\/logo\/image\/","url":"https:\/\/sanmorrisbags.com\/wp-content\/uploads\/2023\/02\/Logo-new.png","contentUrl":"https:\/\/sanmorrisbags.com\/wp-content\/uploads\/2023\/02\/Logo-new.png","width":1000,"height":1000,"caption":"Sanmorris Bags"},"image":{"@id":"https:\/\/sanmorrisbags.com\/tr\/#\/schema\/logo\/image\/"},"sameAs":["https:\/\/www.facebook.com\/sanmorrisbags","https:\/\/x.com\/sanmorrisbag","https:\/\/www.instagram.com\/sanmorrisbag\/"]}]},"og_availability":"instock","product_availability":"instock","product_condition":"new"},"_links":{"self":[{"href":"https:\/\/sanmorrisbags.com\/tr\/wp-json\/wp\/v2\/product\/20726","targetHints":{"allow":["GET"]}}],"collection":[{"href":"https:\/\/sanmorrisbags.com\/tr\/wp-json\/wp\/v2\/product"}],"about":[{"href":"https:\/\/sanmorrisbags.com\/tr\/wp-json\/wp\/v2\/types\/product"}],"replies":[{"embeddable":true,"href":"https:\/\/sanmorrisbags.com\/tr\/wp-json\/wp\/v2\/comments?post=20726"}],"wp:featuredmedia":[{"embeddable":true,"href":"https:\/\/sanmorrisbags.com\/tr\/wp-json\/wp\/v2\/media\/19994"}],"wp:attachment":[{"href":"https:\/\/sanmorrisbags.com\/tr\/wp-json\/wp\/v2\/media?parent=20726"}],"wp:term":[{"taxonomy":"product_brand","embeddable":true,"href":"https:\/\/sanmorrisbags.com\/tr\/wp-json\/wp\/v2\/product_brand?post=20726"},{"taxonomy":"product_cat","embeddable":true,"href":"https:\/\/sanmorrisbags.com\/tr\/wp-json\/wp\/v2\/product_cat?post=20726"},{"taxonomy":"product_tag","embeddable":true,"href":"https:\/\/sanmorrisbags.com\/tr\/wp-json\/wp\/v2\/product_tag?post=20726"}],"curies":[{"name":"wp","href":"https:\/\/api.w.org\/{rel}","templated":true}]}}