{"id":20735,"date":"2024-10-06T22:02:51","date_gmt":"2024-10-06T22:02:51","guid":{"rendered":"https:\/\/sanmorrisbags.com\/product\/kod-3015\/"},"modified":"2024-10-06T22:02:51","modified_gmt":"2024-10-06T22:02:51","slug":"kod-3015","status":"publish","type":"product","link":"https:\/\/sanmorrisbags.com\/tr\/product\/kod-3015\/","title":{"rendered":"Kod: 3015"},"content":{"rendered":"<p>Sanmorris markal\u0131 b\u00fcy\u00fck b\u00f6lmeli su ge\u00e7irmez s\u0131rt \u00e7antam\u0131z \u00e7e\u015fitli renk se\u00e7enekleriyle mevcuttur.<\/p>\n<ul>\n<li><strong>Boyutlar:<\/strong>\n<ul>\n<li>Y\u00fckseklik: 47 cm<\/li>\n<li>Geni\u015flik: 30 cm<\/li>\n<li>Derinlik: 20 cm<\/li>\n<\/ul>\n<\/li>\n<\/ul>\n<p>Birinci s\u0131n\u0131f su ge\u00e7irmez kuma\u015f ve astar kullan\u0131larak \u00fcretilen bu s\u0131rt \u00e7antas\u0131, ekstra rahatl\u0131k i\u00e7in \u00e7\u0131kar\u0131labilir aksesuarlara sahiptir. Ayarlanabilir omuz ask\u0131lar\u0131 istedi\u011finiz uzunlu\u011fa g\u00f6re ayarlanabilir ve bu sayede okul veya seyahat i\u00e7in m\u00fckemmeldir. \u0130ki yan cep termos ta\u015f\u0131mak i\u00e7in uygundur, i\u00e7 ve \u00f6n cepler e\u015fyalar\u0131n\u0131z\u0131 g\u00fcvenli bir \u015fekilde saklamak i\u00e7in fermuarl\u0131 cepler i\u00e7erir. \u00d6n b\u00f6lme daha k\u00fc\u00e7\u00fck e\u015fyalar i\u00e7in idealdir. Konfor ve kalite d\u00fc\u015f\u00fcn\u00fclerek tasarlanan bu s\u0131rt \u00e7antas\u0131nda, t\u00fcm g\u00fcn rahatl\u0131k i\u00e7in yast\u0131kl\u0131 bir arka panel ve g\u00fc\u00e7lendirilmi\u015f ergonomik ayarlanabilir omuz ask\u0131lar\u0131 bulunur. \u00d6zel kuma\u015f\u0131 sayesinde su ge\u00e7irmezdir ve zararl\u0131 maddeler i\u00e7ermez. \u0130\u00e7 k\u0131s\u0131mda kolay ta\u015f\u0131ma i\u00e7in \u00f6zel bir diz\u00fcst\u00fc bilgisayar b\u00f6lmesi bulunur. \u00dcr\u00fcn\u00fcn a\u00e7\u0131k gri renkli detayl\u0131 foto\u011fraflar\u0131n\u0131 inceleyebilirsiniz.<\/p>\n","protected":false},"excerpt":{"rendered":"<p>Sanmorris markal\u0131 b\u00fcy\u00fck b\u00f6lmeli su ge\u00e7irmez s\u0131rt \u00e7antam\u0131z \u00e7e\u015fitli renk se\u00e7enekleriyle mevcuttur. Boyutlar: Y\u00fckseklik: 47 cm Geni\u015flik: 30 cm Derinlik: 20 cm Birinci s\u0131n\u0131f su ge\u00e7irmez kuma\u015f ve astar kullan\u0131larak \u00fcretilen bu s\u0131rt \u00e7antas\u0131, ekstra rahatl\u0131k i\u00e7in \u00e7\u0131kar\u0131labilir aksesuarlara sahiptir. Ayarlanabilir omuz ask\u0131lar\u0131 istedi\u011finiz uzunlu\u011fa g\u00f6re ayarlanabilir ve bu sayede okul veya seyahat i\u00e7in m\u00fckemmeldir. [&hellip;]<\/p>\n","protected":false},"featured_media":20002,"comment_status":"closed","ping_status":"closed","template":"","meta":[],"product_brand":[],"product_cat":[61],"product_tag":[],"class_list":{"0":"post-20735","1":"product","2":"type-product","3":"status-publish","4":"has-post-thumbnail","6":"product_cat-backpack-tr","7":"pa_color-acik-gri","8":"pa_color-haki","9":"pa_color-koyu-gri","10":"pa_color-kum","11":"pa_color-lacivert","12":"pa_color-pembe","13":"pa_color-siyah","15":"first","16":"instock","17":"shipping-taxable","18":"purchasable","19":"product-type-variable","20":"wvs-archive-product-wrapper"},"yoast_head":"<!-- This site is optimized with the Yoast SEO Premium plugin v25.4 (Yoast SEO v27.4) - https:\/\/yoast.com\/product\/yoast-seo-premium-wordpress\/ -->\n<title>su ge\u00e7irmez s\u0131rt \u00e7antas\u0131<\/title>\n<meta name=\"description\" content=\"su ge\u00e7irmez s\u0131rt \u00e7antas\u0131 Konfor ve kalite d\u00fc\u015f\u00fcn\u00fclerek tasarlanan bu s\u0131rt \u00e7antas\u0131nda yast\u0131kl\u0131 bir arka panel ve g\u00fc\u00e7lendirilmi\u015f ergonomik ayarlanabilir omuzlar bulunur\" \/>\n<meta name=\"robots\" content=\"index, follow, max-snippet:-1, max-image-preview:large, max-video-preview:-1\" \/>\n<link rel=\"canonical\" href=\"https:\/\/sanmorrisbags.com\/tr\/product\/kod-3015\/\" \/>\n<meta property=\"og:locale\" content=\"tr_TR\" \/>\n<meta property=\"og:type\" content=\"article\" \/>\n<meta property=\"og:title\" content=\"Kod: 3015\" \/>\n<meta property=\"og:description\" content=\"su ge\u00e7irmez s\u0131rt \u00e7antas\u0131 Konfor ve kalite d\u00fc\u015f\u00fcn\u00fclerek tasarlanan bu s\u0131rt \u00e7antas\u0131nda yast\u0131kl\u0131 bir arka panel ve g\u00fc\u00e7lendirilmi\u015f ergonomik ayarlanabilir omuzlar bulunur\" \/>\n<meta property=\"og:url\" content=\"https:\/\/sanmorrisbags.com\/tr\/product\/kod-3015\/\" \/>\n<meta property=\"og:site_name\" content=\"Sanmorris Bags\" \/>\n<meta property=\"article:publisher\" content=\"https:\/\/www.facebook.com\/sanmorrisbags\" \/>\n<meta property=\"og:image\" content=\"https:\/\/sanmorrisbags.com\/wp-content\/uploads\/2024\/10\/DSC_0841.jpg\" \/>\n\t<meta property=\"og:image:width\" content=\"1200\" \/>\n\t<meta property=\"og:image:height\" content=\"1800\" \/>\n\t<meta property=\"og:image:type\" content=\"image\/jpeg\" \/>\n<meta name=\"twitter:card\" content=\"summary_large_image\" \/>\n<meta name=\"twitter:site\" content=\"@sanmorrisbag\" \/>\n<meta name=\"twitter:label1\" content=\"Durumu\" \/>\n\t<meta name=\"twitter:data1\" content=\"Stokta var\" \/>\n<script type=\"application\/ld+json\" class=\"yoast-schema-graph\">{\"@context\":\"https:\\\/\\\/schema.org\",\"@graph\":[{\"@type\":\"WebPage\",\"@id\":\"https:\\\/\\\/sanmorrisbags.com\\\/tr\\\/product\\\/kod-3015\\\/\",\"url\":\"https:\\\/\\\/sanmorrisbags.com\\\/tr\\\/product\\\/kod-3015\\\/\",\"name\":\"su ge\u00e7irmez s\u0131rt \u00e7antas\u0131\",\"isPartOf\":{\"@id\":\"https:\\\/\\\/sanmorrisbags.com\\\/tr\\\/#website\"},\"primaryImageOfPage\":{\"@id\":\"https:\\\/\\\/sanmorrisbags.com\\\/tr\\\/product\\\/kod-3015\\\/#primaryimage\"},\"image\":{\"@id\":\"https:\\\/\\\/sanmorrisbags.com\\\/tr\\\/product\\\/kod-3015\\\/#primaryimage\"},\"thumbnailUrl\":\"https:\\\/\\\/sanmorrisbags.com\\\/wp-content\\\/uploads\\\/2024\\\/10\\\/DSC_0841.jpg\",\"datePublished\":\"2024-10-06T22:02:51+00:00\",\"description\":\"su ge\u00e7irmez s\u0131rt \u00e7antas\u0131 Konfor ve kalite d\u00fc\u015f\u00fcn\u00fclerek tasarlanan bu s\u0131rt \u00e7antas\u0131nda yast\u0131kl\u0131 bir arka panel ve g\u00fc\u00e7lendirilmi\u015f ergonomik ayarlanabilir omuzlar bulunur\",\"breadcrumb\":{\"@id\":\"https:\\\/\\\/sanmorrisbags.com\\\/tr\\\/product\\\/kod-3015\\\/#breadcrumb\"},\"inLanguage\":\"tr\",\"potentialAction\":[{\"@type\":\"ReadAction\",\"target\":[\"https:\\\/\\\/sanmorrisbags.com\\\/tr\\\/product\\\/kod-3015\\\/\"]}]},{\"@type\":\"ImageObject\",\"inLanguage\":\"tr\",\"@id\":\"https:\\\/\\\/sanmorrisbags.com\\\/tr\\\/product\\\/kod-3015\\\/#primaryimage\",\"url\":\"https:\\\/\\\/sanmorrisbags.com\\\/wp-content\\\/uploads\\\/2024\\\/10\\\/DSC_0841.jpg\",\"contentUrl\":\"https:\\\/\\\/sanmorrisbags.com\\\/wp-content\\\/uploads\\\/2024\\\/10\\\/DSC_0841.jpg\",\"width\":1200,\"height\":1800,\"caption\":\"Sanmorris waterproof backpack\"},{\"@type\":\"BreadcrumbList\",\"@id\":\"https:\\\/\\\/sanmorrisbags.com\\\/tr\\\/product\\\/kod-3015\\\/#breadcrumb\",\"itemListElement\":[{\"@type\":\"ListItem\",\"position\":1,\"name\":\"Home\",\"item\":\"https:\\\/\\\/sanmorrisbags.com\\\/tr\\\/home\\\/\"},{\"@type\":\"ListItem\",\"position\":2,\"name\":\"Shop\",\"item\":\"https:\\\/\\\/sanmorrisbags.com\\\/shop\\\/\"},{\"@type\":\"ListItem\",\"position\":3,\"name\":\"Kod: 3015\"}]},{\"@type\":\"WebSite\",\"@id\":\"https:\\\/\\\/sanmorrisbags.com\\\/tr\\\/#website\",\"url\":\"https:\\\/\\\/sanmorrisbags.com\\\/tr\\\/\",\"name\":\"Sanmorris Bags\",\"description\":\"\",\"publisher\":{\"@id\":\"https:\\\/\\\/sanmorrisbags.com\\\/tr\\\/#organization\"},\"potentialAction\":[{\"@type\":\"SearchAction\",\"target\":{\"@type\":\"EntryPoint\",\"urlTemplate\":\"https:\\\/\\\/sanmorrisbags.com\\\/tr\\\/?s={search_term_string}\"},\"query-input\":{\"@type\":\"PropertyValueSpecification\",\"valueRequired\":true,\"valueName\":\"search_term_string\"}}],\"inLanguage\":\"tr\"},{\"@type\":\"Organization\",\"@id\":\"https:\\\/\\\/sanmorrisbags.com\\\/tr\\\/#organization\",\"name\":\"Sanmorris Bags\",\"url\":\"https:\\\/\\\/sanmorrisbags.com\\\/tr\\\/\",\"logo\":{\"@type\":\"ImageObject\",\"inLanguage\":\"tr\",\"@id\":\"https:\\\/\\\/sanmorrisbags.com\\\/tr\\\/#\\\/schema\\\/logo\\\/image\\\/\",\"url\":\"https:\\\/\\\/sanmorrisbags.com\\\/wp-content\\\/uploads\\\/2023\\\/02\\\/Logo-new.png\",\"contentUrl\":\"https:\\\/\\\/sanmorrisbags.com\\\/wp-content\\\/uploads\\\/2023\\\/02\\\/Logo-new.png\",\"width\":1000,\"height\":1000,\"caption\":\"Sanmorris Bags\"},\"image\":{\"@id\":\"https:\\\/\\\/sanmorrisbags.com\\\/tr\\\/#\\\/schema\\\/logo\\\/image\\\/\"},\"sameAs\":[\"https:\\\/\\\/www.facebook.com\\\/sanmorrisbags\",\"https:\\\/\\\/x.com\\\/sanmorrisbag\",\"https:\\\/\\\/www.instagram.com\\\/sanmorrisbag\\\/\"]}]}<\/script>\n<meta property=\"og:availability\" content=\"instock\" \/>\n<meta property=\"product:availability\" content=\"instock\" \/>\n<meta property=\"product:condition\" content=\"new\" \/>\n<!-- \/ Yoast SEO Premium plugin. -->","yoast_head_json":{"title":"su ge\u00e7irmez s\u0131rt \u00e7antas\u0131","description":"su ge\u00e7irmez s\u0131rt \u00e7antas\u0131 Konfor ve kalite d\u00fc\u015f\u00fcn\u00fclerek tasarlanan bu s\u0131rt \u00e7antas\u0131nda yast\u0131kl\u0131 bir arka panel ve g\u00fc\u00e7lendirilmi\u015f ergonomik ayarlanabilir omuzlar bulunur","robots":{"index":"index","follow":"follow","max-snippet":"max-snippet:-1","max-image-preview":"max-image-preview:large","max-video-preview":"max-video-preview:-1"},"canonical":"https:\/\/sanmorrisbags.com\/tr\/product\/kod-3015\/","og_locale":"tr_TR","og_type":"article","og_title":"Kod: 3015","og_description":"su ge\u00e7irmez s\u0131rt \u00e7antas\u0131 Konfor ve kalite d\u00fc\u015f\u00fcn\u00fclerek tasarlanan bu s\u0131rt \u00e7antas\u0131nda yast\u0131kl\u0131 bir arka panel ve g\u00fc\u00e7lendirilmi\u015f ergonomik ayarlanabilir omuzlar bulunur","og_url":"https:\/\/sanmorrisbags.com\/tr\/product\/kod-3015\/","og_site_name":"Sanmorris Bags","article_publisher":"https:\/\/www.facebook.com\/sanmorrisbags","og_image":[{"width":1200,"height":1800,"url":"https:\/\/sanmorrisbags.com\/wp-content\/uploads\/2024\/10\/DSC_0841.jpg","type":"image\/jpeg"}],"twitter_card":"summary_large_image","twitter_site":"@sanmorrisbag","twitter_misc":{"Durumu":"Stokta var"},"schema":{"@context":"https:\/\/schema.org","@graph":[{"@type":"WebPage","@id":"https:\/\/sanmorrisbags.com\/tr\/product\/kod-3015\/","url":"https:\/\/sanmorrisbags.com\/tr\/product\/kod-3015\/","name":"su ge\u00e7irmez s\u0131rt \u00e7antas\u0131","isPartOf":{"@id":"https:\/\/sanmorrisbags.com\/tr\/#website"},"primaryImageOfPage":{"@id":"https:\/\/sanmorrisbags.com\/tr\/product\/kod-3015\/#primaryimage"},"image":{"@id":"https:\/\/sanmorrisbags.com\/tr\/product\/kod-3015\/#primaryimage"},"thumbnailUrl":"https:\/\/sanmorrisbags.com\/wp-content\/uploads\/2024\/10\/DSC_0841.jpg","datePublished":"2024-10-06T22:02:51+00:00","description":"su ge\u00e7irmez s\u0131rt \u00e7antas\u0131 Konfor ve kalite d\u00fc\u015f\u00fcn\u00fclerek tasarlanan bu s\u0131rt \u00e7antas\u0131nda yast\u0131kl\u0131 bir arka panel ve g\u00fc\u00e7lendirilmi\u015f ergonomik ayarlanabilir omuzlar bulunur","breadcrumb":{"@id":"https:\/\/sanmorrisbags.com\/tr\/product\/kod-3015\/#breadcrumb"},"inLanguage":"tr","potentialAction":[{"@type":"ReadAction","target":["https:\/\/sanmorrisbags.com\/tr\/product\/kod-3015\/"]}]},{"@type":"ImageObject","inLanguage":"tr","@id":"https:\/\/sanmorrisbags.com\/tr\/product\/kod-3015\/#primaryimage","url":"https:\/\/sanmorrisbags.com\/wp-content\/uploads\/2024\/10\/DSC_0841.jpg","contentUrl":"https:\/\/sanmorrisbags.com\/wp-content\/uploads\/2024\/10\/DSC_0841.jpg","width":1200,"height":1800,"caption":"Sanmorris waterproof backpack"},{"@type":"BreadcrumbList","@id":"https:\/\/sanmorrisbags.com\/tr\/product\/kod-3015\/#breadcrumb","itemListElement":[{"@type":"ListItem","position":1,"name":"Home","item":"https:\/\/sanmorrisbags.com\/tr\/home\/"},{"@type":"ListItem","position":2,"name":"Shop","item":"https:\/\/sanmorrisbags.com\/shop\/"},{"@type":"ListItem","position":3,"name":"Kod: 3015"}]},{"@type":"WebSite","@id":"https:\/\/sanmorrisbags.com\/tr\/#website","url":"https:\/\/sanmorrisbags.com\/tr\/","name":"Sanmorris Bags","description":"","publisher":{"@id":"https:\/\/sanmorrisbags.com\/tr\/#organization"},"potentialAction":[{"@type":"SearchAction","target":{"@type":"EntryPoint","urlTemplate":"https:\/\/sanmorrisbags.com\/tr\/?s={search_term_string}"},"query-input":{"@type":"PropertyValueSpecification","valueRequired":true,"valueName":"search_term_string"}}],"inLanguage":"tr"},{"@type":"Organization","@id":"https:\/\/sanmorrisbags.com\/tr\/#organization","name":"Sanmorris Bags","url":"https:\/\/sanmorrisbags.com\/tr\/","logo":{"@type":"ImageObject","inLanguage":"tr","@id":"https:\/\/sanmorrisbags.com\/tr\/#\/schema\/logo\/image\/","url":"https:\/\/sanmorrisbags.com\/wp-content\/uploads\/2023\/02\/Logo-new.png","contentUrl":"https:\/\/sanmorrisbags.com\/wp-content\/uploads\/2023\/02\/Logo-new.png","width":1000,"height":1000,"caption":"Sanmorris Bags"},"image":{"@id":"https:\/\/sanmorrisbags.com\/tr\/#\/schema\/logo\/image\/"},"sameAs":["https:\/\/www.facebook.com\/sanmorrisbags","https:\/\/x.com\/sanmorrisbag","https:\/\/www.instagram.com\/sanmorrisbag\/"]}]},"og_availability":"instock","product_availability":"instock","product_condition":"new"},"_links":{"self":[{"href":"https:\/\/sanmorrisbags.com\/tr\/wp-json\/wp\/v2\/product\/20735","targetHints":{"allow":["GET"]}}],"collection":[{"href":"https:\/\/sanmorrisbags.com\/tr\/wp-json\/wp\/v2\/product"}],"about":[{"href":"https:\/\/sanmorrisbags.com\/tr\/wp-json\/wp\/v2\/types\/product"}],"replies":[{"embeddable":true,"href":"https:\/\/sanmorrisbags.com\/tr\/wp-json\/wp\/v2\/comments?post=20735"}],"wp:featuredmedia":[{"embeddable":true,"href":"https:\/\/sanmorrisbags.com\/tr\/wp-json\/wp\/v2\/media\/20002"}],"wp:attachment":[{"href":"https:\/\/sanmorrisbags.com\/tr\/wp-json\/wp\/v2\/media?parent=20735"}],"wp:term":[{"taxonomy":"product_brand","embeddable":true,"href":"https:\/\/sanmorrisbags.com\/tr\/wp-json\/wp\/v2\/product_brand?post=20735"},{"taxonomy":"product_cat","embeddable":true,"href":"https:\/\/sanmorrisbags.com\/tr\/wp-json\/wp\/v2\/product_cat?post=20735"},{"taxonomy":"product_tag","embeddable":true,"href":"https:\/\/sanmorrisbags.com\/tr\/wp-json\/wp\/v2\/product_tag?post=20735"}],"curies":[{"name":"wp","href":"https:\/\/api.w.org\/{rel}","templated":true}]}}