{"id":20754,"date":"2024-10-06T22:01:11","date_gmt":"2024-10-06T22:01:11","guid":{"rendered":"https:\/\/sanmorrisbags.com\/product\/kod-3013\/"},"modified":"2024-10-06T22:01:11","modified_gmt":"2024-10-06T22:01:11","slug":"kod-3013","status":"publish","type":"product","link":"https:\/\/sanmorrisbags.com\/tr\/product\/kod-3013\/","title":{"rendered":"Kod: 3013"},"content":{"rendered":"<h3>Sanmorris B\u00fcy\u00fck Su Ge\u00e7irmez S\u0131rt \u00c7antas\u0131 Diz\u00fcst\u00fc Bilgisayar B\u00f6lmeli<\/h3>\n<p>Sanmorris b\u00fcy\u00fck su ge\u00e7irmez s\u0131rt \u00e7antas\u0131n\u0131 tan\u0131t\u0131yoruz, \u00f6zel bir diz\u00fcst\u00fc bilgisayar b\u00f6lmesi ve \u00e7e\u015fitli renklerde mevcuttur. Bu \u00e7ok y\u00f6nl\u00fc \u00e7anta okul veya seyahat i\u00e7in m\u00fckemmeldir. <\/p>\n<p><strong>\u00dcr\u00fcn \u00d6zellikleri:<\/strong><\/p>\n<ul>\n<li><strong>D\u0131\u015f Cepler<\/strong>: Kolay d\u00fczenleme i\u00e7in alt\u0131 adet ba\u011f\u0131ms\u0131z fermuarl\u0131 cep.<\/li>\n<li><strong>\u0130\u00e7 B\u00f6lmeler<\/strong>: \u00d6nemli e\u015fyalar\u0131n\u0131z i\u00e7in k\u00fc\u00e7\u00fck fermuarl\u0131 ve fermuars\u0131z cepler mevcuttur.<\/li>\n<li><strong>Arka Cep<\/strong>: Ekstra g\u00fcvenlik i\u00e7in arkada fermuarl\u0131 cep.<\/li>\n<li><strong>Boyutlar:<\/strong>\n<ul>\n<li>Y\u00fckseklik: 44 cm<\/li>\n<li>Geni\u015flik: 30 cm<\/li>\n<li>Derinlik: 17 cm<\/li>\n<\/ul>\n<\/li>\n<li><strong>Kaliteli Malzeme<\/strong>: Y\u00fcksek kaliteli su ge\u00e7irmez kuma\u015f ve astar kullan\u0131larak \u00fcretilmi\u015ftir.<\/li>\n<li><strong>\u00c7\u0131kar\u0131labilir Anahtarl\u0131k Aksesuar\u0131<\/strong>: \u0130htiya\u00e7 duydu\u011funuzda kolayca tak\u0131p \u00e7\u0131karabilirsiniz.<\/li>\n<li><strong>Ayarlanabilir Omuz Ask\u0131lar\u0131:<\/strong> Konforunuza g\u00f6re uyumu \u00f6zelle\u015ftirin.<\/li>\n<\/ul>\n<p>Bu s\u0131rt \u00e7antas\u0131 g\u00fcnl\u00fck kullan\u0131m i\u00e7in idealdir, ister okul ister seyahat i\u00e7in. Son resim lacivert versiyonunun i\u00e7 detaylar\u0131n\u0131 sergiliyor. Sanmorris su ge\u00e7irmez s\u0131rt \u00e7antas\u0131yla ta\u015f\u0131ma deneyiminizi y\u00fckseltin\u2014t\u00fcm ihtiya\u00e7lar\u0131n\u0131z i\u00e7in m\u00fckemmel! <\/p>\n","protected":false},"excerpt":{"rendered":"<p>Sanmorris B\u00fcy\u00fck Su Ge\u00e7irmez S\u0131rt \u00c7antas\u0131 Diz\u00fcst\u00fc Bilgisayar B\u00f6lmeli Sanmorris b\u00fcy\u00fck su ge\u00e7irmez s\u0131rt \u00e7antas\u0131n\u0131 tan\u0131t\u0131yoruz, \u00f6zel bir diz\u00fcst\u00fc bilgisayar b\u00f6lmesi ve \u00e7e\u015fitli renklerde mevcuttur. Bu \u00e7ok y\u00f6nl\u00fc \u00e7anta okul veya seyahat i\u00e7in m\u00fckemmeldir. \u00dcr\u00fcn \u00d6zellikleri: D\u0131\u015f Cepler: Kolay d\u00fczenleme i\u00e7in alt\u0131 adet ba\u011f\u0131ms\u0131z fermuarl\u0131 cep. \u0130\u00e7 B\u00f6lmeler: \u00d6nemli e\u015fyalar\u0131n\u0131z i\u00e7in k\u00fc\u00e7\u00fck fermuarl\u0131 ve fermuars\u0131z [&hellip;]<\/p>\n","protected":false},"featured_media":20642,"comment_status":"closed","ping_status":"closed","template":"","meta":[],"product_brand":[],"product_cat":[61],"product_tag":[],"class_list":{"0":"post-20754","1":"product","2":"type-product","3":"status-publish","4":"has-post-thumbnail","6":"product_cat-backpack-tr","7":"pa_color-haki","8":"pa_color-kirmizi","9":"pa_color-koyu-gri","10":"pa_color-kum","11":"pa_color-lacivert","12":"pa_color-siyah","14":"first","15":"instock","16":"shipping-taxable","17":"purchasable","18":"product-type-variable","19":"wvs-archive-product-wrapper"},"yoast_head":"<!-- This site is optimized with the Yoast SEO Premium plugin v25.4 (Yoast SEO v27.6) - https:\/\/yoast.com\/product\/yoast-seo-premium-wordpress\/ -->\n<title>Sanmorris B\u00fcy\u00fck Diz\u00fcst\u00fc Bilgisayar S\u0131rt \u00c7antas\u0131 - Sanmorris Bags<\/title>\n<meta name=\"description\" content=\"Sanmorris B\u00fcy\u00fck Diz\u00fcst\u00fc Bilgisayar S\u0131rt \u00c7antas\u0131. Temel e\u015fyalar\u0131n\u0131z i\u00e7in k\u00fc\u00e7\u00fck fermuarl\u0131 ve fermuars\u0131z cepler i\u00e7erir. Konforunuza g\u00f6re uyumu \u00f6zelle\u015ftirin.\" \/>\n<meta name=\"robots\" content=\"index, follow, max-snippet:-1, max-image-preview:large, max-video-preview:-1\" \/>\n<link rel=\"canonical\" href=\"https:\/\/sanmorrisbags.com\/tr\/product\/kod-3013\/\" \/>\n<meta property=\"og:locale\" content=\"tr_TR\" \/>\n<meta property=\"og:type\" content=\"article\" \/>\n<meta property=\"og:title\" content=\"Kod: 3013\" \/>\n<meta property=\"og:description\" content=\"Sanmorris B\u00fcy\u00fck Diz\u00fcst\u00fc Bilgisayar S\u0131rt \u00c7antas\u0131. Temel e\u015fyalar\u0131n\u0131z i\u00e7in k\u00fc\u00e7\u00fck fermuarl\u0131 ve fermuars\u0131z cepler i\u00e7erir. Konforunuza g\u00f6re uyumu \u00f6zelle\u015ftirin.\" \/>\n<meta property=\"og:url\" content=\"https:\/\/sanmorrisbags.com\/tr\/product\/kod-3013\/\" \/>\n<meta property=\"og:site_name\" content=\"Sanmorris Bags\" \/>\n<meta property=\"article:publisher\" content=\"https:\/\/www.facebook.com\/sanmorrisbags\" \/>\n<meta property=\"og:image\" content=\"https:\/\/sanmorrisbags.com\/wp-content\/uploads\/2024\/10\/DSC_3814.jpg\" \/>\n\t<meta property=\"og:image:width\" content=\"1200\" \/>\n\t<meta property=\"og:image:height\" content=\"1800\" \/>\n\t<meta property=\"og:image:type\" content=\"image\/jpeg\" \/>\n<meta name=\"twitter:card\" content=\"summary_large_image\" \/>\n<meta name=\"twitter:site\" content=\"@sanmorrisbag\" \/>\n<meta name=\"twitter:label1\" content=\"Durumu\" \/>\n\t<meta name=\"twitter:data1\" content=\"Stokta var\" \/>\n<script type=\"application\/ld+json\" class=\"yoast-schema-graph\">{\"@context\":\"https:\\\/\\\/schema.org\",\"@graph\":[{\"@type\":\"WebPage\",\"@id\":\"https:\\\/\\\/sanmorrisbags.com\\\/tr\\\/product\\\/kod-3013\\\/\",\"url\":\"https:\\\/\\\/sanmorrisbags.com\\\/tr\\\/product\\\/kod-3013\\\/\",\"name\":\"Sanmorris B\u00fcy\u00fck Diz\u00fcst\u00fc Bilgisayar S\u0131rt \u00c7antas\u0131 - Sanmorris Bags\",\"isPartOf\":{\"@id\":\"https:\\\/\\\/sanmorrisbags.com\\\/tr\\\/#website\"},\"primaryImageOfPage\":{\"@id\":\"https:\\\/\\\/sanmorrisbags.com\\\/tr\\\/product\\\/kod-3013\\\/#primaryimage\"},\"image\":{\"@id\":\"https:\\\/\\\/sanmorrisbags.com\\\/tr\\\/product\\\/kod-3013\\\/#primaryimage\"},\"thumbnailUrl\":\"https:\\\/\\\/sanmorrisbags.com\\\/wp-content\\\/uploads\\\/2024\\\/10\\\/DSC_3814.jpg\",\"datePublished\":\"2024-10-06T22:01:11+00:00\",\"description\":\"Sanmorris B\u00fcy\u00fck Diz\u00fcst\u00fc Bilgisayar S\u0131rt \u00c7antas\u0131. Temel e\u015fyalar\u0131n\u0131z i\u00e7in k\u00fc\u00e7\u00fck fermuarl\u0131 ve fermuars\u0131z cepler i\u00e7erir. Konforunuza g\u00f6re uyumu \u00f6zelle\u015ftirin.\",\"breadcrumb\":{\"@id\":\"https:\\\/\\\/sanmorrisbags.com\\\/tr\\\/product\\\/kod-3013\\\/#breadcrumb\"},\"inLanguage\":\"tr\",\"potentialAction\":[{\"@type\":\"ReadAction\",\"target\":[\"https:\\\/\\\/sanmorrisbags.com\\\/tr\\\/product\\\/kod-3013\\\/\"]}]},{\"@type\":\"ImageObject\",\"inLanguage\":\"tr\",\"@id\":\"https:\\\/\\\/sanmorrisbags.com\\\/tr\\\/product\\\/kod-3013\\\/#primaryimage\",\"url\":\"https:\\\/\\\/sanmorrisbags.com\\\/wp-content\\\/uploads\\\/2024\\\/10\\\/DSC_3814.jpg\",\"contentUrl\":\"https:\\\/\\\/sanmorrisbags.com\\\/wp-content\\\/uploads\\\/2024\\\/10\\\/DSC_3814.jpg\",\"width\":1200,\"height\":1800,\"caption\":\"Sanmorris Large Laptop Backpack\"},{\"@type\":\"BreadcrumbList\",\"@id\":\"https:\\\/\\\/sanmorrisbags.com\\\/tr\\\/product\\\/kod-3013\\\/#breadcrumb\",\"itemListElement\":[{\"@type\":\"ListItem\",\"position\":1,\"name\":\"Home\",\"item\":\"https:\\\/\\\/sanmorrisbags.com\\\/tr\\\/home\\\/\"},{\"@type\":\"ListItem\",\"position\":2,\"name\":\"Shop\",\"item\":\"https:\\\/\\\/sanmorrisbags.com\\\/shop\\\/\"},{\"@type\":\"ListItem\",\"position\":3,\"name\":\"Kod: 3013\"}]},{\"@type\":\"WebSite\",\"@id\":\"https:\\\/\\\/sanmorrisbags.com\\\/tr\\\/#website\",\"url\":\"https:\\\/\\\/sanmorrisbags.com\\\/tr\\\/\",\"name\":\"Sanmorris Bags\",\"description\":\"\",\"publisher\":{\"@id\":\"https:\\\/\\\/sanmorrisbags.com\\\/tr\\\/#organization\"},\"potentialAction\":[{\"@type\":\"SearchAction\",\"target\":{\"@type\":\"EntryPoint\",\"urlTemplate\":\"https:\\\/\\\/sanmorrisbags.com\\\/tr\\\/?s={search_term_string}\"},\"query-input\":{\"@type\":\"PropertyValueSpecification\",\"valueRequired\":true,\"valueName\":\"search_term_string\"}}],\"inLanguage\":\"tr\"},{\"@type\":\"Organization\",\"@id\":\"https:\\\/\\\/sanmorrisbags.com\\\/tr\\\/#organization\",\"name\":\"Sanmorris Bags\",\"url\":\"https:\\\/\\\/sanmorrisbags.com\\\/tr\\\/\",\"logo\":{\"@type\":\"ImageObject\",\"inLanguage\":\"tr\",\"@id\":\"https:\\\/\\\/sanmorrisbags.com\\\/tr\\\/#\\\/schema\\\/logo\\\/image\\\/\",\"url\":\"https:\\\/\\\/sanmorrisbags.com\\\/wp-content\\\/uploads\\\/2023\\\/02\\\/Logo-new.png\",\"contentUrl\":\"https:\\\/\\\/sanmorrisbags.com\\\/wp-content\\\/uploads\\\/2023\\\/02\\\/Logo-new.png\",\"width\":1000,\"height\":1000,\"caption\":\"Sanmorris Bags\"},\"image\":{\"@id\":\"https:\\\/\\\/sanmorrisbags.com\\\/tr\\\/#\\\/schema\\\/logo\\\/image\\\/\"},\"sameAs\":[\"https:\\\/\\\/www.facebook.com\\\/sanmorrisbags\",\"https:\\\/\\\/x.com\\\/sanmorrisbag\",\"https:\\\/\\\/www.instagram.com\\\/sanmorrisbag\\\/\"]}]}<\/script>\n<meta property=\"og:availability\" content=\"instock\" \/>\n<meta property=\"product:availability\" content=\"instock\" \/>\n<meta property=\"product:condition\" content=\"new\" \/>\n<!-- \/ Yoast SEO Premium plugin. -->","yoast_head_json":{"title":"Sanmorris B\u00fcy\u00fck Diz\u00fcst\u00fc Bilgisayar S\u0131rt \u00c7antas\u0131 - Sanmorris Bags","description":"Sanmorris B\u00fcy\u00fck Diz\u00fcst\u00fc Bilgisayar S\u0131rt \u00c7antas\u0131. Temel e\u015fyalar\u0131n\u0131z i\u00e7in k\u00fc\u00e7\u00fck fermuarl\u0131 ve fermuars\u0131z cepler i\u00e7erir. Konforunuza g\u00f6re uyumu \u00f6zelle\u015ftirin.","robots":{"index":"index","follow":"follow","max-snippet":"max-snippet:-1","max-image-preview":"max-image-preview:large","max-video-preview":"max-video-preview:-1"},"canonical":"https:\/\/sanmorrisbags.com\/tr\/product\/kod-3013\/","og_locale":"tr_TR","og_type":"article","og_title":"Kod: 3013","og_description":"Sanmorris B\u00fcy\u00fck Diz\u00fcst\u00fc Bilgisayar S\u0131rt \u00c7antas\u0131. Temel e\u015fyalar\u0131n\u0131z i\u00e7in k\u00fc\u00e7\u00fck fermuarl\u0131 ve fermuars\u0131z cepler i\u00e7erir. Konforunuza g\u00f6re uyumu \u00f6zelle\u015ftirin.","og_url":"https:\/\/sanmorrisbags.com\/tr\/product\/kod-3013\/","og_site_name":"Sanmorris Bags","article_publisher":"https:\/\/www.facebook.com\/sanmorrisbags","og_image":[{"width":1200,"height":1800,"url":"https:\/\/sanmorrisbags.com\/wp-content\/uploads\/2024\/10\/DSC_3814.jpg","type":"image\/jpeg"}],"twitter_card":"summary_large_image","twitter_site":"@sanmorrisbag","twitter_misc":{"Durumu":"Stokta var"},"schema":{"@context":"https:\/\/schema.org","@graph":[{"@type":"WebPage","@id":"https:\/\/sanmorrisbags.com\/tr\/product\/kod-3013\/","url":"https:\/\/sanmorrisbags.com\/tr\/product\/kod-3013\/","name":"Sanmorris B\u00fcy\u00fck Diz\u00fcst\u00fc Bilgisayar S\u0131rt \u00c7antas\u0131 - Sanmorris Bags","isPartOf":{"@id":"https:\/\/sanmorrisbags.com\/tr\/#website"},"primaryImageOfPage":{"@id":"https:\/\/sanmorrisbags.com\/tr\/product\/kod-3013\/#primaryimage"},"image":{"@id":"https:\/\/sanmorrisbags.com\/tr\/product\/kod-3013\/#primaryimage"},"thumbnailUrl":"https:\/\/sanmorrisbags.com\/wp-content\/uploads\/2024\/10\/DSC_3814.jpg","datePublished":"2024-10-06T22:01:11+00:00","description":"Sanmorris B\u00fcy\u00fck Diz\u00fcst\u00fc Bilgisayar S\u0131rt \u00c7antas\u0131. Temel e\u015fyalar\u0131n\u0131z i\u00e7in k\u00fc\u00e7\u00fck fermuarl\u0131 ve fermuars\u0131z cepler i\u00e7erir. Konforunuza g\u00f6re uyumu \u00f6zelle\u015ftirin.","breadcrumb":{"@id":"https:\/\/sanmorrisbags.com\/tr\/product\/kod-3013\/#breadcrumb"},"inLanguage":"tr","potentialAction":[{"@type":"ReadAction","target":["https:\/\/sanmorrisbags.com\/tr\/product\/kod-3013\/"]}]},{"@type":"ImageObject","inLanguage":"tr","@id":"https:\/\/sanmorrisbags.com\/tr\/product\/kod-3013\/#primaryimage","url":"https:\/\/sanmorrisbags.com\/wp-content\/uploads\/2024\/10\/DSC_3814.jpg","contentUrl":"https:\/\/sanmorrisbags.com\/wp-content\/uploads\/2024\/10\/DSC_3814.jpg","width":1200,"height":1800,"caption":"Sanmorris Large Laptop Backpack"},{"@type":"BreadcrumbList","@id":"https:\/\/sanmorrisbags.com\/tr\/product\/kod-3013\/#breadcrumb","itemListElement":[{"@type":"ListItem","position":1,"name":"Home","item":"https:\/\/sanmorrisbags.com\/tr\/home\/"},{"@type":"ListItem","position":2,"name":"Shop","item":"https:\/\/sanmorrisbags.com\/shop\/"},{"@type":"ListItem","position":3,"name":"Kod: 3013"}]},{"@type":"WebSite","@id":"https:\/\/sanmorrisbags.com\/tr\/#website","url":"https:\/\/sanmorrisbags.com\/tr\/","name":"Sanmorris Bags","description":"","publisher":{"@id":"https:\/\/sanmorrisbags.com\/tr\/#organization"},"potentialAction":[{"@type":"SearchAction","target":{"@type":"EntryPoint","urlTemplate":"https:\/\/sanmorrisbags.com\/tr\/?s={search_term_string}"},"query-input":{"@type":"PropertyValueSpecification","valueRequired":true,"valueName":"search_term_string"}}],"inLanguage":"tr"},{"@type":"Organization","@id":"https:\/\/sanmorrisbags.com\/tr\/#organization","name":"Sanmorris Bags","url":"https:\/\/sanmorrisbags.com\/tr\/","logo":{"@type":"ImageObject","inLanguage":"tr","@id":"https:\/\/sanmorrisbags.com\/tr\/#\/schema\/logo\/image\/","url":"https:\/\/sanmorrisbags.com\/wp-content\/uploads\/2023\/02\/Logo-new.png","contentUrl":"https:\/\/sanmorrisbags.com\/wp-content\/uploads\/2023\/02\/Logo-new.png","width":1000,"height":1000,"caption":"Sanmorris Bags"},"image":{"@id":"https:\/\/sanmorrisbags.com\/tr\/#\/schema\/logo\/image\/"},"sameAs":["https:\/\/www.facebook.com\/sanmorrisbags","https:\/\/x.com\/sanmorrisbag","https:\/\/www.instagram.com\/sanmorrisbag\/"]}]},"og_availability":"instock","product_availability":"instock","product_condition":"new"},"_links":{"self":[{"href":"https:\/\/sanmorrisbags.com\/tr\/wp-json\/wp\/v2\/product\/20754","targetHints":{"allow":["GET"]}}],"collection":[{"href":"https:\/\/sanmorrisbags.com\/tr\/wp-json\/wp\/v2\/product"}],"about":[{"href":"https:\/\/sanmorrisbags.com\/tr\/wp-json\/wp\/v2\/types\/product"}],"replies":[{"embeddable":true,"href":"https:\/\/sanmorrisbags.com\/tr\/wp-json\/wp\/v2\/comments?post=20754"}],"wp:featuredmedia":[{"embeddable":true,"href":"https:\/\/sanmorrisbags.com\/tr\/wp-json\/wp\/v2\/media\/20642"}],"wp:attachment":[{"href":"https:\/\/sanmorrisbags.com\/tr\/wp-json\/wp\/v2\/media?parent=20754"}],"wp:term":[{"taxonomy":"product_brand","embeddable":true,"href":"https:\/\/sanmorrisbags.com\/tr\/wp-json\/wp\/v2\/product_brand?post=20754"},{"taxonomy":"product_cat","embeddable":true,"href":"https:\/\/sanmorrisbags.com\/tr\/wp-json\/wp\/v2\/product_cat?post=20754"},{"taxonomy":"product_tag","embeddable":true,"href":"https:\/\/sanmorrisbags.com\/tr\/wp-json\/wp\/v2\/product_tag?post=20754"}],"curies":[{"name":"wp","href":"https:\/\/api.w.org\/{rel}","templated":true}]}}