{"id":20765,"date":"2024-10-06T22:01:10","date_gmt":"2024-10-06T22:01:10","guid":{"rendered":"https:\/\/sanmorrisbags.com\/product\/kod-3012\/"},"modified":"2024-10-06T22:01:10","modified_gmt":"2024-10-06T22:01:10","slug":"kod-3012","status":"publish","type":"product","link":"https:\/\/sanmorrisbags.com\/tr\/product\/kod-3012\/","title":{"rendered":"Kod: 3012"},"content":{"rendered":"<p>\u00d6zel diz\u00fcst\u00fc bilgisayar b\u00f6lmesiyle tasarlanm\u0131\u015f ve \u00e7e\u015fitli \u015f\u0131k renklerde mevcut olan Sanmorris b\u00fcy\u00fck su ge\u00e7irmez s\u0131rt \u00e7antas\u0131n\u0131 ke\u015ffedin. Okul, spor veya seyahat i\u00e7in m\u00fckemmel olan bu s\u0131rt \u00e7antas\u0131, i\u015flevselli\u011fi konforla birle\u015ftirir. <\/p>\n<p><strong>\u00dcr\u00fcn \u00d6zellikleri:<\/strong><\/p>\n<ul>\n<li><strong>Boyutlar:<\/strong>\n<ul>\n<li>Y\u00fckseklik: 40 cm<\/li>\n<li>Geni\u015flik: 31 cm<\/li>\n<li>Derinlik: 15 cm<\/li>\n<\/ul>\n<\/li>\n<li><strong>\u00d6zellikler:<\/strong>\n<ul>\n<li>Ekstra rahatl\u0131k i\u00e7in \u00e7\u0131kar\u0131labilir anahtarl\u0131k aksesuar\u0131.<\/li>\n<li>Su \u015fi\u015felerini ta\u015f\u0131mak i\u00e7in ideal yan cepler.<\/li>\n<li>Bagaja kolayca tak\u0131labilmesi i\u00e7in arkada bir bavul ask\u0131s\u0131 bulunur<\/li>\n<li>\u00d6n kapakl\u0131 cep, temel ihtiya\u00e7lar\u0131n\u0131za kolayca ula\u015fman\u0131z\u0131 sa\u011flar.<\/li>\n<li>\u0130\u00e7erisinde g\u00fcvenli saklama i\u00e7in iki adet gizli b\u00f6lme bulunmaktad\u0131r.<\/li>\n<\/ul>\n<\/li>\n<\/ul>\n<p>Bu s\u0131rt \u00e7antas\u0131, 15 in\u00e7&#8217;e kadar diz\u00fcst\u00fc bilgisayarlar\u0131 bar\u0131nd\u0131r\u0131rken g\u00fcnl\u00fck temel ihtiya\u00e7lar\u0131n\u0131z\u0131 rahat\u00e7a tutmak i\u00e7in tasarlanm\u0131\u015ft\u0131r. \u00dcstteki sap, elle ta\u015f\u0131may\u0131 kolayla\u015ft\u0131r\u0131r ve ayarlanabilir omuz ask\u0131lar\u0131 ki\u015fiselle\u015ftirilmi\u015f bir uyum sa\u011flar. Daha fazla konfor i\u00e7in, dolgulu omuz ask\u0131lar\u0131 kullan\u0131m s\u0131ras\u0131nda terlemeyi \u00f6nlemek i\u00e7in tasarlanm\u0131\u015ft\u0131r. Daha yak\u0131ndan bakmak i\u00e7in son \u00fc\u00e7 g\u00f6r\u00fcnt\u00fcdeki bej renkli ayr\u0131nt\u0131l\u0131 i\u00e7 foto\u011fraflara bak\u0131n. <strong>Bak\u0131m Talimatlar\u0131:<\/strong> Nemli bir bezle kolayca temizleyin. Sanmorris b\u00fcy\u00fck su ge\u00e7irmez s\u0131rt \u00e7antas\u0131yla seyahat deneyiminizi bir \u00fcst seviyeye ta\u015f\u0131y\u0131n; her macera i\u00e7in m\u00fckemmel arkada\u015f\u0131n\u0131z! <\/p>\n","protected":false},"excerpt":{"rendered":"<p>\u00d6zel diz\u00fcst\u00fc bilgisayar b\u00f6lmesiyle tasarlanm\u0131\u015f ve \u00e7e\u015fitli \u015f\u0131k renklerde mevcut olan Sanmorris b\u00fcy\u00fck su ge\u00e7irmez s\u0131rt \u00e7antas\u0131n\u0131 ke\u015ffedin. Okul, spor veya seyahat i\u00e7in m\u00fckemmel olan bu s\u0131rt \u00e7antas\u0131, i\u015flevselli\u011fi konforla birle\u015ftirir. \u00dcr\u00fcn \u00d6zellikleri: Boyutlar: Y\u00fckseklik: 40 cm Geni\u015flik: 31 cm Derinlik: 15 cm \u00d6zellikler: Ekstra rahatl\u0131k i\u00e7in \u00e7\u0131kar\u0131labilir anahtarl\u0131k aksesuar\u0131. Su \u015fi\u015felerini ta\u015f\u0131mak i\u00e7in ideal [&hellip;]<\/p>\n","protected":false},"featured_media":20648,"comment_status":"closed","ping_status":"closed","template":"","meta":[],"product_brand":[],"product_cat":[61],"product_tag":[],"class_list":{"0":"post-20765","1":"product","2":"type-product","3":"status-publish","4":"has-post-thumbnail","6":"product_cat-backpack-tr","7":"pa_color-acik-gri","8":"pa_color-haki","9":"pa_color-koyu-gri","10":"pa_color-kum","11":"pa_color-lacivert","12":"pa_color-siyah","14":"first","15":"instock","16":"shipping-taxable","17":"purchasable","18":"product-type-variable","19":"wvs-archive-product-wrapper"},"yoast_head":"<!-- This site is optimized with the Yoast SEO Premium plugin v25.4 (Yoast SEO v27.5) - https:\/\/yoast.com\/product\/yoast-seo-premium-wordpress\/ -->\n<title>Kod: 3012 - Sanmorris Bags Sanmorris b\u00fcy\u00fck su ge\u00e7irmez s\u0131rt \u00e7antas\u0131<\/title>\n<meta name=\"description\" content=\"Sanmorris b\u00fcy\u00fck su ge\u00e7irmez s\u0131rt \u00e7antas\u0131. Sanmorris b\u00fcy\u00fck su ge\u00e7irmez s\u0131rt \u00e7antas\u0131yla seyahat deneyiminizi bir \u00fcst seviyeye ta\u015f\u0131y\u0131n; her macera i\u00e7in m\u00fckemmel arkada\u015f\u0131n\u0131z!\" \/>\n<meta name=\"robots\" content=\"index, follow, max-snippet:-1, max-image-preview:large, max-video-preview:-1\" \/>\n<link rel=\"canonical\" href=\"https:\/\/sanmorrisbags.com\/tr\/product\/kod-3012\/\" \/>\n<meta property=\"og:locale\" content=\"tr_TR\" \/>\n<meta property=\"og:type\" content=\"article\" \/>\n<meta property=\"og:title\" content=\"Kod: 3012\" \/>\n<meta property=\"og:description\" content=\"Sanmorris b\u00fcy\u00fck su ge\u00e7irmez s\u0131rt \u00e7antas\u0131. Sanmorris b\u00fcy\u00fck su ge\u00e7irmez s\u0131rt \u00e7antas\u0131yla seyahat deneyiminizi bir \u00fcst seviyeye ta\u015f\u0131y\u0131n; her macera i\u00e7in m\u00fckemmel arkada\u015f\u0131n\u0131z!\" \/>\n<meta property=\"og:url\" content=\"https:\/\/sanmorrisbags.com\/tr\/product\/kod-3012\/\" \/>\n<meta property=\"og:site_name\" content=\"Sanmorris Bags\" \/>\n<meta property=\"article:publisher\" content=\"https:\/\/www.facebook.com\/sanmorrisbags\" \/>\n<meta property=\"og:image\" content=\"https:\/\/sanmorrisbags.com\/wp-content\/uploads\/2024\/10\/DSC_4024.jpg\" \/>\n\t<meta property=\"og:image:width\" content=\"1200\" \/>\n\t<meta property=\"og:image:height\" content=\"1800\" \/>\n\t<meta property=\"og:image:type\" content=\"image\/jpeg\" \/>\n<meta name=\"twitter:card\" content=\"summary_large_image\" \/>\n<meta name=\"twitter:site\" content=\"@sanmorrisbag\" \/>\n<meta name=\"twitter:label1\" content=\"Durumu\" \/>\n\t<meta name=\"twitter:data1\" content=\"Stokta var\" \/>\n<script type=\"application\/ld+json\" class=\"yoast-schema-graph\">{\"@context\":\"https:\\\/\\\/schema.org\",\"@graph\":[{\"@type\":\"WebPage\",\"@id\":\"https:\\\/\\\/sanmorrisbags.com\\\/tr\\\/product\\\/kod-3012\\\/\",\"url\":\"https:\\\/\\\/sanmorrisbags.com\\\/tr\\\/product\\\/kod-3012\\\/\",\"name\":\"Kod: 3012 - Sanmorris Bags Sanmorris b\u00fcy\u00fck su ge\u00e7irmez s\u0131rt \u00e7antas\u0131\",\"isPartOf\":{\"@id\":\"https:\\\/\\\/sanmorrisbags.com\\\/tr\\\/#website\"},\"primaryImageOfPage\":{\"@id\":\"https:\\\/\\\/sanmorrisbags.com\\\/tr\\\/product\\\/kod-3012\\\/#primaryimage\"},\"image\":{\"@id\":\"https:\\\/\\\/sanmorrisbags.com\\\/tr\\\/product\\\/kod-3012\\\/#primaryimage\"},\"thumbnailUrl\":\"https:\\\/\\\/sanmorrisbags.com\\\/wp-content\\\/uploads\\\/2024\\\/10\\\/DSC_4024.jpg\",\"datePublished\":\"2024-10-06T22:01:10+00:00\",\"description\":\"Sanmorris b\u00fcy\u00fck su ge\u00e7irmez s\u0131rt \u00e7antas\u0131. Sanmorris b\u00fcy\u00fck su ge\u00e7irmez s\u0131rt \u00e7antas\u0131yla seyahat deneyiminizi bir \u00fcst seviyeye ta\u015f\u0131y\u0131n; her macera i\u00e7in m\u00fckemmel arkada\u015f\u0131n\u0131z!\",\"breadcrumb\":{\"@id\":\"https:\\\/\\\/sanmorrisbags.com\\\/tr\\\/product\\\/kod-3012\\\/#breadcrumb\"},\"inLanguage\":\"tr\",\"potentialAction\":[{\"@type\":\"ReadAction\",\"target\":[\"https:\\\/\\\/sanmorrisbags.com\\\/tr\\\/product\\\/kod-3012\\\/\"]}]},{\"@type\":\"ImageObject\",\"inLanguage\":\"tr\",\"@id\":\"https:\\\/\\\/sanmorrisbags.com\\\/tr\\\/product\\\/kod-3012\\\/#primaryimage\",\"url\":\"https:\\\/\\\/sanmorrisbags.com\\\/wp-content\\\/uploads\\\/2024\\\/10\\\/DSC_4024.jpg\",\"contentUrl\":\"https:\\\/\\\/sanmorrisbags.com\\\/wp-content\\\/uploads\\\/2024\\\/10\\\/DSC_4024.jpg\",\"width\":1200,\"height\":1800},{\"@type\":\"BreadcrumbList\",\"@id\":\"https:\\\/\\\/sanmorrisbags.com\\\/tr\\\/product\\\/kod-3012\\\/#breadcrumb\",\"itemListElement\":[{\"@type\":\"ListItem\",\"position\":1,\"name\":\"Home\",\"item\":\"https:\\\/\\\/sanmorrisbags.com\\\/tr\\\/home\\\/\"},{\"@type\":\"ListItem\",\"position\":2,\"name\":\"Shop\",\"item\":\"https:\\\/\\\/sanmorrisbags.com\\\/shop\\\/\"},{\"@type\":\"ListItem\",\"position\":3,\"name\":\"Kod: 3012\"}]},{\"@type\":\"WebSite\",\"@id\":\"https:\\\/\\\/sanmorrisbags.com\\\/tr\\\/#website\",\"url\":\"https:\\\/\\\/sanmorrisbags.com\\\/tr\\\/\",\"name\":\"Sanmorris Bags\",\"description\":\"\",\"publisher\":{\"@id\":\"https:\\\/\\\/sanmorrisbags.com\\\/tr\\\/#organization\"},\"potentialAction\":[{\"@type\":\"SearchAction\",\"target\":{\"@type\":\"EntryPoint\",\"urlTemplate\":\"https:\\\/\\\/sanmorrisbags.com\\\/tr\\\/?s={search_term_string}\"},\"query-input\":{\"@type\":\"PropertyValueSpecification\",\"valueRequired\":true,\"valueName\":\"search_term_string\"}}],\"inLanguage\":\"tr\"},{\"@type\":\"Organization\",\"@id\":\"https:\\\/\\\/sanmorrisbags.com\\\/tr\\\/#organization\",\"name\":\"Sanmorris Bags\",\"url\":\"https:\\\/\\\/sanmorrisbags.com\\\/tr\\\/\",\"logo\":{\"@type\":\"ImageObject\",\"inLanguage\":\"tr\",\"@id\":\"https:\\\/\\\/sanmorrisbags.com\\\/tr\\\/#\\\/schema\\\/logo\\\/image\\\/\",\"url\":\"https:\\\/\\\/sanmorrisbags.com\\\/wp-content\\\/uploads\\\/2023\\\/02\\\/Logo-new.png\",\"contentUrl\":\"https:\\\/\\\/sanmorrisbags.com\\\/wp-content\\\/uploads\\\/2023\\\/02\\\/Logo-new.png\",\"width\":1000,\"height\":1000,\"caption\":\"Sanmorris Bags\"},\"image\":{\"@id\":\"https:\\\/\\\/sanmorrisbags.com\\\/tr\\\/#\\\/schema\\\/logo\\\/image\\\/\"},\"sameAs\":[\"https:\\\/\\\/www.facebook.com\\\/sanmorrisbags\",\"https:\\\/\\\/x.com\\\/sanmorrisbag\",\"https:\\\/\\\/www.instagram.com\\\/sanmorrisbag\\\/\"]}]}<\/script>\n<meta property=\"og:availability\" content=\"instock\" \/>\n<meta property=\"product:availability\" content=\"instock\" \/>\n<meta property=\"product:condition\" content=\"new\" \/>\n<!-- \/ Yoast SEO Premium plugin. -->","yoast_head_json":{"title":"Kod: 3012 - Sanmorris Bags Sanmorris b\u00fcy\u00fck su ge\u00e7irmez s\u0131rt \u00e7antas\u0131","description":"Sanmorris b\u00fcy\u00fck su ge\u00e7irmez s\u0131rt \u00e7antas\u0131. Sanmorris b\u00fcy\u00fck su ge\u00e7irmez s\u0131rt \u00e7antas\u0131yla seyahat deneyiminizi bir \u00fcst seviyeye ta\u015f\u0131y\u0131n; her macera i\u00e7in m\u00fckemmel arkada\u015f\u0131n\u0131z!","robots":{"index":"index","follow":"follow","max-snippet":"max-snippet:-1","max-image-preview":"max-image-preview:large","max-video-preview":"max-video-preview:-1"},"canonical":"https:\/\/sanmorrisbags.com\/tr\/product\/kod-3012\/","og_locale":"tr_TR","og_type":"article","og_title":"Kod: 3012","og_description":"Sanmorris b\u00fcy\u00fck su ge\u00e7irmez s\u0131rt \u00e7antas\u0131. Sanmorris b\u00fcy\u00fck su ge\u00e7irmez s\u0131rt \u00e7antas\u0131yla seyahat deneyiminizi bir \u00fcst seviyeye ta\u015f\u0131y\u0131n; her macera i\u00e7in m\u00fckemmel arkada\u015f\u0131n\u0131z!","og_url":"https:\/\/sanmorrisbags.com\/tr\/product\/kod-3012\/","og_site_name":"Sanmorris Bags","article_publisher":"https:\/\/www.facebook.com\/sanmorrisbags","og_image":[{"width":1200,"height":1800,"url":"https:\/\/sanmorrisbags.com\/wp-content\/uploads\/2024\/10\/DSC_4024.jpg","type":"image\/jpeg"}],"twitter_card":"summary_large_image","twitter_site":"@sanmorrisbag","twitter_misc":{"Durumu":"Stokta var"},"schema":{"@context":"https:\/\/schema.org","@graph":[{"@type":"WebPage","@id":"https:\/\/sanmorrisbags.com\/tr\/product\/kod-3012\/","url":"https:\/\/sanmorrisbags.com\/tr\/product\/kod-3012\/","name":"Kod: 3012 - Sanmorris Bags Sanmorris b\u00fcy\u00fck su ge\u00e7irmez s\u0131rt \u00e7antas\u0131","isPartOf":{"@id":"https:\/\/sanmorrisbags.com\/tr\/#website"},"primaryImageOfPage":{"@id":"https:\/\/sanmorrisbags.com\/tr\/product\/kod-3012\/#primaryimage"},"image":{"@id":"https:\/\/sanmorrisbags.com\/tr\/product\/kod-3012\/#primaryimage"},"thumbnailUrl":"https:\/\/sanmorrisbags.com\/wp-content\/uploads\/2024\/10\/DSC_4024.jpg","datePublished":"2024-10-06T22:01:10+00:00","description":"Sanmorris b\u00fcy\u00fck su ge\u00e7irmez s\u0131rt \u00e7antas\u0131. Sanmorris b\u00fcy\u00fck su ge\u00e7irmez s\u0131rt \u00e7antas\u0131yla seyahat deneyiminizi bir \u00fcst seviyeye ta\u015f\u0131y\u0131n; her macera i\u00e7in m\u00fckemmel arkada\u015f\u0131n\u0131z!","breadcrumb":{"@id":"https:\/\/sanmorrisbags.com\/tr\/product\/kod-3012\/#breadcrumb"},"inLanguage":"tr","potentialAction":[{"@type":"ReadAction","target":["https:\/\/sanmorrisbags.com\/tr\/product\/kod-3012\/"]}]},{"@type":"ImageObject","inLanguage":"tr","@id":"https:\/\/sanmorrisbags.com\/tr\/product\/kod-3012\/#primaryimage","url":"https:\/\/sanmorrisbags.com\/wp-content\/uploads\/2024\/10\/DSC_4024.jpg","contentUrl":"https:\/\/sanmorrisbags.com\/wp-content\/uploads\/2024\/10\/DSC_4024.jpg","width":1200,"height":1800},{"@type":"BreadcrumbList","@id":"https:\/\/sanmorrisbags.com\/tr\/product\/kod-3012\/#breadcrumb","itemListElement":[{"@type":"ListItem","position":1,"name":"Home","item":"https:\/\/sanmorrisbags.com\/tr\/home\/"},{"@type":"ListItem","position":2,"name":"Shop","item":"https:\/\/sanmorrisbags.com\/shop\/"},{"@type":"ListItem","position":3,"name":"Kod: 3012"}]},{"@type":"WebSite","@id":"https:\/\/sanmorrisbags.com\/tr\/#website","url":"https:\/\/sanmorrisbags.com\/tr\/","name":"Sanmorris Bags","description":"","publisher":{"@id":"https:\/\/sanmorrisbags.com\/tr\/#organization"},"potentialAction":[{"@type":"SearchAction","target":{"@type":"EntryPoint","urlTemplate":"https:\/\/sanmorrisbags.com\/tr\/?s={search_term_string}"},"query-input":{"@type":"PropertyValueSpecification","valueRequired":true,"valueName":"search_term_string"}}],"inLanguage":"tr"},{"@type":"Organization","@id":"https:\/\/sanmorrisbags.com\/tr\/#organization","name":"Sanmorris Bags","url":"https:\/\/sanmorrisbags.com\/tr\/","logo":{"@type":"ImageObject","inLanguage":"tr","@id":"https:\/\/sanmorrisbags.com\/tr\/#\/schema\/logo\/image\/","url":"https:\/\/sanmorrisbags.com\/wp-content\/uploads\/2023\/02\/Logo-new.png","contentUrl":"https:\/\/sanmorrisbags.com\/wp-content\/uploads\/2023\/02\/Logo-new.png","width":1000,"height":1000,"caption":"Sanmorris Bags"},"image":{"@id":"https:\/\/sanmorrisbags.com\/tr\/#\/schema\/logo\/image\/"},"sameAs":["https:\/\/www.facebook.com\/sanmorrisbags","https:\/\/x.com\/sanmorrisbag","https:\/\/www.instagram.com\/sanmorrisbag\/"]}]},"og_availability":"instock","product_availability":"instock","product_condition":"new"},"_links":{"self":[{"href":"https:\/\/sanmorrisbags.com\/tr\/wp-json\/wp\/v2\/product\/20765","targetHints":{"allow":["GET"]}}],"collection":[{"href":"https:\/\/sanmorrisbags.com\/tr\/wp-json\/wp\/v2\/product"}],"about":[{"href":"https:\/\/sanmorrisbags.com\/tr\/wp-json\/wp\/v2\/types\/product"}],"replies":[{"embeddable":true,"href":"https:\/\/sanmorrisbags.com\/tr\/wp-json\/wp\/v2\/comments?post=20765"}],"wp:featuredmedia":[{"embeddable":true,"href":"https:\/\/sanmorrisbags.com\/tr\/wp-json\/wp\/v2\/media\/20648"}],"wp:attachment":[{"href":"https:\/\/sanmorrisbags.com\/tr\/wp-json\/wp\/v2\/media?parent=20765"}],"wp:term":[{"taxonomy":"product_brand","embeddable":true,"href":"https:\/\/sanmorrisbags.com\/tr\/wp-json\/wp\/v2\/product_brand?post=20765"},{"taxonomy":"product_cat","embeddable":true,"href":"https:\/\/sanmorrisbags.com\/tr\/wp-json\/wp\/v2\/product_cat?post=20765"},{"taxonomy":"product_tag","embeddable":true,"href":"https:\/\/sanmorrisbags.com\/tr\/wp-json\/wp\/v2\/product_tag?post=20765"}],"curies":[{"name":"wp","href":"https:\/\/api.w.org\/{rel}","templated":true}]}}