{"id":20775,"date":"2024-10-06T22:00:39","date_gmt":"2024-10-06T22:00:39","guid":{"rendered":"https:\/\/sanmorrisbags.com\/product\/kod-3011\/"},"modified":"2024-10-06T22:00:39","modified_gmt":"2024-10-06T22:00:39","slug":"kod-3011","status":"publish","type":"product","link":"https:\/\/sanmorrisbags.com\/tr\/product\/kod-3011\/","title":{"rendered":"Kod: 3011"},"content":{"rendered":"<p><strong>Sanmorris Orta Boy Su Ge\u00e7irmez Diz\u00fcst\u00fc Bilgisayar S\u0131rt \u00c7antas\u0131: \u00c7e\u015fitli Renklerde Mevcuttur<\/strong><\/p>\n<p>Diz\u00fcst\u00fc bilgisayarlar i\u00e7in tasarlanm\u0131\u015f, y\u00fcksek kaliteli su ge\u00e7irmez kuma\u015ftan \u00fcretilen Sanmorris orta boy s\u0131rt \u00e7antas\u0131n\u0131 tan\u0131t\u0131yoruz. Bu \u015f\u0131k s\u0131rt \u00e7antas\u0131, ki\u015fisel tarz\u0131n\u0131za uyacak \u015fekilde \u00e7e\u015fitli renklerde gelir. <\/p>\n<p><strong>Boyutlar:<\/strong><\/p>\n<ul>\n<li>Y\u00fckseklik: 39 cm<\/li>\n<li>Geni\u015flik: 26 cm<\/li>\n<li>Derinlik: 13 cm<\/li>\n<\/ul>\n<p>Dayan\u0131kl\u0131 astarl\u0131 birinci s\u0131n\u0131f su ge\u00e7irmez malzemelerden \u00fcretilen bu s\u0131rt \u00e7antas\u0131 g\u00fcnl\u00fck kullan\u0131m i\u00e7in m\u00fckemmeldir. Ekstra rahatl\u0131k i\u00e7in \u00e7\u0131kar\u0131labilir bir anahtarl\u0131k aksesuar\u0131na sahiptir. Ayarlanabilir omuz ask\u0131lar\u0131, okul veya seyahat i\u00e7in ideal hale getirerek ki\u015fiselle\u015ftirilmi\u015f bir uyum sa\u011flar. <\/p>\n","protected":false},"excerpt":{"rendered":"<p>Sanmorris Orta Boy Su Ge\u00e7irmez Diz\u00fcst\u00fc Bilgisayar S\u0131rt \u00c7antas\u0131: \u00c7e\u015fitli Renklerde Mevcuttur Diz\u00fcst\u00fc bilgisayarlar i\u00e7in tasarlanm\u0131\u015f, y\u00fcksek kaliteli su ge\u00e7irmez kuma\u015ftan \u00fcretilen Sanmorris orta boy s\u0131rt \u00e7antas\u0131n\u0131 tan\u0131t\u0131yoruz. Bu \u015f\u0131k s\u0131rt \u00e7antas\u0131, ki\u015fisel tarz\u0131n\u0131za uyacak \u015fekilde \u00e7e\u015fitli renklerde gelir. Boyutlar: Y\u00fckseklik: 39 cm Geni\u015flik: 26 cm Derinlik: 13 cm Dayan\u0131kl\u0131 astarl\u0131 birinci s\u0131n\u0131f su ge\u00e7irmez [&hellip;]<\/p>\n","protected":false},"featured_media":20782,"comment_status":"closed","ping_status":"closed","template":"","meta":[],"product_brand":[],"product_cat":[61],"product_tag":[],"class_list":{"0":"post-20775","1":"product","2":"type-product","3":"status-publish","4":"has-post-thumbnail","6":"product_cat-backpack-tr","7":"pa_color-acik-gri","8":"pa_color-haki","9":"pa_color-koyu-gri","10":"pa_color-kum","11":"pa_color-lacivert","12":"pa_color-siyah","14":"first","15":"instock","16":"shipping-taxable","17":"purchasable","18":"product-type-variable","19":"wvs-archive-product-wrapper"},"yoast_head":"<!-- This site is optimized with the Yoast SEO Premium plugin v25.4 (Yoast SEO v27.6) - https:\/\/yoast.com\/product\/yoast-seo-premium-wordpress\/ -->\n<title>Sanmorris Diz\u00fcst\u00fc Bilgisayar S\u0131rt \u00c7antas\u0131 - Sanmorris Bags<\/title>\n<meta name=\"description\" content=\"Sanmorris Laptop S\u0131rt \u00c7antas\u0131 Su ge\u00e7irmez malzemelerden ve dayan\u0131kl\u0131 astardan \u00fcretilen bu s\u0131rt \u00e7antas\u0131 g\u00fcnl\u00fck kullan\u0131m i\u00e7in m\u00fckemmeldir.\" \/>\n<meta name=\"robots\" content=\"index, follow, max-snippet:-1, max-image-preview:large, max-video-preview:-1\" \/>\n<link rel=\"canonical\" href=\"https:\/\/sanmorrisbags.com\/tr\/product\/kod-3011\/\" \/>\n<meta property=\"og:locale\" content=\"tr_TR\" \/>\n<meta property=\"og:type\" content=\"article\" \/>\n<meta property=\"og:title\" content=\"Kod: 3011\" \/>\n<meta property=\"og:description\" content=\"Sanmorris Laptop S\u0131rt \u00c7antas\u0131 Su ge\u00e7irmez malzemelerden ve dayan\u0131kl\u0131 astardan \u00fcretilen bu s\u0131rt \u00e7antas\u0131 g\u00fcnl\u00fck kullan\u0131m i\u00e7in m\u00fckemmeldir.\" \/>\n<meta property=\"og:url\" content=\"https:\/\/sanmorrisbags.com\/tr\/product\/kod-3011\/\" \/>\n<meta property=\"og:site_name\" content=\"Sanmorris Bags\" \/>\n<meta property=\"article:publisher\" content=\"https:\/\/www.facebook.com\/sanmorrisbags\" \/>\n<meta property=\"og:image\" content=\"https:\/\/sanmorrisbags.com\/wp-content\/uploads\/2024\/10\/DSC_3986.jpg\" \/>\n\t<meta property=\"og:image:width\" content=\"1200\" \/>\n\t<meta property=\"og:image:height\" content=\"1800\" \/>\n\t<meta property=\"og:image:type\" content=\"image\/jpeg\" \/>\n<meta name=\"twitter:card\" content=\"summary_large_image\" \/>\n<meta name=\"twitter:site\" content=\"@sanmorrisbag\" \/>\n<meta name=\"twitter:label1\" content=\"Durumu\" \/>\n\t<meta name=\"twitter:data1\" content=\"Stokta var\" \/>\n<script type=\"application\/ld+json\" class=\"yoast-schema-graph\">{\"@context\":\"https:\\\/\\\/schema.org\",\"@graph\":[{\"@type\":\"WebPage\",\"@id\":\"https:\\\/\\\/sanmorrisbags.com\\\/tr\\\/product\\\/kod-3011\\\/\",\"url\":\"https:\\\/\\\/sanmorrisbags.com\\\/tr\\\/product\\\/kod-3011\\\/\",\"name\":\"Sanmorris Diz\u00fcst\u00fc Bilgisayar S\u0131rt \u00c7antas\u0131 - Sanmorris Bags\",\"isPartOf\":{\"@id\":\"https:\\\/\\\/sanmorrisbags.com\\\/tr\\\/#website\"},\"primaryImageOfPage\":{\"@id\":\"https:\\\/\\\/sanmorrisbags.com\\\/tr\\\/product\\\/kod-3011\\\/#primaryimage\"},\"image\":{\"@id\":\"https:\\\/\\\/sanmorrisbags.com\\\/tr\\\/product\\\/kod-3011\\\/#primaryimage\"},\"thumbnailUrl\":\"https:\\\/\\\/sanmorrisbags.com\\\/wp-content\\\/uploads\\\/2024\\\/10\\\/DSC_3986.jpg\",\"datePublished\":\"2024-10-06T22:00:39+00:00\",\"description\":\"Sanmorris Laptop S\u0131rt \u00c7antas\u0131 Su ge\u00e7irmez malzemelerden ve dayan\u0131kl\u0131 astardan \u00fcretilen bu s\u0131rt \u00e7antas\u0131 g\u00fcnl\u00fck kullan\u0131m i\u00e7in m\u00fckemmeldir.\",\"breadcrumb\":{\"@id\":\"https:\\\/\\\/sanmorrisbags.com\\\/tr\\\/product\\\/kod-3011\\\/#breadcrumb\"},\"inLanguage\":\"tr\",\"potentialAction\":[{\"@type\":\"ReadAction\",\"target\":[\"https:\\\/\\\/sanmorrisbags.com\\\/tr\\\/product\\\/kod-3011\\\/\"]}]},{\"@type\":\"ImageObject\",\"inLanguage\":\"tr\",\"@id\":\"https:\\\/\\\/sanmorrisbags.com\\\/tr\\\/product\\\/kod-3011\\\/#primaryimage\",\"url\":\"https:\\\/\\\/sanmorrisbags.com\\\/wp-content\\\/uploads\\\/2024\\\/10\\\/DSC_3986.jpg\",\"contentUrl\":\"https:\\\/\\\/sanmorrisbags.com\\\/wp-content\\\/uploads\\\/2024\\\/10\\\/DSC_3986.jpg\",\"width\":1200,\"height\":1800},{\"@type\":\"BreadcrumbList\",\"@id\":\"https:\\\/\\\/sanmorrisbags.com\\\/tr\\\/product\\\/kod-3011\\\/#breadcrumb\",\"itemListElement\":[{\"@type\":\"ListItem\",\"position\":1,\"name\":\"Home\",\"item\":\"https:\\\/\\\/sanmorrisbags.com\\\/tr\\\/home\\\/\"},{\"@type\":\"ListItem\",\"position\":2,\"name\":\"Shop\",\"item\":\"https:\\\/\\\/sanmorrisbags.com\\\/shop\\\/\"},{\"@type\":\"ListItem\",\"position\":3,\"name\":\"Kod: 3011\"}]},{\"@type\":\"WebSite\",\"@id\":\"https:\\\/\\\/sanmorrisbags.com\\\/tr\\\/#website\",\"url\":\"https:\\\/\\\/sanmorrisbags.com\\\/tr\\\/\",\"name\":\"Sanmorris Bags\",\"description\":\"\",\"publisher\":{\"@id\":\"https:\\\/\\\/sanmorrisbags.com\\\/tr\\\/#organization\"},\"potentialAction\":[{\"@type\":\"SearchAction\",\"target\":{\"@type\":\"EntryPoint\",\"urlTemplate\":\"https:\\\/\\\/sanmorrisbags.com\\\/tr\\\/?s={search_term_string}\"},\"query-input\":{\"@type\":\"PropertyValueSpecification\",\"valueRequired\":true,\"valueName\":\"search_term_string\"}}],\"inLanguage\":\"tr\"},{\"@type\":\"Organization\",\"@id\":\"https:\\\/\\\/sanmorrisbags.com\\\/tr\\\/#organization\",\"name\":\"Sanmorris Bags\",\"url\":\"https:\\\/\\\/sanmorrisbags.com\\\/tr\\\/\",\"logo\":{\"@type\":\"ImageObject\",\"inLanguage\":\"tr\",\"@id\":\"https:\\\/\\\/sanmorrisbags.com\\\/tr\\\/#\\\/schema\\\/logo\\\/image\\\/\",\"url\":\"https:\\\/\\\/sanmorrisbags.com\\\/wp-content\\\/uploads\\\/2023\\\/02\\\/Logo-new.png\",\"contentUrl\":\"https:\\\/\\\/sanmorrisbags.com\\\/wp-content\\\/uploads\\\/2023\\\/02\\\/Logo-new.png\",\"width\":1000,\"height\":1000,\"caption\":\"Sanmorris Bags\"},\"image\":{\"@id\":\"https:\\\/\\\/sanmorrisbags.com\\\/tr\\\/#\\\/schema\\\/logo\\\/image\\\/\"},\"sameAs\":[\"https:\\\/\\\/www.facebook.com\\\/sanmorrisbags\",\"https:\\\/\\\/x.com\\\/sanmorrisbag\",\"https:\\\/\\\/www.instagram.com\\\/sanmorrisbag\\\/\"]}]}<\/script>\n<meta property=\"og:availability\" content=\"instock\" \/>\n<meta property=\"product:availability\" content=\"instock\" \/>\n<meta property=\"product:condition\" content=\"new\" \/>\n<!-- \/ Yoast SEO Premium plugin. -->","yoast_head_json":{"title":"Sanmorris Diz\u00fcst\u00fc Bilgisayar S\u0131rt \u00c7antas\u0131 - Sanmorris Bags","description":"Sanmorris Laptop S\u0131rt \u00c7antas\u0131 Su ge\u00e7irmez malzemelerden ve dayan\u0131kl\u0131 astardan \u00fcretilen bu s\u0131rt \u00e7antas\u0131 g\u00fcnl\u00fck kullan\u0131m i\u00e7in m\u00fckemmeldir.","robots":{"index":"index","follow":"follow","max-snippet":"max-snippet:-1","max-image-preview":"max-image-preview:large","max-video-preview":"max-video-preview:-1"},"canonical":"https:\/\/sanmorrisbags.com\/tr\/product\/kod-3011\/","og_locale":"tr_TR","og_type":"article","og_title":"Kod: 3011","og_description":"Sanmorris Laptop S\u0131rt \u00c7antas\u0131 Su ge\u00e7irmez malzemelerden ve dayan\u0131kl\u0131 astardan \u00fcretilen bu s\u0131rt \u00e7antas\u0131 g\u00fcnl\u00fck kullan\u0131m i\u00e7in m\u00fckemmeldir.","og_url":"https:\/\/sanmorrisbags.com\/tr\/product\/kod-3011\/","og_site_name":"Sanmorris Bags","article_publisher":"https:\/\/www.facebook.com\/sanmorrisbags","og_image":[{"width":1200,"height":1800,"url":"https:\/\/sanmorrisbags.com\/wp-content\/uploads\/2024\/10\/DSC_3986.jpg","type":"image\/jpeg"}],"twitter_card":"summary_large_image","twitter_site":"@sanmorrisbag","twitter_misc":{"Durumu":"Stokta var"},"schema":{"@context":"https:\/\/schema.org","@graph":[{"@type":"WebPage","@id":"https:\/\/sanmorrisbags.com\/tr\/product\/kod-3011\/","url":"https:\/\/sanmorrisbags.com\/tr\/product\/kod-3011\/","name":"Sanmorris Diz\u00fcst\u00fc Bilgisayar S\u0131rt \u00c7antas\u0131 - Sanmorris Bags","isPartOf":{"@id":"https:\/\/sanmorrisbags.com\/tr\/#website"},"primaryImageOfPage":{"@id":"https:\/\/sanmorrisbags.com\/tr\/product\/kod-3011\/#primaryimage"},"image":{"@id":"https:\/\/sanmorrisbags.com\/tr\/product\/kod-3011\/#primaryimage"},"thumbnailUrl":"https:\/\/sanmorrisbags.com\/wp-content\/uploads\/2024\/10\/DSC_3986.jpg","datePublished":"2024-10-06T22:00:39+00:00","description":"Sanmorris Laptop S\u0131rt \u00c7antas\u0131 Su ge\u00e7irmez malzemelerden ve dayan\u0131kl\u0131 astardan \u00fcretilen bu s\u0131rt \u00e7antas\u0131 g\u00fcnl\u00fck kullan\u0131m i\u00e7in m\u00fckemmeldir.","breadcrumb":{"@id":"https:\/\/sanmorrisbags.com\/tr\/product\/kod-3011\/#breadcrumb"},"inLanguage":"tr","potentialAction":[{"@type":"ReadAction","target":["https:\/\/sanmorrisbags.com\/tr\/product\/kod-3011\/"]}]},{"@type":"ImageObject","inLanguage":"tr","@id":"https:\/\/sanmorrisbags.com\/tr\/product\/kod-3011\/#primaryimage","url":"https:\/\/sanmorrisbags.com\/wp-content\/uploads\/2024\/10\/DSC_3986.jpg","contentUrl":"https:\/\/sanmorrisbags.com\/wp-content\/uploads\/2024\/10\/DSC_3986.jpg","width":1200,"height":1800},{"@type":"BreadcrumbList","@id":"https:\/\/sanmorrisbags.com\/tr\/product\/kod-3011\/#breadcrumb","itemListElement":[{"@type":"ListItem","position":1,"name":"Home","item":"https:\/\/sanmorrisbags.com\/tr\/home\/"},{"@type":"ListItem","position":2,"name":"Shop","item":"https:\/\/sanmorrisbags.com\/shop\/"},{"@type":"ListItem","position":3,"name":"Kod: 3011"}]},{"@type":"WebSite","@id":"https:\/\/sanmorrisbags.com\/tr\/#website","url":"https:\/\/sanmorrisbags.com\/tr\/","name":"Sanmorris Bags","description":"","publisher":{"@id":"https:\/\/sanmorrisbags.com\/tr\/#organization"},"potentialAction":[{"@type":"SearchAction","target":{"@type":"EntryPoint","urlTemplate":"https:\/\/sanmorrisbags.com\/tr\/?s={search_term_string}"},"query-input":{"@type":"PropertyValueSpecification","valueRequired":true,"valueName":"search_term_string"}}],"inLanguage":"tr"},{"@type":"Organization","@id":"https:\/\/sanmorrisbags.com\/tr\/#organization","name":"Sanmorris Bags","url":"https:\/\/sanmorrisbags.com\/tr\/","logo":{"@type":"ImageObject","inLanguage":"tr","@id":"https:\/\/sanmorrisbags.com\/tr\/#\/schema\/logo\/image\/","url":"https:\/\/sanmorrisbags.com\/wp-content\/uploads\/2023\/02\/Logo-new.png","contentUrl":"https:\/\/sanmorrisbags.com\/wp-content\/uploads\/2023\/02\/Logo-new.png","width":1000,"height":1000,"caption":"Sanmorris Bags"},"image":{"@id":"https:\/\/sanmorrisbags.com\/tr\/#\/schema\/logo\/image\/"},"sameAs":["https:\/\/www.facebook.com\/sanmorrisbags","https:\/\/x.com\/sanmorrisbag","https:\/\/www.instagram.com\/sanmorrisbag\/"]}]},"og_availability":"instock","product_availability":"instock","product_condition":"new"},"_links":{"self":[{"href":"https:\/\/sanmorrisbags.com\/tr\/wp-json\/wp\/v2\/product\/20775","targetHints":{"allow":["GET"]}}],"collection":[{"href":"https:\/\/sanmorrisbags.com\/tr\/wp-json\/wp\/v2\/product"}],"about":[{"href":"https:\/\/sanmorrisbags.com\/tr\/wp-json\/wp\/v2\/types\/product"}],"replies":[{"embeddable":true,"href":"https:\/\/sanmorrisbags.com\/tr\/wp-json\/wp\/v2\/comments?post=20775"}],"wp:featuredmedia":[{"embeddable":true,"href":"https:\/\/sanmorrisbags.com\/tr\/wp-json\/wp\/v2\/media\/20782"}],"wp:attachment":[{"href":"https:\/\/sanmorrisbags.com\/tr\/wp-json\/wp\/v2\/media?parent=20775"}],"wp:term":[{"taxonomy":"product_brand","embeddable":true,"href":"https:\/\/sanmorrisbags.com\/tr\/wp-json\/wp\/v2\/product_brand?post=20775"},{"taxonomy":"product_cat","embeddable":true,"href":"https:\/\/sanmorrisbags.com\/tr\/wp-json\/wp\/v2\/product_cat?post=20775"},{"taxonomy":"product_tag","embeddable":true,"href":"https:\/\/sanmorrisbags.com\/tr\/wp-json\/wp\/v2\/product_tag?post=20775"}],"curies":[{"name":"wp","href":"https:\/\/api.w.org\/{rel}","templated":true}]}}