{"id":20831,"date":"2024-10-06T23:09:01","date_gmt":"2024-10-06T23:09:01","guid":{"rendered":"https:\/\/sanmorrisbags.com\/product\/kod-4004\/"},"modified":"2024-12-20T14:19:03","modified_gmt":"2024-12-20T14:19:03","slug":"kod-4004","status":"publish","type":"product","link":"https:\/\/sanmorrisbags.com\/tr\/product\/kod-4004\/","title":{"rendered":"Kod: 4004"},"content":{"rendered":"<p>test text<\/p>\n<p>&nbsp;<\/p>\n<p>&nbsp;<\/p>\n<p><span style=\"font-weight: 400;\">Sanmorris \u00c7ok B\u00f6lmeli Su Ge\u00e7irmez \u00c7apraz \u00c7anta<\/span><\/p>\n<p><span style=\"font-weight: 400;\">Sanmorris \u00e7ok b\u00f6lmeli su ge\u00e7irmez buru\u015fuk kuma\u015f \u00e7apraz ask\u0131l\u0131 \u00e7anta \u00e7e\u015fitli renk se\u00e7enekleriyle mevcuttur.<\/span><\/p>\n<p><span style=\"font-weight: 400;\">\u00dcr\u00fcn \u00d6l\u00e7\u00fcleri:<\/span><\/p>\n<p><span style=\"font-weight: 400;\">&#8211; Y\u00fckseklik: 21 cm<\/span><\/p>\n<p><span style=\"font-weight: 400;\">&#8211; Geni\u015flik: 23 cm<\/span><\/p>\n<p><span style=\"font-weight: 400;\">&#8211; Taban Geni\u015fli\u011fi: 14 cm<\/span><\/p>\n<p><span style=\"font-weight: 400;\">\u00d6zellikler:<\/span><\/p>\n<p><span style=\"font-weight: 400;\">&#8211; Ayarlanabilir ask\u0131 uzunlu\u011fu: 140 cm.<\/span><\/p>\n<p><span style=\"font-weight: 400;\">&#8211; Toplam 5 adet fermuarl\u0131 b\u00f6lme.<\/span><\/p>\n<p><span style=\"font-weight: 400;\">&#8211; Bir b\u00f6lmesi arkada, di\u011feri ise i\u00e7 k\u0131s\u0131mda yer al\u0131r ve telefonunuz, c\u00fczdan\u0131n\u0131z ve araba anahtarlar\u0131n\u0131z gibi e\u015fyalar\u0131n\u0131z i\u00e7in g\u00fcvenli bir saklama alan\u0131 sa\u011flar.<\/span><\/p>\n<p><span style=\"font-weight: 400;\">&#8211; \u015e\u0131k tasar\u0131m\u0131 ile g\u00fcnl\u00fck k\u0131yafetlerinize \u00e7ok y\u00f6nl\u00fc bir katk\u0131 sa\u011flar.<\/span><\/p>\n<p><span style=\"font-weight: 400;\">&#8211; Hafif kuma\u015f\u0131 ve kompakt boyutu ile g\u00fcnl\u00fck gezilerinizde rahatl\u0131kla kullanabilece\u011finiz bir \u00e7antad\u0131r.<\/span><\/p>\n<p><span style=\"font-weight: 400;\">&#8211; Y\u00fcksek kaliteli su ge\u00e7irmez buru\u015fuk kuma\u015ftan ve birinci s\u0131n\u0131f astarla \u00fcretilen bu model, g\u00fcnl\u00fck hayat\u0131n\u0131z\u0131 kolayla\u015ft\u0131racak.<\/span><\/p>\n<p><span style=\"font-weight: 400;\">&#8211; Ekstra sa\u011flaml\u0131k i\u00e7in dayan\u0131kl\u0131 kal\u0131n \u00e7apraz ask\u0131.<\/span><\/p>\n<p><span style=\"font-weight: 400;\">&#8211; Su \u015fi\u015fesi veya termos koymak i\u00e7in uygun iki adet yan cep bulunmaktad\u0131r.<\/span><\/p>\n<p><span style=\"font-weight: 400;\">&#8211; Nemli bezla kolayca temizlenebilir.<\/span><\/p>\n","protected":false},"excerpt":{"rendered":"<p>test text &nbsp; &nbsp; Sanmorris \u00c7ok B\u00f6lmeli Su Ge\u00e7irmez \u00c7apraz \u00c7anta Sanmorris \u00e7ok b\u00f6lmeli su ge\u00e7irmez buru\u015fuk kuma\u015f \u00e7apraz ask\u0131l\u0131 \u00e7anta \u00e7e\u015fitli renk se\u00e7enekleriyle mevcuttur. \u00dcr\u00fcn \u00d6l\u00e7\u00fcleri: &#8211; Y\u00fckseklik: 21 cm &#8211; Geni\u015flik: 23 cm &#8211; Taban Geni\u015fli\u011fi: 14 cm \u00d6zellikler: &#8211; Ayarlanabilir ask\u0131 uzunlu\u011fu: 140 cm. &#8211; Toplam 5 adet fermuarl\u0131 b\u00f6lme. &#8211; Bir [&hellip;]<\/p>\n","protected":false},"featured_media":20839,"comment_status":"closed","ping_status":"closed","template":"","meta":[],"product_brand":[],"product_cat":[63],"product_tag":[],"class_list":{"0":"post-20831","1":"product","2":"type-product","3":"status-publish","4":"has-post-thumbnail","6":"product_cat-capraz-canta","7":"pa_color-acik-gri","8":"pa_color-haki","9":"pa_color-koyu-mor","10":"pa_color-lacivert","11":"pa_color-mavi","12":"pa_color-mor","13":"pa_color-siyah","15":"first","16":"instock","17":"shipping-taxable","18":"purchasable","19":"product-type-variable","20":"wvs-archive-product-wrapper"},"yoast_head":"<!-- This site is optimized with the Yoast SEO Premium plugin v25.4 (Yoast SEO v27.4) - https:\/\/yoast.com\/product\/yoast-seo-premium-wordpress\/ -->\n<title>Su ge\u00e7irmez buru\u015fuk kuma\u015f \u00e7apraz ask\u0131l\u0131 \u00e7anta - Sanmorris Bags<\/title>\n<meta name=\"description\" content=\"Su ge\u00e7irmez buru\u015fuk kuma\u015f \u00e7apraz ask\u0131l\u0131 \u00e7anta- Sanmorris su ge\u00e7irmez buru\u015fuk kuma\u015f \u00e7apraz ask\u0131l\u0131 \u00e7anta \u015f\u0131k tasar\u0131m\u0131yla dikkat \u00e7ekiyor.\" \/>\n<meta name=\"robots\" content=\"index, follow, max-snippet:-1, max-image-preview:large, max-video-preview:-1\" \/>\n<link rel=\"canonical\" href=\"https:\/\/sanmorrisbags.com\/tr\/product\/kod-4004\/\" \/>\n<meta property=\"og:locale\" content=\"tr_TR\" \/>\n<meta property=\"og:type\" content=\"article\" \/>\n<meta property=\"og:title\" content=\"Kod: 4004\" \/>\n<meta property=\"og:description\" content=\"Su ge\u00e7irmez buru\u015fuk kuma\u015f \u00e7apraz ask\u0131l\u0131 \u00e7anta- Sanmorris su ge\u00e7irmez buru\u015fuk kuma\u015f \u00e7apraz ask\u0131l\u0131 \u00e7anta \u015f\u0131k tasar\u0131m\u0131yla dikkat \u00e7ekiyor.\" \/>\n<meta property=\"og:url\" content=\"https:\/\/sanmorrisbags.com\/tr\/product\/kod-4004\/\" \/>\n<meta property=\"og:site_name\" content=\"Sanmorris Bags\" \/>\n<meta property=\"article:publisher\" content=\"https:\/\/www.facebook.com\/sanmorrisbags\" \/>\n<meta property=\"article:modified_time\" content=\"2024-12-20T14:19:03+00:00\" \/>\n<meta property=\"og:image\" content=\"https:\/\/sanmorrisbags.com\/wp-content\/uploads\/2024\/10\/267.jpg\" \/>\n\t<meta property=\"og:image:width\" content=\"1200\" \/>\n\t<meta property=\"og:image:height\" content=\"1800\" \/>\n\t<meta property=\"og:image:type\" content=\"image\/jpeg\" \/>\n<meta name=\"twitter:card\" content=\"summary_large_image\" \/>\n<meta name=\"twitter:site\" content=\"@sanmorrisbag\" \/>\n<meta name=\"twitter:label1\" content=\"Durumu\" \/>\n\t<meta name=\"twitter:data1\" content=\"Stokta var\" \/>\n<script type=\"application\/ld+json\" class=\"yoast-schema-graph\">{\"@context\":\"https:\\\/\\\/schema.org\",\"@graph\":[{\"@type\":\"WebPage\",\"@id\":\"https:\\\/\\\/sanmorrisbags.com\\\/tr\\\/product\\\/kod-4004\\\/\",\"url\":\"https:\\\/\\\/sanmorrisbags.com\\\/tr\\\/product\\\/kod-4004\\\/\",\"name\":\"Su ge\u00e7irmez buru\u015fuk kuma\u015f \u00e7apraz ask\u0131l\u0131 \u00e7anta - Sanmorris Bags\",\"isPartOf\":{\"@id\":\"https:\\\/\\\/sanmorrisbags.com\\\/tr\\\/#website\"},\"primaryImageOfPage\":{\"@id\":\"https:\\\/\\\/sanmorrisbags.com\\\/tr\\\/product\\\/kod-4004\\\/#primaryimage\"},\"image\":{\"@id\":\"https:\\\/\\\/sanmorrisbags.com\\\/tr\\\/product\\\/kod-4004\\\/#primaryimage\"},\"thumbnailUrl\":\"https:\\\/\\\/sanmorrisbags.com\\\/wp-content\\\/uploads\\\/2024\\\/10\\\/267.jpg\",\"datePublished\":\"2024-10-06T23:09:01+00:00\",\"dateModified\":\"2024-12-20T14:19:03+00:00\",\"description\":\"Su ge\u00e7irmez buru\u015fuk kuma\u015f \u00e7apraz ask\u0131l\u0131 \u00e7anta- Sanmorris su ge\u00e7irmez buru\u015fuk kuma\u015f \u00e7apraz ask\u0131l\u0131 \u00e7anta \u015f\u0131k tasar\u0131m\u0131yla dikkat \u00e7ekiyor.\",\"breadcrumb\":{\"@id\":\"https:\\\/\\\/sanmorrisbags.com\\\/tr\\\/product\\\/kod-4004\\\/#breadcrumb\"},\"inLanguage\":\"tr\",\"potentialAction\":[{\"@type\":\"ReadAction\",\"target\":[\"https:\\\/\\\/sanmorrisbags.com\\\/tr\\\/product\\\/kod-4004\\\/\"]}]},{\"@type\":\"ImageObject\",\"inLanguage\":\"tr\",\"@id\":\"https:\\\/\\\/sanmorrisbags.com\\\/tr\\\/product\\\/kod-4004\\\/#primaryimage\",\"url\":\"https:\\\/\\\/sanmorrisbags.com\\\/wp-content\\\/uploads\\\/2024\\\/10\\\/267.jpg\",\"contentUrl\":\"https:\\\/\\\/sanmorrisbags.com\\\/wp-content\\\/uploads\\\/2024\\\/10\\\/267.jpg\",\"width\":1200,\"height\":1800},{\"@type\":\"BreadcrumbList\",\"@id\":\"https:\\\/\\\/sanmorrisbags.com\\\/tr\\\/product\\\/kod-4004\\\/#breadcrumb\",\"itemListElement\":[{\"@type\":\"ListItem\",\"position\":1,\"name\":\"Home\",\"item\":\"https:\\\/\\\/sanmorrisbags.com\\\/tr\\\/home\\\/\"},{\"@type\":\"ListItem\",\"position\":2,\"name\":\"Shop\",\"item\":\"https:\\\/\\\/sanmorrisbags.com\\\/shop\\\/\"},{\"@type\":\"ListItem\",\"position\":3,\"name\":\"Kod: 4004\"}]},{\"@type\":\"WebSite\",\"@id\":\"https:\\\/\\\/sanmorrisbags.com\\\/tr\\\/#website\",\"url\":\"https:\\\/\\\/sanmorrisbags.com\\\/tr\\\/\",\"name\":\"Sanmorris Bags\",\"description\":\"\",\"publisher\":{\"@id\":\"https:\\\/\\\/sanmorrisbags.com\\\/tr\\\/#organization\"},\"potentialAction\":[{\"@type\":\"SearchAction\",\"target\":{\"@type\":\"EntryPoint\",\"urlTemplate\":\"https:\\\/\\\/sanmorrisbags.com\\\/tr\\\/?s={search_term_string}\"},\"query-input\":{\"@type\":\"PropertyValueSpecification\",\"valueRequired\":true,\"valueName\":\"search_term_string\"}}],\"inLanguage\":\"tr\"},{\"@type\":\"Organization\",\"@id\":\"https:\\\/\\\/sanmorrisbags.com\\\/tr\\\/#organization\",\"name\":\"Sanmorris Bags\",\"url\":\"https:\\\/\\\/sanmorrisbags.com\\\/tr\\\/\",\"logo\":{\"@type\":\"ImageObject\",\"inLanguage\":\"tr\",\"@id\":\"https:\\\/\\\/sanmorrisbags.com\\\/tr\\\/#\\\/schema\\\/logo\\\/image\\\/\",\"url\":\"https:\\\/\\\/sanmorrisbags.com\\\/wp-content\\\/uploads\\\/2023\\\/02\\\/Logo-new.png\",\"contentUrl\":\"https:\\\/\\\/sanmorrisbags.com\\\/wp-content\\\/uploads\\\/2023\\\/02\\\/Logo-new.png\",\"width\":1000,\"height\":1000,\"caption\":\"Sanmorris Bags\"},\"image\":{\"@id\":\"https:\\\/\\\/sanmorrisbags.com\\\/tr\\\/#\\\/schema\\\/logo\\\/image\\\/\"},\"sameAs\":[\"https:\\\/\\\/www.facebook.com\\\/sanmorrisbags\",\"https:\\\/\\\/x.com\\\/sanmorrisbag\",\"https:\\\/\\\/www.instagram.com\\\/sanmorrisbag\\\/\"]}]}<\/script>\n<meta property=\"og:availability\" content=\"instock\" \/>\n<meta property=\"product:availability\" content=\"instock\" \/>\n<meta property=\"product:condition\" content=\"new\" \/>\n<!-- \/ Yoast SEO Premium plugin. -->","yoast_head_json":{"title":"Su ge\u00e7irmez buru\u015fuk kuma\u015f \u00e7apraz ask\u0131l\u0131 \u00e7anta - Sanmorris Bags","description":"Su ge\u00e7irmez buru\u015fuk kuma\u015f \u00e7apraz ask\u0131l\u0131 \u00e7anta- Sanmorris su ge\u00e7irmez buru\u015fuk kuma\u015f \u00e7apraz ask\u0131l\u0131 \u00e7anta \u015f\u0131k tasar\u0131m\u0131yla dikkat \u00e7ekiyor.","robots":{"index":"index","follow":"follow","max-snippet":"max-snippet:-1","max-image-preview":"max-image-preview:large","max-video-preview":"max-video-preview:-1"},"canonical":"https:\/\/sanmorrisbags.com\/tr\/product\/kod-4004\/","og_locale":"tr_TR","og_type":"article","og_title":"Kod: 4004","og_description":"Su ge\u00e7irmez buru\u015fuk kuma\u015f \u00e7apraz ask\u0131l\u0131 \u00e7anta- Sanmorris su ge\u00e7irmez buru\u015fuk kuma\u015f \u00e7apraz ask\u0131l\u0131 \u00e7anta \u015f\u0131k tasar\u0131m\u0131yla dikkat \u00e7ekiyor.","og_url":"https:\/\/sanmorrisbags.com\/tr\/product\/kod-4004\/","og_site_name":"Sanmorris Bags","article_publisher":"https:\/\/www.facebook.com\/sanmorrisbags","article_modified_time":"2024-12-20T14:19:03+00:00","og_image":[{"width":1200,"height":1800,"url":"https:\/\/sanmorrisbags.com\/wp-content\/uploads\/2024\/10\/267.jpg","type":"image\/jpeg"}],"twitter_card":"summary_large_image","twitter_site":"@sanmorrisbag","twitter_misc":{"Durumu":"Stokta var"},"schema":{"@context":"https:\/\/schema.org","@graph":[{"@type":"WebPage","@id":"https:\/\/sanmorrisbags.com\/tr\/product\/kod-4004\/","url":"https:\/\/sanmorrisbags.com\/tr\/product\/kod-4004\/","name":"Su ge\u00e7irmez buru\u015fuk kuma\u015f \u00e7apraz ask\u0131l\u0131 \u00e7anta - Sanmorris Bags","isPartOf":{"@id":"https:\/\/sanmorrisbags.com\/tr\/#website"},"primaryImageOfPage":{"@id":"https:\/\/sanmorrisbags.com\/tr\/product\/kod-4004\/#primaryimage"},"image":{"@id":"https:\/\/sanmorrisbags.com\/tr\/product\/kod-4004\/#primaryimage"},"thumbnailUrl":"https:\/\/sanmorrisbags.com\/wp-content\/uploads\/2024\/10\/267.jpg","datePublished":"2024-10-06T23:09:01+00:00","dateModified":"2024-12-20T14:19:03+00:00","description":"Su ge\u00e7irmez buru\u015fuk kuma\u015f \u00e7apraz ask\u0131l\u0131 \u00e7anta- Sanmorris su ge\u00e7irmez buru\u015fuk kuma\u015f \u00e7apraz ask\u0131l\u0131 \u00e7anta \u015f\u0131k tasar\u0131m\u0131yla dikkat \u00e7ekiyor.","breadcrumb":{"@id":"https:\/\/sanmorrisbags.com\/tr\/product\/kod-4004\/#breadcrumb"},"inLanguage":"tr","potentialAction":[{"@type":"ReadAction","target":["https:\/\/sanmorrisbags.com\/tr\/product\/kod-4004\/"]}]},{"@type":"ImageObject","inLanguage":"tr","@id":"https:\/\/sanmorrisbags.com\/tr\/product\/kod-4004\/#primaryimage","url":"https:\/\/sanmorrisbags.com\/wp-content\/uploads\/2024\/10\/267.jpg","contentUrl":"https:\/\/sanmorrisbags.com\/wp-content\/uploads\/2024\/10\/267.jpg","width":1200,"height":1800},{"@type":"BreadcrumbList","@id":"https:\/\/sanmorrisbags.com\/tr\/product\/kod-4004\/#breadcrumb","itemListElement":[{"@type":"ListItem","position":1,"name":"Home","item":"https:\/\/sanmorrisbags.com\/tr\/home\/"},{"@type":"ListItem","position":2,"name":"Shop","item":"https:\/\/sanmorrisbags.com\/shop\/"},{"@type":"ListItem","position":3,"name":"Kod: 4004"}]},{"@type":"WebSite","@id":"https:\/\/sanmorrisbags.com\/tr\/#website","url":"https:\/\/sanmorrisbags.com\/tr\/","name":"Sanmorris Bags","description":"","publisher":{"@id":"https:\/\/sanmorrisbags.com\/tr\/#organization"},"potentialAction":[{"@type":"SearchAction","target":{"@type":"EntryPoint","urlTemplate":"https:\/\/sanmorrisbags.com\/tr\/?s={search_term_string}"},"query-input":{"@type":"PropertyValueSpecification","valueRequired":true,"valueName":"search_term_string"}}],"inLanguage":"tr"},{"@type":"Organization","@id":"https:\/\/sanmorrisbags.com\/tr\/#organization","name":"Sanmorris Bags","url":"https:\/\/sanmorrisbags.com\/tr\/","logo":{"@type":"ImageObject","inLanguage":"tr","@id":"https:\/\/sanmorrisbags.com\/tr\/#\/schema\/logo\/image\/","url":"https:\/\/sanmorrisbags.com\/wp-content\/uploads\/2023\/02\/Logo-new.png","contentUrl":"https:\/\/sanmorrisbags.com\/wp-content\/uploads\/2023\/02\/Logo-new.png","width":1000,"height":1000,"caption":"Sanmorris Bags"},"image":{"@id":"https:\/\/sanmorrisbags.com\/tr\/#\/schema\/logo\/image\/"},"sameAs":["https:\/\/www.facebook.com\/sanmorrisbags","https:\/\/x.com\/sanmorrisbag","https:\/\/www.instagram.com\/sanmorrisbag\/"]}]},"og_availability":"instock","product_availability":"instock","product_condition":"new"},"_links":{"self":[{"href":"https:\/\/sanmorrisbags.com\/tr\/wp-json\/wp\/v2\/product\/20831","targetHints":{"allow":["GET"]}}],"collection":[{"href":"https:\/\/sanmorrisbags.com\/tr\/wp-json\/wp\/v2\/product"}],"about":[{"href":"https:\/\/sanmorrisbags.com\/tr\/wp-json\/wp\/v2\/types\/product"}],"replies":[{"embeddable":true,"href":"https:\/\/sanmorrisbags.com\/tr\/wp-json\/wp\/v2\/comments?post=20831"}],"wp:featuredmedia":[{"embeddable":true,"href":"https:\/\/sanmorrisbags.com\/tr\/wp-json\/wp\/v2\/media\/20839"}],"wp:attachment":[{"href":"https:\/\/sanmorrisbags.com\/tr\/wp-json\/wp\/v2\/media?parent=20831"}],"wp:term":[{"taxonomy":"product_brand","embeddable":true,"href":"https:\/\/sanmorrisbags.com\/tr\/wp-json\/wp\/v2\/product_brand?post=20831"},{"taxonomy":"product_cat","embeddable":true,"href":"https:\/\/sanmorrisbags.com\/tr\/wp-json\/wp\/v2\/product_cat?post=20831"},{"taxonomy":"product_tag","embeddable":true,"href":"https:\/\/sanmorrisbags.com\/tr\/wp-json\/wp\/v2\/product_tag?post=20831"}],"curies":[{"name":"wp","href":"https:\/\/api.w.org\/{rel}","templated":true}]}}