{"id":20874,"date":"2024-10-06T23:03:05","date_gmt":"2024-10-06T23:03:05","guid":{"rendered":"https:\/\/sanmorrisbags.com\/product\/kod-3043\/"},"modified":"2024-10-06T23:03:05","modified_gmt":"2024-10-06T23:03:05","slug":"kod-3043","status":"publish","type":"product","link":"https:\/\/sanmorrisbags.com\/tr\/product\/kod-3043\/","title":{"rendered":"Kod: 3043"},"content":{"rendered":"<p><span style=\"font-weight: 400;\">Sanmorris Unisex Su Ge\u00e7irmez Buru\u015fuk Kuma\u015f Bel ve Omuz \u00c7antas\u0131<\/span><\/p>\n<p><span style=\"font-weight: 400;\">Su ge\u00e7irmez k\u0131r\u0131\u015f\u0131k kuma\u015ftan \u00fcretilen Sanmorris unisex bel ve omuz \u00e7antas\u0131 \u00e7e\u015fitli renk se\u00e7enekleriyle sunuluyor.<\/span><\/p>\n<p><span style=\"font-weight: 400;\">\u00dcr\u00fcn \u00d6l\u00e7\u00fcleri:<\/span><\/p>\n<p><span style=\"font-weight: 400;\">&#8211; Geni\u015flik: 14 cm<\/span><\/p>\n<p><span style=\"font-weight: 400;\">G\u00fcnl\u00fck hayat\u0131n\u0131z\u0131 \u00e7ok kolayla\u015ft\u0131racak bir modeldir.<\/span><\/p>\n<p><span style=\"font-weight: 400;\">&#8211; Derinlik: 7 cm<\/span><\/p>\n<p><span style=\"font-weight: 400;\">\u00d6zellikler:<\/span><\/p>\n<p><span style=\"font-weight: 400;\">&#8211; Derinlik: 7 cm<\/span><\/p>\n<p><span style=\"font-weight: 400;\">&#8211; Birinci s\u0131n\u0131f malzemelerden \u00fcretilmi\u015f fermuarlar ve fermuar ba\u015fl\u0131klar\u0131.<\/span><\/p>\n<p><span style=\"font-weight: 400;\">&#8211; Kolay eri\u015fim i\u00e7in her iki tarafta fermuarl\u0131 cepler bulunur.<\/span><\/p>\n<p><span style=\"font-weight: 400;\">&#8211; \u00d6n tarafta ek depolama alan\u0131 i\u00e7in iki adet fermuarl\u0131 cep.<\/span><\/p>\n<p><span style=\"font-weight: 400;\">&#8211; K\u00fc\u00e7\u00fck e\u015fyalar i\u00e7in i\u00e7eride bir adet fermuarl\u0131 cep bulunmaktad\u0131r.<\/span><\/p>\n<p><span style=\"font-weight: 400;\">&#8211; \u00c7ok y\u00f6nl\u00fc d\u00fczenleme i\u00e7in toplam alt\u0131 adet fermuarl\u0131 cep.<\/span><\/p>\n<p><span style=\"font-weight: 400;\">&#8211; Ayarlanabilir ask\u0131s\u0131 bel veya omuzda konfor sa\u011flamak i\u00e7in kolayca uzat\u0131labilir veya k\u0131salt\u0131labilir.<\/span><\/p>\n<p><span style=\"font-weight: 400;\">&#8211; Ask\u0131 uzunluklar\u0131 her iki tarafta bulunan destek kolonlar\u0131 sayesinde ayarlanabilir.<\/span><\/p>\n<p><span style=\"font-weight: 400;\">&#8211; Arka tarafta bir adet fermuarl\u0131 cep bulunmaktad\u0131r.<\/span><\/p>\n<p><span style=\"font-weight: 400;\">&#8211; Rahat kullan\u0131m i\u00e7in \u00e7\u0131kar\u0131labilir aksesuar.<\/span><\/p>\n<p><span style=\"font-weight: 400;\">&#8211; Aksesuar kollar\u0131 ek i\u015flevsellik i\u00e7in a\u00e7\u0131l\u0131p kapanabilir.<\/span><\/p>\n<p><span style=\"font-weight: 400;\">&#8211; Nemli bezle kolayca temizlenebilir.<\/span><\/p>\n","protected":false},"excerpt":{"rendered":"<p>Sanmorris Unisex Su Ge\u00e7irmez Buru\u015fuk Kuma\u015f Bel ve Omuz \u00c7antas\u0131 Su ge\u00e7irmez k\u0131r\u0131\u015f\u0131k kuma\u015ftan \u00fcretilen Sanmorris unisex bel ve omuz \u00e7antas\u0131 \u00e7e\u015fitli renk se\u00e7enekleriyle sunuluyor. \u00dcr\u00fcn \u00d6l\u00e7\u00fcleri: &#8211; Geni\u015flik: 14 cm G\u00fcnl\u00fck hayat\u0131n\u0131z\u0131 \u00e7ok kolayla\u015ft\u0131racak bir modeldir. &#8211; Derinlik: 7 cm \u00d6zellikler: &#8211; Derinlik: 7 cm &#8211; Birinci s\u0131n\u0131f malzemelerden \u00fcretilmi\u015f fermuarlar ve fermuar ba\u015fl\u0131klar\u0131. [&hellip;]<\/p>\n","protected":false},"featured_media":19348,"comment_status":"closed","ping_status":"closed","template":"","meta":[],"product_brand":[],"product_cat":[62],"product_tag":[],"class_list":{"0":"post-20874","1":"product","2":"type-product","3":"status-publish","4":"has-post-thumbnail","6":"product_cat-bel-cantasi","7":"pa_color-acik-gri","8":"pa_color-haki","9":"pa_color-koyu-gri","10":"pa_color-lacivert","11":"pa_color-siyah","13":"first","14":"instock","15":"shipping-taxable","16":"purchasable","17":"product-type-variable","18":"wvs-archive-product-wrapper"},"yoast_head":"<!-- This site is optimized with the Yoast SEO Premium plugin v25.4 (Yoast SEO v27.4) - https:\/\/yoast.com\/product\/yoast-seo-premium-wordpress\/ -->\n<title>unisex bel ve omuz \u00e7antas\u0131 Kod: 3043 - Sanmorris Bags<\/title>\n<meta name=\"description\" content=\"Unisex bel ve omuz \u00e7antas\u0131\" \/>\n<meta name=\"robots\" content=\"index, follow, max-snippet:-1, max-image-preview:large, max-video-preview:-1\" \/>\n<link rel=\"canonical\" href=\"https:\/\/sanmorrisbags.com\/tr\/product\/kod-3043\/\" \/>\n<meta property=\"og:locale\" content=\"tr_TR\" \/>\n<meta property=\"og:type\" content=\"article\" \/>\n<meta property=\"og:title\" content=\"Kod: 3043\" \/>\n<meta property=\"og:description\" content=\"Unisex bel ve omuz \u00e7antas\u0131\" \/>\n<meta property=\"og:url\" content=\"https:\/\/sanmorrisbags.com\/tr\/product\/kod-3043\/\" \/>\n<meta property=\"og:site_name\" content=\"Sanmorris Bags\" \/>\n<meta property=\"article:publisher\" content=\"https:\/\/www.facebook.com\/sanmorrisbags\" \/>\n<meta property=\"og:image\" content=\"https:\/\/sanmorrisbags.com\/wp-content\/uploads\/2024\/10\/DSC_4108.jpg\" \/>\n\t<meta property=\"og:image:width\" content=\"1200\" \/>\n\t<meta property=\"og:image:height\" content=\"1800\" \/>\n\t<meta property=\"og:image:type\" content=\"image\/jpeg\" \/>\n<meta name=\"twitter:card\" content=\"summary_large_image\" \/>\n<meta name=\"twitter:site\" content=\"@sanmorrisbag\" \/>\n<meta name=\"twitter:label1\" content=\"Durumu\" \/>\n\t<meta name=\"twitter:data1\" content=\"Stokta var\" \/>\n<script type=\"application\/ld+json\" class=\"yoast-schema-graph\">{\"@context\":\"https:\\\/\\\/schema.org\",\"@graph\":[{\"@type\":\"WebPage\",\"@id\":\"https:\\\/\\\/sanmorrisbags.com\\\/tr\\\/product\\\/kod-3043\\\/\",\"url\":\"https:\\\/\\\/sanmorrisbags.com\\\/tr\\\/product\\\/kod-3043\\\/\",\"name\":\"unisex bel ve omuz \u00e7antas\u0131 Kod: 3043 - Sanmorris Bags\",\"isPartOf\":{\"@id\":\"https:\\\/\\\/sanmorrisbags.com\\\/tr\\\/#website\"},\"primaryImageOfPage\":{\"@id\":\"https:\\\/\\\/sanmorrisbags.com\\\/tr\\\/product\\\/kod-3043\\\/#primaryimage\"},\"image\":{\"@id\":\"https:\\\/\\\/sanmorrisbags.com\\\/tr\\\/product\\\/kod-3043\\\/#primaryimage\"},\"thumbnailUrl\":\"https:\\\/\\\/sanmorrisbags.com\\\/wp-content\\\/uploads\\\/2024\\\/10\\\/DSC_4108.jpg\",\"datePublished\":\"2024-10-06T23:03:05+00:00\",\"description\":\"Unisex bel ve omuz \u00e7antas\u0131\",\"breadcrumb\":{\"@id\":\"https:\\\/\\\/sanmorrisbags.com\\\/tr\\\/product\\\/kod-3043\\\/#breadcrumb\"},\"inLanguage\":\"tr\",\"potentialAction\":[{\"@type\":\"ReadAction\",\"target\":[\"https:\\\/\\\/sanmorrisbags.com\\\/tr\\\/product\\\/kod-3043\\\/\"]}]},{\"@type\":\"ImageObject\",\"inLanguage\":\"tr\",\"@id\":\"https:\\\/\\\/sanmorrisbags.com\\\/tr\\\/product\\\/kod-3043\\\/#primaryimage\",\"url\":\"https:\\\/\\\/sanmorrisbags.com\\\/wp-content\\\/uploads\\\/2024\\\/10\\\/DSC_4108.jpg\",\"contentUrl\":\"https:\\\/\\\/sanmorrisbags.com\\\/wp-content\\\/uploads\\\/2024\\\/10\\\/DSC_4108.jpg\",\"width\":1200,\"height\":1800,\"caption\":\"Unisex waist and shoulder bag\"},{\"@type\":\"BreadcrumbList\",\"@id\":\"https:\\\/\\\/sanmorrisbags.com\\\/tr\\\/product\\\/kod-3043\\\/#breadcrumb\",\"itemListElement\":[{\"@type\":\"ListItem\",\"position\":1,\"name\":\"Home\",\"item\":\"https:\\\/\\\/sanmorrisbags.com\\\/tr\\\/home\\\/\"},{\"@type\":\"ListItem\",\"position\":2,\"name\":\"Shop\",\"item\":\"https:\\\/\\\/sanmorrisbags.com\\\/shop\\\/\"},{\"@type\":\"ListItem\",\"position\":3,\"name\":\"Kod: 3043\"}]},{\"@type\":\"WebSite\",\"@id\":\"https:\\\/\\\/sanmorrisbags.com\\\/tr\\\/#website\",\"url\":\"https:\\\/\\\/sanmorrisbags.com\\\/tr\\\/\",\"name\":\"Sanmorris Bags\",\"description\":\"\",\"publisher\":{\"@id\":\"https:\\\/\\\/sanmorrisbags.com\\\/tr\\\/#organization\"},\"potentialAction\":[{\"@type\":\"SearchAction\",\"target\":{\"@type\":\"EntryPoint\",\"urlTemplate\":\"https:\\\/\\\/sanmorrisbags.com\\\/tr\\\/?s={search_term_string}\"},\"query-input\":{\"@type\":\"PropertyValueSpecification\",\"valueRequired\":true,\"valueName\":\"search_term_string\"}}],\"inLanguage\":\"tr\"},{\"@type\":\"Organization\",\"@id\":\"https:\\\/\\\/sanmorrisbags.com\\\/tr\\\/#organization\",\"name\":\"Sanmorris Bags\",\"url\":\"https:\\\/\\\/sanmorrisbags.com\\\/tr\\\/\",\"logo\":{\"@type\":\"ImageObject\",\"inLanguage\":\"tr\",\"@id\":\"https:\\\/\\\/sanmorrisbags.com\\\/tr\\\/#\\\/schema\\\/logo\\\/image\\\/\",\"url\":\"https:\\\/\\\/sanmorrisbags.com\\\/wp-content\\\/uploads\\\/2023\\\/02\\\/Logo-new.png\",\"contentUrl\":\"https:\\\/\\\/sanmorrisbags.com\\\/wp-content\\\/uploads\\\/2023\\\/02\\\/Logo-new.png\",\"width\":1000,\"height\":1000,\"caption\":\"Sanmorris Bags\"},\"image\":{\"@id\":\"https:\\\/\\\/sanmorrisbags.com\\\/tr\\\/#\\\/schema\\\/logo\\\/image\\\/\"},\"sameAs\":[\"https:\\\/\\\/www.facebook.com\\\/sanmorrisbags\",\"https:\\\/\\\/x.com\\\/sanmorrisbag\",\"https:\\\/\\\/www.instagram.com\\\/sanmorrisbag\\\/\"]}]}<\/script>\n<meta property=\"og:availability\" content=\"instock\" \/>\n<meta property=\"product:availability\" content=\"instock\" \/>\n<meta property=\"product:condition\" content=\"new\" \/>\n<!-- \/ Yoast SEO Premium plugin. -->","yoast_head_json":{"title":"unisex bel ve omuz \u00e7antas\u0131 Kod: 3043 - Sanmorris Bags","description":"Unisex bel ve omuz \u00e7antas\u0131","robots":{"index":"index","follow":"follow","max-snippet":"max-snippet:-1","max-image-preview":"max-image-preview:large","max-video-preview":"max-video-preview:-1"},"canonical":"https:\/\/sanmorrisbags.com\/tr\/product\/kod-3043\/","og_locale":"tr_TR","og_type":"article","og_title":"Kod: 3043","og_description":"Unisex bel ve omuz \u00e7antas\u0131","og_url":"https:\/\/sanmorrisbags.com\/tr\/product\/kod-3043\/","og_site_name":"Sanmorris Bags","article_publisher":"https:\/\/www.facebook.com\/sanmorrisbags","og_image":[{"width":1200,"height":1800,"url":"https:\/\/sanmorrisbags.com\/wp-content\/uploads\/2024\/10\/DSC_4108.jpg","type":"image\/jpeg"}],"twitter_card":"summary_large_image","twitter_site":"@sanmorrisbag","twitter_misc":{"Durumu":"Stokta var"},"schema":{"@context":"https:\/\/schema.org","@graph":[{"@type":"WebPage","@id":"https:\/\/sanmorrisbags.com\/tr\/product\/kod-3043\/","url":"https:\/\/sanmorrisbags.com\/tr\/product\/kod-3043\/","name":"unisex bel ve omuz \u00e7antas\u0131 Kod: 3043 - Sanmorris Bags","isPartOf":{"@id":"https:\/\/sanmorrisbags.com\/tr\/#website"},"primaryImageOfPage":{"@id":"https:\/\/sanmorrisbags.com\/tr\/product\/kod-3043\/#primaryimage"},"image":{"@id":"https:\/\/sanmorrisbags.com\/tr\/product\/kod-3043\/#primaryimage"},"thumbnailUrl":"https:\/\/sanmorrisbags.com\/wp-content\/uploads\/2024\/10\/DSC_4108.jpg","datePublished":"2024-10-06T23:03:05+00:00","description":"Unisex bel ve omuz \u00e7antas\u0131","breadcrumb":{"@id":"https:\/\/sanmorrisbags.com\/tr\/product\/kod-3043\/#breadcrumb"},"inLanguage":"tr","potentialAction":[{"@type":"ReadAction","target":["https:\/\/sanmorrisbags.com\/tr\/product\/kod-3043\/"]}]},{"@type":"ImageObject","inLanguage":"tr","@id":"https:\/\/sanmorrisbags.com\/tr\/product\/kod-3043\/#primaryimage","url":"https:\/\/sanmorrisbags.com\/wp-content\/uploads\/2024\/10\/DSC_4108.jpg","contentUrl":"https:\/\/sanmorrisbags.com\/wp-content\/uploads\/2024\/10\/DSC_4108.jpg","width":1200,"height":1800,"caption":"Unisex waist and shoulder bag"},{"@type":"BreadcrumbList","@id":"https:\/\/sanmorrisbags.com\/tr\/product\/kod-3043\/#breadcrumb","itemListElement":[{"@type":"ListItem","position":1,"name":"Home","item":"https:\/\/sanmorrisbags.com\/tr\/home\/"},{"@type":"ListItem","position":2,"name":"Shop","item":"https:\/\/sanmorrisbags.com\/shop\/"},{"@type":"ListItem","position":3,"name":"Kod: 3043"}]},{"@type":"WebSite","@id":"https:\/\/sanmorrisbags.com\/tr\/#website","url":"https:\/\/sanmorrisbags.com\/tr\/","name":"Sanmorris Bags","description":"","publisher":{"@id":"https:\/\/sanmorrisbags.com\/tr\/#organization"},"potentialAction":[{"@type":"SearchAction","target":{"@type":"EntryPoint","urlTemplate":"https:\/\/sanmorrisbags.com\/tr\/?s={search_term_string}"},"query-input":{"@type":"PropertyValueSpecification","valueRequired":true,"valueName":"search_term_string"}}],"inLanguage":"tr"},{"@type":"Organization","@id":"https:\/\/sanmorrisbags.com\/tr\/#organization","name":"Sanmorris Bags","url":"https:\/\/sanmorrisbags.com\/tr\/","logo":{"@type":"ImageObject","inLanguage":"tr","@id":"https:\/\/sanmorrisbags.com\/tr\/#\/schema\/logo\/image\/","url":"https:\/\/sanmorrisbags.com\/wp-content\/uploads\/2023\/02\/Logo-new.png","contentUrl":"https:\/\/sanmorrisbags.com\/wp-content\/uploads\/2023\/02\/Logo-new.png","width":1000,"height":1000,"caption":"Sanmorris Bags"},"image":{"@id":"https:\/\/sanmorrisbags.com\/tr\/#\/schema\/logo\/image\/"},"sameAs":["https:\/\/www.facebook.com\/sanmorrisbags","https:\/\/x.com\/sanmorrisbag","https:\/\/www.instagram.com\/sanmorrisbag\/"]}]},"og_availability":"instock","product_availability":"instock","product_condition":"new"},"_links":{"self":[{"href":"https:\/\/sanmorrisbags.com\/tr\/wp-json\/wp\/v2\/product\/20874","targetHints":{"allow":["GET"]}}],"collection":[{"href":"https:\/\/sanmorrisbags.com\/tr\/wp-json\/wp\/v2\/product"}],"about":[{"href":"https:\/\/sanmorrisbags.com\/tr\/wp-json\/wp\/v2\/types\/product"}],"replies":[{"embeddable":true,"href":"https:\/\/sanmorrisbags.com\/tr\/wp-json\/wp\/v2\/comments?post=20874"}],"wp:featuredmedia":[{"embeddable":true,"href":"https:\/\/sanmorrisbags.com\/tr\/wp-json\/wp\/v2\/media\/19348"}],"wp:attachment":[{"href":"https:\/\/sanmorrisbags.com\/tr\/wp-json\/wp\/v2\/media?parent=20874"}],"wp:term":[{"taxonomy":"product_brand","embeddable":true,"href":"https:\/\/sanmorrisbags.com\/tr\/wp-json\/wp\/v2\/product_brand?post=20874"},{"taxonomy":"product_cat","embeddable":true,"href":"https:\/\/sanmorrisbags.com\/tr\/wp-json\/wp\/v2\/product_cat?post=20874"},{"taxonomy":"product_tag","embeddable":true,"href":"https:\/\/sanmorrisbags.com\/tr\/wp-json\/wp\/v2\/product_tag?post=20874"}],"curies":[{"name":"wp","href":"https:\/\/api.w.org\/{rel}","templated":true}]}}