{"id":20988,"date":"2024-10-06T21:59:46","date_gmt":"2024-10-06T21:59:46","guid":{"rendered":"https:\/\/sanmorrisbags.com\/product\/kod-1391-2\/"},"modified":"2024-10-22T13:52:33","modified_gmt":"2024-10-22T13:52:33","slug":"kod-1391-2-sanmorris-markali-kapitone","status":"publish","type":"product","link":"https:\/\/sanmorrisbags.com\/tr\/product\/kod-1391-2-sanmorris-markali-kapitone\/","title":{"rendered":"Kod: 1391"},"content":{"rendered":"<h3>Sanmorris Kapitone Desenli Portf\u00f6y \u00c7antas\u0131<\/h3>\n<p>Aksesuar koleksiyonunuza \u015f\u0131k ve i\u015flevsel bir ek olan Sanmorris Kapitone Desenli Portf\u00f6y \u00c7antay\u0131 ke\u015ffedin. Y\u00fcksek kaliteli suni deriden \u00fcretilen bu \u00e7anta, zarafeti pratiklikle birle\u015ftirmek i\u00e7in tasarlanm\u0131\u015ft\u0131r ve bu da onu \u00e7e\u015fitli durumlar i\u00e7in m\u00fckemmel hale getirir. Portf\u00f6y \u00e7anta, genel \u00e7ekicili\u011fini art\u0131ran yumu\u015fak bir astar ve \u015f\u0131k aksesuarlara sahiptir. G\u00fcnl\u00fck kullan\u0131m i\u00e7in en iyi \u015fekilde, ana b\u00f6lme sa\u011flam bir metal fermuar ve manyetik kapakl\u0131 kapatma ile donat\u0131lm\u0131\u015ft\u0131r ve e\u015fyalar\u0131n\u0131z\u0131 g\u00fcvende tutarken kolay eri\u015fim sa\u011flar. \u0130ster ofise gidiyor olun, ister \u00f6zel bir etkinli\u011fe kat\u0131l\u0131yor olun veya rahat bir g\u00fcn i\u00e7in d\u0131\u015far\u0131 \u00e7\u0131k\u0131yor olun, bu \u00e7ok y\u00f6nl\u00fc \u00e7anta her k\u0131yafeti zahmetsizce tamamlar. Geni\u015f i\u00e7 k\u0131sm\u0131yla Sanmorris portf\u00f6y \u00e7antas\u0131 tamamen astarl\u0131d\u0131r ve rahatl\u0131k i\u00e7in tasarlanm\u0131\u015ft\u0131r. Hem klasik bir g\u00f6r\u00fcn\u00fcm i\u00e7in bir el ask\u0131s\u0131 hem de eller serbest i\u015flevsellik i\u00e7in ayarlanabilir bir \u00e7apraz ask\u0131 i\u00e7erir. Bu uyarlanabilirlik, hem stil hem de pratikli\u011fi takdir eden hareket halindeki ki\u015filer i\u00e7in idealdir. Kapitone desen, bu \u00e7antan\u0131n her ortamda \u00f6ne \u00e7\u0131kmas\u0131n\u0131 sa\u011flayan bir sofistike dokunu\u015f katar. Zarif tasar\u0131m\u0131, ister resmi toplant\u0131lar, ister i\u015f toplant\u0131lar\u0131 veya g\u00fcnl\u00fck i\u015fler i\u00e7in olsun, gard\u0131robunu geli\u015ftirmek isteyen herkes i\u00e7in olmazsa olmaz bir par\u00e7ad\u0131r. <strong>Bak\u0131m Talimatlar\u0131:<\/strong> G\u00fczelli\u011fini ve dayan\u0131kl\u0131l\u0131\u011f\u0131n\u0131 korumak i\u00e7in, Sanmorris Kapitone Desenli Portf\u00f6y \u00c7antas\u0131n\u0131 nemli bir bezle temizlemeniz yeterlidir. Stil, rahatl\u0131k ve kalitenin m\u00fckemmel kar\u0131\u015f\u0131m\u0131 olan Sanmorris Portf\u00f6y \u00c7antas\u0131 ile aksesuar oyununuzu geli\u015ftirin. Bug\u00fcn sipari\u015f verin ve t\u00fcm moda ihtiya\u00e7lar\u0131n\u0131z i\u00e7in m\u00fckemmel bir arkada\u015f edinin! <\/p>\n","protected":false},"excerpt":{"rendered":"<p>Sanmorris Kapitone Desenli Portf\u00f6y \u00c7antas\u0131 Aksesuar koleksiyonunuza \u015f\u0131k ve i\u015flevsel bir ek olan Sanmorris Kapitone Desenli Portf\u00f6y \u00c7antay\u0131 ke\u015ffedin. Y\u00fcksek kaliteli suni deriden \u00fcretilen bu \u00e7anta, zarafeti pratiklikle birle\u015ftirmek i\u00e7in tasarlanm\u0131\u015ft\u0131r ve bu da onu \u00e7e\u015fitli durumlar i\u00e7in m\u00fckemmel hale getirir. Portf\u00f6y \u00e7anta, genel \u00e7ekicili\u011fini art\u0131ran yumu\u015fak bir astar ve \u015f\u0131k aksesuarlara sahiptir. G\u00fcnl\u00fck kullan\u0131m [&hellip;]<\/p>\n","protected":false},"featured_media":20923,"comment_status":"closed","ping_status":"closed","template":"","meta":[],"product_brand":[],"product_cat":[65],"product_tag":[],"class_list":{"0":"post-20988","1":"product","2":"type-product","3":"status-publish","4":"has-post-thumbnail","6":"product_cat-portfoy-canta","7":"pa_color-beyaz","8":"pa_color-krem","9":"pa_color-kum","10":"pa_color-lacivert","11":"pa_color-siyah","12":"pa_color-siyah-parlak","13":"pa_color-taba","15":"first","16":"instock","17":"shipping-taxable","18":"purchasable","19":"product-type-variable","20":"wvs-archive-product-wrapper"},"yoast_head":"<!-- This site is optimized with the Yoast SEO Premium plugin v25.4 (Yoast SEO v27.6) - https:\/\/yoast.com\/product\/yoast-seo-premium-wordpress\/ -->\n<title>kapitone desenli portf\u00f6y \u00e7anta<\/title>\n<meta name=\"description\" content=\"\u015e\u0131k suni deriden yap\u0131lm\u0131\u015f Sanmorris kapitone desenli portf\u00f6y \u00e7antas\u0131, zarif k\u0131yafetler i\u00e7in m\u00fckemmeldir. \u00d6zel etkinlikler ve g\u00fcnl\u00fck kullan\u0131m i\u00e7in idealdir.\" \/>\n<meta name=\"robots\" content=\"index, follow, max-snippet:-1, max-image-preview:large, max-video-preview:-1\" \/>\n<link rel=\"canonical\" href=\"https:\/\/sanmorrisbags.com\/tr\/product\/kod-1391-2-sanmorris-markali-kapitone\/\" \/>\n<meta property=\"og:locale\" content=\"tr_TR\" \/>\n<meta property=\"og:type\" content=\"article\" \/>\n<meta property=\"og:title\" content=\"Kod: 1391\" \/>\n<meta property=\"og:description\" content=\"\u015e\u0131k suni deriden yap\u0131lm\u0131\u015f Sanmorris kapitone desenli portf\u00f6y \u00e7antas\u0131, zarif k\u0131yafetler i\u00e7in m\u00fckemmeldir. \u00d6zel etkinlikler ve g\u00fcnl\u00fck kullan\u0131m i\u00e7in idealdir.\" \/>\n<meta property=\"og:url\" content=\"https:\/\/sanmorrisbags.com\/tr\/product\/kod-1391-2-sanmorris-markali-kapitone\/\" \/>\n<meta property=\"og:site_name\" content=\"Sanmorris Bags\" \/>\n<meta property=\"article:publisher\" content=\"https:\/\/www.facebook.com\/sanmorrisbags\" \/>\n<meta property=\"article:modified_time\" content=\"2024-10-22T13:52:33+00:00\" \/>\n<meta property=\"og:image\" content=\"https:\/\/sanmorrisbags.com\/wp-content\/uploads\/2024\/10\/290-1.jpg\" \/>\n\t<meta property=\"og:image:width\" content=\"1200\" \/>\n\t<meta property=\"og:image:height\" content=\"1800\" \/>\n\t<meta property=\"og:image:type\" content=\"image\/jpeg\" \/>\n<meta name=\"twitter:card\" content=\"summary_large_image\" \/>\n<meta name=\"twitter:site\" content=\"@sanmorrisbag\" \/>\n<meta name=\"twitter:label1\" content=\"Durumu\" \/>\n\t<meta name=\"twitter:data1\" content=\"Stokta var\" \/>\n<script type=\"application\/ld+json\" class=\"yoast-schema-graph\">{\"@context\":\"https:\\\/\\\/schema.org\",\"@graph\":[{\"@type\":\"WebPage\",\"@id\":\"https:\\\/\\\/sanmorrisbags.com\\\/tr\\\/product\\\/kod-1391-2-sanmorris-markali-kapitone\\\/\",\"url\":\"https:\\\/\\\/sanmorrisbags.com\\\/tr\\\/product\\\/kod-1391-2-sanmorris-markali-kapitone\\\/\",\"name\":\"kapitone desenli portf\u00f6y \u00e7anta\",\"isPartOf\":{\"@id\":\"https:\\\/\\\/sanmorrisbags.com\\\/tr\\\/#website\"},\"primaryImageOfPage\":{\"@id\":\"https:\\\/\\\/sanmorrisbags.com\\\/tr\\\/product\\\/kod-1391-2-sanmorris-markali-kapitone\\\/#primaryimage\"},\"image\":{\"@id\":\"https:\\\/\\\/sanmorrisbags.com\\\/tr\\\/product\\\/kod-1391-2-sanmorris-markali-kapitone\\\/#primaryimage\"},\"thumbnailUrl\":\"https:\\\/\\\/sanmorrisbags.com\\\/wp-content\\\/uploads\\\/2024\\\/10\\\/290-1.jpg\",\"datePublished\":\"2024-10-06T21:59:46+00:00\",\"dateModified\":\"2024-10-22T13:52:33+00:00\",\"description\":\"\u015e\u0131k suni deriden yap\u0131lm\u0131\u015f Sanmorris kapitone desenli portf\u00f6y \u00e7antas\u0131, zarif k\u0131yafetler i\u00e7in m\u00fckemmeldir. \u00d6zel etkinlikler ve g\u00fcnl\u00fck kullan\u0131m i\u00e7in idealdir.\",\"breadcrumb\":{\"@id\":\"https:\\\/\\\/sanmorrisbags.com\\\/tr\\\/product\\\/kod-1391-2-sanmorris-markali-kapitone\\\/#breadcrumb\"},\"inLanguage\":\"tr\",\"potentialAction\":[{\"@type\":\"ReadAction\",\"target\":[\"https:\\\/\\\/sanmorrisbags.com\\\/tr\\\/product\\\/kod-1391-2-sanmorris-markali-kapitone\\\/\"]}]},{\"@type\":\"ImageObject\",\"inLanguage\":\"tr\",\"@id\":\"https:\\\/\\\/sanmorrisbags.com\\\/tr\\\/product\\\/kod-1391-2-sanmorris-markali-kapitone\\\/#primaryimage\",\"url\":\"https:\\\/\\\/sanmorrisbags.com\\\/wp-content\\\/uploads\\\/2024\\\/10\\\/290-1.jpg\",\"contentUrl\":\"https:\\\/\\\/sanmorrisbags.com\\\/wp-content\\\/uploads\\\/2024\\\/10\\\/290-1.jpg\",\"width\":1200,\"height\":1800},{\"@type\":\"BreadcrumbList\",\"@id\":\"https:\\\/\\\/sanmorrisbags.com\\\/tr\\\/product\\\/kod-1391-2-sanmorris-markali-kapitone\\\/#breadcrumb\",\"itemListElement\":[{\"@type\":\"ListItem\",\"position\":1,\"name\":\"Home\",\"item\":\"https:\\\/\\\/sanmorrisbags.com\\\/tr\\\/home\\\/\"},{\"@type\":\"ListItem\",\"position\":2,\"name\":\"Shop\",\"item\":\"https:\\\/\\\/sanmorrisbags.com\\\/shop\\\/\"},{\"@type\":\"ListItem\",\"position\":3,\"name\":\"Kod: 1391\"}]},{\"@type\":\"WebSite\",\"@id\":\"https:\\\/\\\/sanmorrisbags.com\\\/tr\\\/#website\",\"url\":\"https:\\\/\\\/sanmorrisbags.com\\\/tr\\\/\",\"name\":\"Sanmorris Bags\",\"description\":\"\",\"publisher\":{\"@id\":\"https:\\\/\\\/sanmorrisbags.com\\\/tr\\\/#organization\"},\"potentialAction\":[{\"@type\":\"SearchAction\",\"target\":{\"@type\":\"EntryPoint\",\"urlTemplate\":\"https:\\\/\\\/sanmorrisbags.com\\\/tr\\\/?s={search_term_string}\"},\"query-input\":{\"@type\":\"PropertyValueSpecification\",\"valueRequired\":true,\"valueName\":\"search_term_string\"}}],\"inLanguage\":\"tr\"},{\"@type\":\"Organization\",\"@id\":\"https:\\\/\\\/sanmorrisbags.com\\\/tr\\\/#organization\",\"name\":\"Sanmorris Bags\",\"url\":\"https:\\\/\\\/sanmorrisbags.com\\\/tr\\\/\",\"logo\":{\"@type\":\"ImageObject\",\"inLanguage\":\"tr\",\"@id\":\"https:\\\/\\\/sanmorrisbags.com\\\/tr\\\/#\\\/schema\\\/logo\\\/image\\\/\",\"url\":\"https:\\\/\\\/sanmorrisbags.com\\\/wp-content\\\/uploads\\\/2023\\\/02\\\/Logo-new.png\",\"contentUrl\":\"https:\\\/\\\/sanmorrisbags.com\\\/wp-content\\\/uploads\\\/2023\\\/02\\\/Logo-new.png\",\"width\":1000,\"height\":1000,\"caption\":\"Sanmorris Bags\"},\"image\":{\"@id\":\"https:\\\/\\\/sanmorrisbags.com\\\/tr\\\/#\\\/schema\\\/logo\\\/image\\\/\"},\"sameAs\":[\"https:\\\/\\\/www.facebook.com\\\/sanmorrisbags\",\"https:\\\/\\\/x.com\\\/sanmorrisbag\",\"https:\\\/\\\/www.instagram.com\\\/sanmorrisbag\\\/\"]}]}<\/script>\n<meta property=\"og:availability\" content=\"instock\" \/>\n<meta property=\"product:availability\" content=\"instock\" \/>\n<meta property=\"product:condition\" content=\"new\" \/>\n<!-- \/ Yoast SEO Premium plugin. -->","yoast_head_json":{"title":"kapitone desenli portf\u00f6y \u00e7anta","description":"\u015e\u0131k suni deriden yap\u0131lm\u0131\u015f Sanmorris kapitone desenli portf\u00f6y \u00e7antas\u0131, zarif k\u0131yafetler i\u00e7in m\u00fckemmeldir. \u00d6zel etkinlikler ve g\u00fcnl\u00fck kullan\u0131m i\u00e7in idealdir.","robots":{"index":"index","follow":"follow","max-snippet":"max-snippet:-1","max-image-preview":"max-image-preview:large","max-video-preview":"max-video-preview:-1"},"canonical":"https:\/\/sanmorrisbags.com\/tr\/product\/kod-1391-2-sanmorris-markali-kapitone\/","og_locale":"tr_TR","og_type":"article","og_title":"Kod: 1391","og_description":"\u015e\u0131k suni deriden yap\u0131lm\u0131\u015f Sanmorris kapitone desenli portf\u00f6y \u00e7antas\u0131, zarif k\u0131yafetler i\u00e7in m\u00fckemmeldir. \u00d6zel etkinlikler ve g\u00fcnl\u00fck kullan\u0131m i\u00e7in idealdir.","og_url":"https:\/\/sanmorrisbags.com\/tr\/product\/kod-1391-2-sanmorris-markali-kapitone\/","og_site_name":"Sanmorris Bags","article_publisher":"https:\/\/www.facebook.com\/sanmorrisbags","article_modified_time":"2024-10-22T13:52:33+00:00","og_image":[{"width":1200,"height":1800,"url":"https:\/\/sanmorrisbags.com\/wp-content\/uploads\/2024\/10\/290-1.jpg","type":"image\/jpeg"}],"twitter_card":"summary_large_image","twitter_site":"@sanmorrisbag","twitter_misc":{"Durumu":"Stokta var"},"schema":{"@context":"https:\/\/schema.org","@graph":[{"@type":"WebPage","@id":"https:\/\/sanmorrisbags.com\/tr\/product\/kod-1391-2-sanmorris-markali-kapitone\/","url":"https:\/\/sanmorrisbags.com\/tr\/product\/kod-1391-2-sanmorris-markali-kapitone\/","name":"kapitone desenli portf\u00f6y \u00e7anta","isPartOf":{"@id":"https:\/\/sanmorrisbags.com\/tr\/#website"},"primaryImageOfPage":{"@id":"https:\/\/sanmorrisbags.com\/tr\/product\/kod-1391-2-sanmorris-markali-kapitone\/#primaryimage"},"image":{"@id":"https:\/\/sanmorrisbags.com\/tr\/product\/kod-1391-2-sanmorris-markali-kapitone\/#primaryimage"},"thumbnailUrl":"https:\/\/sanmorrisbags.com\/wp-content\/uploads\/2024\/10\/290-1.jpg","datePublished":"2024-10-06T21:59:46+00:00","dateModified":"2024-10-22T13:52:33+00:00","description":"\u015e\u0131k suni deriden yap\u0131lm\u0131\u015f Sanmorris kapitone desenli portf\u00f6y \u00e7antas\u0131, zarif k\u0131yafetler i\u00e7in m\u00fckemmeldir. \u00d6zel etkinlikler ve g\u00fcnl\u00fck kullan\u0131m i\u00e7in idealdir.","breadcrumb":{"@id":"https:\/\/sanmorrisbags.com\/tr\/product\/kod-1391-2-sanmorris-markali-kapitone\/#breadcrumb"},"inLanguage":"tr","potentialAction":[{"@type":"ReadAction","target":["https:\/\/sanmorrisbags.com\/tr\/product\/kod-1391-2-sanmorris-markali-kapitone\/"]}]},{"@type":"ImageObject","inLanguage":"tr","@id":"https:\/\/sanmorrisbags.com\/tr\/product\/kod-1391-2-sanmorris-markali-kapitone\/#primaryimage","url":"https:\/\/sanmorrisbags.com\/wp-content\/uploads\/2024\/10\/290-1.jpg","contentUrl":"https:\/\/sanmorrisbags.com\/wp-content\/uploads\/2024\/10\/290-1.jpg","width":1200,"height":1800},{"@type":"BreadcrumbList","@id":"https:\/\/sanmorrisbags.com\/tr\/product\/kod-1391-2-sanmorris-markali-kapitone\/#breadcrumb","itemListElement":[{"@type":"ListItem","position":1,"name":"Home","item":"https:\/\/sanmorrisbags.com\/tr\/home\/"},{"@type":"ListItem","position":2,"name":"Shop","item":"https:\/\/sanmorrisbags.com\/shop\/"},{"@type":"ListItem","position":3,"name":"Kod: 1391"}]},{"@type":"WebSite","@id":"https:\/\/sanmorrisbags.com\/tr\/#website","url":"https:\/\/sanmorrisbags.com\/tr\/","name":"Sanmorris Bags","description":"","publisher":{"@id":"https:\/\/sanmorrisbags.com\/tr\/#organization"},"potentialAction":[{"@type":"SearchAction","target":{"@type":"EntryPoint","urlTemplate":"https:\/\/sanmorrisbags.com\/tr\/?s={search_term_string}"},"query-input":{"@type":"PropertyValueSpecification","valueRequired":true,"valueName":"search_term_string"}}],"inLanguage":"tr"},{"@type":"Organization","@id":"https:\/\/sanmorrisbags.com\/tr\/#organization","name":"Sanmorris Bags","url":"https:\/\/sanmorrisbags.com\/tr\/","logo":{"@type":"ImageObject","inLanguage":"tr","@id":"https:\/\/sanmorrisbags.com\/tr\/#\/schema\/logo\/image\/","url":"https:\/\/sanmorrisbags.com\/wp-content\/uploads\/2023\/02\/Logo-new.png","contentUrl":"https:\/\/sanmorrisbags.com\/wp-content\/uploads\/2023\/02\/Logo-new.png","width":1000,"height":1000,"caption":"Sanmorris Bags"},"image":{"@id":"https:\/\/sanmorrisbags.com\/tr\/#\/schema\/logo\/image\/"},"sameAs":["https:\/\/www.facebook.com\/sanmorrisbags","https:\/\/x.com\/sanmorrisbag","https:\/\/www.instagram.com\/sanmorrisbag\/"]}]},"og_availability":"instock","product_availability":"instock","product_condition":"new"},"_links":{"self":[{"href":"https:\/\/sanmorrisbags.com\/tr\/wp-json\/wp\/v2\/product\/20988","targetHints":{"allow":["GET"]}}],"collection":[{"href":"https:\/\/sanmorrisbags.com\/tr\/wp-json\/wp\/v2\/product"}],"about":[{"href":"https:\/\/sanmorrisbags.com\/tr\/wp-json\/wp\/v2\/types\/product"}],"replies":[{"embeddable":true,"href":"https:\/\/sanmorrisbags.com\/tr\/wp-json\/wp\/v2\/comments?post=20988"}],"wp:featuredmedia":[{"embeddable":true,"href":"https:\/\/sanmorrisbags.com\/tr\/wp-json\/wp\/v2\/media\/20923"}],"wp:attachment":[{"href":"https:\/\/sanmorrisbags.com\/tr\/wp-json\/wp\/v2\/media?parent=20988"}],"wp:term":[{"taxonomy":"product_brand","embeddable":true,"href":"https:\/\/sanmorrisbags.com\/tr\/wp-json\/wp\/v2\/product_brand?post=20988"},{"taxonomy":"product_cat","embeddable":true,"href":"https:\/\/sanmorrisbags.com\/tr\/wp-json\/wp\/v2\/product_cat?post=20988"},{"taxonomy":"product_tag","embeddable":true,"href":"https:\/\/sanmorrisbags.com\/tr\/wp-json\/wp\/v2\/product_tag?post=20988"}],"curies":[{"name":"wp","href":"https:\/\/api.w.org\/{rel}","templated":true}]}}