{"id":21033,"date":"2024-10-06T22:50:55","date_gmt":"2024-10-06T22:50:55","guid":{"rendered":"https:\/\/sanmorrisbags.com\/product\/kod-3032\/"},"modified":"2024-10-06T22:50:55","modified_gmt":"2024-10-06T22:50:55","slug":"kod-3032","status":"publish","type":"product","link":"https:\/\/sanmorrisbags.com\/tr\/product\/kod-3032\/","title":{"rendered":"Kod: 3032"},"content":{"rendered":"<p><span style=\"font-weight: 400;\">Sanmorris \u00c7ok Cepli Su Ge\u00e7irmez \u00c7anta<\/span><\/p>\n<p><span style=\"font-weight: 400;\">Sanmorris&#8217;in kullan\u0131\u015fl\u0131 tasar\u0131m\u0131yla \u00f6ne \u00e7\u0131kan bu \u00e7antas\u0131 g\u00fcnl\u00fck kullan\u0131m i\u00e7in ideal.<\/span><\/p>\n<p><span style=\"font-weight: 400;\">\u00dcr\u00fcn \u00d6l\u00e7\u00fcleri:<\/span><\/p>\n<p><span style=\"font-weight: 400;\">&#8211; Geni\u015flik: 32 cm<\/span><\/p>\n<p><span style=\"font-weight: 400;\">&#8211; Y\u00fckseklik: 32 cm<\/span><\/p>\n<p><span style=\"font-weight: 400;\">&#8211; Derinlik: 14 cm<\/span><\/p>\n<p><span style=\"font-weight: 400;\">\u00d6zellikler:<\/span><\/p>\n<p><span style=\"font-weight: 400;\">&#8211; Fermuarlar ve fermuar ba\u015fl\u0131klar\u0131 en kaliteli \u015fekilde \u00fcretilmi\u015ftir.<\/span><\/p>\n<p><span style=\"font-weight: 400;\">&#8211; \u0130\u00e7 k\u0131s\u0131mda k\u00fc\u00e7\u00fck e\u015fyalar\u0131n\u0131z\u0131 kolayca saklayabilece\u011finiz 1 adet fermuarl\u0131 cep ve 2 adet a\u00e7\u0131k cep bulunmaktad\u0131r.<\/span><\/p>\n<p><span style=\"font-weight: 400;\">&#8211; \u00d6n k\u0131sm\u0131nda 1 adet fermuarl\u0131 cep ve 2 adet \u00e7\u0131t\u00e7\u0131tl\u0131 cep bulunmaktad\u0131r.<\/span><\/p>\n<p><span style=\"font-weight: 400;\">&#8211; Her iki taraf\u0131nda termo cepler bulunmaktad\u0131r.<\/span><\/p>\n<p><span style=\"font-weight: 400;\">&#8211; Arka tarafta fermuarl\u0131 cep bulunmaktad\u0131r.<\/span><\/p>\n<p><span style=\"font-weight: 400;\">&#8211; Ayarlanabilir omuz ask\u0131lar\u0131 hem omuz \u00e7antas\u0131 hem de \u00e7apraz \u00e7anta olarak kullan\u0131m imkan\u0131 sa\u011flar.<\/span><\/p>\n<p><span style=\"font-weight: 400;\">Bu \u00e7anta, i\u015flevsellik ve stilin m\u00fckemmel bir kombinasyonunu sunarak g\u00fcnl\u00fck hayat\u0131n\u0131za harika bir katk\u0131 sa\u011fl\u0131yor.<\/span><\/p>\n<p>&nbsp;<\/p>\n<p><img fetchpriority=\"high\" decoding=\"async\" class=\"alignnone size-medium wp-image-18465\" src=\"https:\/\/www.sanmorrisbags.com\/wp-content\/uploads\/2024\/10\/12-200x300.jpg\" alt=\"\" width=\"200\" height=\"300\"><\/p>\n","protected":false},"excerpt":{"rendered":"<p>Sanmorris \u00c7ok Cepli Su Ge\u00e7irmez \u00c7anta Sanmorris&#8217;in kullan\u0131\u015fl\u0131 tasar\u0131m\u0131yla \u00f6ne \u00e7\u0131kan bu \u00e7antas\u0131 g\u00fcnl\u00fck kullan\u0131m i\u00e7in ideal. \u00dcr\u00fcn \u00d6l\u00e7\u00fcleri: &#8211; Geni\u015flik: 32 cm &#8211; Y\u00fckseklik: 32 cm &#8211; Derinlik: 14 cm \u00d6zellikler: &#8211; Fermuarlar ve fermuar ba\u015fl\u0131klar\u0131 en kaliteli \u015fekilde \u00fcretilmi\u015ftir. &#8211; \u0130\u00e7 k\u0131s\u0131mda k\u00fc\u00e7\u00fck e\u015fyalar\u0131n\u0131z\u0131 kolayca saklayabilece\u011finiz 1 adet fermuarl\u0131 cep ve 2 adet [&hellip;]<\/p>\n","protected":false},"featured_media":24344,"comment_status":"closed","ping_status":"closed","template":"","meta":[],"product_brand":[],"product_cat":[63,66],"product_tag":[],"class_list":{"0":"post-21033","1":"product","2":"type-product","3":"status-publish","4":"has-post-thumbnail","6":"product_cat-capraz-canta","7":"product_cat-omuz-cantasi","8":"pa_color-acik-gri","9":"pa_color-haki","10":"pa_color-kirmizi","11":"pa_color-koyu-gri","12":"pa_color-kum","13":"pa_color-siyah","15":"first","16":"instock","17":"shipping-taxable","18":"purchasable","19":"product-type-variable","20":"wvs-archive-product-wrapper"},"yoast_head":"<!-- This site is optimized with the Yoast SEO Premium plugin v25.4 (Yoast SEO v27.6) - https:\/\/yoast.com\/product\/yoast-seo-premium-wordpress\/ -->\n<title>\u00c7ok cepli su ge\u00e7irmez \u00e7anta Kod: 3032 - Sanmorris Bags<\/title>\n<meta name=\"description\" content=\"\u00c7ok cepli su ge\u00e7irmez \u00e7anta. Sanmorris \u00e7ok cepli su ge\u00e7irmez \u00e7anta, \u015f\u0131k \u00f6zellikleriyle g\u00fcnl\u00fck kullan\u0131m i\u00e7in tasarlanm\u0131\u015ft\u0131r.\" \/>\n<meta name=\"robots\" content=\"index, follow, max-snippet:-1, max-image-preview:large, max-video-preview:-1\" \/>\n<link rel=\"canonical\" href=\"https:\/\/sanmorrisbags.com\/tr\/product\/kod-3032\/\" \/>\n<meta property=\"og:locale\" content=\"tr_TR\" \/>\n<meta property=\"og:type\" content=\"article\" \/>\n<meta property=\"og:title\" content=\"Kod: 3032\" \/>\n<meta property=\"og:description\" content=\"\u00c7ok cepli su ge\u00e7irmez \u00e7anta. Sanmorris \u00e7ok cepli su ge\u00e7irmez \u00e7anta, \u015f\u0131k \u00f6zellikleriyle g\u00fcnl\u00fck kullan\u0131m i\u00e7in tasarlanm\u0131\u015ft\u0131r.\" \/>\n<meta property=\"og:url\" content=\"https:\/\/sanmorrisbags.com\/tr\/product\/kod-3032\/\" \/>\n<meta property=\"og:site_name\" content=\"Sanmorris Bags\" \/>\n<meta property=\"article:publisher\" content=\"https:\/\/www.facebook.com\/sanmorrisbags\" \/>\n<meta property=\"og:image\" content=\"https:\/\/sanmorrisbags.com\/wp-content\/uploads\/2024\/10\/59-2.jpg\" \/>\n\t<meta property=\"og:image:width\" content=\"1200\" \/>\n\t<meta property=\"og:image:height\" content=\"1800\" \/>\n\t<meta property=\"og:image:type\" content=\"image\/jpeg\" \/>\n<meta name=\"twitter:card\" content=\"summary_large_image\" \/>\n<meta name=\"twitter:site\" content=\"@sanmorrisbag\" \/>\n<meta name=\"twitter:label1\" content=\"Durumu\" \/>\n\t<meta name=\"twitter:data1\" content=\"Stokta var\" \/>\n<script type=\"application\/ld+json\" class=\"yoast-schema-graph\">{\"@context\":\"https:\\\/\\\/schema.org\",\"@graph\":[{\"@type\":\"WebPage\",\"@id\":\"https:\\\/\\\/sanmorrisbags.com\\\/tr\\\/product\\\/kod-3032\\\/\",\"url\":\"https:\\\/\\\/sanmorrisbags.com\\\/tr\\\/product\\\/kod-3032\\\/\",\"name\":\"\u00c7ok cepli su ge\u00e7irmez \u00e7anta Kod: 3032 - Sanmorris Bags\",\"isPartOf\":{\"@id\":\"https:\\\/\\\/sanmorrisbags.com\\\/tr\\\/#website\"},\"primaryImageOfPage\":{\"@id\":\"https:\\\/\\\/sanmorrisbags.com\\\/tr\\\/product\\\/kod-3032\\\/#primaryimage\"},\"image\":{\"@id\":\"https:\\\/\\\/sanmorrisbags.com\\\/tr\\\/product\\\/kod-3032\\\/#primaryimage\"},\"thumbnailUrl\":\"https:\\\/\\\/sanmorrisbags.com\\\/wp-content\\\/uploads\\\/2024\\\/10\\\/59-2.jpg\",\"datePublished\":\"2024-10-06T22:50:55+00:00\",\"description\":\"\u00c7ok cepli su ge\u00e7irmez \u00e7anta. Sanmorris \u00e7ok cepli su ge\u00e7irmez \u00e7anta, \u015f\u0131k \u00f6zellikleriyle g\u00fcnl\u00fck kullan\u0131m i\u00e7in tasarlanm\u0131\u015ft\u0131r.\",\"breadcrumb\":{\"@id\":\"https:\\\/\\\/sanmorrisbags.com\\\/tr\\\/product\\\/kod-3032\\\/#breadcrumb\"},\"inLanguage\":\"tr\",\"potentialAction\":[{\"@type\":\"ReadAction\",\"target\":[\"https:\\\/\\\/sanmorrisbags.com\\\/tr\\\/product\\\/kod-3032\\\/\"]}]},{\"@type\":\"ImageObject\",\"inLanguage\":\"tr\",\"@id\":\"https:\\\/\\\/sanmorrisbags.com\\\/tr\\\/product\\\/kod-3032\\\/#primaryimage\",\"url\":\"https:\\\/\\\/sanmorrisbags.com\\\/wp-content\\\/uploads\\\/2024\\\/10\\\/59-2.jpg\",\"contentUrl\":\"https:\\\/\\\/sanmorrisbags.com\\\/wp-content\\\/uploads\\\/2024\\\/10\\\/59-2.jpg\",\"width\":1200,\"height\":1800},{\"@type\":\"BreadcrumbList\",\"@id\":\"https:\\\/\\\/sanmorrisbags.com\\\/tr\\\/product\\\/kod-3032\\\/#breadcrumb\",\"itemListElement\":[{\"@type\":\"ListItem\",\"position\":1,\"name\":\"Home\",\"item\":\"https:\\\/\\\/sanmorrisbags.com\\\/tr\\\/home\\\/\"},{\"@type\":\"ListItem\",\"position\":2,\"name\":\"Shop\",\"item\":\"https:\\\/\\\/sanmorrisbags.com\\\/shop\\\/\"},{\"@type\":\"ListItem\",\"position\":3,\"name\":\"Kod: 3032\"}]},{\"@type\":\"WebSite\",\"@id\":\"https:\\\/\\\/sanmorrisbags.com\\\/tr\\\/#website\",\"url\":\"https:\\\/\\\/sanmorrisbags.com\\\/tr\\\/\",\"name\":\"Sanmorris Bags\",\"description\":\"\",\"publisher\":{\"@id\":\"https:\\\/\\\/sanmorrisbags.com\\\/tr\\\/#organization\"},\"potentialAction\":[{\"@type\":\"SearchAction\",\"target\":{\"@type\":\"EntryPoint\",\"urlTemplate\":\"https:\\\/\\\/sanmorrisbags.com\\\/tr\\\/?s={search_term_string}\"},\"query-input\":{\"@type\":\"PropertyValueSpecification\",\"valueRequired\":true,\"valueName\":\"search_term_string\"}}],\"inLanguage\":\"tr\"},{\"@type\":\"Organization\",\"@id\":\"https:\\\/\\\/sanmorrisbags.com\\\/tr\\\/#organization\",\"name\":\"Sanmorris Bags\",\"url\":\"https:\\\/\\\/sanmorrisbags.com\\\/tr\\\/\",\"logo\":{\"@type\":\"ImageObject\",\"inLanguage\":\"tr\",\"@id\":\"https:\\\/\\\/sanmorrisbags.com\\\/tr\\\/#\\\/schema\\\/logo\\\/image\\\/\",\"url\":\"https:\\\/\\\/sanmorrisbags.com\\\/wp-content\\\/uploads\\\/2023\\\/02\\\/Logo-new.png\",\"contentUrl\":\"https:\\\/\\\/sanmorrisbags.com\\\/wp-content\\\/uploads\\\/2023\\\/02\\\/Logo-new.png\",\"width\":1000,\"height\":1000,\"caption\":\"Sanmorris Bags\"},\"image\":{\"@id\":\"https:\\\/\\\/sanmorrisbags.com\\\/tr\\\/#\\\/schema\\\/logo\\\/image\\\/\"},\"sameAs\":[\"https:\\\/\\\/www.facebook.com\\\/sanmorrisbags\",\"https:\\\/\\\/x.com\\\/sanmorrisbag\",\"https:\\\/\\\/www.instagram.com\\\/sanmorrisbag\\\/\"]}]}<\/script>\n<meta property=\"og:availability\" content=\"instock\" \/>\n<meta property=\"product:availability\" content=\"instock\" \/>\n<meta property=\"product:condition\" content=\"new\" \/>\n<!-- \/ Yoast SEO Premium plugin. -->","yoast_head_json":{"title":"\u00c7ok cepli su ge\u00e7irmez \u00e7anta Kod: 3032 - Sanmorris Bags","description":"\u00c7ok cepli su ge\u00e7irmez \u00e7anta. Sanmorris \u00e7ok cepli su ge\u00e7irmez \u00e7anta, \u015f\u0131k \u00f6zellikleriyle g\u00fcnl\u00fck kullan\u0131m i\u00e7in tasarlanm\u0131\u015ft\u0131r.","robots":{"index":"index","follow":"follow","max-snippet":"max-snippet:-1","max-image-preview":"max-image-preview:large","max-video-preview":"max-video-preview:-1"},"canonical":"https:\/\/sanmorrisbags.com\/tr\/product\/kod-3032\/","og_locale":"tr_TR","og_type":"article","og_title":"Kod: 3032","og_description":"\u00c7ok cepli su ge\u00e7irmez \u00e7anta. Sanmorris \u00e7ok cepli su ge\u00e7irmez \u00e7anta, \u015f\u0131k \u00f6zellikleriyle g\u00fcnl\u00fck kullan\u0131m i\u00e7in tasarlanm\u0131\u015ft\u0131r.","og_url":"https:\/\/sanmorrisbags.com\/tr\/product\/kod-3032\/","og_site_name":"Sanmorris Bags","article_publisher":"https:\/\/www.facebook.com\/sanmorrisbags","og_image":[{"width":1200,"height":1800,"url":"https:\/\/sanmorrisbags.com\/wp-content\/uploads\/2024\/10\/59-2.jpg","type":"image\/jpeg"}],"twitter_card":"summary_large_image","twitter_site":"@sanmorrisbag","twitter_misc":{"Durumu":"Stokta var"},"schema":{"@context":"https:\/\/schema.org","@graph":[{"@type":"WebPage","@id":"https:\/\/sanmorrisbags.com\/tr\/product\/kod-3032\/","url":"https:\/\/sanmorrisbags.com\/tr\/product\/kod-3032\/","name":"\u00c7ok cepli su ge\u00e7irmez \u00e7anta Kod: 3032 - Sanmorris Bags","isPartOf":{"@id":"https:\/\/sanmorrisbags.com\/tr\/#website"},"primaryImageOfPage":{"@id":"https:\/\/sanmorrisbags.com\/tr\/product\/kod-3032\/#primaryimage"},"image":{"@id":"https:\/\/sanmorrisbags.com\/tr\/product\/kod-3032\/#primaryimage"},"thumbnailUrl":"https:\/\/sanmorrisbags.com\/wp-content\/uploads\/2024\/10\/59-2.jpg","datePublished":"2024-10-06T22:50:55+00:00","description":"\u00c7ok cepli su ge\u00e7irmez \u00e7anta. Sanmorris \u00e7ok cepli su ge\u00e7irmez \u00e7anta, \u015f\u0131k \u00f6zellikleriyle g\u00fcnl\u00fck kullan\u0131m i\u00e7in tasarlanm\u0131\u015ft\u0131r.","breadcrumb":{"@id":"https:\/\/sanmorrisbags.com\/tr\/product\/kod-3032\/#breadcrumb"},"inLanguage":"tr","potentialAction":[{"@type":"ReadAction","target":["https:\/\/sanmorrisbags.com\/tr\/product\/kod-3032\/"]}]},{"@type":"ImageObject","inLanguage":"tr","@id":"https:\/\/sanmorrisbags.com\/tr\/product\/kod-3032\/#primaryimage","url":"https:\/\/sanmorrisbags.com\/wp-content\/uploads\/2024\/10\/59-2.jpg","contentUrl":"https:\/\/sanmorrisbags.com\/wp-content\/uploads\/2024\/10\/59-2.jpg","width":1200,"height":1800},{"@type":"BreadcrumbList","@id":"https:\/\/sanmorrisbags.com\/tr\/product\/kod-3032\/#breadcrumb","itemListElement":[{"@type":"ListItem","position":1,"name":"Home","item":"https:\/\/sanmorrisbags.com\/tr\/home\/"},{"@type":"ListItem","position":2,"name":"Shop","item":"https:\/\/sanmorrisbags.com\/shop\/"},{"@type":"ListItem","position":3,"name":"Kod: 3032"}]},{"@type":"WebSite","@id":"https:\/\/sanmorrisbags.com\/tr\/#website","url":"https:\/\/sanmorrisbags.com\/tr\/","name":"Sanmorris Bags","description":"","publisher":{"@id":"https:\/\/sanmorrisbags.com\/tr\/#organization"},"potentialAction":[{"@type":"SearchAction","target":{"@type":"EntryPoint","urlTemplate":"https:\/\/sanmorrisbags.com\/tr\/?s={search_term_string}"},"query-input":{"@type":"PropertyValueSpecification","valueRequired":true,"valueName":"search_term_string"}}],"inLanguage":"tr"},{"@type":"Organization","@id":"https:\/\/sanmorrisbags.com\/tr\/#organization","name":"Sanmorris Bags","url":"https:\/\/sanmorrisbags.com\/tr\/","logo":{"@type":"ImageObject","inLanguage":"tr","@id":"https:\/\/sanmorrisbags.com\/tr\/#\/schema\/logo\/image\/","url":"https:\/\/sanmorrisbags.com\/wp-content\/uploads\/2023\/02\/Logo-new.png","contentUrl":"https:\/\/sanmorrisbags.com\/wp-content\/uploads\/2023\/02\/Logo-new.png","width":1000,"height":1000,"caption":"Sanmorris Bags"},"image":{"@id":"https:\/\/sanmorrisbags.com\/tr\/#\/schema\/logo\/image\/"},"sameAs":["https:\/\/www.facebook.com\/sanmorrisbags","https:\/\/x.com\/sanmorrisbag","https:\/\/www.instagram.com\/sanmorrisbag\/"]}]},"og_availability":"instock","product_availability":"instock","product_condition":"new"},"_links":{"self":[{"href":"https:\/\/sanmorrisbags.com\/tr\/wp-json\/wp\/v2\/product\/21033","targetHints":{"allow":["GET"]}}],"collection":[{"href":"https:\/\/sanmorrisbags.com\/tr\/wp-json\/wp\/v2\/product"}],"about":[{"href":"https:\/\/sanmorrisbags.com\/tr\/wp-json\/wp\/v2\/types\/product"}],"replies":[{"embeddable":true,"href":"https:\/\/sanmorrisbags.com\/tr\/wp-json\/wp\/v2\/comments?post=21033"}],"wp:featuredmedia":[{"embeddable":true,"href":"https:\/\/sanmorrisbags.com\/tr\/wp-json\/wp\/v2\/media\/24344"}],"wp:attachment":[{"href":"https:\/\/sanmorrisbags.com\/tr\/wp-json\/wp\/v2\/media?parent=21033"}],"wp:term":[{"taxonomy":"product_brand","embeddable":true,"href":"https:\/\/sanmorrisbags.com\/tr\/wp-json\/wp\/v2\/product_brand?post=21033"},{"taxonomy":"product_cat","embeddable":true,"href":"https:\/\/sanmorrisbags.com\/tr\/wp-json\/wp\/v2\/product_cat?post=21033"},{"taxonomy":"product_tag","embeddable":true,"href":"https:\/\/sanmorrisbags.com\/tr\/wp-json\/wp\/v2\/product_tag?post=21033"}],"curies":[{"name":"wp","href":"https:\/\/api.w.org\/{rel}","templated":true}]}}