{"id":21040,"date":"2024-10-06T22:50:31","date_gmt":"2024-10-06T22:50:31","guid":{"rendered":"https:\/\/sanmorrisbags.com\/product\/kod-3031\/"},"modified":"2024-10-06T22:50:31","modified_gmt":"2024-10-06T22:50:31","slug":"kod-3031","status":"publish","type":"product","link":"https:\/\/sanmorrisbags.com\/tr\/product\/kod-3031\/","title":{"rendered":"Kod: 3031"},"content":{"rendered":"<p><span style=\"font-weight: 400;\">Sanmorris Suya Dayan\u0131kl\u0131 Krinkle Kuma\u015f B\u00fcy\u00fck Kapasiteli \u00c7apraz \u00c7anta<\/span><\/p>\n<p><span style=\"font-weight: 400;\">Sanmorris&#8217;in suya dayan\u0131kl\u0131 k\u0131r\u0131\u015f\u0131k kuma\u015f\u0131ndan \u00fcretilen bu b\u00fcy\u00fck kapasiteli \u00e7apraz ask\u0131l\u0131 \u00e7anta, okul, diz\u00fcst\u00fc bilgisayar ve g\u00fcnl\u00fck kullan\u0131m i\u00e7in idealdir.<\/span><\/p>\n<p><span style=\"font-weight: 400;\">\u00dcr\u00fcn \u00d6l\u00e7\u00fcleri:<\/span><\/p>\n<p><span style=\"font-weight: 400;\">G\u00fcnl\u00fck hayat\u0131n\u0131z\u0131 \u00e7ok kolayla\u015ft\u0131racak bir modeldir.<\/span><\/p>\n<p><span style=\"font-weight: 400;\">&#8211; Geni\u015flik: 31 cm<\/span><\/p>\n<p><span style=\"font-weight: 400;\">&#8211; Taban Geni\u015fli\u011fi: 13 cm<\/span><\/p>\n<p><span style=\"font-weight: 400;\">\u00d6zellikler:<\/span><\/p>\n<p><span style=\"font-weight: 400;\">&#8211; Birinci s\u0131n\u0131f suya dayan\u0131kl\u0131 kuma\u015f, astar ve aksesuarlardan \u00fcretilmi\u015ftir; kanserojen madde i\u00e7ermez.<\/span><\/p>\n<p><span style=\"font-weight: 400;\">&#8211; Geni\u015f kapasitesi sayesinde seyahat, okul ve g\u00fcnl\u00fck kullan\u0131ma uygundur.<\/span><\/p>\n<p><span style=\"font-weight: 400;\">&#8211; Hafif tasar\u0131m\u0131 y\u00fck\u00fcn\u00fcz\u00fc azalt\u0131r.<\/span><\/p>\n<p><span style=\"font-weight: 400;\">&#8211; Kal\u0131n omuz ask\u0131lar\u0131 dayan\u0131kl\u0131l\u0131\u011f\u0131 art\u0131r\u0131r ve y\u00fcksek mukavemetli diki\u015flerle g\u00fc\u00e7lendirilmi\u015ftir.<\/span><\/p>\n<p><span style=\"font-weight: 400;\">&#8211; \u0130\u00e7 mekan tamamen 1. kalite malzeme ile kaplanm\u0131\u015ft\u0131r.<\/span><\/p>\n<p><span style=\"font-weight: 400;\">&#8211; \u0130\u00e7 k\u0131s\u0131mda 1 adet olmak \u00fczere toplam 5 adet fermuarl\u0131 b\u00f6lme bulunmaktad\u0131r.<\/span><\/p>\n<p><span style=\"font-weight: 400;\">&#8211; K\u00fc\u00e7\u00fck e\u015fyalar\u0131n\u0131z\u0131 (telefon, ruj, parf\u00fcm, anahtar gibi) d\u00fczenlemek i\u00e7in iki adet a\u00e7\u0131k b\u00f6lme mevcuttur.<\/span><\/p>\n<p><span style=\"font-weight: 400;\">&#8211; \u00d6n tarafta 1 adet, arka tarafta 1 adet fermuarl\u0131 cep bulunmaktad\u0131r.<\/span><\/p>\n<p><span style=\"font-weight: 400;\">&#8211; Ayarlanabilir ask\u0131 uzunlu\u011fu: 140 cm (uzun), 70 cm (k\u0131sa).<\/span><\/p>\n<p><span style=\"font-weight: 400;\">&#8211; \u00c7antan\u0131z se\u00e7ti\u011finiz ayn\u0131 renkte kilit aksesuar\u0131 ile birlikte g\u00f6nderilmektedir.<\/span><\/p>\n<p><span style=\"font-weight: 400;\">Bak\u0131m:<\/span><\/p>\n<p><span style=\"font-weight: 400;\">&#8211; Nemli bezle temizlenmesi tavsiye edilir.<\/span><\/p>\n<p><span style=\"font-weight: 400;\">\u015e\u0131k ve i\u015flevsel tasar\u0131m\u0131yla g\u00fcnl\u00fck hayat\u0131n\u0131z\u0131 kolayla\u015ft\u0131racak m\u00fckemmel bir se\u00e7enektir.<\/span><\/p>\n","protected":false},"excerpt":{"rendered":"<p>Sanmorris Suya Dayan\u0131kl\u0131 Krinkle Kuma\u015f B\u00fcy\u00fck Kapasiteli \u00c7apraz \u00c7anta Sanmorris&#8217;in suya dayan\u0131kl\u0131 k\u0131r\u0131\u015f\u0131k kuma\u015f\u0131ndan \u00fcretilen bu b\u00fcy\u00fck kapasiteli \u00e7apraz ask\u0131l\u0131 \u00e7anta, okul, diz\u00fcst\u00fc bilgisayar ve g\u00fcnl\u00fck kullan\u0131m i\u00e7in idealdir. \u00dcr\u00fcn \u00d6l\u00e7\u00fcleri: G\u00fcnl\u00fck hayat\u0131n\u0131z\u0131 \u00e7ok kolayla\u015ft\u0131racak bir modeldir. &#8211; Geni\u015flik: 31 cm &#8211; Taban Geni\u015fli\u011fi: 13 cm \u00d6zellikler: &#8211; Birinci s\u0131n\u0131f suya dayan\u0131kl\u0131 kuma\u015f, astar ve [&hellip;]<\/p>\n","protected":false},"featured_media":19472,"comment_status":"closed","ping_status":"closed","template":"","meta":[],"product_brand":[],"product_cat":[63],"product_tag":[],"class_list":{"0":"post-21040","1":"product","2":"type-product","3":"status-publish","4":"has-post-thumbnail","6":"product_cat-capraz-canta","7":"pa_color-acik-gri","8":"pa_color-haki","9":"pa_color-kirmizi","10":"pa_color-koyu-gri","11":"pa_color-kum","12":"pa_color-lacivert","13":"pa_color-siyah","15":"first","16":"instock","17":"shipping-taxable","18":"purchasable","19":"product-type-variable","20":"wvs-archive-product-wrapper"},"yoast_head":"<!-- This site is optimized with the Yoast SEO Premium plugin v25.4 (Yoast SEO v27.6) - https:\/\/yoast.com\/product\/yoast-seo-premium-wordpress\/ -->\n<title>\u015e\u0131k ve i\u015flevsel tasar\u0131m \u00e7anta Kod: 3031 - Sanmorris Bags<\/title>\n<meta name=\"description\" content=\"\u015e\u0131k ve i\u015flevsel tasar\u0131m \u00e7anta. Sanmorris&#039;in \u015f\u0131k ve i\u015flevsel \u00e7apraz ask\u0131l\u0131 \u00e7antas\u0131 ayarlanabilir ask\u0131lara ve d\u00fczenleme i\u00e7in \u00e7oklu b\u00f6lmelere sahiptir.\" \/>\n<meta name=\"robots\" content=\"index, follow, max-snippet:-1, max-image-preview:large, max-video-preview:-1\" \/>\n<link rel=\"canonical\" href=\"https:\/\/sanmorrisbags.com\/tr\/product\/kod-3031\/\" \/>\n<meta property=\"og:locale\" content=\"tr_TR\" \/>\n<meta property=\"og:type\" content=\"article\" \/>\n<meta property=\"og:title\" content=\"Kod: 3031\" \/>\n<meta property=\"og:description\" content=\"\u015e\u0131k ve i\u015flevsel tasar\u0131m \u00e7anta. Sanmorris&#039;in \u015f\u0131k ve i\u015flevsel \u00e7apraz ask\u0131l\u0131 \u00e7antas\u0131 ayarlanabilir ask\u0131lara ve d\u00fczenleme i\u00e7in \u00e7oklu b\u00f6lmelere sahiptir.\" \/>\n<meta property=\"og:url\" content=\"https:\/\/sanmorrisbags.com\/tr\/product\/kod-3031\/\" \/>\n<meta property=\"og:site_name\" content=\"Sanmorris Bags\" \/>\n<meta property=\"article:publisher\" content=\"https:\/\/www.facebook.com\/sanmorrisbags\" \/>\n<meta property=\"og:image\" content=\"https:\/\/sanmorrisbags.com\/wp-content\/uploads\/2024\/10\/DSC_4062.jpg\" \/>\n\t<meta property=\"og:image:width\" content=\"1200\" \/>\n\t<meta property=\"og:image:height\" content=\"1800\" \/>\n\t<meta property=\"og:image:type\" content=\"image\/jpeg\" \/>\n<meta name=\"twitter:card\" content=\"summary_large_image\" \/>\n<meta name=\"twitter:site\" content=\"@sanmorrisbag\" \/>\n<meta name=\"twitter:label1\" content=\"Durumu\" \/>\n\t<meta name=\"twitter:data1\" content=\"Stokta var\" \/>\n<script type=\"application\/ld+json\" class=\"yoast-schema-graph\">{\"@context\":\"https:\\\/\\\/schema.org\",\"@graph\":[{\"@type\":\"WebPage\",\"@id\":\"https:\\\/\\\/sanmorrisbags.com\\\/tr\\\/product\\\/kod-3031\\\/\",\"url\":\"https:\\\/\\\/sanmorrisbags.com\\\/tr\\\/product\\\/kod-3031\\\/\",\"name\":\"\u015e\u0131k ve i\u015flevsel tasar\u0131m \u00e7anta Kod: 3031 - Sanmorris Bags\",\"isPartOf\":{\"@id\":\"https:\\\/\\\/sanmorrisbags.com\\\/tr\\\/#website\"},\"primaryImageOfPage\":{\"@id\":\"https:\\\/\\\/sanmorrisbags.com\\\/tr\\\/product\\\/kod-3031\\\/#primaryimage\"},\"image\":{\"@id\":\"https:\\\/\\\/sanmorrisbags.com\\\/tr\\\/product\\\/kod-3031\\\/#primaryimage\"},\"thumbnailUrl\":\"https:\\\/\\\/sanmorrisbags.com\\\/wp-content\\\/uploads\\\/2024\\\/10\\\/DSC_4062.jpg\",\"datePublished\":\"2024-10-06T22:50:31+00:00\",\"description\":\"\u015e\u0131k ve i\u015flevsel tasar\u0131m \u00e7anta. Sanmorris'in \u015f\u0131k ve i\u015flevsel \u00e7apraz ask\u0131l\u0131 \u00e7antas\u0131 ayarlanabilir ask\u0131lara ve d\u00fczenleme i\u00e7in \u00e7oklu b\u00f6lmelere sahiptir.\",\"breadcrumb\":{\"@id\":\"https:\\\/\\\/sanmorrisbags.com\\\/tr\\\/product\\\/kod-3031\\\/#breadcrumb\"},\"inLanguage\":\"tr\",\"potentialAction\":[{\"@type\":\"ReadAction\",\"target\":[\"https:\\\/\\\/sanmorrisbags.com\\\/tr\\\/product\\\/kod-3031\\\/\"]}]},{\"@type\":\"ImageObject\",\"inLanguage\":\"tr\",\"@id\":\"https:\\\/\\\/sanmorrisbags.com\\\/tr\\\/product\\\/kod-3031\\\/#primaryimage\",\"url\":\"https:\\\/\\\/sanmorrisbags.com\\\/wp-content\\\/uploads\\\/2024\\\/10\\\/DSC_4062.jpg\",\"contentUrl\":\"https:\\\/\\\/sanmorrisbags.com\\\/wp-content\\\/uploads\\\/2024\\\/10\\\/DSC_4062.jpg\",\"width\":1200,\"height\":1800,\"caption\":\"Sanmorris stylish and functional crossbody bag featuring adjustable straps and multiple compartments for organization\"},{\"@type\":\"BreadcrumbList\",\"@id\":\"https:\\\/\\\/sanmorrisbags.com\\\/tr\\\/product\\\/kod-3031\\\/#breadcrumb\",\"itemListElement\":[{\"@type\":\"ListItem\",\"position\":1,\"name\":\"Home\",\"item\":\"https:\\\/\\\/sanmorrisbags.com\\\/tr\\\/home\\\/\"},{\"@type\":\"ListItem\",\"position\":2,\"name\":\"Shop\",\"item\":\"https:\\\/\\\/sanmorrisbags.com\\\/shop\\\/\"},{\"@type\":\"ListItem\",\"position\":3,\"name\":\"Kod: 3031\"}]},{\"@type\":\"WebSite\",\"@id\":\"https:\\\/\\\/sanmorrisbags.com\\\/tr\\\/#website\",\"url\":\"https:\\\/\\\/sanmorrisbags.com\\\/tr\\\/\",\"name\":\"Sanmorris Bags\",\"description\":\"\",\"publisher\":{\"@id\":\"https:\\\/\\\/sanmorrisbags.com\\\/tr\\\/#organization\"},\"potentialAction\":[{\"@type\":\"SearchAction\",\"target\":{\"@type\":\"EntryPoint\",\"urlTemplate\":\"https:\\\/\\\/sanmorrisbags.com\\\/tr\\\/?s={search_term_string}\"},\"query-input\":{\"@type\":\"PropertyValueSpecification\",\"valueRequired\":true,\"valueName\":\"search_term_string\"}}],\"inLanguage\":\"tr\"},{\"@type\":\"Organization\",\"@id\":\"https:\\\/\\\/sanmorrisbags.com\\\/tr\\\/#organization\",\"name\":\"Sanmorris Bags\",\"url\":\"https:\\\/\\\/sanmorrisbags.com\\\/tr\\\/\",\"logo\":{\"@type\":\"ImageObject\",\"inLanguage\":\"tr\",\"@id\":\"https:\\\/\\\/sanmorrisbags.com\\\/tr\\\/#\\\/schema\\\/logo\\\/image\\\/\",\"url\":\"https:\\\/\\\/sanmorrisbags.com\\\/wp-content\\\/uploads\\\/2023\\\/02\\\/Logo-new.png\",\"contentUrl\":\"https:\\\/\\\/sanmorrisbags.com\\\/wp-content\\\/uploads\\\/2023\\\/02\\\/Logo-new.png\",\"width\":1000,\"height\":1000,\"caption\":\"Sanmorris Bags\"},\"image\":{\"@id\":\"https:\\\/\\\/sanmorrisbags.com\\\/tr\\\/#\\\/schema\\\/logo\\\/image\\\/\"},\"sameAs\":[\"https:\\\/\\\/www.facebook.com\\\/sanmorrisbags\",\"https:\\\/\\\/x.com\\\/sanmorrisbag\",\"https:\\\/\\\/www.instagram.com\\\/sanmorrisbag\\\/\"]}]}<\/script>\n<meta property=\"og:availability\" content=\"instock\" \/>\n<meta property=\"product:availability\" content=\"instock\" \/>\n<meta property=\"product:condition\" content=\"new\" \/>\n<!-- \/ Yoast SEO Premium plugin. -->","yoast_head_json":{"title":"\u015e\u0131k ve i\u015flevsel tasar\u0131m \u00e7anta Kod: 3031 - Sanmorris Bags","description":"\u015e\u0131k ve i\u015flevsel tasar\u0131m \u00e7anta. Sanmorris'in \u015f\u0131k ve i\u015flevsel \u00e7apraz ask\u0131l\u0131 \u00e7antas\u0131 ayarlanabilir ask\u0131lara ve d\u00fczenleme i\u00e7in \u00e7oklu b\u00f6lmelere sahiptir.","robots":{"index":"index","follow":"follow","max-snippet":"max-snippet:-1","max-image-preview":"max-image-preview:large","max-video-preview":"max-video-preview:-1"},"canonical":"https:\/\/sanmorrisbags.com\/tr\/product\/kod-3031\/","og_locale":"tr_TR","og_type":"article","og_title":"Kod: 3031","og_description":"\u015e\u0131k ve i\u015flevsel tasar\u0131m \u00e7anta. Sanmorris'in \u015f\u0131k ve i\u015flevsel \u00e7apraz ask\u0131l\u0131 \u00e7antas\u0131 ayarlanabilir ask\u0131lara ve d\u00fczenleme i\u00e7in \u00e7oklu b\u00f6lmelere sahiptir.","og_url":"https:\/\/sanmorrisbags.com\/tr\/product\/kod-3031\/","og_site_name":"Sanmorris Bags","article_publisher":"https:\/\/www.facebook.com\/sanmorrisbags","og_image":[{"width":1200,"height":1800,"url":"https:\/\/sanmorrisbags.com\/wp-content\/uploads\/2024\/10\/DSC_4062.jpg","type":"image\/jpeg"}],"twitter_card":"summary_large_image","twitter_site":"@sanmorrisbag","twitter_misc":{"Durumu":"Stokta var"},"schema":{"@context":"https:\/\/schema.org","@graph":[{"@type":"WebPage","@id":"https:\/\/sanmorrisbags.com\/tr\/product\/kod-3031\/","url":"https:\/\/sanmorrisbags.com\/tr\/product\/kod-3031\/","name":"\u015e\u0131k ve i\u015flevsel tasar\u0131m \u00e7anta Kod: 3031 - Sanmorris Bags","isPartOf":{"@id":"https:\/\/sanmorrisbags.com\/tr\/#website"},"primaryImageOfPage":{"@id":"https:\/\/sanmorrisbags.com\/tr\/product\/kod-3031\/#primaryimage"},"image":{"@id":"https:\/\/sanmorrisbags.com\/tr\/product\/kod-3031\/#primaryimage"},"thumbnailUrl":"https:\/\/sanmorrisbags.com\/wp-content\/uploads\/2024\/10\/DSC_4062.jpg","datePublished":"2024-10-06T22:50:31+00:00","description":"\u015e\u0131k ve i\u015flevsel tasar\u0131m \u00e7anta. Sanmorris'in \u015f\u0131k ve i\u015flevsel \u00e7apraz ask\u0131l\u0131 \u00e7antas\u0131 ayarlanabilir ask\u0131lara ve d\u00fczenleme i\u00e7in \u00e7oklu b\u00f6lmelere sahiptir.","breadcrumb":{"@id":"https:\/\/sanmorrisbags.com\/tr\/product\/kod-3031\/#breadcrumb"},"inLanguage":"tr","potentialAction":[{"@type":"ReadAction","target":["https:\/\/sanmorrisbags.com\/tr\/product\/kod-3031\/"]}]},{"@type":"ImageObject","inLanguage":"tr","@id":"https:\/\/sanmorrisbags.com\/tr\/product\/kod-3031\/#primaryimage","url":"https:\/\/sanmorrisbags.com\/wp-content\/uploads\/2024\/10\/DSC_4062.jpg","contentUrl":"https:\/\/sanmorrisbags.com\/wp-content\/uploads\/2024\/10\/DSC_4062.jpg","width":1200,"height":1800,"caption":"Sanmorris stylish and functional crossbody bag featuring adjustable straps and multiple compartments for organization"},{"@type":"BreadcrumbList","@id":"https:\/\/sanmorrisbags.com\/tr\/product\/kod-3031\/#breadcrumb","itemListElement":[{"@type":"ListItem","position":1,"name":"Home","item":"https:\/\/sanmorrisbags.com\/tr\/home\/"},{"@type":"ListItem","position":2,"name":"Shop","item":"https:\/\/sanmorrisbags.com\/shop\/"},{"@type":"ListItem","position":3,"name":"Kod: 3031"}]},{"@type":"WebSite","@id":"https:\/\/sanmorrisbags.com\/tr\/#website","url":"https:\/\/sanmorrisbags.com\/tr\/","name":"Sanmorris Bags","description":"","publisher":{"@id":"https:\/\/sanmorrisbags.com\/tr\/#organization"},"potentialAction":[{"@type":"SearchAction","target":{"@type":"EntryPoint","urlTemplate":"https:\/\/sanmorrisbags.com\/tr\/?s={search_term_string}"},"query-input":{"@type":"PropertyValueSpecification","valueRequired":true,"valueName":"search_term_string"}}],"inLanguage":"tr"},{"@type":"Organization","@id":"https:\/\/sanmorrisbags.com\/tr\/#organization","name":"Sanmorris Bags","url":"https:\/\/sanmorrisbags.com\/tr\/","logo":{"@type":"ImageObject","inLanguage":"tr","@id":"https:\/\/sanmorrisbags.com\/tr\/#\/schema\/logo\/image\/","url":"https:\/\/sanmorrisbags.com\/wp-content\/uploads\/2023\/02\/Logo-new.png","contentUrl":"https:\/\/sanmorrisbags.com\/wp-content\/uploads\/2023\/02\/Logo-new.png","width":1000,"height":1000,"caption":"Sanmorris Bags"},"image":{"@id":"https:\/\/sanmorrisbags.com\/tr\/#\/schema\/logo\/image\/"},"sameAs":["https:\/\/www.facebook.com\/sanmorrisbags","https:\/\/x.com\/sanmorrisbag","https:\/\/www.instagram.com\/sanmorrisbag\/"]}]},"og_availability":"instock","product_availability":"instock","product_condition":"new"},"_links":{"self":[{"href":"https:\/\/sanmorrisbags.com\/tr\/wp-json\/wp\/v2\/product\/21040","targetHints":{"allow":["GET"]}}],"collection":[{"href":"https:\/\/sanmorrisbags.com\/tr\/wp-json\/wp\/v2\/product"}],"about":[{"href":"https:\/\/sanmorrisbags.com\/tr\/wp-json\/wp\/v2\/types\/product"}],"replies":[{"embeddable":true,"href":"https:\/\/sanmorrisbags.com\/tr\/wp-json\/wp\/v2\/comments?post=21040"}],"wp:featuredmedia":[{"embeddable":true,"href":"https:\/\/sanmorrisbags.com\/tr\/wp-json\/wp\/v2\/media\/19472"}],"wp:attachment":[{"href":"https:\/\/sanmorrisbags.com\/tr\/wp-json\/wp\/v2\/media?parent=21040"}],"wp:term":[{"taxonomy":"product_brand","embeddable":true,"href":"https:\/\/sanmorrisbags.com\/tr\/wp-json\/wp\/v2\/product_brand?post=21040"},{"taxonomy":"product_cat","embeddable":true,"href":"https:\/\/sanmorrisbags.com\/tr\/wp-json\/wp\/v2\/product_cat?post=21040"},{"taxonomy":"product_tag","embeddable":true,"href":"https:\/\/sanmorrisbags.com\/tr\/wp-json\/wp\/v2\/product_tag?post=21040"}],"curies":[{"name":"wp","href":"https:\/\/api.w.org\/{rel}","templated":true}]}}