{"id":21048,"date":"2024-10-06T22:49:18","date_gmt":"2024-10-06T22:49:18","guid":{"rendered":"https:\/\/sanmorrisbags.com\/product\/kod-3030\/"},"modified":"2024-10-06T22:49:18","modified_gmt":"2024-10-06T22:49:18","slug":"kod-3030","status":"publish","type":"product","link":"https:\/\/sanmorrisbags.com\/tr\/product\/kod-3030\/","title":{"rendered":"Kod: 3030"},"content":{"rendered":"<p><span style=\"font-weight: 400;\">SANMORR\u0130S Unisex Krinkle Kuma\u015f Omuz ve \u00c7apraz \u00c7anta<\/span><\/p>\n<p><span style=\"font-weight: 400;\">Seyahat ve spor i\u00e7in m\u00fckemmel olan Sanmorris omuz ve \u00e7apraz \u00e7anta, \u00e7e\u015fitli renk se\u00e7enekleriyle sunuluyor.<\/span><\/p>\n<p><span style=\"font-weight: 400;\">\u00dcr\u00fcn \u00d6l\u00e7\u00fcleri:<\/span><\/p>\n<p><span style=\"font-weight: 400;\">&#8211; Geni\u015flik: 32 cm<\/span><\/p>\n<p><span style=\"font-weight: 400;\">&#8211; Y\u00fckseklik: 22 cm<\/span><\/p>\n<p><span style=\"font-weight: 400;\">&#8211; Derinlik: 14 cm<\/span><\/p>\n<p><span style=\"font-weight: 400;\">\u00d6zellikler:<\/span><\/p>\n<p><span style=\"font-weight: 400;\">&#8211; Su ge\u00e7irmez, kanserojen olmayan kuma\u015ftan \u00fcretilmi\u015ftir. Malzeme p\u00fcr\u00fczs\u00fcz ve dokusuzdur. <\/span><\/p>\n<p><span style=\"font-weight: 400;\">&#8211; Hem el hem de \u00e7apraz ask\u0131lar\u0131 ile \u00e7ok y\u00f6nl\u00fc ta\u015f\u0131ma se\u00e7enekleri, uzunluklar\u0131 ayarlanabilir.<\/span><\/p>\n<p><span style=\"font-weight: 400;\">&#8211; Hem omuz hem de \u00e7apraz \u00e7anta olarak kullan\u0131labilir.<\/span><\/p>\n<p><span style=\"font-weight: 400;\">&#8211; \u00d6n tarafta kolay eri\u015fim i\u00e7in bir adet fermuarl\u0131 cep bulunmaktad\u0131r.<\/span><\/p>\n<p><span style=\"font-weight: 400;\">&#8211; \u0130\u00e7 k\u0131s\u0131mda d\u00fczenleme ama\u00e7l\u0131 bir adet fermuarl\u0131 cep ve iki adet a\u00e7\u0131k cep bulunmaktad\u0131r.<\/span><\/p>\n<p><span style=\"font-weight: 400;\">&#8211; Ekstra depolama i\u00e7in yanlarda iki adet fermuarl\u0131 cep.<\/span><\/p>\n<p><span style=\"font-weight: 400;\">&#8211; Daha fazla rahatl\u0131k i\u00e7in ayarlanabilir kollara sahip \u00e7\u0131kar\u0131labilir MONKEY aksesuar\u0131.<\/span><\/p>\n<p><span style=\"font-weight: 400;\">Bak\u0131m:<\/span><\/p>\n<p><span style=\"font-weight: 400;\">&#8211; Nemli bir bezle temizleyin.<\/span><\/p>\n<p><span style=\"font-weight: 400;\">Seyahatleriniz veya egzersizleriniz s\u0131ras\u0131nda temel ihtiya\u00e7lar\u0131n\u0131z\u0131 d\u00fczenli ve eri\u015filebilir bir \u015fekilde tutmak i\u00e7in bu \u015f\u0131k ve i\u015flevsel \u00e7anta idealdir.<\/span><\/p>\n","protected":false},"excerpt":{"rendered":"<p>SANMORR\u0130S Unisex Krinkle Kuma\u015f Omuz ve \u00c7apraz \u00c7anta Seyahat ve spor i\u00e7in m\u00fckemmel olan Sanmorris omuz ve \u00e7apraz \u00e7anta, \u00e7e\u015fitli renk se\u00e7enekleriyle sunuluyor. \u00dcr\u00fcn \u00d6l\u00e7\u00fcleri: &#8211; Geni\u015flik: 32 cm &#8211; Y\u00fckseklik: 22 cm &#8211; Derinlik: 14 cm \u00d6zellikler: &#8211; Su ge\u00e7irmez, kanserojen olmayan kuma\u015ftan \u00fcretilmi\u015ftir. Malzeme p\u00fcr\u00fczs\u00fcz ve dokusuzdur. &#8211; Hem el hem de \u00e7apraz [&hellip;]<\/p>\n","protected":false},"featured_media":21055,"comment_status":"closed","ping_status":"closed","template":"","meta":[],"product_brand":[],"product_cat":[63,66],"product_tag":[],"class_list":{"0":"post-21048","1":"product","2":"type-product","3":"status-publish","4":"has-post-thumbnail","6":"product_cat-capraz-canta","7":"product_cat-omuz-cantasi","8":"pa_color-acik-gri","9":"pa_color-haki","10":"pa_color-koyu-gri","11":"pa_color-lacivert","12":"pa_color-pembe","13":"pa_color-siyah","15":"first","16":"instock","17":"shipping-taxable","18":"purchasable","19":"product-type-variable","20":"wvs-archive-product-wrapper"},"yoast_head":"<!-- This site is optimized with the Yoast SEO Premium plugin v25.4 (Yoast SEO v27.5) - https:\/\/yoast.com\/product\/yoast-seo-premium-wordpress\/ -->\n<title>Unisex k\u0131r\u0131\u015f\u0131k kuma\u015f omuz ve \u00e7apraz \u00e7anta Kod: 3030 - Sanmorris Bags<\/title>\n<meta name=\"description\" content=\"Unisex krinkle kuma\u015f omuz ve \u00e7apraz \u00e7anta. Sanmorris unisex krinkle kuma\u015f omuz ve \u00e7apraz \u00e7anta \u00e7e\u015fitli renklerde\" \/>\n<meta name=\"robots\" content=\"index, follow, max-snippet:-1, max-image-preview:large, max-video-preview:-1\" \/>\n<link rel=\"canonical\" href=\"https:\/\/sanmorrisbags.com\/tr\/product\/kod-3030\/\" \/>\n<meta property=\"og:locale\" content=\"tr_TR\" \/>\n<meta property=\"og:type\" content=\"article\" \/>\n<meta property=\"og:title\" content=\"Kod: 3030\" \/>\n<meta property=\"og:description\" content=\"Unisex krinkle kuma\u015f omuz ve \u00e7apraz \u00e7anta. Sanmorris unisex krinkle kuma\u015f omuz ve \u00e7apraz \u00e7anta \u00e7e\u015fitli renklerde\" \/>\n<meta property=\"og:url\" content=\"https:\/\/sanmorrisbags.com\/tr\/product\/kod-3030\/\" \/>\n<meta property=\"og:site_name\" content=\"Sanmorris Bags\" \/>\n<meta property=\"article:publisher\" content=\"https:\/\/www.facebook.com\/sanmorrisbags\" \/>\n<meta property=\"og:image\" content=\"https:\/\/sanmorrisbags.com\/wp-content\/uploads\/2024\/10\/DSC_0883.jpg\" \/>\n\t<meta property=\"og:image:width\" content=\"1200\" \/>\n\t<meta property=\"og:image:height\" content=\"1800\" \/>\n\t<meta property=\"og:image:type\" content=\"image\/jpeg\" \/>\n<meta name=\"twitter:card\" content=\"summary_large_image\" \/>\n<meta name=\"twitter:site\" content=\"@sanmorrisbag\" \/>\n<meta name=\"twitter:label1\" content=\"Durumu\" \/>\n\t<meta name=\"twitter:data1\" content=\"Stokta var\" \/>\n<script type=\"application\/ld+json\" class=\"yoast-schema-graph\">{\"@context\":\"https:\\\/\\\/schema.org\",\"@graph\":[{\"@type\":\"WebPage\",\"@id\":\"https:\\\/\\\/sanmorrisbags.com\\\/tr\\\/product\\\/kod-3030\\\/\",\"url\":\"https:\\\/\\\/sanmorrisbags.com\\\/tr\\\/product\\\/kod-3030\\\/\",\"name\":\"Unisex k\u0131r\u0131\u015f\u0131k kuma\u015f omuz ve \u00e7apraz \u00e7anta Kod: 3030 - Sanmorris Bags\",\"isPartOf\":{\"@id\":\"https:\\\/\\\/sanmorrisbags.com\\\/tr\\\/#website\"},\"primaryImageOfPage\":{\"@id\":\"https:\\\/\\\/sanmorrisbags.com\\\/tr\\\/product\\\/kod-3030\\\/#primaryimage\"},\"image\":{\"@id\":\"https:\\\/\\\/sanmorrisbags.com\\\/tr\\\/product\\\/kod-3030\\\/#primaryimage\"},\"thumbnailUrl\":\"https:\\\/\\\/sanmorrisbags.com\\\/wp-content\\\/uploads\\\/2024\\\/10\\\/DSC_0883.jpg\",\"datePublished\":\"2024-10-06T22:49:18+00:00\",\"description\":\"Unisex krinkle kuma\u015f omuz ve \u00e7apraz \u00e7anta. Sanmorris unisex krinkle kuma\u015f omuz ve \u00e7apraz \u00e7anta \u00e7e\u015fitli renklerde\",\"breadcrumb\":{\"@id\":\"https:\\\/\\\/sanmorrisbags.com\\\/tr\\\/product\\\/kod-3030\\\/#breadcrumb\"},\"inLanguage\":\"tr\",\"potentialAction\":[{\"@type\":\"ReadAction\",\"target\":[\"https:\\\/\\\/sanmorrisbags.com\\\/tr\\\/product\\\/kod-3030\\\/\"]}]},{\"@type\":\"ImageObject\",\"inLanguage\":\"tr\",\"@id\":\"https:\\\/\\\/sanmorrisbags.com\\\/tr\\\/product\\\/kod-3030\\\/#primaryimage\",\"url\":\"https:\\\/\\\/sanmorrisbags.com\\\/wp-content\\\/uploads\\\/2024\\\/10\\\/DSC_0883.jpg\",\"contentUrl\":\"https:\\\/\\\/sanmorrisbags.com\\\/wp-content\\\/uploads\\\/2024\\\/10\\\/DSC_0883.jpg\",\"width\":1200,\"height\":1800},{\"@type\":\"BreadcrumbList\",\"@id\":\"https:\\\/\\\/sanmorrisbags.com\\\/tr\\\/product\\\/kod-3030\\\/#breadcrumb\",\"itemListElement\":[{\"@type\":\"ListItem\",\"position\":1,\"name\":\"Home\",\"item\":\"https:\\\/\\\/sanmorrisbags.com\\\/tr\\\/home\\\/\"},{\"@type\":\"ListItem\",\"position\":2,\"name\":\"Shop\",\"item\":\"https:\\\/\\\/sanmorrisbags.com\\\/shop\\\/\"},{\"@type\":\"ListItem\",\"position\":3,\"name\":\"Kod: 3030\"}]},{\"@type\":\"WebSite\",\"@id\":\"https:\\\/\\\/sanmorrisbags.com\\\/tr\\\/#website\",\"url\":\"https:\\\/\\\/sanmorrisbags.com\\\/tr\\\/\",\"name\":\"Sanmorris Bags\",\"description\":\"\",\"publisher\":{\"@id\":\"https:\\\/\\\/sanmorrisbags.com\\\/tr\\\/#organization\"},\"potentialAction\":[{\"@type\":\"SearchAction\",\"target\":{\"@type\":\"EntryPoint\",\"urlTemplate\":\"https:\\\/\\\/sanmorrisbags.com\\\/tr\\\/?s={search_term_string}\"},\"query-input\":{\"@type\":\"PropertyValueSpecification\",\"valueRequired\":true,\"valueName\":\"search_term_string\"}}],\"inLanguage\":\"tr\"},{\"@type\":\"Organization\",\"@id\":\"https:\\\/\\\/sanmorrisbags.com\\\/tr\\\/#organization\",\"name\":\"Sanmorris Bags\",\"url\":\"https:\\\/\\\/sanmorrisbags.com\\\/tr\\\/\",\"logo\":{\"@type\":\"ImageObject\",\"inLanguage\":\"tr\",\"@id\":\"https:\\\/\\\/sanmorrisbags.com\\\/tr\\\/#\\\/schema\\\/logo\\\/image\\\/\",\"url\":\"https:\\\/\\\/sanmorrisbags.com\\\/wp-content\\\/uploads\\\/2023\\\/02\\\/Logo-new.png\",\"contentUrl\":\"https:\\\/\\\/sanmorrisbags.com\\\/wp-content\\\/uploads\\\/2023\\\/02\\\/Logo-new.png\",\"width\":1000,\"height\":1000,\"caption\":\"Sanmorris Bags\"},\"image\":{\"@id\":\"https:\\\/\\\/sanmorrisbags.com\\\/tr\\\/#\\\/schema\\\/logo\\\/image\\\/\"},\"sameAs\":[\"https:\\\/\\\/www.facebook.com\\\/sanmorrisbags\",\"https:\\\/\\\/x.com\\\/sanmorrisbag\",\"https:\\\/\\\/www.instagram.com\\\/sanmorrisbag\\\/\"]}]}<\/script>\n<meta property=\"og:availability\" content=\"instock\" \/>\n<meta property=\"product:availability\" content=\"instock\" \/>\n<meta property=\"product:condition\" content=\"new\" \/>\n<!-- \/ Yoast SEO Premium plugin. -->","yoast_head_json":{"title":"Unisex k\u0131r\u0131\u015f\u0131k kuma\u015f omuz ve \u00e7apraz \u00e7anta Kod: 3030 - Sanmorris Bags","description":"Unisex krinkle kuma\u015f omuz ve \u00e7apraz \u00e7anta. Sanmorris unisex krinkle kuma\u015f omuz ve \u00e7apraz \u00e7anta \u00e7e\u015fitli renklerde","robots":{"index":"index","follow":"follow","max-snippet":"max-snippet:-1","max-image-preview":"max-image-preview:large","max-video-preview":"max-video-preview:-1"},"canonical":"https:\/\/sanmorrisbags.com\/tr\/product\/kod-3030\/","og_locale":"tr_TR","og_type":"article","og_title":"Kod: 3030","og_description":"Unisex krinkle kuma\u015f omuz ve \u00e7apraz \u00e7anta. Sanmorris unisex krinkle kuma\u015f omuz ve \u00e7apraz \u00e7anta \u00e7e\u015fitli renklerde","og_url":"https:\/\/sanmorrisbags.com\/tr\/product\/kod-3030\/","og_site_name":"Sanmorris Bags","article_publisher":"https:\/\/www.facebook.com\/sanmorrisbags","og_image":[{"width":1200,"height":1800,"url":"https:\/\/sanmorrisbags.com\/wp-content\/uploads\/2024\/10\/DSC_0883.jpg","type":"image\/jpeg"}],"twitter_card":"summary_large_image","twitter_site":"@sanmorrisbag","twitter_misc":{"Durumu":"Stokta var"},"schema":{"@context":"https:\/\/schema.org","@graph":[{"@type":"WebPage","@id":"https:\/\/sanmorrisbags.com\/tr\/product\/kod-3030\/","url":"https:\/\/sanmorrisbags.com\/tr\/product\/kod-3030\/","name":"Unisex k\u0131r\u0131\u015f\u0131k kuma\u015f omuz ve \u00e7apraz \u00e7anta Kod: 3030 - Sanmorris Bags","isPartOf":{"@id":"https:\/\/sanmorrisbags.com\/tr\/#website"},"primaryImageOfPage":{"@id":"https:\/\/sanmorrisbags.com\/tr\/product\/kod-3030\/#primaryimage"},"image":{"@id":"https:\/\/sanmorrisbags.com\/tr\/product\/kod-3030\/#primaryimage"},"thumbnailUrl":"https:\/\/sanmorrisbags.com\/wp-content\/uploads\/2024\/10\/DSC_0883.jpg","datePublished":"2024-10-06T22:49:18+00:00","description":"Unisex krinkle kuma\u015f omuz ve \u00e7apraz \u00e7anta. Sanmorris unisex krinkle kuma\u015f omuz ve \u00e7apraz \u00e7anta \u00e7e\u015fitli renklerde","breadcrumb":{"@id":"https:\/\/sanmorrisbags.com\/tr\/product\/kod-3030\/#breadcrumb"},"inLanguage":"tr","potentialAction":[{"@type":"ReadAction","target":["https:\/\/sanmorrisbags.com\/tr\/product\/kod-3030\/"]}]},{"@type":"ImageObject","inLanguage":"tr","@id":"https:\/\/sanmorrisbags.com\/tr\/product\/kod-3030\/#primaryimage","url":"https:\/\/sanmorrisbags.com\/wp-content\/uploads\/2024\/10\/DSC_0883.jpg","contentUrl":"https:\/\/sanmorrisbags.com\/wp-content\/uploads\/2024\/10\/DSC_0883.jpg","width":1200,"height":1800},{"@type":"BreadcrumbList","@id":"https:\/\/sanmorrisbags.com\/tr\/product\/kod-3030\/#breadcrumb","itemListElement":[{"@type":"ListItem","position":1,"name":"Home","item":"https:\/\/sanmorrisbags.com\/tr\/home\/"},{"@type":"ListItem","position":2,"name":"Shop","item":"https:\/\/sanmorrisbags.com\/shop\/"},{"@type":"ListItem","position":3,"name":"Kod: 3030"}]},{"@type":"WebSite","@id":"https:\/\/sanmorrisbags.com\/tr\/#website","url":"https:\/\/sanmorrisbags.com\/tr\/","name":"Sanmorris Bags","description":"","publisher":{"@id":"https:\/\/sanmorrisbags.com\/tr\/#organization"},"potentialAction":[{"@type":"SearchAction","target":{"@type":"EntryPoint","urlTemplate":"https:\/\/sanmorrisbags.com\/tr\/?s={search_term_string}"},"query-input":{"@type":"PropertyValueSpecification","valueRequired":true,"valueName":"search_term_string"}}],"inLanguage":"tr"},{"@type":"Organization","@id":"https:\/\/sanmorrisbags.com\/tr\/#organization","name":"Sanmorris Bags","url":"https:\/\/sanmorrisbags.com\/tr\/","logo":{"@type":"ImageObject","inLanguage":"tr","@id":"https:\/\/sanmorrisbags.com\/tr\/#\/schema\/logo\/image\/","url":"https:\/\/sanmorrisbags.com\/wp-content\/uploads\/2023\/02\/Logo-new.png","contentUrl":"https:\/\/sanmorrisbags.com\/wp-content\/uploads\/2023\/02\/Logo-new.png","width":1000,"height":1000,"caption":"Sanmorris Bags"},"image":{"@id":"https:\/\/sanmorrisbags.com\/tr\/#\/schema\/logo\/image\/"},"sameAs":["https:\/\/www.facebook.com\/sanmorrisbags","https:\/\/x.com\/sanmorrisbag","https:\/\/www.instagram.com\/sanmorrisbag\/"]}]},"og_availability":"instock","product_availability":"instock","product_condition":"new"},"_links":{"self":[{"href":"https:\/\/sanmorrisbags.com\/tr\/wp-json\/wp\/v2\/product\/21048","targetHints":{"allow":["GET"]}}],"collection":[{"href":"https:\/\/sanmorrisbags.com\/tr\/wp-json\/wp\/v2\/product"}],"about":[{"href":"https:\/\/sanmorrisbags.com\/tr\/wp-json\/wp\/v2\/types\/product"}],"replies":[{"embeddable":true,"href":"https:\/\/sanmorrisbags.com\/tr\/wp-json\/wp\/v2\/comments?post=21048"}],"wp:featuredmedia":[{"embeddable":true,"href":"https:\/\/sanmorrisbags.com\/tr\/wp-json\/wp\/v2\/media\/21055"}],"wp:attachment":[{"href":"https:\/\/sanmorrisbags.com\/tr\/wp-json\/wp\/v2\/media?parent=21048"}],"wp:term":[{"taxonomy":"product_brand","embeddable":true,"href":"https:\/\/sanmorrisbags.com\/tr\/wp-json\/wp\/v2\/product_brand?post=21048"},{"taxonomy":"product_cat","embeddable":true,"href":"https:\/\/sanmorrisbags.com\/tr\/wp-json\/wp\/v2\/product_cat?post=21048"},{"taxonomy":"product_tag","embeddable":true,"href":"https:\/\/sanmorrisbags.com\/tr\/wp-json\/wp\/v2\/product_tag?post=21048"}],"curies":[{"name":"wp","href":"https:\/\/api.w.org\/{rel}","templated":true}]}}