{"id":21063,"date":"2024-10-06T22:48:02","date_gmt":"2024-10-06T22:48:02","guid":{"rendered":"https:\/\/sanmorrisbags.com\/product\/kod-3026\/"},"modified":"2024-10-06T22:48:02","modified_gmt":"2024-10-06T22:48:02","slug":"kod-3026","status":"publish","type":"product","link":"https:\/\/sanmorrisbags.com\/tr\/product\/kod-3026\/","title":{"rendered":"Kod: 3026"},"content":{"rendered":"<p><span style=\"font-weight: 400;\">Sanmorris Kad\u0131n B\u00fcy\u00fck Su Ge\u00e7irmez Krinkle Kuma\u015f \u00c7apraz ve Omuz \u00c7antas\u0131<\/span><\/p>\n<p><span style=\"font-weight: 400;\">Stil ve i\u015flevselli\u011fi bir arada sunan Sanmorris modeli, farkl\u0131 renk se\u00e7enekleriyle sunuluyor.<\/span><\/p>\n<p><span style=\"font-weight: 400;\">Boyutlar:<\/span><\/p>\n<p><span style=\"font-weight: 400;\">&#8211; Geni\u015flik: 35 cm<\/span><\/p>\n<p><span style=\"font-weight: 400;\">&#8211; Y\u00fckseklik: 28 cm<\/span><\/p>\n<p><span style=\"font-weight: 400;\">&#8211; Derinlik: 14 cm<\/span><\/p>\n<p><span style=\"font-weight: 400;\">\u00d6zellikler:<\/span><\/p>\n<p><span style=\"font-weight: 400;\">&#8211; Y\u00fcksek kaliteli fermuarlar ve fermuar \u00e7ekme.<\/span><\/p>\n<p><span style=\"font-weight: 400;\">&#8211; K\u00fc\u00e7\u00fck e\u015fyalar\u0131n\u0131z\u0131 d\u00fczenleyebilece\u011finiz 1 fermuarl\u0131 ve 2 fermuars\u0131z cepli, 1 b\u00fcy\u00fck fermuarl\u0131 b\u00f6lme.<\/span><\/p>\n<p><span style=\"font-weight: 400;\">&#8211; Kolay eri\u015fim i\u00e7in iki adet b\u00fcy\u00fck \u00e7\u0131t\u00e7\u0131tl\u0131 b\u00f6lme.<\/span><\/p>\n<p><span style=\"font-weight: 400;\">&#8211; Ek depolama alan\u0131 i\u00e7in iki adet \u00f6n fermuarl\u0131 cep.<\/span><\/p>\n<p><span style=\"font-weight: 400;\">&#8211; Kolayl\u0131k sa\u011flamak i\u00e7in arkada bir adet fermuarl\u0131 cep.<\/span><\/p>\n<p><span style=\"font-weight: 400;\">&#8211; Termoslar i\u00e7in tasarlanm\u0131\u015f yan cepler.<\/span><\/p>\n<p><span style=\"font-weight: 400;\">&#8211; Ayarlanabilir omuz ask\u0131lar\u0131 ve \u00e7apraz ask\u0131; hem omuz \u00e7antas\u0131 hem de \u00e7apraz \u00e7anta olarak kullan\u0131labilir.<\/span><\/p>\n<p><span style=\"font-weight: 400;\">&#8211; Rahat omuz ask\u0131lar\u0131; \u00e7apraz ask\u0131s\u0131 kolayca tak\u0131l\u0131p \u00e7\u0131kar\u0131labilir.<\/span><\/p>\n<p><span style=\"font-weight: 400;\">&#8211; Fonksiyonel a\u00e7\u0131kl\u0131klara sahip \u00e7\u0131kar\u0131labilir Maymun oyuncak aksesuar\u0131.<\/span><\/p>\n<p><span style=\"font-weight: 400;\">&#8211; Su ge\u00e7irmez tasar\u0131m.<\/span><\/p>\n<p><span style=\"font-weight: 400;\">Bak\u0131m:<\/span><\/p>\n<p><span style=\"font-weight: 400;\">&#8211; Nemli bir bezle temizleyin.<\/span><\/p>\n","protected":false},"excerpt":{"rendered":"<p>Sanmorris Kad\u0131n B\u00fcy\u00fck Su Ge\u00e7irmez Krinkle Kuma\u015f \u00c7apraz ve Omuz \u00c7antas\u0131 Stil ve i\u015flevselli\u011fi bir arada sunan Sanmorris modeli, farkl\u0131 renk se\u00e7enekleriyle sunuluyor. Boyutlar: &#8211; Geni\u015flik: 35 cm &#8211; Y\u00fckseklik: 28 cm &#8211; Derinlik: 14 cm \u00d6zellikler: &#8211; Y\u00fcksek kaliteli fermuarlar ve fermuar \u00e7ekme. &#8211; K\u00fc\u00e7\u00fck e\u015fyalar\u0131n\u0131z\u0131 d\u00fczenleyebilece\u011finiz 1 fermuarl\u0131 ve 2 fermuars\u0131z cepli, 1 [&hellip;]<\/p>\n","protected":false},"featured_media":19499,"comment_status":"closed","ping_status":"closed","template":"","meta":[],"product_brand":[],"product_cat":[64,66],"product_tag":[],"class_list":{"0":"post-21063","1":"product","2":"type-product","3":"status-publish","4":"has-post-thumbnail","6":"product_cat-el-cantasi","7":"product_cat-omuz-cantasi","8":"pa_color-acik-gri","9":"pa_color-haki","10":"pa_color-koyu-gri","11":"pa_color-kum","12":"pa_color-lacivert","13":"pa_color-siyah","15":"first","16":"instock","17":"shipping-taxable","18":"purchasable","19":"product-type-variable","20":"wvs-archive-product-wrapper"},"yoast_head":"<!-- This site is optimized with the Yoast SEO Premium plugin v25.4 (Yoast SEO v27.4) - https:\/\/yoast.com\/product\/yoast-seo-premium-wordpress\/ -->\n<title>B\u00fcy\u00fck su ge\u00e7irmez \u00e7apraz ve omuz \u00e7antas\u0131 Kod: 3026 - Sanmorris Bags<\/title>\n<meta name=\"description\" content=\"B\u00fcy\u00fck su ge\u00e7irmez \u00e7apraz ve omuz \u00e7antas\u0131. sanmorris kad\u0131n b\u00fcy\u00fck su ge\u00e7irmez k\u0131r\u0131\u015f\u0131k kuma\u015f \u00e7apraz ve omuz \u00e7antas\u0131 \u00e7e\u015fitli renklerde\" \/>\n<meta name=\"robots\" content=\"index, follow, max-snippet:-1, max-image-preview:large, max-video-preview:-1\" \/>\n<link rel=\"canonical\" href=\"https:\/\/sanmorrisbags.com\/tr\/product\/kod-3026\/\" \/>\n<meta property=\"og:locale\" content=\"tr_TR\" \/>\n<meta property=\"og:type\" content=\"article\" \/>\n<meta property=\"og:title\" content=\"Kod: 3026\" \/>\n<meta property=\"og:description\" content=\"B\u00fcy\u00fck su ge\u00e7irmez \u00e7apraz ve omuz \u00e7antas\u0131. sanmorris kad\u0131n b\u00fcy\u00fck su ge\u00e7irmez k\u0131r\u0131\u015f\u0131k kuma\u015f \u00e7apraz ve omuz \u00e7antas\u0131 \u00e7e\u015fitli renklerde\" \/>\n<meta property=\"og:url\" content=\"https:\/\/sanmorrisbags.com\/tr\/product\/kod-3026\/\" \/>\n<meta property=\"og:site_name\" content=\"Sanmorris Bags\" \/>\n<meta property=\"article:publisher\" content=\"https:\/\/www.facebook.com\/sanmorrisbags\" \/>\n<meta property=\"og:image\" content=\"https:\/\/sanmorrisbags.com\/wp-content\/uploads\/2024\/10\/DSC_0797-1.jpg\" \/>\n\t<meta property=\"og:image:width\" content=\"1200\" \/>\n\t<meta property=\"og:image:height\" content=\"1800\" \/>\n\t<meta property=\"og:image:type\" content=\"image\/jpeg\" \/>\n<meta name=\"twitter:card\" content=\"summary_large_image\" \/>\n<meta name=\"twitter:site\" content=\"@sanmorrisbag\" \/>\n<meta name=\"twitter:label1\" content=\"Durumu\" \/>\n\t<meta name=\"twitter:data1\" content=\"Stokta var\" \/>\n<script type=\"application\/ld+json\" class=\"yoast-schema-graph\">{\"@context\":\"https:\\\/\\\/schema.org\",\"@graph\":[{\"@type\":\"WebPage\",\"@id\":\"https:\\\/\\\/sanmorrisbags.com\\\/tr\\\/product\\\/kod-3026\\\/\",\"url\":\"https:\\\/\\\/sanmorrisbags.com\\\/tr\\\/product\\\/kod-3026\\\/\",\"name\":\"B\u00fcy\u00fck su ge\u00e7irmez \u00e7apraz ve omuz \u00e7antas\u0131 Kod: 3026 - Sanmorris Bags\",\"isPartOf\":{\"@id\":\"https:\\\/\\\/sanmorrisbags.com\\\/tr\\\/#website\"},\"primaryImageOfPage\":{\"@id\":\"https:\\\/\\\/sanmorrisbags.com\\\/tr\\\/product\\\/kod-3026\\\/#primaryimage\"},\"image\":{\"@id\":\"https:\\\/\\\/sanmorrisbags.com\\\/tr\\\/product\\\/kod-3026\\\/#primaryimage\"},\"thumbnailUrl\":\"https:\\\/\\\/sanmorrisbags.com\\\/wp-content\\\/uploads\\\/2024\\\/10\\\/DSC_0797-1.jpg\",\"datePublished\":\"2024-10-06T22:48:02+00:00\",\"description\":\"B\u00fcy\u00fck su ge\u00e7irmez \u00e7apraz ve omuz \u00e7antas\u0131. sanmorris kad\u0131n b\u00fcy\u00fck su ge\u00e7irmez k\u0131r\u0131\u015f\u0131k kuma\u015f \u00e7apraz ve omuz \u00e7antas\u0131 \u00e7e\u015fitli renklerde\",\"breadcrumb\":{\"@id\":\"https:\\\/\\\/sanmorrisbags.com\\\/tr\\\/product\\\/kod-3026\\\/#breadcrumb\"},\"inLanguage\":\"tr\",\"potentialAction\":[{\"@type\":\"ReadAction\",\"target\":[\"https:\\\/\\\/sanmorrisbags.com\\\/tr\\\/product\\\/kod-3026\\\/\"]}]},{\"@type\":\"ImageObject\",\"inLanguage\":\"tr\",\"@id\":\"https:\\\/\\\/sanmorrisbags.com\\\/tr\\\/product\\\/kod-3026\\\/#primaryimage\",\"url\":\"https:\\\/\\\/sanmorrisbags.com\\\/wp-content\\\/uploads\\\/2024\\\/10\\\/DSC_0797-1.jpg\",\"contentUrl\":\"https:\\\/\\\/sanmorrisbags.com\\\/wp-content\\\/uploads\\\/2024\\\/10\\\/DSC_0797-1.jpg\",\"width\":1200,\"height\":1800,\"caption\":\"Sanmorris women's large waterproof krinkle fabric crossbody and shoulder bag in grey color\"},{\"@type\":\"BreadcrumbList\",\"@id\":\"https:\\\/\\\/sanmorrisbags.com\\\/tr\\\/product\\\/kod-3026\\\/#breadcrumb\",\"itemListElement\":[{\"@type\":\"ListItem\",\"position\":1,\"name\":\"Home\",\"item\":\"https:\\\/\\\/sanmorrisbags.com\\\/tr\\\/home\\\/\"},{\"@type\":\"ListItem\",\"position\":2,\"name\":\"Shop\",\"item\":\"https:\\\/\\\/sanmorrisbags.com\\\/shop\\\/\"},{\"@type\":\"ListItem\",\"position\":3,\"name\":\"Kod: 3026\"}]},{\"@type\":\"WebSite\",\"@id\":\"https:\\\/\\\/sanmorrisbags.com\\\/tr\\\/#website\",\"url\":\"https:\\\/\\\/sanmorrisbags.com\\\/tr\\\/\",\"name\":\"Sanmorris Bags\",\"description\":\"\",\"publisher\":{\"@id\":\"https:\\\/\\\/sanmorrisbags.com\\\/tr\\\/#organization\"},\"potentialAction\":[{\"@type\":\"SearchAction\",\"target\":{\"@type\":\"EntryPoint\",\"urlTemplate\":\"https:\\\/\\\/sanmorrisbags.com\\\/tr\\\/?s={search_term_string}\"},\"query-input\":{\"@type\":\"PropertyValueSpecification\",\"valueRequired\":true,\"valueName\":\"search_term_string\"}}],\"inLanguage\":\"tr\"},{\"@type\":\"Organization\",\"@id\":\"https:\\\/\\\/sanmorrisbags.com\\\/tr\\\/#organization\",\"name\":\"Sanmorris Bags\",\"url\":\"https:\\\/\\\/sanmorrisbags.com\\\/tr\\\/\",\"logo\":{\"@type\":\"ImageObject\",\"inLanguage\":\"tr\",\"@id\":\"https:\\\/\\\/sanmorrisbags.com\\\/tr\\\/#\\\/schema\\\/logo\\\/image\\\/\",\"url\":\"https:\\\/\\\/sanmorrisbags.com\\\/wp-content\\\/uploads\\\/2023\\\/02\\\/Logo-new.png\",\"contentUrl\":\"https:\\\/\\\/sanmorrisbags.com\\\/wp-content\\\/uploads\\\/2023\\\/02\\\/Logo-new.png\",\"width\":1000,\"height\":1000,\"caption\":\"Sanmorris Bags\"},\"image\":{\"@id\":\"https:\\\/\\\/sanmorrisbags.com\\\/tr\\\/#\\\/schema\\\/logo\\\/image\\\/\"},\"sameAs\":[\"https:\\\/\\\/www.facebook.com\\\/sanmorrisbags\",\"https:\\\/\\\/x.com\\\/sanmorrisbag\",\"https:\\\/\\\/www.instagram.com\\\/sanmorrisbag\\\/\"]}]}<\/script>\n<meta property=\"og:availability\" content=\"instock\" \/>\n<meta property=\"product:availability\" content=\"instock\" \/>\n<meta property=\"product:condition\" content=\"new\" \/>\n<!-- \/ Yoast SEO Premium plugin. -->","yoast_head_json":{"title":"B\u00fcy\u00fck su ge\u00e7irmez \u00e7apraz ve omuz \u00e7antas\u0131 Kod: 3026 - Sanmorris Bags","description":"B\u00fcy\u00fck su ge\u00e7irmez \u00e7apraz ve omuz \u00e7antas\u0131. sanmorris kad\u0131n b\u00fcy\u00fck su ge\u00e7irmez k\u0131r\u0131\u015f\u0131k kuma\u015f \u00e7apraz ve omuz \u00e7antas\u0131 \u00e7e\u015fitli renklerde","robots":{"index":"index","follow":"follow","max-snippet":"max-snippet:-1","max-image-preview":"max-image-preview:large","max-video-preview":"max-video-preview:-1"},"canonical":"https:\/\/sanmorrisbags.com\/tr\/product\/kod-3026\/","og_locale":"tr_TR","og_type":"article","og_title":"Kod: 3026","og_description":"B\u00fcy\u00fck su ge\u00e7irmez \u00e7apraz ve omuz \u00e7antas\u0131. sanmorris kad\u0131n b\u00fcy\u00fck su ge\u00e7irmez k\u0131r\u0131\u015f\u0131k kuma\u015f \u00e7apraz ve omuz \u00e7antas\u0131 \u00e7e\u015fitli renklerde","og_url":"https:\/\/sanmorrisbags.com\/tr\/product\/kod-3026\/","og_site_name":"Sanmorris Bags","article_publisher":"https:\/\/www.facebook.com\/sanmorrisbags","og_image":[{"width":1200,"height":1800,"url":"https:\/\/sanmorrisbags.com\/wp-content\/uploads\/2024\/10\/DSC_0797-1.jpg","type":"image\/jpeg"}],"twitter_card":"summary_large_image","twitter_site":"@sanmorrisbag","twitter_misc":{"Durumu":"Stokta var"},"schema":{"@context":"https:\/\/schema.org","@graph":[{"@type":"WebPage","@id":"https:\/\/sanmorrisbags.com\/tr\/product\/kod-3026\/","url":"https:\/\/sanmorrisbags.com\/tr\/product\/kod-3026\/","name":"B\u00fcy\u00fck su ge\u00e7irmez \u00e7apraz ve omuz \u00e7antas\u0131 Kod: 3026 - Sanmorris Bags","isPartOf":{"@id":"https:\/\/sanmorrisbags.com\/tr\/#website"},"primaryImageOfPage":{"@id":"https:\/\/sanmorrisbags.com\/tr\/product\/kod-3026\/#primaryimage"},"image":{"@id":"https:\/\/sanmorrisbags.com\/tr\/product\/kod-3026\/#primaryimage"},"thumbnailUrl":"https:\/\/sanmorrisbags.com\/wp-content\/uploads\/2024\/10\/DSC_0797-1.jpg","datePublished":"2024-10-06T22:48:02+00:00","description":"B\u00fcy\u00fck su ge\u00e7irmez \u00e7apraz ve omuz \u00e7antas\u0131. sanmorris kad\u0131n b\u00fcy\u00fck su ge\u00e7irmez k\u0131r\u0131\u015f\u0131k kuma\u015f \u00e7apraz ve omuz \u00e7antas\u0131 \u00e7e\u015fitli renklerde","breadcrumb":{"@id":"https:\/\/sanmorrisbags.com\/tr\/product\/kod-3026\/#breadcrumb"},"inLanguage":"tr","potentialAction":[{"@type":"ReadAction","target":["https:\/\/sanmorrisbags.com\/tr\/product\/kod-3026\/"]}]},{"@type":"ImageObject","inLanguage":"tr","@id":"https:\/\/sanmorrisbags.com\/tr\/product\/kod-3026\/#primaryimage","url":"https:\/\/sanmorrisbags.com\/wp-content\/uploads\/2024\/10\/DSC_0797-1.jpg","contentUrl":"https:\/\/sanmorrisbags.com\/wp-content\/uploads\/2024\/10\/DSC_0797-1.jpg","width":1200,"height":1800,"caption":"Sanmorris women's large waterproof krinkle fabric crossbody and shoulder bag in grey color"},{"@type":"BreadcrumbList","@id":"https:\/\/sanmorrisbags.com\/tr\/product\/kod-3026\/#breadcrumb","itemListElement":[{"@type":"ListItem","position":1,"name":"Home","item":"https:\/\/sanmorrisbags.com\/tr\/home\/"},{"@type":"ListItem","position":2,"name":"Shop","item":"https:\/\/sanmorrisbags.com\/shop\/"},{"@type":"ListItem","position":3,"name":"Kod: 3026"}]},{"@type":"WebSite","@id":"https:\/\/sanmorrisbags.com\/tr\/#website","url":"https:\/\/sanmorrisbags.com\/tr\/","name":"Sanmorris Bags","description":"","publisher":{"@id":"https:\/\/sanmorrisbags.com\/tr\/#organization"},"potentialAction":[{"@type":"SearchAction","target":{"@type":"EntryPoint","urlTemplate":"https:\/\/sanmorrisbags.com\/tr\/?s={search_term_string}"},"query-input":{"@type":"PropertyValueSpecification","valueRequired":true,"valueName":"search_term_string"}}],"inLanguage":"tr"},{"@type":"Organization","@id":"https:\/\/sanmorrisbags.com\/tr\/#organization","name":"Sanmorris Bags","url":"https:\/\/sanmorrisbags.com\/tr\/","logo":{"@type":"ImageObject","inLanguage":"tr","@id":"https:\/\/sanmorrisbags.com\/tr\/#\/schema\/logo\/image\/","url":"https:\/\/sanmorrisbags.com\/wp-content\/uploads\/2023\/02\/Logo-new.png","contentUrl":"https:\/\/sanmorrisbags.com\/wp-content\/uploads\/2023\/02\/Logo-new.png","width":1000,"height":1000,"caption":"Sanmorris Bags"},"image":{"@id":"https:\/\/sanmorrisbags.com\/tr\/#\/schema\/logo\/image\/"},"sameAs":["https:\/\/www.facebook.com\/sanmorrisbags","https:\/\/x.com\/sanmorrisbag","https:\/\/www.instagram.com\/sanmorrisbag\/"]}]},"og_availability":"instock","product_availability":"instock","product_condition":"new"},"_links":{"self":[{"href":"https:\/\/sanmorrisbags.com\/tr\/wp-json\/wp\/v2\/product\/21063","targetHints":{"allow":["GET"]}}],"collection":[{"href":"https:\/\/sanmorrisbags.com\/tr\/wp-json\/wp\/v2\/product"}],"about":[{"href":"https:\/\/sanmorrisbags.com\/tr\/wp-json\/wp\/v2\/types\/product"}],"replies":[{"embeddable":true,"href":"https:\/\/sanmorrisbags.com\/tr\/wp-json\/wp\/v2\/comments?post=21063"}],"wp:featuredmedia":[{"embeddable":true,"href":"https:\/\/sanmorrisbags.com\/tr\/wp-json\/wp\/v2\/media\/19499"}],"wp:attachment":[{"href":"https:\/\/sanmorrisbags.com\/tr\/wp-json\/wp\/v2\/media?parent=21063"}],"wp:term":[{"taxonomy":"product_brand","embeddable":true,"href":"https:\/\/sanmorrisbags.com\/tr\/wp-json\/wp\/v2\/product_brand?post=21063"},{"taxonomy":"product_cat","embeddable":true,"href":"https:\/\/sanmorrisbags.com\/tr\/wp-json\/wp\/v2\/product_cat?post=21063"},{"taxonomy":"product_tag","embeddable":true,"href":"https:\/\/sanmorrisbags.com\/tr\/wp-json\/wp\/v2\/product_tag?post=21063"}],"curies":[{"name":"wp","href":"https:\/\/api.w.org\/{rel}","templated":true}]}}