{"id":21070,"date":"2024-10-06T22:47:35","date_gmt":"2024-10-06T22:47:35","guid":{"rendered":"https:\/\/sanmorrisbags.com\/product\/kod-3025\/"},"modified":"2024-10-06T22:47:35","modified_gmt":"2024-10-06T22:47:35","slug":"kod-3025","status":"publish","type":"product","link":"https:\/\/sanmorrisbags.com\/tr\/product\/kod-3025\/","title":{"rendered":"Kod: 3025"},"content":{"rendered":"<p><strong>Sanmorris Unisex Su Ge\u00e7irmez Krinkle Kuma\u015f \u00c7apraz Seyahat \u00c7antas\u0131<\/strong><\/p>\n<p>\u00c7ok y\u00f6nl\u00fcl\u00fck ve stil i\u00e7in tasarlanan, \u00e7e\u015fitli renklerde mevcut olan Sanmorris seyahat ve spor \u00e7antas\u0131n\u0131 tan\u0131t\u0131yoruz.<\/p>\n<h3><strong>Boyutlar:<\/strong><\/h3>\n<ul>\n<li><strong>Geni\u015flik: <\/strong>48 cm<\/li>\n<li><strong>Y\u00fckseklik:<\/strong> 29 cm<\/li>\n<li><strong>Taban Geni\u015fli\u011fi:<\/strong> 22 cm<\/li>\n<\/ul>\n<h3><strong>\u00d6zellikler:<\/strong><\/h3>\n<ul>\n<li>Su ge\u00e7irmez kuma\u015ftan \u00fcretilmi\u015ftir, zararl\u0131 maddeler i\u00e7ermez.<\/li>\n<li>P\u00fcr\u00fczs\u00fcz doku &#8211; dalga deseni yok.<\/li>\n<li>Hem elde hem de \u00e7apraz ask\u0131l\u0131 \u00e7ift ta\u015f\u0131ma se\u00e7ene\u011fi ile kullan\u0131m kolayl\u0131\u011f\u0131 sa\u011flar.<\/li>\n<li>Tekerlekli bagajlara kolayca tak\u0131labilen arka kay\u0131\u015f.<\/li>\n<li>\u00d6n tarafta iki, arka tarafta ise bir adet fermuarl\u0131 cep, ekstra depolama alan\u0131 sunar.<\/li>\n<li>\u0130\u00e7erisinde temel ihtiya\u00e7lar\u0131n\u0131z\u0131 organize edebilece\u011finiz fermuarl\u0131 bir cep bulunmaktad\u0131r.<\/li>\n<li>Kolay eri\u015fim i\u00e7in her iki tarafta \u00e7ift fermuar ba\u015fl\u0131\u011f\u0131.<\/li>\n<li>\u00c7\u0131kar\u0131labilir maymuncuk aksesuar\u0131, \u00e7e\u015fitli kullan\u0131mlara g\u00f6re ayarlanabilir.<\/li>\n<\/ul>\n<h3><strong>Bak\u0131m:<\/strong><\/h3>\n<ul>\n<li>Nemli bezle temizlenmesi \u00f6nerilir.<\/li>\n<\/ul>\n<p>Seyahat ve spor i\u00e7in m\u00fckemmel olan bu \u00e7anta, pratikli\u011fi \u015f\u0131kl\u0131kla birle\u015ftiriyor!<\/p>\n","protected":false},"excerpt":{"rendered":"<p>Sanmorris Unisex Su Ge\u00e7irmez Krinkle Kuma\u015f \u00c7apraz Seyahat \u00c7antas\u0131 \u00c7ok y\u00f6nl\u00fcl\u00fck ve stil i\u00e7in tasarlanan, \u00e7e\u015fitli renklerde mevcut olan Sanmorris seyahat ve spor \u00e7antas\u0131n\u0131 tan\u0131t\u0131yoruz. Boyutlar: Geni\u015flik: 48 cm Y\u00fckseklik: 29 cm Taban Geni\u015fli\u011fi: 22 cm \u00d6zellikler: Su ge\u00e7irmez kuma\u015ftan \u00fcretilmi\u015ftir, zararl\u0131 maddeler i\u00e7ermez. P\u00fcr\u00fczs\u00fcz doku &#8211; dalga deseni yok. Hem elde hem de \u00e7apraz [&hellip;]<\/p>\n","protected":false},"featured_media":19506,"comment_status":"closed","ping_status":"closed","template":"","meta":[],"product_brand":[],"product_cat":[67],"product_tag":[],"class_list":{"0":"post-21070","1":"product","2":"type-product","3":"status-publish","4":"has-post-thumbnail","6":"product_cat-seyahat-cantasi","7":"pa_color-haki","8":"pa_color-koyu-gri","9":"pa_color-kum","10":"pa_color-lacivert","11":"pa_color-maroon-tr","12":"pa_color-siyah","14":"first","15":"instock","16":"shipping-taxable","17":"purchasable","18":"product-type-variable","19":"wvs-archive-product-wrapper"},"yoast_head":"<!-- This site is optimized with the Yoast SEO Premium plugin v25.4 (Yoast SEO v27.4) - https:\/\/yoast.com\/product\/yoast-seo-premium-wordpress\/ -->\n<title>Su ge\u00e7irmez \u00e7apraz ask\u0131l\u0131 seyahat \u00e7antas\u0131 Kod: 3025 - Sanmorris Bags<\/title>\n<meta name=\"description\" content=\"Su ge\u00e7irmez \u00e7apraz ask\u0131l\u0131 seyahat \u00e7antas\u0131. \u00d6n tarafta iki fermuarl\u0131 cep ve ek depolama i\u00e7in arka tarafta bir cep. Toptan sat\u0131\u015f mevcuttur\" \/>\n<meta name=\"robots\" content=\"index, follow, max-snippet:-1, max-image-preview:large, max-video-preview:-1\" \/>\n<link rel=\"canonical\" href=\"https:\/\/sanmorrisbags.com\/tr\/product\/kod-3025\/\" \/>\n<meta property=\"og:locale\" content=\"tr_TR\" \/>\n<meta property=\"og:type\" content=\"article\" \/>\n<meta property=\"og:title\" content=\"Kod: 3025\" \/>\n<meta property=\"og:description\" content=\"Su ge\u00e7irmez \u00e7apraz ask\u0131l\u0131 seyahat \u00e7antas\u0131. \u00d6n tarafta iki fermuarl\u0131 cep ve ek depolama i\u00e7in arka tarafta bir cep. Toptan sat\u0131\u015f mevcuttur\" \/>\n<meta property=\"og:url\" content=\"https:\/\/sanmorrisbags.com\/tr\/product\/kod-3025\/\" \/>\n<meta property=\"og:site_name\" content=\"Sanmorris Bags\" \/>\n<meta property=\"article:publisher\" content=\"https:\/\/www.facebook.com\/sanmorrisbags\" \/>\n<meta property=\"og:image\" content=\"https:\/\/sanmorrisbags.com\/wp-content\/uploads\/2024\/10\/DSC_9961-1.jpg\" \/>\n\t<meta property=\"og:image:width\" content=\"1200\" \/>\n\t<meta property=\"og:image:height\" content=\"1800\" \/>\n\t<meta property=\"og:image:type\" content=\"image\/jpeg\" \/>\n<meta name=\"twitter:card\" content=\"summary_large_image\" \/>\n<meta name=\"twitter:site\" content=\"@sanmorrisbag\" \/>\n<meta name=\"twitter:label1\" content=\"Durumu\" \/>\n\t<meta name=\"twitter:data1\" content=\"Stokta var\" \/>\n<script type=\"application\/ld+json\" class=\"yoast-schema-graph\">{\"@context\":\"https:\\\/\\\/schema.org\",\"@graph\":[{\"@type\":\"WebPage\",\"@id\":\"https:\\\/\\\/sanmorrisbags.com\\\/tr\\\/product\\\/kod-3025\\\/\",\"url\":\"https:\\\/\\\/sanmorrisbags.com\\\/tr\\\/product\\\/kod-3025\\\/\",\"name\":\"Su ge\u00e7irmez \u00e7apraz ask\u0131l\u0131 seyahat \u00e7antas\u0131 Kod: 3025 - Sanmorris Bags\",\"isPartOf\":{\"@id\":\"https:\\\/\\\/sanmorrisbags.com\\\/tr\\\/#website\"},\"primaryImageOfPage\":{\"@id\":\"https:\\\/\\\/sanmorrisbags.com\\\/tr\\\/product\\\/kod-3025\\\/#primaryimage\"},\"image\":{\"@id\":\"https:\\\/\\\/sanmorrisbags.com\\\/tr\\\/product\\\/kod-3025\\\/#primaryimage\"},\"thumbnailUrl\":\"https:\\\/\\\/sanmorrisbags.com\\\/wp-content\\\/uploads\\\/2024\\\/10\\\/DSC_9961-1.jpg\",\"datePublished\":\"2024-10-06T22:47:35+00:00\",\"description\":\"Su ge\u00e7irmez \u00e7apraz ask\u0131l\u0131 seyahat \u00e7antas\u0131. \u00d6n tarafta iki fermuarl\u0131 cep ve ek depolama i\u00e7in arka tarafta bir cep. Toptan sat\u0131\u015f mevcuttur\",\"breadcrumb\":{\"@id\":\"https:\\\/\\\/sanmorrisbags.com\\\/tr\\\/product\\\/kod-3025\\\/#breadcrumb\"},\"inLanguage\":\"tr\",\"potentialAction\":[{\"@type\":\"ReadAction\",\"target\":[\"https:\\\/\\\/sanmorrisbags.com\\\/tr\\\/product\\\/kod-3025\\\/\"]}]},{\"@type\":\"ImageObject\",\"inLanguage\":\"tr\",\"@id\":\"https:\\\/\\\/sanmorrisbags.com\\\/tr\\\/product\\\/kod-3025\\\/#primaryimage\",\"url\":\"https:\\\/\\\/sanmorrisbags.com\\\/wp-content\\\/uploads\\\/2024\\\/10\\\/DSC_9961-1.jpg\",\"contentUrl\":\"https:\\\/\\\/sanmorrisbags.com\\\/wp-content\\\/uploads\\\/2024\\\/10\\\/DSC_9961-1.jpg\",\"width\":1200,\"height\":1800,\"caption\":\"Sanmorris unisex waterproof krinkle fabric crossbody travel bag\"},{\"@type\":\"BreadcrumbList\",\"@id\":\"https:\\\/\\\/sanmorrisbags.com\\\/tr\\\/product\\\/kod-3025\\\/#breadcrumb\",\"itemListElement\":[{\"@type\":\"ListItem\",\"position\":1,\"name\":\"Home\",\"item\":\"https:\\\/\\\/sanmorrisbags.com\\\/tr\\\/home\\\/\"},{\"@type\":\"ListItem\",\"position\":2,\"name\":\"Shop\",\"item\":\"https:\\\/\\\/sanmorrisbags.com\\\/shop\\\/\"},{\"@type\":\"ListItem\",\"position\":3,\"name\":\"Kod: 3025\"}]},{\"@type\":\"WebSite\",\"@id\":\"https:\\\/\\\/sanmorrisbags.com\\\/tr\\\/#website\",\"url\":\"https:\\\/\\\/sanmorrisbags.com\\\/tr\\\/\",\"name\":\"Sanmorris Bags\",\"description\":\"\",\"publisher\":{\"@id\":\"https:\\\/\\\/sanmorrisbags.com\\\/tr\\\/#organization\"},\"potentialAction\":[{\"@type\":\"SearchAction\",\"target\":{\"@type\":\"EntryPoint\",\"urlTemplate\":\"https:\\\/\\\/sanmorrisbags.com\\\/tr\\\/?s={search_term_string}\"},\"query-input\":{\"@type\":\"PropertyValueSpecification\",\"valueRequired\":true,\"valueName\":\"search_term_string\"}}],\"inLanguage\":\"tr\"},{\"@type\":\"Organization\",\"@id\":\"https:\\\/\\\/sanmorrisbags.com\\\/tr\\\/#organization\",\"name\":\"Sanmorris Bags\",\"url\":\"https:\\\/\\\/sanmorrisbags.com\\\/tr\\\/\",\"logo\":{\"@type\":\"ImageObject\",\"inLanguage\":\"tr\",\"@id\":\"https:\\\/\\\/sanmorrisbags.com\\\/tr\\\/#\\\/schema\\\/logo\\\/image\\\/\",\"url\":\"https:\\\/\\\/sanmorrisbags.com\\\/wp-content\\\/uploads\\\/2023\\\/02\\\/Logo-new.png\",\"contentUrl\":\"https:\\\/\\\/sanmorrisbags.com\\\/wp-content\\\/uploads\\\/2023\\\/02\\\/Logo-new.png\",\"width\":1000,\"height\":1000,\"caption\":\"Sanmorris Bags\"},\"image\":{\"@id\":\"https:\\\/\\\/sanmorrisbags.com\\\/tr\\\/#\\\/schema\\\/logo\\\/image\\\/\"},\"sameAs\":[\"https:\\\/\\\/www.facebook.com\\\/sanmorrisbags\",\"https:\\\/\\\/x.com\\\/sanmorrisbag\",\"https:\\\/\\\/www.instagram.com\\\/sanmorrisbag\\\/\"]}]}<\/script>\n<meta property=\"og:availability\" content=\"instock\" \/>\n<meta property=\"product:availability\" content=\"instock\" \/>\n<meta property=\"product:condition\" content=\"new\" \/>\n<!-- \/ Yoast SEO Premium plugin. -->","yoast_head_json":{"title":"Su ge\u00e7irmez \u00e7apraz ask\u0131l\u0131 seyahat \u00e7antas\u0131 Kod: 3025 - Sanmorris Bags","description":"Su ge\u00e7irmez \u00e7apraz ask\u0131l\u0131 seyahat \u00e7antas\u0131. \u00d6n tarafta iki fermuarl\u0131 cep ve ek depolama i\u00e7in arka tarafta bir cep. Toptan sat\u0131\u015f mevcuttur","robots":{"index":"index","follow":"follow","max-snippet":"max-snippet:-1","max-image-preview":"max-image-preview:large","max-video-preview":"max-video-preview:-1"},"canonical":"https:\/\/sanmorrisbags.com\/tr\/product\/kod-3025\/","og_locale":"tr_TR","og_type":"article","og_title":"Kod: 3025","og_description":"Su ge\u00e7irmez \u00e7apraz ask\u0131l\u0131 seyahat \u00e7antas\u0131. \u00d6n tarafta iki fermuarl\u0131 cep ve ek depolama i\u00e7in arka tarafta bir cep. Toptan sat\u0131\u015f mevcuttur","og_url":"https:\/\/sanmorrisbags.com\/tr\/product\/kod-3025\/","og_site_name":"Sanmorris Bags","article_publisher":"https:\/\/www.facebook.com\/sanmorrisbags","og_image":[{"width":1200,"height":1800,"url":"https:\/\/sanmorrisbags.com\/wp-content\/uploads\/2024\/10\/DSC_9961-1.jpg","type":"image\/jpeg"}],"twitter_card":"summary_large_image","twitter_site":"@sanmorrisbag","twitter_misc":{"Durumu":"Stokta var"},"schema":{"@context":"https:\/\/schema.org","@graph":[{"@type":"WebPage","@id":"https:\/\/sanmorrisbags.com\/tr\/product\/kod-3025\/","url":"https:\/\/sanmorrisbags.com\/tr\/product\/kod-3025\/","name":"Su ge\u00e7irmez \u00e7apraz ask\u0131l\u0131 seyahat \u00e7antas\u0131 Kod: 3025 - Sanmorris Bags","isPartOf":{"@id":"https:\/\/sanmorrisbags.com\/tr\/#website"},"primaryImageOfPage":{"@id":"https:\/\/sanmorrisbags.com\/tr\/product\/kod-3025\/#primaryimage"},"image":{"@id":"https:\/\/sanmorrisbags.com\/tr\/product\/kod-3025\/#primaryimage"},"thumbnailUrl":"https:\/\/sanmorrisbags.com\/wp-content\/uploads\/2024\/10\/DSC_9961-1.jpg","datePublished":"2024-10-06T22:47:35+00:00","description":"Su ge\u00e7irmez \u00e7apraz ask\u0131l\u0131 seyahat \u00e7antas\u0131. \u00d6n tarafta iki fermuarl\u0131 cep ve ek depolama i\u00e7in arka tarafta bir cep. Toptan sat\u0131\u015f mevcuttur","breadcrumb":{"@id":"https:\/\/sanmorrisbags.com\/tr\/product\/kod-3025\/#breadcrumb"},"inLanguage":"tr","potentialAction":[{"@type":"ReadAction","target":["https:\/\/sanmorrisbags.com\/tr\/product\/kod-3025\/"]}]},{"@type":"ImageObject","inLanguage":"tr","@id":"https:\/\/sanmorrisbags.com\/tr\/product\/kod-3025\/#primaryimage","url":"https:\/\/sanmorrisbags.com\/wp-content\/uploads\/2024\/10\/DSC_9961-1.jpg","contentUrl":"https:\/\/sanmorrisbags.com\/wp-content\/uploads\/2024\/10\/DSC_9961-1.jpg","width":1200,"height":1800,"caption":"Sanmorris unisex waterproof krinkle fabric crossbody travel bag"},{"@type":"BreadcrumbList","@id":"https:\/\/sanmorrisbags.com\/tr\/product\/kod-3025\/#breadcrumb","itemListElement":[{"@type":"ListItem","position":1,"name":"Home","item":"https:\/\/sanmorrisbags.com\/tr\/home\/"},{"@type":"ListItem","position":2,"name":"Shop","item":"https:\/\/sanmorrisbags.com\/shop\/"},{"@type":"ListItem","position":3,"name":"Kod: 3025"}]},{"@type":"WebSite","@id":"https:\/\/sanmorrisbags.com\/tr\/#website","url":"https:\/\/sanmorrisbags.com\/tr\/","name":"Sanmorris Bags","description":"","publisher":{"@id":"https:\/\/sanmorrisbags.com\/tr\/#organization"},"potentialAction":[{"@type":"SearchAction","target":{"@type":"EntryPoint","urlTemplate":"https:\/\/sanmorrisbags.com\/tr\/?s={search_term_string}"},"query-input":{"@type":"PropertyValueSpecification","valueRequired":true,"valueName":"search_term_string"}}],"inLanguage":"tr"},{"@type":"Organization","@id":"https:\/\/sanmorrisbags.com\/tr\/#organization","name":"Sanmorris Bags","url":"https:\/\/sanmorrisbags.com\/tr\/","logo":{"@type":"ImageObject","inLanguage":"tr","@id":"https:\/\/sanmorrisbags.com\/tr\/#\/schema\/logo\/image\/","url":"https:\/\/sanmorrisbags.com\/wp-content\/uploads\/2023\/02\/Logo-new.png","contentUrl":"https:\/\/sanmorrisbags.com\/wp-content\/uploads\/2023\/02\/Logo-new.png","width":1000,"height":1000,"caption":"Sanmorris Bags"},"image":{"@id":"https:\/\/sanmorrisbags.com\/tr\/#\/schema\/logo\/image\/"},"sameAs":["https:\/\/www.facebook.com\/sanmorrisbags","https:\/\/x.com\/sanmorrisbag","https:\/\/www.instagram.com\/sanmorrisbag\/"]}]},"og_availability":"instock","product_availability":"instock","product_condition":"new"},"_links":{"self":[{"href":"https:\/\/sanmorrisbags.com\/tr\/wp-json\/wp\/v2\/product\/21070","targetHints":{"allow":["GET"]}}],"collection":[{"href":"https:\/\/sanmorrisbags.com\/tr\/wp-json\/wp\/v2\/product"}],"about":[{"href":"https:\/\/sanmorrisbags.com\/tr\/wp-json\/wp\/v2\/types\/product"}],"replies":[{"embeddable":true,"href":"https:\/\/sanmorrisbags.com\/tr\/wp-json\/wp\/v2\/comments?post=21070"}],"wp:featuredmedia":[{"embeddable":true,"href":"https:\/\/sanmorrisbags.com\/tr\/wp-json\/wp\/v2\/media\/19506"}],"wp:attachment":[{"href":"https:\/\/sanmorrisbags.com\/tr\/wp-json\/wp\/v2\/media?parent=21070"}],"wp:term":[{"taxonomy":"product_brand","embeddable":true,"href":"https:\/\/sanmorrisbags.com\/tr\/wp-json\/wp\/v2\/product_brand?post=21070"},{"taxonomy":"product_cat","embeddable":true,"href":"https:\/\/sanmorrisbags.com\/tr\/wp-json\/wp\/v2\/product_cat?post=21070"},{"taxonomy":"product_tag","embeddable":true,"href":"https:\/\/sanmorrisbags.com\/tr\/wp-json\/wp\/v2\/product_tag?post=21070"}],"curies":[{"name":"wp","href":"https:\/\/api.w.org\/{rel}","templated":true}]}}