{"id":21107,"date":"2024-10-06T22:41:37","date_gmt":"2024-10-06T22:41:37","guid":{"rendered":"https:\/\/sanmorrisbags.com\/product\/kod-1413\/"},"modified":"2024-10-06T22:41:37","modified_gmt":"2024-10-06T22:41:37","slug":"kod-1413","status":"publish","type":"product","link":"https:\/\/sanmorrisbags.com\/tr\/product\/kod-1413\/","title":{"rendered":"Kod: 1413"},"content":{"rendered":"<p><strong>Orijinal Sanmorris Marka B\u00fcy\u00fck Kapasiteli El ve Omuz \u00c7antas\u0131<\/strong><\/p>\n<p>Hem el hem de omuz kullan\u0131m\u0131 i\u00e7in m\u00fckemmel olan Geni\u015f suni deri \u00e7antay\u0131 tan\u0131t\u0131yoruz. Y\u00fcksek kaliteli suni deriden \u00fcretilen ve dayan\u0131kl\u0131 bir astara sahip olan bu \u015f\u0131k \u00e7anta, i\u015flevselli\u011fi zarafetle birle\u015ftiriyor. Ayarlanabilir bir \u00e7apraz ask\u0131 i\u00e7erir ve gerekti\u011finde omuz \u00e7antas\u0131 olarak rahat\u00e7a ta\u015f\u0131man\u0131z\u0131 sa\u011flar.  <\/p>\n","protected":false},"excerpt":{"rendered":"<p>Orijinal Sanmorris Marka B\u00fcy\u00fck Kapasiteli El ve Omuz \u00c7antas\u0131 Hem el hem de omuz kullan\u0131m\u0131 i\u00e7in m\u00fckemmel olan Geni\u015f suni deri \u00e7antay\u0131 tan\u0131t\u0131yoruz. Y\u00fcksek kaliteli suni deriden \u00fcretilen ve dayan\u0131kl\u0131 bir astara sahip olan bu \u015f\u0131k \u00e7anta, i\u015flevselli\u011fi zarafetle birle\u015ftiriyor. Ayarlanabilir bir \u00e7apraz ask\u0131 i\u00e7erir ve gerekti\u011finde omuz \u00e7antas\u0131 olarak rahat\u00e7a ta\u015f\u0131man\u0131z\u0131 sa\u011flar.<\/p>\n","protected":false},"featured_media":19589,"comment_status":"closed","ping_status":"closed","template":"","meta":[],"product_brand":[],"product_cat":[64,66],"product_tag":[],"class_list":{"0":"post-21107","1":"product","2":"type-product","3":"status-publish","4":"has-post-thumbnail","6":"product_cat-el-cantasi","7":"product_cat-omuz-cantasi","8":"pa_color-haki","9":"pa_color-kum","10":"pa_color-siyah-mat","11":"pa_color-taba","12":"pa_color-vizon","14":"first","15":"instock","16":"shipping-taxable","17":"purchasable","18":"product-type-variable","19":"wvs-archive-product-wrapper"},"yoast_head":"<!-- This site is optimized with the Yoast SEO Premium plugin v25.4 (Yoast SEO v27.6) - https:\/\/yoast.com\/product\/yoast-seo-premium-wordpress\/ -->\n<title>Geni\u015f suni deri \u00e7anta Kod: 1413 - Sanmorris Bags<\/title>\n<meta name=\"description\" content=\"Geni\u015f suni deri \u00e7anta. Hem el hem de omuz kullan\u0131m\u0131 i\u00e7in m\u00fckemmel. Y\u00fcksek kaliteli suni deriden \u00fcretilmi\u015ftir ve dayan\u0131kl\u0131 bir astar\u0131 vard\u0131r.\" \/>\n<meta name=\"robots\" content=\"index, follow, max-snippet:-1, max-image-preview:large, max-video-preview:-1\" \/>\n<link rel=\"canonical\" href=\"https:\/\/sanmorrisbags.com\/tr\/product\/kod-1413\/\" \/>\n<meta property=\"og:locale\" content=\"tr_TR\" \/>\n<meta property=\"og:type\" content=\"article\" \/>\n<meta property=\"og:title\" content=\"Kod: 1413\" \/>\n<meta property=\"og:description\" content=\"Geni\u015f suni deri \u00e7anta. Hem el hem de omuz kullan\u0131m\u0131 i\u00e7in m\u00fckemmel. Y\u00fcksek kaliteli suni deriden \u00fcretilmi\u015ftir ve dayan\u0131kl\u0131 bir astar\u0131 vard\u0131r.\" \/>\n<meta property=\"og:url\" content=\"https:\/\/sanmorrisbags.com\/tr\/product\/kod-1413\/\" \/>\n<meta property=\"og:site_name\" content=\"Sanmorris Bags\" \/>\n<meta property=\"article:publisher\" content=\"https:\/\/www.facebook.com\/sanmorrisbags\" \/>\n<meta property=\"og:image\" content=\"https:\/\/sanmorrisbags.com\/wp-content\/uploads\/2024\/10\/DSC_8775.jpg\" \/>\n\t<meta property=\"og:image:width\" content=\"1200\" \/>\n\t<meta property=\"og:image:height\" content=\"1800\" \/>\n\t<meta property=\"og:image:type\" content=\"image\/jpeg\" \/>\n<meta name=\"twitter:card\" content=\"summary_large_image\" \/>\n<meta name=\"twitter:site\" content=\"@sanmorrisbag\" \/>\n<meta name=\"twitter:label1\" content=\"Durumu\" \/>\n\t<meta name=\"twitter:data1\" content=\"Stokta var\" \/>\n<script type=\"application\/ld+json\" class=\"yoast-schema-graph\">{\"@context\":\"https:\\\/\\\/schema.org\",\"@graph\":[{\"@type\":\"WebPage\",\"@id\":\"https:\\\/\\\/sanmorrisbags.com\\\/tr\\\/product\\\/kod-1413\\\/\",\"url\":\"https:\\\/\\\/sanmorrisbags.com\\\/tr\\\/product\\\/kod-1413\\\/\",\"name\":\"Geni\u015f suni deri \u00e7anta Kod: 1413 - Sanmorris Bags\",\"isPartOf\":{\"@id\":\"https:\\\/\\\/sanmorrisbags.com\\\/tr\\\/#website\"},\"primaryImageOfPage\":{\"@id\":\"https:\\\/\\\/sanmorrisbags.com\\\/tr\\\/product\\\/kod-1413\\\/#primaryimage\"},\"image\":{\"@id\":\"https:\\\/\\\/sanmorrisbags.com\\\/tr\\\/product\\\/kod-1413\\\/#primaryimage\"},\"thumbnailUrl\":\"https:\\\/\\\/sanmorrisbags.com\\\/wp-content\\\/uploads\\\/2024\\\/10\\\/DSC_8775.jpg\",\"datePublished\":\"2024-10-06T22:41:37+00:00\",\"description\":\"Geni\u015f suni deri \u00e7anta. Hem el hem de omuz kullan\u0131m\u0131 i\u00e7in m\u00fckemmel. Y\u00fcksek kaliteli suni deriden \u00fcretilmi\u015ftir ve dayan\u0131kl\u0131 bir astar\u0131 vard\u0131r.\",\"breadcrumb\":{\"@id\":\"https:\\\/\\\/sanmorrisbags.com\\\/tr\\\/product\\\/kod-1413\\\/#breadcrumb\"},\"inLanguage\":\"tr\",\"potentialAction\":[{\"@type\":\"ReadAction\",\"target\":[\"https:\\\/\\\/sanmorrisbags.com\\\/tr\\\/product\\\/kod-1413\\\/\"]}]},{\"@type\":\"ImageObject\",\"inLanguage\":\"tr\",\"@id\":\"https:\\\/\\\/sanmorrisbags.com\\\/tr\\\/product\\\/kod-1413\\\/#primaryimage\",\"url\":\"https:\\\/\\\/sanmorrisbags.com\\\/wp-content\\\/uploads\\\/2024\\\/10\\\/DSC_8775.jpg\",\"contentUrl\":\"https:\\\/\\\/sanmorrisbags.com\\\/wp-content\\\/uploads\\\/2024\\\/10\\\/DSC_8775.jpg\",\"width\":1200,\"height\":1800,\"caption\":\"Spacious faux leather handbag sanmorris toptan \u00e7anta\"},{\"@type\":\"BreadcrumbList\",\"@id\":\"https:\\\/\\\/sanmorrisbags.com\\\/tr\\\/product\\\/kod-1413\\\/#breadcrumb\",\"itemListElement\":[{\"@type\":\"ListItem\",\"position\":1,\"name\":\"Home\",\"item\":\"https:\\\/\\\/sanmorrisbags.com\\\/tr\\\/home\\\/\"},{\"@type\":\"ListItem\",\"position\":2,\"name\":\"Shop\",\"item\":\"https:\\\/\\\/sanmorrisbags.com\\\/shop\\\/\"},{\"@type\":\"ListItem\",\"position\":3,\"name\":\"Kod: 1413\"}]},{\"@type\":\"WebSite\",\"@id\":\"https:\\\/\\\/sanmorrisbags.com\\\/tr\\\/#website\",\"url\":\"https:\\\/\\\/sanmorrisbags.com\\\/tr\\\/\",\"name\":\"Sanmorris Bags\",\"description\":\"\",\"publisher\":{\"@id\":\"https:\\\/\\\/sanmorrisbags.com\\\/tr\\\/#organization\"},\"potentialAction\":[{\"@type\":\"SearchAction\",\"target\":{\"@type\":\"EntryPoint\",\"urlTemplate\":\"https:\\\/\\\/sanmorrisbags.com\\\/tr\\\/?s={search_term_string}\"},\"query-input\":{\"@type\":\"PropertyValueSpecification\",\"valueRequired\":true,\"valueName\":\"search_term_string\"}}],\"inLanguage\":\"tr\"},{\"@type\":\"Organization\",\"@id\":\"https:\\\/\\\/sanmorrisbags.com\\\/tr\\\/#organization\",\"name\":\"Sanmorris Bags\",\"url\":\"https:\\\/\\\/sanmorrisbags.com\\\/tr\\\/\",\"logo\":{\"@type\":\"ImageObject\",\"inLanguage\":\"tr\",\"@id\":\"https:\\\/\\\/sanmorrisbags.com\\\/tr\\\/#\\\/schema\\\/logo\\\/image\\\/\",\"url\":\"https:\\\/\\\/sanmorrisbags.com\\\/wp-content\\\/uploads\\\/2023\\\/02\\\/Logo-new.png\",\"contentUrl\":\"https:\\\/\\\/sanmorrisbags.com\\\/wp-content\\\/uploads\\\/2023\\\/02\\\/Logo-new.png\",\"width\":1000,\"height\":1000,\"caption\":\"Sanmorris Bags\"},\"image\":{\"@id\":\"https:\\\/\\\/sanmorrisbags.com\\\/tr\\\/#\\\/schema\\\/logo\\\/image\\\/\"},\"sameAs\":[\"https:\\\/\\\/www.facebook.com\\\/sanmorrisbags\",\"https:\\\/\\\/x.com\\\/sanmorrisbag\",\"https:\\\/\\\/www.instagram.com\\\/sanmorrisbag\\\/\"]}]}<\/script>\n<meta property=\"og:availability\" content=\"instock\" \/>\n<meta property=\"product:availability\" content=\"instock\" \/>\n<meta property=\"product:condition\" content=\"new\" \/>\n<!-- \/ Yoast SEO Premium plugin. -->","yoast_head_json":{"title":"Geni\u015f suni deri \u00e7anta Kod: 1413 - Sanmorris Bags","description":"Geni\u015f suni deri \u00e7anta. Hem el hem de omuz kullan\u0131m\u0131 i\u00e7in m\u00fckemmel. Y\u00fcksek kaliteli suni deriden \u00fcretilmi\u015ftir ve dayan\u0131kl\u0131 bir astar\u0131 vard\u0131r.","robots":{"index":"index","follow":"follow","max-snippet":"max-snippet:-1","max-image-preview":"max-image-preview:large","max-video-preview":"max-video-preview:-1"},"canonical":"https:\/\/sanmorrisbags.com\/tr\/product\/kod-1413\/","og_locale":"tr_TR","og_type":"article","og_title":"Kod: 1413","og_description":"Geni\u015f suni deri \u00e7anta. Hem el hem de omuz kullan\u0131m\u0131 i\u00e7in m\u00fckemmel. Y\u00fcksek kaliteli suni deriden \u00fcretilmi\u015ftir ve dayan\u0131kl\u0131 bir astar\u0131 vard\u0131r.","og_url":"https:\/\/sanmorrisbags.com\/tr\/product\/kod-1413\/","og_site_name":"Sanmorris Bags","article_publisher":"https:\/\/www.facebook.com\/sanmorrisbags","og_image":[{"width":1200,"height":1800,"url":"https:\/\/sanmorrisbags.com\/wp-content\/uploads\/2024\/10\/DSC_8775.jpg","type":"image\/jpeg"}],"twitter_card":"summary_large_image","twitter_site":"@sanmorrisbag","twitter_misc":{"Durumu":"Stokta var"},"schema":{"@context":"https:\/\/schema.org","@graph":[{"@type":"WebPage","@id":"https:\/\/sanmorrisbags.com\/tr\/product\/kod-1413\/","url":"https:\/\/sanmorrisbags.com\/tr\/product\/kod-1413\/","name":"Geni\u015f suni deri \u00e7anta Kod: 1413 - Sanmorris Bags","isPartOf":{"@id":"https:\/\/sanmorrisbags.com\/tr\/#website"},"primaryImageOfPage":{"@id":"https:\/\/sanmorrisbags.com\/tr\/product\/kod-1413\/#primaryimage"},"image":{"@id":"https:\/\/sanmorrisbags.com\/tr\/product\/kod-1413\/#primaryimage"},"thumbnailUrl":"https:\/\/sanmorrisbags.com\/wp-content\/uploads\/2024\/10\/DSC_8775.jpg","datePublished":"2024-10-06T22:41:37+00:00","description":"Geni\u015f suni deri \u00e7anta. Hem el hem de omuz kullan\u0131m\u0131 i\u00e7in m\u00fckemmel. Y\u00fcksek kaliteli suni deriden \u00fcretilmi\u015ftir ve dayan\u0131kl\u0131 bir astar\u0131 vard\u0131r.","breadcrumb":{"@id":"https:\/\/sanmorrisbags.com\/tr\/product\/kod-1413\/#breadcrumb"},"inLanguage":"tr","potentialAction":[{"@type":"ReadAction","target":["https:\/\/sanmorrisbags.com\/tr\/product\/kod-1413\/"]}]},{"@type":"ImageObject","inLanguage":"tr","@id":"https:\/\/sanmorrisbags.com\/tr\/product\/kod-1413\/#primaryimage","url":"https:\/\/sanmorrisbags.com\/wp-content\/uploads\/2024\/10\/DSC_8775.jpg","contentUrl":"https:\/\/sanmorrisbags.com\/wp-content\/uploads\/2024\/10\/DSC_8775.jpg","width":1200,"height":1800,"caption":"Spacious faux leather handbag sanmorris toptan \u00e7anta"},{"@type":"BreadcrumbList","@id":"https:\/\/sanmorrisbags.com\/tr\/product\/kod-1413\/#breadcrumb","itemListElement":[{"@type":"ListItem","position":1,"name":"Home","item":"https:\/\/sanmorrisbags.com\/tr\/home\/"},{"@type":"ListItem","position":2,"name":"Shop","item":"https:\/\/sanmorrisbags.com\/shop\/"},{"@type":"ListItem","position":3,"name":"Kod: 1413"}]},{"@type":"WebSite","@id":"https:\/\/sanmorrisbags.com\/tr\/#website","url":"https:\/\/sanmorrisbags.com\/tr\/","name":"Sanmorris Bags","description":"","publisher":{"@id":"https:\/\/sanmorrisbags.com\/tr\/#organization"},"potentialAction":[{"@type":"SearchAction","target":{"@type":"EntryPoint","urlTemplate":"https:\/\/sanmorrisbags.com\/tr\/?s={search_term_string}"},"query-input":{"@type":"PropertyValueSpecification","valueRequired":true,"valueName":"search_term_string"}}],"inLanguage":"tr"},{"@type":"Organization","@id":"https:\/\/sanmorrisbags.com\/tr\/#organization","name":"Sanmorris Bags","url":"https:\/\/sanmorrisbags.com\/tr\/","logo":{"@type":"ImageObject","inLanguage":"tr","@id":"https:\/\/sanmorrisbags.com\/tr\/#\/schema\/logo\/image\/","url":"https:\/\/sanmorrisbags.com\/wp-content\/uploads\/2023\/02\/Logo-new.png","contentUrl":"https:\/\/sanmorrisbags.com\/wp-content\/uploads\/2023\/02\/Logo-new.png","width":1000,"height":1000,"caption":"Sanmorris Bags"},"image":{"@id":"https:\/\/sanmorrisbags.com\/tr\/#\/schema\/logo\/image\/"},"sameAs":["https:\/\/www.facebook.com\/sanmorrisbags","https:\/\/x.com\/sanmorrisbag","https:\/\/www.instagram.com\/sanmorrisbag\/"]}]},"og_availability":"instock","product_availability":"instock","product_condition":"new"},"_links":{"self":[{"href":"https:\/\/sanmorrisbags.com\/tr\/wp-json\/wp\/v2\/product\/21107","targetHints":{"allow":["GET"]}}],"collection":[{"href":"https:\/\/sanmorrisbags.com\/tr\/wp-json\/wp\/v2\/product"}],"about":[{"href":"https:\/\/sanmorrisbags.com\/tr\/wp-json\/wp\/v2\/types\/product"}],"replies":[{"embeddable":true,"href":"https:\/\/sanmorrisbags.com\/tr\/wp-json\/wp\/v2\/comments?post=21107"}],"wp:featuredmedia":[{"embeddable":true,"href":"https:\/\/sanmorrisbags.com\/tr\/wp-json\/wp\/v2\/media\/19589"}],"wp:attachment":[{"href":"https:\/\/sanmorrisbags.com\/tr\/wp-json\/wp\/v2\/media?parent=21107"}],"wp:term":[{"taxonomy":"product_brand","embeddable":true,"href":"https:\/\/sanmorrisbags.com\/tr\/wp-json\/wp\/v2\/product_brand?post=21107"},{"taxonomy":"product_cat","embeddable":true,"href":"https:\/\/sanmorrisbags.com\/tr\/wp-json\/wp\/v2\/product_cat?post=21107"},{"taxonomy":"product_tag","embeddable":true,"href":"https:\/\/sanmorrisbags.com\/tr\/wp-json\/wp\/v2\/product_tag?post=21107"}],"curies":[{"name":"wp","href":"https:\/\/api.w.org\/{rel}","templated":true}]}}