{"id":21113,"date":"2024-10-06T22:40:30","date_gmt":"2024-10-06T22:40:30","guid":{"rendered":"https:\/\/sanmorrisbags.com\/product\/kod-6004\/"},"modified":"2024-10-06T22:40:30","modified_gmt":"2024-10-06T22:40:30","slug":"kod-6004","status":"publish","type":"product","link":"https:\/\/sanmorrisbags.com\/tr\/product\/kod-6004\/","title":{"rendered":"Kod: 6004"},"content":{"rendered":"<p><span style=\"font-weight: 400;\">Orijinal Sanmorris Crossbody Portf\u00f6y\u00fc &#8211; \u015e\u0131k ve \u00c7ok Y\u00f6nl\u00fc<\/span><\/p>\n<p><span style=\"font-weight: 400;\">Orijinal Sanmorris \u00e7apraz \u00e7anta portf\u00f6y\u00fcn\u00fc tan\u0131t\u0131yoruz, art\u0131k stoklar\u0131m\u0131zda!<\/span><\/p>\n<p><span style=\"font-weight: 400;\">Boyutlar:<\/span><\/p>\n<p><span style=\"font-weight: 400;\">&#8211; Boyut: 34 cm x 21 cm<\/span><\/p>\n<p><span style=\"font-weight: 400;\">Dayan\u0131kl\u0131 bir astarla y\u00fcksek kaliteli sentetik deriden \u00fcretilen bu portf\u00f6y hem stil hem de i\u015flevsellik i\u00e7in tasarlanm\u0131\u015ft\u0131r. Kolay ta\u015f\u0131ma i\u00e7in bir el ask\u0131s\u0131 ve tercih etti\u011finiz uzunlu\u011fa uyacak \u015fekilde ayarlanabilir bir \u00e7apraz ask\u0131 bulunur. <\/span><\/p>\n<p><span style=\"font-weight: 400;\">Bu \u00e7ok y\u00f6nl\u00fc \u00e7anta hem \u015f\u0131k k\u0131yafetlerle hem de g\u00fcnl\u00fck g\u00f6r\u00fcn\u00fcmlerle harika bir \u015fekilde e\u015fle\u015ferek her durum i\u00e7in m\u00fckemmeldir. D\u00fczenli depolama i\u00e7in iki fermuarl\u0131 b\u00f6lme i\u00e7erir. <\/span><\/p>\n","protected":false},"excerpt":{"rendered":"<p>Orijinal Sanmorris Crossbody Portf\u00f6y\u00fc &#8211; \u015e\u0131k ve \u00c7ok Y\u00f6nl\u00fc Orijinal Sanmorris \u00e7apraz \u00e7anta portf\u00f6y\u00fcn\u00fc tan\u0131t\u0131yoruz, art\u0131k stoklar\u0131m\u0131zda! Boyutlar: &#8211; Boyut: 34 cm x 21 cm Dayan\u0131kl\u0131 bir astarla y\u00fcksek kaliteli sentetik deriden \u00fcretilen bu portf\u00f6y hem stil hem de i\u015flevsellik i\u00e7in tasarlanm\u0131\u015ft\u0131r. Kolay ta\u015f\u0131ma i\u00e7in bir el ask\u0131s\u0131 ve tercih etti\u011finiz uzunlu\u011fa uyacak \u015fekilde ayarlanabilir [&hellip;]<\/p>\n","protected":false},"featured_media":19597,"comment_status":"closed","ping_status":"closed","template":"","meta":[],"product_brand":[],"product_cat":[65],"product_tag":[],"class_list":{"0":"post-21113","1":"product","2":"type-product","3":"status-publish","4":"has-post-thumbnail","6":"product_cat-portfoy-canta","7":"pa_color-beyaz","8":"pa_color-kirmizi","9":"pa_color-krem","10":"pa_color-kum","11":"pa_color-siyah-mat","12":"pa_color-siyah-parlak","13":"pa_color-siyah-saten","14":"pa_color-yesil","16":"first","17":"instock","18":"shipping-taxable","19":"purchasable","20":"product-type-variable","21":"wvs-archive-product-wrapper"},"yoast_head":"<!-- This site is optimized with the Yoast SEO Premium plugin v25.4 (Yoast SEO v27.4) - https:\/\/yoast.com\/product\/yoast-seo-premium-wordpress\/ -->\n<title>Sanmorris \u00e7apraz \u00e7anta portf\u00f6y\u00fc Kod: 6004 - Sanmorris Bags<\/title>\n<meta name=\"description\" content=\"Sanmorris \u00e7apraz \u00e7anta portf\u00f6y\u00fc. Bu \u00e7ok y\u00f6nl\u00fc \u00e7anta hem \u015f\u0131k k\u0131yafetlerle hem de g\u00fcnl\u00fck g\u00f6r\u00fcn\u00fcmlerle m\u00fckemmel bir \u015fekilde e\u015fle\u015ferek her durum i\u00e7in m\u00fckemmeldir.\" \/>\n<meta name=\"robots\" content=\"index, follow, max-snippet:-1, max-image-preview:large, max-video-preview:-1\" \/>\n<link rel=\"canonical\" href=\"https:\/\/sanmorrisbags.com\/tr\/product\/kod-6004\/\" \/>\n<meta property=\"og:locale\" content=\"tr_TR\" \/>\n<meta property=\"og:type\" content=\"article\" \/>\n<meta property=\"og:title\" content=\"Kod: 6004\" \/>\n<meta property=\"og:description\" content=\"Sanmorris \u00e7apraz \u00e7anta portf\u00f6y\u00fc. Bu \u00e7ok y\u00f6nl\u00fc \u00e7anta hem \u015f\u0131k k\u0131yafetlerle hem de g\u00fcnl\u00fck g\u00f6r\u00fcn\u00fcmlerle m\u00fckemmel bir \u015fekilde e\u015fle\u015ferek her durum i\u00e7in m\u00fckemmeldir.\" \/>\n<meta property=\"og:url\" content=\"https:\/\/sanmorrisbags.com\/tr\/product\/kod-6004\/\" \/>\n<meta property=\"og:site_name\" content=\"Sanmorris Bags\" \/>\n<meta property=\"article:publisher\" content=\"https:\/\/www.facebook.com\/sanmorrisbags\" \/>\n<meta property=\"og:image\" content=\"https:\/\/sanmorrisbags.com\/wp-content\/uploads\/2024\/10\/38-4.jpg\" \/>\n\t<meta property=\"og:image:width\" content=\"1200\" \/>\n\t<meta property=\"og:image:height\" content=\"1800\" \/>\n\t<meta property=\"og:image:type\" content=\"image\/jpeg\" \/>\n<meta name=\"twitter:card\" content=\"summary_large_image\" \/>\n<meta name=\"twitter:site\" content=\"@sanmorrisbag\" \/>\n<meta name=\"twitter:label1\" content=\"Durumu\" \/>\n\t<meta name=\"twitter:data1\" content=\"Stokta var\" \/>\n<script type=\"application\/ld+json\" class=\"yoast-schema-graph\">{\"@context\":\"https:\\\/\\\/schema.org\",\"@graph\":[{\"@type\":\"WebPage\",\"@id\":\"https:\\\/\\\/sanmorrisbags.com\\\/tr\\\/product\\\/kod-6004\\\/\",\"url\":\"https:\\\/\\\/sanmorrisbags.com\\\/tr\\\/product\\\/kod-6004\\\/\",\"name\":\"Sanmorris \u00e7apraz \u00e7anta portf\u00f6y\u00fc Kod: 6004 - Sanmorris Bags\",\"isPartOf\":{\"@id\":\"https:\\\/\\\/sanmorrisbags.com\\\/tr\\\/#website\"},\"primaryImageOfPage\":{\"@id\":\"https:\\\/\\\/sanmorrisbags.com\\\/tr\\\/product\\\/kod-6004\\\/#primaryimage\"},\"image\":{\"@id\":\"https:\\\/\\\/sanmorrisbags.com\\\/tr\\\/product\\\/kod-6004\\\/#primaryimage\"},\"thumbnailUrl\":\"https:\\\/\\\/sanmorrisbags.com\\\/wp-content\\\/uploads\\\/2024\\\/10\\\/38-4.jpg\",\"datePublished\":\"2024-10-06T22:40:30+00:00\",\"description\":\"Sanmorris \u00e7apraz \u00e7anta portf\u00f6y\u00fc. Bu \u00e7ok y\u00f6nl\u00fc \u00e7anta hem \u015f\u0131k k\u0131yafetlerle hem de g\u00fcnl\u00fck g\u00f6r\u00fcn\u00fcmlerle m\u00fckemmel bir \u015fekilde e\u015fle\u015ferek her durum i\u00e7in m\u00fckemmeldir.\",\"breadcrumb\":{\"@id\":\"https:\\\/\\\/sanmorrisbags.com\\\/tr\\\/product\\\/kod-6004\\\/#breadcrumb\"},\"inLanguage\":\"tr\",\"potentialAction\":[{\"@type\":\"ReadAction\",\"target\":[\"https:\\\/\\\/sanmorrisbags.com\\\/tr\\\/product\\\/kod-6004\\\/\"]}]},{\"@type\":\"ImageObject\",\"inLanguage\":\"tr\",\"@id\":\"https:\\\/\\\/sanmorrisbags.com\\\/tr\\\/product\\\/kod-6004\\\/#primaryimage\",\"url\":\"https:\\\/\\\/sanmorrisbags.com\\\/wp-content\\\/uploads\\\/2024\\\/10\\\/38-4.jpg\",\"contentUrl\":\"https:\\\/\\\/sanmorrisbags.com\\\/wp-content\\\/uploads\\\/2024\\\/10\\\/38-4.jpg\",\"width\":1200,\"height\":1800,\"caption\":\"Original Sanmorris crossbody portfolio in stylish design\"},{\"@type\":\"BreadcrumbList\",\"@id\":\"https:\\\/\\\/sanmorrisbags.com\\\/tr\\\/product\\\/kod-6004\\\/#breadcrumb\",\"itemListElement\":[{\"@type\":\"ListItem\",\"position\":1,\"name\":\"Home\",\"item\":\"https:\\\/\\\/sanmorrisbags.com\\\/tr\\\/home\\\/\"},{\"@type\":\"ListItem\",\"position\":2,\"name\":\"Shop\",\"item\":\"https:\\\/\\\/sanmorrisbags.com\\\/shop\\\/\"},{\"@type\":\"ListItem\",\"position\":3,\"name\":\"Kod: 6004\"}]},{\"@type\":\"WebSite\",\"@id\":\"https:\\\/\\\/sanmorrisbags.com\\\/tr\\\/#website\",\"url\":\"https:\\\/\\\/sanmorrisbags.com\\\/tr\\\/\",\"name\":\"Sanmorris Bags\",\"description\":\"\",\"publisher\":{\"@id\":\"https:\\\/\\\/sanmorrisbags.com\\\/tr\\\/#organization\"},\"potentialAction\":[{\"@type\":\"SearchAction\",\"target\":{\"@type\":\"EntryPoint\",\"urlTemplate\":\"https:\\\/\\\/sanmorrisbags.com\\\/tr\\\/?s={search_term_string}\"},\"query-input\":{\"@type\":\"PropertyValueSpecification\",\"valueRequired\":true,\"valueName\":\"search_term_string\"}}],\"inLanguage\":\"tr\"},{\"@type\":\"Organization\",\"@id\":\"https:\\\/\\\/sanmorrisbags.com\\\/tr\\\/#organization\",\"name\":\"Sanmorris Bags\",\"url\":\"https:\\\/\\\/sanmorrisbags.com\\\/tr\\\/\",\"logo\":{\"@type\":\"ImageObject\",\"inLanguage\":\"tr\",\"@id\":\"https:\\\/\\\/sanmorrisbags.com\\\/tr\\\/#\\\/schema\\\/logo\\\/image\\\/\",\"url\":\"https:\\\/\\\/sanmorrisbags.com\\\/wp-content\\\/uploads\\\/2023\\\/02\\\/Logo-new.png\",\"contentUrl\":\"https:\\\/\\\/sanmorrisbags.com\\\/wp-content\\\/uploads\\\/2023\\\/02\\\/Logo-new.png\",\"width\":1000,\"height\":1000,\"caption\":\"Sanmorris Bags\"},\"image\":{\"@id\":\"https:\\\/\\\/sanmorrisbags.com\\\/tr\\\/#\\\/schema\\\/logo\\\/image\\\/\"},\"sameAs\":[\"https:\\\/\\\/www.facebook.com\\\/sanmorrisbags\",\"https:\\\/\\\/x.com\\\/sanmorrisbag\",\"https:\\\/\\\/www.instagram.com\\\/sanmorrisbag\\\/\"]}]}<\/script>\n<meta property=\"og:availability\" content=\"instock\" \/>\n<meta property=\"product:availability\" content=\"instock\" \/>\n<meta property=\"product:condition\" content=\"new\" \/>\n<!-- \/ Yoast SEO Premium plugin. -->","yoast_head_json":{"title":"Sanmorris \u00e7apraz \u00e7anta portf\u00f6y\u00fc Kod: 6004 - Sanmorris Bags","description":"Sanmorris \u00e7apraz \u00e7anta portf\u00f6y\u00fc. Bu \u00e7ok y\u00f6nl\u00fc \u00e7anta hem \u015f\u0131k k\u0131yafetlerle hem de g\u00fcnl\u00fck g\u00f6r\u00fcn\u00fcmlerle m\u00fckemmel bir \u015fekilde e\u015fle\u015ferek her durum i\u00e7in m\u00fckemmeldir.","robots":{"index":"index","follow":"follow","max-snippet":"max-snippet:-1","max-image-preview":"max-image-preview:large","max-video-preview":"max-video-preview:-1"},"canonical":"https:\/\/sanmorrisbags.com\/tr\/product\/kod-6004\/","og_locale":"tr_TR","og_type":"article","og_title":"Kod: 6004","og_description":"Sanmorris \u00e7apraz \u00e7anta portf\u00f6y\u00fc. Bu \u00e7ok y\u00f6nl\u00fc \u00e7anta hem \u015f\u0131k k\u0131yafetlerle hem de g\u00fcnl\u00fck g\u00f6r\u00fcn\u00fcmlerle m\u00fckemmel bir \u015fekilde e\u015fle\u015ferek her durum i\u00e7in m\u00fckemmeldir.","og_url":"https:\/\/sanmorrisbags.com\/tr\/product\/kod-6004\/","og_site_name":"Sanmorris Bags","article_publisher":"https:\/\/www.facebook.com\/sanmorrisbags","og_image":[{"width":1200,"height":1800,"url":"https:\/\/sanmorrisbags.com\/wp-content\/uploads\/2024\/10\/38-4.jpg","type":"image\/jpeg"}],"twitter_card":"summary_large_image","twitter_site":"@sanmorrisbag","twitter_misc":{"Durumu":"Stokta var"},"schema":{"@context":"https:\/\/schema.org","@graph":[{"@type":"WebPage","@id":"https:\/\/sanmorrisbags.com\/tr\/product\/kod-6004\/","url":"https:\/\/sanmorrisbags.com\/tr\/product\/kod-6004\/","name":"Sanmorris \u00e7apraz \u00e7anta portf\u00f6y\u00fc Kod: 6004 - Sanmorris Bags","isPartOf":{"@id":"https:\/\/sanmorrisbags.com\/tr\/#website"},"primaryImageOfPage":{"@id":"https:\/\/sanmorrisbags.com\/tr\/product\/kod-6004\/#primaryimage"},"image":{"@id":"https:\/\/sanmorrisbags.com\/tr\/product\/kod-6004\/#primaryimage"},"thumbnailUrl":"https:\/\/sanmorrisbags.com\/wp-content\/uploads\/2024\/10\/38-4.jpg","datePublished":"2024-10-06T22:40:30+00:00","description":"Sanmorris \u00e7apraz \u00e7anta portf\u00f6y\u00fc. Bu \u00e7ok y\u00f6nl\u00fc \u00e7anta hem \u015f\u0131k k\u0131yafetlerle hem de g\u00fcnl\u00fck g\u00f6r\u00fcn\u00fcmlerle m\u00fckemmel bir \u015fekilde e\u015fle\u015ferek her durum i\u00e7in m\u00fckemmeldir.","breadcrumb":{"@id":"https:\/\/sanmorrisbags.com\/tr\/product\/kod-6004\/#breadcrumb"},"inLanguage":"tr","potentialAction":[{"@type":"ReadAction","target":["https:\/\/sanmorrisbags.com\/tr\/product\/kod-6004\/"]}]},{"@type":"ImageObject","inLanguage":"tr","@id":"https:\/\/sanmorrisbags.com\/tr\/product\/kod-6004\/#primaryimage","url":"https:\/\/sanmorrisbags.com\/wp-content\/uploads\/2024\/10\/38-4.jpg","contentUrl":"https:\/\/sanmorrisbags.com\/wp-content\/uploads\/2024\/10\/38-4.jpg","width":1200,"height":1800,"caption":"Original Sanmorris crossbody portfolio in stylish design"},{"@type":"BreadcrumbList","@id":"https:\/\/sanmorrisbags.com\/tr\/product\/kod-6004\/#breadcrumb","itemListElement":[{"@type":"ListItem","position":1,"name":"Home","item":"https:\/\/sanmorrisbags.com\/tr\/home\/"},{"@type":"ListItem","position":2,"name":"Shop","item":"https:\/\/sanmorrisbags.com\/shop\/"},{"@type":"ListItem","position":3,"name":"Kod: 6004"}]},{"@type":"WebSite","@id":"https:\/\/sanmorrisbags.com\/tr\/#website","url":"https:\/\/sanmorrisbags.com\/tr\/","name":"Sanmorris Bags","description":"","publisher":{"@id":"https:\/\/sanmorrisbags.com\/tr\/#organization"},"potentialAction":[{"@type":"SearchAction","target":{"@type":"EntryPoint","urlTemplate":"https:\/\/sanmorrisbags.com\/tr\/?s={search_term_string}"},"query-input":{"@type":"PropertyValueSpecification","valueRequired":true,"valueName":"search_term_string"}}],"inLanguage":"tr"},{"@type":"Organization","@id":"https:\/\/sanmorrisbags.com\/tr\/#organization","name":"Sanmorris Bags","url":"https:\/\/sanmorrisbags.com\/tr\/","logo":{"@type":"ImageObject","inLanguage":"tr","@id":"https:\/\/sanmorrisbags.com\/tr\/#\/schema\/logo\/image\/","url":"https:\/\/sanmorrisbags.com\/wp-content\/uploads\/2023\/02\/Logo-new.png","contentUrl":"https:\/\/sanmorrisbags.com\/wp-content\/uploads\/2023\/02\/Logo-new.png","width":1000,"height":1000,"caption":"Sanmorris Bags"},"image":{"@id":"https:\/\/sanmorrisbags.com\/tr\/#\/schema\/logo\/image\/"},"sameAs":["https:\/\/www.facebook.com\/sanmorrisbags","https:\/\/x.com\/sanmorrisbag","https:\/\/www.instagram.com\/sanmorrisbag\/"]}]},"og_availability":"instock","product_availability":"instock","product_condition":"new"},"_links":{"self":[{"href":"https:\/\/sanmorrisbags.com\/tr\/wp-json\/wp\/v2\/product\/21113","targetHints":{"allow":["GET"]}}],"collection":[{"href":"https:\/\/sanmorrisbags.com\/tr\/wp-json\/wp\/v2\/product"}],"about":[{"href":"https:\/\/sanmorrisbags.com\/tr\/wp-json\/wp\/v2\/types\/product"}],"replies":[{"embeddable":true,"href":"https:\/\/sanmorrisbags.com\/tr\/wp-json\/wp\/v2\/comments?post=21113"}],"wp:featuredmedia":[{"embeddable":true,"href":"https:\/\/sanmorrisbags.com\/tr\/wp-json\/wp\/v2\/media\/19597"}],"wp:attachment":[{"href":"https:\/\/sanmorrisbags.com\/tr\/wp-json\/wp\/v2\/media?parent=21113"}],"wp:term":[{"taxonomy":"product_brand","embeddable":true,"href":"https:\/\/sanmorrisbags.com\/tr\/wp-json\/wp\/v2\/product_brand?post=21113"},{"taxonomy":"product_cat","embeddable":true,"href":"https:\/\/sanmorrisbags.com\/tr\/wp-json\/wp\/v2\/product_cat?post=21113"},{"taxonomy":"product_tag","embeddable":true,"href":"https:\/\/sanmorrisbags.com\/tr\/wp-json\/wp\/v2\/product_tag?post=21113"}],"curies":[{"name":"wp","href":"https:\/\/api.w.org\/{rel}","templated":true}]}}