{"id":21120,"date":"2024-10-06T22:39:45","date_gmt":"2024-10-06T22:39:45","guid":{"rendered":"https:\/\/sanmorrisbags.com\/product\/kod-2007\/"},"modified":"2024-10-06T22:39:45","modified_gmt":"2024-10-06T22:39:45","slug":"kod-2007","status":"publish","type":"product","link":"https:\/\/sanmorrisbags.com\/tr\/product\/kod-2007\/","title":{"rendered":"Kod: 2007"},"content":{"rendered":"<p><span style=\"font-weight: 400;\">Sanmorris 3 B\u00f6lmeli K\u00fc\u00e7\u00fck El ve Omuz \u00c7antas\u0131 &#8211; \u015e\u0131k ve \u00c7ok Y\u00f6nl\u00fc<\/span><\/p>\n<p>&nbsp;<\/p>\n<p><span style=\"font-weight: 400;\">Sanmorris 3 b\u00f6lmeli k\u00fc\u00e7\u00fck el ve omuz \u00e7antas\u0131n\u0131 tan\u0131t\u0131yoruz; art\u0131k yedi canl\u0131 renk ve siyah renkte \u00fc\u00e7 kuma\u015f se\u00e7ene\u011fiyle mevcut!<\/span><\/p>\n<p><span style=\"font-weight: 400;\">Bu y\u00fcksek kaliteli \u00e7anta, dayan\u0131kl\u0131 bir astar ve zarif alt\u0131n aksesuarlara sahip birinci s\u0131n\u0131f sentetik deriden \u00fcretilmi\u015ftir ve hepsi T\u00fcrkiye&#8217;de \u00fcretilmi\u015ftir. \u00dc\u00e7 metal fermuarl\u0131 b\u00f6lmesiyle, telefonunuzu, bozuk paralar\u0131n\u0131z\u0131, k\u00fc\u00e7\u00fck c\u00fczdanlar\u0131n\u0131z\u0131 ve g\u00fcnl\u00fck ihtiya\u00e7lar\u0131n\u0131z\u0131 kolayl\u0131kla ta\u015f\u0131man\u0131za olanak tan\u0131yan pratiklik i\u00e7in tasarlanm\u0131\u015ft\u0131r. <\/span><\/p>\n","protected":false},"excerpt":{"rendered":"<p>Sanmorris 3 B\u00f6lmeli K\u00fc\u00e7\u00fck El ve Omuz \u00c7antas\u0131 &#8211; \u015e\u0131k ve \u00c7ok Y\u00f6nl\u00fc &nbsp; Sanmorris 3 b\u00f6lmeli k\u00fc\u00e7\u00fck el ve omuz \u00e7antas\u0131n\u0131 tan\u0131t\u0131yoruz; art\u0131k yedi canl\u0131 renk ve siyah renkte \u00fc\u00e7 kuma\u015f se\u00e7ene\u011fiyle mevcut! Bu y\u00fcksek kaliteli \u00e7anta, dayan\u0131kl\u0131 bir astar ve zarif alt\u0131n aksesuarlara sahip birinci s\u0131n\u0131f sentetik deriden \u00fcretilmi\u015ftir ve hepsi T\u00fcrkiye&#8217;de \u00fcretilmi\u015ftir. [&hellip;]<\/p>\n","protected":false},"featured_media":19609,"comment_status":"closed","ping_status":"closed","template":"","meta":[],"product_brand":[],"product_cat":[63],"product_tag":[],"class_list":{"0":"post-21120","1":"product","2":"type-product","3":"status-publish","4":"has-post-thumbnail","6":"product_cat-capraz-canta","7":"pa_color-haki","8":"pa_color-krem","9":"pa_color-platin","10":"pa_color-siyah","11":"pa_color-siyah-damla","12":"pa_color-siyah-mozaik","13":"pa_color-taba","14":"pa_color-vizon","16":"first","17":"instock","18":"shipping-taxable","19":"purchasable","20":"product-type-variable","21":"wvs-archive-product-wrapper"},"yoast_head":"<!-- This site is optimized with the Yoast SEO Premium plugin v25.4 (Yoast SEO v27.4) - https:\/\/yoast.com\/product\/yoast-seo-premium-wordpress\/ -->\n<title>Sanmorris 3 b\u00f6lmeli k\u00fc\u00e7\u00fck el ve omuz \u00e7antas\u0131 Kod: 2007 - Sanmorris Bags<\/title>\n<meta name=\"description\" content=\"Sanmorris 3 b\u00f6lmeli k\u00fc\u00e7\u00fck el ve omuz \u00e7antas\u0131 toptan sat\u0131\u015f i\u00e7in Sanmorris \u00e7anta ma\u011fazas\u0131nda mevcuttur. T\u00fcrkiye \u0130stanbul\" \/>\n<meta name=\"robots\" content=\"index, follow, max-snippet:-1, max-image-preview:large, max-video-preview:-1\" \/>\n<link rel=\"canonical\" href=\"https:\/\/sanmorrisbags.com\/tr\/product\/kod-2007\/\" \/>\n<meta property=\"og:locale\" content=\"tr_TR\" \/>\n<meta property=\"og:type\" content=\"article\" \/>\n<meta property=\"og:title\" content=\"Kod: 2007\" \/>\n<meta property=\"og:description\" content=\"Sanmorris 3 b\u00f6lmeli k\u00fc\u00e7\u00fck el ve omuz \u00e7antas\u0131 toptan sat\u0131\u015f i\u00e7in Sanmorris \u00e7anta ma\u011fazas\u0131nda mevcuttur. T\u00fcrkiye \u0130stanbul\" \/>\n<meta property=\"og:url\" content=\"https:\/\/sanmorrisbags.com\/tr\/product\/kod-2007\/\" \/>\n<meta property=\"og:site_name\" content=\"Sanmorris Bags\" \/>\n<meta property=\"article:publisher\" content=\"https:\/\/www.facebook.com\/sanmorrisbags\" \/>\n<meta property=\"og:image\" content=\"https:\/\/sanmorrisbags.com\/wp-content\/uploads\/2024\/10\/223.jpg\" \/>\n\t<meta property=\"og:image:width\" content=\"1200\" \/>\n\t<meta property=\"og:image:height\" content=\"1800\" \/>\n\t<meta property=\"og:image:type\" content=\"image\/jpeg\" \/>\n<meta name=\"twitter:card\" content=\"summary_large_image\" \/>\n<meta name=\"twitter:site\" content=\"@sanmorrisbag\" \/>\n<meta name=\"twitter:label1\" content=\"Durumu\" \/>\n\t<meta name=\"twitter:data1\" content=\"Stokta var\" \/>\n<script type=\"application\/ld+json\" class=\"yoast-schema-graph\">{\"@context\":\"https:\\\/\\\/schema.org\",\"@graph\":[{\"@type\":\"WebPage\",\"@id\":\"https:\\\/\\\/sanmorrisbags.com\\\/tr\\\/product\\\/kod-2007\\\/\",\"url\":\"https:\\\/\\\/sanmorrisbags.com\\\/tr\\\/product\\\/kod-2007\\\/\",\"name\":\"Sanmorris 3 b\u00f6lmeli k\u00fc\u00e7\u00fck el ve omuz \u00e7antas\u0131 Kod: 2007 - Sanmorris Bags\",\"isPartOf\":{\"@id\":\"https:\\\/\\\/sanmorrisbags.com\\\/tr\\\/#website\"},\"primaryImageOfPage\":{\"@id\":\"https:\\\/\\\/sanmorrisbags.com\\\/tr\\\/product\\\/kod-2007\\\/#primaryimage\"},\"image\":{\"@id\":\"https:\\\/\\\/sanmorrisbags.com\\\/tr\\\/product\\\/kod-2007\\\/#primaryimage\"},\"thumbnailUrl\":\"https:\\\/\\\/sanmorrisbags.com\\\/wp-content\\\/uploads\\\/2024\\\/10\\\/223.jpg\",\"datePublished\":\"2024-10-06T22:39:45+00:00\",\"description\":\"Sanmorris 3 b\u00f6lmeli k\u00fc\u00e7\u00fck el ve omuz \u00e7antas\u0131 toptan sat\u0131\u015f i\u00e7in Sanmorris \u00e7anta ma\u011fazas\u0131nda mevcuttur. T\u00fcrkiye \u0130stanbul\",\"breadcrumb\":{\"@id\":\"https:\\\/\\\/sanmorrisbags.com\\\/tr\\\/product\\\/kod-2007\\\/#breadcrumb\"},\"inLanguage\":\"tr\",\"potentialAction\":[{\"@type\":\"ReadAction\",\"target\":[\"https:\\\/\\\/sanmorrisbags.com\\\/tr\\\/product\\\/kod-2007\\\/\"]}]},{\"@type\":\"ImageObject\",\"inLanguage\":\"tr\",\"@id\":\"https:\\\/\\\/sanmorrisbags.com\\\/tr\\\/product\\\/kod-2007\\\/#primaryimage\",\"url\":\"https:\\\/\\\/sanmorrisbags.com\\\/wp-content\\\/uploads\\\/2024\\\/10\\\/223.jpg\",\"contentUrl\":\"https:\\\/\\\/sanmorrisbags.com\\\/wp-content\\\/uploads\\\/2024\\\/10\\\/223.jpg\",\"width\":1200,\"height\":1800,\"caption\":\"Sanmorris bag styled with everyday outfits\"},{\"@type\":\"BreadcrumbList\",\"@id\":\"https:\\\/\\\/sanmorrisbags.com\\\/tr\\\/product\\\/kod-2007\\\/#breadcrumb\",\"itemListElement\":[{\"@type\":\"ListItem\",\"position\":1,\"name\":\"Home\",\"item\":\"https:\\\/\\\/sanmorrisbags.com\\\/tr\\\/home\\\/\"},{\"@type\":\"ListItem\",\"position\":2,\"name\":\"Shop\",\"item\":\"https:\\\/\\\/sanmorrisbags.com\\\/shop\\\/\"},{\"@type\":\"ListItem\",\"position\":3,\"name\":\"Kod: 2007\"}]},{\"@type\":\"WebSite\",\"@id\":\"https:\\\/\\\/sanmorrisbags.com\\\/tr\\\/#website\",\"url\":\"https:\\\/\\\/sanmorrisbags.com\\\/tr\\\/\",\"name\":\"Sanmorris Bags\",\"description\":\"\",\"publisher\":{\"@id\":\"https:\\\/\\\/sanmorrisbags.com\\\/tr\\\/#organization\"},\"potentialAction\":[{\"@type\":\"SearchAction\",\"target\":{\"@type\":\"EntryPoint\",\"urlTemplate\":\"https:\\\/\\\/sanmorrisbags.com\\\/tr\\\/?s={search_term_string}\"},\"query-input\":{\"@type\":\"PropertyValueSpecification\",\"valueRequired\":true,\"valueName\":\"search_term_string\"}}],\"inLanguage\":\"tr\"},{\"@type\":\"Organization\",\"@id\":\"https:\\\/\\\/sanmorrisbags.com\\\/tr\\\/#organization\",\"name\":\"Sanmorris Bags\",\"url\":\"https:\\\/\\\/sanmorrisbags.com\\\/tr\\\/\",\"logo\":{\"@type\":\"ImageObject\",\"inLanguage\":\"tr\",\"@id\":\"https:\\\/\\\/sanmorrisbags.com\\\/tr\\\/#\\\/schema\\\/logo\\\/image\\\/\",\"url\":\"https:\\\/\\\/sanmorrisbags.com\\\/wp-content\\\/uploads\\\/2023\\\/02\\\/Logo-new.png\",\"contentUrl\":\"https:\\\/\\\/sanmorrisbags.com\\\/wp-content\\\/uploads\\\/2023\\\/02\\\/Logo-new.png\",\"width\":1000,\"height\":1000,\"caption\":\"Sanmorris Bags\"},\"image\":{\"@id\":\"https:\\\/\\\/sanmorrisbags.com\\\/tr\\\/#\\\/schema\\\/logo\\\/image\\\/\"},\"sameAs\":[\"https:\\\/\\\/www.facebook.com\\\/sanmorrisbags\",\"https:\\\/\\\/x.com\\\/sanmorrisbag\",\"https:\\\/\\\/www.instagram.com\\\/sanmorrisbag\\\/\"]}]}<\/script>\n<meta property=\"og:availability\" content=\"instock\" \/>\n<meta property=\"product:availability\" content=\"instock\" \/>\n<meta property=\"product:condition\" content=\"new\" \/>\n<!-- \/ Yoast SEO Premium plugin. -->","yoast_head_json":{"title":"Sanmorris 3 b\u00f6lmeli k\u00fc\u00e7\u00fck el ve omuz \u00e7antas\u0131 Kod: 2007 - Sanmorris Bags","description":"Sanmorris 3 b\u00f6lmeli k\u00fc\u00e7\u00fck el ve omuz \u00e7antas\u0131 toptan sat\u0131\u015f i\u00e7in Sanmorris \u00e7anta ma\u011fazas\u0131nda mevcuttur. T\u00fcrkiye \u0130stanbul","robots":{"index":"index","follow":"follow","max-snippet":"max-snippet:-1","max-image-preview":"max-image-preview:large","max-video-preview":"max-video-preview:-1"},"canonical":"https:\/\/sanmorrisbags.com\/tr\/product\/kod-2007\/","og_locale":"tr_TR","og_type":"article","og_title":"Kod: 2007","og_description":"Sanmorris 3 b\u00f6lmeli k\u00fc\u00e7\u00fck el ve omuz \u00e7antas\u0131 toptan sat\u0131\u015f i\u00e7in Sanmorris \u00e7anta ma\u011fazas\u0131nda mevcuttur. T\u00fcrkiye \u0130stanbul","og_url":"https:\/\/sanmorrisbags.com\/tr\/product\/kod-2007\/","og_site_name":"Sanmorris Bags","article_publisher":"https:\/\/www.facebook.com\/sanmorrisbags","og_image":[{"width":1200,"height":1800,"url":"https:\/\/sanmorrisbags.com\/wp-content\/uploads\/2024\/10\/223.jpg","type":"image\/jpeg"}],"twitter_card":"summary_large_image","twitter_site":"@sanmorrisbag","twitter_misc":{"Durumu":"Stokta var"},"schema":{"@context":"https:\/\/schema.org","@graph":[{"@type":"WebPage","@id":"https:\/\/sanmorrisbags.com\/tr\/product\/kod-2007\/","url":"https:\/\/sanmorrisbags.com\/tr\/product\/kod-2007\/","name":"Sanmorris 3 b\u00f6lmeli k\u00fc\u00e7\u00fck el ve omuz \u00e7antas\u0131 Kod: 2007 - Sanmorris Bags","isPartOf":{"@id":"https:\/\/sanmorrisbags.com\/tr\/#website"},"primaryImageOfPage":{"@id":"https:\/\/sanmorrisbags.com\/tr\/product\/kod-2007\/#primaryimage"},"image":{"@id":"https:\/\/sanmorrisbags.com\/tr\/product\/kod-2007\/#primaryimage"},"thumbnailUrl":"https:\/\/sanmorrisbags.com\/wp-content\/uploads\/2024\/10\/223.jpg","datePublished":"2024-10-06T22:39:45+00:00","description":"Sanmorris 3 b\u00f6lmeli k\u00fc\u00e7\u00fck el ve omuz \u00e7antas\u0131 toptan sat\u0131\u015f i\u00e7in Sanmorris \u00e7anta ma\u011fazas\u0131nda mevcuttur. T\u00fcrkiye \u0130stanbul","breadcrumb":{"@id":"https:\/\/sanmorrisbags.com\/tr\/product\/kod-2007\/#breadcrumb"},"inLanguage":"tr","potentialAction":[{"@type":"ReadAction","target":["https:\/\/sanmorrisbags.com\/tr\/product\/kod-2007\/"]}]},{"@type":"ImageObject","inLanguage":"tr","@id":"https:\/\/sanmorrisbags.com\/tr\/product\/kod-2007\/#primaryimage","url":"https:\/\/sanmorrisbags.com\/wp-content\/uploads\/2024\/10\/223.jpg","contentUrl":"https:\/\/sanmorrisbags.com\/wp-content\/uploads\/2024\/10\/223.jpg","width":1200,"height":1800,"caption":"Sanmorris bag styled with everyday outfits"},{"@type":"BreadcrumbList","@id":"https:\/\/sanmorrisbags.com\/tr\/product\/kod-2007\/#breadcrumb","itemListElement":[{"@type":"ListItem","position":1,"name":"Home","item":"https:\/\/sanmorrisbags.com\/tr\/home\/"},{"@type":"ListItem","position":2,"name":"Shop","item":"https:\/\/sanmorrisbags.com\/shop\/"},{"@type":"ListItem","position":3,"name":"Kod: 2007"}]},{"@type":"WebSite","@id":"https:\/\/sanmorrisbags.com\/tr\/#website","url":"https:\/\/sanmorrisbags.com\/tr\/","name":"Sanmorris Bags","description":"","publisher":{"@id":"https:\/\/sanmorrisbags.com\/tr\/#organization"},"potentialAction":[{"@type":"SearchAction","target":{"@type":"EntryPoint","urlTemplate":"https:\/\/sanmorrisbags.com\/tr\/?s={search_term_string}"},"query-input":{"@type":"PropertyValueSpecification","valueRequired":true,"valueName":"search_term_string"}}],"inLanguage":"tr"},{"@type":"Organization","@id":"https:\/\/sanmorrisbags.com\/tr\/#organization","name":"Sanmorris Bags","url":"https:\/\/sanmorrisbags.com\/tr\/","logo":{"@type":"ImageObject","inLanguage":"tr","@id":"https:\/\/sanmorrisbags.com\/tr\/#\/schema\/logo\/image\/","url":"https:\/\/sanmorrisbags.com\/wp-content\/uploads\/2023\/02\/Logo-new.png","contentUrl":"https:\/\/sanmorrisbags.com\/wp-content\/uploads\/2023\/02\/Logo-new.png","width":1000,"height":1000,"caption":"Sanmorris Bags"},"image":{"@id":"https:\/\/sanmorrisbags.com\/tr\/#\/schema\/logo\/image\/"},"sameAs":["https:\/\/www.facebook.com\/sanmorrisbags","https:\/\/x.com\/sanmorrisbag","https:\/\/www.instagram.com\/sanmorrisbag\/"]}]},"og_availability":"instock","product_availability":"instock","product_condition":"new"},"_links":{"self":[{"href":"https:\/\/sanmorrisbags.com\/tr\/wp-json\/wp\/v2\/product\/21120","targetHints":{"allow":["GET"]}}],"collection":[{"href":"https:\/\/sanmorrisbags.com\/tr\/wp-json\/wp\/v2\/product"}],"about":[{"href":"https:\/\/sanmorrisbags.com\/tr\/wp-json\/wp\/v2\/types\/product"}],"replies":[{"embeddable":true,"href":"https:\/\/sanmorrisbags.com\/tr\/wp-json\/wp\/v2\/comments?post=21120"}],"wp:featuredmedia":[{"embeddable":true,"href":"https:\/\/sanmorrisbags.com\/tr\/wp-json\/wp\/v2\/media\/19609"}],"wp:attachment":[{"href":"https:\/\/sanmorrisbags.com\/tr\/wp-json\/wp\/v2\/media?parent=21120"}],"wp:term":[{"taxonomy":"product_brand","embeddable":true,"href":"https:\/\/sanmorrisbags.com\/tr\/wp-json\/wp\/v2\/product_brand?post=21120"},{"taxonomy":"product_cat","embeddable":true,"href":"https:\/\/sanmorrisbags.com\/tr\/wp-json\/wp\/v2\/product_cat?post=21120"},{"taxonomy":"product_tag","embeddable":true,"href":"https:\/\/sanmorrisbags.com\/tr\/wp-json\/wp\/v2\/product_tag?post=21120"}],"curies":[{"name":"wp","href":"https:\/\/api.w.org\/{rel}","templated":true}]}}