{"id":21130,"date":"2024-10-06T22:38:57","date_gmt":"2024-10-06T22:38:57","guid":{"rendered":"https:\/\/sanmorrisbags.com\/product\/kod-1233\/"},"modified":"2024-10-24T05:44:44","modified_gmt":"2024-10-24T05:44:44","slug":"kod-1233","status":"publish","type":"product","link":"https:\/\/sanmorrisbags.com\/tr\/product\/kod-1233\/","title":{"rendered":"Kod: 1233"},"content":{"rendered":"<p>Sanmorris markal\u0131 kapitone omuz \u00e7antam\u0131z<br \/>\n<strong>Boyutlar:<\/strong><\/p>\n<ul>\n<li>Y\u00fckseklik: 15 cm<\/li>\n<li>Geni\u015flik: 25 cm<\/li>\n<li>Taban Geni\u015fli\u011fi: 8 cm<\/li>\n<\/ul>\n<p>Bu \u00e7anta, y\u00fcksek kaliteli sentetik deri, astar ve aksesuarlar kullan\u0131larak T\u00fcrkiye&#8217;de \u00fcretilmi\u015ftir. Kilitli aksesuarl\u0131 ana b\u00f6lme ve i\u00e7inde ek bir fermuarl\u0131 cep bulunur. E\u015fyalar\u0131n\u0131za kolayca eri\u015febilmeniz i\u00e7in \u00e7antan\u0131n arkas\u0131nda ayr\u0131ca bir s\u00fcrg\u00fcl\u00fc cep bulunur. Zincir ask\u0131s\u0131 ve kapitone tasar\u0131m\u0131yla bu model, g\u00fcnl\u00fck veya \u015f\u0131k kullan\u0131m i\u00e7in m\u00fckemmeldir. <strong>Bak\u0131m Talimatlar\u0131:<\/strong> Nemli bir bezle temizleyin. Ayarlanabilir zincir ask\u0131s\u0131 hem uzun hem de k\u0131sa boylarda kullan\u0131labilir.   <\/p>\n","protected":false},"excerpt":{"rendered":"<p>Sanmorris markal\u0131 kapitone omuz \u00e7antam\u0131z Boyutlar: Y\u00fckseklik: 15 cm Geni\u015flik: 25 cm Taban Geni\u015fli\u011fi: 8 cm Bu \u00e7anta, y\u00fcksek kaliteli sentetik deri, astar ve aksesuarlar kullan\u0131larak T\u00fcrkiye&#8217;de \u00fcretilmi\u015ftir. Kilitli aksesuarl\u0131 ana b\u00f6lme ve i\u00e7inde ek bir fermuarl\u0131 cep bulunur. E\u015fyalar\u0131n\u0131za kolayca eri\u015febilmeniz i\u00e7in \u00e7antan\u0131n arkas\u0131nda ayr\u0131ca bir s\u00fcrg\u00fcl\u00fc cep bulunur. Zincir ask\u0131s\u0131 ve kapitone tasar\u0131m\u0131yla [&hellip;]<\/p>\n","protected":false},"featured_media":21139,"comment_status":"closed","ping_status":"closed","template":"","meta":[],"product_brand":[],"product_cat":[63],"product_tag":[],"class_list":{"0":"post-21130","1":"product","2":"type-product","3":"status-publish","4":"has-post-thumbnail","6":"product_cat-capraz-canta","7":"pa_color-beyaz","8":"pa_color-krem","9":"pa_color-kum","10":"pa_color-lacivert","11":"pa_color-siyah-mat","12":"pa_color-siyah-saten","13":"pa_color-taba","14":"pa_color-yesil","16":"first","17":"instock","18":"shipping-taxable","19":"purchasable","20":"product-type-variable","21":"wvs-archive-product-wrapper"},"yoast_head":"<!-- This site is optimized with the Yoast SEO Premium plugin v25.4 (Yoast SEO v27.4) - https:\/\/yoast.com\/product\/yoast-seo-premium-wordpress\/ -->\n<title>T\u00fcrkiye&#039;de Kapitone Omuz \u00c7antas\u0131 Kod: 1233 - Sanmorris Bags<\/title>\n<meta name=\"description\" content=\"Y\u00fcksek kaliteli sentetik deri, ayarlanabilir zincir ask\u0131 ve pratik b\u00f6lmelere sahip Sanmorris kapitone omuz \u00e7antas\u0131\" \/>\n<meta name=\"robots\" content=\"index, follow, max-snippet:-1, max-image-preview:large, max-video-preview:-1\" \/>\n<link rel=\"canonical\" href=\"https:\/\/sanmorrisbags.com\/tr\/product\/kod-1233\/\" \/>\n<meta property=\"og:locale\" content=\"tr_TR\" \/>\n<meta property=\"og:type\" content=\"article\" \/>\n<meta property=\"og:title\" content=\"Kod: 1233\" \/>\n<meta property=\"og:description\" content=\"Y\u00fcksek kaliteli sentetik deri, ayarlanabilir zincir ask\u0131 ve pratik b\u00f6lmelere sahip Sanmorris kapitone omuz \u00e7antas\u0131\" \/>\n<meta property=\"og:url\" content=\"https:\/\/sanmorrisbags.com\/tr\/product\/kod-1233\/\" \/>\n<meta property=\"og:site_name\" content=\"Sanmorris Bags\" \/>\n<meta property=\"article:publisher\" content=\"https:\/\/www.facebook.com\/sanmorrisbags\" \/>\n<meta property=\"article:modified_time\" content=\"2024-10-24T05:44:44+00:00\" \/>\n<meta property=\"og:image\" content=\"https:\/\/sanmorrisbags.com\/wp-content\/uploads\/2024\/10\/siyah3.jpg\" \/>\n\t<meta property=\"og:image:width\" content=\"682\" \/>\n\t<meta property=\"og:image:height\" content=\"1024\" \/>\n\t<meta property=\"og:image:type\" content=\"image\/jpeg\" \/>\n<meta name=\"twitter:card\" content=\"summary_large_image\" \/>\n<meta name=\"twitter:site\" content=\"@sanmorrisbag\" \/>\n<meta name=\"twitter:label1\" content=\"Durumu\" \/>\n\t<meta name=\"twitter:data1\" content=\"Stokta var\" \/>\n<script type=\"application\/ld+json\" class=\"yoast-schema-graph\">{\"@context\":\"https:\\\/\\\/schema.org\",\"@graph\":[{\"@type\":\"WebPage\",\"@id\":\"https:\\\/\\\/sanmorrisbags.com\\\/tr\\\/product\\\/kod-1233\\\/\",\"url\":\"https:\\\/\\\/sanmorrisbags.com\\\/tr\\\/product\\\/kod-1233\\\/\",\"name\":\"T\u00fcrkiye'de Kapitone Omuz \u00c7antas\u0131 Kod: 1233 - Sanmorris Bags\",\"isPartOf\":{\"@id\":\"https:\\\/\\\/sanmorrisbags.com\\\/tr\\\/#website\"},\"primaryImageOfPage\":{\"@id\":\"https:\\\/\\\/sanmorrisbags.com\\\/tr\\\/product\\\/kod-1233\\\/#primaryimage\"},\"image\":{\"@id\":\"https:\\\/\\\/sanmorrisbags.com\\\/tr\\\/product\\\/kod-1233\\\/#primaryimage\"},\"thumbnailUrl\":\"https:\\\/\\\/sanmorrisbags.com\\\/wp-content\\\/uploads\\\/2024\\\/10\\\/siyah3.jpg\",\"datePublished\":\"2024-10-06T22:38:57+00:00\",\"dateModified\":\"2024-10-24T05:44:44+00:00\",\"description\":\"Y\u00fcksek kaliteli sentetik deri, ayarlanabilir zincir ask\u0131 ve pratik b\u00f6lmelere sahip Sanmorris kapitone omuz \u00e7antas\u0131\",\"breadcrumb\":{\"@id\":\"https:\\\/\\\/sanmorrisbags.com\\\/tr\\\/product\\\/kod-1233\\\/#breadcrumb\"},\"inLanguage\":\"tr\",\"potentialAction\":[{\"@type\":\"ReadAction\",\"target\":[\"https:\\\/\\\/sanmorrisbags.com\\\/tr\\\/product\\\/kod-1233\\\/\"]}]},{\"@type\":\"ImageObject\",\"inLanguage\":\"tr\",\"@id\":\"https:\\\/\\\/sanmorrisbags.com\\\/tr\\\/product\\\/kod-1233\\\/#primaryimage\",\"url\":\"https:\\\/\\\/sanmorrisbags.com\\\/wp-content\\\/uploads\\\/2024\\\/10\\\/siyah3.jpg\",\"contentUrl\":\"https:\\\/\\\/sanmorrisbags.com\\\/wp-content\\\/uploads\\\/2024\\\/10\\\/siyah3.jpg\",\"width\":682,\"height\":1024},{\"@type\":\"BreadcrumbList\",\"@id\":\"https:\\\/\\\/sanmorrisbags.com\\\/tr\\\/product\\\/kod-1233\\\/#breadcrumb\",\"itemListElement\":[{\"@type\":\"ListItem\",\"position\":1,\"name\":\"Home\",\"item\":\"https:\\\/\\\/sanmorrisbags.com\\\/tr\\\/home\\\/\"},{\"@type\":\"ListItem\",\"position\":2,\"name\":\"Shop\",\"item\":\"https:\\\/\\\/sanmorrisbags.com\\\/shop\\\/\"},{\"@type\":\"ListItem\",\"position\":3,\"name\":\"Kod: 1233\"}]},{\"@type\":\"WebSite\",\"@id\":\"https:\\\/\\\/sanmorrisbags.com\\\/tr\\\/#website\",\"url\":\"https:\\\/\\\/sanmorrisbags.com\\\/tr\\\/\",\"name\":\"Sanmorris Bags\",\"description\":\"\",\"publisher\":{\"@id\":\"https:\\\/\\\/sanmorrisbags.com\\\/tr\\\/#organization\"},\"potentialAction\":[{\"@type\":\"SearchAction\",\"target\":{\"@type\":\"EntryPoint\",\"urlTemplate\":\"https:\\\/\\\/sanmorrisbags.com\\\/tr\\\/?s={search_term_string}\"},\"query-input\":{\"@type\":\"PropertyValueSpecification\",\"valueRequired\":true,\"valueName\":\"search_term_string\"}}],\"inLanguage\":\"tr\"},{\"@type\":\"Organization\",\"@id\":\"https:\\\/\\\/sanmorrisbags.com\\\/tr\\\/#organization\",\"name\":\"Sanmorris Bags\",\"url\":\"https:\\\/\\\/sanmorrisbags.com\\\/tr\\\/\",\"logo\":{\"@type\":\"ImageObject\",\"inLanguage\":\"tr\",\"@id\":\"https:\\\/\\\/sanmorrisbags.com\\\/tr\\\/#\\\/schema\\\/logo\\\/image\\\/\",\"url\":\"https:\\\/\\\/sanmorrisbags.com\\\/wp-content\\\/uploads\\\/2023\\\/02\\\/Logo-new.png\",\"contentUrl\":\"https:\\\/\\\/sanmorrisbags.com\\\/wp-content\\\/uploads\\\/2023\\\/02\\\/Logo-new.png\",\"width\":1000,\"height\":1000,\"caption\":\"Sanmorris Bags\"},\"image\":{\"@id\":\"https:\\\/\\\/sanmorrisbags.com\\\/tr\\\/#\\\/schema\\\/logo\\\/image\\\/\"},\"sameAs\":[\"https:\\\/\\\/www.facebook.com\\\/sanmorrisbags\",\"https:\\\/\\\/x.com\\\/sanmorrisbag\",\"https:\\\/\\\/www.instagram.com\\\/sanmorrisbag\\\/\"]}]}<\/script>\n<meta property=\"og:availability\" content=\"instock\" \/>\n<meta property=\"product:availability\" content=\"instock\" \/>\n<meta property=\"product:condition\" content=\"new\" \/>\n<!-- \/ Yoast SEO Premium plugin. -->","yoast_head_json":{"title":"T\u00fcrkiye'de Kapitone Omuz \u00c7antas\u0131 Kod: 1233 - Sanmorris Bags","description":"Y\u00fcksek kaliteli sentetik deri, ayarlanabilir zincir ask\u0131 ve pratik b\u00f6lmelere sahip Sanmorris kapitone omuz \u00e7antas\u0131","robots":{"index":"index","follow":"follow","max-snippet":"max-snippet:-1","max-image-preview":"max-image-preview:large","max-video-preview":"max-video-preview:-1"},"canonical":"https:\/\/sanmorrisbags.com\/tr\/product\/kod-1233\/","og_locale":"tr_TR","og_type":"article","og_title":"Kod: 1233","og_description":"Y\u00fcksek kaliteli sentetik deri, ayarlanabilir zincir ask\u0131 ve pratik b\u00f6lmelere sahip Sanmorris kapitone omuz \u00e7antas\u0131","og_url":"https:\/\/sanmorrisbags.com\/tr\/product\/kod-1233\/","og_site_name":"Sanmorris Bags","article_publisher":"https:\/\/www.facebook.com\/sanmorrisbags","article_modified_time":"2024-10-24T05:44:44+00:00","og_image":[{"width":682,"height":1024,"url":"https:\/\/sanmorrisbags.com\/wp-content\/uploads\/2024\/10\/siyah3.jpg","type":"image\/jpeg"}],"twitter_card":"summary_large_image","twitter_site":"@sanmorrisbag","twitter_misc":{"Durumu":"Stokta var"},"schema":{"@context":"https:\/\/schema.org","@graph":[{"@type":"WebPage","@id":"https:\/\/sanmorrisbags.com\/tr\/product\/kod-1233\/","url":"https:\/\/sanmorrisbags.com\/tr\/product\/kod-1233\/","name":"T\u00fcrkiye'de Kapitone Omuz \u00c7antas\u0131 Kod: 1233 - Sanmorris Bags","isPartOf":{"@id":"https:\/\/sanmorrisbags.com\/tr\/#website"},"primaryImageOfPage":{"@id":"https:\/\/sanmorrisbags.com\/tr\/product\/kod-1233\/#primaryimage"},"image":{"@id":"https:\/\/sanmorrisbags.com\/tr\/product\/kod-1233\/#primaryimage"},"thumbnailUrl":"https:\/\/sanmorrisbags.com\/wp-content\/uploads\/2024\/10\/siyah3.jpg","datePublished":"2024-10-06T22:38:57+00:00","dateModified":"2024-10-24T05:44:44+00:00","description":"Y\u00fcksek kaliteli sentetik deri, ayarlanabilir zincir ask\u0131 ve pratik b\u00f6lmelere sahip Sanmorris kapitone omuz \u00e7antas\u0131","breadcrumb":{"@id":"https:\/\/sanmorrisbags.com\/tr\/product\/kod-1233\/#breadcrumb"},"inLanguage":"tr","potentialAction":[{"@type":"ReadAction","target":["https:\/\/sanmorrisbags.com\/tr\/product\/kod-1233\/"]}]},{"@type":"ImageObject","inLanguage":"tr","@id":"https:\/\/sanmorrisbags.com\/tr\/product\/kod-1233\/#primaryimage","url":"https:\/\/sanmorrisbags.com\/wp-content\/uploads\/2024\/10\/siyah3.jpg","contentUrl":"https:\/\/sanmorrisbags.com\/wp-content\/uploads\/2024\/10\/siyah3.jpg","width":682,"height":1024},{"@type":"BreadcrumbList","@id":"https:\/\/sanmorrisbags.com\/tr\/product\/kod-1233\/#breadcrumb","itemListElement":[{"@type":"ListItem","position":1,"name":"Home","item":"https:\/\/sanmorrisbags.com\/tr\/home\/"},{"@type":"ListItem","position":2,"name":"Shop","item":"https:\/\/sanmorrisbags.com\/shop\/"},{"@type":"ListItem","position":3,"name":"Kod: 1233"}]},{"@type":"WebSite","@id":"https:\/\/sanmorrisbags.com\/tr\/#website","url":"https:\/\/sanmorrisbags.com\/tr\/","name":"Sanmorris Bags","description":"","publisher":{"@id":"https:\/\/sanmorrisbags.com\/tr\/#organization"},"potentialAction":[{"@type":"SearchAction","target":{"@type":"EntryPoint","urlTemplate":"https:\/\/sanmorrisbags.com\/tr\/?s={search_term_string}"},"query-input":{"@type":"PropertyValueSpecification","valueRequired":true,"valueName":"search_term_string"}}],"inLanguage":"tr"},{"@type":"Organization","@id":"https:\/\/sanmorrisbags.com\/tr\/#organization","name":"Sanmorris Bags","url":"https:\/\/sanmorrisbags.com\/tr\/","logo":{"@type":"ImageObject","inLanguage":"tr","@id":"https:\/\/sanmorrisbags.com\/tr\/#\/schema\/logo\/image\/","url":"https:\/\/sanmorrisbags.com\/wp-content\/uploads\/2023\/02\/Logo-new.png","contentUrl":"https:\/\/sanmorrisbags.com\/wp-content\/uploads\/2023\/02\/Logo-new.png","width":1000,"height":1000,"caption":"Sanmorris Bags"},"image":{"@id":"https:\/\/sanmorrisbags.com\/tr\/#\/schema\/logo\/image\/"},"sameAs":["https:\/\/www.facebook.com\/sanmorrisbags","https:\/\/x.com\/sanmorrisbag","https:\/\/www.instagram.com\/sanmorrisbag\/"]}]},"og_availability":"instock","product_availability":"instock","product_condition":"new"},"_links":{"self":[{"href":"https:\/\/sanmorrisbags.com\/tr\/wp-json\/wp\/v2\/product\/21130","targetHints":{"allow":["GET"]}}],"collection":[{"href":"https:\/\/sanmorrisbags.com\/tr\/wp-json\/wp\/v2\/product"}],"about":[{"href":"https:\/\/sanmorrisbags.com\/tr\/wp-json\/wp\/v2\/types\/product"}],"replies":[{"embeddable":true,"href":"https:\/\/sanmorrisbags.com\/tr\/wp-json\/wp\/v2\/comments?post=21130"}],"wp:featuredmedia":[{"embeddable":true,"href":"https:\/\/sanmorrisbags.com\/tr\/wp-json\/wp\/v2\/media\/21139"}],"wp:attachment":[{"href":"https:\/\/sanmorrisbags.com\/tr\/wp-json\/wp\/v2\/media?parent=21130"}],"wp:term":[{"taxonomy":"product_brand","embeddable":true,"href":"https:\/\/sanmorrisbags.com\/tr\/wp-json\/wp\/v2\/product_brand?post=21130"},{"taxonomy":"product_cat","embeddable":true,"href":"https:\/\/sanmorrisbags.com\/tr\/wp-json\/wp\/v2\/product_cat?post=21130"},{"taxonomy":"product_tag","embeddable":true,"href":"https:\/\/sanmorrisbags.com\/tr\/wp-json\/wp\/v2\/product_tag?post=21130"}],"curies":[{"name":"wp","href":"https:\/\/api.w.org\/{rel}","templated":true}]}}