{"id":21156,"date":"2024-10-06T22:37:38","date_gmt":"2024-10-06T22:37:38","guid":{"rendered":"https:\/\/sanmorrisbags.com\/product\/kod-1409\/"},"modified":"2024-10-06T22:37:38","modified_gmt":"2024-10-06T22:37:38","slug":"kod-1409","status":"publish","type":"product","link":"https:\/\/sanmorrisbags.com\/tr\/product\/kod-1409\/","title":{"rendered":"Kod: 1409"},"content":{"rendered":"<p><span style=\"font-weight: 400;\">Sanmorris 4 B\u00f6lmeli \u00c7apraz \u00c7anta &#8211; \u015e\u0131k ve Pratik<\/span><\/p>\n<p><span style=\"font-weight: 400;\">Sanmorris 4 b\u00f6lmeli \u00e7apraz \u00e7antay\u0131 tan\u0131t\u0131yoruz, art\u0131k stoklar\u0131m\u0131zda!<\/span><\/p>\n<p><span style=\"font-weight: 400;\">Boyutlar:<\/span><\/p>\n<p><span style=\"font-weight: 400;\">&#8211; Y\u00fckseklik: 24 cm<\/span><\/p>\n<p><span style=\"font-weight: 400;\">&#8211; Geni\u015flik: 17 cm<\/span><\/p>\n<p><span style=\"font-weight: 400;\">&#8211; Taban Geni\u015fli\u011fi: 8 cm<\/span><\/p>\n<p><span style=\"font-weight: 400;\">Bu y\u00fcksek kaliteli \u00e7anta, dayan\u0131kl\u0131 astar ve aksesuarlarla T\u00fcrkiye&#8217;de \u00fcretilen birinci s\u0131n\u0131f sentetik deriden \u00fcretilmi\u015ftir. Ayarlanabilir \u00e7apraz ask\u0131, uyumu \u00f6zelle\u015ftirmenize olanak tan\u0131r ve g\u00fcnl\u00fck k\u0131yafetler i\u00e7in \u00e7ok y\u00f6nl\u00fc bir se\u00e7imdir.  <\/span><\/p>\n<p><span style=\"font-weight: 400;\">Zarif alt\u0131n aksesuarlara sahip bu \u00e7anta, \u015f\u0131k kombinlerinizi kolayl\u0131kla zenginle\u015ftirir. Metal fermuarl\u0131 tam astarl\u0131 b\u00f6lmeleri, g\u00fcnl\u00fck ihtiya\u00e7lar\u0131n\u0131z\u0131 stilinizden \u00f6d\u00fcn vermeden ta\u015f\u0131yabilmenizi sa\u011flar. \u00c7anta, daha fazla rahatl\u0131k i\u00e7in omuzda veya \u00e7apraz olarak tak\u0131labilir.   <\/span><\/p>\n<p><span style=\"font-weight: 400;\">\u0130\u00e7 astar\u0131 deriye yap\u0131\u015ft\u0131r\u0131lmam\u0131\u015f olup daha iyi esneklik ve konfor sa\u011flar. Yumu\u015fak dokusu ve benzersiz deri se\u00e7enekleriyle bu \u00e7anta pratik ve konforlu bir kullan\u0131c\u0131 deneyimi sunar. <\/span><\/p>\n","protected":false},"excerpt":{"rendered":"<p>Sanmorris 4 B\u00f6lmeli \u00c7apraz \u00c7anta &#8211; \u015e\u0131k ve Pratik Sanmorris 4 b\u00f6lmeli \u00e7apraz \u00e7antay\u0131 tan\u0131t\u0131yoruz, art\u0131k stoklar\u0131m\u0131zda! Boyutlar: &#8211; Y\u00fckseklik: 24 cm &#8211; Geni\u015flik: 17 cm &#8211; Taban Geni\u015fli\u011fi: 8 cm Bu y\u00fcksek kaliteli \u00e7anta, dayan\u0131kl\u0131 astar ve aksesuarlarla T\u00fcrkiye&#8217;de \u00fcretilen birinci s\u0131n\u0131f sentetik deriden \u00fcretilmi\u015ftir. Ayarlanabilir \u00e7apraz ask\u0131, uyumu \u00f6zelle\u015ftirmenize olanak tan\u0131r ve g\u00fcnl\u00fck [&hellip;]<\/p>\n","protected":false},"featured_media":19618,"comment_status":"closed","ping_status":"closed","template":"","meta":[],"product_brand":[],"product_cat":[63],"product_tag":[],"class_list":{"0":"post-21156","1":"product","2":"type-product","3":"status-publish","4":"has-post-thumbnail","6":"product_cat-capraz-canta","7":"pa_color-beyaz","8":"pa_color-krem","9":"pa_color-kum","10":"pa_color-siyah-damla","11":"pa_color-siyah-mat","12":"pa_color-siyah-mozaik","14":"first","15":"instock","16":"shipping-taxable","17":"purchasable","18":"product-type-variable","19":"wvs-archive-product-wrapper"},"yoast_head":"<!-- This site is optimized with the Yoast SEO Premium plugin v25.4 (Yoast SEO v27.4) - https:\/\/yoast.com\/product\/yoast-seo-premium-wordpress\/ -->\n<title>Sanmorris 4 b\u00f6lmeli \u00e7apraz \u00e7anta Kod: 1409 - Sanmorris Bags<\/title>\n<meta name=\"description\" content=\"Sanmorris 4 b\u00f6lmeli \u00e7apraz ask\u0131l\u0131 \u00e7anta. Bu y\u00fcksek kaliteli \u00e7anta, toptan sat\u0131\u015fa sunulan, T\u00fcrkiye&#039;de \u00fcretilen birinci s\u0131n\u0131f sentetik deriden \u00fcretilmi\u015ftir.\" \/>\n<meta name=\"robots\" content=\"index, follow, max-snippet:-1, max-image-preview:large, max-video-preview:-1\" \/>\n<link rel=\"canonical\" href=\"https:\/\/sanmorrisbags.com\/tr\/product\/kod-1409\/\" \/>\n<meta property=\"og:locale\" content=\"tr_TR\" \/>\n<meta property=\"og:type\" content=\"article\" \/>\n<meta property=\"og:title\" content=\"Kod: 1409\" \/>\n<meta property=\"og:description\" content=\"Sanmorris 4 b\u00f6lmeli \u00e7apraz ask\u0131l\u0131 \u00e7anta. Bu y\u00fcksek kaliteli \u00e7anta, toptan sat\u0131\u015fa sunulan, T\u00fcrkiye&#039;de \u00fcretilen birinci s\u0131n\u0131f sentetik deriden \u00fcretilmi\u015ftir.\" \/>\n<meta property=\"og:url\" content=\"https:\/\/sanmorrisbags.com\/tr\/product\/kod-1409\/\" \/>\n<meta property=\"og:site_name\" content=\"Sanmorris Bags\" \/>\n<meta property=\"article:publisher\" content=\"https:\/\/www.facebook.com\/sanmorrisbags\" \/>\n<meta property=\"og:image\" content=\"https:\/\/sanmorrisbags.com\/wp-content\/uploads\/2024\/10\/DSC_3818.jpg\" \/>\n\t<meta property=\"og:image:width\" content=\"1200\" \/>\n\t<meta property=\"og:image:height\" content=\"1800\" \/>\n\t<meta property=\"og:image:type\" content=\"image\/jpeg\" \/>\n<meta name=\"twitter:card\" content=\"summary_large_image\" \/>\n<meta name=\"twitter:site\" content=\"@sanmorrisbag\" \/>\n<meta name=\"twitter:label1\" content=\"Durumu\" \/>\n\t<meta name=\"twitter:data1\" content=\"Stokta var\" \/>\n<script type=\"application\/ld+json\" class=\"yoast-schema-graph\">{\"@context\":\"https:\\\/\\\/schema.org\",\"@graph\":[{\"@type\":\"WebPage\",\"@id\":\"https:\\\/\\\/sanmorrisbags.com\\\/tr\\\/product\\\/kod-1409\\\/\",\"url\":\"https:\\\/\\\/sanmorrisbags.com\\\/tr\\\/product\\\/kod-1409\\\/\",\"name\":\"Sanmorris 4 b\u00f6lmeli \u00e7apraz \u00e7anta Kod: 1409 - Sanmorris Bags\",\"isPartOf\":{\"@id\":\"https:\\\/\\\/sanmorrisbags.com\\\/tr\\\/#website\"},\"primaryImageOfPage\":{\"@id\":\"https:\\\/\\\/sanmorrisbags.com\\\/tr\\\/product\\\/kod-1409\\\/#primaryimage\"},\"image\":{\"@id\":\"https:\\\/\\\/sanmorrisbags.com\\\/tr\\\/product\\\/kod-1409\\\/#primaryimage\"},\"thumbnailUrl\":\"https:\\\/\\\/sanmorrisbags.com\\\/wp-content\\\/uploads\\\/2024\\\/10\\\/DSC_3818.jpg\",\"datePublished\":\"2024-10-06T22:37:38+00:00\",\"description\":\"Sanmorris 4 b\u00f6lmeli \u00e7apraz ask\u0131l\u0131 \u00e7anta. Bu y\u00fcksek kaliteli \u00e7anta, toptan sat\u0131\u015fa sunulan, T\u00fcrkiye'de \u00fcretilen birinci s\u0131n\u0131f sentetik deriden \u00fcretilmi\u015ftir.\",\"breadcrumb\":{\"@id\":\"https:\\\/\\\/sanmorrisbags.com\\\/tr\\\/product\\\/kod-1409\\\/#breadcrumb\"},\"inLanguage\":\"tr\",\"potentialAction\":[{\"@type\":\"ReadAction\",\"target\":[\"https:\\\/\\\/sanmorrisbags.com\\\/tr\\\/product\\\/kod-1409\\\/\"]}]},{\"@type\":\"ImageObject\",\"inLanguage\":\"tr\",\"@id\":\"https:\\\/\\\/sanmorrisbags.com\\\/tr\\\/product\\\/kod-1409\\\/#primaryimage\",\"url\":\"https:\\\/\\\/sanmorrisbags.com\\\/wp-content\\\/uploads\\\/2024\\\/10\\\/DSC_3818.jpg\",\"contentUrl\":\"https:\\\/\\\/sanmorrisbags.com\\\/wp-content\\\/uploads\\\/2024\\\/10\\\/DSC_3818.jpg\",\"width\":1200,\"height\":1800,\"caption\":\"Sanmorris 4-compartment crossbody bag in stylish design\"},{\"@type\":\"BreadcrumbList\",\"@id\":\"https:\\\/\\\/sanmorrisbags.com\\\/tr\\\/product\\\/kod-1409\\\/#breadcrumb\",\"itemListElement\":[{\"@type\":\"ListItem\",\"position\":1,\"name\":\"Home\",\"item\":\"https:\\\/\\\/sanmorrisbags.com\\\/tr\\\/home\\\/\"},{\"@type\":\"ListItem\",\"position\":2,\"name\":\"Shop\",\"item\":\"https:\\\/\\\/sanmorrisbags.com\\\/shop\\\/\"},{\"@type\":\"ListItem\",\"position\":3,\"name\":\"Kod: 1409\"}]},{\"@type\":\"WebSite\",\"@id\":\"https:\\\/\\\/sanmorrisbags.com\\\/tr\\\/#website\",\"url\":\"https:\\\/\\\/sanmorrisbags.com\\\/tr\\\/\",\"name\":\"Sanmorris Bags\",\"description\":\"\",\"publisher\":{\"@id\":\"https:\\\/\\\/sanmorrisbags.com\\\/tr\\\/#organization\"},\"potentialAction\":[{\"@type\":\"SearchAction\",\"target\":{\"@type\":\"EntryPoint\",\"urlTemplate\":\"https:\\\/\\\/sanmorrisbags.com\\\/tr\\\/?s={search_term_string}\"},\"query-input\":{\"@type\":\"PropertyValueSpecification\",\"valueRequired\":true,\"valueName\":\"search_term_string\"}}],\"inLanguage\":\"tr\"},{\"@type\":\"Organization\",\"@id\":\"https:\\\/\\\/sanmorrisbags.com\\\/tr\\\/#organization\",\"name\":\"Sanmorris Bags\",\"url\":\"https:\\\/\\\/sanmorrisbags.com\\\/tr\\\/\",\"logo\":{\"@type\":\"ImageObject\",\"inLanguage\":\"tr\",\"@id\":\"https:\\\/\\\/sanmorrisbags.com\\\/tr\\\/#\\\/schema\\\/logo\\\/image\\\/\",\"url\":\"https:\\\/\\\/sanmorrisbags.com\\\/wp-content\\\/uploads\\\/2023\\\/02\\\/Logo-new.png\",\"contentUrl\":\"https:\\\/\\\/sanmorrisbags.com\\\/wp-content\\\/uploads\\\/2023\\\/02\\\/Logo-new.png\",\"width\":1000,\"height\":1000,\"caption\":\"Sanmorris Bags\"},\"image\":{\"@id\":\"https:\\\/\\\/sanmorrisbags.com\\\/tr\\\/#\\\/schema\\\/logo\\\/image\\\/\"},\"sameAs\":[\"https:\\\/\\\/www.facebook.com\\\/sanmorrisbags\",\"https:\\\/\\\/x.com\\\/sanmorrisbag\",\"https:\\\/\\\/www.instagram.com\\\/sanmorrisbag\\\/\"]}]}<\/script>\n<meta property=\"og:availability\" content=\"instock\" \/>\n<meta property=\"product:availability\" content=\"instock\" \/>\n<meta property=\"product:condition\" content=\"new\" \/>\n<!-- \/ Yoast SEO Premium plugin. -->","yoast_head_json":{"title":"Sanmorris 4 b\u00f6lmeli \u00e7apraz \u00e7anta Kod: 1409 - Sanmorris Bags","description":"Sanmorris 4 b\u00f6lmeli \u00e7apraz ask\u0131l\u0131 \u00e7anta. Bu y\u00fcksek kaliteli \u00e7anta, toptan sat\u0131\u015fa sunulan, T\u00fcrkiye'de \u00fcretilen birinci s\u0131n\u0131f sentetik deriden \u00fcretilmi\u015ftir.","robots":{"index":"index","follow":"follow","max-snippet":"max-snippet:-1","max-image-preview":"max-image-preview:large","max-video-preview":"max-video-preview:-1"},"canonical":"https:\/\/sanmorrisbags.com\/tr\/product\/kod-1409\/","og_locale":"tr_TR","og_type":"article","og_title":"Kod: 1409","og_description":"Sanmorris 4 b\u00f6lmeli \u00e7apraz ask\u0131l\u0131 \u00e7anta. Bu y\u00fcksek kaliteli \u00e7anta, toptan sat\u0131\u015fa sunulan, T\u00fcrkiye'de \u00fcretilen birinci s\u0131n\u0131f sentetik deriden \u00fcretilmi\u015ftir.","og_url":"https:\/\/sanmorrisbags.com\/tr\/product\/kod-1409\/","og_site_name":"Sanmorris Bags","article_publisher":"https:\/\/www.facebook.com\/sanmorrisbags","og_image":[{"width":1200,"height":1800,"url":"https:\/\/sanmorrisbags.com\/wp-content\/uploads\/2024\/10\/DSC_3818.jpg","type":"image\/jpeg"}],"twitter_card":"summary_large_image","twitter_site":"@sanmorrisbag","twitter_misc":{"Durumu":"Stokta var"},"schema":{"@context":"https:\/\/schema.org","@graph":[{"@type":"WebPage","@id":"https:\/\/sanmorrisbags.com\/tr\/product\/kod-1409\/","url":"https:\/\/sanmorrisbags.com\/tr\/product\/kod-1409\/","name":"Sanmorris 4 b\u00f6lmeli \u00e7apraz \u00e7anta Kod: 1409 - Sanmorris Bags","isPartOf":{"@id":"https:\/\/sanmorrisbags.com\/tr\/#website"},"primaryImageOfPage":{"@id":"https:\/\/sanmorrisbags.com\/tr\/product\/kod-1409\/#primaryimage"},"image":{"@id":"https:\/\/sanmorrisbags.com\/tr\/product\/kod-1409\/#primaryimage"},"thumbnailUrl":"https:\/\/sanmorrisbags.com\/wp-content\/uploads\/2024\/10\/DSC_3818.jpg","datePublished":"2024-10-06T22:37:38+00:00","description":"Sanmorris 4 b\u00f6lmeli \u00e7apraz ask\u0131l\u0131 \u00e7anta. Bu y\u00fcksek kaliteli \u00e7anta, toptan sat\u0131\u015fa sunulan, T\u00fcrkiye'de \u00fcretilen birinci s\u0131n\u0131f sentetik deriden \u00fcretilmi\u015ftir.","breadcrumb":{"@id":"https:\/\/sanmorrisbags.com\/tr\/product\/kod-1409\/#breadcrumb"},"inLanguage":"tr","potentialAction":[{"@type":"ReadAction","target":["https:\/\/sanmorrisbags.com\/tr\/product\/kod-1409\/"]}]},{"@type":"ImageObject","inLanguage":"tr","@id":"https:\/\/sanmorrisbags.com\/tr\/product\/kod-1409\/#primaryimage","url":"https:\/\/sanmorrisbags.com\/wp-content\/uploads\/2024\/10\/DSC_3818.jpg","contentUrl":"https:\/\/sanmorrisbags.com\/wp-content\/uploads\/2024\/10\/DSC_3818.jpg","width":1200,"height":1800,"caption":"Sanmorris 4-compartment crossbody bag in stylish design"},{"@type":"BreadcrumbList","@id":"https:\/\/sanmorrisbags.com\/tr\/product\/kod-1409\/#breadcrumb","itemListElement":[{"@type":"ListItem","position":1,"name":"Home","item":"https:\/\/sanmorrisbags.com\/tr\/home\/"},{"@type":"ListItem","position":2,"name":"Shop","item":"https:\/\/sanmorrisbags.com\/shop\/"},{"@type":"ListItem","position":3,"name":"Kod: 1409"}]},{"@type":"WebSite","@id":"https:\/\/sanmorrisbags.com\/tr\/#website","url":"https:\/\/sanmorrisbags.com\/tr\/","name":"Sanmorris Bags","description":"","publisher":{"@id":"https:\/\/sanmorrisbags.com\/tr\/#organization"},"potentialAction":[{"@type":"SearchAction","target":{"@type":"EntryPoint","urlTemplate":"https:\/\/sanmorrisbags.com\/tr\/?s={search_term_string}"},"query-input":{"@type":"PropertyValueSpecification","valueRequired":true,"valueName":"search_term_string"}}],"inLanguage":"tr"},{"@type":"Organization","@id":"https:\/\/sanmorrisbags.com\/tr\/#organization","name":"Sanmorris Bags","url":"https:\/\/sanmorrisbags.com\/tr\/","logo":{"@type":"ImageObject","inLanguage":"tr","@id":"https:\/\/sanmorrisbags.com\/tr\/#\/schema\/logo\/image\/","url":"https:\/\/sanmorrisbags.com\/wp-content\/uploads\/2023\/02\/Logo-new.png","contentUrl":"https:\/\/sanmorrisbags.com\/wp-content\/uploads\/2023\/02\/Logo-new.png","width":1000,"height":1000,"caption":"Sanmorris Bags"},"image":{"@id":"https:\/\/sanmorrisbags.com\/tr\/#\/schema\/logo\/image\/"},"sameAs":["https:\/\/www.facebook.com\/sanmorrisbags","https:\/\/x.com\/sanmorrisbag","https:\/\/www.instagram.com\/sanmorrisbag\/"]}]},"og_availability":"instock","product_availability":"instock","product_condition":"new"},"_links":{"self":[{"href":"https:\/\/sanmorrisbags.com\/tr\/wp-json\/wp\/v2\/product\/21156","targetHints":{"allow":["GET"]}}],"collection":[{"href":"https:\/\/sanmorrisbags.com\/tr\/wp-json\/wp\/v2\/product"}],"about":[{"href":"https:\/\/sanmorrisbags.com\/tr\/wp-json\/wp\/v2\/types\/product"}],"replies":[{"embeddable":true,"href":"https:\/\/sanmorrisbags.com\/tr\/wp-json\/wp\/v2\/comments?post=21156"}],"wp:featuredmedia":[{"embeddable":true,"href":"https:\/\/sanmorrisbags.com\/tr\/wp-json\/wp\/v2\/media\/19618"}],"wp:attachment":[{"href":"https:\/\/sanmorrisbags.com\/tr\/wp-json\/wp\/v2\/media?parent=21156"}],"wp:term":[{"taxonomy":"product_brand","embeddable":true,"href":"https:\/\/sanmorrisbags.com\/tr\/wp-json\/wp\/v2\/product_brand?post=21156"},{"taxonomy":"product_cat","embeddable":true,"href":"https:\/\/sanmorrisbags.com\/tr\/wp-json\/wp\/v2\/product_cat?post=21156"},{"taxonomy":"product_tag","embeddable":true,"href":"https:\/\/sanmorrisbags.com\/tr\/wp-json\/wp\/v2\/product_tag?post=21156"}],"curies":[{"name":"wp","href":"https:\/\/api.w.org\/{rel}","templated":true}]}}