{"id":21163,"date":"2024-10-06T22:36:38","date_gmt":"2024-10-06T22:36:38","guid":{"rendered":"https:\/\/sanmorrisbags.com\/product\/kod-1405\/"},"modified":"2024-10-06T22:36:38","modified_gmt":"2024-10-06T22:36:38","slug":"kod-1405","status":"publish","type":"product","link":"https:\/\/sanmorrisbags.com\/tr\/product\/kod-1405\/","title":{"rendered":"Kod: 1405"},"content":{"rendered":"<p><span style=\"font-weight: 400;\">Sanmorris Ayarlanabilir \u00c7apraz Omuz \u00c7antas\u0131 &#8211; \u015e\u0131k ve Pratik<\/span><\/p>\n<p>&nbsp;<\/p>\n<p><span style=\"font-weight: 400;\">Sanmorris ayarlanabilir \u00e7apraz omuz \u00e7antas\u0131n\u0131 tan\u0131t\u0131yoruz, art\u0131k stoklar\u0131m\u0131zda!<\/span><\/p>\n<p>&nbsp;<\/p>\n<p><span style=\"font-weight: 400;\">Boyutlar:<\/span><\/p>\n<p><span style=\"font-weight: 400;\">&#8211; Y\u00fckseklik: 19 cm<\/span><\/p>\n<p><span style=\"font-weight: 400;\">&#8211; Geni\u015flik: 26 cm<\/span><\/p>\n<p><span style=\"font-weight: 400;\">&#8211; Taban Geni\u015fli\u011fi: 7 cm<\/span><\/p>\n<p><span style=\"font-weight: 400;\">Y\u00fcksek kaliteli sentetik deri ve astar kullan\u0131larak \u00fcretilen bu \u00e7anta T\u00fcrkiye&#8217;de \u00fcretilmi\u015ftir. Tamamen astarl\u0131 b\u00f6lmeler e\u015fyalar\u0131n\u0131z\u0131n iyi korunmas\u0131n\u0131 sa\u011flar. Ayarlanabilir \u00e7apraz ask\u0131, zevkinize g\u00f6re uyumu \u00f6zelle\u015ftirmenize olanak tan\u0131r ve onu g\u00fcnl\u00fck kullan\u0131m i\u00e7in \u00e7ok y\u00f6nl\u00fc bir se\u00e7im haline getirir.  <\/span><\/p>\n<p><span style=\"font-weight: 400;\">Oval tasar\u0131m\u0131 ve \u00e7e\u015fitli kuma\u015f se\u00e7enekleriyle bu \u00e7anta g\u00fcnl\u00fck k\u0131yafetlerinizin vazge\u00e7ilmezi olacak. Zarif alt\u0131n aksesuarlar onu daha sofistike g\u00f6r\u00fcn\u00fcmler i\u00e7in de uygun hale getiriyor. \u0130ki ana fermuarl\u0131 b\u00f6lme ve bir manyetik cep, ayr\u0131ca k\u00fc\u00e7\u00fck bir i\u00e7 cep ve arkada ekstra rahatl\u0131k i\u00e7in fermuarl\u0131 bir cep bulunuyor.  <\/span><\/p>\n","protected":false},"excerpt":{"rendered":"<p>Sanmorris Ayarlanabilir \u00c7apraz Omuz \u00c7antas\u0131 &#8211; \u015e\u0131k ve Pratik &nbsp; Sanmorris ayarlanabilir \u00e7apraz omuz \u00e7antas\u0131n\u0131 tan\u0131t\u0131yoruz, art\u0131k stoklar\u0131m\u0131zda! &nbsp; Boyutlar: &#8211; Y\u00fckseklik: 19 cm &#8211; Geni\u015flik: 26 cm &#8211; Taban Geni\u015fli\u011fi: 7 cm Y\u00fcksek kaliteli sentetik deri ve astar kullan\u0131larak \u00fcretilen bu \u00e7anta T\u00fcrkiye&#8217;de \u00fcretilmi\u015ftir. Tamamen astarl\u0131 b\u00f6lmeler e\u015fyalar\u0131n\u0131z\u0131n iyi korunmas\u0131n\u0131 sa\u011flar. Ayarlanabilir \u00e7apraz ask\u0131, [&hellip;]<\/p>\n","protected":false},"featured_media":19628,"comment_status":"closed","ping_status":"closed","template":"","meta":[],"product_brand":[],"product_cat":[63],"product_tag":[],"class_list":{"0":"post-21163","1":"product","2":"type-product","3":"status-publish","4":"has-post-thumbnail","6":"product_cat-capraz-canta","7":"pa_color-krem","8":"pa_color-kum","9":"pa_color-siyah","10":"pa_color-siyah-damla","11":"pa_color-siyah-desen","12":"pa_color-siyah-mat","13":"pa_color-siyah-mozaik","14":"pa_color-siyah-saten","15":"pa_color-taba","17":"first","18":"instock","19":"shipping-taxable","20":"purchasable","21":"product-type-variable","22":"wvs-archive-product-wrapper"},"yoast_head":"<!-- This site is optimized with the Yoast SEO Premium plugin v25.4 (Yoast SEO v27.6) - https:\/\/yoast.com\/product\/yoast-seo-premium-wordpress\/ -->\n<title>Sanmorris ayarlanabilir \u00e7apraz omuz \u00e7antas\u0131 - Sanmorris Bags<\/title>\n<meta name=\"description\" content=\"Sanmorris ayarlanabilir \u00e7apraz omuz \u00e7antas\u0131. Tamamen astarl\u0131 b\u00f6lmeler e\u015fyalar\u0131n\u0131z\u0131n iyi korunmas\u0131n\u0131 sa\u011flar. toptan sat\u0131\u015f i\u00e7in ma\u011fazada mevcuttur\" \/>\n<meta name=\"robots\" content=\"index, follow, max-snippet:-1, max-image-preview:large, max-video-preview:-1\" \/>\n<link rel=\"canonical\" href=\"https:\/\/sanmorrisbags.com\/tr\/product\/kod-1405\/\" \/>\n<meta property=\"og:locale\" content=\"tr_TR\" \/>\n<meta property=\"og:type\" content=\"article\" \/>\n<meta property=\"og:title\" content=\"Kod: 1405\" \/>\n<meta property=\"og:description\" content=\"Sanmorris ayarlanabilir \u00e7apraz omuz \u00e7antas\u0131. Tamamen astarl\u0131 b\u00f6lmeler e\u015fyalar\u0131n\u0131z\u0131n iyi korunmas\u0131n\u0131 sa\u011flar. toptan sat\u0131\u015f i\u00e7in ma\u011fazada mevcuttur\" \/>\n<meta property=\"og:url\" content=\"https:\/\/sanmorrisbags.com\/tr\/product\/kod-1405\/\" \/>\n<meta property=\"og:site_name\" content=\"Sanmorris Bags\" \/>\n<meta property=\"article:publisher\" content=\"https:\/\/www.facebook.com\/sanmorrisbags\" \/>\n<meta property=\"og:image\" content=\"https:\/\/sanmorrisbags.com\/wp-content\/uploads\/2024\/10\/34-1.jpg\" \/>\n\t<meta property=\"og:image:width\" content=\"1200\" \/>\n\t<meta property=\"og:image:height\" content=\"1800\" \/>\n\t<meta property=\"og:image:type\" content=\"image\/jpeg\" \/>\n<meta name=\"twitter:card\" content=\"summary_large_image\" \/>\n<meta name=\"twitter:site\" content=\"@sanmorrisbag\" \/>\n<meta name=\"twitter:label1\" content=\"Durumu\" \/>\n\t<meta name=\"twitter:data1\" content=\"Stokta var\" \/>\n<script type=\"application\/ld+json\" class=\"yoast-schema-graph\">{\"@context\":\"https:\\\/\\\/schema.org\",\"@graph\":[{\"@type\":\"WebPage\",\"@id\":\"https:\\\/\\\/sanmorrisbags.com\\\/tr\\\/product\\\/kod-1405\\\/\",\"url\":\"https:\\\/\\\/sanmorrisbags.com\\\/tr\\\/product\\\/kod-1405\\\/\",\"name\":\"Sanmorris ayarlanabilir \u00e7apraz omuz \u00e7antas\u0131 - Sanmorris Bags\",\"isPartOf\":{\"@id\":\"https:\\\/\\\/sanmorrisbags.com\\\/tr\\\/#website\"},\"primaryImageOfPage\":{\"@id\":\"https:\\\/\\\/sanmorrisbags.com\\\/tr\\\/product\\\/kod-1405\\\/#primaryimage\"},\"image\":{\"@id\":\"https:\\\/\\\/sanmorrisbags.com\\\/tr\\\/product\\\/kod-1405\\\/#primaryimage\"},\"thumbnailUrl\":\"https:\\\/\\\/sanmorrisbags.com\\\/wp-content\\\/uploads\\\/2024\\\/10\\\/34-1.jpg\",\"datePublished\":\"2024-10-06T22:36:38+00:00\",\"description\":\"Sanmorris ayarlanabilir \u00e7apraz omuz \u00e7antas\u0131. Tamamen astarl\u0131 b\u00f6lmeler e\u015fyalar\u0131n\u0131z\u0131n iyi korunmas\u0131n\u0131 sa\u011flar. toptan sat\u0131\u015f i\u00e7in ma\u011fazada mevcuttur\",\"breadcrumb\":{\"@id\":\"https:\\\/\\\/sanmorrisbags.com\\\/tr\\\/product\\\/kod-1405\\\/#breadcrumb\"},\"inLanguage\":\"tr\",\"potentialAction\":[{\"@type\":\"ReadAction\",\"target\":[\"https:\\\/\\\/sanmorrisbags.com\\\/tr\\\/product\\\/kod-1405\\\/\"]}]},{\"@type\":\"ImageObject\",\"inLanguage\":\"tr\",\"@id\":\"https:\\\/\\\/sanmorrisbags.com\\\/tr\\\/product\\\/kod-1405\\\/#primaryimage\",\"url\":\"https:\\\/\\\/sanmorrisbags.com\\\/wp-content\\\/uploads\\\/2024\\\/10\\\/34-1.jpg\",\"contentUrl\":\"https:\\\/\\\/sanmorrisbags.com\\\/wp-content\\\/uploads\\\/2024\\\/10\\\/34-1.jpg\",\"width\":1200,\"height\":1800,\"caption\":\"Adjustable crossbody strap on Sanmorris shoulder bag\"},{\"@type\":\"BreadcrumbList\",\"@id\":\"https:\\\/\\\/sanmorrisbags.com\\\/tr\\\/product\\\/kod-1405\\\/#breadcrumb\",\"itemListElement\":[{\"@type\":\"ListItem\",\"position\":1,\"name\":\"Home\",\"item\":\"https:\\\/\\\/sanmorrisbags.com\\\/tr\\\/home\\\/\"},{\"@type\":\"ListItem\",\"position\":2,\"name\":\"Shop\",\"item\":\"https:\\\/\\\/sanmorrisbags.com\\\/shop\\\/\"},{\"@type\":\"ListItem\",\"position\":3,\"name\":\"Kod: 1405\"}]},{\"@type\":\"WebSite\",\"@id\":\"https:\\\/\\\/sanmorrisbags.com\\\/tr\\\/#website\",\"url\":\"https:\\\/\\\/sanmorrisbags.com\\\/tr\\\/\",\"name\":\"Sanmorris Bags\",\"description\":\"\",\"publisher\":{\"@id\":\"https:\\\/\\\/sanmorrisbags.com\\\/tr\\\/#organization\"},\"potentialAction\":[{\"@type\":\"SearchAction\",\"target\":{\"@type\":\"EntryPoint\",\"urlTemplate\":\"https:\\\/\\\/sanmorrisbags.com\\\/tr\\\/?s={search_term_string}\"},\"query-input\":{\"@type\":\"PropertyValueSpecification\",\"valueRequired\":true,\"valueName\":\"search_term_string\"}}],\"inLanguage\":\"tr\"},{\"@type\":\"Organization\",\"@id\":\"https:\\\/\\\/sanmorrisbags.com\\\/tr\\\/#organization\",\"name\":\"Sanmorris Bags\",\"url\":\"https:\\\/\\\/sanmorrisbags.com\\\/tr\\\/\",\"logo\":{\"@type\":\"ImageObject\",\"inLanguage\":\"tr\",\"@id\":\"https:\\\/\\\/sanmorrisbags.com\\\/tr\\\/#\\\/schema\\\/logo\\\/image\\\/\",\"url\":\"https:\\\/\\\/sanmorrisbags.com\\\/wp-content\\\/uploads\\\/2023\\\/02\\\/Logo-new.png\",\"contentUrl\":\"https:\\\/\\\/sanmorrisbags.com\\\/wp-content\\\/uploads\\\/2023\\\/02\\\/Logo-new.png\",\"width\":1000,\"height\":1000,\"caption\":\"Sanmorris Bags\"},\"image\":{\"@id\":\"https:\\\/\\\/sanmorrisbags.com\\\/tr\\\/#\\\/schema\\\/logo\\\/image\\\/\"},\"sameAs\":[\"https:\\\/\\\/www.facebook.com\\\/sanmorrisbags\",\"https:\\\/\\\/x.com\\\/sanmorrisbag\",\"https:\\\/\\\/www.instagram.com\\\/sanmorrisbag\\\/\"]}]}<\/script>\n<meta property=\"og:availability\" content=\"instock\" \/>\n<meta property=\"product:availability\" content=\"instock\" \/>\n<meta property=\"product:condition\" content=\"new\" \/>\n<!-- \/ Yoast SEO Premium plugin. -->","yoast_head_json":{"title":"Sanmorris ayarlanabilir \u00e7apraz omuz \u00e7antas\u0131 - Sanmorris Bags","description":"Sanmorris ayarlanabilir \u00e7apraz omuz \u00e7antas\u0131. Tamamen astarl\u0131 b\u00f6lmeler e\u015fyalar\u0131n\u0131z\u0131n iyi korunmas\u0131n\u0131 sa\u011flar. toptan sat\u0131\u015f i\u00e7in ma\u011fazada mevcuttur","robots":{"index":"index","follow":"follow","max-snippet":"max-snippet:-1","max-image-preview":"max-image-preview:large","max-video-preview":"max-video-preview:-1"},"canonical":"https:\/\/sanmorrisbags.com\/tr\/product\/kod-1405\/","og_locale":"tr_TR","og_type":"article","og_title":"Kod: 1405","og_description":"Sanmorris ayarlanabilir \u00e7apraz omuz \u00e7antas\u0131. Tamamen astarl\u0131 b\u00f6lmeler e\u015fyalar\u0131n\u0131z\u0131n iyi korunmas\u0131n\u0131 sa\u011flar. toptan sat\u0131\u015f i\u00e7in ma\u011fazada mevcuttur","og_url":"https:\/\/sanmorrisbags.com\/tr\/product\/kod-1405\/","og_site_name":"Sanmorris Bags","article_publisher":"https:\/\/www.facebook.com\/sanmorrisbags","og_image":[{"width":1200,"height":1800,"url":"https:\/\/sanmorrisbags.com\/wp-content\/uploads\/2024\/10\/34-1.jpg","type":"image\/jpeg"}],"twitter_card":"summary_large_image","twitter_site":"@sanmorrisbag","twitter_misc":{"Durumu":"Stokta var"},"schema":{"@context":"https:\/\/schema.org","@graph":[{"@type":"WebPage","@id":"https:\/\/sanmorrisbags.com\/tr\/product\/kod-1405\/","url":"https:\/\/sanmorrisbags.com\/tr\/product\/kod-1405\/","name":"Sanmorris ayarlanabilir \u00e7apraz omuz \u00e7antas\u0131 - Sanmorris Bags","isPartOf":{"@id":"https:\/\/sanmorrisbags.com\/tr\/#website"},"primaryImageOfPage":{"@id":"https:\/\/sanmorrisbags.com\/tr\/product\/kod-1405\/#primaryimage"},"image":{"@id":"https:\/\/sanmorrisbags.com\/tr\/product\/kod-1405\/#primaryimage"},"thumbnailUrl":"https:\/\/sanmorrisbags.com\/wp-content\/uploads\/2024\/10\/34-1.jpg","datePublished":"2024-10-06T22:36:38+00:00","description":"Sanmorris ayarlanabilir \u00e7apraz omuz \u00e7antas\u0131. Tamamen astarl\u0131 b\u00f6lmeler e\u015fyalar\u0131n\u0131z\u0131n iyi korunmas\u0131n\u0131 sa\u011flar. toptan sat\u0131\u015f i\u00e7in ma\u011fazada mevcuttur","breadcrumb":{"@id":"https:\/\/sanmorrisbags.com\/tr\/product\/kod-1405\/#breadcrumb"},"inLanguage":"tr","potentialAction":[{"@type":"ReadAction","target":["https:\/\/sanmorrisbags.com\/tr\/product\/kod-1405\/"]}]},{"@type":"ImageObject","inLanguage":"tr","@id":"https:\/\/sanmorrisbags.com\/tr\/product\/kod-1405\/#primaryimage","url":"https:\/\/sanmorrisbags.com\/wp-content\/uploads\/2024\/10\/34-1.jpg","contentUrl":"https:\/\/sanmorrisbags.com\/wp-content\/uploads\/2024\/10\/34-1.jpg","width":1200,"height":1800,"caption":"Adjustable crossbody strap on Sanmorris shoulder bag"},{"@type":"BreadcrumbList","@id":"https:\/\/sanmorrisbags.com\/tr\/product\/kod-1405\/#breadcrumb","itemListElement":[{"@type":"ListItem","position":1,"name":"Home","item":"https:\/\/sanmorrisbags.com\/tr\/home\/"},{"@type":"ListItem","position":2,"name":"Shop","item":"https:\/\/sanmorrisbags.com\/shop\/"},{"@type":"ListItem","position":3,"name":"Kod: 1405"}]},{"@type":"WebSite","@id":"https:\/\/sanmorrisbags.com\/tr\/#website","url":"https:\/\/sanmorrisbags.com\/tr\/","name":"Sanmorris Bags","description":"","publisher":{"@id":"https:\/\/sanmorrisbags.com\/tr\/#organization"},"potentialAction":[{"@type":"SearchAction","target":{"@type":"EntryPoint","urlTemplate":"https:\/\/sanmorrisbags.com\/tr\/?s={search_term_string}"},"query-input":{"@type":"PropertyValueSpecification","valueRequired":true,"valueName":"search_term_string"}}],"inLanguage":"tr"},{"@type":"Organization","@id":"https:\/\/sanmorrisbags.com\/tr\/#organization","name":"Sanmorris Bags","url":"https:\/\/sanmorrisbags.com\/tr\/","logo":{"@type":"ImageObject","inLanguage":"tr","@id":"https:\/\/sanmorrisbags.com\/tr\/#\/schema\/logo\/image\/","url":"https:\/\/sanmorrisbags.com\/wp-content\/uploads\/2023\/02\/Logo-new.png","contentUrl":"https:\/\/sanmorrisbags.com\/wp-content\/uploads\/2023\/02\/Logo-new.png","width":1000,"height":1000,"caption":"Sanmorris Bags"},"image":{"@id":"https:\/\/sanmorrisbags.com\/tr\/#\/schema\/logo\/image\/"},"sameAs":["https:\/\/www.facebook.com\/sanmorrisbags","https:\/\/x.com\/sanmorrisbag","https:\/\/www.instagram.com\/sanmorrisbag\/"]}]},"og_availability":"instock","product_availability":"instock","product_condition":"new"},"_links":{"self":[{"href":"https:\/\/sanmorrisbags.com\/tr\/wp-json\/wp\/v2\/product\/21163","targetHints":{"allow":["GET"]}}],"collection":[{"href":"https:\/\/sanmorrisbags.com\/tr\/wp-json\/wp\/v2\/product"}],"about":[{"href":"https:\/\/sanmorrisbags.com\/tr\/wp-json\/wp\/v2\/types\/product"}],"replies":[{"embeddable":true,"href":"https:\/\/sanmorrisbags.com\/tr\/wp-json\/wp\/v2\/comments?post=21163"}],"wp:featuredmedia":[{"embeddable":true,"href":"https:\/\/sanmorrisbags.com\/tr\/wp-json\/wp\/v2\/media\/19628"}],"wp:attachment":[{"href":"https:\/\/sanmorrisbags.com\/tr\/wp-json\/wp\/v2\/media?parent=21163"}],"wp:term":[{"taxonomy":"product_brand","embeddable":true,"href":"https:\/\/sanmorrisbags.com\/tr\/wp-json\/wp\/v2\/product_brand?post=21163"},{"taxonomy":"product_cat","embeddable":true,"href":"https:\/\/sanmorrisbags.com\/tr\/wp-json\/wp\/v2\/product_cat?post=21163"},{"taxonomy":"product_tag","embeddable":true,"href":"https:\/\/sanmorrisbags.com\/tr\/wp-json\/wp\/v2\/product_tag?post=21163"}],"curies":[{"name":"wp","href":"https:\/\/api.w.org\/{rel}","templated":true}]}}