{"id":21180,"date":"2024-10-06T22:43:28","date_gmt":"2024-10-06T22:43:28","guid":{"rendered":"https:\/\/sanmorrisbags.com\/product\/kod-3006\/"},"modified":"2024-10-06T22:43:28","modified_gmt":"2024-10-06T22:43:28","slug":"kod-3006","status":"publish","type":"product","link":"https:\/\/sanmorrisbags.com\/tr\/product\/kod-3006\/","title":{"rendered":"Kod: 3006"},"content":{"rendered":"<p><span style=\"font-weight: 400;\">Sanmorris G\u00fcnl\u00fck Kullan\u0131m \u00c7apraz \u00c7anta &#8211; Pratik ve \u015e\u0131k<\/span><\/p>\n<p><span style=\"font-weight: 400;\">G\u00fcnl\u00fck hayat\u0131n\u0131z\u0131 kolayla\u015ft\u0131rmak i\u00e7in tasarlanan Sanmorris \u00e7apraz \u00e7antay\u0131 tan\u0131t\u0131yoruz!<\/span><\/p>\n<p><span style=\"font-weight: 400;\">Boyutlar: <\/span><\/p>\n<p><span style=\"font-weight: 400;\">&#8211; Geni\u015flik: 28 cm<\/span><\/p>\n<p><span style=\"font-weight: 400;\">&#8211; Y\u00fckseklik: 21 cm<\/span><\/p>\n<p><span style=\"font-weight: 400;\">Sa\u011f ve sol iki ek termoslukveya suluk b\u00f6lmesi mevcuttur .<\/span><\/p>\n<p><span style=\"font-weight: 400;\">Dayan\u0131kl\u0131 astarl\u0131 y\u00fcksek kaliteli kuma\u015ftan \u00fcretilen bu model, ekstra g\u00fc\u00e7 ve konfor i\u00e7in kal\u0131n bir \u00e7apraz ask\u0131 i\u00e7erir. \u00c7anta, ekstra g\u00f6steri\u015f i\u00e7in y\u00fcksek kaliteli metal bir fermuar ve uyumlu renkte \u00e7\u0131kar\u0131labilir bir aksesuar i\u00e7erir. <\/span><\/p>\n<p><span style=\"font-weight: 400;\">Kolay bak\u0131m i\u00e7in nemli bir bezle silmeniz yeterlidir.<\/span><\/p>\n","protected":false},"excerpt":{"rendered":"<p>Sanmorris G\u00fcnl\u00fck Kullan\u0131m \u00c7apraz \u00c7anta &#8211; Pratik ve \u015e\u0131k G\u00fcnl\u00fck hayat\u0131n\u0131z\u0131 kolayla\u015ft\u0131rmak i\u00e7in tasarlanan Sanmorris \u00e7apraz \u00e7antay\u0131 tan\u0131t\u0131yoruz! Boyutlar: &#8211; Geni\u015flik: 28 cm &#8211; Y\u00fckseklik: 21 cm Sa\u011f ve sol iki ek termoslukveya suluk b\u00f6lmesi mevcuttur . Dayan\u0131kl\u0131 astarl\u0131 y\u00fcksek kaliteli kuma\u015ftan \u00fcretilen bu model, ekstra g\u00fc\u00e7 ve konfor i\u00e7in kal\u0131n bir \u00e7apraz ask\u0131 i\u00e7erir. [&hellip;]<\/p>\n","protected":false},"featured_media":19552,"comment_status":"closed","ping_status":"closed","template":"","meta":[],"product_brand":[],"product_cat":[63],"product_tag":[],"class_list":{"0":"post-21180","1":"product","2":"type-product","3":"status-publish","4":"has-post-thumbnail","6":"product_cat-capraz-canta","7":"pa_color-acik-gri","8":"pa_color-fusya","9":"pa_color-haki","10":"pa_color-kirmizi","11":"pa_color-lacivert","12":"pa_color-mavi","13":"pa_color-pembe","14":"pa_color-siyah","16":"first","17":"instock","18":"shipping-taxable","19":"purchasable","20":"product-type-variable","21":"wvs-archive-product-wrapper"},"yoast_head":"<!-- This site is optimized with the Yoast SEO Premium plugin v25.4 (Yoast SEO v27.6) - https:\/\/yoast.com\/product\/yoast-seo-premium-wordpress\/ -->\n<title>Sanmorris g\u00fcnl\u00fck kullan\u0131m \u00e7apraz ask\u0131l\u0131 \u00e7anta Kod: 3006 - Sanmorris Bags<\/title>\n<meta name=\"description\" content=\"Sanmorris g\u00fcnl\u00fck kullan\u0131m \u00e7apraz ask\u0131l\u0131 \u00e7anta\" \/>\n<meta name=\"robots\" content=\"index, follow, max-snippet:-1, max-image-preview:large, max-video-preview:-1\" \/>\n<link rel=\"canonical\" href=\"https:\/\/sanmorrisbags.com\/tr\/product\/kod-3006\/\" \/>\n<meta property=\"og:locale\" content=\"tr_TR\" \/>\n<meta property=\"og:type\" content=\"article\" \/>\n<meta property=\"og:title\" content=\"Kod: 3006\" \/>\n<meta property=\"og:description\" content=\"Sanmorris g\u00fcnl\u00fck kullan\u0131m \u00e7apraz ask\u0131l\u0131 \u00e7anta\" \/>\n<meta property=\"og:url\" content=\"https:\/\/sanmorrisbags.com\/tr\/product\/kod-3006\/\" \/>\n<meta property=\"og:site_name\" content=\"Sanmorris Bags\" \/>\n<meta property=\"article:publisher\" content=\"https:\/\/www.facebook.com\/sanmorrisbags\" \/>\n<meta property=\"og:image\" content=\"https:\/\/sanmorrisbags.com\/wp-content\/uploads\/2024\/10\/86-1-1.jpg\" \/>\n\t<meta property=\"og:image:width\" content=\"1200\" \/>\n\t<meta property=\"og:image:height\" content=\"1800\" \/>\n\t<meta property=\"og:image:type\" content=\"image\/jpeg\" \/>\n<meta name=\"twitter:card\" content=\"summary_large_image\" \/>\n<meta name=\"twitter:site\" content=\"@sanmorrisbag\" \/>\n<meta name=\"twitter:label1\" content=\"Durumu\" \/>\n\t<meta name=\"twitter:data1\" content=\"Stokta var\" \/>\n<script type=\"application\/ld+json\" class=\"yoast-schema-graph\">{\"@context\":\"https:\\\/\\\/schema.org\",\"@graph\":[{\"@type\":\"WebPage\",\"@id\":\"https:\\\/\\\/sanmorrisbags.com\\\/tr\\\/product\\\/kod-3006\\\/\",\"url\":\"https:\\\/\\\/sanmorrisbags.com\\\/tr\\\/product\\\/kod-3006\\\/\",\"name\":\"Sanmorris g\u00fcnl\u00fck kullan\u0131m \u00e7apraz ask\u0131l\u0131 \u00e7anta Kod: 3006 - Sanmorris Bags\",\"isPartOf\":{\"@id\":\"https:\\\/\\\/sanmorrisbags.com\\\/tr\\\/#website\"},\"primaryImageOfPage\":{\"@id\":\"https:\\\/\\\/sanmorrisbags.com\\\/tr\\\/product\\\/kod-3006\\\/#primaryimage\"},\"image\":{\"@id\":\"https:\\\/\\\/sanmorrisbags.com\\\/tr\\\/product\\\/kod-3006\\\/#primaryimage\"},\"thumbnailUrl\":\"https:\\\/\\\/sanmorrisbags.com\\\/wp-content\\\/uploads\\\/2024\\\/10\\\/86-1-1.jpg\",\"datePublished\":\"2024-10-06T22:43:28+00:00\",\"description\":\"Sanmorris g\u00fcnl\u00fck kullan\u0131m \u00e7apraz ask\u0131l\u0131 \u00e7anta\",\"breadcrumb\":{\"@id\":\"https:\\\/\\\/sanmorrisbags.com\\\/tr\\\/product\\\/kod-3006\\\/#breadcrumb\"},\"inLanguage\":\"tr\",\"potentialAction\":[{\"@type\":\"ReadAction\",\"target\":[\"https:\\\/\\\/sanmorrisbags.com\\\/tr\\\/product\\\/kod-3006\\\/\"]}]},{\"@type\":\"ImageObject\",\"inLanguage\":\"tr\",\"@id\":\"https:\\\/\\\/sanmorrisbags.com\\\/tr\\\/product\\\/kod-3006\\\/#primaryimage\",\"url\":\"https:\\\/\\\/sanmorrisbags.com\\\/wp-content\\\/uploads\\\/2024\\\/10\\\/86-1-1.jpg\",\"contentUrl\":\"https:\\\/\\\/sanmorrisbags.com\\\/wp-content\\\/uploads\\\/2024\\\/10\\\/86-1-1.jpg\",\"width\":1200,\"height\":1800,\"caption\":\"Sanmorris crossbody bag in stylish design\"},{\"@type\":\"BreadcrumbList\",\"@id\":\"https:\\\/\\\/sanmorrisbags.com\\\/tr\\\/product\\\/kod-3006\\\/#breadcrumb\",\"itemListElement\":[{\"@type\":\"ListItem\",\"position\":1,\"name\":\"Home\",\"item\":\"https:\\\/\\\/sanmorrisbags.com\\\/tr\\\/home\\\/\"},{\"@type\":\"ListItem\",\"position\":2,\"name\":\"Shop\",\"item\":\"https:\\\/\\\/sanmorrisbags.com\\\/shop\\\/\"},{\"@type\":\"ListItem\",\"position\":3,\"name\":\"Kod: 3006\"}]},{\"@type\":\"WebSite\",\"@id\":\"https:\\\/\\\/sanmorrisbags.com\\\/tr\\\/#website\",\"url\":\"https:\\\/\\\/sanmorrisbags.com\\\/tr\\\/\",\"name\":\"Sanmorris Bags\",\"description\":\"\",\"publisher\":{\"@id\":\"https:\\\/\\\/sanmorrisbags.com\\\/tr\\\/#organization\"},\"potentialAction\":[{\"@type\":\"SearchAction\",\"target\":{\"@type\":\"EntryPoint\",\"urlTemplate\":\"https:\\\/\\\/sanmorrisbags.com\\\/tr\\\/?s={search_term_string}\"},\"query-input\":{\"@type\":\"PropertyValueSpecification\",\"valueRequired\":true,\"valueName\":\"search_term_string\"}}],\"inLanguage\":\"tr\"},{\"@type\":\"Organization\",\"@id\":\"https:\\\/\\\/sanmorrisbags.com\\\/tr\\\/#organization\",\"name\":\"Sanmorris Bags\",\"url\":\"https:\\\/\\\/sanmorrisbags.com\\\/tr\\\/\",\"logo\":{\"@type\":\"ImageObject\",\"inLanguage\":\"tr\",\"@id\":\"https:\\\/\\\/sanmorrisbags.com\\\/tr\\\/#\\\/schema\\\/logo\\\/image\\\/\",\"url\":\"https:\\\/\\\/sanmorrisbags.com\\\/wp-content\\\/uploads\\\/2023\\\/02\\\/Logo-new.png\",\"contentUrl\":\"https:\\\/\\\/sanmorrisbags.com\\\/wp-content\\\/uploads\\\/2023\\\/02\\\/Logo-new.png\",\"width\":1000,\"height\":1000,\"caption\":\"Sanmorris Bags\"},\"image\":{\"@id\":\"https:\\\/\\\/sanmorrisbags.com\\\/tr\\\/#\\\/schema\\\/logo\\\/image\\\/\"},\"sameAs\":[\"https:\\\/\\\/www.facebook.com\\\/sanmorrisbags\",\"https:\\\/\\\/x.com\\\/sanmorrisbag\",\"https:\\\/\\\/www.instagram.com\\\/sanmorrisbag\\\/\"]}]}<\/script>\n<meta property=\"og:availability\" content=\"instock\" \/>\n<meta property=\"product:availability\" content=\"instock\" \/>\n<meta property=\"product:condition\" content=\"new\" \/>\n<!-- \/ Yoast SEO Premium plugin. -->","yoast_head_json":{"title":"Sanmorris g\u00fcnl\u00fck kullan\u0131m \u00e7apraz ask\u0131l\u0131 \u00e7anta Kod: 3006 - Sanmorris Bags","description":"Sanmorris g\u00fcnl\u00fck kullan\u0131m \u00e7apraz ask\u0131l\u0131 \u00e7anta","robots":{"index":"index","follow":"follow","max-snippet":"max-snippet:-1","max-image-preview":"max-image-preview:large","max-video-preview":"max-video-preview:-1"},"canonical":"https:\/\/sanmorrisbags.com\/tr\/product\/kod-3006\/","og_locale":"tr_TR","og_type":"article","og_title":"Kod: 3006","og_description":"Sanmorris g\u00fcnl\u00fck kullan\u0131m \u00e7apraz ask\u0131l\u0131 \u00e7anta","og_url":"https:\/\/sanmorrisbags.com\/tr\/product\/kod-3006\/","og_site_name":"Sanmorris Bags","article_publisher":"https:\/\/www.facebook.com\/sanmorrisbags","og_image":[{"width":1200,"height":1800,"url":"https:\/\/sanmorrisbags.com\/wp-content\/uploads\/2024\/10\/86-1-1.jpg","type":"image\/jpeg"}],"twitter_card":"summary_large_image","twitter_site":"@sanmorrisbag","twitter_misc":{"Durumu":"Stokta var"},"schema":{"@context":"https:\/\/schema.org","@graph":[{"@type":"WebPage","@id":"https:\/\/sanmorrisbags.com\/tr\/product\/kod-3006\/","url":"https:\/\/sanmorrisbags.com\/tr\/product\/kod-3006\/","name":"Sanmorris g\u00fcnl\u00fck kullan\u0131m \u00e7apraz ask\u0131l\u0131 \u00e7anta Kod: 3006 - Sanmorris Bags","isPartOf":{"@id":"https:\/\/sanmorrisbags.com\/tr\/#website"},"primaryImageOfPage":{"@id":"https:\/\/sanmorrisbags.com\/tr\/product\/kod-3006\/#primaryimage"},"image":{"@id":"https:\/\/sanmorrisbags.com\/tr\/product\/kod-3006\/#primaryimage"},"thumbnailUrl":"https:\/\/sanmorrisbags.com\/wp-content\/uploads\/2024\/10\/86-1-1.jpg","datePublished":"2024-10-06T22:43:28+00:00","description":"Sanmorris g\u00fcnl\u00fck kullan\u0131m \u00e7apraz ask\u0131l\u0131 \u00e7anta","breadcrumb":{"@id":"https:\/\/sanmorrisbags.com\/tr\/product\/kod-3006\/#breadcrumb"},"inLanguage":"tr","potentialAction":[{"@type":"ReadAction","target":["https:\/\/sanmorrisbags.com\/tr\/product\/kod-3006\/"]}]},{"@type":"ImageObject","inLanguage":"tr","@id":"https:\/\/sanmorrisbags.com\/tr\/product\/kod-3006\/#primaryimage","url":"https:\/\/sanmorrisbags.com\/wp-content\/uploads\/2024\/10\/86-1-1.jpg","contentUrl":"https:\/\/sanmorrisbags.com\/wp-content\/uploads\/2024\/10\/86-1-1.jpg","width":1200,"height":1800,"caption":"Sanmorris crossbody bag in stylish design"},{"@type":"BreadcrumbList","@id":"https:\/\/sanmorrisbags.com\/tr\/product\/kod-3006\/#breadcrumb","itemListElement":[{"@type":"ListItem","position":1,"name":"Home","item":"https:\/\/sanmorrisbags.com\/tr\/home\/"},{"@type":"ListItem","position":2,"name":"Shop","item":"https:\/\/sanmorrisbags.com\/shop\/"},{"@type":"ListItem","position":3,"name":"Kod: 3006"}]},{"@type":"WebSite","@id":"https:\/\/sanmorrisbags.com\/tr\/#website","url":"https:\/\/sanmorrisbags.com\/tr\/","name":"Sanmorris Bags","description":"","publisher":{"@id":"https:\/\/sanmorrisbags.com\/tr\/#organization"},"potentialAction":[{"@type":"SearchAction","target":{"@type":"EntryPoint","urlTemplate":"https:\/\/sanmorrisbags.com\/tr\/?s={search_term_string}"},"query-input":{"@type":"PropertyValueSpecification","valueRequired":true,"valueName":"search_term_string"}}],"inLanguage":"tr"},{"@type":"Organization","@id":"https:\/\/sanmorrisbags.com\/tr\/#organization","name":"Sanmorris Bags","url":"https:\/\/sanmorrisbags.com\/tr\/","logo":{"@type":"ImageObject","inLanguage":"tr","@id":"https:\/\/sanmorrisbags.com\/tr\/#\/schema\/logo\/image\/","url":"https:\/\/sanmorrisbags.com\/wp-content\/uploads\/2023\/02\/Logo-new.png","contentUrl":"https:\/\/sanmorrisbags.com\/wp-content\/uploads\/2023\/02\/Logo-new.png","width":1000,"height":1000,"caption":"Sanmorris Bags"},"image":{"@id":"https:\/\/sanmorrisbags.com\/tr\/#\/schema\/logo\/image\/"},"sameAs":["https:\/\/www.facebook.com\/sanmorrisbags","https:\/\/x.com\/sanmorrisbag","https:\/\/www.instagram.com\/sanmorrisbag\/"]}]},"og_availability":"instock","product_availability":"instock","product_condition":"new"},"_links":{"self":[{"href":"https:\/\/sanmorrisbags.com\/tr\/wp-json\/wp\/v2\/product\/21180","targetHints":{"allow":["GET"]}}],"collection":[{"href":"https:\/\/sanmorrisbags.com\/tr\/wp-json\/wp\/v2\/product"}],"about":[{"href":"https:\/\/sanmorrisbags.com\/tr\/wp-json\/wp\/v2\/types\/product"}],"replies":[{"embeddable":true,"href":"https:\/\/sanmorrisbags.com\/tr\/wp-json\/wp\/v2\/comments?post=21180"}],"wp:featuredmedia":[{"embeddable":true,"href":"https:\/\/sanmorrisbags.com\/tr\/wp-json\/wp\/v2\/media\/19552"}],"wp:attachment":[{"href":"https:\/\/sanmorrisbags.com\/tr\/wp-json\/wp\/v2\/media?parent=21180"}],"wp:term":[{"taxonomy":"product_brand","embeddable":true,"href":"https:\/\/sanmorrisbags.com\/tr\/wp-json\/wp\/v2\/product_brand?post=21180"},{"taxonomy":"product_cat","embeddable":true,"href":"https:\/\/sanmorrisbags.com\/tr\/wp-json\/wp\/v2\/product_cat?post=21180"},{"taxonomy":"product_tag","embeddable":true,"href":"https:\/\/sanmorrisbags.com\/tr\/wp-json\/wp\/v2\/product_tag?post=21180"}],"curies":[{"name":"wp","href":"https:\/\/api.w.org\/{rel}","templated":true}]}}