{"id":21199,"date":"2024-10-06T22:33:22","date_gmt":"2024-10-06T22:33:22","guid":{"rendered":"https:\/\/sanmorrisbags.com\/product\/kod-1401\/"},"modified":"2024-10-06T22:33:22","modified_gmt":"2024-10-06T22:33:22","slug":"kod-1401","status":"publish","type":"product","link":"https:\/\/sanmorrisbags.com\/tr\/product\/kod-1401\/","title":{"rendered":"Kod: 1401"},"content":{"rendered":"<p><span style=\"font-weight: 400;\">Sanmorris Suni Deri 4 B\u00f6lmeli Omuz \u00c7antas\u0131 &#8211; \u015e\u0131k ve \u0130\u015flevsel<\/span><\/p>\n<p><span style=\"font-weight: 400;\">Sanmorris sentetik deri 4 b\u00f6lmeli omuz \u00e7antas\u0131n\u0131 tan\u0131t\u0131yoruz, art\u0131k stoklar\u0131m\u0131zda!<\/span><\/p>\n<p><span style=\"font-weight: 400;\">Boyutlar:<\/span><\/p>\n<p><span style=\"font-weight: 400;\">&#8211; Y\u00fckseklik: 17 cm<\/span><\/p>\n<p><span style=\"font-weight: 400;\">&#8211; Geni\u015flik: 25 cm<\/span><\/p>\n<p><span style=\"font-weight: 400;\">&#8211; Taban Geni\u015fli\u011fi: 10 cm<\/span><\/p>\n<p><span style=\"font-weight: 400;\">&#8211; El Kay\u0131\u015f\u0131 Uzunlu\u011fu: 45 cm<\/span><\/p>\n<p><span style=\"font-weight: 400;\">&#8211; Omuz Ask\u0131s\u0131: 142 cm<\/span><\/p>\n<p><span style=\"font-weight: 400;\">Bu y\u00fcksek kaliteli \u00e7anta, birinci s\u0131n\u0131f sentetik deri, astar ve aksesuarlar kullan\u0131larak T\u00fcrkiye&#8217;de \u00fcretilmi\u015ftir. Baz\u0131 renklerde saten veya suya dayan\u0131kl\u0131 malzeme ve mat yumu\u015fak dokunu\u015flu sentetik deri olmak \u00fczere iki kuma\u015f se\u00e7ene\u011fi bulunur. D\u00f6rt ayr\u0131 ve tamamen astarl\u0131 b\u00f6lmesiyle g\u00fcnl\u00fck kullan\u0131labilirli\u011fi en \u00fcst d\u00fczeye \u00e7\u0131kar\u0131r. Daha fazla rahatl\u0131k i\u00e7in omuz ask\u0131s\u0131n\u0131, el ask\u0131s\u0131n\u0131 veya her ikisini birlikte kullanabilirsiniz.    <\/span><\/p>\n<p><span style=\"font-weight: 400;\">Zarif alt\u0131n aksesuarlar ve fermuarlar her k\u0131yafeti tamamlar ve gard\u0131robunuz i\u00e7in \u00e7ok y\u00f6nl\u00fc bir ek haline getirir. Yumu\u015fak dokusunu ve \u015f\u0131k tasar\u0131m\u0131n\u0131 seveceksiniz!  Bak\u0131m\u0131n\u0131 nemli bir bezle silerek yapabilirsiniz.<\/span><\/p>\n","protected":false},"excerpt":{"rendered":"<p>Sanmorris Suni Deri 4 B\u00f6lmeli Omuz \u00c7antas\u0131 &#8211; \u015e\u0131k ve \u0130\u015flevsel Sanmorris sentetik deri 4 b\u00f6lmeli omuz \u00e7antas\u0131n\u0131 tan\u0131t\u0131yoruz, art\u0131k stoklar\u0131m\u0131zda! Boyutlar: &#8211; Y\u00fckseklik: 17 cm &#8211; Geni\u015flik: 25 cm &#8211; Taban Geni\u015fli\u011fi: 10 cm &#8211; El Kay\u0131\u015f\u0131 Uzunlu\u011fu: 45 cm &#8211; Omuz Ask\u0131s\u0131: 142 cm Bu y\u00fcksek kaliteli \u00e7anta, birinci s\u0131n\u0131f sentetik deri, astar [&hellip;]<\/p>\n","protected":false},"featured_media":19655,"comment_status":"closed","ping_status":"closed","template":"","meta":[],"product_brand":[],"product_cat":[63],"product_tag":[],"class_list":{"0":"post-21199","1":"product","2":"type-product","3":"status-publish","4":"has-post-thumbnail","6":"product_cat-capraz-canta","7":"pa_color-beyaz","8":"pa_color-krem","9":"pa_color-kum","10":"pa_color-kum-saten","11":"pa_color-siyah-mat","12":"pa_color-siyah-mozaik","13":"pa_color-siyah-saten","14":"pa_color-taba","15":"pa_color-vizon","17":"first","18":"instock","19":"shipping-taxable","20":"purchasable","21":"product-type-variable","22":"wvs-archive-product-wrapper"},"yoast_head":"<!-- This site is optimized with the Yoast SEO Premium plugin v25.4 (Yoast SEO v27.4) - https:\/\/yoast.com\/product\/yoast-seo-premium-wordpress\/ -->\n<title>deri 4 b\u00f6lmeli omuz \u00e7antas\u0131 - Sanmorris Bags<\/title>\n<meta name=\"description\" content=\"deri 4 b\u00f6lmeli omuz \u00e7antas\u0131. Bu y\u00fcksek kaliteli \u00e7anta, birinci s\u0131n\u0131f sentetik deri ve astar kullan\u0131larak T\u00fcrkiye&#039;de \u00fcretilmi\u015ftir. toptan sat\u0131\u015f ma\u011fazas\u0131 mevcuttur\" \/>\n<meta name=\"robots\" content=\"index, follow, max-snippet:-1, max-image-preview:large, max-video-preview:-1\" \/>\n<link rel=\"canonical\" href=\"https:\/\/sanmorrisbags.com\/tr\/product\/kod-1401\/\" \/>\n<meta property=\"og:locale\" content=\"tr_TR\" \/>\n<meta property=\"og:type\" content=\"article\" \/>\n<meta property=\"og:title\" content=\"Kod: 1401\" \/>\n<meta property=\"og:description\" content=\"deri 4 b\u00f6lmeli omuz \u00e7antas\u0131. Bu y\u00fcksek kaliteli \u00e7anta, birinci s\u0131n\u0131f sentetik deri ve astar kullan\u0131larak T\u00fcrkiye&#039;de \u00fcretilmi\u015ftir. toptan sat\u0131\u015f ma\u011fazas\u0131 mevcuttur\" \/>\n<meta property=\"og:url\" content=\"https:\/\/sanmorrisbags.com\/tr\/product\/kod-1401\/\" \/>\n<meta property=\"og:site_name\" content=\"Sanmorris Bags\" \/>\n<meta property=\"article:publisher\" content=\"https:\/\/www.facebook.com\/sanmorrisbags\" \/>\n<meta property=\"og:image\" content=\"https:\/\/sanmorrisbags.com\/wp-content\/uploads\/2024\/10\/73-1.jpg\" \/>\n\t<meta property=\"og:image:width\" content=\"1200\" \/>\n\t<meta property=\"og:image:height\" content=\"1800\" \/>\n\t<meta property=\"og:image:type\" content=\"image\/jpeg\" \/>\n<meta name=\"twitter:card\" content=\"summary_large_image\" \/>\n<meta name=\"twitter:site\" content=\"@sanmorrisbag\" \/>\n<meta name=\"twitter:label1\" content=\"Durumu\" \/>\n\t<meta name=\"twitter:data1\" content=\"Stokta var\" \/>\n<script type=\"application\/ld+json\" class=\"yoast-schema-graph\">{\"@context\":\"https:\\\/\\\/schema.org\",\"@graph\":[{\"@type\":\"WebPage\",\"@id\":\"https:\\\/\\\/sanmorrisbags.com\\\/tr\\\/product\\\/kod-1401\\\/\",\"url\":\"https:\\\/\\\/sanmorrisbags.com\\\/tr\\\/product\\\/kod-1401\\\/\",\"name\":\"deri 4 b\u00f6lmeli omuz \u00e7antas\u0131 - Sanmorris Bags\",\"isPartOf\":{\"@id\":\"https:\\\/\\\/sanmorrisbags.com\\\/tr\\\/#website\"},\"primaryImageOfPage\":{\"@id\":\"https:\\\/\\\/sanmorrisbags.com\\\/tr\\\/product\\\/kod-1401\\\/#primaryimage\"},\"image\":{\"@id\":\"https:\\\/\\\/sanmorrisbags.com\\\/tr\\\/product\\\/kod-1401\\\/#primaryimage\"},\"thumbnailUrl\":\"https:\\\/\\\/sanmorrisbags.com\\\/wp-content\\\/uploads\\\/2024\\\/10\\\/73-1.jpg\",\"datePublished\":\"2024-10-06T22:33:22+00:00\",\"description\":\"deri 4 b\u00f6lmeli omuz \u00e7antas\u0131. Bu y\u00fcksek kaliteli \u00e7anta, birinci s\u0131n\u0131f sentetik deri ve astar kullan\u0131larak T\u00fcrkiye'de \u00fcretilmi\u015ftir. toptan sat\u0131\u015f ma\u011fazas\u0131 mevcuttur\",\"breadcrumb\":{\"@id\":\"https:\\\/\\\/sanmorrisbags.com\\\/tr\\\/product\\\/kod-1401\\\/#breadcrumb\"},\"inLanguage\":\"tr\",\"potentialAction\":[{\"@type\":\"ReadAction\",\"target\":[\"https:\\\/\\\/sanmorrisbags.com\\\/tr\\\/product\\\/kod-1401\\\/\"]}]},{\"@type\":\"ImageObject\",\"inLanguage\":\"tr\",\"@id\":\"https:\\\/\\\/sanmorrisbags.com\\\/tr\\\/product\\\/kod-1401\\\/#primaryimage\",\"url\":\"https:\\\/\\\/sanmorrisbags.com\\\/wp-content\\\/uploads\\\/2024\\\/10\\\/73-1.jpg\",\"contentUrl\":\"https:\\\/\\\/sanmorrisbags.com\\\/wp-content\\\/uploads\\\/2024\\\/10\\\/73-1.jpg\",\"width\":1200,\"height\":1800,\"caption\":\"Adjustable shoulder and hand straps on Sanmorris bag\"},{\"@type\":\"BreadcrumbList\",\"@id\":\"https:\\\/\\\/sanmorrisbags.com\\\/tr\\\/product\\\/kod-1401\\\/#breadcrumb\",\"itemListElement\":[{\"@type\":\"ListItem\",\"position\":1,\"name\":\"Home\",\"item\":\"https:\\\/\\\/sanmorrisbags.com\\\/tr\\\/home\\\/\"},{\"@type\":\"ListItem\",\"position\":2,\"name\":\"Shop\",\"item\":\"https:\\\/\\\/sanmorrisbags.com\\\/shop\\\/\"},{\"@type\":\"ListItem\",\"position\":3,\"name\":\"Kod: 1401\"}]},{\"@type\":\"WebSite\",\"@id\":\"https:\\\/\\\/sanmorrisbags.com\\\/tr\\\/#website\",\"url\":\"https:\\\/\\\/sanmorrisbags.com\\\/tr\\\/\",\"name\":\"Sanmorris Bags\",\"description\":\"\",\"publisher\":{\"@id\":\"https:\\\/\\\/sanmorrisbags.com\\\/tr\\\/#organization\"},\"potentialAction\":[{\"@type\":\"SearchAction\",\"target\":{\"@type\":\"EntryPoint\",\"urlTemplate\":\"https:\\\/\\\/sanmorrisbags.com\\\/tr\\\/?s={search_term_string}\"},\"query-input\":{\"@type\":\"PropertyValueSpecification\",\"valueRequired\":true,\"valueName\":\"search_term_string\"}}],\"inLanguage\":\"tr\"},{\"@type\":\"Organization\",\"@id\":\"https:\\\/\\\/sanmorrisbags.com\\\/tr\\\/#organization\",\"name\":\"Sanmorris Bags\",\"url\":\"https:\\\/\\\/sanmorrisbags.com\\\/tr\\\/\",\"logo\":{\"@type\":\"ImageObject\",\"inLanguage\":\"tr\",\"@id\":\"https:\\\/\\\/sanmorrisbags.com\\\/tr\\\/#\\\/schema\\\/logo\\\/image\\\/\",\"url\":\"https:\\\/\\\/sanmorrisbags.com\\\/wp-content\\\/uploads\\\/2023\\\/02\\\/Logo-new.png\",\"contentUrl\":\"https:\\\/\\\/sanmorrisbags.com\\\/wp-content\\\/uploads\\\/2023\\\/02\\\/Logo-new.png\",\"width\":1000,\"height\":1000,\"caption\":\"Sanmorris Bags\"},\"image\":{\"@id\":\"https:\\\/\\\/sanmorrisbags.com\\\/tr\\\/#\\\/schema\\\/logo\\\/image\\\/\"},\"sameAs\":[\"https:\\\/\\\/www.facebook.com\\\/sanmorrisbags\",\"https:\\\/\\\/x.com\\\/sanmorrisbag\",\"https:\\\/\\\/www.instagram.com\\\/sanmorrisbag\\\/\"]}]}<\/script>\n<meta property=\"og:availability\" content=\"instock\" \/>\n<meta property=\"product:availability\" content=\"instock\" \/>\n<meta property=\"product:condition\" content=\"new\" \/>\n<!-- \/ Yoast SEO Premium plugin. -->","yoast_head_json":{"title":"deri 4 b\u00f6lmeli omuz \u00e7antas\u0131 - Sanmorris Bags","description":"deri 4 b\u00f6lmeli omuz \u00e7antas\u0131. Bu y\u00fcksek kaliteli \u00e7anta, birinci s\u0131n\u0131f sentetik deri ve astar kullan\u0131larak T\u00fcrkiye'de \u00fcretilmi\u015ftir. toptan sat\u0131\u015f ma\u011fazas\u0131 mevcuttur","robots":{"index":"index","follow":"follow","max-snippet":"max-snippet:-1","max-image-preview":"max-image-preview:large","max-video-preview":"max-video-preview:-1"},"canonical":"https:\/\/sanmorrisbags.com\/tr\/product\/kod-1401\/","og_locale":"tr_TR","og_type":"article","og_title":"Kod: 1401","og_description":"deri 4 b\u00f6lmeli omuz \u00e7antas\u0131. Bu y\u00fcksek kaliteli \u00e7anta, birinci s\u0131n\u0131f sentetik deri ve astar kullan\u0131larak T\u00fcrkiye'de \u00fcretilmi\u015ftir. toptan sat\u0131\u015f ma\u011fazas\u0131 mevcuttur","og_url":"https:\/\/sanmorrisbags.com\/tr\/product\/kod-1401\/","og_site_name":"Sanmorris Bags","article_publisher":"https:\/\/www.facebook.com\/sanmorrisbags","og_image":[{"width":1200,"height":1800,"url":"https:\/\/sanmorrisbags.com\/wp-content\/uploads\/2024\/10\/73-1.jpg","type":"image\/jpeg"}],"twitter_card":"summary_large_image","twitter_site":"@sanmorrisbag","twitter_misc":{"Durumu":"Stokta var"},"schema":{"@context":"https:\/\/schema.org","@graph":[{"@type":"WebPage","@id":"https:\/\/sanmorrisbags.com\/tr\/product\/kod-1401\/","url":"https:\/\/sanmorrisbags.com\/tr\/product\/kod-1401\/","name":"deri 4 b\u00f6lmeli omuz \u00e7antas\u0131 - Sanmorris Bags","isPartOf":{"@id":"https:\/\/sanmorrisbags.com\/tr\/#website"},"primaryImageOfPage":{"@id":"https:\/\/sanmorrisbags.com\/tr\/product\/kod-1401\/#primaryimage"},"image":{"@id":"https:\/\/sanmorrisbags.com\/tr\/product\/kod-1401\/#primaryimage"},"thumbnailUrl":"https:\/\/sanmorrisbags.com\/wp-content\/uploads\/2024\/10\/73-1.jpg","datePublished":"2024-10-06T22:33:22+00:00","description":"deri 4 b\u00f6lmeli omuz \u00e7antas\u0131. Bu y\u00fcksek kaliteli \u00e7anta, birinci s\u0131n\u0131f sentetik deri ve astar kullan\u0131larak T\u00fcrkiye'de \u00fcretilmi\u015ftir. toptan sat\u0131\u015f ma\u011fazas\u0131 mevcuttur","breadcrumb":{"@id":"https:\/\/sanmorrisbags.com\/tr\/product\/kod-1401\/#breadcrumb"},"inLanguage":"tr","potentialAction":[{"@type":"ReadAction","target":["https:\/\/sanmorrisbags.com\/tr\/product\/kod-1401\/"]}]},{"@type":"ImageObject","inLanguage":"tr","@id":"https:\/\/sanmorrisbags.com\/tr\/product\/kod-1401\/#primaryimage","url":"https:\/\/sanmorrisbags.com\/wp-content\/uploads\/2024\/10\/73-1.jpg","contentUrl":"https:\/\/sanmorrisbags.com\/wp-content\/uploads\/2024\/10\/73-1.jpg","width":1200,"height":1800,"caption":"Adjustable shoulder and hand straps on Sanmorris bag"},{"@type":"BreadcrumbList","@id":"https:\/\/sanmorrisbags.com\/tr\/product\/kod-1401\/#breadcrumb","itemListElement":[{"@type":"ListItem","position":1,"name":"Home","item":"https:\/\/sanmorrisbags.com\/tr\/home\/"},{"@type":"ListItem","position":2,"name":"Shop","item":"https:\/\/sanmorrisbags.com\/shop\/"},{"@type":"ListItem","position":3,"name":"Kod: 1401"}]},{"@type":"WebSite","@id":"https:\/\/sanmorrisbags.com\/tr\/#website","url":"https:\/\/sanmorrisbags.com\/tr\/","name":"Sanmorris Bags","description":"","publisher":{"@id":"https:\/\/sanmorrisbags.com\/tr\/#organization"},"potentialAction":[{"@type":"SearchAction","target":{"@type":"EntryPoint","urlTemplate":"https:\/\/sanmorrisbags.com\/tr\/?s={search_term_string}"},"query-input":{"@type":"PropertyValueSpecification","valueRequired":true,"valueName":"search_term_string"}}],"inLanguage":"tr"},{"@type":"Organization","@id":"https:\/\/sanmorrisbags.com\/tr\/#organization","name":"Sanmorris Bags","url":"https:\/\/sanmorrisbags.com\/tr\/","logo":{"@type":"ImageObject","inLanguage":"tr","@id":"https:\/\/sanmorrisbags.com\/tr\/#\/schema\/logo\/image\/","url":"https:\/\/sanmorrisbags.com\/wp-content\/uploads\/2023\/02\/Logo-new.png","contentUrl":"https:\/\/sanmorrisbags.com\/wp-content\/uploads\/2023\/02\/Logo-new.png","width":1000,"height":1000,"caption":"Sanmorris Bags"},"image":{"@id":"https:\/\/sanmorrisbags.com\/tr\/#\/schema\/logo\/image\/"},"sameAs":["https:\/\/www.facebook.com\/sanmorrisbags","https:\/\/x.com\/sanmorrisbag","https:\/\/www.instagram.com\/sanmorrisbag\/"]}]},"og_availability":"instock","product_availability":"instock","product_condition":"new"},"_links":{"self":[{"href":"https:\/\/sanmorrisbags.com\/tr\/wp-json\/wp\/v2\/product\/21199","targetHints":{"allow":["GET"]}}],"collection":[{"href":"https:\/\/sanmorrisbags.com\/tr\/wp-json\/wp\/v2\/product"}],"about":[{"href":"https:\/\/sanmorrisbags.com\/tr\/wp-json\/wp\/v2\/types\/product"}],"replies":[{"embeddable":true,"href":"https:\/\/sanmorrisbags.com\/tr\/wp-json\/wp\/v2\/comments?post=21199"}],"wp:featuredmedia":[{"embeddable":true,"href":"https:\/\/sanmorrisbags.com\/tr\/wp-json\/wp\/v2\/media\/19655"}],"wp:attachment":[{"href":"https:\/\/sanmorrisbags.com\/tr\/wp-json\/wp\/v2\/media?parent=21199"}],"wp:term":[{"taxonomy":"product_brand","embeddable":true,"href":"https:\/\/sanmorrisbags.com\/tr\/wp-json\/wp\/v2\/product_brand?post=21199"},{"taxonomy":"product_cat","embeddable":true,"href":"https:\/\/sanmorrisbags.com\/tr\/wp-json\/wp\/v2\/product_cat?post=21199"},{"taxonomy":"product_tag","embeddable":true,"href":"https:\/\/sanmorrisbags.com\/tr\/wp-json\/wp\/v2\/product_tag?post=21199"}],"curies":[{"name":"wp","href":"https:\/\/api.w.org\/{rel}","templated":true}]}}