{"id":21210,"date":"2024-10-06T22:32:08","date_gmt":"2024-10-06T22:32:08","guid":{"rendered":"https:\/\/sanmorrisbags.com\/product\/kod-1400\/"},"modified":"2024-10-06T22:32:08","modified_gmt":"2024-10-06T22:32:08","slug":"kod-1400","status":"publish","type":"product","link":"https:\/\/sanmorrisbags.com\/tr\/product\/kod-1400\/","title":{"rendered":"Kod: 1400"},"content":{"rendered":"<p><span style=\"font-weight: 400;\">Sanmorris Orijinal \u00c7apraz Omuz \u00c7antas\u0131 &#8211; \u015e\u0131k ve \u00c7ok Y\u00f6nl\u00fc<\/span><\/p>\n<p>&nbsp;<\/p>\n<p><span style=\"font-weight: 400;\">\u00c7e\u015fitli renk ve kuma\u015f se\u00e7enekleriyle sunulan Sanmorris orijinal \u00e7apraz omuz \u00e7antas\u0131n\u0131 ke\u015ffedin!<\/span><\/p>\n<p>&nbsp;<\/p>\n<p><span style=\"font-weight: 400;\">Boyutlar:<\/span><\/p>\n<p><span style=\"font-weight: 400;\">Kal\u0131n \u00e7apraz ask\u0131s\u0131 yeterli sa\u011flaml\u0131ktad\u0131r.<\/span><\/p>\n<p><span style=\"font-weight: 400;\">&#8211; Y\u00fckseklik: 20 cm<\/span><\/p>\n<p><span style=\"font-weight: 400;\">&#8211; Taban Geni\u015fli\u011fi: 8 cm<\/span><\/p>\n<p>&nbsp;<\/p>\n<p><span style=\"font-weight: 400;\">Y\u00fcksek kaliteli sentetik deriden ve tam Sanmorris astar\u0131ndan \u00fcretilen bu \u00e7anta T\u00fcrkiye&#8217;de \u00fcretilmi\u015ftir. Toplam d\u00f6rt adet metal fermuarl\u0131 b\u00f6lmeye sahiptir -\u00fc\u00e7 harici ve bir dahili- kolay d\u00fczenleme sa\u011flar. Ayarlanabilir \u00e7apraz ask\u0131, uyumu kendi zevkinize g\u00f6re \u00f6zelle\u015ftirmenizi sa\u011flar.   <\/span><\/p>\n<p>&nbsp;<\/p>\n<p><span style=\"font-weight: 400;\">G\u00fcnl\u00fck tasar\u0131m\u0131na ra\u011fmen alt\u0131n aksesuarlar bir zarafet dokunu\u015fu katarak hem g\u00fcndelik hem de sofistike k\u0131yafetler i\u00e7in uygun hale getirir. Mat deri, Sanmorris polo bask\u0131l\u0131 deri ve siyah \u00e7izgili saten deri se\u00e7enekleriyle sunulan bu \u00e7anta m\u00fckemmel i\u015f\u00e7ili\u011fi sergiliyor. <\/span><\/p>\n","protected":false},"excerpt":{"rendered":"<p>Sanmorris Orijinal \u00c7apraz Omuz \u00c7antas\u0131 &#8211; \u015e\u0131k ve \u00c7ok Y\u00f6nl\u00fc &nbsp; \u00c7e\u015fitli renk ve kuma\u015f se\u00e7enekleriyle sunulan Sanmorris orijinal \u00e7apraz omuz \u00e7antas\u0131n\u0131 ke\u015ffedin! &nbsp; Boyutlar: Kal\u0131n \u00e7apraz ask\u0131s\u0131 yeterli sa\u011flaml\u0131ktad\u0131r. &#8211; Y\u00fckseklik: 20 cm &#8211; Taban Geni\u015fli\u011fi: 8 cm &nbsp; Y\u00fcksek kaliteli sentetik deriden ve tam Sanmorris astar\u0131ndan \u00fcretilen bu \u00e7anta T\u00fcrkiye&#8217;de \u00fcretilmi\u015ftir. Toplam d\u00f6rt [&hellip;]<\/p>\n","protected":false},"featured_media":19672,"comment_status":"closed","ping_status":"closed","template":"","meta":[],"product_brand":[],"product_cat":[63],"product_tag":[],"class_list":{"0":"post-21210","1":"product","2":"type-product","3":"status-publish","4":"has-post-thumbnail","6":"product_cat-capraz-canta","7":"pa_color-beyaz","8":"pa_color-beyaz-yazili","9":"pa_color-kahve-yazili","10":"pa_color-krem","11":"pa_color-krem-yazili","12":"pa_color-kum","13":"pa_color-kum-yazili","14":"pa_color-siyah-desen","15":"pa_color-siyah-mat","16":"pa_color-siyah-yazili","17":"pa_color-taba","18":"pa_color-taba-yazili","20":"first","21":"instock","22":"shipping-taxable","23":"purchasable","24":"product-type-variable","25":"wvs-archive-product-wrapper"},"yoast_head":"<!-- This site is optimized with the Yoast SEO Premium plugin v25.4 (Yoast SEO v27.4) - https:\/\/yoast.com\/product\/yoast-seo-premium-wordpress\/ -->\n<title>Sanmorris orijinal \u00e7apraz omuz \u00e7antas\u0131<\/title>\n<meta name=\"description\" content=\"Sanmorris orijinal \u00e7apraz omuz \u00e7antas\u0131 Y\u00fcksek kaliteli sentetik deriden \u00fcretilmi\u015ftir ve tam bir Sanmorris astar\u0131 vard\u0131r. Sanmorris bir Toptan ma\u011fazas\u0131d\u0131r\" \/>\n<meta name=\"robots\" content=\"index, follow, max-snippet:-1, max-image-preview:large, max-video-preview:-1\" \/>\n<link rel=\"canonical\" href=\"https:\/\/sanmorrisbags.com\/tr\/product\/kod-1400\/\" \/>\n<meta property=\"og:locale\" content=\"tr_TR\" \/>\n<meta property=\"og:type\" content=\"article\" \/>\n<meta property=\"og:title\" content=\"Kod: 1400\" \/>\n<meta property=\"og:description\" content=\"Sanmorris orijinal \u00e7apraz omuz \u00e7antas\u0131 Y\u00fcksek kaliteli sentetik deriden \u00fcretilmi\u015ftir ve tam bir Sanmorris astar\u0131 vard\u0131r. Sanmorris bir Toptan ma\u011fazas\u0131d\u0131r\" \/>\n<meta property=\"og:url\" content=\"https:\/\/sanmorrisbags.com\/tr\/product\/kod-1400\/\" \/>\n<meta property=\"og:site_name\" content=\"Sanmorris Bags\" \/>\n<meta property=\"article:publisher\" content=\"https:\/\/www.facebook.com\/sanmorrisbags\" \/>\n<meta property=\"og:image\" content=\"https:\/\/sanmorrisbags.com\/wp-content\/uploads\/2024\/10\/32-1.jpg\" \/>\n\t<meta property=\"og:image:width\" content=\"1200\" \/>\n\t<meta property=\"og:image:height\" content=\"1800\" \/>\n\t<meta property=\"og:image:type\" content=\"image\/jpeg\" \/>\n<meta name=\"twitter:card\" content=\"summary_large_image\" \/>\n<meta name=\"twitter:site\" content=\"@sanmorrisbag\" \/>\n<meta name=\"twitter:label1\" content=\"Durumu\" \/>\n\t<meta name=\"twitter:data1\" content=\"Stokta var\" \/>\n<script type=\"application\/ld+json\" class=\"yoast-schema-graph\">{\"@context\":\"https:\\\/\\\/schema.org\",\"@graph\":[{\"@type\":\"WebPage\",\"@id\":\"https:\\\/\\\/sanmorrisbags.com\\\/tr\\\/product\\\/kod-1400\\\/\",\"url\":\"https:\\\/\\\/sanmorrisbags.com\\\/tr\\\/product\\\/kod-1400\\\/\",\"name\":\"Sanmorris orijinal \u00e7apraz omuz \u00e7antas\u0131\",\"isPartOf\":{\"@id\":\"https:\\\/\\\/sanmorrisbags.com\\\/tr\\\/#website\"},\"primaryImageOfPage\":{\"@id\":\"https:\\\/\\\/sanmorrisbags.com\\\/tr\\\/product\\\/kod-1400\\\/#primaryimage\"},\"image\":{\"@id\":\"https:\\\/\\\/sanmorrisbags.com\\\/tr\\\/product\\\/kod-1400\\\/#primaryimage\"},\"thumbnailUrl\":\"https:\\\/\\\/sanmorrisbags.com\\\/wp-content\\\/uploads\\\/2024\\\/10\\\/32-1.jpg\",\"datePublished\":\"2024-10-06T22:32:08+00:00\",\"description\":\"Sanmorris orijinal \u00e7apraz omuz \u00e7antas\u0131 Y\u00fcksek kaliteli sentetik deriden \u00fcretilmi\u015ftir ve tam bir Sanmorris astar\u0131 vard\u0131r. Sanmorris bir Toptan ma\u011fazas\u0131d\u0131r\",\"breadcrumb\":{\"@id\":\"https:\\\/\\\/sanmorrisbags.com\\\/tr\\\/product\\\/kod-1400\\\/#breadcrumb\"},\"inLanguage\":\"tr\",\"potentialAction\":[{\"@type\":\"ReadAction\",\"target\":[\"https:\\\/\\\/sanmorrisbags.com\\\/tr\\\/product\\\/kod-1400\\\/\"]}]},{\"@type\":\"ImageObject\",\"inLanguage\":\"tr\",\"@id\":\"https:\\\/\\\/sanmorrisbags.com\\\/tr\\\/product\\\/kod-1400\\\/#primaryimage\",\"url\":\"https:\\\/\\\/sanmorrisbags.com\\\/wp-content\\\/uploads\\\/2024\\\/10\\\/32-1.jpg\",\"contentUrl\":\"https:\\\/\\\/sanmorrisbags.com\\\/wp-content\\\/uploads\\\/2024\\\/10\\\/32-1.jpg\",\"width\":1200,\"height\":1800,\"caption\":\"Sanmorris original crossbody shoulder bag in multiple colors\"},{\"@type\":\"BreadcrumbList\",\"@id\":\"https:\\\/\\\/sanmorrisbags.com\\\/tr\\\/product\\\/kod-1400\\\/#breadcrumb\",\"itemListElement\":[{\"@type\":\"ListItem\",\"position\":1,\"name\":\"Home\",\"item\":\"https:\\\/\\\/sanmorrisbags.com\\\/tr\\\/home\\\/\"},{\"@type\":\"ListItem\",\"position\":2,\"name\":\"Shop\",\"item\":\"https:\\\/\\\/sanmorrisbags.com\\\/shop\\\/\"},{\"@type\":\"ListItem\",\"position\":3,\"name\":\"Kod: 1400\"}]},{\"@type\":\"WebSite\",\"@id\":\"https:\\\/\\\/sanmorrisbags.com\\\/tr\\\/#website\",\"url\":\"https:\\\/\\\/sanmorrisbags.com\\\/tr\\\/\",\"name\":\"Sanmorris Bags\",\"description\":\"\",\"publisher\":{\"@id\":\"https:\\\/\\\/sanmorrisbags.com\\\/tr\\\/#organization\"},\"potentialAction\":[{\"@type\":\"SearchAction\",\"target\":{\"@type\":\"EntryPoint\",\"urlTemplate\":\"https:\\\/\\\/sanmorrisbags.com\\\/tr\\\/?s={search_term_string}\"},\"query-input\":{\"@type\":\"PropertyValueSpecification\",\"valueRequired\":true,\"valueName\":\"search_term_string\"}}],\"inLanguage\":\"tr\"},{\"@type\":\"Organization\",\"@id\":\"https:\\\/\\\/sanmorrisbags.com\\\/tr\\\/#organization\",\"name\":\"Sanmorris Bags\",\"url\":\"https:\\\/\\\/sanmorrisbags.com\\\/tr\\\/\",\"logo\":{\"@type\":\"ImageObject\",\"inLanguage\":\"tr\",\"@id\":\"https:\\\/\\\/sanmorrisbags.com\\\/tr\\\/#\\\/schema\\\/logo\\\/image\\\/\",\"url\":\"https:\\\/\\\/sanmorrisbags.com\\\/wp-content\\\/uploads\\\/2023\\\/02\\\/Logo-new.png\",\"contentUrl\":\"https:\\\/\\\/sanmorrisbags.com\\\/wp-content\\\/uploads\\\/2023\\\/02\\\/Logo-new.png\",\"width\":1000,\"height\":1000,\"caption\":\"Sanmorris Bags\"},\"image\":{\"@id\":\"https:\\\/\\\/sanmorrisbags.com\\\/tr\\\/#\\\/schema\\\/logo\\\/image\\\/\"},\"sameAs\":[\"https:\\\/\\\/www.facebook.com\\\/sanmorrisbags\",\"https:\\\/\\\/x.com\\\/sanmorrisbag\",\"https:\\\/\\\/www.instagram.com\\\/sanmorrisbag\\\/\"]}]}<\/script>\n<meta property=\"og:availability\" content=\"instock\" \/>\n<meta property=\"product:availability\" content=\"instock\" \/>\n<meta property=\"product:condition\" content=\"new\" \/>\n<!-- \/ Yoast SEO Premium plugin. -->","yoast_head_json":{"title":"Sanmorris orijinal \u00e7apraz omuz \u00e7antas\u0131","description":"Sanmorris orijinal \u00e7apraz omuz \u00e7antas\u0131 Y\u00fcksek kaliteli sentetik deriden \u00fcretilmi\u015ftir ve tam bir Sanmorris astar\u0131 vard\u0131r. Sanmorris bir Toptan ma\u011fazas\u0131d\u0131r","robots":{"index":"index","follow":"follow","max-snippet":"max-snippet:-1","max-image-preview":"max-image-preview:large","max-video-preview":"max-video-preview:-1"},"canonical":"https:\/\/sanmorrisbags.com\/tr\/product\/kod-1400\/","og_locale":"tr_TR","og_type":"article","og_title":"Kod: 1400","og_description":"Sanmorris orijinal \u00e7apraz omuz \u00e7antas\u0131 Y\u00fcksek kaliteli sentetik deriden \u00fcretilmi\u015ftir ve tam bir Sanmorris astar\u0131 vard\u0131r. Sanmorris bir Toptan ma\u011fazas\u0131d\u0131r","og_url":"https:\/\/sanmorrisbags.com\/tr\/product\/kod-1400\/","og_site_name":"Sanmorris Bags","article_publisher":"https:\/\/www.facebook.com\/sanmorrisbags","og_image":[{"width":1200,"height":1800,"url":"https:\/\/sanmorrisbags.com\/wp-content\/uploads\/2024\/10\/32-1.jpg","type":"image\/jpeg"}],"twitter_card":"summary_large_image","twitter_site":"@sanmorrisbag","twitter_misc":{"Durumu":"Stokta var"},"schema":{"@context":"https:\/\/schema.org","@graph":[{"@type":"WebPage","@id":"https:\/\/sanmorrisbags.com\/tr\/product\/kod-1400\/","url":"https:\/\/sanmorrisbags.com\/tr\/product\/kod-1400\/","name":"Sanmorris orijinal \u00e7apraz omuz \u00e7antas\u0131","isPartOf":{"@id":"https:\/\/sanmorrisbags.com\/tr\/#website"},"primaryImageOfPage":{"@id":"https:\/\/sanmorrisbags.com\/tr\/product\/kod-1400\/#primaryimage"},"image":{"@id":"https:\/\/sanmorrisbags.com\/tr\/product\/kod-1400\/#primaryimage"},"thumbnailUrl":"https:\/\/sanmorrisbags.com\/wp-content\/uploads\/2024\/10\/32-1.jpg","datePublished":"2024-10-06T22:32:08+00:00","description":"Sanmorris orijinal \u00e7apraz omuz \u00e7antas\u0131 Y\u00fcksek kaliteli sentetik deriden \u00fcretilmi\u015ftir ve tam bir Sanmorris astar\u0131 vard\u0131r. Sanmorris bir Toptan ma\u011fazas\u0131d\u0131r","breadcrumb":{"@id":"https:\/\/sanmorrisbags.com\/tr\/product\/kod-1400\/#breadcrumb"},"inLanguage":"tr","potentialAction":[{"@type":"ReadAction","target":["https:\/\/sanmorrisbags.com\/tr\/product\/kod-1400\/"]}]},{"@type":"ImageObject","inLanguage":"tr","@id":"https:\/\/sanmorrisbags.com\/tr\/product\/kod-1400\/#primaryimage","url":"https:\/\/sanmorrisbags.com\/wp-content\/uploads\/2024\/10\/32-1.jpg","contentUrl":"https:\/\/sanmorrisbags.com\/wp-content\/uploads\/2024\/10\/32-1.jpg","width":1200,"height":1800,"caption":"Sanmorris original crossbody shoulder bag in multiple colors"},{"@type":"BreadcrumbList","@id":"https:\/\/sanmorrisbags.com\/tr\/product\/kod-1400\/#breadcrumb","itemListElement":[{"@type":"ListItem","position":1,"name":"Home","item":"https:\/\/sanmorrisbags.com\/tr\/home\/"},{"@type":"ListItem","position":2,"name":"Shop","item":"https:\/\/sanmorrisbags.com\/shop\/"},{"@type":"ListItem","position":3,"name":"Kod: 1400"}]},{"@type":"WebSite","@id":"https:\/\/sanmorrisbags.com\/tr\/#website","url":"https:\/\/sanmorrisbags.com\/tr\/","name":"Sanmorris Bags","description":"","publisher":{"@id":"https:\/\/sanmorrisbags.com\/tr\/#organization"},"potentialAction":[{"@type":"SearchAction","target":{"@type":"EntryPoint","urlTemplate":"https:\/\/sanmorrisbags.com\/tr\/?s={search_term_string}"},"query-input":{"@type":"PropertyValueSpecification","valueRequired":true,"valueName":"search_term_string"}}],"inLanguage":"tr"},{"@type":"Organization","@id":"https:\/\/sanmorrisbags.com\/tr\/#organization","name":"Sanmorris Bags","url":"https:\/\/sanmorrisbags.com\/tr\/","logo":{"@type":"ImageObject","inLanguage":"tr","@id":"https:\/\/sanmorrisbags.com\/tr\/#\/schema\/logo\/image\/","url":"https:\/\/sanmorrisbags.com\/wp-content\/uploads\/2023\/02\/Logo-new.png","contentUrl":"https:\/\/sanmorrisbags.com\/wp-content\/uploads\/2023\/02\/Logo-new.png","width":1000,"height":1000,"caption":"Sanmorris Bags"},"image":{"@id":"https:\/\/sanmorrisbags.com\/tr\/#\/schema\/logo\/image\/"},"sameAs":["https:\/\/www.facebook.com\/sanmorrisbags","https:\/\/x.com\/sanmorrisbag","https:\/\/www.instagram.com\/sanmorrisbag\/"]}]},"og_availability":"instock","product_availability":"instock","product_condition":"new"},"_links":{"self":[{"href":"https:\/\/sanmorrisbags.com\/tr\/wp-json\/wp\/v2\/product\/21210","targetHints":{"allow":["GET"]}}],"collection":[{"href":"https:\/\/sanmorrisbags.com\/tr\/wp-json\/wp\/v2\/product"}],"about":[{"href":"https:\/\/sanmorrisbags.com\/tr\/wp-json\/wp\/v2\/types\/product"}],"replies":[{"embeddable":true,"href":"https:\/\/sanmorrisbags.com\/tr\/wp-json\/wp\/v2\/comments?post=21210"}],"wp:featuredmedia":[{"embeddable":true,"href":"https:\/\/sanmorrisbags.com\/tr\/wp-json\/wp\/v2\/media\/19672"}],"wp:attachment":[{"href":"https:\/\/sanmorrisbags.com\/tr\/wp-json\/wp\/v2\/media?parent=21210"}],"wp:term":[{"taxonomy":"product_brand","embeddable":true,"href":"https:\/\/sanmorrisbags.com\/tr\/wp-json\/wp\/v2\/product_brand?post=21210"},{"taxonomy":"product_cat","embeddable":true,"href":"https:\/\/sanmorrisbags.com\/tr\/wp-json\/wp\/v2\/product_cat?post=21210"},{"taxonomy":"product_tag","embeddable":true,"href":"https:\/\/sanmorrisbags.com\/tr\/wp-json\/wp\/v2\/product_tag?post=21210"}],"curies":[{"name":"wp","href":"https:\/\/api.w.org\/{rel}","templated":true}]}}