{"id":21231,"date":"2024-10-06T22:30:24","date_gmt":"2024-10-06T22:30:24","guid":{"rendered":"https:\/\/sanmorrisbags.com\/product\/kod-1398\/"},"modified":"2024-10-06T22:30:24","modified_gmt":"2024-10-06T22:30:24","slug":"kod-1398","status":"publish","type":"product","link":"https:\/\/sanmorrisbags.com\/tr\/product\/kod-1398\/","title":{"rendered":"Kod: 1398"},"content":{"rendered":"<p><span style=\"font-weight: 400;\">Sanmorris Mini Omuz \u00c7antas\u0131 &#8211; \u015e\u0131k ve \u00c7ok Y\u00f6nl\u00fc<\/span><\/p>\n<p>&nbsp;<\/p>\n<p><span style=\"font-weight: 400;\">Sanmorris mini omuz \u00e7antas\u0131n\u0131 tan\u0131t\u0131yoruz, art\u0131k stoklar\u0131m\u0131zda!<\/span><\/p>\n<p>&nbsp;<\/p>\n<p><span style=\"font-weight: 400;\">Boyutlar:<\/span><\/p>\n<p><span style=\"font-weight: 400;\">&#8211; Y\u00fckseklik: 18 cm<\/span><\/p>\n<p><span style=\"font-weight: 400;\">&#8211; Geni\u015flik: 15 cm<\/span><\/p>\n<p><span style=\"font-weight: 400;\">&#8211; Taban Geni\u015fli\u011fi: 7 cm<\/span><\/p>\n<p>&nbsp;<\/p>\n<p><span style=\"font-weight: 400;\">Bu \u015f\u0131k \u00e7anta, dayan\u0131kl\u0131 astar ve aksesuarlarla T\u00fcrkiye&#8217;de \u00fcretilen y\u00fcksek kaliteli sentetik deriden \u00fcretilmi\u015ftir. G\u00fcnl\u00fck ihtiya\u00e7lar\u0131n\u0131z\u0131 d\u00fczenlemek i\u00e7in m\u00fckemmel olan \u00fc\u00e7 adet metal fermuarl\u0131 b\u00f6lmeye sahiptir. Alt\u0131n renkli aksesuarlar, hem g\u00fcndelik hem de \u015f\u0131k k\u0131yafetler i\u00e7in uygun hale getirerek bir zarafet dokunu\u015fu katar. Omuz ask\u0131s\u0131 \u00e7\u0131kar\u0131labilir, b\u00f6ylece tercih ederseniz onu el \u00e7antas\u0131 olarak kullanabilirsiniz.    <\/span><\/p>\n","protected":false},"excerpt":{"rendered":"<p>Sanmorris Mini Omuz \u00c7antas\u0131 &#8211; \u015e\u0131k ve \u00c7ok Y\u00f6nl\u00fc &nbsp; Sanmorris mini omuz \u00e7antas\u0131n\u0131 tan\u0131t\u0131yoruz, art\u0131k stoklar\u0131m\u0131zda! &nbsp; Boyutlar: &#8211; Y\u00fckseklik: 18 cm &#8211; Geni\u015flik: 15 cm &#8211; Taban Geni\u015fli\u011fi: 7 cm &nbsp; Bu \u015f\u0131k \u00e7anta, dayan\u0131kl\u0131 astar ve aksesuarlarla T\u00fcrkiye&#8217;de \u00fcretilen y\u00fcksek kaliteli sentetik deriden \u00fcretilmi\u015ftir. G\u00fcnl\u00fck ihtiya\u00e7lar\u0131n\u0131z\u0131 d\u00fczenlemek i\u00e7in m\u00fckemmel olan \u00fc\u00e7 adet [&hellip;]<\/p>\n","protected":false},"featured_media":19691,"comment_status":"closed","ping_status":"closed","template":"","meta":[],"product_brand":[],"product_cat":[63,66],"product_tag":[],"class_list":{"0":"post-21231","1":"product","2":"type-product","3":"status-publish","4":"has-post-thumbnail","6":"product_cat-capraz-canta","7":"product_cat-omuz-cantasi","8":"pa_color-kirmizi","9":"pa_color-kum","10":"pa_color-platin","11":"pa_color-siyah-damla","12":"pa_color-siyah-mat","13":"pa_color-siyah-mozaik","14":"pa_color-taba","16":"first","17":"instock","18":"shipping-taxable","19":"purchasable","20":"product-type-variable","21":"wvs-archive-product-wrapper"},"yoast_head":"<!-- This site is optimized with the Yoast SEO Premium plugin v25.4 (Yoast SEO v27.4) - https:\/\/yoast.com\/product\/yoast-seo-premium-wordpress\/ -->\n<title>Sanmorris mini omuz \u00e7antas\u0131 Sanmorris Bags - Kod: 1398<\/title>\n<meta name=\"description\" content=\"Sanmorris mini omuz \u00e7antas\u0131 Bu \u015f\u0131k \u00e7anta, T\u00fcrkiye&#039;de \u00fcretilen y\u00fcksek kaliteli sentetik deriden, dayan\u0131kl\u0131 astar ve aksesuarlardan \u00fcretilmi\u015ftir.\" \/>\n<meta name=\"robots\" content=\"index, follow, max-snippet:-1, max-image-preview:large, max-video-preview:-1\" \/>\n<link rel=\"canonical\" href=\"https:\/\/sanmorrisbags.com\/tr\/product\/kod-1398\/\" \/>\n<meta property=\"og:locale\" content=\"tr_TR\" \/>\n<meta property=\"og:type\" content=\"article\" \/>\n<meta property=\"og:title\" content=\"Kod: 1398\" \/>\n<meta property=\"og:description\" content=\"Sanmorris mini omuz \u00e7antas\u0131 Bu \u015f\u0131k \u00e7anta, T\u00fcrkiye&#039;de \u00fcretilen y\u00fcksek kaliteli sentetik deriden, dayan\u0131kl\u0131 astar ve aksesuarlardan \u00fcretilmi\u015ftir.\" \/>\n<meta property=\"og:url\" content=\"https:\/\/sanmorrisbags.com\/tr\/product\/kod-1398\/\" \/>\n<meta property=\"og:site_name\" content=\"Sanmorris Bags\" \/>\n<meta property=\"article:publisher\" content=\"https:\/\/www.facebook.com\/sanmorrisbags\" \/>\n<meta property=\"og:image\" content=\"https:\/\/sanmorrisbags.com\/wp-content\/uploads\/2024\/10\/krem.jpg\" \/>\n\t<meta property=\"og:image:width\" content=\"960\" \/>\n\t<meta property=\"og:image:height\" content=\"1280\" \/>\n\t<meta property=\"og:image:type\" content=\"image\/jpeg\" \/>\n<meta name=\"twitter:card\" content=\"summary_large_image\" \/>\n<meta name=\"twitter:site\" content=\"@sanmorrisbag\" \/>\n<meta name=\"twitter:label1\" content=\"Durumu\" \/>\n\t<meta name=\"twitter:data1\" content=\"Stokta var\" \/>\n<script type=\"application\/ld+json\" class=\"yoast-schema-graph\">{\"@context\":\"https:\\\/\\\/schema.org\",\"@graph\":[{\"@type\":\"WebPage\",\"@id\":\"https:\\\/\\\/sanmorrisbags.com\\\/tr\\\/product\\\/kod-1398\\\/\",\"url\":\"https:\\\/\\\/sanmorrisbags.com\\\/tr\\\/product\\\/kod-1398\\\/\",\"name\":\"Sanmorris mini omuz \u00e7antas\u0131 Sanmorris Bags - Kod: 1398\",\"isPartOf\":{\"@id\":\"https:\\\/\\\/sanmorrisbags.com\\\/tr\\\/#website\"},\"primaryImageOfPage\":{\"@id\":\"https:\\\/\\\/sanmorrisbags.com\\\/tr\\\/product\\\/kod-1398\\\/#primaryimage\"},\"image\":{\"@id\":\"https:\\\/\\\/sanmorrisbags.com\\\/tr\\\/product\\\/kod-1398\\\/#primaryimage\"},\"thumbnailUrl\":\"https:\\\/\\\/sanmorrisbags.com\\\/wp-content\\\/uploads\\\/2024\\\/10\\\/krem.jpg\",\"datePublished\":\"2024-10-06T22:30:24+00:00\",\"description\":\"Sanmorris mini omuz \u00e7antas\u0131 Bu \u015f\u0131k \u00e7anta, T\u00fcrkiye'de \u00fcretilen y\u00fcksek kaliteli sentetik deriden, dayan\u0131kl\u0131 astar ve aksesuarlardan \u00fcretilmi\u015ftir.\",\"breadcrumb\":{\"@id\":\"https:\\\/\\\/sanmorrisbags.com\\\/tr\\\/product\\\/kod-1398\\\/#breadcrumb\"},\"inLanguage\":\"tr\",\"potentialAction\":[{\"@type\":\"ReadAction\",\"target\":[\"https:\\\/\\\/sanmorrisbags.com\\\/tr\\\/product\\\/kod-1398\\\/\"]}]},{\"@type\":\"ImageObject\",\"inLanguage\":\"tr\",\"@id\":\"https:\\\/\\\/sanmorrisbags.com\\\/tr\\\/product\\\/kod-1398\\\/#primaryimage\",\"url\":\"https:\\\/\\\/sanmorrisbags.com\\\/wp-content\\\/uploads\\\/2024\\\/10\\\/krem.jpg\",\"contentUrl\":\"https:\\\/\\\/sanmorrisbags.com\\\/wp-content\\\/uploads\\\/2024\\\/10\\\/krem.jpg\",\"width\":960,\"height\":1280,\"caption\":\"Sanmorris mini shoulder bag in high-quality synthetic leather\"},{\"@type\":\"BreadcrumbList\",\"@id\":\"https:\\\/\\\/sanmorrisbags.com\\\/tr\\\/product\\\/kod-1398\\\/#breadcrumb\",\"itemListElement\":[{\"@type\":\"ListItem\",\"position\":1,\"name\":\"Home\",\"item\":\"https:\\\/\\\/sanmorrisbags.com\\\/tr\\\/home\\\/\"},{\"@type\":\"ListItem\",\"position\":2,\"name\":\"Shop\",\"item\":\"https:\\\/\\\/sanmorrisbags.com\\\/shop\\\/\"},{\"@type\":\"ListItem\",\"position\":3,\"name\":\"Kod: 1398\"}]},{\"@type\":\"WebSite\",\"@id\":\"https:\\\/\\\/sanmorrisbags.com\\\/tr\\\/#website\",\"url\":\"https:\\\/\\\/sanmorrisbags.com\\\/tr\\\/\",\"name\":\"Sanmorris Bags\",\"description\":\"\",\"publisher\":{\"@id\":\"https:\\\/\\\/sanmorrisbags.com\\\/tr\\\/#organization\"},\"potentialAction\":[{\"@type\":\"SearchAction\",\"target\":{\"@type\":\"EntryPoint\",\"urlTemplate\":\"https:\\\/\\\/sanmorrisbags.com\\\/tr\\\/?s={search_term_string}\"},\"query-input\":{\"@type\":\"PropertyValueSpecification\",\"valueRequired\":true,\"valueName\":\"search_term_string\"}}],\"inLanguage\":\"tr\"},{\"@type\":\"Organization\",\"@id\":\"https:\\\/\\\/sanmorrisbags.com\\\/tr\\\/#organization\",\"name\":\"Sanmorris Bags\",\"url\":\"https:\\\/\\\/sanmorrisbags.com\\\/tr\\\/\",\"logo\":{\"@type\":\"ImageObject\",\"inLanguage\":\"tr\",\"@id\":\"https:\\\/\\\/sanmorrisbags.com\\\/tr\\\/#\\\/schema\\\/logo\\\/image\\\/\",\"url\":\"https:\\\/\\\/sanmorrisbags.com\\\/wp-content\\\/uploads\\\/2023\\\/02\\\/Logo-new.png\",\"contentUrl\":\"https:\\\/\\\/sanmorrisbags.com\\\/wp-content\\\/uploads\\\/2023\\\/02\\\/Logo-new.png\",\"width\":1000,\"height\":1000,\"caption\":\"Sanmorris Bags\"},\"image\":{\"@id\":\"https:\\\/\\\/sanmorrisbags.com\\\/tr\\\/#\\\/schema\\\/logo\\\/image\\\/\"},\"sameAs\":[\"https:\\\/\\\/www.facebook.com\\\/sanmorrisbags\",\"https:\\\/\\\/x.com\\\/sanmorrisbag\",\"https:\\\/\\\/www.instagram.com\\\/sanmorrisbag\\\/\"]}]}<\/script>\n<meta property=\"og:availability\" content=\"instock\" \/>\n<meta property=\"product:availability\" content=\"instock\" \/>\n<meta property=\"product:condition\" content=\"new\" \/>\n<!-- \/ Yoast SEO Premium plugin. -->","yoast_head_json":{"title":"Sanmorris mini omuz \u00e7antas\u0131 Sanmorris Bags - Kod: 1398","description":"Sanmorris mini omuz \u00e7antas\u0131 Bu \u015f\u0131k \u00e7anta, T\u00fcrkiye'de \u00fcretilen y\u00fcksek kaliteli sentetik deriden, dayan\u0131kl\u0131 astar ve aksesuarlardan \u00fcretilmi\u015ftir.","robots":{"index":"index","follow":"follow","max-snippet":"max-snippet:-1","max-image-preview":"max-image-preview:large","max-video-preview":"max-video-preview:-1"},"canonical":"https:\/\/sanmorrisbags.com\/tr\/product\/kod-1398\/","og_locale":"tr_TR","og_type":"article","og_title":"Kod: 1398","og_description":"Sanmorris mini omuz \u00e7antas\u0131 Bu \u015f\u0131k \u00e7anta, T\u00fcrkiye'de \u00fcretilen y\u00fcksek kaliteli sentetik deriden, dayan\u0131kl\u0131 astar ve aksesuarlardan \u00fcretilmi\u015ftir.","og_url":"https:\/\/sanmorrisbags.com\/tr\/product\/kod-1398\/","og_site_name":"Sanmorris Bags","article_publisher":"https:\/\/www.facebook.com\/sanmorrisbags","og_image":[{"width":960,"height":1280,"url":"https:\/\/sanmorrisbags.com\/wp-content\/uploads\/2024\/10\/krem.jpg","type":"image\/jpeg"}],"twitter_card":"summary_large_image","twitter_site":"@sanmorrisbag","twitter_misc":{"Durumu":"Stokta var"},"schema":{"@context":"https:\/\/schema.org","@graph":[{"@type":"WebPage","@id":"https:\/\/sanmorrisbags.com\/tr\/product\/kod-1398\/","url":"https:\/\/sanmorrisbags.com\/tr\/product\/kod-1398\/","name":"Sanmorris mini omuz \u00e7antas\u0131 Sanmorris Bags - Kod: 1398","isPartOf":{"@id":"https:\/\/sanmorrisbags.com\/tr\/#website"},"primaryImageOfPage":{"@id":"https:\/\/sanmorrisbags.com\/tr\/product\/kod-1398\/#primaryimage"},"image":{"@id":"https:\/\/sanmorrisbags.com\/tr\/product\/kod-1398\/#primaryimage"},"thumbnailUrl":"https:\/\/sanmorrisbags.com\/wp-content\/uploads\/2024\/10\/krem.jpg","datePublished":"2024-10-06T22:30:24+00:00","description":"Sanmorris mini omuz \u00e7antas\u0131 Bu \u015f\u0131k \u00e7anta, T\u00fcrkiye'de \u00fcretilen y\u00fcksek kaliteli sentetik deriden, dayan\u0131kl\u0131 astar ve aksesuarlardan \u00fcretilmi\u015ftir.","breadcrumb":{"@id":"https:\/\/sanmorrisbags.com\/tr\/product\/kod-1398\/#breadcrumb"},"inLanguage":"tr","potentialAction":[{"@type":"ReadAction","target":["https:\/\/sanmorrisbags.com\/tr\/product\/kod-1398\/"]}]},{"@type":"ImageObject","inLanguage":"tr","@id":"https:\/\/sanmorrisbags.com\/tr\/product\/kod-1398\/#primaryimage","url":"https:\/\/sanmorrisbags.com\/wp-content\/uploads\/2024\/10\/krem.jpg","contentUrl":"https:\/\/sanmorrisbags.com\/wp-content\/uploads\/2024\/10\/krem.jpg","width":960,"height":1280,"caption":"Sanmorris mini shoulder bag in high-quality synthetic leather"},{"@type":"BreadcrumbList","@id":"https:\/\/sanmorrisbags.com\/tr\/product\/kod-1398\/#breadcrumb","itemListElement":[{"@type":"ListItem","position":1,"name":"Home","item":"https:\/\/sanmorrisbags.com\/tr\/home\/"},{"@type":"ListItem","position":2,"name":"Shop","item":"https:\/\/sanmorrisbags.com\/shop\/"},{"@type":"ListItem","position":3,"name":"Kod: 1398"}]},{"@type":"WebSite","@id":"https:\/\/sanmorrisbags.com\/tr\/#website","url":"https:\/\/sanmorrisbags.com\/tr\/","name":"Sanmorris Bags","description":"","publisher":{"@id":"https:\/\/sanmorrisbags.com\/tr\/#organization"},"potentialAction":[{"@type":"SearchAction","target":{"@type":"EntryPoint","urlTemplate":"https:\/\/sanmorrisbags.com\/tr\/?s={search_term_string}"},"query-input":{"@type":"PropertyValueSpecification","valueRequired":true,"valueName":"search_term_string"}}],"inLanguage":"tr"},{"@type":"Organization","@id":"https:\/\/sanmorrisbags.com\/tr\/#organization","name":"Sanmorris Bags","url":"https:\/\/sanmorrisbags.com\/tr\/","logo":{"@type":"ImageObject","inLanguage":"tr","@id":"https:\/\/sanmorrisbags.com\/tr\/#\/schema\/logo\/image\/","url":"https:\/\/sanmorrisbags.com\/wp-content\/uploads\/2023\/02\/Logo-new.png","contentUrl":"https:\/\/sanmorrisbags.com\/wp-content\/uploads\/2023\/02\/Logo-new.png","width":1000,"height":1000,"caption":"Sanmorris Bags"},"image":{"@id":"https:\/\/sanmorrisbags.com\/tr\/#\/schema\/logo\/image\/"},"sameAs":["https:\/\/www.facebook.com\/sanmorrisbags","https:\/\/x.com\/sanmorrisbag","https:\/\/www.instagram.com\/sanmorrisbag\/"]}]},"og_availability":"instock","product_availability":"instock","product_condition":"new"},"_links":{"self":[{"href":"https:\/\/sanmorrisbags.com\/tr\/wp-json\/wp\/v2\/product\/21231","targetHints":{"allow":["GET"]}}],"collection":[{"href":"https:\/\/sanmorrisbags.com\/tr\/wp-json\/wp\/v2\/product"}],"about":[{"href":"https:\/\/sanmorrisbags.com\/tr\/wp-json\/wp\/v2\/types\/product"}],"replies":[{"embeddable":true,"href":"https:\/\/sanmorrisbags.com\/tr\/wp-json\/wp\/v2\/comments?post=21231"}],"wp:featuredmedia":[{"embeddable":true,"href":"https:\/\/sanmorrisbags.com\/tr\/wp-json\/wp\/v2\/media\/19691"}],"wp:attachment":[{"href":"https:\/\/sanmorrisbags.com\/tr\/wp-json\/wp\/v2\/media?parent=21231"}],"wp:term":[{"taxonomy":"product_brand","embeddable":true,"href":"https:\/\/sanmorrisbags.com\/tr\/wp-json\/wp\/v2\/product_brand?post=21231"},{"taxonomy":"product_cat","embeddable":true,"href":"https:\/\/sanmorrisbags.com\/tr\/wp-json\/wp\/v2\/product_cat?post=21231"},{"taxonomy":"product_tag","embeddable":true,"href":"https:\/\/sanmorrisbags.com\/tr\/wp-json\/wp\/v2\/product_tag?post=21231"}],"curies":[{"name":"wp","href":"https:\/\/api.w.org\/{rel}","templated":true}]}}