{"id":21239,"date":"2024-10-06T22:29:36","date_gmt":"2024-10-06T22:29:36","guid":{"rendered":"https:\/\/sanmorrisbags.com\/product\/kod-1395\/"},"modified":"2024-10-06T22:29:36","modified_gmt":"2024-10-06T22:29:36","slug":"kod-1395","status":"publish","type":"product","link":"https:\/\/sanmorrisbags.com\/tr\/product\/kod-1395\/","title":{"rendered":"Kod: 1395"},"content":{"rendered":"<p><span style=\"font-weight: 400;\"> Sanmorris K\u00fc\u00e7\u00fck \u00c7apraz \u00c7anta &#8211; \u015e\u0131k ve Pratik<\/span><\/p>\n<p><span style=\"font-weight: 400;\">Sanmorris k\u00fc\u00e7\u00fck \u00e7apraz \u00e7antay\u0131 tan\u0131t\u0131yoruz, art\u0131k stoklar\u0131m\u0131zda! <\/span><\/p>\n<p><span style=\"font-weight: 400;\">Boyutlar:<\/span><\/p>\n<p><span style=\"font-weight: 400;\">&#8211; Y\u00fckseklik: 19 cm<\/span><\/p>\n<p><span style=\"font-weight: 400;\">&#8211; Geni\u015flik: 14 cm<\/span><\/p>\n<p><span style=\"font-weight: 400;\">&#8211; Taban Geni\u015fli\u011fi: 4 cm<\/span><\/p>\n<p><span style=\"font-weight: 400;\">Y\u00fcksek kaliteli sentetik deriden \u00fcretilen bu \u00e7anta T\u00fcrkiye&#8217;de \u00fcretilmi\u015ftir ve dayan\u0131kl\u0131 bir astar ve aksesuarlara sahiptir. \u0130ki adet metal fermuarl\u0131 b\u00f6lmeyle birlikte gelir ve temel e\u015fyalar\u0131n\u0131z\u0131n d\u00fczenli kalmas\u0131n\u0131 sa\u011flar. Kompakt boyutuna ra\u011fmen g\u00fcnl\u00fck e\u015fyalar\u0131n\u0131z i\u00e7in bol miktarda alan sunar. Ayarlanabilir \u00e7apraz ask\u0131, uzunlu\u011fu tercihinize g\u00f6re \u00f6zelle\u015ftirmenizi sa\u011flar.    <\/span><\/p>\n<p>&nbsp;<\/p>\n","protected":false},"excerpt":{"rendered":"<p>Sanmorris K\u00fc\u00e7\u00fck \u00c7apraz \u00c7anta &#8211; \u015e\u0131k ve Pratik Sanmorris k\u00fc\u00e7\u00fck \u00e7apraz \u00e7antay\u0131 tan\u0131t\u0131yoruz, art\u0131k stoklar\u0131m\u0131zda! Boyutlar: &#8211; Y\u00fckseklik: 19 cm &#8211; Geni\u015flik: 14 cm &#8211; Taban Geni\u015fli\u011fi: 4 cm Y\u00fcksek kaliteli sentetik deriden \u00fcretilen bu \u00e7anta T\u00fcrkiye&#8217;de \u00fcretilmi\u015ftir ve dayan\u0131kl\u0131 bir astar ve aksesuarlara sahiptir. \u0130ki adet metal fermuarl\u0131 b\u00f6lmeyle birlikte gelir ve temel e\u015fyalar\u0131n\u0131z\u0131n [&hellip;]<\/p>\n","protected":false},"featured_media":19706,"comment_status":"closed","ping_status":"closed","template":"","meta":[],"product_brand":[],"product_cat":[63],"product_tag":[],"class_list":{"0":"post-21239","1":"product","2":"type-product","3":"status-publish","4":"has-post-thumbnail","6":"product_cat-capraz-canta","7":"pa_color-gri","8":"pa_color-haki","9":"pa_color-kirmizi","10":"pa_color-krem","11":"pa_color-kum","12":"pa_color-lacivert","13":"pa_color-siyah-mat","14":"pa_color-siyah-saten","15":"pa_color-taba","16":"pa_color-vizon","18":"first","19":"instock","20":"shipping-taxable","21":"purchasable","22":"product-type-variable","23":"wvs-archive-product-wrapper"},"yoast_head":"<!-- This site is optimized with the Yoast SEO Premium plugin v25.4 (Yoast SEO v27.4) - https:\/\/yoast.com\/product\/yoast-seo-premium-wordpress\/ -->\n<title>Sanmorris k\u00fc\u00e7\u00fck \u00e7apraz \u00e7anta - Sanmorris Bags<\/title>\n<meta name=\"description\" content=\"Sanmorris K\u00fc\u00e7\u00fck \u00c7apraz \u00c7anta Y\u00fcksek kaliteli sentetik deriden \u00fcretilen bu \u00e7anta T\u00fcrkiye&#039;de \u00fcretilmi\u015ftir ve dayan\u0131kl\u0131 astar ve aksesuarlara sahiptir.\" \/>\n<meta name=\"robots\" content=\"index, follow, max-snippet:-1, max-image-preview:large, max-video-preview:-1\" \/>\n<link rel=\"canonical\" href=\"https:\/\/sanmorrisbags.com\/tr\/product\/kod-1395\/\" \/>\n<meta property=\"og:locale\" content=\"tr_TR\" \/>\n<meta property=\"og:type\" content=\"article\" \/>\n<meta property=\"og:title\" content=\"Kod: 1395\" \/>\n<meta property=\"og:description\" content=\"Sanmorris K\u00fc\u00e7\u00fck \u00c7apraz \u00c7anta Y\u00fcksek kaliteli sentetik deriden \u00fcretilen bu \u00e7anta T\u00fcrkiye&#039;de \u00fcretilmi\u015ftir ve dayan\u0131kl\u0131 astar ve aksesuarlara sahiptir.\" \/>\n<meta property=\"og:url\" content=\"https:\/\/sanmorrisbags.com\/tr\/product\/kod-1395\/\" \/>\n<meta property=\"og:site_name\" content=\"Sanmorris Bags\" \/>\n<meta property=\"article:publisher\" content=\"https:\/\/www.facebook.com\/sanmorrisbags\" \/>\n<meta property=\"og:image\" content=\"https:\/\/sanmorrisbags.com\/wp-content\/uploads\/2024\/10\/52-1.jpg\" \/>\n\t<meta property=\"og:image:width\" content=\"1200\" \/>\n\t<meta property=\"og:image:height\" content=\"1800\" \/>\n\t<meta property=\"og:image:type\" content=\"image\/jpeg\" \/>\n<meta name=\"twitter:card\" content=\"summary_large_image\" \/>\n<meta name=\"twitter:site\" content=\"@sanmorrisbag\" \/>\n<meta name=\"twitter:label1\" content=\"Durumu\" \/>\n\t<meta name=\"twitter:data1\" content=\"Stokta var\" \/>\n<script type=\"application\/ld+json\" class=\"yoast-schema-graph\">{\"@context\":\"https:\\\/\\\/schema.org\",\"@graph\":[{\"@type\":\"WebPage\",\"@id\":\"https:\\\/\\\/sanmorrisbags.com\\\/tr\\\/product\\\/kod-1395\\\/\",\"url\":\"https:\\\/\\\/sanmorrisbags.com\\\/tr\\\/product\\\/kod-1395\\\/\",\"name\":\"Sanmorris k\u00fc\u00e7\u00fck \u00e7apraz \u00e7anta - Sanmorris Bags\",\"isPartOf\":{\"@id\":\"https:\\\/\\\/sanmorrisbags.com\\\/tr\\\/#website\"},\"primaryImageOfPage\":{\"@id\":\"https:\\\/\\\/sanmorrisbags.com\\\/tr\\\/product\\\/kod-1395\\\/#primaryimage\"},\"image\":{\"@id\":\"https:\\\/\\\/sanmorrisbags.com\\\/tr\\\/product\\\/kod-1395\\\/#primaryimage\"},\"thumbnailUrl\":\"https:\\\/\\\/sanmorrisbags.com\\\/wp-content\\\/uploads\\\/2024\\\/10\\\/52-1.jpg\",\"datePublished\":\"2024-10-06T22:29:36+00:00\",\"description\":\"Sanmorris K\u00fc\u00e7\u00fck \u00c7apraz \u00c7anta Y\u00fcksek kaliteli sentetik deriden \u00fcretilen bu \u00e7anta T\u00fcrkiye'de \u00fcretilmi\u015ftir ve dayan\u0131kl\u0131 astar ve aksesuarlara sahiptir.\",\"breadcrumb\":{\"@id\":\"https:\\\/\\\/sanmorrisbags.com\\\/tr\\\/product\\\/kod-1395\\\/#breadcrumb\"},\"inLanguage\":\"tr\",\"potentialAction\":[{\"@type\":\"ReadAction\",\"target\":[\"https:\\\/\\\/sanmorrisbags.com\\\/tr\\\/product\\\/kod-1395\\\/\"]}]},{\"@type\":\"ImageObject\",\"inLanguage\":\"tr\",\"@id\":\"https:\\\/\\\/sanmorrisbags.com\\\/tr\\\/product\\\/kod-1395\\\/#primaryimage\",\"url\":\"https:\\\/\\\/sanmorrisbags.com\\\/wp-content\\\/uploads\\\/2024\\\/10\\\/52-1.jpg\",\"contentUrl\":\"https:\\\/\\\/sanmorrisbags.com\\\/wp-content\\\/uploads\\\/2024\\\/10\\\/52-1.jpg\",\"width\":1200,\"height\":1800,\"caption\":\"Sanmorris small crossbody bag in a casual outfit setting\"},{\"@type\":\"BreadcrumbList\",\"@id\":\"https:\\\/\\\/sanmorrisbags.com\\\/tr\\\/product\\\/kod-1395\\\/#breadcrumb\",\"itemListElement\":[{\"@type\":\"ListItem\",\"position\":1,\"name\":\"Home\",\"item\":\"https:\\\/\\\/sanmorrisbags.com\\\/tr\\\/home\\\/\"},{\"@type\":\"ListItem\",\"position\":2,\"name\":\"Shop\",\"item\":\"https:\\\/\\\/sanmorrisbags.com\\\/shop\\\/\"},{\"@type\":\"ListItem\",\"position\":3,\"name\":\"Kod: 1395\"}]},{\"@type\":\"WebSite\",\"@id\":\"https:\\\/\\\/sanmorrisbags.com\\\/tr\\\/#website\",\"url\":\"https:\\\/\\\/sanmorrisbags.com\\\/tr\\\/\",\"name\":\"Sanmorris Bags\",\"description\":\"\",\"publisher\":{\"@id\":\"https:\\\/\\\/sanmorrisbags.com\\\/tr\\\/#organization\"},\"potentialAction\":[{\"@type\":\"SearchAction\",\"target\":{\"@type\":\"EntryPoint\",\"urlTemplate\":\"https:\\\/\\\/sanmorrisbags.com\\\/tr\\\/?s={search_term_string}\"},\"query-input\":{\"@type\":\"PropertyValueSpecification\",\"valueRequired\":true,\"valueName\":\"search_term_string\"}}],\"inLanguage\":\"tr\"},{\"@type\":\"Organization\",\"@id\":\"https:\\\/\\\/sanmorrisbags.com\\\/tr\\\/#organization\",\"name\":\"Sanmorris Bags\",\"url\":\"https:\\\/\\\/sanmorrisbags.com\\\/tr\\\/\",\"logo\":{\"@type\":\"ImageObject\",\"inLanguage\":\"tr\",\"@id\":\"https:\\\/\\\/sanmorrisbags.com\\\/tr\\\/#\\\/schema\\\/logo\\\/image\\\/\",\"url\":\"https:\\\/\\\/sanmorrisbags.com\\\/wp-content\\\/uploads\\\/2023\\\/02\\\/Logo-new.png\",\"contentUrl\":\"https:\\\/\\\/sanmorrisbags.com\\\/wp-content\\\/uploads\\\/2023\\\/02\\\/Logo-new.png\",\"width\":1000,\"height\":1000,\"caption\":\"Sanmorris Bags\"},\"image\":{\"@id\":\"https:\\\/\\\/sanmorrisbags.com\\\/tr\\\/#\\\/schema\\\/logo\\\/image\\\/\"},\"sameAs\":[\"https:\\\/\\\/www.facebook.com\\\/sanmorrisbags\",\"https:\\\/\\\/x.com\\\/sanmorrisbag\",\"https:\\\/\\\/www.instagram.com\\\/sanmorrisbag\\\/\"]}]}<\/script>\n<meta property=\"og:availability\" content=\"instock\" \/>\n<meta property=\"product:availability\" content=\"instock\" \/>\n<meta property=\"product:condition\" content=\"new\" \/>\n<!-- \/ Yoast SEO Premium plugin. -->","yoast_head_json":{"title":"Sanmorris k\u00fc\u00e7\u00fck \u00e7apraz \u00e7anta - Sanmorris Bags","description":"Sanmorris K\u00fc\u00e7\u00fck \u00c7apraz \u00c7anta Y\u00fcksek kaliteli sentetik deriden \u00fcretilen bu \u00e7anta T\u00fcrkiye'de \u00fcretilmi\u015ftir ve dayan\u0131kl\u0131 astar ve aksesuarlara sahiptir.","robots":{"index":"index","follow":"follow","max-snippet":"max-snippet:-1","max-image-preview":"max-image-preview:large","max-video-preview":"max-video-preview:-1"},"canonical":"https:\/\/sanmorrisbags.com\/tr\/product\/kod-1395\/","og_locale":"tr_TR","og_type":"article","og_title":"Kod: 1395","og_description":"Sanmorris K\u00fc\u00e7\u00fck \u00c7apraz \u00c7anta Y\u00fcksek kaliteli sentetik deriden \u00fcretilen bu \u00e7anta T\u00fcrkiye'de \u00fcretilmi\u015ftir ve dayan\u0131kl\u0131 astar ve aksesuarlara sahiptir.","og_url":"https:\/\/sanmorrisbags.com\/tr\/product\/kod-1395\/","og_site_name":"Sanmorris Bags","article_publisher":"https:\/\/www.facebook.com\/sanmorrisbags","og_image":[{"width":1200,"height":1800,"url":"https:\/\/sanmorrisbags.com\/wp-content\/uploads\/2024\/10\/52-1.jpg","type":"image\/jpeg"}],"twitter_card":"summary_large_image","twitter_site":"@sanmorrisbag","twitter_misc":{"Durumu":"Stokta var"},"schema":{"@context":"https:\/\/schema.org","@graph":[{"@type":"WebPage","@id":"https:\/\/sanmorrisbags.com\/tr\/product\/kod-1395\/","url":"https:\/\/sanmorrisbags.com\/tr\/product\/kod-1395\/","name":"Sanmorris k\u00fc\u00e7\u00fck \u00e7apraz \u00e7anta - Sanmorris Bags","isPartOf":{"@id":"https:\/\/sanmorrisbags.com\/tr\/#website"},"primaryImageOfPage":{"@id":"https:\/\/sanmorrisbags.com\/tr\/product\/kod-1395\/#primaryimage"},"image":{"@id":"https:\/\/sanmorrisbags.com\/tr\/product\/kod-1395\/#primaryimage"},"thumbnailUrl":"https:\/\/sanmorrisbags.com\/wp-content\/uploads\/2024\/10\/52-1.jpg","datePublished":"2024-10-06T22:29:36+00:00","description":"Sanmorris K\u00fc\u00e7\u00fck \u00c7apraz \u00c7anta Y\u00fcksek kaliteli sentetik deriden \u00fcretilen bu \u00e7anta T\u00fcrkiye'de \u00fcretilmi\u015ftir ve dayan\u0131kl\u0131 astar ve aksesuarlara sahiptir.","breadcrumb":{"@id":"https:\/\/sanmorrisbags.com\/tr\/product\/kod-1395\/#breadcrumb"},"inLanguage":"tr","potentialAction":[{"@type":"ReadAction","target":["https:\/\/sanmorrisbags.com\/tr\/product\/kod-1395\/"]}]},{"@type":"ImageObject","inLanguage":"tr","@id":"https:\/\/sanmorrisbags.com\/tr\/product\/kod-1395\/#primaryimage","url":"https:\/\/sanmorrisbags.com\/wp-content\/uploads\/2024\/10\/52-1.jpg","contentUrl":"https:\/\/sanmorrisbags.com\/wp-content\/uploads\/2024\/10\/52-1.jpg","width":1200,"height":1800,"caption":"Sanmorris small crossbody bag in a casual outfit setting"},{"@type":"BreadcrumbList","@id":"https:\/\/sanmorrisbags.com\/tr\/product\/kod-1395\/#breadcrumb","itemListElement":[{"@type":"ListItem","position":1,"name":"Home","item":"https:\/\/sanmorrisbags.com\/tr\/home\/"},{"@type":"ListItem","position":2,"name":"Shop","item":"https:\/\/sanmorrisbags.com\/shop\/"},{"@type":"ListItem","position":3,"name":"Kod: 1395"}]},{"@type":"WebSite","@id":"https:\/\/sanmorrisbags.com\/tr\/#website","url":"https:\/\/sanmorrisbags.com\/tr\/","name":"Sanmorris Bags","description":"","publisher":{"@id":"https:\/\/sanmorrisbags.com\/tr\/#organization"},"potentialAction":[{"@type":"SearchAction","target":{"@type":"EntryPoint","urlTemplate":"https:\/\/sanmorrisbags.com\/tr\/?s={search_term_string}"},"query-input":{"@type":"PropertyValueSpecification","valueRequired":true,"valueName":"search_term_string"}}],"inLanguage":"tr"},{"@type":"Organization","@id":"https:\/\/sanmorrisbags.com\/tr\/#organization","name":"Sanmorris Bags","url":"https:\/\/sanmorrisbags.com\/tr\/","logo":{"@type":"ImageObject","inLanguage":"tr","@id":"https:\/\/sanmorrisbags.com\/tr\/#\/schema\/logo\/image\/","url":"https:\/\/sanmorrisbags.com\/wp-content\/uploads\/2023\/02\/Logo-new.png","contentUrl":"https:\/\/sanmorrisbags.com\/wp-content\/uploads\/2023\/02\/Logo-new.png","width":1000,"height":1000,"caption":"Sanmorris Bags"},"image":{"@id":"https:\/\/sanmorrisbags.com\/tr\/#\/schema\/logo\/image\/"},"sameAs":["https:\/\/www.facebook.com\/sanmorrisbags","https:\/\/x.com\/sanmorrisbag","https:\/\/www.instagram.com\/sanmorrisbag\/"]}]},"og_availability":"instock","product_availability":"instock","product_condition":"new"},"_links":{"self":[{"href":"https:\/\/sanmorrisbags.com\/tr\/wp-json\/wp\/v2\/product\/21239","targetHints":{"allow":["GET"]}}],"collection":[{"href":"https:\/\/sanmorrisbags.com\/tr\/wp-json\/wp\/v2\/product"}],"about":[{"href":"https:\/\/sanmorrisbags.com\/tr\/wp-json\/wp\/v2\/types\/product"}],"replies":[{"embeddable":true,"href":"https:\/\/sanmorrisbags.com\/tr\/wp-json\/wp\/v2\/comments?post=21239"}],"wp:featuredmedia":[{"embeddable":true,"href":"https:\/\/sanmorrisbags.com\/tr\/wp-json\/wp\/v2\/media\/19706"}],"wp:attachment":[{"href":"https:\/\/sanmorrisbags.com\/tr\/wp-json\/wp\/v2\/media?parent=21239"}],"wp:term":[{"taxonomy":"product_brand","embeddable":true,"href":"https:\/\/sanmorrisbags.com\/tr\/wp-json\/wp\/v2\/product_brand?post=21239"},{"taxonomy":"product_cat","embeddable":true,"href":"https:\/\/sanmorrisbags.com\/tr\/wp-json\/wp\/v2\/product_cat?post=21239"},{"taxonomy":"product_tag","embeddable":true,"href":"https:\/\/sanmorrisbags.com\/tr\/wp-json\/wp\/v2\/product_tag?post=21239"}],"curies":[{"name":"wp","href":"https:\/\/api.w.org\/{rel}","templated":true}]}}