{"id":21250,"date":"2024-10-06T22:26:44","date_gmt":"2024-10-06T22:26:44","guid":{"rendered":"https:\/\/sanmorrisbags.com\/product\/kod-1389\/"},"modified":"2024-10-06T22:26:44","modified_gmt":"2024-10-06T22:26:44","slug":"kod-1389","status":"publish","type":"product","link":"https:\/\/sanmorrisbags.com\/tr\/product\/kod-1389\/","title":{"rendered":"Kod: 1389"},"content":{"rendered":"<h3>Sanmorris \u00c7ok B\u00f6lmeli \u00c7apraz \u00c7anta<\/h3>\n<p>Geni\u015f renk yelpazesine sahip Sanmorris \u00e7ok b\u00f6lmeli \u00e7apraz \u00e7antay\u0131 tan\u0131t\u0131yoruz.<\/p>\n<p><strong>\u00dcr\u00fcn \u00d6l\u00e7\u00fcleri:<\/strong><\/p>\n<ul>\n<li>Y\u00fckseklik: 30 cm<\/li>\n<li>Geni\u015flik: 28 cm<\/li>\n<li>Taban Geni\u015fli\u011fi: 12 cm<\/li>\n<\/ul>\n<p>Bu \u00e7anta, t\u00fcm temel e\u015fyalar\u0131n\u0131z i\u00e7in yeterli organizasyon sa\u011flayan 6 ayr\u0131 metal fermuarl\u0131 b\u00f6lmeye sahiptir. Zarafetini art\u0131rmak i\u00e7in dayan\u0131kl\u0131 siyah aksesuarlar kullan\u0131lm\u0131\u015ft\u0131r ve \u00e7antan\u0131n \u015f\u0131k g\u00f6r\u00fcn\u00fcm\u00fcn\u00fc korumas\u0131n\u0131 sa\u011flar. Y\u00fcksek kaliteli suni deri ve astarla <a href=\"https:\/\/en.wikipedia.org\/wiki\/Turkey#:~:text=Learn%20about%20Turkey,%20a%20country%20in%20West%20Asia%20and%20Southeast\">T\u00fcrkiye<\/a>&#8216;de \u00fcretilen bu \u00e7anta, anneler veya birden fazla e\u015fyay\u0131 kolayl\u0131kla ta\u015f\u0131mak isteyen herkes i\u00e7in m\u00fckemmeldir. Ayarlanabilir \u00e7apraz ask\u0131, \u00f6zelle\u015ftirilebilir bir uyum sa\u011flar ve \u015f\u0131k bir el \u00e7antas\u0131 olarak kullan\u0131lmak \u00fczere \u00e7\u0131kar\u0131labilir. <strong>Renk Se\u00e7enekleri:<\/strong> \u00c7ift renkli modellerimiz i\u00e7in, listelenen ilk renk \u00e7antan\u0131n g\u00f6vdesini ifade ederken, ikinci renk ask\u0131y\u0131, fermuar\u0131 ve vurgulu ayr\u0131nt\u0131lar\u0131 ifade eder. Ayr\u0131ca \u00e7e\u015fitli stillere uymas\u0131 i\u00e7in d\u00fcz renk se\u00e7enekleri de sunuyoruz. <strong>Bak\u0131m Talimatlar\u0131:<\/strong> Kolay bak\u0131m i\u00e7in nemli bir bezle temizleyin. <\/p>\n<p><b><a href=\"https:\/\/www.sanmorrisbags.com\/contact\">Fiyatland\u0131rma<\/a> Hakk\u0131nda Bilgi Al\u0131n<\/b><\/p>\n","protected":false},"excerpt":{"rendered":"<p>Sanmorris \u00c7ok B\u00f6lmeli \u00c7apraz \u00c7anta Geni\u015f renk yelpazesine sahip Sanmorris \u00e7ok b\u00f6lmeli \u00e7apraz \u00e7antay\u0131 tan\u0131t\u0131yoruz. \u00dcr\u00fcn \u00d6l\u00e7\u00fcleri: Y\u00fckseklik: 30 cm Geni\u015flik: 28 cm Taban Geni\u015fli\u011fi: 12 cm Bu \u00e7anta, t\u00fcm temel e\u015fyalar\u0131n\u0131z i\u00e7in yeterli organizasyon sa\u011flayan 6 ayr\u0131 metal fermuarl\u0131 b\u00f6lmeye sahiptir. Zarafetini art\u0131rmak i\u00e7in dayan\u0131kl\u0131 siyah aksesuarlar kullan\u0131lm\u0131\u015ft\u0131r ve \u00e7antan\u0131n \u015f\u0131k g\u00f6r\u00fcn\u00fcm\u00fcn\u00fc korumas\u0131n\u0131 sa\u011flar. [&hellip;]<\/p>\n","protected":false},"featured_media":19742,"comment_status":"closed","ping_status":"closed","template":"","meta":[],"product_brand":[],"product_cat":[64,66],"product_tag":[],"class_list":{"0":"post-21250","1":"product","2":"type-product","3":"status-publish","4":"has-post-thumbnail","6":"product_cat-el-cantasi","7":"product_cat-omuz-cantasi","8":"pa_color-haki-taba","9":"pa_color-haki-taba-saten","10":"pa_color-kirmizi-siyah","11":"pa_color-krem","12":"pa_color-krem-vizon","13":"pa_color-lacivert","14":"pa_color-petrol-siyah","15":"pa_color-platin","16":"pa_color-siyah-mat","17":"pa_color-siyah-saten","18":"pa_color-siyah-taba","19":"pa_color-siyah-vizon","20":"pa_color-taba","21":"pa_color-vizon","23":"first","24":"instock","25":"shipping-taxable","26":"purchasable","27":"product-type-variable","28":"wvs-archive-product-wrapper"},"yoast_head":"<!-- This site is optimized with the Yoast SEO Premium plugin v25.4 (Yoast SEO v27.4) - https:\/\/yoast.com\/product\/yoast-seo-premium-wordpress\/ -->\n<title>Sanmorris \u00e7ok b\u00f6lmeli \u00e7apraz \u00e7anta - Sanmorris Bags<\/title>\n<meta name=\"description\" content=\"Sanmorris \u00e7ok b\u00f6lmeli \u00e7apraz ask\u0131l\u0131 \u00e7anta. Sanmorris \u00e7ok b\u00f6lmeli \u00e7apraz ask\u0131l\u0131 \u00e7anta g\u00fcnl\u00fck kullan\u0131m i\u00e7in g\u00fcnl\u00fck k\u0131yafetlerle uyumludur\" \/>\n<meta name=\"robots\" content=\"index, follow, max-snippet:-1, max-image-preview:large, max-video-preview:-1\" \/>\n<link rel=\"canonical\" href=\"https:\/\/sanmorrisbags.com\/tr\/product\/kod-1389\/\" \/>\n<meta property=\"og:locale\" content=\"tr_TR\" \/>\n<meta property=\"og:type\" content=\"article\" \/>\n<meta property=\"og:title\" content=\"Kod: 1389\" \/>\n<meta property=\"og:description\" content=\"Sanmorris \u00e7ok b\u00f6lmeli \u00e7apraz ask\u0131l\u0131 \u00e7anta. Sanmorris \u00e7ok b\u00f6lmeli \u00e7apraz ask\u0131l\u0131 \u00e7anta g\u00fcnl\u00fck kullan\u0131m i\u00e7in g\u00fcnl\u00fck k\u0131yafetlerle uyumludur\" \/>\n<meta property=\"og:url\" content=\"https:\/\/sanmorrisbags.com\/tr\/product\/kod-1389\/\" \/>\n<meta property=\"og:site_name\" content=\"Sanmorris Bags\" \/>\n<meta property=\"article:publisher\" content=\"https:\/\/www.facebook.com\/sanmorrisbags\" \/>\n<meta property=\"og:image\" content=\"https:\/\/sanmorrisbags.com\/wp-content\/uploads\/2024\/10\/94-1.jpg\" \/>\n\t<meta property=\"og:image:width\" content=\"1200\" \/>\n\t<meta property=\"og:image:height\" content=\"1800\" \/>\n\t<meta property=\"og:image:type\" content=\"image\/jpeg\" \/>\n<meta name=\"twitter:card\" content=\"summary_large_image\" \/>\n<meta name=\"twitter:site\" content=\"@sanmorrisbag\" \/>\n<meta name=\"twitter:label1\" content=\"Durumu\" \/>\n\t<meta name=\"twitter:data1\" content=\"Stokta var\" \/>\n<script type=\"application\/ld+json\" class=\"yoast-schema-graph\">{\"@context\":\"https:\\\/\\\/schema.org\",\"@graph\":[{\"@type\":\"WebPage\",\"@id\":\"https:\\\/\\\/sanmorrisbags.com\\\/tr\\\/product\\\/kod-1389\\\/\",\"url\":\"https:\\\/\\\/sanmorrisbags.com\\\/tr\\\/product\\\/kod-1389\\\/\",\"name\":\"Sanmorris \u00e7ok b\u00f6lmeli \u00e7apraz \u00e7anta - Sanmorris Bags\",\"isPartOf\":{\"@id\":\"https:\\\/\\\/sanmorrisbags.com\\\/tr\\\/#website\"},\"primaryImageOfPage\":{\"@id\":\"https:\\\/\\\/sanmorrisbags.com\\\/tr\\\/product\\\/kod-1389\\\/#primaryimage\"},\"image\":{\"@id\":\"https:\\\/\\\/sanmorrisbags.com\\\/tr\\\/product\\\/kod-1389\\\/#primaryimage\"},\"thumbnailUrl\":\"https:\\\/\\\/sanmorrisbags.com\\\/wp-content\\\/uploads\\\/2024\\\/10\\\/94-1.jpg\",\"datePublished\":\"2024-10-06T22:26:44+00:00\",\"description\":\"Sanmorris \u00e7ok b\u00f6lmeli \u00e7apraz ask\u0131l\u0131 \u00e7anta. Sanmorris \u00e7ok b\u00f6lmeli \u00e7apraz ask\u0131l\u0131 \u00e7anta g\u00fcnl\u00fck kullan\u0131m i\u00e7in g\u00fcnl\u00fck k\u0131yafetlerle uyumludur\",\"breadcrumb\":{\"@id\":\"https:\\\/\\\/sanmorrisbags.com\\\/tr\\\/product\\\/kod-1389\\\/#breadcrumb\"},\"inLanguage\":\"tr\",\"potentialAction\":[{\"@type\":\"ReadAction\",\"target\":[\"https:\\\/\\\/sanmorrisbags.com\\\/tr\\\/product\\\/kod-1389\\\/\"]}]},{\"@type\":\"ImageObject\",\"inLanguage\":\"tr\",\"@id\":\"https:\\\/\\\/sanmorrisbags.com\\\/tr\\\/product\\\/kod-1389\\\/#primaryimage\",\"url\":\"https:\\\/\\\/sanmorrisbags.com\\\/wp-content\\\/uploads\\\/2024\\\/10\\\/94-1.jpg\",\"contentUrl\":\"https:\\\/\\\/sanmorrisbags.com\\\/wp-content\\\/uploads\\\/2024\\\/10\\\/94-1.jpg\",\"width\":1200,\"height\":1800,\"caption\":\"Sanmorris multi-compartment crossbody bag\"},{\"@type\":\"BreadcrumbList\",\"@id\":\"https:\\\/\\\/sanmorrisbags.com\\\/tr\\\/product\\\/kod-1389\\\/#breadcrumb\",\"itemListElement\":[{\"@type\":\"ListItem\",\"position\":1,\"name\":\"Home\",\"item\":\"https:\\\/\\\/sanmorrisbags.com\\\/tr\\\/home\\\/\"},{\"@type\":\"ListItem\",\"position\":2,\"name\":\"Shop\",\"item\":\"https:\\\/\\\/sanmorrisbags.com\\\/shop\\\/\"},{\"@type\":\"ListItem\",\"position\":3,\"name\":\"Kod: 1389\"}]},{\"@type\":\"WebSite\",\"@id\":\"https:\\\/\\\/sanmorrisbags.com\\\/tr\\\/#website\",\"url\":\"https:\\\/\\\/sanmorrisbags.com\\\/tr\\\/\",\"name\":\"Sanmorris Bags\",\"description\":\"\",\"publisher\":{\"@id\":\"https:\\\/\\\/sanmorrisbags.com\\\/tr\\\/#organization\"},\"potentialAction\":[{\"@type\":\"SearchAction\",\"target\":{\"@type\":\"EntryPoint\",\"urlTemplate\":\"https:\\\/\\\/sanmorrisbags.com\\\/tr\\\/?s={search_term_string}\"},\"query-input\":{\"@type\":\"PropertyValueSpecification\",\"valueRequired\":true,\"valueName\":\"search_term_string\"}}],\"inLanguage\":\"tr\"},{\"@type\":\"Organization\",\"@id\":\"https:\\\/\\\/sanmorrisbags.com\\\/tr\\\/#organization\",\"name\":\"Sanmorris Bags\",\"url\":\"https:\\\/\\\/sanmorrisbags.com\\\/tr\\\/\",\"logo\":{\"@type\":\"ImageObject\",\"inLanguage\":\"tr\",\"@id\":\"https:\\\/\\\/sanmorrisbags.com\\\/tr\\\/#\\\/schema\\\/logo\\\/image\\\/\",\"url\":\"https:\\\/\\\/sanmorrisbags.com\\\/wp-content\\\/uploads\\\/2023\\\/02\\\/Logo-new.png\",\"contentUrl\":\"https:\\\/\\\/sanmorrisbags.com\\\/wp-content\\\/uploads\\\/2023\\\/02\\\/Logo-new.png\",\"width\":1000,\"height\":1000,\"caption\":\"Sanmorris Bags\"},\"image\":{\"@id\":\"https:\\\/\\\/sanmorrisbags.com\\\/tr\\\/#\\\/schema\\\/logo\\\/image\\\/\"},\"sameAs\":[\"https:\\\/\\\/www.facebook.com\\\/sanmorrisbags\",\"https:\\\/\\\/x.com\\\/sanmorrisbag\",\"https:\\\/\\\/www.instagram.com\\\/sanmorrisbag\\\/\"]}]}<\/script>\n<meta property=\"og:availability\" content=\"instock\" \/>\n<meta property=\"product:availability\" content=\"instock\" \/>\n<meta property=\"product:condition\" content=\"new\" \/>\n<!-- \/ Yoast SEO Premium plugin. -->","yoast_head_json":{"title":"Sanmorris \u00e7ok b\u00f6lmeli \u00e7apraz \u00e7anta - Sanmorris Bags","description":"Sanmorris \u00e7ok b\u00f6lmeli \u00e7apraz ask\u0131l\u0131 \u00e7anta. Sanmorris \u00e7ok b\u00f6lmeli \u00e7apraz ask\u0131l\u0131 \u00e7anta g\u00fcnl\u00fck kullan\u0131m i\u00e7in g\u00fcnl\u00fck k\u0131yafetlerle uyumludur","robots":{"index":"index","follow":"follow","max-snippet":"max-snippet:-1","max-image-preview":"max-image-preview:large","max-video-preview":"max-video-preview:-1"},"canonical":"https:\/\/sanmorrisbags.com\/tr\/product\/kod-1389\/","og_locale":"tr_TR","og_type":"article","og_title":"Kod: 1389","og_description":"Sanmorris \u00e7ok b\u00f6lmeli \u00e7apraz ask\u0131l\u0131 \u00e7anta. Sanmorris \u00e7ok b\u00f6lmeli \u00e7apraz ask\u0131l\u0131 \u00e7anta g\u00fcnl\u00fck kullan\u0131m i\u00e7in g\u00fcnl\u00fck k\u0131yafetlerle uyumludur","og_url":"https:\/\/sanmorrisbags.com\/tr\/product\/kod-1389\/","og_site_name":"Sanmorris Bags","article_publisher":"https:\/\/www.facebook.com\/sanmorrisbags","og_image":[{"width":1200,"height":1800,"url":"https:\/\/sanmorrisbags.com\/wp-content\/uploads\/2024\/10\/94-1.jpg","type":"image\/jpeg"}],"twitter_card":"summary_large_image","twitter_site":"@sanmorrisbag","twitter_misc":{"Durumu":"Stokta var"},"schema":{"@context":"https:\/\/schema.org","@graph":[{"@type":"WebPage","@id":"https:\/\/sanmorrisbags.com\/tr\/product\/kod-1389\/","url":"https:\/\/sanmorrisbags.com\/tr\/product\/kod-1389\/","name":"Sanmorris \u00e7ok b\u00f6lmeli \u00e7apraz \u00e7anta - Sanmorris Bags","isPartOf":{"@id":"https:\/\/sanmorrisbags.com\/tr\/#website"},"primaryImageOfPage":{"@id":"https:\/\/sanmorrisbags.com\/tr\/product\/kod-1389\/#primaryimage"},"image":{"@id":"https:\/\/sanmorrisbags.com\/tr\/product\/kod-1389\/#primaryimage"},"thumbnailUrl":"https:\/\/sanmorrisbags.com\/wp-content\/uploads\/2024\/10\/94-1.jpg","datePublished":"2024-10-06T22:26:44+00:00","description":"Sanmorris \u00e7ok b\u00f6lmeli \u00e7apraz ask\u0131l\u0131 \u00e7anta. Sanmorris \u00e7ok b\u00f6lmeli \u00e7apraz ask\u0131l\u0131 \u00e7anta g\u00fcnl\u00fck kullan\u0131m i\u00e7in g\u00fcnl\u00fck k\u0131yafetlerle uyumludur","breadcrumb":{"@id":"https:\/\/sanmorrisbags.com\/tr\/product\/kod-1389\/#breadcrumb"},"inLanguage":"tr","potentialAction":[{"@type":"ReadAction","target":["https:\/\/sanmorrisbags.com\/tr\/product\/kod-1389\/"]}]},{"@type":"ImageObject","inLanguage":"tr","@id":"https:\/\/sanmorrisbags.com\/tr\/product\/kod-1389\/#primaryimage","url":"https:\/\/sanmorrisbags.com\/wp-content\/uploads\/2024\/10\/94-1.jpg","contentUrl":"https:\/\/sanmorrisbags.com\/wp-content\/uploads\/2024\/10\/94-1.jpg","width":1200,"height":1800,"caption":"Sanmorris multi-compartment crossbody bag"},{"@type":"BreadcrumbList","@id":"https:\/\/sanmorrisbags.com\/tr\/product\/kod-1389\/#breadcrumb","itemListElement":[{"@type":"ListItem","position":1,"name":"Home","item":"https:\/\/sanmorrisbags.com\/tr\/home\/"},{"@type":"ListItem","position":2,"name":"Shop","item":"https:\/\/sanmorrisbags.com\/shop\/"},{"@type":"ListItem","position":3,"name":"Kod: 1389"}]},{"@type":"WebSite","@id":"https:\/\/sanmorrisbags.com\/tr\/#website","url":"https:\/\/sanmorrisbags.com\/tr\/","name":"Sanmorris Bags","description":"","publisher":{"@id":"https:\/\/sanmorrisbags.com\/tr\/#organization"},"potentialAction":[{"@type":"SearchAction","target":{"@type":"EntryPoint","urlTemplate":"https:\/\/sanmorrisbags.com\/tr\/?s={search_term_string}"},"query-input":{"@type":"PropertyValueSpecification","valueRequired":true,"valueName":"search_term_string"}}],"inLanguage":"tr"},{"@type":"Organization","@id":"https:\/\/sanmorrisbags.com\/tr\/#organization","name":"Sanmorris Bags","url":"https:\/\/sanmorrisbags.com\/tr\/","logo":{"@type":"ImageObject","inLanguage":"tr","@id":"https:\/\/sanmorrisbags.com\/tr\/#\/schema\/logo\/image\/","url":"https:\/\/sanmorrisbags.com\/wp-content\/uploads\/2023\/02\/Logo-new.png","contentUrl":"https:\/\/sanmorrisbags.com\/wp-content\/uploads\/2023\/02\/Logo-new.png","width":1000,"height":1000,"caption":"Sanmorris Bags"},"image":{"@id":"https:\/\/sanmorrisbags.com\/tr\/#\/schema\/logo\/image\/"},"sameAs":["https:\/\/www.facebook.com\/sanmorrisbags","https:\/\/x.com\/sanmorrisbag","https:\/\/www.instagram.com\/sanmorrisbag\/"]}]},"og_availability":"instock","product_availability":"instock","product_condition":"new"},"_links":{"self":[{"href":"https:\/\/sanmorrisbags.com\/tr\/wp-json\/wp\/v2\/product\/21250","targetHints":{"allow":["GET"]}}],"collection":[{"href":"https:\/\/sanmorrisbags.com\/tr\/wp-json\/wp\/v2\/product"}],"about":[{"href":"https:\/\/sanmorrisbags.com\/tr\/wp-json\/wp\/v2\/types\/product"}],"replies":[{"embeddable":true,"href":"https:\/\/sanmorrisbags.com\/tr\/wp-json\/wp\/v2\/comments?post=21250"}],"wp:featuredmedia":[{"embeddable":true,"href":"https:\/\/sanmorrisbags.com\/tr\/wp-json\/wp\/v2\/media\/19742"}],"wp:attachment":[{"href":"https:\/\/sanmorrisbags.com\/tr\/wp-json\/wp\/v2\/media?parent=21250"}],"wp:term":[{"taxonomy":"product_brand","embeddable":true,"href":"https:\/\/sanmorrisbags.com\/tr\/wp-json\/wp\/v2\/product_brand?post=21250"},{"taxonomy":"product_cat","embeddable":true,"href":"https:\/\/sanmorrisbags.com\/tr\/wp-json\/wp\/v2\/product_cat?post=21250"},{"taxonomy":"product_tag","embeddable":true,"href":"https:\/\/sanmorrisbags.com\/tr\/wp-json\/wp\/v2\/product_tag?post=21250"}],"curies":[{"name":"wp","href":"https:\/\/api.w.org\/{rel}","templated":true}]}}