{"id":21266,"date":"2024-10-06T22:25:16","date_gmt":"2024-10-06T22:25:16","guid":{"rendered":"https:\/\/sanmorrisbags.com\/product\/kod-1383\/"},"modified":"2024-10-06T22:25:16","modified_gmt":"2024-10-06T22:25:16","slug":"kod-1383","status":"publish","type":"product","link":"https:\/\/sanmorrisbags.com\/tr\/product\/kod-1383\/","title":{"rendered":"Kod: 1383"},"content":{"rendered":"<h3>Sanmorris Ayarlanabilir \u00c7apraz Ask\u0131l\u0131 \u00c7ok B\u00f6lmeli El ve Omuz \u00c7antas\u0131<\/h3>\n<p>Koleksiyonumuzda yer alan Sanmorris ayarlanabilir \u00e7apraz el ve omuz \u00e7antas\u0131n\u0131 tan\u0131t\u0131yoruz.<\/p>\n<p><strong>\u00dcr\u00fcn \u00d6l\u00e7\u00fcleri:<\/strong><\/p>\n<ul>\n<li>Geni\u015flik: 30 cm<\/li>\n<li>Y\u00fckseklik: 22 cm<\/li>\n<li>Taban Geni\u015fli\u011fi: 14 cm<\/li>\n<\/ul>\n<p>Bu \u015f\u0131k \u00e7anta, yumu\u015fak dokusu ve dayan\u0131kl\u0131 astar\u0131 ile y\u00fcksek kaliteli saten kuma\u015ftan T\u00fcrkiye&#8217;de \u00fcretilmi\u015ftir. Ayarlanabilir \u00e7apraz ask\u0131, uzunlu\u011fu tercihinize g\u00f6re \u00f6zelle\u015ftirmenizi sa\u011flar. \u00c7ok say\u0131da b\u00f6lmesi ve geni\u015f i\u00e7 k\u0131sm\u0131 ile pratikli\u011fi zarafetle zahmetsizce bir araya getirerek g\u00fcnl\u00fck k\u0131yafetleriniz i\u00e7in vazge\u00e7ilmez bir aksesuar haline getirir. Daha fazla \u00e7ok y\u00f6nl\u00fcl\u00fck i\u00e7in \u00e7apraz ask\u0131 tamamen \u00e7\u0131kar\u0131labilir ve \u015f\u0131k bir el \u00e7antas\u0131 olarak kullanabilirsiniz. <strong>Bak\u0131m Talimatlar\u0131:<\/strong> Kolay bak\u0131m i\u00e7in nemli bir bezle temizleyin.  <\/p>\n<p><strong>\u00d6zellikler:<\/strong><\/p>\n<ul>\n<li>Suya dayan\u0131kl\u0131 kuma\u015f kalitesi.<\/li>\n<li>L\u00fcks saten malzemeden \u00fcretilmi\u015ftir.<\/li>\n<li>Renk detaylar\u0131: Siyah taban, kahverengi ask\u0131lar.<\/li>\n<\/ul>\n","protected":false},"excerpt":{"rendered":"<p>Sanmorris Ayarlanabilir \u00c7apraz Ask\u0131l\u0131 \u00c7ok B\u00f6lmeli El ve Omuz \u00c7antas\u0131 Koleksiyonumuzda yer alan Sanmorris ayarlanabilir \u00e7apraz el ve omuz \u00e7antas\u0131n\u0131 tan\u0131t\u0131yoruz. \u00dcr\u00fcn \u00d6l\u00e7\u00fcleri: Geni\u015flik: 30 cm Y\u00fckseklik: 22 cm Taban Geni\u015fli\u011fi: 14 cm Bu \u015f\u0131k \u00e7anta, yumu\u015fak dokusu ve dayan\u0131kl\u0131 astar\u0131 ile y\u00fcksek kaliteli saten kuma\u015ftan T\u00fcrkiye&#8217;de \u00fcretilmi\u015ftir. Ayarlanabilir \u00e7apraz ask\u0131, uzunlu\u011fu tercihinize g\u00f6re \u00f6zelle\u015ftirmenizi [&hellip;]<\/p>\n","protected":false},"featured_media":19752,"comment_status":"closed","ping_status":"closed","template":"","meta":[],"product_brand":[],"product_cat":[64,66],"product_tag":[],"class_list":{"0":"post-21266","1":"product","2":"type-product","3":"status-publish","4":"has-post-thumbnail","6":"product_cat-el-cantasi","7":"product_cat-omuz-cantasi","8":"pa_color-haki","9":"pa_color-krem","10":"pa_color-kum","11":"pa_color-lacivert","12":"pa_color-siyah-mat","13":"pa_color-siyah-saten","14":"pa_color-siyah-taba","15":"pa_color-taba","17":"first","18":"instock","19":"shipping-taxable","20":"purchasable","21":"product-type-variable","22":"wvs-archive-product-wrapper"},"yoast_head":"<!-- This site is optimized with the Yoast SEO Premium plugin v25.4 (Yoast SEO v27.6) - https:\/\/yoast.com\/product\/yoast-seo-premium-wordpress\/ -->\n<title>Sanmorris Ayarlanabilir Omuz \u00c7antas\u0131 - Sanmorris Bags<\/title>\n<meta name=\"description\" content=\"Sanmorris Ayarlanabilir Omuz \u00c7antas\u0131. L\u00fcks saten malzemeden \u00fcretilmi\u015ftir. \u00c7apraz ask\u0131 tamamen \u00e7\u0131kar\u0131labilir, b\u00f6ylece \u00e7anta olarak kullanabilirsiniz.\" \/>\n<meta name=\"robots\" content=\"index, follow, max-snippet:-1, max-image-preview:large, max-video-preview:-1\" \/>\n<link rel=\"canonical\" href=\"https:\/\/sanmorrisbags.com\/tr\/product\/kod-1383\/\" \/>\n<meta property=\"og:locale\" content=\"tr_TR\" \/>\n<meta property=\"og:type\" content=\"article\" \/>\n<meta property=\"og:title\" content=\"Kod: 1383\" \/>\n<meta property=\"og:description\" content=\"Sanmorris Ayarlanabilir Omuz \u00c7antas\u0131. L\u00fcks saten malzemeden \u00fcretilmi\u015ftir. \u00c7apraz ask\u0131 tamamen \u00e7\u0131kar\u0131labilir, b\u00f6ylece \u00e7anta olarak kullanabilirsiniz.\" \/>\n<meta property=\"og:url\" content=\"https:\/\/sanmorrisbags.com\/tr\/product\/kod-1383\/\" \/>\n<meta property=\"og:site_name\" content=\"Sanmorris Bags\" \/>\n<meta property=\"article:publisher\" content=\"https:\/\/www.facebook.com\/sanmorrisbags\" \/>\n<meta property=\"og:image\" content=\"https:\/\/sanmorrisbags.com\/wp-content\/uploads\/2024\/10\/10-2.jpg\" \/>\n\t<meta property=\"og:image:width\" content=\"1200\" \/>\n\t<meta property=\"og:image:height\" content=\"1800\" \/>\n\t<meta property=\"og:image:type\" content=\"image\/jpeg\" \/>\n<meta name=\"twitter:card\" content=\"summary_large_image\" \/>\n<meta name=\"twitter:site\" content=\"@sanmorrisbag\" \/>\n<meta name=\"twitter:label1\" content=\"Durumu\" \/>\n\t<meta name=\"twitter:data1\" content=\"Stokta var\" \/>\n<script type=\"application\/ld+json\" class=\"yoast-schema-graph\">{\"@context\":\"https:\\\/\\\/schema.org\",\"@graph\":[{\"@type\":\"WebPage\",\"@id\":\"https:\\\/\\\/sanmorrisbags.com\\\/tr\\\/product\\\/kod-1383\\\/\",\"url\":\"https:\\\/\\\/sanmorrisbags.com\\\/tr\\\/product\\\/kod-1383\\\/\",\"name\":\"Sanmorris Ayarlanabilir Omuz \u00c7antas\u0131 - Sanmorris Bags\",\"isPartOf\":{\"@id\":\"https:\\\/\\\/sanmorrisbags.com\\\/tr\\\/#website\"},\"primaryImageOfPage\":{\"@id\":\"https:\\\/\\\/sanmorrisbags.com\\\/tr\\\/product\\\/kod-1383\\\/#primaryimage\"},\"image\":{\"@id\":\"https:\\\/\\\/sanmorrisbags.com\\\/tr\\\/product\\\/kod-1383\\\/#primaryimage\"},\"thumbnailUrl\":\"https:\\\/\\\/sanmorrisbags.com\\\/wp-content\\\/uploads\\\/2024\\\/10\\\/10-2.jpg\",\"datePublished\":\"2024-10-06T22:25:16+00:00\",\"description\":\"Sanmorris Ayarlanabilir Omuz \u00c7antas\u0131. L\u00fcks saten malzemeden \u00fcretilmi\u015ftir. \u00c7apraz ask\u0131 tamamen \u00e7\u0131kar\u0131labilir, b\u00f6ylece \u00e7anta olarak kullanabilirsiniz.\",\"breadcrumb\":{\"@id\":\"https:\\\/\\\/sanmorrisbags.com\\\/tr\\\/product\\\/kod-1383\\\/#breadcrumb\"},\"inLanguage\":\"tr\",\"potentialAction\":[{\"@type\":\"ReadAction\",\"target\":[\"https:\\\/\\\/sanmorrisbags.com\\\/tr\\\/product\\\/kod-1383\\\/\"]}]},{\"@type\":\"ImageObject\",\"inLanguage\":\"tr\",\"@id\":\"https:\\\/\\\/sanmorrisbags.com\\\/tr\\\/product\\\/kod-1383\\\/#primaryimage\",\"url\":\"https:\\\/\\\/sanmorrisbags.com\\\/wp-content\\\/uploads\\\/2024\\\/10\\\/10-2.jpg\",\"contentUrl\":\"https:\\\/\\\/sanmorrisbags.com\\\/wp-content\\\/uploads\\\/2024\\\/10\\\/10-2.jpg\",\"width\":1200,\"height\":1800,\"caption\":\"Sanmorris adjustable crossbody hand and shoulder bag in black\"},{\"@type\":\"BreadcrumbList\",\"@id\":\"https:\\\/\\\/sanmorrisbags.com\\\/tr\\\/product\\\/kod-1383\\\/#breadcrumb\",\"itemListElement\":[{\"@type\":\"ListItem\",\"position\":1,\"name\":\"Home\",\"item\":\"https:\\\/\\\/sanmorrisbags.com\\\/tr\\\/home\\\/\"},{\"@type\":\"ListItem\",\"position\":2,\"name\":\"Shop\",\"item\":\"https:\\\/\\\/sanmorrisbags.com\\\/shop\\\/\"},{\"@type\":\"ListItem\",\"position\":3,\"name\":\"Kod: 1383\"}]},{\"@type\":\"WebSite\",\"@id\":\"https:\\\/\\\/sanmorrisbags.com\\\/tr\\\/#website\",\"url\":\"https:\\\/\\\/sanmorrisbags.com\\\/tr\\\/\",\"name\":\"Sanmorris Bags\",\"description\":\"\",\"publisher\":{\"@id\":\"https:\\\/\\\/sanmorrisbags.com\\\/tr\\\/#organization\"},\"potentialAction\":[{\"@type\":\"SearchAction\",\"target\":{\"@type\":\"EntryPoint\",\"urlTemplate\":\"https:\\\/\\\/sanmorrisbags.com\\\/tr\\\/?s={search_term_string}\"},\"query-input\":{\"@type\":\"PropertyValueSpecification\",\"valueRequired\":true,\"valueName\":\"search_term_string\"}}],\"inLanguage\":\"tr\"},{\"@type\":\"Organization\",\"@id\":\"https:\\\/\\\/sanmorrisbags.com\\\/tr\\\/#organization\",\"name\":\"Sanmorris Bags\",\"url\":\"https:\\\/\\\/sanmorrisbags.com\\\/tr\\\/\",\"logo\":{\"@type\":\"ImageObject\",\"inLanguage\":\"tr\",\"@id\":\"https:\\\/\\\/sanmorrisbags.com\\\/tr\\\/#\\\/schema\\\/logo\\\/image\\\/\",\"url\":\"https:\\\/\\\/sanmorrisbags.com\\\/wp-content\\\/uploads\\\/2023\\\/02\\\/Logo-new.png\",\"contentUrl\":\"https:\\\/\\\/sanmorrisbags.com\\\/wp-content\\\/uploads\\\/2023\\\/02\\\/Logo-new.png\",\"width\":1000,\"height\":1000,\"caption\":\"Sanmorris Bags\"},\"image\":{\"@id\":\"https:\\\/\\\/sanmorrisbags.com\\\/tr\\\/#\\\/schema\\\/logo\\\/image\\\/\"},\"sameAs\":[\"https:\\\/\\\/www.facebook.com\\\/sanmorrisbags\",\"https:\\\/\\\/x.com\\\/sanmorrisbag\",\"https:\\\/\\\/www.instagram.com\\\/sanmorrisbag\\\/\"]}]}<\/script>\n<meta property=\"og:availability\" content=\"instock\" \/>\n<meta property=\"product:availability\" content=\"instock\" \/>\n<meta property=\"product:condition\" content=\"new\" \/>\n<!-- \/ Yoast SEO Premium plugin. -->","yoast_head_json":{"title":"Sanmorris Ayarlanabilir Omuz \u00c7antas\u0131 - Sanmorris Bags","description":"Sanmorris Ayarlanabilir Omuz \u00c7antas\u0131. L\u00fcks saten malzemeden \u00fcretilmi\u015ftir. \u00c7apraz ask\u0131 tamamen \u00e7\u0131kar\u0131labilir, b\u00f6ylece \u00e7anta olarak kullanabilirsiniz.","robots":{"index":"index","follow":"follow","max-snippet":"max-snippet:-1","max-image-preview":"max-image-preview:large","max-video-preview":"max-video-preview:-1"},"canonical":"https:\/\/sanmorrisbags.com\/tr\/product\/kod-1383\/","og_locale":"tr_TR","og_type":"article","og_title":"Kod: 1383","og_description":"Sanmorris Ayarlanabilir Omuz \u00c7antas\u0131. L\u00fcks saten malzemeden \u00fcretilmi\u015ftir. \u00c7apraz ask\u0131 tamamen \u00e7\u0131kar\u0131labilir, b\u00f6ylece \u00e7anta olarak kullanabilirsiniz.","og_url":"https:\/\/sanmorrisbags.com\/tr\/product\/kod-1383\/","og_site_name":"Sanmorris Bags","article_publisher":"https:\/\/www.facebook.com\/sanmorrisbags","og_image":[{"width":1200,"height":1800,"url":"https:\/\/sanmorrisbags.com\/wp-content\/uploads\/2024\/10\/10-2.jpg","type":"image\/jpeg"}],"twitter_card":"summary_large_image","twitter_site":"@sanmorrisbag","twitter_misc":{"Durumu":"Stokta var"},"schema":{"@context":"https:\/\/schema.org","@graph":[{"@type":"WebPage","@id":"https:\/\/sanmorrisbags.com\/tr\/product\/kod-1383\/","url":"https:\/\/sanmorrisbags.com\/tr\/product\/kod-1383\/","name":"Sanmorris Ayarlanabilir Omuz \u00c7antas\u0131 - Sanmorris Bags","isPartOf":{"@id":"https:\/\/sanmorrisbags.com\/tr\/#website"},"primaryImageOfPage":{"@id":"https:\/\/sanmorrisbags.com\/tr\/product\/kod-1383\/#primaryimage"},"image":{"@id":"https:\/\/sanmorrisbags.com\/tr\/product\/kod-1383\/#primaryimage"},"thumbnailUrl":"https:\/\/sanmorrisbags.com\/wp-content\/uploads\/2024\/10\/10-2.jpg","datePublished":"2024-10-06T22:25:16+00:00","description":"Sanmorris Ayarlanabilir Omuz \u00c7antas\u0131. L\u00fcks saten malzemeden \u00fcretilmi\u015ftir. \u00c7apraz ask\u0131 tamamen \u00e7\u0131kar\u0131labilir, b\u00f6ylece \u00e7anta olarak kullanabilirsiniz.","breadcrumb":{"@id":"https:\/\/sanmorrisbags.com\/tr\/product\/kod-1383\/#breadcrumb"},"inLanguage":"tr","potentialAction":[{"@type":"ReadAction","target":["https:\/\/sanmorrisbags.com\/tr\/product\/kod-1383\/"]}]},{"@type":"ImageObject","inLanguage":"tr","@id":"https:\/\/sanmorrisbags.com\/tr\/product\/kod-1383\/#primaryimage","url":"https:\/\/sanmorrisbags.com\/wp-content\/uploads\/2024\/10\/10-2.jpg","contentUrl":"https:\/\/sanmorrisbags.com\/wp-content\/uploads\/2024\/10\/10-2.jpg","width":1200,"height":1800,"caption":"Sanmorris adjustable crossbody hand and shoulder bag in black"},{"@type":"BreadcrumbList","@id":"https:\/\/sanmorrisbags.com\/tr\/product\/kod-1383\/#breadcrumb","itemListElement":[{"@type":"ListItem","position":1,"name":"Home","item":"https:\/\/sanmorrisbags.com\/tr\/home\/"},{"@type":"ListItem","position":2,"name":"Shop","item":"https:\/\/sanmorrisbags.com\/shop\/"},{"@type":"ListItem","position":3,"name":"Kod: 1383"}]},{"@type":"WebSite","@id":"https:\/\/sanmorrisbags.com\/tr\/#website","url":"https:\/\/sanmorrisbags.com\/tr\/","name":"Sanmorris Bags","description":"","publisher":{"@id":"https:\/\/sanmorrisbags.com\/tr\/#organization"},"potentialAction":[{"@type":"SearchAction","target":{"@type":"EntryPoint","urlTemplate":"https:\/\/sanmorrisbags.com\/tr\/?s={search_term_string}"},"query-input":{"@type":"PropertyValueSpecification","valueRequired":true,"valueName":"search_term_string"}}],"inLanguage":"tr"},{"@type":"Organization","@id":"https:\/\/sanmorrisbags.com\/tr\/#organization","name":"Sanmorris Bags","url":"https:\/\/sanmorrisbags.com\/tr\/","logo":{"@type":"ImageObject","inLanguage":"tr","@id":"https:\/\/sanmorrisbags.com\/tr\/#\/schema\/logo\/image\/","url":"https:\/\/sanmorrisbags.com\/wp-content\/uploads\/2023\/02\/Logo-new.png","contentUrl":"https:\/\/sanmorrisbags.com\/wp-content\/uploads\/2023\/02\/Logo-new.png","width":1000,"height":1000,"caption":"Sanmorris Bags"},"image":{"@id":"https:\/\/sanmorrisbags.com\/tr\/#\/schema\/logo\/image\/"},"sameAs":["https:\/\/www.facebook.com\/sanmorrisbags","https:\/\/x.com\/sanmorrisbag","https:\/\/www.instagram.com\/sanmorrisbag\/"]}]},"og_availability":"instock","product_availability":"instock","product_condition":"new"},"_links":{"self":[{"href":"https:\/\/sanmorrisbags.com\/tr\/wp-json\/wp\/v2\/product\/21266","targetHints":{"allow":["GET"]}}],"collection":[{"href":"https:\/\/sanmorrisbags.com\/tr\/wp-json\/wp\/v2\/product"}],"about":[{"href":"https:\/\/sanmorrisbags.com\/tr\/wp-json\/wp\/v2\/types\/product"}],"replies":[{"embeddable":true,"href":"https:\/\/sanmorrisbags.com\/tr\/wp-json\/wp\/v2\/comments?post=21266"}],"wp:featuredmedia":[{"embeddable":true,"href":"https:\/\/sanmorrisbags.com\/tr\/wp-json\/wp\/v2\/media\/19752"}],"wp:attachment":[{"href":"https:\/\/sanmorrisbags.com\/tr\/wp-json\/wp\/v2\/media?parent=21266"}],"wp:term":[{"taxonomy":"product_brand","embeddable":true,"href":"https:\/\/sanmorrisbags.com\/tr\/wp-json\/wp\/v2\/product_brand?post=21266"},{"taxonomy":"product_cat","embeddable":true,"href":"https:\/\/sanmorrisbags.com\/tr\/wp-json\/wp\/v2\/product_cat?post=21266"},{"taxonomy":"product_tag","embeddable":true,"href":"https:\/\/sanmorrisbags.com\/tr\/wp-json\/wp\/v2\/product_tag?post=21266"}],"curies":[{"name":"wp","href":"https:\/\/api.w.org\/{rel}","templated":true}]}}