{"id":21276,"date":"2024-10-06T22:23:46","date_gmt":"2024-10-06T22:23:46","guid":{"rendered":"https:\/\/sanmorrisbags.com\/product\/kod-1378\/"},"modified":"2024-10-06T22:23:46","modified_gmt":"2024-10-06T22:23:46","slug":"kod-1378","status":"publish","type":"product","link":"https:\/\/sanmorrisbags.com\/tr\/product\/kod-1378\/","title":{"rendered":"Kod: 1378"},"content":{"rendered":"<h3>Sanmorris \u00c7apraz \u00c7anta \u2013 \u015f\u0131k g\u00fcnl\u00fck \u00e7anta<\/h3>\n<p>Sanmorris \u00e7apraz ask\u0131l\u0131 \u00e7anta, t\u00fcm g\u00fcnl\u00fck maceralar\u0131n\u0131z i\u00e7in i\u015flevselli\u011fi ve moday\u0131 kusursuz bir \u015fekilde bir araya getiren m\u00fckemmel \u015f\u0131k g\u00fcnl\u00fck \u00e7antad\u0131r. Sanmorris \u00e7apraz ask\u0131l\u0131 modelimiz iki b\u00f6lmeye sahiptir ve \u00e7e\u015fitli renk ve kuma\u015f se\u00e7enekleriyle mevcuttur.<\/p>\n<p><strong>Boyutlar:<\/strong><\/p>\n<ul>\n<li>Y\u00fckseklik: 16 cm<\/li>\n<li>Geni\u015flik: 22 cm<\/li>\n<li>Taban Geni\u015fli\u011fi: 6 cm<\/li>\n<\/ul>\n<p>Bu \u00e7anta, y\u00fcksek kaliteli suni deri ve astar kullan\u0131larak T\u00fcrkiye&#8217;de \u00fcretilmi\u015ftir. \u00c7apraz ask\u0131 da suni deriden \u00fcretilmi\u015ftir ve istedi\u011finiz uzunlu\u011fa ayarlanabilir. G\u00fcnl\u00fck kullan\u0131m i\u00e7in m\u00fckemmel olan bu \u00e7anta, hem g\u00fcndelik hem de spor-\u015f\u0131k k\u0131yafetleri tamamlayarak gard\u0131robunuz i\u00e7in \u00e7ok y\u00f6nl\u00fc bir ektir. <\/p>\n<div class=\"group\/conversation-turn relative flex w-full min-w-0 flex-col agent-turn\">\n<div class=\"flex-col gap-1 md:gap-3\">\n<div class=\"flex max-w-full flex-col flex-grow\">\n<div class=\"min-h-8 text-message flex w-full flex-col items-end gap-2 whitespace-normal break-words [.text-message+&amp;]:mt-5\" dir=\"auto\" data-message-author-role=\"assistant\" data-message-id=\"0fb119b3-29bd-48be-9b99-a965d0bc8081\">\n<div class=\"flex w-full flex-col gap-1 empty:hidden first:pt-[3px]\">\n<div class=\"markdown prose w-full break-words dark:prose-invert dark\">\n<p>&nbsp;<\/p>\n<\/div>\n<\/div>\n<\/div>\n<\/div>\n<\/div>\n<\/div>\n<p><strong>Bak\u0131m Talimatlar\u0131:<\/strong> Kolay bak\u0131m i\u00e7in nemli bir bezle temizleyin.<\/p>\n","protected":false},"excerpt":{"rendered":"<p>Sanmorris \u00c7apraz \u00c7anta \u2013 \u015f\u0131k g\u00fcnl\u00fck \u00e7anta Sanmorris \u00e7apraz ask\u0131l\u0131 \u00e7anta, t\u00fcm g\u00fcnl\u00fck maceralar\u0131n\u0131z i\u00e7in i\u015flevselli\u011fi ve moday\u0131 kusursuz bir \u015fekilde bir araya getiren m\u00fckemmel \u015f\u0131k g\u00fcnl\u00fck \u00e7antad\u0131r. Sanmorris \u00e7apraz ask\u0131l\u0131 modelimiz iki b\u00f6lmeye sahiptir ve \u00e7e\u015fitli renk ve kuma\u015f se\u00e7enekleriyle mevcuttur. Boyutlar: Y\u00fckseklik: 16 cm Geni\u015flik: 22 cm Taban Geni\u015fli\u011fi: 6 cm Bu \u00e7anta, [&hellip;]<\/p>\n","protected":false},"featured_media":19769,"comment_status":"closed","ping_status":"closed","template":"","meta":[],"product_brand":[],"product_cat":[63],"product_tag":[],"class_list":{"0":"post-21276","1":"product","2":"type-product","3":"status-publish","4":"has-post-thumbnail","6":"product_cat-capraz-canta","7":"pa_color-beyaz","8":"pa_color-beyaz-yazili","9":"pa_color-haki","10":"pa_color-kirmizi","11":"pa_color-krem","12":"pa_color-krem-yazili","13":"pa_color-kum","14":"pa_color-kum-yazili","15":"pa_color-lacivert","16":"pa_color-siyah-cizgili","17":"pa_color-siyah-damla","18":"pa_color-siyah-mat","19":"pa_color-siyah-mozaik","20":"pa_color-siyah-taba-yazili","21":"pa_color-siyah-yazili","22":"pa_color-taba","23":"pa_color-taba-yazili","25":"first","26":"instock","27":"shipping-taxable","28":"purchasable","29":"product-type-variable","30":"wvs-archive-product-wrapper"},"yoast_head":"<!-- This site is optimized with the Yoast SEO Premium plugin v25.4 (Yoast SEO v27.6) - https:\/\/yoast.com\/product\/yoast-seo-premium-wordpress\/ -->\n<title>\u015e\u0131k g\u00fcnl\u00fck \u00e7anta Kod: 1378 - Sanmorris Bags<\/title>\n<meta name=\"description\" content=\"\u015e\u0131k g\u00fcnl\u00fck \u00e7anta - Sanmorris \u00e7apraz ask\u0131l\u0131 \u00e7anta, g\u00fcnl\u00fck ve spor k\u0131yafetlerle uyumludur - Sanmorris \u00e7apraz ask\u0131l\u0131 \u00e7antan\u0131n y\u00fcksek kaliteli suni deri dokusu\" \/>\n<meta name=\"robots\" content=\"index, follow, max-snippet:-1, max-image-preview:large, max-video-preview:-1\" \/>\n<link rel=\"canonical\" href=\"https:\/\/sanmorrisbags.com\/tr\/product\/kod-1378\/\" \/>\n<meta property=\"og:locale\" content=\"tr_TR\" \/>\n<meta property=\"og:type\" content=\"article\" \/>\n<meta property=\"og:title\" content=\"Kod: 1378\" \/>\n<meta property=\"og:description\" content=\"\u015e\u0131k g\u00fcnl\u00fck \u00e7anta - Sanmorris \u00e7apraz ask\u0131l\u0131 \u00e7anta, g\u00fcnl\u00fck ve spor k\u0131yafetlerle uyumludur - Sanmorris \u00e7apraz ask\u0131l\u0131 \u00e7antan\u0131n y\u00fcksek kaliteli suni deri dokusu\" \/>\n<meta property=\"og:url\" content=\"https:\/\/sanmorrisbags.com\/tr\/product\/kod-1378\/\" \/>\n<meta property=\"og:site_name\" content=\"Sanmorris Bags\" \/>\n<meta property=\"article:publisher\" content=\"https:\/\/www.facebook.com\/sanmorrisbags\" \/>\n<meta property=\"og:image\" content=\"https:\/\/sanmorrisbags.com\/wp-content\/uploads\/2024\/10\/18-2.jpg\" \/>\n\t<meta property=\"og:image:width\" content=\"1200\" \/>\n\t<meta property=\"og:image:height\" content=\"1800\" \/>\n\t<meta property=\"og:image:type\" content=\"image\/jpeg\" \/>\n<meta name=\"twitter:card\" content=\"summary_large_image\" \/>\n<meta name=\"twitter:site\" content=\"@sanmorrisbag\" \/>\n<meta name=\"twitter:label1\" content=\"Durumu\" \/>\n\t<meta name=\"twitter:data1\" content=\"Stokta var\" \/>\n<script type=\"application\/ld+json\" class=\"yoast-schema-graph\">{\"@context\":\"https:\\\/\\\/schema.org\",\"@graph\":[{\"@type\":\"WebPage\",\"@id\":\"https:\\\/\\\/sanmorrisbags.com\\\/tr\\\/product\\\/kod-1378\\\/\",\"url\":\"https:\\\/\\\/sanmorrisbags.com\\\/tr\\\/product\\\/kod-1378\\\/\",\"name\":\"\u015e\u0131k g\u00fcnl\u00fck \u00e7anta Kod: 1378 - Sanmorris Bags\",\"isPartOf\":{\"@id\":\"https:\\\/\\\/sanmorrisbags.com\\\/tr\\\/#website\"},\"primaryImageOfPage\":{\"@id\":\"https:\\\/\\\/sanmorrisbags.com\\\/tr\\\/product\\\/kod-1378\\\/#primaryimage\"},\"image\":{\"@id\":\"https:\\\/\\\/sanmorrisbags.com\\\/tr\\\/product\\\/kod-1378\\\/#primaryimage\"},\"thumbnailUrl\":\"https:\\\/\\\/sanmorrisbags.com\\\/wp-content\\\/uploads\\\/2024\\\/10\\\/18-2.jpg\",\"datePublished\":\"2024-10-06T22:23:46+00:00\",\"description\":\"\u015e\u0131k g\u00fcnl\u00fck \u00e7anta - Sanmorris \u00e7apraz ask\u0131l\u0131 \u00e7anta, g\u00fcnl\u00fck ve spor k\u0131yafetlerle uyumludur - Sanmorris \u00e7apraz ask\u0131l\u0131 \u00e7antan\u0131n y\u00fcksek kaliteli suni deri dokusu\",\"breadcrumb\":{\"@id\":\"https:\\\/\\\/sanmorrisbags.com\\\/tr\\\/product\\\/kod-1378\\\/#breadcrumb\"},\"inLanguage\":\"tr\",\"potentialAction\":[{\"@type\":\"ReadAction\",\"target\":[\"https:\\\/\\\/sanmorrisbags.com\\\/tr\\\/product\\\/kod-1378\\\/\"]}]},{\"@type\":\"ImageObject\",\"inLanguage\":\"tr\",\"@id\":\"https:\\\/\\\/sanmorrisbags.com\\\/tr\\\/product\\\/kod-1378\\\/#primaryimage\",\"url\":\"https:\\\/\\\/sanmorrisbags.com\\\/wp-content\\\/uploads\\\/2024\\\/10\\\/18-2.jpg\",\"contentUrl\":\"https:\\\/\\\/sanmorrisbags.com\\\/wp-content\\\/uploads\\\/2024\\\/10\\\/18-2.jpg\",\"width\":1200,\"height\":1800,\"caption\":\"Stylish everyday bag\"},{\"@type\":\"BreadcrumbList\",\"@id\":\"https:\\\/\\\/sanmorrisbags.com\\\/tr\\\/product\\\/kod-1378\\\/#breadcrumb\",\"itemListElement\":[{\"@type\":\"ListItem\",\"position\":1,\"name\":\"Home\",\"item\":\"https:\\\/\\\/sanmorrisbags.com\\\/tr\\\/home\\\/\"},{\"@type\":\"ListItem\",\"position\":2,\"name\":\"Shop\",\"item\":\"https:\\\/\\\/sanmorrisbags.com\\\/shop\\\/\"},{\"@type\":\"ListItem\",\"position\":3,\"name\":\"Kod: 1378\"}]},{\"@type\":\"WebSite\",\"@id\":\"https:\\\/\\\/sanmorrisbags.com\\\/tr\\\/#website\",\"url\":\"https:\\\/\\\/sanmorrisbags.com\\\/tr\\\/\",\"name\":\"Sanmorris Bags\",\"description\":\"\",\"publisher\":{\"@id\":\"https:\\\/\\\/sanmorrisbags.com\\\/tr\\\/#organization\"},\"potentialAction\":[{\"@type\":\"SearchAction\",\"target\":{\"@type\":\"EntryPoint\",\"urlTemplate\":\"https:\\\/\\\/sanmorrisbags.com\\\/tr\\\/?s={search_term_string}\"},\"query-input\":{\"@type\":\"PropertyValueSpecification\",\"valueRequired\":true,\"valueName\":\"search_term_string\"}}],\"inLanguage\":\"tr\"},{\"@type\":\"Organization\",\"@id\":\"https:\\\/\\\/sanmorrisbags.com\\\/tr\\\/#organization\",\"name\":\"Sanmorris Bags\",\"url\":\"https:\\\/\\\/sanmorrisbags.com\\\/tr\\\/\",\"logo\":{\"@type\":\"ImageObject\",\"inLanguage\":\"tr\",\"@id\":\"https:\\\/\\\/sanmorrisbags.com\\\/tr\\\/#\\\/schema\\\/logo\\\/image\\\/\",\"url\":\"https:\\\/\\\/sanmorrisbags.com\\\/wp-content\\\/uploads\\\/2023\\\/02\\\/Logo-new.png\",\"contentUrl\":\"https:\\\/\\\/sanmorrisbags.com\\\/wp-content\\\/uploads\\\/2023\\\/02\\\/Logo-new.png\",\"width\":1000,\"height\":1000,\"caption\":\"Sanmorris Bags\"},\"image\":{\"@id\":\"https:\\\/\\\/sanmorrisbags.com\\\/tr\\\/#\\\/schema\\\/logo\\\/image\\\/\"},\"sameAs\":[\"https:\\\/\\\/www.facebook.com\\\/sanmorrisbags\",\"https:\\\/\\\/x.com\\\/sanmorrisbag\",\"https:\\\/\\\/www.instagram.com\\\/sanmorrisbag\\\/\"]}]}<\/script>\n<meta property=\"og:availability\" content=\"instock\" \/>\n<meta property=\"product:availability\" content=\"instock\" \/>\n<meta property=\"product:condition\" content=\"new\" \/>\n<!-- \/ Yoast SEO Premium plugin. -->","yoast_head_json":{"title":"\u015e\u0131k g\u00fcnl\u00fck \u00e7anta Kod: 1378 - Sanmorris Bags","description":"\u015e\u0131k g\u00fcnl\u00fck \u00e7anta - Sanmorris \u00e7apraz ask\u0131l\u0131 \u00e7anta, g\u00fcnl\u00fck ve spor k\u0131yafetlerle uyumludur - Sanmorris \u00e7apraz ask\u0131l\u0131 \u00e7antan\u0131n y\u00fcksek kaliteli suni deri dokusu","robots":{"index":"index","follow":"follow","max-snippet":"max-snippet:-1","max-image-preview":"max-image-preview:large","max-video-preview":"max-video-preview:-1"},"canonical":"https:\/\/sanmorrisbags.com\/tr\/product\/kod-1378\/","og_locale":"tr_TR","og_type":"article","og_title":"Kod: 1378","og_description":"\u015e\u0131k g\u00fcnl\u00fck \u00e7anta - Sanmorris \u00e7apraz ask\u0131l\u0131 \u00e7anta, g\u00fcnl\u00fck ve spor k\u0131yafetlerle uyumludur - Sanmorris \u00e7apraz ask\u0131l\u0131 \u00e7antan\u0131n y\u00fcksek kaliteli suni deri dokusu","og_url":"https:\/\/sanmorrisbags.com\/tr\/product\/kod-1378\/","og_site_name":"Sanmorris Bags","article_publisher":"https:\/\/www.facebook.com\/sanmorrisbags","og_image":[{"width":1200,"height":1800,"url":"https:\/\/sanmorrisbags.com\/wp-content\/uploads\/2024\/10\/18-2.jpg","type":"image\/jpeg"}],"twitter_card":"summary_large_image","twitter_site":"@sanmorrisbag","twitter_misc":{"Durumu":"Stokta var"},"schema":{"@context":"https:\/\/schema.org","@graph":[{"@type":"WebPage","@id":"https:\/\/sanmorrisbags.com\/tr\/product\/kod-1378\/","url":"https:\/\/sanmorrisbags.com\/tr\/product\/kod-1378\/","name":"\u015e\u0131k g\u00fcnl\u00fck \u00e7anta Kod: 1378 - Sanmorris Bags","isPartOf":{"@id":"https:\/\/sanmorrisbags.com\/tr\/#website"},"primaryImageOfPage":{"@id":"https:\/\/sanmorrisbags.com\/tr\/product\/kod-1378\/#primaryimage"},"image":{"@id":"https:\/\/sanmorrisbags.com\/tr\/product\/kod-1378\/#primaryimage"},"thumbnailUrl":"https:\/\/sanmorrisbags.com\/wp-content\/uploads\/2024\/10\/18-2.jpg","datePublished":"2024-10-06T22:23:46+00:00","description":"\u015e\u0131k g\u00fcnl\u00fck \u00e7anta - Sanmorris \u00e7apraz ask\u0131l\u0131 \u00e7anta, g\u00fcnl\u00fck ve spor k\u0131yafetlerle uyumludur - Sanmorris \u00e7apraz ask\u0131l\u0131 \u00e7antan\u0131n y\u00fcksek kaliteli suni deri dokusu","breadcrumb":{"@id":"https:\/\/sanmorrisbags.com\/tr\/product\/kod-1378\/#breadcrumb"},"inLanguage":"tr","potentialAction":[{"@type":"ReadAction","target":["https:\/\/sanmorrisbags.com\/tr\/product\/kod-1378\/"]}]},{"@type":"ImageObject","inLanguage":"tr","@id":"https:\/\/sanmorrisbags.com\/tr\/product\/kod-1378\/#primaryimage","url":"https:\/\/sanmorrisbags.com\/wp-content\/uploads\/2024\/10\/18-2.jpg","contentUrl":"https:\/\/sanmorrisbags.com\/wp-content\/uploads\/2024\/10\/18-2.jpg","width":1200,"height":1800,"caption":"Stylish everyday bag"},{"@type":"BreadcrumbList","@id":"https:\/\/sanmorrisbags.com\/tr\/product\/kod-1378\/#breadcrumb","itemListElement":[{"@type":"ListItem","position":1,"name":"Home","item":"https:\/\/sanmorrisbags.com\/tr\/home\/"},{"@type":"ListItem","position":2,"name":"Shop","item":"https:\/\/sanmorrisbags.com\/shop\/"},{"@type":"ListItem","position":3,"name":"Kod: 1378"}]},{"@type":"WebSite","@id":"https:\/\/sanmorrisbags.com\/tr\/#website","url":"https:\/\/sanmorrisbags.com\/tr\/","name":"Sanmorris Bags","description":"","publisher":{"@id":"https:\/\/sanmorrisbags.com\/tr\/#organization"},"potentialAction":[{"@type":"SearchAction","target":{"@type":"EntryPoint","urlTemplate":"https:\/\/sanmorrisbags.com\/tr\/?s={search_term_string}"},"query-input":{"@type":"PropertyValueSpecification","valueRequired":true,"valueName":"search_term_string"}}],"inLanguage":"tr"},{"@type":"Organization","@id":"https:\/\/sanmorrisbags.com\/tr\/#organization","name":"Sanmorris Bags","url":"https:\/\/sanmorrisbags.com\/tr\/","logo":{"@type":"ImageObject","inLanguage":"tr","@id":"https:\/\/sanmorrisbags.com\/tr\/#\/schema\/logo\/image\/","url":"https:\/\/sanmorrisbags.com\/wp-content\/uploads\/2023\/02\/Logo-new.png","contentUrl":"https:\/\/sanmorrisbags.com\/wp-content\/uploads\/2023\/02\/Logo-new.png","width":1000,"height":1000,"caption":"Sanmorris Bags"},"image":{"@id":"https:\/\/sanmorrisbags.com\/tr\/#\/schema\/logo\/image\/"},"sameAs":["https:\/\/www.facebook.com\/sanmorrisbags","https:\/\/x.com\/sanmorrisbag","https:\/\/www.instagram.com\/sanmorrisbag\/"]}]},"og_availability":"instock","product_availability":"instock","product_condition":"new"},"_links":{"self":[{"href":"https:\/\/sanmorrisbags.com\/tr\/wp-json\/wp\/v2\/product\/21276","targetHints":{"allow":["GET"]}}],"collection":[{"href":"https:\/\/sanmorrisbags.com\/tr\/wp-json\/wp\/v2\/product"}],"about":[{"href":"https:\/\/sanmorrisbags.com\/tr\/wp-json\/wp\/v2\/types\/product"}],"replies":[{"embeddable":true,"href":"https:\/\/sanmorrisbags.com\/tr\/wp-json\/wp\/v2\/comments?post=21276"}],"wp:featuredmedia":[{"embeddable":true,"href":"https:\/\/sanmorrisbags.com\/tr\/wp-json\/wp\/v2\/media\/19769"}],"wp:attachment":[{"href":"https:\/\/sanmorrisbags.com\/tr\/wp-json\/wp\/v2\/media?parent=21276"}],"wp:term":[{"taxonomy":"product_brand","embeddable":true,"href":"https:\/\/sanmorrisbags.com\/tr\/wp-json\/wp\/v2\/product_brand?post=21276"},{"taxonomy":"product_cat","embeddable":true,"href":"https:\/\/sanmorrisbags.com\/tr\/wp-json\/wp\/v2\/product_cat?post=21276"},{"taxonomy":"product_tag","embeddable":true,"href":"https:\/\/sanmorrisbags.com\/tr\/wp-json\/wp\/v2\/product_tag?post=21276"}],"curies":[{"name":"wp","href":"https:\/\/api.w.org\/{rel}","templated":true}]}}