{"id":21294,"date":"2024-10-06T22:22:35","date_gmt":"2024-10-06T22:22:35","guid":{"rendered":"https:\/\/sanmorrisbags.com\/product\/kod-1379\/"},"modified":"2024-11-01T13:05:51","modified_gmt":"2024-11-01T13:05:51","slug":"kod-1379","status":"publish","type":"product","link":"https:\/\/sanmorrisbags.com\/tr\/product\/kod-1379\/","title":{"rendered":"Kod: 1379"},"content":{"rendered":"<p>\u00c7e\u015fitli renk ve kuma\u015f se\u00e7enekleriyle sunulan Sanmorris \u0130ki B\u00f6lmeli \u00c7apraz \u00c7anta&#8217;y\u0131 tan\u0131t\u0131yoruz!<\/p>\n<p><strong>Boyutlar:<\/strong><\/p>\n<ul>\n<li>Y\u00fckseklik: 16 cm<\/li>\n<li>Geni\u015flik: 22 cm<\/li>\n<li>Taban Geni\u015fli\u011fi: 6 cm<\/li>\n<\/ul>\n<p>Bu \u015f\u0131k \u00e7anta, y\u00fcksek kaliteli sentetik deri ve astar kullan\u0131larak T\u00fcrkiye&#8217;de \u00fcretilmi\u015ftir. Ayarlanabilir sentetik deri \u00e7apraz ask\u0131, uzunlu\u011fu kendi tercihinize g\u00f6re \u00f6zelle\u015ftirmenizi sa\u011flar. \u0130\u00e7 k\u0131sm\u0131 tamamen Sanmorris kuma\u015fla kaplanm\u0131\u015ft\u0131r ve \u015f\u0131k bir g\u00f6r\u00fcn\u00fcm sa\u011flar. G\u00fcnl\u00fck kullan\u0131m i\u00e7in m\u00fckemmel olan bu \u00e7anta, hem profesyonel k\u0131yafetleri hem de spor-\u015f\u0131k k\u0131yafetleri kusursuz bir \u015fekilde tamamlar. <strong>Bak\u0131m Talimatlar\u0131:<\/strong> Nemli bir bezle temizleyin.  <\/p>\n","protected":false},"excerpt":{"rendered":"<p>\u00c7e\u015fitli renk ve kuma\u015f se\u00e7enekleriyle sunulan Sanmorris \u0130ki B\u00f6lmeli \u00c7apraz \u00c7anta&#8217;y\u0131 tan\u0131t\u0131yoruz! Boyutlar: Y\u00fckseklik: 16 cm Geni\u015flik: 22 cm Taban Geni\u015fli\u011fi: 6 cm Bu \u015f\u0131k \u00e7anta, y\u00fcksek kaliteli sentetik deri ve astar kullan\u0131larak T\u00fcrkiye&#8217;de \u00fcretilmi\u015ftir. Ayarlanabilir sentetik deri \u00e7apraz ask\u0131, uzunlu\u011fu kendi tercihinize g\u00f6re \u00f6zelle\u015ftirmenizi sa\u011flar. \u0130\u00e7 k\u0131sm\u0131 tamamen Sanmorris kuma\u015fla kaplanm\u0131\u015ft\u0131r ve \u015f\u0131k bir [&hellip;]<\/p>\n","protected":false},"featured_media":21666,"comment_status":"closed","ping_status":"closed","template":"","meta":[],"product_brand":[],"product_cat":[64,66],"product_tag":[],"class_list":{"0":"post-21294","1":"product","2":"type-product","3":"status-publish","4":"has-post-thumbnail","6":"product_cat-el-cantasi","7":"product_cat-omuz-cantasi","8":"pa_color-beyaz","9":"pa_color-haki","10":"pa_color-haki-taba","11":"pa_color-krem","12":"pa_color-kum","13":"pa_color-lacivert","14":"pa_color-siyah-damla","15":"pa_color-siyah-mat","16":"pa_color-siyah-mozaik","17":"pa_color-siyah-taba","18":"pa_color-taba","19":"pa_color-vizon","21":"first","22":"instock","23":"shipping-taxable","24":"purchasable","25":"product-type-variable","26":"wvs-archive-product-wrapper"},"yoast_head":"<!-- This site is optimized with the Yoast SEO Premium plugin v25.4 (Yoast SEO v27.6) - https:\/\/yoast.com\/product\/yoast-seo-premium-wordpress\/ -->\n<title>\u00c7ok y\u00f6nl\u00fc g\u00fcnl\u00fck aksesuar - Sanmorris Bags<\/title>\n<meta name=\"description\" content=\"\u00c7ok y\u00f6nl\u00fc g\u00fcnl\u00fck aksesuar Sanmorris iki b\u00f6lmeli \u00e7apraz ask\u0131l\u0131 \u00e7anta \u00e7e\u015fitli renk ve kuma\u015flarda\" \/>\n<meta name=\"robots\" content=\"index, follow, max-snippet:-1, max-image-preview:large, max-video-preview:-1\" \/>\n<link rel=\"canonical\" href=\"https:\/\/sanmorrisbags.com\/tr\/product\/kod-1379\/\" \/>\n<meta property=\"og:locale\" content=\"tr_TR\" \/>\n<meta property=\"og:type\" content=\"article\" \/>\n<meta property=\"og:title\" content=\"Kod: 1379\" \/>\n<meta property=\"og:description\" content=\"\u00c7ok y\u00f6nl\u00fc g\u00fcnl\u00fck aksesuar Sanmorris iki b\u00f6lmeli \u00e7apraz ask\u0131l\u0131 \u00e7anta \u00e7e\u015fitli renk ve kuma\u015flarda\" \/>\n<meta property=\"og:url\" content=\"https:\/\/sanmorrisbags.com\/tr\/product\/kod-1379\/\" \/>\n<meta property=\"og:site_name\" content=\"Sanmorris Bags\" \/>\n<meta property=\"article:publisher\" content=\"https:\/\/www.facebook.com\/sanmorrisbags\" \/>\n<meta property=\"article:modified_time\" content=\"2024-11-01T13:05:51+00:00\" \/>\n<meta property=\"og:image\" content=\"https:\/\/sanmorrisbags.com\/wp-content\/uploads\/2024\/10\/117.jpg\" \/>\n\t<meta property=\"og:image:width\" content=\"1200\" \/>\n\t<meta property=\"og:image:height\" content=\"1800\" \/>\n\t<meta property=\"og:image:type\" content=\"image\/jpeg\" \/>\n<meta name=\"twitter:card\" content=\"summary_large_image\" \/>\n<meta name=\"twitter:site\" content=\"@sanmorrisbag\" \/>\n<meta name=\"twitter:label1\" content=\"Durumu\" \/>\n\t<meta name=\"twitter:data1\" content=\"Stokta var\" \/>\n<script type=\"application\/ld+json\" class=\"yoast-schema-graph\">{\"@context\":\"https:\\\/\\\/schema.org\",\"@graph\":[{\"@type\":\"WebPage\",\"@id\":\"https:\\\/\\\/sanmorrisbags.com\\\/tr\\\/product\\\/kod-1379\\\/\",\"url\":\"https:\\\/\\\/sanmorrisbags.com\\\/tr\\\/product\\\/kod-1379\\\/\",\"name\":\"\u00c7ok y\u00f6nl\u00fc g\u00fcnl\u00fck aksesuar - Sanmorris Bags\",\"isPartOf\":{\"@id\":\"https:\\\/\\\/sanmorrisbags.com\\\/tr\\\/#website\"},\"primaryImageOfPage\":{\"@id\":\"https:\\\/\\\/sanmorrisbags.com\\\/tr\\\/product\\\/kod-1379\\\/#primaryimage\"},\"image\":{\"@id\":\"https:\\\/\\\/sanmorrisbags.com\\\/tr\\\/product\\\/kod-1379\\\/#primaryimage\"},\"thumbnailUrl\":\"https:\\\/\\\/sanmorrisbags.com\\\/wp-content\\\/uploads\\\/2024\\\/10\\\/32-5.jpg\",\"datePublished\":\"2024-10-06T22:22:35+00:00\",\"dateModified\":\"2024-11-01T13:05:51+00:00\",\"description\":\"\u00c7ok y\u00f6nl\u00fc g\u00fcnl\u00fck aksesuar Sanmorris iki b\u00f6lmeli \u00e7apraz ask\u0131l\u0131 \u00e7anta \u00e7e\u015fitli renk ve kuma\u015flarda\",\"breadcrumb\":{\"@id\":\"https:\\\/\\\/sanmorrisbags.com\\\/tr\\\/product\\\/kod-1379\\\/#breadcrumb\"},\"inLanguage\":\"tr\",\"potentialAction\":[{\"@type\":\"ReadAction\",\"target\":[\"https:\\\/\\\/sanmorrisbags.com\\\/tr\\\/product\\\/kod-1379\\\/\"]}]},{\"@type\":\"ImageObject\",\"inLanguage\":\"tr\",\"@id\":\"https:\\\/\\\/sanmorrisbags.com\\\/tr\\\/product\\\/kod-1379\\\/#primaryimage\",\"url\":\"https:\\\/\\\/sanmorrisbags.com\\\/wp-content\\\/uploads\\\/2024\\\/10\\\/32-5.jpg\",\"contentUrl\":\"https:\\\/\\\/sanmorrisbags.com\\\/wp-content\\\/uploads\\\/2024\\\/10\\\/32-5.jpg\",\"width\":1200,\"height\":1800,\"caption\":\"Sanmorris two-compartment crossbody bag\"},{\"@type\":\"BreadcrumbList\",\"@id\":\"https:\\\/\\\/sanmorrisbags.com\\\/tr\\\/product\\\/kod-1379\\\/#breadcrumb\",\"itemListElement\":[{\"@type\":\"ListItem\",\"position\":1,\"name\":\"Home\",\"item\":\"https:\\\/\\\/sanmorrisbags.com\\\/tr\\\/home\\\/\"},{\"@type\":\"ListItem\",\"position\":2,\"name\":\"Shop\",\"item\":\"https:\\\/\\\/sanmorrisbags.com\\\/shop\\\/\"},{\"@type\":\"ListItem\",\"position\":3,\"name\":\"Kod: 1379\"}]},{\"@type\":\"WebSite\",\"@id\":\"https:\\\/\\\/sanmorrisbags.com\\\/tr\\\/#website\",\"url\":\"https:\\\/\\\/sanmorrisbags.com\\\/tr\\\/\",\"name\":\"Sanmorris Bags\",\"description\":\"\",\"publisher\":{\"@id\":\"https:\\\/\\\/sanmorrisbags.com\\\/tr\\\/#organization\"},\"potentialAction\":[{\"@type\":\"SearchAction\",\"target\":{\"@type\":\"EntryPoint\",\"urlTemplate\":\"https:\\\/\\\/sanmorrisbags.com\\\/tr\\\/?s={search_term_string}\"},\"query-input\":{\"@type\":\"PropertyValueSpecification\",\"valueRequired\":true,\"valueName\":\"search_term_string\"}}],\"inLanguage\":\"tr\"},{\"@type\":\"Organization\",\"@id\":\"https:\\\/\\\/sanmorrisbags.com\\\/tr\\\/#organization\",\"name\":\"Sanmorris Bags\",\"url\":\"https:\\\/\\\/sanmorrisbags.com\\\/tr\\\/\",\"logo\":{\"@type\":\"ImageObject\",\"inLanguage\":\"tr\",\"@id\":\"https:\\\/\\\/sanmorrisbags.com\\\/tr\\\/#\\\/schema\\\/logo\\\/image\\\/\",\"url\":\"https:\\\/\\\/sanmorrisbags.com\\\/wp-content\\\/uploads\\\/2023\\\/02\\\/Logo-new.png\",\"contentUrl\":\"https:\\\/\\\/sanmorrisbags.com\\\/wp-content\\\/uploads\\\/2023\\\/02\\\/Logo-new.png\",\"width\":1000,\"height\":1000,\"caption\":\"Sanmorris Bags\"},\"image\":{\"@id\":\"https:\\\/\\\/sanmorrisbags.com\\\/tr\\\/#\\\/schema\\\/logo\\\/image\\\/\"},\"sameAs\":[\"https:\\\/\\\/www.facebook.com\\\/sanmorrisbags\",\"https:\\\/\\\/x.com\\\/sanmorrisbag\",\"https:\\\/\\\/www.instagram.com\\\/sanmorrisbag\\\/\"]}]}<\/script>\n<meta property=\"og:availability\" content=\"instock\" \/>\n<meta property=\"product:availability\" content=\"instock\" \/>\n<meta property=\"product:condition\" content=\"new\" \/>\n<!-- \/ Yoast SEO Premium plugin. -->","yoast_head_json":{"title":"\u00c7ok y\u00f6nl\u00fc g\u00fcnl\u00fck aksesuar - Sanmorris Bags","description":"\u00c7ok y\u00f6nl\u00fc g\u00fcnl\u00fck aksesuar Sanmorris iki b\u00f6lmeli \u00e7apraz ask\u0131l\u0131 \u00e7anta \u00e7e\u015fitli renk ve kuma\u015flarda","robots":{"index":"index","follow":"follow","max-snippet":"max-snippet:-1","max-image-preview":"max-image-preview:large","max-video-preview":"max-video-preview:-1"},"canonical":"https:\/\/sanmorrisbags.com\/tr\/product\/kod-1379\/","og_locale":"tr_TR","og_type":"article","og_title":"Kod: 1379","og_description":"\u00c7ok y\u00f6nl\u00fc g\u00fcnl\u00fck aksesuar Sanmorris iki b\u00f6lmeli \u00e7apraz ask\u0131l\u0131 \u00e7anta \u00e7e\u015fitli renk ve kuma\u015flarda","og_url":"https:\/\/sanmorrisbags.com\/tr\/product\/kod-1379\/","og_site_name":"Sanmorris Bags","article_publisher":"https:\/\/www.facebook.com\/sanmorrisbags","article_modified_time":"2024-11-01T13:05:51+00:00","og_image":[{"width":1200,"height":1800,"url":"https:\/\/sanmorrisbags.com\/wp-content\/uploads\/2024\/10\/117.jpg","type":"image\/jpeg"}],"twitter_card":"summary_large_image","twitter_site":"@sanmorrisbag","twitter_misc":{"Durumu":"Stokta var"},"schema":{"@context":"https:\/\/schema.org","@graph":[{"@type":"WebPage","@id":"https:\/\/sanmorrisbags.com\/tr\/product\/kod-1379\/","url":"https:\/\/sanmorrisbags.com\/tr\/product\/kod-1379\/","name":"\u00c7ok y\u00f6nl\u00fc g\u00fcnl\u00fck aksesuar - Sanmorris Bags","isPartOf":{"@id":"https:\/\/sanmorrisbags.com\/tr\/#website"},"primaryImageOfPage":{"@id":"https:\/\/sanmorrisbags.com\/tr\/product\/kod-1379\/#primaryimage"},"image":{"@id":"https:\/\/sanmorrisbags.com\/tr\/product\/kod-1379\/#primaryimage"},"thumbnailUrl":"https:\/\/sanmorrisbags.com\/wp-content\/uploads\/2024\/10\/32-5.jpg","datePublished":"2024-10-06T22:22:35+00:00","dateModified":"2024-11-01T13:05:51+00:00","description":"\u00c7ok y\u00f6nl\u00fc g\u00fcnl\u00fck aksesuar Sanmorris iki b\u00f6lmeli \u00e7apraz ask\u0131l\u0131 \u00e7anta \u00e7e\u015fitli renk ve kuma\u015flarda","breadcrumb":{"@id":"https:\/\/sanmorrisbags.com\/tr\/product\/kod-1379\/#breadcrumb"},"inLanguage":"tr","potentialAction":[{"@type":"ReadAction","target":["https:\/\/sanmorrisbags.com\/tr\/product\/kod-1379\/"]}]},{"@type":"ImageObject","inLanguage":"tr","@id":"https:\/\/sanmorrisbags.com\/tr\/product\/kod-1379\/#primaryimage","url":"https:\/\/sanmorrisbags.com\/wp-content\/uploads\/2024\/10\/32-5.jpg","contentUrl":"https:\/\/sanmorrisbags.com\/wp-content\/uploads\/2024\/10\/32-5.jpg","width":1200,"height":1800,"caption":"Sanmorris two-compartment crossbody bag"},{"@type":"BreadcrumbList","@id":"https:\/\/sanmorrisbags.com\/tr\/product\/kod-1379\/#breadcrumb","itemListElement":[{"@type":"ListItem","position":1,"name":"Home","item":"https:\/\/sanmorrisbags.com\/tr\/home\/"},{"@type":"ListItem","position":2,"name":"Shop","item":"https:\/\/sanmorrisbags.com\/shop\/"},{"@type":"ListItem","position":3,"name":"Kod: 1379"}]},{"@type":"WebSite","@id":"https:\/\/sanmorrisbags.com\/tr\/#website","url":"https:\/\/sanmorrisbags.com\/tr\/","name":"Sanmorris Bags","description":"","publisher":{"@id":"https:\/\/sanmorrisbags.com\/tr\/#organization"},"potentialAction":[{"@type":"SearchAction","target":{"@type":"EntryPoint","urlTemplate":"https:\/\/sanmorrisbags.com\/tr\/?s={search_term_string}"},"query-input":{"@type":"PropertyValueSpecification","valueRequired":true,"valueName":"search_term_string"}}],"inLanguage":"tr"},{"@type":"Organization","@id":"https:\/\/sanmorrisbags.com\/tr\/#organization","name":"Sanmorris Bags","url":"https:\/\/sanmorrisbags.com\/tr\/","logo":{"@type":"ImageObject","inLanguage":"tr","@id":"https:\/\/sanmorrisbags.com\/tr\/#\/schema\/logo\/image\/","url":"https:\/\/sanmorrisbags.com\/wp-content\/uploads\/2023\/02\/Logo-new.png","contentUrl":"https:\/\/sanmorrisbags.com\/wp-content\/uploads\/2023\/02\/Logo-new.png","width":1000,"height":1000,"caption":"Sanmorris Bags"},"image":{"@id":"https:\/\/sanmorrisbags.com\/tr\/#\/schema\/logo\/image\/"},"sameAs":["https:\/\/www.facebook.com\/sanmorrisbags","https:\/\/x.com\/sanmorrisbag","https:\/\/www.instagram.com\/sanmorrisbag\/"]}]},"og_availability":"instock","product_availability":"instock","product_condition":"new"},"_links":{"self":[{"href":"https:\/\/sanmorrisbags.com\/tr\/wp-json\/wp\/v2\/product\/21294","targetHints":{"allow":["GET"]}}],"collection":[{"href":"https:\/\/sanmorrisbags.com\/tr\/wp-json\/wp\/v2\/product"}],"about":[{"href":"https:\/\/sanmorrisbags.com\/tr\/wp-json\/wp\/v2\/types\/product"}],"replies":[{"embeddable":true,"href":"https:\/\/sanmorrisbags.com\/tr\/wp-json\/wp\/v2\/comments?post=21294"}],"wp:featuredmedia":[{"embeddable":true,"href":"https:\/\/sanmorrisbags.com\/tr\/wp-json\/wp\/v2\/media\/21666"}],"wp:attachment":[{"href":"https:\/\/sanmorrisbags.com\/tr\/wp-json\/wp\/v2\/media?parent=21294"}],"wp:term":[{"taxonomy":"product_brand","embeddable":true,"href":"https:\/\/sanmorrisbags.com\/tr\/wp-json\/wp\/v2\/product_brand?post=21294"},{"taxonomy":"product_cat","embeddable":true,"href":"https:\/\/sanmorrisbags.com\/tr\/wp-json\/wp\/v2\/product_cat?post=21294"},{"taxonomy":"product_tag","embeddable":true,"href":"https:\/\/sanmorrisbags.com\/tr\/wp-json\/wp\/v2\/product_tag?post=21294"}],"curies":[{"name":"wp","href":"https:\/\/api.w.org\/{rel}","templated":true}]}}