{"id":21311,"date":"2024-10-06T22:20:52","date_gmt":"2024-10-06T22:20:52","guid":{"rendered":"https:\/\/sanmorrisbags.com\/product\/kod-1375\/"},"modified":"2024-10-23T11:00:03","modified_gmt":"2024-10-23T11:00:03","slug":"kod-1375","status":"publish","type":"product","link":"https:\/\/sanmorrisbags.com\/tr\/product\/kod-1375\/","title":{"rendered":"Kod: 1375"},"content":{"rendered":"<p>\u00c7e\u015fitli renklerde mevcut \u015f\u0131k bir kemer \u00e7antas\u0131 olan Original Sanmorris Body Bag&#8217;i tan\u0131t\u0131yoruz. Bu body Bag, kemer \u00e7antas\u0131 kategorisindeki en pop\u00fcler se\u00e7eneklerden biridir. Dayan\u0131kl\u0131l\u0131k ve stil sa\u011flayan y\u00fcksek kaliteli sentetik deri ve astar kullan\u0131larak \u00fcretilmi\u015ftir.<\/p>\n<p><strong>\u00d6zellikler:<\/strong><\/p>\n<ul>\n<li>Ayarlanabilir \u00e7apraz ask\u0131 toplam 117 cm uzunlu\u011fa sahip olup, diledi\u011finiz uzunlu\u011fa g\u00f6re \u00f6zelle\u015ftirebilmenize olanak tan\u0131r.<\/li>\n<li>G\u00fcvenli saklama i\u00e7in iki adet metal alt\u0131n fermuarl\u0131 cep i\u00e7erir.<\/li>\n<li>Alt\u0131n aksesuarlar\u0131yla hem konfor hem de \u015f\u0131k bir g\u00f6r\u00fcn\u00fcm sunuyor.<\/li>\n<li>Seyahatlerde rahatl\u0131k sa\u011flamak i\u00e7in kulakl\u0131k giri\u015fi ile donat\u0131lm\u0131\u015ft\u0131r.<\/li>\n<li><strong>Bak\u0131m Talimat\u0131:<\/strong> Nemli bezle temizleyiniz.<\/li>\n<\/ul>\n<p><strong>Kuma\u015f:<\/strong> Mat p\u00fcr\u00fczs\u00fcz deri. <strong>\u00d6l\u00e7\u00fcler:<\/strong> Ask\u0131 Uzunlu\u011fu (maks.): 117 cm, Y\u00fckseklik: 28 cm, Geni\u015flik: 16 cm, Taban Geni\u015fli\u011fi: 7 cm.<\/p>\n","protected":false},"excerpt":{"rendered":"<p>\u00c7e\u015fitli renklerde mevcut \u015f\u0131k bir kemer \u00e7antas\u0131 olan Original Sanmorris Body Bag&#8217;i tan\u0131t\u0131yoruz. Bu body Bag, kemer \u00e7antas\u0131 kategorisindeki en pop\u00fcler se\u00e7eneklerden biridir. Dayan\u0131kl\u0131l\u0131k ve stil sa\u011flayan y\u00fcksek kaliteli sentetik deri ve astar kullan\u0131larak \u00fcretilmi\u015ftir. \u00d6zellikler: Ayarlanabilir \u00e7apraz ask\u0131 toplam 117 cm uzunlu\u011fa sahip olup, diledi\u011finiz uzunlu\u011fa g\u00f6re \u00f6zelle\u015ftirebilmenize olanak tan\u0131r. G\u00fcvenli saklama i\u00e7in iki [&hellip;]<\/p>\n","protected":false},"featured_media":19797,"comment_status":"closed","ping_status":"closed","template":"","meta":[],"product_brand":[],"product_cat":[63],"product_tag":[],"class_list":{"0":"post-21311","1":"product","2":"type-product","3":"status-publish","4":"has-post-thumbnail","6":"product_cat-capraz-canta","7":"pa_color-beyaz","8":"pa_color-beyaz-yazili","9":"pa_color-gri","10":"pa_color-haki","11":"pa_color-kirmizi","12":"pa_color-krem-yazili","13":"pa_color-kum-yazili","14":"pa_color-lacivert","15":"pa_color-siyah-damla","16":"pa_color-siyah-desen","17":"pa_color-siyah-mat","18":"pa_color-siyah-mozaik","19":"pa_color-siyah-taba-yazili","20":"pa_color-siyah-yazili","21":"pa_color-taba","22":"pa_color-taba-yazili","23":"pa_color-vizon","25":"first","26":"instock","27":"shipping-taxable","28":"purchasable","29":"product-type-variable","30":"wvs-archive-product-wrapper"},"yoast_head":"<!-- This site is optimized with the Yoast SEO Premium plugin v25.4 (Yoast SEO v27.6) - https:\/\/yoast.com\/product\/yoast-seo-premium-wordpress\/ -->\n<title>Orijinal Sanmorris Ceset \u00c7antas\u0131 - Sanmorris Bags<\/title>\n<meta name=\"description\" content=\"\u00c7e\u015fitli renklerde orijinal Sanmorris v\u00fccut \u00e7antas\u0131, y\u00fcksek kaliteli sentetik deri, alt\u0131n fermuarl\u0131 cepler ve \u015f\u0131k bir g\u00f6r\u00fcn\u00fcm i\u00e7in ayarlanabilir bir kay\u0131\u015fa sahiptir\" \/>\n<meta name=\"robots\" content=\"index, follow, max-snippet:-1, max-image-preview:large, max-video-preview:-1\" \/>\n<link rel=\"canonical\" href=\"https:\/\/sanmorrisbags.com\/tr\/product\/kod-1375\/\" \/>\n<meta property=\"og:locale\" content=\"tr_TR\" \/>\n<meta property=\"og:type\" content=\"article\" \/>\n<meta property=\"og:title\" content=\"Kod: 1375\" \/>\n<meta property=\"og:description\" content=\"\u00c7e\u015fitli renklerde orijinal Sanmorris v\u00fccut \u00e7antas\u0131, y\u00fcksek kaliteli sentetik deri, alt\u0131n fermuarl\u0131 cepler ve \u015f\u0131k bir g\u00f6r\u00fcn\u00fcm i\u00e7in ayarlanabilir bir kay\u0131\u015fa sahiptir\" \/>\n<meta property=\"og:url\" content=\"https:\/\/sanmorrisbags.com\/tr\/product\/kod-1375\/\" \/>\n<meta property=\"og:site_name\" content=\"Sanmorris Bags\" \/>\n<meta property=\"article:publisher\" content=\"https:\/\/www.facebook.com\/sanmorrisbags\" \/>\n<meta property=\"article:modified_time\" content=\"2024-10-23T11:00:03+00:00\" \/>\n<meta property=\"og:image\" content=\"https:\/\/sanmorrisbags.com\/wp-content\/uploads\/2024\/10\/62-1-1.jpg\" \/>\n\t<meta property=\"og:image:width\" content=\"1200\" \/>\n\t<meta property=\"og:image:height\" content=\"1800\" \/>\n\t<meta property=\"og:image:type\" content=\"image\/jpeg\" \/>\n<meta name=\"twitter:card\" content=\"summary_large_image\" \/>\n<meta name=\"twitter:site\" content=\"@sanmorrisbag\" \/>\n<meta name=\"twitter:label1\" content=\"Durumu\" \/>\n\t<meta name=\"twitter:data1\" content=\"Stokta var\" \/>\n<script type=\"application\/ld+json\" class=\"yoast-schema-graph\">{\"@context\":\"https:\\\/\\\/schema.org\",\"@graph\":[{\"@type\":\"WebPage\",\"@id\":\"https:\\\/\\\/sanmorrisbags.com\\\/tr\\\/product\\\/kod-1375\\\/\",\"url\":\"https:\\\/\\\/sanmorrisbags.com\\\/tr\\\/product\\\/kod-1375\\\/\",\"name\":\"Orijinal Sanmorris Ceset \u00c7antas\u0131 - Sanmorris Bags\",\"isPartOf\":{\"@id\":\"https:\\\/\\\/sanmorrisbags.com\\\/tr\\\/#website\"},\"primaryImageOfPage\":{\"@id\":\"https:\\\/\\\/sanmorrisbags.com\\\/tr\\\/product\\\/kod-1375\\\/#primaryimage\"},\"image\":{\"@id\":\"https:\\\/\\\/sanmorrisbags.com\\\/tr\\\/product\\\/kod-1375\\\/#primaryimage\"},\"thumbnailUrl\":\"https:\\\/\\\/sanmorrisbags.com\\\/wp-content\\\/uploads\\\/2024\\\/10\\\/62-1-1.jpg\",\"datePublished\":\"2024-10-06T22:20:52+00:00\",\"dateModified\":\"2024-10-23T11:00:03+00:00\",\"description\":\"\u00c7e\u015fitli renklerde orijinal Sanmorris v\u00fccut \u00e7antas\u0131, y\u00fcksek kaliteli sentetik deri, alt\u0131n fermuarl\u0131 cepler ve \u015f\u0131k bir g\u00f6r\u00fcn\u00fcm i\u00e7in ayarlanabilir bir kay\u0131\u015fa sahiptir\",\"breadcrumb\":{\"@id\":\"https:\\\/\\\/sanmorrisbags.com\\\/tr\\\/product\\\/kod-1375\\\/#breadcrumb\"},\"inLanguage\":\"tr\",\"potentialAction\":[{\"@type\":\"ReadAction\",\"target\":[\"https:\\\/\\\/sanmorrisbags.com\\\/tr\\\/product\\\/kod-1375\\\/\"]}]},{\"@type\":\"ImageObject\",\"inLanguage\":\"tr\",\"@id\":\"https:\\\/\\\/sanmorrisbags.com\\\/tr\\\/product\\\/kod-1375\\\/#primaryimage\",\"url\":\"https:\\\/\\\/sanmorrisbags.com\\\/wp-content\\\/uploads\\\/2024\\\/10\\\/62-1-1.jpg\",\"contentUrl\":\"https:\\\/\\\/sanmorrisbags.com\\\/wp-content\\\/uploads\\\/2024\\\/10\\\/62-1-1.jpg\",\"width\":1200,\"height\":1800,\"caption\":\"Original Sanmorris Body Bag\"},{\"@type\":\"BreadcrumbList\",\"@id\":\"https:\\\/\\\/sanmorrisbags.com\\\/tr\\\/product\\\/kod-1375\\\/#breadcrumb\",\"itemListElement\":[{\"@type\":\"ListItem\",\"position\":1,\"name\":\"Home\",\"item\":\"https:\\\/\\\/sanmorrisbags.com\\\/tr\\\/home\\\/\"},{\"@type\":\"ListItem\",\"position\":2,\"name\":\"Shop\",\"item\":\"https:\\\/\\\/sanmorrisbags.com\\\/shop\\\/\"},{\"@type\":\"ListItem\",\"position\":3,\"name\":\"Kod: 1375\"}]},{\"@type\":\"WebSite\",\"@id\":\"https:\\\/\\\/sanmorrisbags.com\\\/tr\\\/#website\",\"url\":\"https:\\\/\\\/sanmorrisbags.com\\\/tr\\\/\",\"name\":\"Sanmorris Bags\",\"description\":\"\",\"publisher\":{\"@id\":\"https:\\\/\\\/sanmorrisbags.com\\\/tr\\\/#organization\"},\"potentialAction\":[{\"@type\":\"SearchAction\",\"target\":{\"@type\":\"EntryPoint\",\"urlTemplate\":\"https:\\\/\\\/sanmorrisbags.com\\\/tr\\\/?s={search_term_string}\"},\"query-input\":{\"@type\":\"PropertyValueSpecification\",\"valueRequired\":true,\"valueName\":\"search_term_string\"}}],\"inLanguage\":\"tr\"},{\"@type\":\"Organization\",\"@id\":\"https:\\\/\\\/sanmorrisbags.com\\\/tr\\\/#organization\",\"name\":\"Sanmorris Bags\",\"url\":\"https:\\\/\\\/sanmorrisbags.com\\\/tr\\\/\",\"logo\":{\"@type\":\"ImageObject\",\"inLanguage\":\"tr\",\"@id\":\"https:\\\/\\\/sanmorrisbags.com\\\/tr\\\/#\\\/schema\\\/logo\\\/image\\\/\",\"url\":\"https:\\\/\\\/sanmorrisbags.com\\\/wp-content\\\/uploads\\\/2023\\\/02\\\/Logo-new.png\",\"contentUrl\":\"https:\\\/\\\/sanmorrisbags.com\\\/wp-content\\\/uploads\\\/2023\\\/02\\\/Logo-new.png\",\"width\":1000,\"height\":1000,\"caption\":\"Sanmorris Bags\"},\"image\":{\"@id\":\"https:\\\/\\\/sanmorrisbags.com\\\/tr\\\/#\\\/schema\\\/logo\\\/image\\\/\"},\"sameAs\":[\"https:\\\/\\\/www.facebook.com\\\/sanmorrisbags\",\"https:\\\/\\\/x.com\\\/sanmorrisbag\",\"https:\\\/\\\/www.instagram.com\\\/sanmorrisbag\\\/\"]}]}<\/script>\n<meta property=\"og:availability\" content=\"instock\" \/>\n<meta property=\"product:availability\" content=\"instock\" \/>\n<meta property=\"product:condition\" content=\"new\" \/>\n<!-- \/ Yoast SEO Premium plugin. -->","yoast_head_json":{"title":"Orijinal Sanmorris Ceset \u00c7antas\u0131 - Sanmorris Bags","description":"\u00c7e\u015fitli renklerde orijinal Sanmorris v\u00fccut \u00e7antas\u0131, y\u00fcksek kaliteli sentetik deri, alt\u0131n fermuarl\u0131 cepler ve \u015f\u0131k bir g\u00f6r\u00fcn\u00fcm i\u00e7in ayarlanabilir bir kay\u0131\u015fa sahiptir","robots":{"index":"index","follow":"follow","max-snippet":"max-snippet:-1","max-image-preview":"max-image-preview:large","max-video-preview":"max-video-preview:-1"},"canonical":"https:\/\/sanmorrisbags.com\/tr\/product\/kod-1375\/","og_locale":"tr_TR","og_type":"article","og_title":"Kod: 1375","og_description":"\u00c7e\u015fitli renklerde orijinal Sanmorris v\u00fccut \u00e7antas\u0131, y\u00fcksek kaliteli sentetik deri, alt\u0131n fermuarl\u0131 cepler ve \u015f\u0131k bir g\u00f6r\u00fcn\u00fcm i\u00e7in ayarlanabilir bir kay\u0131\u015fa sahiptir","og_url":"https:\/\/sanmorrisbags.com\/tr\/product\/kod-1375\/","og_site_name":"Sanmorris Bags","article_publisher":"https:\/\/www.facebook.com\/sanmorrisbags","article_modified_time":"2024-10-23T11:00:03+00:00","og_image":[{"width":1200,"height":1800,"url":"https:\/\/sanmorrisbags.com\/wp-content\/uploads\/2024\/10\/62-1-1.jpg","type":"image\/jpeg"}],"twitter_card":"summary_large_image","twitter_site":"@sanmorrisbag","twitter_misc":{"Durumu":"Stokta var"},"schema":{"@context":"https:\/\/schema.org","@graph":[{"@type":"WebPage","@id":"https:\/\/sanmorrisbags.com\/tr\/product\/kod-1375\/","url":"https:\/\/sanmorrisbags.com\/tr\/product\/kod-1375\/","name":"Orijinal Sanmorris Ceset \u00c7antas\u0131 - Sanmorris Bags","isPartOf":{"@id":"https:\/\/sanmorrisbags.com\/tr\/#website"},"primaryImageOfPage":{"@id":"https:\/\/sanmorrisbags.com\/tr\/product\/kod-1375\/#primaryimage"},"image":{"@id":"https:\/\/sanmorrisbags.com\/tr\/product\/kod-1375\/#primaryimage"},"thumbnailUrl":"https:\/\/sanmorrisbags.com\/wp-content\/uploads\/2024\/10\/62-1-1.jpg","datePublished":"2024-10-06T22:20:52+00:00","dateModified":"2024-10-23T11:00:03+00:00","description":"\u00c7e\u015fitli renklerde orijinal Sanmorris v\u00fccut \u00e7antas\u0131, y\u00fcksek kaliteli sentetik deri, alt\u0131n fermuarl\u0131 cepler ve \u015f\u0131k bir g\u00f6r\u00fcn\u00fcm i\u00e7in ayarlanabilir bir kay\u0131\u015fa sahiptir","breadcrumb":{"@id":"https:\/\/sanmorrisbags.com\/tr\/product\/kod-1375\/#breadcrumb"},"inLanguage":"tr","potentialAction":[{"@type":"ReadAction","target":["https:\/\/sanmorrisbags.com\/tr\/product\/kod-1375\/"]}]},{"@type":"ImageObject","inLanguage":"tr","@id":"https:\/\/sanmorrisbags.com\/tr\/product\/kod-1375\/#primaryimage","url":"https:\/\/sanmorrisbags.com\/wp-content\/uploads\/2024\/10\/62-1-1.jpg","contentUrl":"https:\/\/sanmorrisbags.com\/wp-content\/uploads\/2024\/10\/62-1-1.jpg","width":1200,"height":1800,"caption":"Original Sanmorris Body Bag"},{"@type":"BreadcrumbList","@id":"https:\/\/sanmorrisbags.com\/tr\/product\/kod-1375\/#breadcrumb","itemListElement":[{"@type":"ListItem","position":1,"name":"Home","item":"https:\/\/sanmorrisbags.com\/tr\/home\/"},{"@type":"ListItem","position":2,"name":"Shop","item":"https:\/\/sanmorrisbags.com\/shop\/"},{"@type":"ListItem","position":3,"name":"Kod: 1375"}]},{"@type":"WebSite","@id":"https:\/\/sanmorrisbags.com\/tr\/#website","url":"https:\/\/sanmorrisbags.com\/tr\/","name":"Sanmorris Bags","description":"","publisher":{"@id":"https:\/\/sanmorrisbags.com\/tr\/#organization"},"potentialAction":[{"@type":"SearchAction","target":{"@type":"EntryPoint","urlTemplate":"https:\/\/sanmorrisbags.com\/tr\/?s={search_term_string}"},"query-input":{"@type":"PropertyValueSpecification","valueRequired":true,"valueName":"search_term_string"}}],"inLanguage":"tr"},{"@type":"Organization","@id":"https:\/\/sanmorrisbags.com\/tr\/#organization","name":"Sanmorris Bags","url":"https:\/\/sanmorrisbags.com\/tr\/","logo":{"@type":"ImageObject","inLanguage":"tr","@id":"https:\/\/sanmorrisbags.com\/tr\/#\/schema\/logo\/image\/","url":"https:\/\/sanmorrisbags.com\/wp-content\/uploads\/2023\/02\/Logo-new.png","contentUrl":"https:\/\/sanmorrisbags.com\/wp-content\/uploads\/2023\/02\/Logo-new.png","width":1000,"height":1000,"caption":"Sanmorris Bags"},"image":{"@id":"https:\/\/sanmorrisbags.com\/tr\/#\/schema\/logo\/image\/"},"sameAs":["https:\/\/www.facebook.com\/sanmorrisbags","https:\/\/x.com\/sanmorrisbag","https:\/\/www.instagram.com\/sanmorrisbag\/"]}]},"og_availability":"instock","product_availability":"instock","product_condition":"new"},"_links":{"self":[{"href":"https:\/\/sanmorrisbags.com\/tr\/wp-json\/wp\/v2\/product\/21311","targetHints":{"allow":["GET"]}}],"collection":[{"href":"https:\/\/sanmorrisbags.com\/tr\/wp-json\/wp\/v2\/product"}],"about":[{"href":"https:\/\/sanmorrisbags.com\/tr\/wp-json\/wp\/v2\/types\/product"}],"replies":[{"embeddable":true,"href":"https:\/\/sanmorrisbags.com\/tr\/wp-json\/wp\/v2\/comments?post=21311"}],"wp:featuredmedia":[{"embeddable":true,"href":"https:\/\/sanmorrisbags.com\/tr\/wp-json\/wp\/v2\/media\/19797"}],"wp:attachment":[{"href":"https:\/\/sanmorrisbags.com\/tr\/wp-json\/wp\/v2\/media?parent=21311"}],"wp:term":[{"taxonomy":"product_brand","embeddable":true,"href":"https:\/\/sanmorrisbags.com\/tr\/wp-json\/wp\/v2\/product_brand?post=21311"},{"taxonomy":"product_cat","embeddable":true,"href":"https:\/\/sanmorrisbags.com\/tr\/wp-json\/wp\/v2\/product_cat?post=21311"},{"taxonomy":"product_tag","embeddable":true,"href":"https:\/\/sanmorrisbags.com\/tr\/wp-json\/wp\/v2\/product_tag?post=21311"}],"curies":[{"name":"wp","href":"https:\/\/api.w.org\/{rel}","templated":true}]}}