{"id":21329,"date":"2024-10-06T22:19:44","date_gmt":"2024-10-06T22:19:44","guid":{"rendered":"https:\/\/sanmorrisbags.com\/product\/kod-1374\/"},"modified":"2024-10-06T22:19:44","modified_gmt":"2024-10-06T22:19:44","slug":"kod-1374","status":"publish","type":"product","link":"https:\/\/sanmorrisbags.com\/tr\/product\/kod-1374\/","title":{"rendered":"Kod: 1374"},"content":{"rendered":"<p>Sekiz canl\u0131 renk se\u00e7ene\u011fiyle sunulan Orijinal Sanmorris Geni\u015f Yumu\u015fak Kuma\u015f \u00c7antay\u0131 tan\u0131t\u0131yoruz!<\/p>\n<p><strong>\u00d6zellikler:<\/strong><\/p>\n<ul>\n<li>Y\u00fcksek kaliteli suni deri ve astar kullan\u0131larak \u00fcretilmi\u015ftir.<\/li>\n<li>\u00c7ok y\u00f6nl\u00fc kullan\u0131m i\u00e7in ayarlanabilir sentetik deri \u00e7apraz ask\u0131.<\/li>\n<li>Siyah aksesuarlar spor bir dokunu\u015f katarken, g\u00fcnl\u00fck kombinlerinizi de rahatl\u0131kla tamamlayabilirsiniz.<\/li>\n<li>\u00c7antada toplam d\u00f6rt b\u00f6lme bulunuyor: ikisi m\u0131knat\u0131sl\u0131, ikisi metal fermuarl\u0131.<\/li>\n<li>Geni\u015f tasar\u0131m\u0131 ve yumu\u015fak dokusuyla bu \u00e7anta vazge\u00e7ilmez aksesuar\u0131n\u0131z olacak.<\/li>\n<\/ul>\n<p><strong>Bak\u0131m Talimat\u0131:<\/strong> Nemli bezle temizleyiniz.<br \/>\n<strong>Dimensions:<\/strong> Length: 26 cm, Width: 27 cm.<\/p>\n","protected":false},"excerpt":{"rendered":"<p>Sekiz canl\u0131 renk se\u00e7ene\u011fiyle sunulan Orijinal Sanmorris Geni\u015f Yumu\u015fak Kuma\u015f \u00c7antay\u0131 tan\u0131t\u0131yoruz! \u00d6zellikler: Y\u00fcksek kaliteli suni deri ve astar kullan\u0131larak \u00fcretilmi\u015ftir. \u00c7ok y\u00f6nl\u00fc kullan\u0131m i\u00e7in ayarlanabilir sentetik deri \u00e7apraz ask\u0131. Siyah aksesuarlar spor bir dokunu\u015f katarken, g\u00fcnl\u00fck kombinlerinizi de rahatl\u0131kla tamamlayabilirsiniz. \u00c7antada toplam d\u00f6rt b\u00f6lme bulunuyor: ikisi m\u0131knat\u0131sl\u0131, ikisi metal fermuarl\u0131. Geni\u015f tasar\u0131m\u0131 ve yumu\u015fak [&hellip;]<\/p>\n","protected":false},"featured_media":19805,"comment_status":"closed","ping_status":"closed","template":"","meta":[],"product_brand":[],"product_cat":[64],"product_tag":[],"class_list":{"0":"post-21329","1":"product","2":"type-product","3":"status-publish","4":"has-post-thumbnail","6":"product_cat-el-cantasi","7":"pa_color-beyaz","8":"pa_color-kirmizi","9":"pa_color-krem","10":"pa_color-kum","11":"pa_color-siyah","12":"pa_color-siyah-mat","13":"pa_color-siyah-saten","14":"pa_color-taba","16":"first","17":"instock","18":"shipping-taxable","19":"purchasable","20":"product-type-variable","21":"wvs-archive-product-wrapper"},"yoast_head":"<!-- This site is optimized with the Yoast SEO Premium plugin v25.4 (Yoast SEO v27.6) - https:\/\/yoast.com\/product\/yoast-seo-premium-wordpress\/ -->\n<title>Geni\u015f Yumu\u015fak Kuma\u015f \u00c7anta - Sanmorris Bags<\/title>\n<meta name=\"description\" content=\"Geni\u015f Yumu\u015fak Kuma\u015f El \u00c7antas\u0131. Kum renginde \u00e7ok y\u00f6nl\u00fc Sanmorris el \u00e7antas\u0131, geni\u015f i\u00e7 k\u0131sm\u0131 ve ayarlanabilir \u00e7apraz ask\u0131s\u0131yla n\u00f6tr bir ton sunuyor.\" \/>\n<meta name=\"robots\" content=\"index, follow, max-snippet:-1, max-image-preview:large, max-video-preview:-1\" \/>\n<link rel=\"canonical\" href=\"https:\/\/sanmorrisbags.com\/tr\/product\/kod-1374\/\" \/>\n<meta property=\"og:locale\" content=\"tr_TR\" \/>\n<meta property=\"og:type\" content=\"article\" \/>\n<meta property=\"og:title\" content=\"Kod: 1374\" \/>\n<meta property=\"og:description\" content=\"Geni\u015f Yumu\u015fak Kuma\u015f El \u00c7antas\u0131. Kum renginde \u00e7ok y\u00f6nl\u00fc Sanmorris el \u00e7antas\u0131, geni\u015f i\u00e7 k\u0131sm\u0131 ve ayarlanabilir \u00e7apraz ask\u0131s\u0131yla n\u00f6tr bir ton sunuyor.\" \/>\n<meta property=\"og:url\" content=\"https:\/\/sanmorrisbags.com\/tr\/product\/kod-1374\/\" \/>\n<meta property=\"og:site_name\" content=\"Sanmorris Bags\" \/>\n<meta property=\"article:publisher\" content=\"https:\/\/www.facebook.com\/sanmorrisbags\" \/>\n<meta property=\"og:image\" content=\"https:\/\/sanmorrisbags.com\/wp-content\/uploads\/2024\/10\/94.jpg\" \/>\n\t<meta property=\"og:image:width\" content=\"1200\" \/>\n\t<meta property=\"og:image:height\" content=\"1800\" \/>\n\t<meta property=\"og:image:type\" content=\"image\/jpeg\" \/>\n<meta name=\"twitter:card\" content=\"summary_large_image\" \/>\n<meta name=\"twitter:site\" content=\"@sanmorrisbag\" \/>\n<meta name=\"twitter:label1\" content=\"Durumu\" \/>\n\t<meta name=\"twitter:data1\" content=\"Stokta var\" \/>\n<script type=\"application\/ld+json\" class=\"yoast-schema-graph\">{\"@context\":\"https:\\\/\\\/schema.org\",\"@graph\":[{\"@type\":\"WebPage\",\"@id\":\"https:\\\/\\\/sanmorrisbags.com\\\/tr\\\/product\\\/kod-1374\\\/\",\"url\":\"https:\\\/\\\/sanmorrisbags.com\\\/tr\\\/product\\\/kod-1374\\\/\",\"name\":\"Geni\u015f Yumu\u015fak Kuma\u015f \u00c7anta - Sanmorris Bags\",\"isPartOf\":{\"@id\":\"https:\\\/\\\/sanmorrisbags.com\\\/tr\\\/#website\"},\"primaryImageOfPage\":{\"@id\":\"https:\\\/\\\/sanmorrisbags.com\\\/tr\\\/product\\\/kod-1374\\\/#primaryimage\"},\"image\":{\"@id\":\"https:\\\/\\\/sanmorrisbags.com\\\/tr\\\/product\\\/kod-1374\\\/#primaryimage\"},\"thumbnailUrl\":\"https:\\\/\\\/sanmorrisbags.com\\\/wp-content\\\/uploads\\\/2024\\\/10\\\/94.jpg\",\"datePublished\":\"2024-10-06T22:19:44+00:00\",\"description\":\"Geni\u015f Yumu\u015fak Kuma\u015f El \u00c7antas\u0131. Kum renginde \u00e7ok y\u00f6nl\u00fc Sanmorris el \u00e7antas\u0131, geni\u015f i\u00e7 k\u0131sm\u0131 ve ayarlanabilir \u00e7apraz ask\u0131s\u0131yla n\u00f6tr bir ton sunuyor.\",\"breadcrumb\":{\"@id\":\"https:\\\/\\\/sanmorrisbags.com\\\/tr\\\/product\\\/kod-1374\\\/#breadcrumb\"},\"inLanguage\":\"tr\",\"potentialAction\":[{\"@type\":\"ReadAction\",\"target\":[\"https:\\\/\\\/sanmorrisbags.com\\\/tr\\\/product\\\/kod-1374\\\/\"]}]},{\"@type\":\"ImageObject\",\"inLanguage\":\"tr\",\"@id\":\"https:\\\/\\\/sanmorrisbags.com\\\/tr\\\/product\\\/kod-1374\\\/#primaryimage\",\"url\":\"https:\\\/\\\/sanmorrisbags.com\\\/wp-content\\\/uploads\\\/2024\\\/10\\\/94.jpg\",\"contentUrl\":\"https:\\\/\\\/sanmorrisbags.com\\\/wp-content\\\/uploads\\\/2024\\\/10\\\/94.jpg\",\"width\":1200,\"height\":1800,\"caption\":\"Spacious Soft Fabric Handbag\"},{\"@type\":\"BreadcrumbList\",\"@id\":\"https:\\\/\\\/sanmorrisbags.com\\\/tr\\\/product\\\/kod-1374\\\/#breadcrumb\",\"itemListElement\":[{\"@type\":\"ListItem\",\"position\":1,\"name\":\"Home\",\"item\":\"https:\\\/\\\/sanmorrisbags.com\\\/tr\\\/home\\\/\"},{\"@type\":\"ListItem\",\"position\":2,\"name\":\"Shop\",\"item\":\"https:\\\/\\\/sanmorrisbags.com\\\/shop\\\/\"},{\"@type\":\"ListItem\",\"position\":3,\"name\":\"Kod: 1374\"}]},{\"@type\":\"WebSite\",\"@id\":\"https:\\\/\\\/sanmorrisbags.com\\\/tr\\\/#website\",\"url\":\"https:\\\/\\\/sanmorrisbags.com\\\/tr\\\/\",\"name\":\"Sanmorris Bags\",\"description\":\"\",\"publisher\":{\"@id\":\"https:\\\/\\\/sanmorrisbags.com\\\/tr\\\/#organization\"},\"potentialAction\":[{\"@type\":\"SearchAction\",\"target\":{\"@type\":\"EntryPoint\",\"urlTemplate\":\"https:\\\/\\\/sanmorrisbags.com\\\/tr\\\/?s={search_term_string}\"},\"query-input\":{\"@type\":\"PropertyValueSpecification\",\"valueRequired\":true,\"valueName\":\"search_term_string\"}}],\"inLanguage\":\"tr\"},{\"@type\":\"Organization\",\"@id\":\"https:\\\/\\\/sanmorrisbags.com\\\/tr\\\/#organization\",\"name\":\"Sanmorris Bags\",\"url\":\"https:\\\/\\\/sanmorrisbags.com\\\/tr\\\/\",\"logo\":{\"@type\":\"ImageObject\",\"inLanguage\":\"tr\",\"@id\":\"https:\\\/\\\/sanmorrisbags.com\\\/tr\\\/#\\\/schema\\\/logo\\\/image\\\/\",\"url\":\"https:\\\/\\\/sanmorrisbags.com\\\/wp-content\\\/uploads\\\/2023\\\/02\\\/Logo-new.png\",\"contentUrl\":\"https:\\\/\\\/sanmorrisbags.com\\\/wp-content\\\/uploads\\\/2023\\\/02\\\/Logo-new.png\",\"width\":1000,\"height\":1000,\"caption\":\"Sanmorris Bags\"},\"image\":{\"@id\":\"https:\\\/\\\/sanmorrisbags.com\\\/tr\\\/#\\\/schema\\\/logo\\\/image\\\/\"},\"sameAs\":[\"https:\\\/\\\/www.facebook.com\\\/sanmorrisbags\",\"https:\\\/\\\/x.com\\\/sanmorrisbag\",\"https:\\\/\\\/www.instagram.com\\\/sanmorrisbag\\\/\"]}]}<\/script>\n<meta property=\"og:availability\" content=\"instock\" \/>\n<meta property=\"product:availability\" content=\"instock\" \/>\n<meta property=\"product:condition\" content=\"new\" \/>\n<!-- \/ Yoast SEO Premium plugin. -->","yoast_head_json":{"title":"Geni\u015f Yumu\u015fak Kuma\u015f \u00c7anta - Sanmorris Bags","description":"Geni\u015f Yumu\u015fak Kuma\u015f El \u00c7antas\u0131. Kum renginde \u00e7ok y\u00f6nl\u00fc Sanmorris el \u00e7antas\u0131, geni\u015f i\u00e7 k\u0131sm\u0131 ve ayarlanabilir \u00e7apraz ask\u0131s\u0131yla n\u00f6tr bir ton sunuyor.","robots":{"index":"index","follow":"follow","max-snippet":"max-snippet:-1","max-image-preview":"max-image-preview:large","max-video-preview":"max-video-preview:-1"},"canonical":"https:\/\/sanmorrisbags.com\/tr\/product\/kod-1374\/","og_locale":"tr_TR","og_type":"article","og_title":"Kod: 1374","og_description":"Geni\u015f Yumu\u015fak Kuma\u015f El \u00c7antas\u0131. Kum renginde \u00e7ok y\u00f6nl\u00fc Sanmorris el \u00e7antas\u0131, geni\u015f i\u00e7 k\u0131sm\u0131 ve ayarlanabilir \u00e7apraz ask\u0131s\u0131yla n\u00f6tr bir ton sunuyor.","og_url":"https:\/\/sanmorrisbags.com\/tr\/product\/kod-1374\/","og_site_name":"Sanmorris Bags","article_publisher":"https:\/\/www.facebook.com\/sanmorrisbags","og_image":[{"width":1200,"height":1800,"url":"https:\/\/sanmorrisbags.com\/wp-content\/uploads\/2024\/10\/94.jpg","type":"image\/jpeg"}],"twitter_card":"summary_large_image","twitter_site":"@sanmorrisbag","twitter_misc":{"Durumu":"Stokta var"},"schema":{"@context":"https:\/\/schema.org","@graph":[{"@type":"WebPage","@id":"https:\/\/sanmorrisbags.com\/tr\/product\/kod-1374\/","url":"https:\/\/sanmorrisbags.com\/tr\/product\/kod-1374\/","name":"Geni\u015f Yumu\u015fak Kuma\u015f \u00c7anta - Sanmorris Bags","isPartOf":{"@id":"https:\/\/sanmorrisbags.com\/tr\/#website"},"primaryImageOfPage":{"@id":"https:\/\/sanmorrisbags.com\/tr\/product\/kod-1374\/#primaryimage"},"image":{"@id":"https:\/\/sanmorrisbags.com\/tr\/product\/kod-1374\/#primaryimage"},"thumbnailUrl":"https:\/\/sanmorrisbags.com\/wp-content\/uploads\/2024\/10\/94.jpg","datePublished":"2024-10-06T22:19:44+00:00","description":"Geni\u015f Yumu\u015fak Kuma\u015f El \u00c7antas\u0131. Kum renginde \u00e7ok y\u00f6nl\u00fc Sanmorris el \u00e7antas\u0131, geni\u015f i\u00e7 k\u0131sm\u0131 ve ayarlanabilir \u00e7apraz ask\u0131s\u0131yla n\u00f6tr bir ton sunuyor.","breadcrumb":{"@id":"https:\/\/sanmorrisbags.com\/tr\/product\/kod-1374\/#breadcrumb"},"inLanguage":"tr","potentialAction":[{"@type":"ReadAction","target":["https:\/\/sanmorrisbags.com\/tr\/product\/kod-1374\/"]}]},{"@type":"ImageObject","inLanguage":"tr","@id":"https:\/\/sanmorrisbags.com\/tr\/product\/kod-1374\/#primaryimage","url":"https:\/\/sanmorrisbags.com\/wp-content\/uploads\/2024\/10\/94.jpg","contentUrl":"https:\/\/sanmorrisbags.com\/wp-content\/uploads\/2024\/10\/94.jpg","width":1200,"height":1800,"caption":"Spacious Soft Fabric Handbag"},{"@type":"BreadcrumbList","@id":"https:\/\/sanmorrisbags.com\/tr\/product\/kod-1374\/#breadcrumb","itemListElement":[{"@type":"ListItem","position":1,"name":"Home","item":"https:\/\/sanmorrisbags.com\/tr\/home\/"},{"@type":"ListItem","position":2,"name":"Shop","item":"https:\/\/sanmorrisbags.com\/shop\/"},{"@type":"ListItem","position":3,"name":"Kod: 1374"}]},{"@type":"WebSite","@id":"https:\/\/sanmorrisbags.com\/tr\/#website","url":"https:\/\/sanmorrisbags.com\/tr\/","name":"Sanmorris Bags","description":"","publisher":{"@id":"https:\/\/sanmorrisbags.com\/tr\/#organization"},"potentialAction":[{"@type":"SearchAction","target":{"@type":"EntryPoint","urlTemplate":"https:\/\/sanmorrisbags.com\/tr\/?s={search_term_string}"},"query-input":{"@type":"PropertyValueSpecification","valueRequired":true,"valueName":"search_term_string"}}],"inLanguage":"tr"},{"@type":"Organization","@id":"https:\/\/sanmorrisbags.com\/tr\/#organization","name":"Sanmorris Bags","url":"https:\/\/sanmorrisbags.com\/tr\/","logo":{"@type":"ImageObject","inLanguage":"tr","@id":"https:\/\/sanmorrisbags.com\/tr\/#\/schema\/logo\/image\/","url":"https:\/\/sanmorrisbags.com\/wp-content\/uploads\/2023\/02\/Logo-new.png","contentUrl":"https:\/\/sanmorrisbags.com\/wp-content\/uploads\/2023\/02\/Logo-new.png","width":1000,"height":1000,"caption":"Sanmorris Bags"},"image":{"@id":"https:\/\/sanmorrisbags.com\/tr\/#\/schema\/logo\/image\/"},"sameAs":["https:\/\/www.facebook.com\/sanmorrisbags","https:\/\/x.com\/sanmorrisbag","https:\/\/www.instagram.com\/sanmorrisbag\/"]}]},"og_availability":"instock","product_availability":"instock","product_condition":"new"},"_links":{"self":[{"href":"https:\/\/sanmorrisbags.com\/tr\/wp-json\/wp\/v2\/product\/21329","targetHints":{"allow":["GET"]}}],"collection":[{"href":"https:\/\/sanmorrisbags.com\/tr\/wp-json\/wp\/v2\/product"}],"about":[{"href":"https:\/\/sanmorrisbags.com\/tr\/wp-json\/wp\/v2\/types\/product"}],"replies":[{"embeddable":true,"href":"https:\/\/sanmorrisbags.com\/tr\/wp-json\/wp\/v2\/comments?post=21329"}],"wp:featuredmedia":[{"embeddable":true,"href":"https:\/\/sanmorrisbags.com\/tr\/wp-json\/wp\/v2\/media\/19805"}],"wp:attachment":[{"href":"https:\/\/sanmorrisbags.com\/tr\/wp-json\/wp\/v2\/media?parent=21329"}],"wp:term":[{"taxonomy":"product_brand","embeddable":true,"href":"https:\/\/sanmorrisbags.com\/tr\/wp-json\/wp\/v2\/product_brand?post=21329"},{"taxonomy":"product_cat","embeddable":true,"href":"https:\/\/sanmorrisbags.com\/tr\/wp-json\/wp\/v2\/product_cat?post=21329"},{"taxonomy":"product_tag","embeddable":true,"href":"https:\/\/sanmorrisbags.com\/tr\/wp-json\/wp\/v2\/product_tag?post=21329"}],"curies":[{"name":"wp","href":"https:\/\/api.w.org\/{rel}","templated":true}]}}