{"id":21338,"date":"2024-10-06T22:19:20","date_gmt":"2024-10-06T22:19:20","guid":{"rendered":"https:\/\/sanmorrisbags.com\/product\/kod-1360\/"},"modified":"2024-10-06T22:19:20","modified_gmt":"2024-10-06T22:19:20","slug":"kod-1360","status":"publish","type":"product","link":"https:\/\/sanmorrisbags.com\/tr\/product\/kod-1360\/","title":{"rendered":"Kod: 1360"},"content":{"rendered":"<p>\u015eimdi stoklar\u0131m\u0131zda bulunan Sanmorris 4 B\u00f6lmeli \u00c7apraz Ask\u0131l\u0131 ve El \u00c7antas\u0131&#8217;n\u0131 ke\u015ffedin!<\/p>\n<p><strong>Boyutlar:<\/strong><\/p>\n<ul>\n<li>Y\u00fckseklik: 20 cm<\/li>\n<li>Geni\u015flik: 30 cm<\/li>\n<li>El Kay\u0131\u015f\u0131 Uzunlu\u011fu: 15 cm<\/li>\n<\/ul>\n<p>T\u00fcrkiye&#8217;de y\u00fcksek kaliteli sentetik deri, astar ve aksesuarlardan \u00fcretilen bu \u00e7ok y\u00f6nl\u00fc \u00e7anta, \u00e7\u0131kar\u0131labilir el ve omuz ask\u0131lar\u0131yla birlikte gelir. Her b\u00f6lme tamamen astarl\u0131d\u0131r ve hem stil hem de i\u015flevsellik sa\u011flar. Zarif tasar\u0131m\u0131yla g\u00fcnl\u00fck kullan\u0131m i\u00e7in veya \u00f6zel k\u0131yafetlerinizi tamamlamak i\u00e7in m\u00fckemmeldir.  <\/p>\n<p><strong>Bak\u0131m Talimat\u0131:<\/strong> Nemli bezle temizleyiniz.<\/p>\n","protected":false},"excerpt":{"rendered":"<p>\u015eimdi stoklar\u0131m\u0131zda bulunan Sanmorris 4 B\u00f6lmeli \u00c7apraz Ask\u0131l\u0131 ve El \u00c7antas\u0131&#8217;n\u0131 ke\u015ffedin! Boyutlar: Y\u00fckseklik: 20 cm Geni\u015flik: 30 cm El Kay\u0131\u015f\u0131 Uzunlu\u011fu: 15 cm T\u00fcrkiye&#8217;de y\u00fcksek kaliteli sentetik deri, astar ve aksesuarlardan \u00fcretilen bu \u00e7ok y\u00f6nl\u00fc \u00e7anta, \u00e7\u0131kar\u0131labilir el ve omuz ask\u0131lar\u0131yla birlikte gelir. Her b\u00f6lme tamamen astarl\u0131d\u0131r ve hem stil hem de i\u015flevsellik sa\u011flar. [&hellip;]<\/p>\n","protected":false},"featured_media":19814,"comment_status":"closed","ping_status":"closed","template":"","meta":[],"product_brand":[],"product_cat":[63],"product_tag":[],"class_list":{"0":"post-21338","1":"product","2":"type-product","3":"status-publish","4":"has-post-thumbnail","6":"product_cat-capraz-canta","7":"pa_color-krem","8":"pa_color-platin","9":"pa_color-siyah-damla","10":"pa_color-siyah-mat","11":"pa_color-siyah-mozaik","12":"pa_color-siyah-parlak","14":"first","15":"instock","16":"shipping-taxable","17":"purchasable","18":"product-type-variable","19":"wvs-archive-product-wrapper"},"yoast_head":"<!-- This site is optimized with the Yoast SEO Premium plugin v25.4 (Yoast SEO v27.4) - https:\/\/yoast.com\/product\/yoast-seo-premium-wordpress\/ -->\n<title>\u00c7apraz Ask\u0131l\u0131 ve Elde Ta\u015f\u0131nabilen \u00c7anta - Sanmorris Bags<\/title>\n<meta name=\"description\" content=\"Y\u00fcksek kaliteli sentetik deriden yap\u0131lm\u0131\u015f, \u00e7\u0131kar\u0131labilir ask\u0131lara ve \u015f\u0131k bir tasar\u0131ma sahip Sanmorris 4 b\u00f6lmeli \u00e7apraz ask\u0131l\u0131 ve elde ta\u015f\u0131nabilen \u00e7anta\" \/>\n<meta name=\"robots\" content=\"index, follow, max-snippet:-1, max-image-preview:large, max-video-preview:-1\" \/>\n<link rel=\"canonical\" href=\"https:\/\/sanmorrisbags.com\/tr\/product\/kod-1360\/\" \/>\n<meta property=\"og:locale\" content=\"tr_TR\" \/>\n<meta property=\"og:type\" content=\"article\" \/>\n<meta property=\"og:title\" content=\"Kod: 1360\" \/>\n<meta property=\"og:description\" content=\"Y\u00fcksek kaliteli sentetik deriden yap\u0131lm\u0131\u015f, \u00e7\u0131kar\u0131labilir ask\u0131lara ve \u015f\u0131k bir tasar\u0131ma sahip Sanmorris 4 b\u00f6lmeli \u00e7apraz ask\u0131l\u0131 ve elde ta\u015f\u0131nabilen \u00e7anta\" \/>\n<meta property=\"og:url\" content=\"https:\/\/sanmorrisbags.com\/tr\/product\/kod-1360\/\" \/>\n<meta property=\"og:site_name\" content=\"Sanmorris Bags\" \/>\n<meta property=\"article:publisher\" content=\"https:\/\/www.facebook.com\/sanmorrisbags\" \/>\n<meta property=\"og:image\" content=\"https:\/\/sanmorrisbags.com\/wp-content\/uploads\/2024\/10\/1_org_zoom-2.webp\" \/>\n\t<meta property=\"og:image:width\" content=\"1200\" \/>\n\t<meta property=\"og:image:height\" content=\"1800\" \/>\n\t<meta property=\"og:image:type\" content=\"image\/webp\" \/>\n<meta name=\"twitter:card\" content=\"summary_large_image\" \/>\n<meta name=\"twitter:site\" content=\"@sanmorrisbag\" \/>\n<meta name=\"twitter:label1\" content=\"Durumu\" \/>\n\t<meta name=\"twitter:data1\" content=\"Stokta var\" \/>\n<script type=\"application\/ld+json\" class=\"yoast-schema-graph\">{\"@context\":\"https:\\\/\\\/schema.org\",\"@graph\":[{\"@type\":\"WebPage\",\"@id\":\"https:\\\/\\\/sanmorrisbags.com\\\/tr\\\/product\\\/kod-1360\\\/\",\"url\":\"https:\\\/\\\/sanmorrisbags.com\\\/tr\\\/product\\\/kod-1360\\\/\",\"name\":\"\u00c7apraz Ask\u0131l\u0131 ve Elde Ta\u015f\u0131nabilen \u00c7anta - Sanmorris Bags\",\"isPartOf\":{\"@id\":\"https:\\\/\\\/sanmorrisbags.com\\\/tr\\\/#website\"},\"primaryImageOfPage\":{\"@id\":\"https:\\\/\\\/sanmorrisbags.com\\\/tr\\\/product\\\/kod-1360\\\/#primaryimage\"},\"image\":{\"@id\":\"https:\\\/\\\/sanmorrisbags.com\\\/tr\\\/product\\\/kod-1360\\\/#primaryimage\"},\"thumbnailUrl\":\"https:\\\/\\\/sanmorrisbags.com\\\/wp-content\\\/uploads\\\/2024\\\/10\\\/1_org_zoom-2.webp\",\"datePublished\":\"2024-10-06T22:19:20+00:00\",\"description\":\"Y\u00fcksek kaliteli sentetik deriden yap\u0131lm\u0131\u015f, \u00e7\u0131kar\u0131labilir ask\u0131lara ve \u015f\u0131k bir tasar\u0131ma sahip Sanmorris 4 b\u00f6lmeli \u00e7apraz ask\u0131l\u0131 ve elde ta\u015f\u0131nabilen \u00e7anta\",\"breadcrumb\":{\"@id\":\"https:\\\/\\\/sanmorrisbags.com\\\/tr\\\/product\\\/kod-1360\\\/#breadcrumb\"},\"inLanguage\":\"tr\",\"potentialAction\":[{\"@type\":\"ReadAction\",\"target\":[\"https:\\\/\\\/sanmorrisbags.com\\\/tr\\\/product\\\/kod-1360\\\/\"]}]},{\"@type\":\"ImageObject\",\"inLanguage\":\"tr\",\"@id\":\"https:\\\/\\\/sanmorrisbags.com\\\/tr\\\/product\\\/kod-1360\\\/#primaryimage\",\"url\":\"https:\\\/\\\/sanmorrisbags.com\\\/wp-content\\\/uploads\\\/2024\\\/10\\\/1_org_zoom-2.webp\",\"contentUrl\":\"https:\\\/\\\/sanmorrisbags.com\\\/wp-content\\\/uploads\\\/2024\\\/10\\\/1_org_zoom-2.webp\",\"width\":1200,\"height\":1800,\"caption\":\"Crossbody and Handheld Clutch\"},{\"@type\":\"BreadcrumbList\",\"@id\":\"https:\\\/\\\/sanmorrisbags.com\\\/tr\\\/product\\\/kod-1360\\\/#breadcrumb\",\"itemListElement\":[{\"@type\":\"ListItem\",\"position\":1,\"name\":\"Home\",\"item\":\"https:\\\/\\\/sanmorrisbags.com\\\/tr\\\/home\\\/\"},{\"@type\":\"ListItem\",\"position\":2,\"name\":\"Shop\",\"item\":\"https:\\\/\\\/sanmorrisbags.com\\\/shop\\\/\"},{\"@type\":\"ListItem\",\"position\":3,\"name\":\"Kod: 1360\"}]},{\"@type\":\"WebSite\",\"@id\":\"https:\\\/\\\/sanmorrisbags.com\\\/tr\\\/#website\",\"url\":\"https:\\\/\\\/sanmorrisbags.com\\\/tr\\\/\",\"name\":\"Sanmorris Bags\",\"description\":\"\",\"publisher\":{\"@id\":\"https:\\\/\\\/sanmorrisbags.com\\\/tr\\\/#organization\"},\"potentialAction\":[{\"@type\":\"SearchAction\",\"target\":{\"@type\":\"EntryPoint\",\"urlTemplate\":\"https:\\\/\\\/sanmorrisbags.com\\\/tr\\\/?s={search_term_string}\"},\"query-input\":{\"@type\":\"PropertyValueSpecification\",\"valueRequired\":true,\"valueName\":\"search_term_string\"}}],\"inLanguage\":\"tr\"},{\"@type\":\"Organization\",\"@id\":\"https:\\\/\\\/sanmorrisbags.com\\\/tr\\\/#organization\",\"name\":\"Sanmorris Bags\",\"url\":\"https:\\\/\\\/sanmorrisbags.com\\\/tr\\\/\",\"logo\":{\"@type\":\"ImageObject\",\"inLanguage\":\"tr\",\"@id\":\"https:\\\/\\\/sanmorrisbags.com\\\/tr\\\/#\\\/schema\\\/logo\\\/image\\\/\",\"url\":\"https:\\\/\\\/sanmorrisbags.com\\\/wp-content\\\/uploads\\\/2023\\\/02\\\/Logo-new.png\",\"contentUrl\":\"https:\\\/\\\/sanmorrisbags.com\\\/wp-content\\\/uploads\\\/2023\\\/02\\\/Logo-new.png\",\"width\":1000,\"height\":1000,\"caption\":\"Sanmorris Bags\"},\"image\":{\"@id\":\"https:\\\/\\\/sanmorrisbags.com\\\/tr\\\/#\\\/schema\\\/logo\\\/image\\\/\"},\"sameAs\":[\"https:\\\/\\\/www.facebook.com\\\/sanmorrisbags\",\"https:\\\/\\\/x.com\\\/sanmorrisbag\",\"https:\\\/\\\/www.instagram.com\\\/sanmorrisbag\\\/\"]}]}<\/script>\n<meta property=\"og:availability\" content=\"instock\" \/>\n<meta property=\"product:availability\" content=\"instock\" \/>\n<meta property=\"product:condition\" content=\"new\" \/>\n<!-- \/ Yoast SEO Premium plugin. -->","yoast_head_json":{"title":"\u00c7apraz Ask\u0131l\u0131 ve Elde Ta\u015f\u0131nabilen \u00c7anta - Sanmorris Bags","description":"Y\u00fcksek kaliteli sentetik deriden yap\u0131lm\u0131\u015f, \u00e7\u0131kar\u0131labilir ask\u0131lara ve \u015f\u0131k bir tasar\u0131ma sahip Sanmorris 4 b\u00f6lmeli \u00e7apraz ask\u0131l\u0131 ve elde ta\u015f\u0131nabilen \u00e7anta","robots":{"index":"index","follow":"follow","max-snippet":"max-snippet:-1","max-image-preview":"max-image-preview:large","max-video-preview":"max-video-preview:-1"},"canonical":"https:\/\/sanmorrisbags.com\/tr\/product\/kod-1360\/","og_locale":"tr_TR","og_type":"article","og_title":"Kod: 1360","og_description":"Y\u00fcksek kaliteli sentetik deriden yap\u0131lm\u0131\u015f, \u00e7\u0131kar\u0131labilir ask\u0131lara ve \u015f\u0131k bir tasar\u0131ma sahip Sanmorris 4 b\u00f6lmeli \u00e7apraz ask\u0131l\u0131 ve elde ta\u015f\u0131nabilen \u00e7anta","og_url":"https:\/\/sanmorrisbags.com\/tr\/product\/kod-1360\/","og_site_name":"Sanmorris Bags","article_publisher":"https:\/\/www.facebook.com\/sanmorrisbags","og_image":[{"width":1200,"height":1800,"url":"https:\/\/sanmorrisbags.com\/wp-content\/uploads\/2024\/10\/1_org_zoom-2.webp","type":"image\/webp"}],"twitter_card":"summary_large_image","twitter_site":"@sanmorrisbag","twitter_misc":{"Durumu":"Stokta var"},"schema":{"@context":"https:\/\/schema.org","@graph":[{"@type":"WebPage","@id":"https:\/\/sanmorrisbags.com\/tr\/product\/kod-1360\/","url":"https:\/\/sanmorrisbags.com\/tr\/product\/kod-1360\/","name":"\u00c7apraz Ask\u0131l\u0131 ve Elde Ta\u015f\u0131nabilen \u00c7anta - Sanmorris Bags","isPartOf":{"@id":"https:\/\/sanmorrisbags.com\/tr\/#website"},"primaryImageOfPage":{"@id":"https:\/\/sanmorrisbags.com\/tr\/product\/kod-1360\/#primaryimage"},"image":{"@id":"https:\/\/sanmorrisbags.com\/tr\/product\/kod-1360\/#primaryimage"},"thumbnailUrl":"https:\/\/sanmorrisbags.com\/wp-content\/uploads\/2024\/10\/1_org_zoom-2.webp","datePublished":"2024-10-06T22:19:20+00:00","description":"Y\u00fcksek kaliteli sentetik deriden yap\u0131lm\u0131\u015f, \u00e7\u0131kar\u0131labilir ask\u0131lara ve \u015f\u0131k bir tasar\u0131ma sahip Sanmorris 4 b\u00f6lmeli \u00e7apraz ask\u0131l\u0131 ve elde ta\u015f\u0131nabilen \u00e7anta","breadcrumb":{"@id":"https:\/\/sanmorrisbags.com\/tr\/product\/kod-1360\/#breadcrumb"},"inLanguage":"tr","potentialAction":[{"@type":"ReadAction","target":["https:\/\/sanmorrisbags.com\/tr\/product\/kod-1360\/"]}]},{"@type":"ImageObject","inLanguage":"tr","@id":"https:\/\/sanmorrisbags.com\/tr\/product\/kod-1360\/#primaryimage","url":"https:\/\/sanmorrisbags.com\/wp-content\/uploads\/2024\/10\/1_org_zoom-2.webp","contentUrl":"https:\/\/sanmorrisbags.com\/wp-content\/uploads\/2024\/10\/1_org_zoom-2.webp","width":1200,"height":1800,"caption":"Crossbody and Handheld Clutch"},{"@type":"BreadcrumbList","@id":"https:\/\/sanmorrisbags.com\/tr\/product\/kod-1360\/#breadcrumb","itemListElement":[{"@type":"ListItem","position":1,"name":"Home","item":"https:\/\/sanmorrisbags.com\/tr\/home\/"},{"@type":"ListItem","position":2,"name":"Shop","item":"https:\/\/sanmorrisbags.com\/shop\/"},{"@type":"ListItem","position":3,"name":"Kod: 1360"}]},{"@type":"WebSite","@id":"https:\/\/sanmorrisbags.com\/tr\/#website","url":"https:\/\/sanmorrisbags.com\/tr\/","name":"Sanmorris Bags","description":"","publisher":{"@id":"https:\/\/sanmorrisbags.com\/tr\/#organization"},"potentialAction":[{"@type":"SearchAction","target":{"@type":"EntryPoint","urlTemplate":"https:\/\/sanmorrisbags.com\/tr\/?s={search_term_string}"},"query-input":{"@type":"PropertyValueSpecification","valueRequired":true,"valueName":"search_term_string"}}],"inLanguage":"tr"},{"@type":"Organization","@id":"https:\/\/sanmorrisbags.com\/tr\/#organization","name":"Sanmorris Bags","url":"https:\/\/sanmorrisbags.com\/tr\/","logo":{"@type":"ImageObject","inLanguage":"tr","@id":"https:\/\/sanmorrisbags.com\/tr\/#\/schema\/logo\/image\/","url":"https:\/\/sanmorrisbags.com\/wp-content\/uploads\/2023\/02\/Logo-new.png","contentUrl":"https:\/\/sanmorrisbags.com\/wp-content\/uploads\/2023\/02\/Logo-new.png","width":1000,"height":1000,"caption":"Sanmorris Bags"},"image":{"@id":"https:\/\/sanmorrisbags.com\/tr\/#\/schema\/logo\/image\/"},"sameAs":["https:\/\/www.facebook.com\/sanmorrisbags","https:\/\/x.com\/sanmorrisbag","https:\/\/www.instagram.com\/sanmorrisbag\/"]}]},"og_availability":"instock","product_availability":"instock","product_condition":"new"},"_links":{"self":[{"href":"https:\/\/sanmorrisbags.com\/tr\/wp-json\/wp\/v2\/product\/21338","targetHints":{"allow":["GET"]}}],"collection":[{"href":"https:\/\/sanmorrisbags.com\/tr\/wp-json\/wp\/v2\/product"}],"about":[{"href":"https:\/\/sanmorrisbags.com\/tr\/wp-json\/wp\/v2\/types\/product"}],"replies":[{"embeddable":true,"href":"https:\/\/sanmorrisbags.com\/tr\/wp-json\/wp\/v2\/comments?post=21338"}],"wp:featuredmedia":[{"embeddable":true,"href":"https:\/\/sanmorrisbags.com\/tr\/wp-json\/wp\/v2\/media\/19814"}],"wp:attachment":[{"href":"https:\/\/sanmorrisbags.com\/tr\/wp-json\/wp\/v2\/media?parent=21338"}],"wp:term":[{"taxonomy":"product_brand","embeddable":true,"href":"https:\/\/sanmorrisbags.com\/tr\/wp-json\/wp\/v2\/product_brand?post=21338"},{"taxonomy":"product_cat","embeddable":true,"href":"https:\/\/sanmorrisbags.com\/tr\/wp-json\/wp\/v2\/product_cat?post=21338"},{"taxonomy":"product_tag","embeddable":true,"href":"https:\/\/sanmorrisbags.com\/tr\/wp-json\/wp\/v2\/product_tag?post=21338"}],"curies":[{"name":"wp","href":"https:\/\/api.w.org\/{rel}","templated":true}]}}