{"id":21367,"date":"2024-10-06T22:16:03","date_gmt":"2024-10-06T22:16:03","guid":{"rendered":"https:\/\/sanmorrisbags.com\/product\/kod-1353\/"},"modified":"2024-10-06T22:16:03","modified_gmt":"2024-10-06T22:16:03","slug":"kod-1353","status":"publish","type":"product","link":"https:\/\/sanmorrisbags.com\/tr\/product\/kod-1353\/","title":{"rendered":"Kod: 1353"},"content":{"rendered":"<p><strong>Sanmorris faux leather crossbody<br \/>\nOriginal 3-Compartment Crossbody Bag \u2013 5 Colors and 3 Fabric Options in Stock<\/strong><\/p>\n<p>Introducing the <strong>Sanmorris<\/strong> branded 3-compartment crossbody bag, a versatile and stylish accessory that is perfect for daily use or special occasions. With 5 different color options and 3 fabric variations available in black, this bag offers something for every style and need. The bag&#8217;s <strong>dimensions<\/strong> are ideal for carrying all your daily essentials without feeling bulky. It measures <strong>20 cm in height<\/strong>, <strong>24 cm in width<\/strong>, and has a <strong>base width of 8 cm<\/strong>. Made from high-quality faux leather, this bag not only looks luxurious but is also durable. The interior is fully lined with premium fabric, ensuring that your belongings are well-protected. What sets this <strong>Sanmorris crossbody bag<\/strong> apart is its attention to detail. The bag features a <strong>metal zippered pocket on the back<\/strong> and another one inside, providing extra security and organization for your belongings. Whether you&#8217;re carrying your phone, wallet, keys, or makeup, this bag offers enough space and compartments to keep everything in order. Crafted in Turkey, this crossbody bag combines style with functionality. It&#8217;s perfect for those who need a versatile accessory that can easily transition from work to casual outings. The sleek design pairs well with both <strong>daily casual outfits<\/strong> and <strong>elegant combinations<\/strong>, making it a must-have addition to your wardrobe. Cleaning and maintenance are simple\u2014just use a damp cloth to keep the faux leather looking new. This bag is the perfect blend of <strong>style, functionality<\/strong>, and <strong>durability<\/strong>. Don\u2019t miss out on this must-have accessory for your everyday or formal looks. Feel free to <a href=\"https:\/\/www.sanmorrisbags.com\/catalog\">contact<\/a> us for more information\/ <\/p>\n","protected":false},"excerpt":{"rendered":"<p>Sanmorris faux leather crossbody Original 3-Compartment Crossbody Bag \u2013 5 Colors and 3 Fabric Options in Stock Introducing the Sanmorris branded 3-compartment crossbody bag, a versatile and stylish accessory that is perfect for daily use or special occasions. With 5 different color options and 3 fabric variations available in black, this bag offers something for [&hellip;]<\/p>\n","protected":false},"featured_media":19837,"comment_status":"closed","ping_status":"closed","template":"","meta":[],"product_brand":[],"product_cat":[63],"product_tag":[],"class_list":{"0":"post-21367","1":"product","2":"type-product","3":"status-publish","4":"has-post-thumbnail","6":"product_cat-capraz-canta","7":"pa_color-beyaz-yazili","8":"pa_color-haki","9":"pa_color-krem","10":"pa_color-krem-yazili","11":"pa_color-kum-yazili","12":"pa_color-lacivert","13":"pa_color-siyah-desen","14":"pa_color-siyah-mat","15":"pa_color-siyah-saten","16":"pa_color-siyah-taba-yazili","17":"pa_color-taba","18":"pa_color-taba-yazili","20":"first","21":"instock","22":"shipping-taxable","23":"purchasable","24":"product-type-variable","25":"wvs-archive-product-wrapper"},"yoast_head":"<!-- This site is optimized with the Yoast SEO Premium plugin v25.4 (Yoast SEO v27.4) - https:\/\/yoast.com\/product\/yoast-seo-premium-wordpress\/ -->\n<title>suni deri \u00e7apraz \u00e7anta Kod: 1353 - Sanmorris Bags<\/title>\n<meta name=\"description\" content=\"suni deri \u00e7apraz \u00e7anta. \u015e\u0131k Sanmorris 3 b\u00f6lmeli \u00e7apraz \u00e7anta, birden fazla renk ve kuma\u015f se\u00e7ene\u011fiyle mevcuttur, y\u00fcksek kaliteli suni deriden \u00fcretilmi\u015ftir.\" \/>\n<meta name=\"robots\" content=\"index, follow, max-snippet:-1, max-image-preview:large, max-video-preview:-1\" \/>\n<link rel=\"canonical\" href=\"https:\/\/sanmorrisbags.com\/tr\/product\/kod-1353\/\" \/>\n<meta property=\"og:locale\" content=\"tr_TR\" \/>\n<meta property=\"og:type\" content=\"article\" \/>\n<meta property=\"og:title\" content=\"Kod: 1353\" \/>\n<meta property=\"og:description\" content=\"suni deri \u00e7apraz \u00e7anta. \u015e\u0131k Sanmorris 3 b\u00f6lmeli \u00e7apraz \u00e7anta, birden fazla renk ve kuma\u015f se\u00e7ene\u011fiyle mevcuttur, y\u00fcksek kaliteli suni deriden \u00fcretilmi\u015ftir.\" \/>\n<meta property=\"og:url\" content=\"https:\/\/sanmorrisbags.com\/tr\/product\/kod-1353\/\" \/>\n<meta property=\"og:site_name\" content=\"Sanmorris Bags\" \/>\n<meta property=\"article:publisher\" content=\"https:\/\/www.facebook.com\/sanmorrisbags\" \/>\n<meta property=\"og:image\" content=\"https:\/\/sanmorrisbags.com\/wp-content\/uploads\/2024\/10\/90.jpg\" \/>\n\t<meta property=\"og:image:width\" content=\"1200\" \/>\n\t<meta property=\"og:image:height\" content=\"1800\" \/>\n\t<meta property=\"og:image:type\" content=\"image\/jpeg\" \/>\n<meta name=\"twitter:card\" content=\"summary_large_image\" \/>\n<meta name=\"twitter:site\" content=\"@sanmorrisbag\" \/>\n<meta name=\"twitter:label1\" content=\"Durumu\" \/>\n\t<meta name=\"twitter:data1\" content=\"Stokta var\" \/>\n<script type=\"application\/ld+json\" class=\"yoast-schema-graph\">{\"@context\":\"https:\\\/\\\/schema.org\",\"@graph\":[{\"@type\":\"WebPage\",\"@id\":\"https:\\\/\\\/sanmorrisbags.com\\\/tr\\\/product\\\/kod-1353\\\/\",\"url\":\"https:\\\/\\\/sanmorrisbags.com\\\/tr\\\/product\\\/kod-1353\\\/\",\"name\":\"suni deri \u00e7apraz \u00e7anta Kod: 1353 - Sanmorris Bags\",\"isPartOf\":{\"@id\":\"https:\\\/\\\/sanmorrisbags.com\\\/tr\\\/#website\"},\"primaryImageOfPage\":{\"@id\":\"https:\\\/\\\/sanmorrisbags.com\\\/tr\\\/product\\\/kod-1353\\\/#primaryimage\"},\"image\":{\"@id\":\"https:\\\/\\\/sanmorrisbags.com\\\/tr\\\/product\\\/kod-1353\\\/#primaryimage\"},\"thumbnailUrl\":\"https:\\\/\\\/sanmorrisbags.com\\\/wp-content\\\/uploads\\\/2024\\\/10\\\/90.jpg\",\"datePublished\":\"2024-10-06T22:16:03+00:00\",\"description\":\"suni deri \u00e7apraz \u00e7anta. \u015e\u0131k Sanmorris 3 b\u00f6lmeli \u00e7apraz \u00e7anta, birden fazla renk ve kuma\u015f se\u00e7ene\u011fiyle mevcuttur, y\u00fcksek kaliteli suni deriden \u00fcretilmi\u015ftir.\",\"breadcrumb\":{\"@id\":\"https:\\\/\\\/sanmorrisbags.com\\\/tr\\\/product\\\/kod-1353\\\/#breadcrumb\"},\"inLanguage\":\"tr\",\"potentialAction\":[{\"@type\":\"ReadAction\",\"target\":[\"https:\\\/\\\/sanmorrisbags.com\\\/tr\\\/product\\\/kod-1353\\\/\"]}]},{\"@type\":\"ImageObject\",\"inLanguage\":\"tr\",\"@id\":\"https:\\\/\\\/sanmorrisbags.com\\\/tr\\\/product\\\/kod-1353\\\/#primaryimage\",\"url\":\"https:\\\/\\\/sanmorrisbags.com\\\/wp-content\\\/uploads\\\/2024\\\/10\\\/90.jpg\",\"contentUrl\":\"https:\\\/\\\/sanmorrisbags.com\\\/wp-content\\\/uploads\\\/2024\\\/10\\\/90.jpg\",\"width\":1200,\"height\":1800,\"caption\":\"Stylish Sanmorris 3-compartment crossbody bag, available in multiple colors and fabric options, made from high-quality faux leather.\"},{\"@type\":\"BreadcrumbList\",\"@id\":\"https:\\\/\\\/sanmorrisbags.com\\\/tr\\\/product\\\/kod-1353\\\/#breadcrumb\",\"itemListElement\":[{\"@type\":\"ListItem\",\"position\":1,\"name\":\"Home\",\"item\":\"https:\\\/\\\/sanmorrisbags.com\\\/tr\\\/home\\\/\"},{\"@type\":\"ListItem\",\"position\":2,\"name\":\"Shop\",\"item\":\"https:\\\/\\\/sanmorrisbags.com\\\/shop\\\/\"},{\"@type\":\"ListItem\",\"position\":3,\"name\":\"Kod: 1353\"}]},{\"@type\":\"WebSite\",\"@id\":\"https:\\\/\\\/sanmorrisbags.com\\\/tr\\\/#website\",\"url\":\"https:\\\/\\\/sanmorrisbags.com\\\/tr\\\/\",\"name\":\"Sanmorris Bags\",\"description\":\"\",\"publisher\":{\"@id\":\"https:\\\/\\\/sanmorrisbags.com\\\/tr\\\/#organization\"},\"potentialAction\":[{\"@type\":\"SearchAction\",\"target\":{\"@type\":\"EntryPoint\",\"urlTemplate\":\"https:\\\/\\\/sanmorrisbags.com\\\/tr\\\/?s={search_term_string}\"},\"query-input\":{\"@type\":\"PropertyValueSpecification\",\"valueRequired\":true,\"valueName\":\"search_term_string\"}}],\"inLanguage\":\"tr\"},{\"@type\":\"Organization\",\"@id\":\"https:\\\/\\\/sanmorrisbags.com\\\/tr\\\/#organization\",\"name\":\"Sanmorris Bags\",\"url\":\"https:\\\/\\\/sanmorrisbags.com\\\/tr\\\/\",\"logo\":{\"@type\":\"ImageObject\",\"inLanguage\":\"tr\",\"@id\":\"https:\\\/\\\/sanmorrisbags.com\\\/tr\\\/#\\\/schema\\\/logo\\\/image\\\/\",\"url\":\"https:\\\/\\\/sanmorrisbags.com\\\/wp-content\\\/uploads\\\/2023\\\/02\\\/Logo-new.png\",\"contentUrl\":\"https:\\\/\\\/sanmorrisbags.com\\\/wp-content\\\/uploads\\\/2023\\\/02\\\/Logo-new.png\",\"width\":1000,\"height\":1000,\"caption\":\"Sanmorris Bags\"},\"image\":{\"@id\":\"https:\\\/\\\/sanmorrisbags.com\\\/tr\\\/#\\\/schema\\\/logo\\\/image\\\/\"},\"sameAs\":[\"https:\\\/\\\/www.facebook.com\\\/sanmorrisbags\",\"https:\\\/\\\/x.com\\\/sanmorrisbag\",\"https:\\\/\\\/www.instagram.com\\\/sanmorrisbag\\\/\"]}]}<\/script>\n<meta property=\"og:availability\" content=\"instock\" \/>\n<meta property=\"product:availability\" content=\"instock\" \/>\n<meta property=\"product:condition\" content=\"new\" \/>\n<!-- \/ Yoast SEO Premium plugin. -->","yoast_head_json":{"title":"suni deri \u00e7apraz \u00e7anta Kod: 1353 - Sanmorris Bags","description":"suni deri \u00e7apraz \u00e7anta. \u015e\u0131k Sanmorris 3 b\u00f6lmeli \u00e7apraz \u00e7anta, birden fazla renk ve kuma\u015f se\u00e7ene\u011fiyle mevcuttur, y\u00fcksek kaliteli suni deriden \u00fcretilmi\u015ftir.","robots":{"index":"index","follow":"follow","max-snippet":"max-snippet:-1","max-image-preview":"max-image-preview:large","max-video-preview":"max-video-preview:-1"},"canonical":"https:\/\/sanmorrisbags.com\/tr\/product\/kod-1353\/","og_locale":"tr_TR","og_type":"article","og_title":"Kod: 1353","og_description":"suni deri \u00e7apraz \u00e7anta. \u015e\u0131k Sanmorris 3 b\u00f6lmeli \u00e7apraz \u00e7anta, birden fazla renk ve kuma\u015f se\u00e7ene\u011fiyle mevcuttur, y\u00fcksek kaliteli suni deriden \u00fcretilmi\u015ftir.","og_url":"https:\/\/sanmorrisbags.com\/tr\/product\/kod-1353\/","og_site_name":"Sanmorris Bags","article_publisher":"https:\/\/www.facebook.com\/sanmorrisbags","og_image":[{"width":1200,"height":1800,"url":"https:\/\/sanmorrisbags.com\/wp-content\/uploads\/2024\/10\/90.jpg","type":"image\/jpeg"}],"twitter_card":"summary_large_image","twitter_site":"@sanmorrisbag","twitter_misc":{"Durumu":"Stokta var"},"schema":{"@context":"https:\/\/schema.org","@graph":[{"@type":"WebPage","@id":"https:\/\/sanmorrisbags.com\/tr\/product\/kod-1353\/","url":"https:\/\/sanmorrisbags.com\/tr\/product\/kod-1353\/","name":"suni deri \u00e7apraz \u00e7anta Kod: 1353 - Sanmorris Bags","isPartOf":{"@id":"https:\/\/sanmorrisbags.com\/tr\/#website"},"primaryImageOfPage":{"@id":"https:\/\/sanmorrisbags.com\/tr\/product\/kod-1353\/#primaryimage"},"image":{"@id":"https:\/\/sanmorrisbags.com\/tr\/product\/kod-1353\/#primaryimage"},"thumbnailUrl":"https:\/\/sanmorrisbags.com\/wp-content\/uploads\/2024\/10\/90.jpg","datePublished":"2024-10-06T22:16:03+00:00","description":"suni deri \u00e7apraz \u00e7anta. \u015e\u0131k Sanmorris 3 b\u00f6lmeli \u00e7apraz \u00e7anta, birden fazla renk ve kuma\u015f se\u00e7ene\u011fiyle mevcuttur, y\u00fcksek kaliteli suni deriden \u00fcretilmi\u015ftir.","breadcrumb":{"@id":"https:\/\/sanmorrisbags.com\/tr\/product\/kod-1353\/#breadcrumb"},"inLanguage":"tr","potentialAction":[{"@type":"ReadAction","target":["https:\/\/sanmorrisbags.com\/tr\/product\/kod-1353\/"]}]},{"@type":"ImageObject","inLanguage":"tr","@id":"https:\/\/sanmorrisbags.com\/tr\/product\/kod-1353\/#primaryimage","url":"https:\/\/sanmorrisbags.com\/wp-content\/uploads\/2024\/10\/90.jpg","contentUrl":"https:\/\/sanmorrisbags.com\/wp-content\/uploads\/2024\/10\/90.jpg","width":1200,"height":1800,"caption":"Stylish Sanmorris 3-compartment crossbody bag, available in multiple colors and fabric options, made from high-quality faux leather."},{"@type":"BreadcrumbList","@id":"https:\/\/sanmorrisbags.com\/tr\/product\/kod-1353\/#breadcrumb","itemListElement":[{"@type":"ListItem","position":1,"name":"Home","item":"https:\/\/sanmorrisbags.com\/tr\/home\/"},{"@type":"ListItem","position":2,"name":"Shop","item":"https:\/\/sanmorrisbags.com\/shop\/"},{"@type":"ListItem","position":3,"name":"Kod: 1353"}]},{"@type":"WebSite","@id":"https:\/\/sanmorrisbags.com\/tr\/#website","url":"https:\/\/sanmorrisbags.com\/tr\/","name":"Sanmorris Bags","description":"","publisher":{"@id":"https:\/\/sanmorrisbags.com\/tr\/#organization"},"potentialAction":[{"@type":"SearchAction","target":{"@type":"EntryPoint","urlTemplate":"https:\/\/sanmorrisbags.com\/tr\/?s={search_term_string}"},"query-input":{"@type":"PropertyValueSpecification","valueRequired":true,"valueName":"search_term_string"}}],"inLanguage":"tr"},{"@type":"Organization","@id":"https:\/\/sanmorrisbags.com\/tr\/#organization","name":"Sanmorris Bags","url":"https:\/\/sanmorrisbags.com\/tr\/","logo":{"@type":"ImageObject","inLanguage":"tr","@id":"https:\/\/sanmorrisbags.com\/tr\/#\/schema\/logo\/image\/","url":"https:\/\/sanmorrisbags.com\/wp-content\/uploads\/2023\/02\/Logo-new.png","contentUrl":"https:\/\/sanmorrisbags.com\/wp-content\/uploads\/2023\/02\/Logo-new.png","width":1000,"height":1000,"caption":"Sanmorris Bags"},"image":{"@id":"https:\/\/sanmorrisbags.com\/tr\/#\/schema\/logo\/image\/"},"sameAs":["https:\/\/www.facebook.com\/sanmorrisbags","https:\/\/x.com\/sanmorrisbag","https:\/\/www.instagram.com\/sanmorrisbag\/"]}]},"og_availability":"instock","product_availability":"instock","product_condition":"new"},"_links":{"self":[{"href":"https:\/\/sanmorrisbags.com\/tr\/wp-json\/wp\/v2\/product\/21367","targetHints":{"allow":["GET"]}}],"collection":[{"href":"https:\/\/sanmorrisbags.com\/tr\/wp-json\/wp\/v2\/product"}],"about":[{"href":"https:\/\/sanmorrisbags.com\/tr\/wp-json\/wp\/v2\/types\/product"}],"replies":[{"embeddable":true,"href":"https:\/\/sanmorrisbags.com\/tr\/wp-json\/wp\/v2\/comments?post=21367"}],"wp:featuredmedia":[{"embeddable":true,"href":"https:\/\/sanmorrisbags.com\/tr\/wp-json\/wp\/v2\/media\/19837"}],"wp:attachment":[{"href":"https:\/\/sanmorrisbags.com\/tr\/wp-json\/wp\/v2\/media?parent=21367"}],"wp:term":[{"taxonomy":"product_brand","embeddable":true,"href":"https:\/\/sanmorrisbags.com\/tr\/wp-json\/wp\/v2\/product_brand?post=21367"},{"taxonomy":"product_cat","embeddable":true,"href":"https:\/\/sanmorrisbags.com\/tr\/wp-json\/wp\/v2\/product_cat?post=21367"},{"taxonomy":"product_tag","embeddable":true,"href":"https:\/\/sanmorrisbags.com\/tr\/wp-json\/wp\/v2\/product_tag?post=21367"}],"curies":[{"name":"wp","href":"https:\/\/api.w.org\/{rel}","templated":true}]}}