{"id":21440,"date":"2024-10-06T22:09:40","date_gmt":"2024-10-06T22:09:40","guid":{"rendered":"https:\/\/sanmorrisbags.com\/product\/kod-3028\/"},"modified":"2024-10-06T22:09:40","modified_gmt":"2024-10-06T22:09:40","slug":"kod-3028","status":"publish","type":"product","link":"https:\/\/sanmorrisbags.com\/tr\/product\/kod-3028\/","title":{"rendered":"Kod: 3028"},"content":{"rendered":"<p><strong>Sanmorris Unisex Waterproof Crinkle Fabric Crossbody Travel and Sports Bag<\/strong><\/p>\n<p>Our Sanmorris unisex waterproof crinkle fabric crossbody bag, suitable for hand carrying, is available in various color options.<\/p>\n<ul>\n<li><strong>\u00dcr\u00fcn \u00d6l\u00e7\u00fcleri:<\/strong>\n<ul>\n<li>Geni\u015flik: 48 cm<\/li>\n<li>Y\u00fckseklik: 29 cm<\/li>\n<li>Taban Geni\u015fli\u011fi: 22 cm<\/li>\n<\/ul>\n<\/li>\n<\/ul>\n<p>Crafted from waterproof fabric that is free from carcinogenic materials, this bag is designed for durability. The fabric is not wrinkled, ensuring a sleek appearance. It features both hand and crossbody straps for easy carrying. The back includes a strap that easily attaches to rolling luggage for convenient transport. It is a Lightweight and spacious bag. The front has two zippered pockets, while the back includes one zippered pocket for additional storage. Inside, there\u2019s one zippered compartment for secure organization. For easy access, there are zipper pulls on both sides of the bag. The removable accessory can be attached or detached, with adjustable forms for versatility. We recommend cleaning the bag with a damp cloth. <\/p>\n","protected":false},"excerpt":{"rendered":"<p>Sanmorris Unisex Waterproof Crinkle Fabric Crossbody Travel and Sports Bag Our Sanmorris unisex waterproof crinkle fabric crossbody bag, suitable for hand carrying, is available in various color options. \u00dcr\u00fcn \u00d6l\u00e7\u00fcleri: Geni\u015flik: 48 cm Y\u00fckseklik: 29 cm Taban Geni\u015fli\u011fi: 22 cm Crafted from waterproof fabric that is free from carcinogenic materials, this bag is designed for [&hellip;]<\/p>\n","protected":false},"featured_media":19911,"comment_status":"closed","ping_status":"closed","template":"","meta":[],"product_brand":[],"product_cat":[66,67],"product_tag":[],"class_list":{"0":"post-21440","1":"product","2":"type-product","3":"status-publish","4":"has-post-thumbnail","6":"product_cat-omuz-cantasi","7":"product_cat-seyahat-cantasi","8":"pa_color-haki","9":"pa_color-koyu-gri","10":"pa_color-lacivert","11":"pa_color-siyah","13":"first","14":"instock","15":"shipping-taxable","16":"purchasable","17":"product-type-variable","18":"wvs-archive-product-wrapper"},"yoast_head":"<!-- This site is optimized with the Yoast SEO Premium plugin v25.4 (Yoast SEO v27.6) - https:\/\/yoast.com\/product\/yoast-seo-premium-wordpress\/ -->\n<title>Lightweight and spacious bag Kod: 3028 - Sanmorris Bags<\/title>\n<meta name=\"description\" content=\"Lightweight and spacious bag. Stylish Sanmorris crinkle fabric crossbody bag designed for everyday use with carcinogen-free materials and easy cleaning\" \/>\n<meta name=\"robots\" content=\"index, follow, max-snippet:-1, max-image-preview:large, max-video-preview:-1\" \/>\n<link rel=\"canonical\" href=\"https:\/\/sanmorrisbags.com\/tr\/product\/kod-3028\/\" \/>\n<meta property=\"og:locale\" content=\"tr_TR\" \/>\n<meta property=\"og:type\" content=\"article\" \/>\n<meta property=\"og:title\" content=\"Kod: 3028\" \/>\n<meta property=\"og:description\" content=\"Lightweight and spacious bag. Stylish Sanmorris crinkle fabric crossbody bag designed for everyday use with carcinogen-free materials and easy cleaning\" \/>\n<meta property=\"og:url\" content=\"https:\/\/sanmorrisbags.com\/tr\/product\/kod-3028\/\" \/>\n<meta property=\"og:site_name\" content=\"Sanmorris Bags\" \/>\n<meta property=\"article:publisher\" content=\"https:\/\/www.facebook.com\/sanmorrisbags\" \/>\n<meta property=\"og:image\" content=\"https:\/\/sanmorrisbags.com\/wp-content\/uploads\/2024\/10\/DSC_0786.jpg\" \/>\n\t<meta property=\"og:image:width\" content=\"1200\" \/>\n\t<meta property=\"og:image:height\" content=\"1800\" \/>\n\t<meta property=\"og:image:type\" content=\"image\/jpeg\" \/>\n<meta name=\"twitter:card\" content=\"summary_large_image\" \/>\n<meta name=\"twitter:site\" content=\"@sanmorrisbag\" \/>\n<meta name=\"twitter:label1\" content=\"Durumu\" \/>\n\t<meta name=\"twitter:data1\" content=\"Stokta var\" \/>\n<script type=\"application\/ld+json\" class=\"yoast-schema-graph\">{\"@context\":\"https:\\\/\\\/schema.org\",\"@graph\":[{\"@type\":\"WebPage\",\"@id\":\"https:\\\/\\\/sanmorrisbags.com\\\/tr\\\/product\\\/kod-3028\\\/\",\"url\":\"https:\\\/\\\/sanmorrisbags.com\\\/tr\\\/product\\\/kod-3028\\\/\",\"name\":\"Lightweight and spacious bag Kod: 3028 - Sanmorris Bags\",\"isPartOf\":{\"@id\":\"https:\\\/\\\/sanmorrisbags.com\\\/tr\\\/#website\"},\"primaryImageOfPage\":{\"@id\":\"https:\\\/\\\/sanmorrisbags.com\\\/tr\\\/product\\\/kod-3028\\\/#primaryimage\"},\"image\":{\"@id\":\"https:\\\/\\\/sanmorrisbags.com\\\/tr\\\/product\\\/kod-3028\\\/#primaryimage\"},\"thumbnailUrl\":\"https:\\\/\\\/sanmorrisbags.com\\\/wp-content\\\/uploads\\\/2024\\\/10\\\/DSC_0786.jpg\",\"datePublished\":\"2024-10-06T22:09:40+00:00\",\"description\":\"Lightweight and spacious bag. Stylish Sanmorris crinkle fabric crossbody bag designed for everyday use with carcinogen-free materials and easy cleaning\",\"breadcrumb\":{\"@id\":\"https:\\\/\\\/sanmorrisbags.com\\\/tr\\\/product\\\/kod-3028\\\/#breadcrumb\"},\"inLanguage\":\"tr\",\"potentialAction\":[{\"@type\":\"ReadAction\",\"target\":[\"https:\\\/\\\/sanmorrisbags.com\\\/tr\\\/product\\\/kod-3028\\\/\"]}]},{\"@type\":\"ImageObject\",\"inLanguage\":\"tr\",\"@id\":\"https:\\\/\\\/sanmorrisbags.com\\\/tr\\\/product\\\/kod-3028\\\/#primaryimage\",\"url\":\"https:\\\/\\\/sanmorrisbags.com\\\/wp-content\\\/uploads\\\/2024\\\/10\\\/DSC_0786.jpg\",\"contentUrl\":\"https:\\\/\\\/sanmorrisbags.com\\\/wp-content\\\/uploads\\\/2024\\\/10\\\/DSC_0786.jpg\",\"width\":1200,\"height\":1800,\"caption\":\"Lightweight and spacious bag in grey\"},{\"@type\":\"BreadcrumbList\",\"@id\":\"https:\\\/\\\/sanmorrisbags.com\\\/tr\\\/product\\\/kod-3028\\\/#breadcrumb\",\"itemListElement\":[{\"@type\":\"ListItem\",\"position\":1,\"name\":\"Home\",\"item\":\"https:\\\/\\\/sanmorrisbags.com\\\/tr\\\/home\\\/\"},{\"@type\":\"ListItem\",\"position\":2,\"name\":\"Shop\",\"item\":\"https:\\\/\\\/sanmorrisbags.com\\\/shop\\\/\"},{\"@type\":\"ListItem\",\"position\":3,\"name\":\"Kod: 3028\"}]},{\"@type\":\"WebSite\",\"@id\":\"https:\\\/\\\/sanmorrisbags.com\\\/tr\\\/#website\",\"url\":\"https:\\\/\\\/sanmorrisbags.com\\\/tr\\\/\",\"name\":\"Sanmorris Bags\",\"description\":\"\",\"publisher\":{\"@id\":\"https:\\\/\\\/sanmorrisbags.com\\\/tr\\\/#organization\"},\"potentialAction\":[{\"@type\":\"SearchAction\",\"target\":{\"@type\":\"EntryPoint\",\"urlTemplate\":\"https:\\\/\\\/sanmorrisbags.com\\\/tr\\\/?s={search_term_string}\"},\"query-input\":{\"@type\":\"PropertyValueSpecification\",\"valueRequired\":true,\"valueName\":\"search_term_string\"}}],\"inLanguage\":\"tr\"},{\"@type\":\"Organization\",\"@id\":\"https:\\\/\\\/sanmorrisbags.com\\\/tr\\\/#organization\",\"name\":\"Sanmorris Bags\",\"url\":\"https:\\\/\\\/sanmorrisbags.com\\\/tr\\\/\",\"logo\":{\"@type\":\"ImageObject\",\"inLanguage\":\"tr\",\"@id\":\"https:\\\/\\\/sanmorrisbags.com\\\/tr\\\/#\\\/schema\\\/logo\\\/image\\\/\",\"url\":\"https:\\\/\\\/sanmorrisbags.com\\\/wp-content\\\/uploads\\\/2023\\\/02\\\/Logo-new.png\",\"contentUrl\":\"https:\\\/\\\/sanmorrisbags.com\\\/wp-content\\\/uploads\\\/2023\\\/02\\\/Logo-new.png\",\"width\":1000,\"height\":1000,\"caption\":\"Sanmorris Bags\"},\"image\":{\"@id\":\"https:\\\/\\\/sanmorrisbags.com\\\/tr\\\/#\\\/schema\\\/logo\\\/image\\\/\"},\"sameAs\":[\"https:\\\/\\\/www.facebook.com\\\/sanmorrisbags\",\"https:\\\/\\\/x.com\\\/sanmorrisbag\",\"https:\\\/\\\/www.instagram.com\\\/sanmorrisbag\\\/\"]}]}<\/script>\n<meta property=\"og:availability\" content=\"instock\" \/>\n<meta property=\"product:availability\" content=\"instock\" \/>\n<meta property=\"product:condition\" content=\"new\" \/>\n<!-- \/ Yoast SEO Premium plugin. -->","yoast_head_json":{"title":"Lightweight and spacious bag Kod: 3028 - Sanmorris Bags","description":"Lightweight and spacious bag. Stylish Sanmorris crinkle fabric crossbody bag designed for everyday use with carcinogen-free materials and easy cleaning","robots":{"index":"index","follow":"follow","max-snippet":"max-snippet:-1","max-image-preview":"max-image-preview:large","max-video-preview":"max-video-preview:-1"},"canonical":"https:\/\/sanmorrisbags.com\/tr\/product\/kod-3028\/","og_locale":"tr_TR","og_type":"article","og_title":"Kod: 3028","og_description":"Lightweight and spacious bag. Stylish Sanmorris crinkle fabric crossbody bag designed for everyday use with carcinogen-free materials and easy cleaning","og_url":"https:\/\/sanmorrisbags.com\/tr\/product\/kod-3028\/","og_site_name":"Sanmorris Bags","article_publisher":"https:\/\/www.facebook.com\/sanmorrisbags","og_image":[{"width":1200,"height":1800,"url":"https:\/\/sanmorrisbags.com\/wp-content\/uploads\/2024\/10\/DSC_0786.jpg","type":"image\/jpeg"}],"twitter_card":"summary_large_image","twitter_site":"@sanmorrisbag","twitter_misc":{"Durumu":"Stokta var"},"schema":{"@context":"https:\/\/schema.org","@graph":[{"@type":"WebPage","@id":"https:\/\/sanmorrisbags.com\/tr\/product\/kod-3028\/","url":"https:\/\/sanmorrisbags.com\/tr\/product\/kod-3028\/","name":"Lightweight and spacious bag Kod: 3028 - Sanmorris Bags","isPartOf":{"@id":"https:\/\/sanmorrisbags.com\/tr\/#website"},"primaryImageOfPage":{"@id":"https:\/\/sanmorrisbags.com\/tr\/product\/kod-3028\/#primaryimage"},"image":{"@id":"https:\/\/sanmorrisbags.com\/tr\/product\/kod-3028\/#primaryimage"},"thumbnailUrl":"https:\/\/sanmorrisbags.com\/wp-content\/uploads\/2024\/10\/DSC_0786.jpg","datePublished":"2024-10-06T22:09:40+00:00","description":"Lightweight and spacious bag. Stylish Sanmorris crinkle fabric crossbody bag designed for everyday use with carcinogen-free materials and easy cleaning","breadcrumb":{"@id":"https:\/\/sanmorrisbags.com\/tr\/product\/kod-3028\/#breadcrumb"},"inLanguage":"tr","potentialAction":[{"@type":"ReadAction","target":["https:\/\/sanmorrisbags.com\/tr\/product\/kod-3028\/"]}]},{"@type":"ImageObject","inLanguage":"tr","@id":"https:\/\/sanmorrisbags.com\/tr\/product\/kod-3028\/#primaryimage","url":"https:\/\/sanmorrisbags.com\/wp-content\/uploads\/2024\/10\/DSC_0786.jpg","contentUrl":"https:\/\/sanmorrisbags.com\/wp-content\/uploads\/2024\/10\/DSC_0786.jpg","width":1200,"height":1800,"caption":"Lightweight and spacious bag in grey"},{"@type":"BreadcrumbList","@id":"https:\/\/sanmorrisbags.com\/tr\/product\/kod-3028\/#breadcrumb","itemListElement":[{"@type":"ListItem","position":1,"name":"Home","item":"https:\/\/sanmorrisbags.com\/tr\/home\/"},{"@type":"ListItem","position":2,"name":"Shop","item":"https:\/\/sanmorrisbags.com\/shop\/"},{"@type":"ListItem","position":3,"name":"Kod: 3028"}]},{"@type":"WebSite","@id":"https:\/\/sanmorrisbags.com\/tr\/#website","url":"https:\/\/sanmorrisbags.com\/tr\/","name":"Sanmorris Bags","description":"","publisher":{"@id":"https:\/\/sanmorrisbags.com\/tr\/#organization"},"potentialAction":[{"@type":"SearchAction","target":{"@type":"EntryPoint","urlTemplate":"https:\/\/sanmorrisbags.com\/tr\/?s={search_term_string}"},"query-input":{"@type":"PropertyValueSpecification","valueRequired":true,"valueName":"search_term_string"}}],"inLanguage":"tr"},{"@type":"Organization","@id":"https:\/\/sanmorrisbags.com\/tr\/#organization","name":"Sanmorris Bags","url":"https:\/\/sanmorrisbags.com\/tr\/","logo":{"@type":"ImageObject","inLanguage":"tr","@id":"https:\/\/sanmorrisbags.com\/tr\/#\/schema\/logo\/image\/","url":"https:\/\/sanmorrisbags.com\/wp-content\/uploads\/2023\/02\/Logo-new.png","contentUrl":"https:\/\/sanmorrisbags.com\/wp-content\/uploads\/2023\/02\/Logo-new.png","width":1000,"height":1000,"caption":"Sanmorris Bags"},"image":{"@id":"https:\/\/sanmorrisbags.com\/tr\/#\/schema\/logo\/image\/"},"sameAs":["https:\/\/www.facebook.com\/sanmorrisbags","https:\/\/x.com\/sanmorrisbag","https:\/\/www.instagram.com\/sanmorrisbag\/"]}]},"og_availability":"instock","product_availability":"instock","product_condition":"new"},"_links":{"self":[{"href":"https:\/\/sanmorrisbags.com\/tr\/wp-json\/wp\/v2\/product\/21440","targetHints":{"allow":["GET"]}}],"collection":[{"href":"https:\/\/sanmorrisbags.com\/tr\/wp-json\/wp\/v2\/product"}],"about":[{"href":"https:\/\/sanmorrisbags.com\/tr\/wp-json\/wp\/v2\/types\/product"}],"replies":[{"embeddable":true,"href":"https:\/\/sanmorrisbags.com\/tr\/wp-json\/wp\/v2\/comments?post=21440"}],"wp:featuredmedia":[{"embeddable":true,"href":"https:\/\/sanmorrisbags.com\/tr\/wp-json\/wp\/v2\/media\/19911"}],"wp:attachment":[{"href":"https:\/\/sanmorrisbags.com\/tr\/wp-json\/wp\/v2\/media?parent=21440"}],"wp:term":[{"taxonomy":"product_brand","embeddable":true,"href":"https:\/\/sanmorrisbags.com\/tr\/wp-json\/wp\/v2\/product_brand?post=21440"},{"taxonomy":"product_cat","embeddable":true,"href":"https:\/\/sanmorrisbags.com\/tr\/wp-json\/wp\/v2\/product_cat?post=21440"},{"taxonomy":"product_tag","embeddable":true,"href":"https:\/\/sanmorrisbags.com\/tr\/wp-json\/wp\/v2\/product_tag?post=21440"}],"curies":[{"name":"wp","href":"https:\/\/api.w.org\/{rel}","templated":true}]}}