{"id":21474,"date":"2024-10-06T22:02:21","date_gmt":"2024-10-06T22:02:21","guid":{"rendered":"https:\/\/sanmorrisbags.com\/product\/kod-1000\/"},"modified":"2024-12-11T12:32:14","modified_gmt":"2024-12-11T12:32:14","slug":"kod-1000","status":"publish","type":"product","link":"https:\/\/sanmorrisbags.com\/tr\/product\/kod-1000\/","title":{"rendered":"Kod: 1000"},"content":{"rendered":"<p>Sanmorris marka \u00e7apraz ask\u0131l\u0131 \u00e7antam\u0131z \u00e7\u0131kar\u0131labilir omuz ve \u00e7apraz ask\u0131larla birlikte geliyor, 7 farkl\u0131 renk ve siyah renkte 2 kuma\u015f se\u00e7ene\u011fi mevcut.<\/p>\n<ul>\n<li><strong>Dimensions:<\/strong><br \/>\nHeight: 20 cm<br \/>\nWidth: 20 cm<br \/>\nBase Width: 9 cm<\/li>\n<\/ul>\n<p>T\u00fcrkiye&#8217;de y\u00fcksek kaliteli sentetik deri, astar ve aksesuarlarla \u00fcretilmi\u015ftir. Ana b\u00f6lmesi manyetik bir kapakla sabitlenmi\u015f 3 ayr\u0131 b\u00f6lmeye sahiptir. G\u00fcnl\u00fck rahatl\u0131\u011f\u0131 en \u00fcst d\u00fczeye \u00e7\u0131karmak i\u00e7in t\u00fcm b\u00f6lmeler tek bir metal fermuarla kapan\u0131r. Bu \u00e7anta, g\u00fcnl\u00fck k\u0131yafetlerinizi \u00e7apraz \u00e7anta olarak tamamlayabilir veya omuz \u00e7antas\u0131 olarak \u015f\u0131k g\u00f6r\u00fcn\u00fcm\u00fcn\u00fcz\u00fc geli\u015ftirebilir. Ask\u0131lar\u0131 sentetik deriden yap\u0131lm\u0131\u015ft\u0131r. Nemli bir bezle temizleyin.     <\/p>\n<p><b>Contact <a href=\"https:\/\/www.sanmorrisbags.com\/contact\/\">Us<\/a> for Bulk Orders<\/b><\/p>\n","protected":false},"excerpt":{"rendered":"<p>Sanmorris marka \u00e7apraz ask\u0131l\u0131 \u00e7antam\u0131z \u00e7\u0131kar\u0131labilir omuz ve \u00e7apraz ask\u0131larla birlikte geliyor, 7 farkl\u0131 renk ve siyah renkte 2 kuma\u015f se\u00e7ene\u011fi mevcut. Dimensions: Height: 20 cm Width: 20 cm Base Width: 9 cm T\u00fcrkiye&#8217;de y\u00fcksek kaliteli sentetik deri, astar ve aksesuarlarla \u00fcretilmi\u015ftir. Ana b\u00f6lmesi manyetik bir kapakla sabitlenmi\u015f 3 ayr\u0131 b\u00f6lmeye sahiptir. G\u00fcnl\u00fck rahatl\u0131\u011f\u0131 en [&hellip;]<\/p>\n","protected":false},"featured_media":20008,"comment_status":"closed","ping_status":"closed","template":"","meta":[],"product_brand":[],"product_cat":[63],"product_tag":[],"class_list":{"0":"post-21474","1":"product","2":"type-product","3":"status-publish","4":"has-post-thumbnail","6":"product_cat-capraz-canta","7":"pa_color-beyaz","8":"pa_color-beyaz-yazili","9":"pa_color-krem","10":"pa_color-krem-yazili","11":"pa_color-kum","12":"pa_color-kum-yazili","13":"pa_color-siyah","14":"pa_color-siyah-damla","15":"pa_color-siyah-taba-yazili","16":"pa_color-siyah-yazili","17":"pa_color-taba","19":"first","20":"instock","21":"shipping-taxable","22":"purchasable","23":"product-type-variable","24":"wvs-archive-product-wrapper"},"yoast_head":"<!-- This site is optimized with the Yoast SEO Premium plugin v25.4 (Yoast SEO v27.6) - https:\/\/yoast.com\/product\/yoast-seo-premium-wordpress\/ -->\n<title>\u00e7apraz \u00e7anta Kod: 1000 - Sanmorris Bags<\/title>\n<meta name=\"description\" content=\"T\u00fcrkiye&#039;de \u00fcretilen \u00e7apraz ask\u0131l\u0131 \u00e7anta, y\u00fcksek kaliteli sentetik deri, astar ve aksesuarlarla \u00fcretilmi\u015ftir. 3 ayr\u0131 b\u00f6lmeye sahiptir\" \/>\n<meta name=\"robots\" content=\"index, follow, max-snippet:-1, max-image-preview:large, max-video-preview:-1\" \/>\n<link rel=\"canonical\" href=\"https:\/\/sanmorrisbags.com\/tr\/product\/kod-1000\/\" \/>\n<meta property=\"og:locale\" content=\"tr_TR\" \/>\n<meta property=\"og:type\" content=\"article\" \/>\n<meta property=\"og:title\" content=\"Kod: 1000\" \/>\n<meta property=\"og:description\" content=\"T\u00fcrkiye&#039;de \u00fcretilen \u00e7apraz ask\u0131l\u0131 \u00e7anta, y\u00fcksek kaliteli sentetik deri, astar ve aksesuarlarla \u00fcretilmi\u015ftir. 3 ayr\u0131 b\u00f6lmeye sahiptir\" \/>\n<meta property=\"og:url\" content=\"https:\/\/sanmorrisbags.com\/tr\/product\/kod-1000\/\" \/>\n<meta property=\"og:site_name\" content=\"Sanmorris Bags\" \/>\n<meta property=\"article:publisher\" content=\"https:\/\/www.facebook.com\/sanmorrisbags\" \/>\n<meta property=\"article:modified_time\" content=\"2024-12-11T12:32:14+00:00\" \/>\n<meta property=\"og:image\" content=\"https:\/\/sanmorrisbags.com\/wp-content\/uploads\/2024\/10\/krem3.webp\" \/>\n\t<meta property=\"og:image:width\" content=\"1200\" \/>\n\t<meta property=\"og:image:height\" content=\"1800\" \/>\n\t<meta property=\"og:image:type\" content=\"image\/webp\" \/>\n<meta name=\"twitter:card\" content=\"summary_large_image\" \/>\n<meta name=\"twitter:site\" content=\"@sanmorrisbag\" \/>\n<meta name=\"twitter:label1\" content=\"Durumu\" \/>\n\t<meta name=\"twitter:data1\" content=\"Stokta var\" \/>\n<script type=\"application\/ld+json\" class=\"yoast-schema-graph\">{\"@context\":\"https:\\\/\\\/schema.org\",\"@graph\":[{\"@type\":\"WebPage\",\"@id\":\"https:\\\/\\\/sanmorrisbags.com\\\/tr\\\/product\\\/kod-1000\\\/\",\"url\":\"https:\\\/\\\/sanmorrisbags.com\\\/tr\\\/product\\\/kod-1000\\\/\",\"name\":\"\u00e7apraz \u00e7anta Kod: 1000 - Sanmorris Bags\",\"isPartOf\":{\"@id\":\"https:\\\/\\\/sanmorrisbags.com\\\/tr\\\/#website\"},\"primaryImageOfPage\":{\"@id\":\"https:\\\/\\\/sanmorrisbags.com\\\/tr\\\/product\\\/kod-1000\\\/#primaryimage\"},\"image\":{\"@id\":\"https:\\\/\\\/sanmorrisbags.com\\\/tr\\\/product\\\/kod-1000\\\/#primaryimage\"},\"thumbnailUrl\":\"https:\\\/\\\/sanmorrisbags.com\\\/wp-content\\\/uploads\\\/2024\\\/10\\\/krem3.webp\",\"datePublished\":\"2024-10-06T22:02:21+00:00\",\"dateModified\":\"2024-12-11T12:32:14+00:00\",\"description\":\"T\u00fcrkiye'de \u00fcretilen \u00e7apraz ask\u0131l\u0131 \u00e7anta, y\u00fcksek kaliteli sentetik deri, astar ve aksesuarlarla \u00fcretilmi\u015ftir. 3 ayr\u0131 b\u00f6lmeye sahiptir\",\"breadcrumb\":{\"@id\":\"https:\\\/\\\/sanmorrisbags.com\\\/tr\\\/product\\\/kod-1000\\\/#breadcrumb\"},\"inLanguage\":\"tr\",\"potentialAction\":[{\"@type\":\"ReadAction\",\"target\":[\"https:\\\/\\\/sanmorrisbags.com\\\/tr\\\/product\\\/kod-1000\\\/\"]}]},{\"@type\":\"ImageObject\",\"inLanguage\":\"tr\",\"@id\":\"https:\\\/\\\/sanmorrisbags.com\\\/tr\\\/product\\\/kod-1000\\\/#primaryimage\",\"url\":\"https:\\\/\\\/sanmorrisbags.com\\\/wp-content\\\/uploads\\\/2024\\\/10\\\/krem3.webp\",\"contentUrl\":\"https:\\\/\\\/sanmorrisbags.com\\\/wp-content\\\/uploads\\\/2024\\\/10\\\/krem3.webp\",\"width\":1200,\"height\":1800,\"caption\":\"sanmorris Crossbody bag bej 1000\"},{\"@type\":\"BreadcrumbList\",\"@id\":\"https:\\\/\\\/sanmorrisbags.com\\\/tr\\\/product\\\/kod-1000\\\/#breadcrumb\",\"itemListElement\":[{\"@type\":\"ListItem\",\"position\":1,\"name\":\"Home\",\"item\":\"https:\\\/\\\/sanmorrisbags.com\\\/tr\\\/home\\\/\"},{\"@type\":\"ListItem\",\"position\":2,\"name\":\"Shop\",\"item\":\"https:\\\/\\\/sanmorrisbags.com\\\/shop\\\/\"},{\"@type\":\"ListItem\",\"position\":3,\"name\":\"Kod: 1000\"}]},{\"@type\":\"WebSite\",\"@id\":\"https:\\\/\\\/sanmorrisbags.com\\\/tr\\\/#website\",\"url\":\"https:\\\/\\\/sanmorrisbags.com\\\/tr\\\/\",\"name\":\"Sanmorris Bags\",\"description\":\"\",\"publisher\":{\"@id\":\"https:\\\/\\\/sanmorrisbags.com\\\/tr\\\/#organization\"},\"potentialAction\":[{\"@type\":\"SearchAction\",\"target\":{\"@type\":\"EntryPoint\",\"urlTemplate\":\"https:\\\/\\\/sanmorrisbags.com\\\/tr\\\/?s={search_term_string}\"},\"query-input\":{\"@type\":\"PropertyValueSpecification\",\"valueRequired\":true,\"valueName\":\"search_term_string\"}}],\"inLanguage\":\"tr\"},{\"@type\":\"Organization\",\"@id\":\"https:\\\/\\\/sanmorrisbags.com\\\/tr\\\/#organization\",\"name\":\"Sanmorris Bags\",\"url\":\"https:\\\/\\\/sanmorrisbags.com\\\/tr\\\/\",\"logo\":{\"@type\":\"ImageObject\",\"inLanguage\":\"tr\",\"@id\":\"https:\\\/\\\/sanmorrisbags.com\\\/tr\\\/#\\\/schema\\\/logo\\\/image\\\/\",\"url\":\"https:\\\/\\\/sanmorrisbags.com\\\/wp-content\\\/uploads\\\/2023\\\/02\\\/Logo-new.png\",\"contentUrl\":\"https:\\\/\\\/sanmorrisbags.com\\\/wp-content\\\/uploads\\\/2023\\\/02\\\/Logo-new.png\",\"width\":1000,\"height\":1000,\"caption\":\"Sanmorris Bags\"},\"image\":{\"@id\":\"https:\\\/\\\/sanmorrisbags.com\\\/tr\\\/#\\\/schema\\\/logo\\\/image\\\/\"},\"sameAs\":[\"https:\\\/\\\/www.facebook.com\\\/sanmorrisbags\",\"https:\\\/\\\/x.com\\\/sanmorrisbag\",\"https:\\\/\\\/www.instagram.com\\\/sanmorrisbag\\\/\"]}]}<\/script>\n<meta property=\"og:availability\" content=\"instock\" \/>\n<meta property=\"product:availability\" content=\"instock\" \/>\n<meta property=\"product:condition\" content=\"new\" \/>\n<!-- \/ Yoast SEO Premium plugin. -->","yoast_head_json":{"title":"\u00e7apraz \u00e7anta Kod: 1000 - Sanmorris Bags","description":"T\u00fcrkiye'de \u00fcretilen \u00e7apraz ask\u0131l\u0131 \u00e7anta, y\u00fcksek kaliteli sentetik deri, astar ve aksesuarlarla \u00fcretilmi\u015ftir. 3 ayr\u0131 b\u00f6lmeye sahiptir","robots":{"index":"index","follow":"follow","max-snippet":"max-snippet:-1","max-image-preview":"max-image-preview:large","max-video-preview":"max-video-preview:-1"},"canonical":"https:\/\/sanmorrisbags.com\/tr\/product\/kod-1000\/","og_locale":"tr_TR","og_type":"article","og_title":"Kod: 1000","og_description":"T\u00fcrkiye'de \u00fcretilen \u00e7apraz ask\u0131l\u0131 \u00e7anta, y\u00fcksek kaliteli sentetik deri, astar ve aksesuarlarla \u00fcretilmi\u015ftir. 3 ayr\u0131 b\u00f6lmeye sahiptir","og_url":"https:\/\/sanmorrisbags.com\/tr\/product\/kod-1000\/","og_site_name":"Sanmorris Bags","article_publisher":"https:\/\/www.facebook.com\/sanmorrisbags","article_modified_time":"2024-12-11T12:32:14+00:00","og_image":[{"width":1200,"height":1800,"url":"https:\/\/sanmorrisbags.com\/wp-content\/uploads\/2024\/10\/krem3.webp","type":"image\/webp"}],"twitter_card":"summary_large_image","twitter_site":"@sanmorrisbag","twitter_misc":{"Durumu":"Stokta var"},"schema":{"@context":"https:\/\/schema.org","@graph":[{"@type":"WebPage","@id":"https:\/\/sanmorrisbags.com\/tr\/product\/kod-1000\/","url":"https:\/\/sanmorrisbags.com\/tr\/product\/kod-1000\/","name":"\u00e7apraz \u00e7anta Kod: 1000 - Sanmorris Bags","isPartOf":{"@id":"https:\/\/sanmorrisbags.com\/tr\/#website"},"primaryImageOfPage":{"@id":"https:\/\/sanmorrisbags.com\/tr\/product\/kod-1000\/#primaryimage"},"image":{"@id":"https:\/\/sanmorrisbags.com\/tr\/product\/kod-1000\/#primaryimage"},"thumbnailUrl":"https:\/\/sanmorrisbags.com\/wp-content\/uploads\/2024\/10\/krem3.webp","datePublished":"2024-10-06T22:02:21+00:00","dateModified":"2024-12-11T12:32:14+00:00","description":"T\u00fcrkiye'de \u00fcretilen \u00e7apraz ask\u0131l\u0131 \u00e7anta, y\u00fcksek kaliteli sentetik deri, astar ve aksesuarlarla \u00fcretilmi\u015ftir. 3 ayr\u0131 b\u00f6lmeye sahiptir","breadcrumb":{"@id":"https:\/\/sanmorrisbags.com\/tr\/product\/kod-1000\/#breadcrumb"},"inLanguage":"tr","potentialAction":[{"@type":"ReadAction","target":["https:\/\/sanmorrisbags.com\/tr\/product\/kod-1000\/"]}]},{"@type":"ImageObject","inLanguage":"tr","@id":"https:\/\/sanmorrisbags.com\/tr\/product\/kod-1000\/#primaryimage","url":"https:\/\/sanmorrisbags.com\/wp-content\/uploads\/2024\/10\/krem3.webp","contentUrl":"https:\/\/sanmorrisbags.com\/wp-content\/uploads\/2024\/10\/krem3.webp","width":1200,"height":1800,"caption":"sanmorris Crossbody bag bej 1000"},{"@type":"BreadcrumbList","@id":"https:\/\/sanmorrisbags.com\/tr\/product\/kod-1000\/#breadcrumb","itemListElement":[{"@type":"ListItem","position":1,"name":"Home","item":"https:\/\/sanmorrisbags.com\/tr\/home\/"},{"@type":"ListItem","position":2,"name":"Shop","item":"https:\/\/sanmorrisbags.com\/shop\/"},{"@type":"ListItem","position":3,"name":"Kod: 1000"}]},{"@type":"WebSite","@id":"https:\/\/sanmorrisbags.com\/tr\/#website","url":"https:\/\/sanmorrisbags.com\/tr\/","name":"Sanmorris Bags","description":"","publisher":{"@id":"https:\/\/sanmorrisbags.com\/tr\/#organization"},"potentialAction":[{"@type":"SearchAction","target":{"@type":"EntryPoint","urlTemplate":"https:\/\/sanmorrisbags.com\/tr\/?s={search_term_string}"},"query-input":{"@type":"PropertyValueSpecification","valueRequired":true,"valueName":"search_term_string"}}],"inLanguage":"tr"},{"@type":"Organization","@id":"https:\/\/sanmorrisbags.com\/tr\/#organization","name":"Sanmorris Bags","url":"https:\/\/sanmorrisbags.com\/tr\/","logo":{"@type":"ImageObject","inLanguage":"tr","@id":"https:\/\/sanmorrisbags.com\/tr\/#\/schema\/logo\/image\/","url":"https:\/\/sanmorrisbags.com\/wp-content\/uploads\/2023\/02\/Logo-new.png","contentUrl":"https:\/\/sanmorrisbags.com\/wp-content\/uploads\/2023\/02\/Logo-new.png","width":1000,"height":1000,"caption":"Sanmorris Bags"},"image":{"@id":"https:\/\/sanmorrisbags.com\/tr\/#\/schema\/logo\/image\/"},"sameAs":["https:\/\/www.facebook.com\/sanmorrisbags","https:\/\/x.com\/sanmorrisbag","https:\/\/www.instagram.com\/sanmorrisbag\/"]}]},"og_availability":"instock","product_availability":"instock","product_condition":"new"},"_links":{"self":[{"href":"https:\/\/sanmorrisbags.com\/tr\/wp-json\/wp\/v2\/product\/21474","targetHints":{"allow":["GET"]}}],"collection":[{"href":"https:\/\/sanmorrisbags.com\/tr\/wp-json\/wp\/v2\/product"}],"about":[{"href":"https:\/\/sanmorrisbags.com\/tr\/wp-json\/wp\/v2\/types\/product"}],"replies":[{"embeddable":true,"href":"https:\/\/sanmorrisbags.com\/tr\/wp-json\/wp\/v2\/comments?post=21474"}],"wp:featuredmedia":[{"embeddable":true,"href":"https:\/\/sanmorrisbags.com\/tr\/wp-json\/wp\/v2\/media\/20008"}],"wp:attachment":[{"href":"https:\/\/sanmorrisbags.com\/tr\/wp-json\/wp\/v2\/media?parent=21474"}],"wp:term":[{"taxonomy":"product_brand","embeddable":true,"href":"https:\/\/sanmorrisbags.com\/tr\/wp-json\/wp\/v2\/product_brand?post=21474"},{"taxonomy":"product_cat","embeddable":true,"href":"https:\/\/sanmorrisbags.com\/tr\/wp-json\/wp\/v2\/product_cat?post=21474"},{"taxonomy":"product_tag","embeddable":true,"href":"https:\/\/sanmorrisbags.com\/tr\/wp-json\/wp\/v2\/product_tag?post=21474"}],"curies":[{"name":"wp","href":"https:\/\/api.w.org\/{rel}","templated":true}]}}