{"id":21486,"date":"2024-10-06T22:00:39","date_gmt":"2024-10-06T22:00:39","guid":{"rendered":"https:\/\/sanmorrisbags.com\/product\/kod-3010\/"},"modified":"2024-10-06T22:00:39","modified_gmt":"2024-10-06T22:00:39","slug":"kod-3010","status":"publish","type":"product","link":"https:\/\/sanmorrisbags.com\/tr\/product\/kod-3010\/","title":{"rendered":"Kod: 3010"},"content":{"rendered":"<p>Dayan\u0131kl\u0131, su ge\u00e7irmez para\u015f\u00fct kuma\u015f\u0131ndan \u00fcretilen Sanmorris \u00e7apraz ask\u0131l\u0131 \u00e7anta art\u0131k 8 canl\u0131 renkte mevcut.<\/p>\n<p><strong>Boyutlar:<\/strong><\/p>\n<ul>\n<li>Y\u00fckseklik: 20 cm<\/li>\n<li>Geni\u015flik: 27 cm<\/li>\n<li>Taban Geni\u015fli\u011fi: 10 cm<\/li>\n<\/ul>\n<p>Bu \u00e7anta, y\u00fcksek kaliteli malzemeler ve birinci s\u0131n\u0131f astarla \u00fcretilmi\u015ftir ve g\u00fcnl\u00fck kullan\u0131m i\u00e7in pratik bir se\u00e7imdir. Sa\u011flam \u00e7apraz ask\u0131, konfor ve g\u00fcvenilirlik sa\u011flar. Ekstra dayan\u0131kl\u0131l\u0131k i\u00e7in y\u00fcksek kaliteli metal fermuara sahiptir. Ayr\u0131ca, \u00e7anta kolayca tak\u0131labilen veya \u00e7\u0131kar\u0131labilen e\u015fle\u015fen bir anahtarl\u0131k aksesuar\u0131yla birlikte gelir. Temizlik i\u00e7in nemli bir bezle silmeniz yeterlidir.  <\/p>\n","protected":false},"excerpt":{"rendered":"<p>Dayan\u0131kl\u0131, su ge\u00e7irmez para\u015f\u00fct kuma\u015f\u0131ndan \u00fcretilen Sanmorris \u00e7apraz ask\u0131l\u0131 \u00e7anta art\u0131k 8 canl\u0131 renkte mevcut. Boyutlar: Y\u00fckseklik: 20 cm Geni\u015flik: 27 cm Taban Geni\u015fli\u011fi: 10 cm Bu \u00e7anta, y\u00fcksek kaliteli malzemeler ve birinci s\u0131n\u0131f astarla \u00fcretilmi\u015ftir ve g\u00fcnl\u00fck kullan\u0131m i\u00e7in pratik bir se\u00e7imdir. Sa\u011flam \u00e7apraz ask\u0131, konfor ve g\u00fcvenilirlik sa\u011flar. Ekstra dayan\u0131kl\u0131l\u0131k i\u00e7in y\u00fcksek kaliteli [&hellip;]<\/p>\n","protected":false},"featured_media":21487,"comment_status":"closed","ping_status":"closed","template":"","meta":[],"product_brand":[],"product_cat":[63],"product_tag":[],"class_list":{"0":"post-21486","1":"product","2":"type-product","3":"status-publish","4":"has-post-thumbnail","6":"product_cat-capraz-canta","8":"first","9":"instock","10":"shipping-taxable","11":"purchasable","12":"product-type-variable","13":"wvs-archive-product-wrapper"},"yoast_head":"<!-- This site is optimized with the Yoast SEO Premium plugin v25.4 (Yoast SEO v27.6) - https:\/\/yoast.com\/product\/yoast-seo-premium-wordpress\/ -->\n<title>Sanmorris \u00e7apraz \u00e7anta - Sanmorris Bags<\/title>\n<meta name=\"description\" content=\"Dayan\u0131kl\u0131, su ge\u00e7irmez para\u015f\u00fct kuma\u015f\u0131ndan \u00fcretilen Sanmorris \u00e7apraz ask\u0131l\u0131 \u00e7anta art\u0131k 8 canl\u0131 renkte mevcuttur. Temizlemek i\u00e7in nemli bir bezle silmeniz yeterlidir.\" \/>\n<meta name=\"robots\" content=\"index, follow, max-snippet:-1, max-image-preview:large, max-video-preview:-1\" \/>\n<link rel=\"canonical\" href=\"https:\/\/sanmorrisbags.com\/tr\/product\/kod-3010\/\" \/>\n<meta property=\"og:locale\" content=\"tr_TR\" \/>\n<meta property=\"og:type\" content=\"article\" \/>\n<meta property=\"og:title\" content=\"Kod: 3010\" \/>\n<meta property=\"og:description\" content=\"Dayan\u0131kl\u0131, su ge\u00e7irmez para\u015f\u00fct kuma\u015f\u0131ndan \u00fcretilen Sanmorris \u00e7apraz ask\u0131l\u0131 \u00e7anta art\u0131k 8 canl\u0131 renkte mevcuttur. Temizlemek i\u00e7in nemli bir bezle silmeniz yeterlidir.\" \/>\n<meta property=\"og:url\" content=\"https:\/\/sanmorrisbags.com\/tr\/product\/kod-3010\/\" \/>\n<meta property=\"og:site_name\" content=\"Sanmorris Bags\" \/>\n<meta property=\"article:publisher\" content=\"https:\/\/www.facebook.com\/sanmorrisbags\" \/>\n<meta property=\"og:image\" content=\"https:\/\/sanmorrisbags.com\/wp-content\/uploads\/2024\/10\/360.jpg\" \/>\n\t<meta property=\"og:image:width\" content=\"1200\" \/>\n\t<meta property=\"og:image:height\" content=\"1800\" \/>\n\t<meta property=\"og:image:type\" content=\"image\/jpeg\" \/>\n<meta name=\"twitter:card\" content=\"summary_large_image\" \/>\n<meta name=\"twitter:site\" content=\"@sanmorrisbag\" \/>\n<meta name=\"twitter:label1\" content=\"Durumu\" \/>\n\t<meta name=\"twitter:data1\" content=\"Stokta var\" \/>\n<script type=\"application\/ld+json\" class=\"yoast-schema-graph\">{\"@context\":\"https:\\\/\\\/schema.org\",\"@graph\":[{\"@type\":\"WebPage\",\"@id\":\"https:\\\/\\\/sanmorrisbags.com\\\/tr\\\/product\\\/kod-3010\\\/\",\"url\":\"https:\\\/\\\/sanmorrisbags.com\\\/tr\\\/product\\\/kod-3010\\\/\",\"name\":\"Sanmorris \u00e7apraz \u00e7anta - Sanmorris Bags\",\"isPartOf\":{\"@id\":\"https:\\\/\\\/sanmorrisbags.com\\\/tr\\\/#website\"},\"primaryImageOfPage\":{\"@id\":\"https:\\\/\\\/sanmorrisbags.com\\\/tr\\\/product\\\/kod-3010\\\/#primaryimage\"},\"image\":{\"@id\":\"https:\\\/\\\/sanmorrisbags.com\\\/tr\\\/product\\\/kod-3010\\\/#primaryimage\"},\"thumbnailUrl\":\"https:\\\/\\\/sanmorrisbags.com\\\/wp-content\\\/uploads\\\/2024\\\/10\\\/360.jpg\",\"datePublished\":\"2024-10-06T22:00:39+00:00\",\"description\":\"Dayan\u0131kl\u0131, su ge\u00e7irmez para\u015f\u00fct kuma\u015f\u0131ndan \u00fcretilen Sanmorris \u00e7apraz ask\u0131l\u0131 \u00e7anta art\u0131k 8 canl\u0131 renkte mevcuttur. Temizlemek i\u00e7in nemli bir bezle silmeniz yeterlidir.\",\"breadcrumb\":{\"@id\":\"https:\\\/\\\/sanmorrisbags.com\\\/tr\\\/product\\\/kod-3010\\\/#breadcrumb\"},\"inLanguage\":\"tr\",\"potentialAction\":[{\"@type\":\"ReadAction\",\"target\":[\"https:\\\/\\\/sanmorrisbags.com\\\/tr\\\/product\\\/kod-3010\\\/\"]}]},{\"@type\":\"ImageObject\",\"inLanguage\":\"tr\",\"@id\":\"https:\\\/\\\/sanmorrisbags.com\\\/tr\\\/product\\\/kod-3010\\\/#primaryimage\",\"url\":\"https:\\\/\\\/sanmorrisbags.com\\\/wp-content\\\/uploads\\\/2024\\\/10\\\/360.jpg\",\"contentUrl\":\"https:\\\/\\\/sanmorrisbags.com\\\/wp-content\\\/uploads\\\/2024\\\/10\\\/360.jpg\",\"width\":1200,\"height\":1800},{\"@type\":\"BreadcrumbList\",\"@id\":\"https:\\\/\\\/sanmorrisbags.com\\\/tr\\\/product\\\/kod-3010\\\/#breadcrumb\",\"itemListElement\":[{\"@type\":\"ListItem\",\"position\":1,\"name\":\"Home\",\"item\":\"https:\\\/\\\/sanmorrisbags.com\\\/tr\\\/home\\\/\"},{\"@type\":\"ListItem\",\"position\":2,\"name\":\"Shop\",\"item\":\"https:\\\/\\\/sanmorrisbags.com\\\/shop\\\/\"},{\"@type\":\"ListItem\",\"position\":3,\"name\":\"Kod: 3010\"}]},{\"@type\":\"WebSite\",\"@id\":\"https:\\\/\\\/sanmorrisbags.com\\\/tr\\\/#website\",\"url\":\"https:\\\/\\\/sanmorrisbags.com\\\/tr\\\/\",\"name\":\"Sanmorris Bags\",\"description\":\"\",\"publisher\":{\"@id\":\"https:\\\/\\\/sanmorrisbags.com\\\/tr\\\/#organization\"},\"potentialAction\":[{\"@type\":\"SearchAction\",\"target\":{\"@type\":\"EntryPoint\",\"urlTemplate\":\"https:\\\/\\\/sanmorrisbags.com\\\/tr\\\/?s={search_term_string}\"},\"query-input\":{\"@type\":\"PropertyValueSpecification\",\"valueRequired\":true,\"valueName\":\"search_term_string\"}}],\"inLanguage\":\"tr\"},{\"@type\":\"Organization\",\"@id\":\"https:\\\/\\\/sanmorrisbags.com\\\/tr\\\/#organization\",\"name\":\"Sanmorris Bags\",\"url\":\"https:\\\/\\\/sanmorrisbags.com\\\/tr\\\/\",\"logo\":{\"@type\":\"ImageObject\",\"inLanguage\":\"tr\",\"@id\":\"https:\\\/\\\/sanmorrisbags.com\\\/tr\\\/#\\\/schema\\\/logo\\\/image\\\/\",\"url\":\"https:\\\/\\\/sanmorrisbags.com\\\/wp-content\\\/uploads\\\/2023\\\/02\\\/Logo-new.png\",\"contentUrl\":\"https:\\\/\\\/sanmorrisbags.com\\\/wp-content\\\/uploads\\\/2023\\\/02\\\/Logo-new.png\",\"width\":1000,\"height\":1000,\"caption\":\"Sanmorris Bags\"},\"image\":{\"@id\":\"https:\\\/\\\/sanmorrisbags.com\\\/tr\\\/#\\\/schema\\\/logo\\\/image\\\/\"},\"sameAs\":[\"https:\\\/\\\/www.facebook.com\\\/sanmorrisbags\",\"https:\\\/\\\/x.com\\\/sanmorrisbag\",\"https:\\\/\\\/www.instagram.com\\\/sanmorrisbag\\\/\"]}]}<\/script>\n<meta property=\"og:availability\" content=\"instock\" \/>\n<meta property=\"product:availability\" content=\"instock\" \/>\n<meta property=\"product:condition\" content=\"new\" \/>\n<!-- \/ Yoast SEO Premium plugin. -->","yoast_head_json":{"title":"Sanmorris \u00e7apraz \u00e7anta - Sanmorris Bags","description":"Dayan\u0131kl\u0131, su ge\u00e7irmez para\u015f\u00fct kuma\u015f\u0131ndan \u00fcretilen Sanmorris \u00e7apraz ask\u0131l\u0131 \u00e7anta art\u0131k 8 canl\u0131 renkte mevcuttur. Temizlemek i\u00e7in nemli bir bezle silmeniz yeterlidir.","robots":{"index":"index","follow":"follow","max-snippet":"max-snippet:-1","max-image-preview":"max-image-preview:large","max-video-preview":"max-video-preview:-1"},"canonical":"https:\/\/sanmorrisbags.com\/tr\/product\/kod-3010\/","og_locale":"tr_TR","og_type":"article","og_title":"Kod: 3010","og_description":"Dayan\u0131kl\u0131, su ge\u00e7irmez para\u015f\u00fct kuma\u015f\u0131ndan \u00fcretilen Sanmorris \u00e7apraz ask\u0131l\u0131 \u00e7anta art\u0131k 8 canl\u0131 renkte mevcuttur. Temizlemek i\u00e7in nemli bir bezle silmeniz yeterlidir.","og_url":"https:\/\/sanmorrisbags.com\/tr\/product\/kod-3010\/","og_site_name":"Sanmorris Bags","article_publisher":"https:\/\/www.facebook.com\/sanmorrisbags","og_image":[{"width":1200,"height":1800,"url":"https:\/\/sanmorrisbags.com\/wp-content\/uploads\/2024\/10\/360.jpg","type":"image\/jpeg"}],"twitter_card":"summary_large_image","twitter_site":"@sanmorrisbag","twitter_misc":{"Durumu":"Stokta var"},"schema":{"@context":"https:\/\/schema.org","@graph":[{"@type":"WebPage","@id":"https:\/\/sanmorrisbags.com\/tr\/product\/kod-3010\/","url":"https:\/\/sanmorrisbags.com\/tr\/product\/kod-3010\/","name":"Sanmorris \u00e7apraz \u00e7anta - Sanmorris Bags","isPartOf":{"@id":"https:\/\/sanmorrisbags.com\/tr\/#website"},"primaryImageOfPage":{"@id":"https:\/\/sanmorrisbags.com\/tr\/product\/kod-3010\/#primaryimage"},"image":{"@id":"https:\/\/sanmorrisbags.com\/tr\/product\/kod-3010\/#primaryimage"},"thumbnailUrl":"https:\/\/sanmorrisbags.com\/wp-content\/uploads\/2024\/10\/360.jpg","datePublished":"2024-10-06T22:00:39+00:00","description":"Dayan\u0131kl\u0131, su ge\u00e7irmez para\u015f\u00fct kuma\u015f\u0131ndan \u00fcretilen Sanmorris \u00e7apraz ask\u0131l\u0131 \u00e7anta art\u0131k 8 canl\u0131 renkte mevcuttur. Temizlemek i\u00e7in nemli bir bezle silmeniz yeterlidir.","breadcrumb":{"@id":"https:\/\/sanmorrisbags.com\/tr\/product\/kod-3010\/#breadcrumb"},"inLanguage":"tr","potentialAction":[{"@type":"ReadAction","target":["https:\/\/sanmorrisbags.com\/tr\/product\/kod-3010\/"]}]},{"@type":"ImageObject","inLanguage":"tr","@id":"https:\/\/sanmorrisbags.com\/tr\/product\/kod-3010\/#primaryimage","url":"https:\/\/sanmorrisbags.com\/wp-content\/uploads\/2024\/10\/360.jpg","contentUrl":"https:\/\/sanmorrisbags.com\/wp-content\/uploads\/2024\/10\/360.jpg","width":1200,"height":1800},{"@type":"BreadcrumbList","@id":"https:\/\/sanmorrisbags.com\/tr\/product\/kod-3010\/#breadcrumb","itemListElement":[{"@type":"ListItem","position":1,"name":"Home","item":"https:\/\/sanmorrisbags.com\/tr\/home\/"},{"@type":"ListItem","position":2,"name":"Shop","item":"https:\/\/sanmorrisbags.com\/shop\/"},{"@type":"ListItem","position":3,"name":"Kod: 3010"}]},{"@type":"WebSite","@id":"https:\/\/sanmorrisbags.com\/tr\/#website","url":"https:\/\/sanmorrisbags.com\/tr\/","name":"Sanmorris Bags","description":"","publisher":{"@id":"https:\/\/sanmorrisbags.com\/tr\/#organization"},"potentialAction":[{"@type":"SearchAction","target":{"@type":"EntryPoint","urlTemplate":"https:\/\/sanmorrisbags.com\/tr\/?s={search_term_string}"},"query-input":{"@type":"PropertyValueSpecification","valueRequired":true,"valueName":"search_term_string"}}],"inLanguage":"tr"},{"@type":"Organization","@id":"https:\/\/sanmorrisbags.com\/tr\/#organization","name":"Sanmorris Bags","url":"https:\/\/sanmorrisbags.com\/tr\/","logo":{"@type":"ImageObject","inLanguage":"tr","@id":"https:\/\/sanmorrisbags.com\/tr\/#\/schema\/logo\/image\/","url":"https:\/\/sanmorrisbags.com\/wp-content\/uploads\/2023\/02\/Logo-new.png","contentUrl":"https:\/\/sanmorrisbags.com\/wp-content\/uploads\/2023\/02\/Logo-new.png","width":1000,"height":1000,"caption":"Sanmorris Bags"},"image":{"@id":"https:\/\/sanmorrisbags.com\/tr\/#\/schema\/logo\/image\/"},"sameAs":["https:\/\/www.facebook.com\/sanmorrisbags","https:\/\/x.com\/sanmorrisbag","https:\/\/www.instagram.com\/sanmorrisbag\/"]}]},"og_availability":"instock","product_availability":"instock","product_condition":"new"},"_links":{"self":[{"href":"https:\/\/sanmorrisbags.com\/tr\/wp-json\/wp\/v2\/product\/21486","targetHints":{"allow":["GET"]}}],"collection":[{"href":"https:\/\/sanmorrisbags.com\/tr\/wp-json\/wp\/v2\/product"}],"about":[{"href":"https:\/\/sanmorrisbags.com\/tr\/wp-json\/wp\/v2\/types\/product"}],"replies":[{"embeddable":true,"href":"https:\/\/sanmorrisbags.com\/tr\/wp-json\/wp\/v2\/comments?post=21486"}],"wp:featuredmedia":[{"embeddable":true,"href":"https:\/\/sanmorrisbags.com\/tr\/wp-json\/wp\/v2\/media\/21487"}],"wp:attachment":[{"href":"https:\/\/sanmorrisbags.com\/tr\/wp-json\/wp\/v2\/media?parent=21486"}],"wp:term":[{"taxonomy":"product_brand","embeddable":true,"href":"https:\/\/sanmorrisbags.com\/tr\/wp-json\/wp\/v2\/product_brand?post=21486"},{"taxonomy":"product_cat","embeddable":true,"href":"https:\/\/sanmorrisbags.com\/tr\/wp-json\/wp\/v2\/product_cat?post=21486"},{"taxonomy":"product_tag","embeddable":true,"href":"https:\/\/sanmorrisbags.com\/tr\/wp-json\/wp\/v2\/product_tag?post=21486"}],"curies":[{"name":"wp","href":"https:\/\/api.w.org\/{rel}","templated":true}]}}