{"id":21507,"date":"2024-10-06T22:03:41","date_gmt":"2024-10-06T22:03:41","guid":{"rendered":"https:\/\/sanmorrisbags.com\/product\/kod-3018-2\/"},"modified":"2024-12-20T13:39:31","modified_gmt":"2024-12-20T13:39:31","slug":"kod-3018-2","status":"publish","type":"product","link":"https:\/\/sanmorrisbags.com\/tr\/product\/kod-3018-2\/","title":{"rendered":"Kod: 3018"},"content":{"rendered":"<p><strong>Sanmorris Unisex Su Ge\u00e7irmez Ayarlanabilir \u00c7apraz V\u00fccut \u00c7antas\u0131<\/strong><\/p>\n<p>Sanmorris unisex k\u0131r\u0131\u015f\u0131k kuma\u015f su ge\u00e7irmez v\u00fccut \u00e7antam\u0131z \u00e7e\u015fitli renk se\u00e7enekleriyle mevcuttur.<\/p>\n<ul>\n<li><strong>Boyutlar:<\/strong>\n<ul>\n<li>Geni\u015flik: 19 cm<\/li>\n<li>Y\u00fckseklik: 30,5 cm<\/li>\n<li>Derinlik: 6,5 cm<\/li>\n<li>Ask\u0131 Uzunlu\u011fu: 120 cm (uzat\u0131lm\u0131\u015f), 60 cm (k\u0131salt\u0131lm\u0131\u015f)<\/li>\n<\/ul>\n<\/li>\n<\/ul>\n<p>This bag features removable accessories, and the adjustable strap allows for versatile wear as a crossbody or shoulder bag. The product is fully lined and includes five separate zippered exterior pockets. Inside the two larger compartments, there are additional small pockets for organizing your belongings. On the front, you&#8217;ll find two zippered pockets, and there is one zippered pocket on the back for added convenience. All zippers and pulls are made from high-quality materials. With its multiple compartments and pockets, this bag makes it easy to securely carry a variety of items at once. You can easily clean it with a damp cloth. Detailed images of the interior are available in the last three photos in beige. This <strong>Unisex Waterproof Adjustable Crossbody Body Bag <\/strong> is both functional and stylish, making it a great addition to your accessory collection!<\/p>\n","protected":false},"excerpt":{"rendered":"<p>Sanmorris Unisex Su Ge\u00e7irmez Ayarlanabilir \u00c7apraz V\u00fccut \u00c7antas\u0131 Sanmorris unisex k\u0131r\u0131\u015f\u0131k kuma\u015f su ge\u00e7irmez v\u00fccut \u00e7antam\u0131z \u00e7e\u015fitli renk se\u00e7enekleriyle mevcuttur. Boyutlar: Geni\u015flik: 19 cm Y\u00fckseklik: 30,5 cm Derinlik: 6,5 cm Ask\u0131 Uzunlu\u011fu: 120 cm (uzat\u0131lm\u0131\u015f), 60 cm (k\u0131salt\u0131lm\u0131\u015f) This bag features removable accessories, and the adjustable strap allows for versatile wear as a crossbody or [&hellip;]<\/p>\n","protected":false},"featured_media":19986,"comment_status":"closed","ping_status":"closed","template":"","meta":[],"product_brand":[],"product_cat":[63],"product_tag":[],"class_list":{"0":"post-21507","1":"product","2":"type-product","3":"status-publish","4":"has-post-thumbnail","6":"product_cat-capraz-canta","7":"pa_color-acik-gri","8":"pa_color-haki","9":"pa_color-koyu-gri","10":"pa_color-kum","11":"pa_color-lacivert","12":"pa_color-siyah","14":"first","15":"instock","16":"shipping-taxable","17":"purchasable","18":"product-type-variable","19":"wvs-archive-product-wrapper"},"yoast_head":"<!-- This site is optimized with the Yoast SEO Premium plugin v25.4 (Yoast SEO v27.4) - https:\/\/yoast.com\/product\/yoast-seo-premium-wordpress\/ -->\n<title>Ayarlanabilir \u00c7apraz Ask\u0131l\u0131 \u00c7anta Kod: 3018 - Sanmorris Bags<\/title>\n<meta name=\"description\" content=\"Ayarlanabilir \u00c7apraz Ask\u0131l\u0131 \u00c7anta. \u00dcr\u00fcn tamamen astarl\u0131 olup be\u015f ayr\u0131 fermuarl\u0131 d\u0131\u015f cebe sahiptir. \u00c7anta 6 renk se\u00e7ene\u011fiyle sunulmaktad\u0131r.\" \/>\n<meta name=\"robots\" content=\"index, follow, max-snippet:-1, max-image-preview:large, max-video-preview:-1\" \/>\n<link rel=\"canonical\" href=\"https:\/\/sanmorrisbags.com\/tr\/product\/kod-3018-2\/\" \/>\n<meta property=\"og:locale\" content=\"tr_TR\" \/>\n<meta property=\"og:type\" content=\"article\" \/>\n<meta property=\"og:title\" content=\"Kod: 3018\" \/>\n<meta property=\"og:description\" content=\"Ayarlanabilir \u00c7apraz Ask\u0131l\u0131 \u00c7anta. \u00dcr\u00fcn tamamen astarl\u0131 olup be\u015f ayr\u0131 fermuarl\u0131 d\u0131\u015f cebe sahiptir. \u00c7anta 6 renk se\u00e7ene\u011fiyle sunulmaktad\u0131r.\" \/>\n<meta property=\"og:url\" content=\"https:\/\/sanmorrisbags.com\/tr\/product\/kod-3018-2\/\" \/>\n<meta property=\"og:site_name\" content=\"Sanmorris Bags\" \/>\n<meta property=\"article:publisher\" content=\"https:\/\/www.facebook.com\/sanmorrisbags\" \/>\n<meta property=\"article:modified_time\" content=\"2024-12-20T13:39:31+00:00\" \/>\n<meta property=\"og:image\" content=\"https:\/\/sanmorrisbags.com\/wp-content\/uploads\/2024\/10\/DSC_7659.jpg\" \/>\n\t<meta property=\"og:image:width\" content=\"1200\" \/>\n\t<meta property=\"og:image:height\" content=\"1800\" \/>\n\t<meta property=\"og:image:type\" content=\"image\/jpeg\" \/>\n<meta name=\"twitter:card\" content=\"summary_large_image\" \/>\n<meta name=\"twitter:site\" content=\"@sanmorrisbag\" \/>\n<meta name=\"twitter:label1\" content=\"Durumu\" \/>\n\t<meta name=\"twitter:data1\" content=\"Stokta var\" \/>\n<script type=\"application\/ld+json\" class=\"yoast-schema-graph\">{\"@context\":\"https:\\\/\\\/schema.org\",\"@graph\":[{\"@type\":\"WebPage\",\"@id\":\"https:\\\/\\\/sanmorrisbags.com\\\/tr\\\/product\\\/kod-3018-2\\\/\",\"url\":\"https:\\\/\\\/sanmorrisbags.com\\\/tr\\\/product\\\/kod-3018-2\\\/\",\"name\":\"Ayarlanabilir \u00c7apraz Ask\u0131l\u0131 \u00c7anta Kod: 3018 - Sanmorris Bags\",\"isPartOf\":{\"@id\":\"https:\\\/\\\/sanmorrisbags.com\\\/tr\\\/#website\"},\"primaryImageOfPage\":{\"@id\":\"https:\\\/\\\/sanmorrisbags.com\\\/tr\\\/product\\\/kod-3018-2\\\/#primaryimage\"},\"image\":{\"@id\":\"https:\\\/\\\/sanmorrisbags.com\\\/tr\\\/product\\\/kod-3018-2\\\/#primaryimage\"},\"thumbnailUrl\":\"https:\\\/\\\/sanmorrisbags.com\\\/wp-content\\\/uploads\\\/2024\\\/10\\\/DSC_7659.jpg\",\"datePublished\":\"2024-10-06T22:03:41+00:00\",\"dateModified\":\"2024-12-20T13:39:31+00:00\",\"description\":\"Ayarlanabilir \u00c7apraz Ask\u0131l\u0131 \u00c7anta. \u00dcr\u00fcn tamamen astarl\u0131 olup be\u015f ayr\u0131 fermuarl\u0131 d\u0131\u015f cebe sahiptir. \u00c7anta 6 renk se\u00e7ene\u011fiyle sunulmaktad\u0131r.\",\"breadcrumb\":{\"@id\":\"https:\\\/\\\/sanmorrisbags.com\\\/tr\\\/product\\\/kod-3018-2\\\/#breadcrumb\"},\"inLanguage\":\"tr\",\"potentialAction\":[{\"@type\":\"ReadAction\",\"target\":[\"https:\\\/\\\/sanmorrisbags.com\\\/tr\\\/product\\\/kod-3018-2\\\/\"]}]},{\"@type\":\"ImageObject\",\"inLanguage\":\"tr\",\"@id\":\"https:\\\/\\\/sanmorrisbags.com\\\/tr\\\/product\\\/kod-3018-2\\\/#primaryimage\",\"url\":\"https:\\\/\\\/sanmorrisbags.com\\\/wp-content\\\/uploads\\\/2024\\\/10\\\/DSC_7659.jpg\",\"contentUrl\":\"https:\\\/\\\/sanmorrisbags.com\\\/wp-content\\\/uploads\\\/2024\\\/10\\\/DSC_7659.jpg\",\"width\":1200,\"height\":1800,\"caption\":\"Adjustable black Crossbody Body Bag\"},{\"@type\":\"BreadcrumbList\",\"@id\":\"https:\\\/\\\/sanmorrisbags.com\\\/tr\\\/product\\\/kod-3018-2\\\/#breadcrumb\",\"itemListElement\":[{\"@type\":\"ListItem\",\"position\":1,\"name\":\"Home\",\"item\":\"https:\\\/\\\/sanmorrisbags.com\\\/tr\\\/home\\\/\"},{\"@type\":\"ListItem\",\"position\":2,\"name\":\"Shop\",\"item\":\"https:\\\/\\\/sanmorrisbags.com\\\/shop\\\/\"},{\"@type\":\"ListItem\",\"position\":3,\"name\":\"Kod: 3018\"}]},{\"@type\":\"WebSite\",\"@id\":\"https:\\\/\\\/sanmorrisbags.com\\\/tr\\\/#website\",\"url\":\"https:\\\/\\\/sanmorrisbags.com\\\/tr\\\/\",\"name\":\"Sanmorris Bags\",\"description\":\"\",\"publisher\":{\"@id\":\"https:\\\/\\\/sanmorrisbags.com\\\/tr\\\/#organization\"},\"potentialAction\":[{\"@type\":\"SearchAction\",\"target\":{\"@type\":\"EntryPoint\",\"urlTemplate\":\"https:\\\/\\\/sanmorrisbags.com\\\/tr\\\/?s={search_term_string}\"},\"query-input\":{\"@type\":\"PropertyValueSpecification\",\"valueRequired\":true,\"valueName\":\"search_term_string\"}}],\"inLanguage\":\"tr\"},{\"@type\":\"Organization\",\"@id\":\"https:\\\/\\\/sanmorrisbags.com\\\/tr\\\/#organization\",\"name\":\"Sanmorris Bags\",\"url\":\"https:\\\/\\\/sanmorrisbags.com\\\/tr\\\/\",\"logo\":{\"@type\":\"ImageObject\",\"inLanguage\":\"tr\",\"@id\":\"https:\\\/\\\/sanmorrisbags.com\\\/tr\\\/#\\\/schema\\\/logo\\\/image\\\/\",\"url\":\"https:\\\/\\\/sanmorrisbags.com\\\/wp-content\\\/uploads\\\/2023\\\/02\\\/Logo-new.png\",\"contentUrl\":\"https:\\\/\\\/sanmorrisbags.com\\\/wp-content\\\/uploads\\\/2023\\\/02\\\/Logo-new.png\",\"width\":1000,\"height\":1000,\"caption\":\"Sanmorris Bags\"},\"image\":{\"@id\":\"https:\\\/\\\/sanmorrisbags.com\\\/tr\\\/#\\\/schema\\\/logo\\\/image\\\/\"},\"sameAs\":[\"https:\\\/\\\/www.facebook.com\\\/sanmorrisbags\",\"https:\\\/\\\/x.com\\\/sanmorrisbag\",\"https:\\\/\\\/www.instagram.com\\\/sanmorrisbag\\\/\"]}]}<\/script>\n<meta property=\"og:availability\" content=\"instock\" \/>\n<meta property=\"product:availability\" content=\"instock\" \/>\n<meta property=\"product:condition\" content=\"new\" \/>\n<!-- \/ Yoast SEO Premium plugin. -->","yoast_head_json":{"title":"Ayarlanabilir \u00c7apraz Ask\u0131l\u0131 \u00c7anta Kod: 3018 - Sanmorris Bags","description":"Ayarlanabilir \u00c7apraz Ask\u0131l\u0131 \u00c7anta. \u00dcr\u00fcn tamamen astarl\u0131 olup be\u015f ayr\u0131 fermuarl\u0131 d\u0131\u015f cebe sahiptir. \u00c7anta 6 renk se\u00e7ene\u011fiyle sunulmaktad\u0131r.","robots":{"index":"index","follow":"follow","max-snippet":"max-snippet:-1","max-image-preview":"max-image-preview:large","max-video-preview":"max-video-preview:-1"},"canonical":"https:\/\/sanmorrisbags.com\/tr\/product\/kod-3018-2\/","og_locale":"tr_TR","og_type":"article","og_title":"Kod: 3018","og_description":"Ayarlanabilir \u00c7apraz Ask\u0131l\u0131 \u00c7anta. \u00dcr\u00fcn tamamen astarl\u0131 olup be\u015f ayr\u0131 fermuarl\u0131 d\u0131\u015f cebe sahiptir. \u00c7anta 6 renk se\u00e7ene\u011fiyle sunulmaktad\u0131r.","og_url":"https:\/\/sanmorrisbags.com\/tr\/product\/kod-3018-2\/","og_site_name":"Sanmorris Bags","article_publisher":"https:\/\/www.facebook.com\/sanmorrisbags","article_modified_time":"2024-12-20T13:39:31+00:00","og_image":[{"width":1200,"height":1800,"url":"https:\/\/sanmorrisbags.com\/wp-content\/uploads\/2024\/10\/DSC_7659.jpg","type":"image\/jpeg"}],"twitter_card":"summary_large_image","twitter_site":"@sanmorrisbag","twitter_misc":{"Durumu":"Stokta var"},"schema":{"@context":"https:\/\/schema.org","@graph":[{"@type":"WebPage","@id":"https:\/\/sanmorrisbags.com\/tr\/product\/kod-3018-2\/","url":"https:\/\/sanmorrisbags.com\/tr\/product\/kod-3018-2\/","name":"Ayarlanabilir \u00c7apraz Ask\u0131l\u0131 \u00c7anta Kod: 3018 - Sanmorris Bags","isPartOf":{"@id":"https:\/\/sanmorrisbags.com\/tr\/#website"},"primaryImageOfPage":{"@id":"https:\/\/sanmorrisbags.com\/tr\/product\/kod-3018-2\/#primaryimage"},"image":{"@id":"https:\/\/sanmorrisbags.com\/tr\/product\/kod-3018-2\/#primaryimage"},"thumbnailUrl":"https:\/\/sanmorrisbags.com\/wp-content\/uploads\/2024\/10\/DSC_7659.jpg","datePublished":"2024-10-06T22:03:41+00:00","dateModified":"2024-12-20T13:39:31+00:00","description":"Ayarlanabilir \u00c7apraz Ask\u0131l\u0131 \u00c7anta. \u00dcr\u00fcn tamamen astarl\u0131 olup be\u015f ayr\u0131 fermuarl\u0131 d\u0131\u015f cebe sahiptir. \u00c7anta 6 renk se\u00e7ene\u011fiyle sunulmaktad\u0131r.","breadcrumb":{"@id":"https:\/\/sanmorrisbags.com\/tr\/product\/kod-3018-2\/#breadcrumb"},"inLanguage":"tr","potentialAction":[{"@type":"ReadAction","target":["https:\/\/sanmorrisbags.com\/tr\/product\/kod-3018-2\/"]}]},{"@type":"ImageObject","inLanguage":"tr","@id":"https:\/\/sanmorrisbags.com\/tr\/product\/kod-3018-2\/#primaryimage","url":"https:\/\/sanmorrisbags.com\/wp-content\/uploads\/2024\/10\/DSC_7659.jpg","contentUrl":"https:\/\/sanmorrisbags.com\/wp-content\/uploads\/2024\/10\/DSC_7659.jpg","width":1200,"height":1800,"caption":"Adjustable black Crossbody Body Bag"},{"@type":"BreadcrumbList","@id":"https:\/\/sanmorrisbags.com\/tr\/product\/kod-3018-2\/#breadcrumb","itemListElement":[{"@type":"ListItem","position":1,"name":"Home","item":"https:\/\/sanmorrisbags.com\/tr\/home\/"},{"@type":"ListItem","position":2,"name":"Shop","item":"https:\/\/sanmorrisbags.com\/shop\/"},{"@type":"ListItem","position":3,"name":"Kod: 3018"}]},{"@type":"WebSite","@id":"https:\/\/sanmorrisbags.com\/tr\/#website","url":"https:\/\/sanmorrisbags.com\/tr\/","name":"Sanmorris Bags","description":"","publisher":{"@id":"https:\/\/sanmorrisbags.com\/tr\/#organization"},"potentialAction":[{"@type":"SearchAction","target":{"@type":"EntryPoint","urlTemplate":"https:\/\/sanmorrisbags.com\/tr\/?s={search_term_string}"},"query-input":{"@type":"PropertyValueSpecification","valueRequired":true,"valueName":"search_term_string"}}],"inLanguage":"tr"},{"@type":"Organization","@id":"https:\/\/sanmorrisbags.com\/tr\/#organization","name":"Sanmorris Bags","url":"https:\/\/sanmorrisbags.com\/tr\/","logo":{"@type":"ImageObject","inLanguage":"tr","@id":"https:\/\/sanmorrisbags.com\/tr\/#\/schema\/logo\/image\/","url":"https:\/\/sanmorrisbags.com\/wp-content\/uploads\/2023\/02\/Logo-new.png","contentUrl":"https:\/\/sanmorrisbags.com\/wp-content\/uploads\/2023\/02\/Logo-new.png","width":1000,"height":1000,"caption":"Sanmorris Bags"},"image":{"@id":"https:\/\/sanmorrisbags.com\/tr\/#\/schema\/logo\/image\/"},"sameAs":["https:\/\/www.facebook.com\/sanmorrisbags","https:\/\/x.com\/sanmorrisbag","https:\/\/www.instagram.com\/sanmorrisbag\/"]}]},"og_availability":"instock","product_availability":"instock","product_condition":"new"},"_links":{"self":[{"href":"https:\/\/sanmorrisbags.com\/tr\/wp-json\/wp\/v2\/product\/21507","targetHints":{"allow":["GET"]}}],"collection":[{"href":"https:\/\/sanmorrisbags.com\/tr\/wp-json\/wp\/v2\/product"}],"about":[{"href":"https:\/\/sanmorrisbags.com\/tr\/wp-json\/wp\/v2\/types\/product"}],"replies":[{"embeddable":true,"href":"https:\/\/sanmorrisbags.com\/tr\/wp-json\/wp\/v2\/comments?post=21507"}],"wp:featuredmedia":[{"embeddable":true,"href":"https:\/\/sanmorrisbags.com\/tr\/wp-json\/wp\/v2\/media\/19986"}],"wp:attachment":[{"href":"https:\/\/sanmorrisbags.com\/tr\/wp-json\/wp\/v2\/media?parent=21507"}],"wp:term":[{"taxonomy":"product_brand","embeddable":true,"href":"https:\/\/sanmorrisbags.com\/tr\/wp-json\/wp\/v2\/product_brand?post=21507"},{"taxonomy":"product_cat","embeddable":true,"href":"https:\/\/sanmorrisbags.com\/tr\/wp-json\/wp\/v2\/product_cat?post=21507"},{"taxonomy":"product_tag","embeddable":true,"href":"https:\/\/sanmorrisbags.com\/tr\/wp-json\/wp\/v2\/product_tag?post=21507"}],"curies":[{"name":"wp","href":"https:\/\/api.w.org\/{rel}","templated":true}]}}