{"id":22016,"date":"2024-10-06T22:05:30","date_gmt":"2024-10-06T22:05:30","guid":{"rendered":"https:\/\/sanmorrisbags.com\/product\/kod-3021\/"},"modified":"2024-10-06T22:05:30","modified_gmt":"2024-10-06T22:05:30","slug":"kod-3021","status":"publish","type":"product","link":"https:\/\/sanmorrisbags.com\/tr\/product\/kod-3021\/","title":{"rendered":"Kod: 3021"},"content":{"rendered":"<p><strong>Sanmorris \u00c7ok Y\u00f6nl\u00fc Su Ge\u00e7irmez K\u0131r\u0131\u015f\u0131k Kuma\u015f S\u0131rt \u00c7antas\u0131<\/strong><\/p>\n<p>Sanmorris \u00e7ok y\u00f6nl\u00fc su ge\u00e7irmez k\u0131r\u0131\u015f\u0131k kuma\u015f \u00e7antam\u0131z hem omuz \u00e7antas\u0131 hem de s\u0131rt \u00e7antas\u0131 olarak kullan\u0131labilir ve \u00e7e\u015fitli renk se\u00e7enekleri mevcuttur.<\/p>\n<ul>\n<li><strong>Boyutlar:<\/strong>\n<ul>\n<li>Y\u00fckseklik: 33 cm<\/li>\n<li>Geni\u015flik: 41 cm<\/li>\n<li>Taban Geni\u015fli\u011fi: 11 cm<\/li>\n<\/ul>\n<\/li>\n<\/ul>\n<p>\u0130\u00e7eride bir adet fermuarl\u0131 cep ve fermuars\u0131z iki adet k\u00fc\u00e7\u00fck cep bulunmaktad\u0131r. \u00d6n tarafta \u00fc\u00e7 fermuarl\u0131 cep bulunur ve arkada bir tane bulunur, bu da k\u00fc\u00e7\u00fck e\u015fyalar\u0131n g\u00fcvenli bir \u015fekilde ta\u015f\u0131nmas\u0131n\u0131 kolayla\u015ft\u0131r\u0131r. \u00c7anta iki b\u00fcy\u00fck fermuarl\u0131 b\u00f6lmeden olu\u015fur ve ayarlanabilir omuz ask\u0131s\u0131, s\u0131rt \u00e7antas\u0131 olarak rahat bir kullan\u0131m sa\u011flar. Tabletler, kitaplar ve defterler gibi daha b\u00fcy\u00fck e\u015fyalar\u0131 ta\u015f\u0131yacak kadar geni\u015ftir. Su ge\u00e7irmez malzemeden \u00fcretilen bu \u00e7anta ayr\u0131ca \u00e7\u0131kar\u0131labilir aksesuarlara sahiptir ve tamamen astarl\u0131d\u0131r. Temizlik basittir &#8211; sadece nemli bir bez kullan\u0131n. Detayl\u0131 i\u00e7 mekan g\u00f6rselleri son \u00fc\u00e7 foto\u011frafta vizon renginde mevcuttur. <\/p>\n","protected":false},"excerpt":{"rendered":"<p>Sanmorris \u00c7ok Y\u00f6nl\u00fc Su Ge\u00e7irmez K\u0131r\u0131\u015f\u0131k Kuma\u015f S\u0131rt \u00c7antas\u0131 Sanmorris \u00e7ok y\u00f6nl\u00fc su ge\u00e7irmez k\u0131r\u0131\u015f\u0131k kuma\u015f \u00e7antam\u0131z hem omuz \u00e7antas\u0131 hem de s\u0131rt \u00e7antas\u0131 olarak kullan\u0131labilir ve \u00e7e\u015fitli renk se\u00e7enekleri mevcuttur. Boyutlar: Y\u00fckseklik: 33 cm Geni\u015flik: 41 cm Taban Geni\u015fli\u011fi: 11 cm \u0130\u00e7eride bir adet fermuarl\u0131 cep ve fermuars\u0131z iki adet k\u00fc\u00e7\u00fck cep bulunmaktad\u0131r. \u00d6n [&hellip;]<\/p>\n","protected":false},"featured_media":19961,"comment_status":"closed","ping_status":"closed","template":"","meta":[],"product_brand":[],"product_cat":[66],"product_tag":[],"class_list":{"0":"post-22016","1":"product","2":"type-product","3":"status-publish","4":"has-post-thumbnail","6":"product_cat-omuz-cantasi","7":"pa_color-acik-gri","8":"pa_color-haki","9":"pa_color-koyu-gri","10":"pa_color-kum","11":"pa_color-siyah","13":"first","14":"instock","15":"shipping-taxable","16":"purchasable","17":"product-type-variable","18":"wvs-archive-product-wrapper"},"yoast_head":"<!-- This site is optimized with the Yoast SEO Premium plugin v25.4 (Yoast SEO v27.4) - https:\/\/yoast.com\/product\/yoast-seo-premium-wordpress\/ -->\n<title>Su ge\u00e7irmez k\u0131r\u0131\u015f\u0131k kuma\u015f s\u0131rt \u00e7antas\u0131 Kod: 3021 %sepsitename%%<\/title>\n<meta name=\"description\" content=\"Sanmorris hem okul hem de seyahat i\u00e7in tasarlanm\u0131\u015f, kitap ve diz\u00fcst\u00fc bilgisayar ta\u015f\u0131mak i\u00e7in m\u00fckemmel, k\u0131r\u0131\u015f\u0131k kuma\u015fl\u0131 b\u00fcy\u00fck kapasiteli su ge\u00e7irmez s\u0131rt \u00e7antas\u0131\" \/>\n<meta name=\"robots\" content=\"index, follow, max-snippet:-1, max-image-preview:large, max-video-preview:-1\" \/>\n<link rel=\"canonical\" href=\"https:\/\/sanmorrisbags.com\/tr\/product\/kod-3021\/\" \/>\n<meta property=\"og:locale\" content=\"tr_TR\" \/>\n<meta property=\"og:type\" content=\"article\" \/>\n<meta property=\"og:title\" content=\"Kod: 3021\" \/>\n<meta property=\"og:description\" content=\"Sanmorris hem okul hem de seyahat i\u00e7in tasarlanm\u0131\u015f, kitap ve diz\u00fcst\u00fc bilgisayar ta\u015f\u0131mak i\u00e7in m\u00fckemmel, k\u0131r\u0131\u015f\u0131k kuma\u015fl\u0131 b\u00fcy\u00fck kapasiteli su ge\u00e7irmez s\u0131rt \u00e7antas\u0131\" \/>\n<meta property=\"og:url\" content=\"https:\/\/sanmorrisbags.com\/tr\/product\/kod-3021\/\" \/>\n<meta property=\"og:site_name\" content=\"Sanmorris Bags\" \/>\n<meta property=\"article:publisher\" content=\"https:\/\/www.facebook.com\/sanmorrisbags\" \/>\n<meta property=\"og:image\" content=\"https:\/\/sanmorrisbags.com\/wp-content\/uploads\/2024\/10\/DSC_0861.jpg\" \/>\n\t<meta property=\"og:image:width\" content=\"1200\" \/>\n\t<meta property=\"og:image:height\" content=\"1800\" \/>\n\t<meta property=\"og:image:type\" content=\"image\/jpeg\" \/>\n<meta name=\"twitter:card\" content=\"summary_large_image\" \/>\n<meta name=\"twitter:site\" content=\"@sanmorrisbag\" \/>\n<meta name=\"twitter:label1\" content=\"Durumu\" \/>\n\t<meta name=\"twitter:data1\" content=\"Stokta var\" \/>\n<script type=\"application\/ld+json\" class=\"yoast-schema-graph\">{\"@context\":\"https:\\\/\\\/schema.org\",\"@graph\":[{\"@type\":\"WebPage\",\"@id\":\"https:\\\/\\\/sanmorrisbags.com\\\/tr\\\/product\\\/kod-3021\\\/\",\"url\":\"https:\\\/\\\/sanmorrisbags.com\\\/tr\\\/product\\\/kod-3021\\\/\",\"name\":\"Su ge\u00e7irmez k\u0131r\u0131\u015f\u0131k kuma\u015f s\u0131rt \u00e7antas\u0131 Kod: 3021 %sepsitename%%\",\"isPartOf\":{\"@id\":\"https:\\\/\\\/sanmorrisbags.com\\\/tr\\\/#website\"},\"primaryImageOfPage\":{\"@id\":\"https:\\\/\\\/sanmorrisbags.com\\\/tr\\\/product\\\/kod-3021\\\/#primaryimage\"},\"image\":{\"@id\":\"https:\\\/\\\/sanmorrisbags.com\\\/tr\\\/product\\\/kod-3021\\\/#primaryimage\"},\"thumbnailUrl\":\"https:\\\/\\\/sanmorrisbags.com\\\/wp-content\\\/uploads\\\/2024\\\/10\\\/DSC_0861.jpg\",\"datePublished\":\"2024-10-06T22:05:30+00:00\",\"description\":\"Sanmorris hem okul hem de seyahat i\u00e7in tasarlanm\u0131\u015f, kitap ve diz\u00fcst\u00fc bilgisayar ta\u015f\u0131mak i\u00e7in m\u00fckemmel, k\u0131r\u0131\u015f\u0131k kuma\u015fl\u0131 b\u00fcy\u00fck kapasiteli su ge\u00e7irmez s\u0131rt \u00e7antas\u0131\",\"breadcrumb\":{\"@id\":\"https:\\\/\\\/sanmorrisbags.com\\\/tr\\\/product\\\/kod-3021\\\/#breadcrumb\"},\"inLanguage\":\"tr\",\"potentialAction\":[{\"@type\":\"ReadAction\",\"target\":[\"https:\\\/\\\/sanmorrisbags.com\\\/tr\\\/product\\\/kod-3021\\\/\"]}]},{\"@type\":\"ImageObject\",\"inLanguage\":\"tr\",\"@id\":\"https:\\\/\\\/sanmorrisbags.com\\\/tr\\\/product\\\/kod-3021\\\/#primaryimage\",\"url\":\"https:\\\/\\\/sanmorrisbags.com\\\/wp-content\\\/uploads\\\/2024\\\/10\\\/DSC_0861.jpg\",\"contentUrl\":\"https:\\\/\\\/sanmorrisbags.com\\\/wp-content\\\/uploads\\\/2024\\\/10\\\/DSC_0861.jpg\",\"width\":1200,\"height\":1800,\"caption\":\"Sanmorris large capacity waterproof backpack with crinkle fabric, perfect for carrying books and laptops, designed for both school and travel.\"},{\"@type\":\"BreadcrumbList\",\"@id\":\"https:\\\/\\\/sanmorrisbags.com\\\/tr\\\/product\\\/kod-3021\\\/#breadcrumb\",\"itemListElement\":[{\"@type\":\"ListItem\",\"position\":1,\"name\":\"Home\",\"item\":\"https:\\\/\\\/sanmorrisbags.com\\\/tr\\\/home\\\/\"},{\"@type\":\"ListItem\",\"position\":2,\"name\":\"Shop\",\"item\":\"https:\\\/\\\/sanmorrisbags.com\\\/shop\\\/\"},{\"@type\":\"ListItem\",\"position\":3,\"name\":\"Kod: 3021\"}]},{\"@type\":\"WebSite\",\"@id\":\"https:\\\/\\\/sanmorrisbags.com\\\/tr\\\/#website\",\"url\":\"https:\\\/\\\/sanmorrisbags.com\\\/tr\\\/\",\"name\":\"Sanmorris Bags\",\"description\":\"\",\"publisher\":{\"@id\":\"https:\\\/\\\/sanmorrisbags.com\\\/tr\\\/#organization\"},\"potentialAction\":[{\"@type\":\"SearchAction\",\"target\":{\"@type\":\"EntryPoint\",\"urlTemplate\":\"https:\\\/\\\/sanmorrisbags.com\\\/tr\\\/?s={search_term_string}\"},\"query-input\":{\"@type\":\"PropertyValueSpecification\",\"valueRequired\":true,\"valueName\":\"search_term_string\"}}],\"inLanguage\":\"tr\"},{\"@type\":\"Organization\",\"@id\":\"https:\\\/\\\/sanmorrisbags.com\\\/tr\\\/#organization\",\"name\":\"Sanmorris Bags\",\"url\":\"https:\\\/\\\/sanmorrisbags.com\\\/tr\\\/\",\"logo\":{\"@type\":\"ImageObject\",\"inLanguage\":\"tr\",\"@id\":\"https:\\\/\\\/sanmorrisbags.com\\\/tr\\\/#\\\/schema\\\/logo\\\/image\\\/\",\"url\":\"https:\\\/\\\/sanmorrisbags.com\\\/wp-content\\\/uploads\\\/2023\\\/02\\\/Logo-new.png\",\"contentUrl\":\"https:\\\/\\\/sanmorrisbags.com\\\/wp-content\\\/uploads\\\/2023\\\/02\\\/Logo-new.png\",\"width\":1000,\"height\":1000,\"caption\":\"Sanmorris Bags\"},\"image\":{\"@id\":\"https:\\\/\\\/sanmorrisbags.com\\\/tr\\\/#\\\/schema\\\/logo\\\/image\\\/\"},\"sameAs\":[\"https:\\\/\\\/www.facebook.com\\\/sanmorrisbags\",\"https:\\\/\\\/x.com\\\/sanmorrisbag\",\"https:\\\/\\\/www.instagram.com\\\/sanmorrisbag\\\/\"]}]}<\/script>\n<meta property=\"og:availability\" content=\"instock\" \/>\n<meta property=\"product:availability\" content=\"instock\" \/>\n<meta property=\"product:condition\" content=\"new\" \/>\n<!-- \/ Yoast SEO Premium plugin. -->","yoast_head_json":{"title":"Su ge\u00e7irmez k\u0131r\u0131\u015f\u0131k kuma\u015f s\u0131rt \u00e7antas\u0131 Kod: 3021 %sepsitename%%","description":"Sanmorris hem okul hem de seyahat i\u00e7in tasarlanm\u0131\u015f, kitap ve diz\u00fcst\u00fc bilgisayar ta\u015f\u0131mak i\u00e7in m\u00fckemmel, k\u0131r\u0131\u015f\u0131k kuma\u015fl\u0131 b\u00fcy\u00fck kapasiteli su ge\u00e7irmez s\u0131rt \u00e7antas\u0131","robots":{"index":"index","follow":"follow","max-snippet":"max-snippet:-1","max-image-preview":"max-image-preview:large","max-video-preview":"max-video-preview:-1"},"canonical":"https:\/\/sanmorrisbags.com\/tr\/product\/kod-3021\/","og_locale":"tr_TR","og_type":"article","og_title":"Kod: 3021","og_description":"Sanmorris hem okul hem de seyahat i\u00e7in tasarlanm\u0131\u015f, kitap ve diz\u00fcst\u00fc bilgisayar ta\u015f\u0131mak i\u00e7in m\u00fckemmel, k\u0131r\u0131\u015f\u0131k kuma\u015fl\u0131 b\u00fcy\u00fck kapasiteli su ge\u00e7irmez s\u0131rt \u00e7antas\u0131","og_url":"https:\/\/sanmorrisbags.com\/tr\/product\/kod-3021\/","og_site_name":"Sanmorris Bags","article_publisher":"https:\/\/www.facebook.com\/sanmorrisbags","og_image":[{"width":1200,"height":1800,"url":"https:\/\/sanmorrisbags.com\/wp-content\/uploads\/2024\/10\/DSC_0861.jpg","type":"image\/jpeg"}],"twitter_card":"summary_large_image","twitter_site":"@sanmorrisbag","twitter_misc":{"Durumu":"Stokta var"},"schema":{"@context":"https:\/\/schema.org","@graph":[{"@type":"WebPage","@id":"https:\/\/sanmorrisbags.com\/tr\/product\/kod-3021\/","url":"https:\/\/sanmorrisbags.com\/tr\/product\/kod-3021\/","name":"Su ge\u00e7irmez k\u0131r\u0131\u015f\u0131k kuma\u015f s\u0131rt \u00e7antas\u0131 Kod: 3021 %sepsitename%%","isPartOf":{"@id":"https:\/\/sanmorrisbags.com\/tr\/#website"},"primaryImageOfPage":{"@id":"https:\/\/sanmorrisbags.com\/tr\/product\/kod-3021\/#primaryimage"},"image":{"@id":"https:\/\/sanmorrisbags.com\/tr\/product\/kod-3021\/#primaryimage"},"thumbnailUrl":"https:\/\/sanmorrisbags.com\/wp-content\/uploads\/2024\/10\/DSC_0861.jpg","datePublished":"2024-10-06T22:05:30+00:00","description":"Sanmorris hem okul hem de seyahat i\u00e7in tasarlanm\u0131\u015f, kitap ve diz\u00fcst\u00fc bilgisayar ta\u015f\u0131mak i\u00e7in m\u00fckemmel, k\u0131r\u0131\u015f\u0131k kuma\u015fl\u0131 b\u00fcy\u00fck kapasiteli su ge\u00e7irmez s\u0131rt \u00e7antas\u0131","breadcrumb":{"@id":"https:\/\/sanmorrisbags.com\/tr\/product\/kod-3021\/#breadcrumb"},"inLanguage":"tr","potentialAction":[{"@type":"ReadAction","target":["https:\/\/sanmorrisbags.com\/tr\/product\/kod-3021\/"]}]},{"@type":"ImageObject","inLanguage":"tr","@id":"https:\/\/sanmorrisbags.com\/tr\/product\/kod-3021\/#primaryimage","url":"https:\/\/sanmorrisbags.com\/wp-content\/uploads\/2024\/10\/DSC_0861.jpg","contentUrl":"https:\/\/sanmorrisbags.com\/wp-content\/uploads\/2024\/10\/DSC_0861.jpg","width":1200,"height":1800,"caption":"Sanmorris large capacity waterproof backpack with crinkle fabric, perfect for carrying books and laptops, designed for both school and travel."},{"@type":"BreadcrumbList","@id":"https:\/\/sanmorrisbags.com\/tr\/product\/kod-3021\/#breadcrumb","itemListElement":[{"@type":"ListItem","position":1,"name":"Home","item":"https:\/\/sanmorrisbags.com\/tr\/home\/"},{"@type":"ListItem","position":2,"name":"Shop","item":"https:\/\/sanmorrisbags.com\/shop\/"},{"@type":"ListItem","position":3,"name":"Kod: 3021"}]},{"@type":"WebSite","@id":"https:\/\/sanmorrisbags.com\/tr\/#website","url":"https:\/\/sanmorrisbags.com\/tr\/","name":"Sanmorris Bags","description":"","publisher":{"@id":"https:\/\/sanmorrisbags.com\/tr\/#organization"},"potentialAction":[{"@type":"SearchAction","target":{"@type":"EntryPoint","urlTemplate":"https:\/\/sanmorrisbags.com\/tr\/?s={search_term_string}"},"query-input":{"@type":"PropertyValueSpecification","valueRequired":true,"valueName":"search_term_string"}}],"inLanguage":"tr"},{"@type":"Organization","@id":"https:\/\/sanmorrisbags.com\/tr\/#organization","name":"Sanmorris Bags","url":"https:\/\/sanmorrisbags.com\/tr\/","logo":{"@type":"ImageObject","inLanguage":"tr","@id":"https:\/\/sanmorrisbags.com\/tr\/#\/schema\/logo\/image\/","url":"https:\/\/sanmorrisbags.com\/wp-content\/uploads\/2023\/02\/Logo-new.png","contentUrl":"https:\/\/sanmorrisbags.com\/wp-content\/uploads\/2023\/02\/Logo-new.png","width":1000,"height":1000,"caption":"Sanmorris Bags"},"image":{"@id":"https:\/\/sanmorrisbags.com\/tr\/#\/schema\/logo\/image\/"},"sameAs":["https:\/\/www.facebook.com\/sanmorrisbags","https:\/\/x.com\/sanmorrisbag","https:\/\/www.instagram.com\/sanmorrisbag\/"]}]},"og_availability":"instock","product_availability":"instock","product_condition":"new"},"_links":{"self":[{"href":"https:\/\/sanmorrisbags.com\/tr\/wp-json\/wp\/v2\/product\/22016","targetHints":{"allow":["GET"]}}],"collection":[{"href":"https:\/\/sanmorrisbags.com\/tr\/wp-json\/wp\/v2\/product"}],"about":[{"href":"https:\/\/sanmorrisbags.com\/tr\/wp-json\/wp\/v2\/types\/product"}],"replies":[{"embeddable":true,"href":"https:\/\/sanmorrisbags.com\/tr\/wp-json\/wp\/v2\/comments?post=22016"}],"wp:featuredmedia":[{"embeddable":true,"href":"https:\/\/sanmorrisbags.com\/tr\/wp-json\/wp\/v2\/media\/19961"}],"wp:attachment":[{"href":"https:\/\/sanmorrisbags.com\/tr\/wp-json\/wp\/v2\/media?parent=22016"}],"wp:term":[{"taxonomy":"product_brand","embeddable":true,"href":"https:\/\/sanmorrisbags.com\/tr\/wp-json\/wp\/v2\/product_brand?post=22016"},{"taxonomy":"product_cat","embeddable":true,"href":"https:\/\/sanmorrisbags.com\/tr\/wp-json\/wp\/v2\/product_cat?post=22016"},{"taxonomy":"product_tag","embeddable":true,"href":"https:\/\/sanmorrisbags.com\/tr\/wp-json\/wp\/v2\/product_tag?post=22016"}],"curies":[{"name":"wp","href":"https:\/\/api.w.org\/{rel}","templated":true}]}}