{"id":23518,"date":"2025-04-25T09:38:10","date_gmt":"2025-04-25T09:38:10","guid":{"rendered":"https:\/\/sanmorrisbags.com\/?post_type=product&#038;p=23518"},"modified":"2025-04-25T10:13:33","modified_gmt":"2025-04-25T10:13:33","slug":"sanmorris-unisex-parasut-kumas-body-bag","status":"publish","type":"product","link":"https:\/\/sanmorrisbags.com\/tr\/product\/sanmorris-unisex-parasut-kumas-body-bag\/","title":{"rendered":"Code: 6005"},"content":{"rendered":"<p>Sanmorris unisex\u00a0para\u015f\u00fct kuma\u015f suya dayan\u0131kl\u0131 \u00e7apraz\u00a0 ve s\u0131rtl\u0131k ask\u0131l\u0131 body bag omuz \u00e7anta stoklar\u0131m\u0131zda.<\/p>\n<p>\u00d6l\u00e7\u00fcleri; en:17 cm ,boy:30 cm taban geni\u015fli\u011fi: 5cm<\/p>\n<p>Ask\u0131 uzun hali:90 cm, k\u0131sa hali\u00a045 cm&#8217;dir.<\/p>\n<p>\u00dcr\u00fcn i\u00e7i tamamen astarla kapl\u0131d\u0131r ve 3 ayr\u0131 fermuarl\u0131 d\u0131\u015f cep bulunmaktad\u0131r.<\/p>\n<p>\u00dcr\u00fcn a\u011f\u0131rl\u0131\u011f\u0131 240 gr.<\/p>\n<p>B\u00fcy\u00fck ana\u00a0g\u00f6z i\u00e7erisinde k\u00fc\u00e7\u00fck e\u015fyalar\u0131n\u0131z\u0131 kolayca ta\u015f\u0131man\u0131z i\u00e7in 2 adet a\u00e7\u0131k cep bulunmaktad\u0131r.<\/p>\n<p>Fermuarl\u0131 ask\u0131s\u0131 sayesinde s\u0131rtl\u0131k ve \u00e7apraz olarak kullan\u0131labilmektedir.<\/p>\n<p>Suya dayan\u0131kl\u0131 yap\u0131s\u0131 sayesinde ya\u011fmurlu havalarda e\u015fyalar\u0131n\u0131z\u0131n korunmas\u0131n\u0131 sa\u011flar.<\/p>\n<p>Nanoteknoloji ile \u00fcretilen bu \u00fcr\u00fcnsu ge\u00e7irmez, leke tutmaz, antibakteriyel, kokusuz, terletmeyen ve \u0131s\u0131y\u0131 dengeleme\u00a0gibi bir\u00e7ok \u00f6zelli\u011fe sahiptir.<\/p>\n<p>\u00c7ok b\u00f6lmeli tasar\u0131m\u0131 ile g\u00fcnl\u00fck ihtiya\u00e7lar\u0131n\u0131z\u0131 d\u00fczenli bir \u015fekilde ta\u015f\u0131man\u0131z\u0131 kolayla\u015ft\u0131r\u0131r.<\/p>\n<p>Tekstil materyali, dayan\u0131kl\u0131l\u0131\u011f\u0131 art\u0131r\u0131rken hafifli\u011fiyle konforlu bir kullan\u0131m sunar.<\/p>\n<p>Fermuar ve fermuar ba\u015fl\u0131klar\u0131 kaliteli malzeme ile \u00fcretilmi\u015ftir.<\/p>\n<p>\u00dcr\u00fcn \u00e7ok g\u00f6zl\u00fc ve \u00e7ok cepli olma \u00f6zelli\u011fi sayesinde bir\u00e7ok e\u015fyan\u0131z\u0131 ayn\u0131 anda g\u00fcvenle ta\u015f\u0131ma kolayl\u0131\u011f\u0131 sa\u011flamaktad\u0131r.<\/p>\n<p>\u00dcr\u00fcn ask\u0131s\u0131 ayarlanabilir \u00f6zelliktedir, uzun ve k\u0131sa olarak kullan\u0131labilir.<\/p>\n<p>Body bag modelimiz unisex bir model olup renk se\u00e7enekleri mevcuttur.<\/p>\n<p>Temizli\u011fini nemli bez ile yapabilirsiniz.<\/p>\n","protected":false},"excerpt":{"rendered":"<p>Sanmorris unisex\u00a0para\u015f\u00fct kuma\u015f suya dayan\u0131kl\u0131 \u00e7apraz\u00a0 ve s\u0131rtl\u0131k ask\u0131l\u0131 body bag omuz \u00e7anta stoklar\u0131m\u0131zda. \u00d6l\u00e7\u00fcleri; en:17 cm ,boy:30 cm taban geni\u015fli\u011fi: 5cm Ask\u0131 uzun hali:90 cm, k\u0131sa hali\u00a045 cm&#8217;dir. \u00dcr\u00fcn i\u00e7i tamamen astarla kapl\u0131d\u0131r ve 3 ayr\u0131 fermuarl\u0131 d\u0131\u015f cep bulunmaktad\u0131r. \u00dcr\u00fcn a\u011f\u0131rl\u0131\u011f\u0131 240 gr. B\u00fcy\u00fck ana\u00a0g\u00f6z i\u00e7erisinde k\u00fc\u00e7\u00fck e\u015fyalar\u0131n\u0131z\u0131 kolayca ta\u015f\u0131man\u0131z i\u00e7in 2 adet [&hellip;]<\/p>\n","protected":false},"featured_media":23519,"comment_status":"closed","ping_status":"closed","template":"","meta":[],"product_brand":[],"product_cat":[37],"product_tag":[],"class_list":{"0":"post-23518","1":"product","2":"type-product","3":"status-publish","4":"has-post-thumbnail","6":"product_cat-crossbody-bags","7":"pa_color-beige","8":"pa_color-black","9":"pa_color-blue","10":"pa_color-d-gray","11":"pa_color-l-gray","12":"pa_color-red","13":"pa_color-sand","15":"first","16":"instock","17":"shipping-taxable","18":"purchasable","19":"product-type-variable","20":"wvs-archive-product-wrapper"},"yoast_head":"<!-- This site is optimized with the Yoast SEO Premium plugin v25.4 (Yoast SEO v27.4) - https:\/\/yoast.com\/product\/yoast-seo-premium-wordpress\/ -->\n<title>Sanmorris Unisex Para\u015f\u00fct Kuma\u015f Suya Dayan\u0131kl\u0131 Body Bag<\/title>\n<meta name=\"description\" content=\"Ke\u015ffedin: Sanmorris unisex para\u015f\u00fct kuma\u015ftan \u00fcretilen, suya dayan\u0131kl\u0131, \u00e7ok b\u00f6lmeli body bag modeli. Hem \u00e7apraz hem s\u0131rt \u00e7anta olarak kullan\u0131labilir.\" \/>\n<meta name=\"robots\" content=\"index, follow, max-snippet:-1, max-image-preview:large, max-video-preview:-1\" \/>\n<link rel=\"canonical\" href=\"https:\/\/sanmorrisbags.com\/tr\/product\/sanmorris-unisex-parasut-kumas-body-bag\/\" \/>\n<meta property=\"og:locale\" content=\"tr_TR\" \/>\n<meta property=\"og:type\" content=\"article\" \/>\n<meta property=\"og:title\" content=\"Code: 6005\" \/>\n<meta property=\"og:description\" content=\"Ke\u015ffedin: Sanmorris unisex para\u015f\u00fct kuma\u015ftan \u00fcretilen, suya dayan\u0131kl\u0131, \u00e7ok b\u00f6lmeli body bag modeli. Hem \u00e7apraz hem s\u0131rt \u00e7anta olarak kullan\u0131labilir.\" \/>\n<meta property=\"og:url\" content=\"https:\/\/sanmorrisbags.com\/tr\/product\/sanmorris-unisex-parasut-kumas-body-bag\/\" \/>\n<meta property=\"og:site_name\" content=\"Sanmorris Bags\" \/>\n<meta property=\"article:publisher\" content=\"https:\/\/www.facebook.com\/sanmorrisbags\" \/>\n<meta property=\"article:modified_time\" content=\"2025-04-25T10:13:33+00:00\" \/>\n<meta property=\"og:image\" content=\"https:\/\/sanmorrisbags.com\/wp-content\/uploads\/2025\/04\/56.jpg\" \/>\n\t<meta property=\"og:image:width\" content=\"1200\" \/>\n\t<meta property=\"og:image:height\" content=\"1800\" \/>\n\t<meta property=\"og:image:type\" content=\"image\/jpeg\" \/>\n<meta name=\"twitter:card\" content=\"summary_large_image\" \/>\n<meta name=\"twitter:site\" content=\"@sanmorrisbag\" \/>\n<meta name=\"twitter:label1\" content=\"Durumu\" \/>\n\t<meta name=\"twitter:data1\" content=\"Stokta var\" \/>\n<script type=\"application\/ld+json\" class=\"yoast-schema-graph\">{\"@context\":\"https:\\\/\\\/schema.org\",\"@graph\":[{\"@type\":\"WebPage\",\"@id\":\"https:\\\/\\\/sanmorrisbags.com\\\/tr\\\/product\\\/sanmorris-unisex-parasut-kumas-body-bag\\\/\",\"url\":\"https:\\\/\\\/sanmorrisbags.com\\\/tr\\\/product\\\/sanmorris-unisex-parasut-kumas-body-bag\\\/\",\"name\":\"Sanmorris Unisex Para\u015f\u00fct Kuma\u015f Suya Dayan\u0131kl\u0131 Body Bag\",\"isPartOf\":{\"@id\":\"https:\\\/\\\/sanmorrisbags.com\\\/tr\\\/#website\"},\"primaryImageOfPage\":{\"@id\":\"https:\\\/\\\/sanmorrisbags.com\\\/tr\\\/product\\\/sanmorris-unisex-parasut-kumas-body-bag\\\/#primaryimage\"},\"image\":{\"@id\":\"https:\\\/\\\/sanmorrisbags.com\\\/tr\\\/product\\\/sanmorris-unisex-parasut-kumas-body-bag\\\/#primaryimage\"},\"thumbnailUrl\":\"https:\\\/\\\/sanmorrisbags.com\\\/wp-content\\\/uploads\\\/2025\\\/04\\\/56.jpg\",\"datePublished\":\"2025-04-25T09:38:10+00:00\",\"dateModified\":\"2025-04-25T10:13:33+00:00\",\"description\":\"Ke\u015ffedin: Sanmorris unisex para\u015f\u00fct kuma\u015ftan \u00fcretilen, suya dayan\u0131kl\u0131, \u00e7ok b\u00f6lmeli body bag modeli. Hem \u00e7apraz hem s\u0131rt \u00e7anta olarak kullan\u0131labilir.\",\"breadcrumb\":{\"@id\":\"https:\\\/\\\/sanmorrisbags.com\\\/tr\\\/product\\\/sanmorris-unisex-parasut-kumas-body-bag\\\/#breadcrumb\"},\"inLanguage\":\"tr\",\"potentialAction\":[{\"@type\":\"ReadAction\",\"target\":[\"https:\\\/\\\/sanmorrisbags.com\\\/tr\\\/product\\\/sanmorris-unisex-parasut-kumas-body-bag\\\/\"]}]},{\"@type\":\"ImageObject\",\"inLanguage\":\"tr\",\"@id\":\"https:\\\/\\\/sanmorrisbags.com\\\/tr\\\/product\\\/sanmorris-unisex-parasut-kumas-body-bag\\\/#primaryimage\",\"url\":\"https:\\\/\\\/sanmorrisbags.com\\\/wp-content\\\/uploads\\\/2025\\\/04\\\/56.jpg\",\"contentUrl\":\"https:\\\/\\\/sanmorrisbags.com\\\/wp-content\\\/uploads\\\/2025\\\/04\\\/56.jpg\",\"width\":1200,\"height\":1800,\"caption\":\"Sanmorris unisex para\u015f\u00fct kuma\u015f body bag gri\"},{\"@type\":\"BreadcrumbList\",\"@id\":\"https:\\\/\\\/sanmorrisbags.com\\\/tr\\\/product\\\/sanmorris-unisex-parasut-kumas-body-bag\\\/#breadcrumb\",\"itemListElement\":[{\"@type\":\"ListItem\",\"position\":1,\"name\":\"Home\",\"item\":\"https:\\\/\\\/sanmorrisbags.com\\\/tr\\\/home\\\/\"},{\"@type\":\"ListItem\",\"position\":2,\"name\":\"Shop\",\"item\":\"https:\\\/\\\/sanmorrisbags.com\\\/shop\\\/\"},{\"@type\":\"ListItem\",\"position\":3,\"name\":\"Code: 6005\"}]},{\"@type\":\"WebSite\",\"@id\":\"https:\\\/\\\/sanmorrisbags.com\\\/tr\\\/#website\",\"url\":\"https:\\\/\\\/sanmorrisbags.com\\\/tr\\\/\",\"name\":\"Sanmorris Bags\",\"description\":\"\",\"publisher\":{\"@id\":\"https:\\\/\\\/sanmorrisbags.com\\\/tr\\\/#organization\"},\"potentialAction\":[{\"@type\":\"SearchAction\",\"target\":{\"@type\":\"EntryPoint\",\"urlTemplate\":\"https:\\\/\\\/sanmorrisbags.com\\\/tr\\\/?s={search_term_string}\"},\"query-input\":{\"@type\":\"PropertyValueSpecification\",\"valueRequired\":true,\"valueName\":\"search_term_string\"}}],\"inLanguage\":\"tr\"},{\"@type\":\"Organization\",\"@id\":\"https:\\\/\\\/sanmorrisbags.com\\\/tr\\\/#organization\",\"name\":\"Sanmorris Bags\",\"url\":\"https:\\\/\\\/sanmorrisbags.com\\\/tr\\\/\",\"logo\":{\"@type\":\"ImageObject\",\"inLanguage\":\"tr\",\"@id\":\"https:\\\/\\\/sanmorrisbags.com\\\/tr\\\/#\\\/schema\\\/logo\\\/image\\\/\",\"url\":\"https:\\\/\\\/sanmorrisbags.com\\\/wp-content\\\/uploads\\\/2023\\\/02\\\/Logo-new.png\",\"contentUrl\":\"https:\\\/\\\/sanmorrisbags.com\\\/wp-content\\\/uploads\\\/2023\\\/02\\\/Logo-new.png\",\"width\":1000,\"height\":1000,\"caption\":\"Sanmorris Bags\"},\"image\":{\"@id\":\"https:\\\/\\\/sanmorrisbags.com\\\/tr\\\/#\\\/schema\\\/logo\\\/image\\\/\"},\"sameAs\":[\"https:\\\/\\\/www.facebook.com\\\/sanmorrisbags\",\"https:\\\/\\\/x.com\\\/sanmorrisbag\",\"https:\\\/\\\/www.instagram.com\\\/sanmorrisbag\\\/\"]}]}<\/script>\n<meta property=\"og:availability\" content=\"instock\" \/>\n<meta property=\"product:availability\" content=\"instock\" \/>\n<meta property=\"product:condition\" content=\"new\" \/>\n<!-- \/ Yoast SEO Premium plugin. -->","yoast_head_json":{"title":"Sanmorris Unisex Para\u015f\u00fct Kuma\u015f Suya Dayan\u0131kl\u0131 Body Bag","description":"Ke\u015ffedin: Sanmorris unisex para\u015f\u00fct kuma\u015ftan \u00fcretilen, suya dayan\u0131kl\u0131, \u00e7ok b\u00f6lmeli body bag modeli. Hem \u00e7apraz hem s\u0131rt \u00e7anta olarak kullan\u0131labilir.","robots":{"index":"index","follow":"follow","max-snippet":"max-snippet:-1","max-image-preview":"max-image-preview:large","max-video-preview":"max-video-preview:-1"},"canonical":"https:\/\/sanmorrisbags.com\/tr\/product\/sanmorris-unisex-parasut-kumas-body-bag\/","og_locale":"tr_TR","og_type":"article","og_title":"Code: 6005","og_description":"Ke\u015ffedin: Sanmorris unisex para\u015f\u00fct kuma\u015ftan \u00fcretilen, suya dayan\u0131kl\u0131, \u00e7ok b\u00f6lmeli body bag modeli. Hem \u00e7apraz hem s\u0131rt \u00e7anta olarak kullan\u0131labilir.","og_url":"https:\/\/sanmorrisbags.com\/tr\/product\/sanmorris-unisex-parasut-kumas-body-bag\/","og_site_name":"Sanmorris Bags","article_publisher":"https:\/\/www.facebook.com\/sanmorrisbags","article_modified_time":"2025-04-25T10:13:33+00:00","og_image":[{"width":1200,"height":1800,"url":"https:\/\/sanmorrisbags.com\/wp-content\/uploads\/2025\/04\/56.jpg","type":"image\/jpeg"}],"twitter_card":"summary_large_image","twitter_site":"@sanmorrisbag","twitter_misc":{"Durumu":"Stokta var"},"schema":{"@context":"https:\/\/schema.org","@graph":[{"@type":"WebPage","@id":"https:\/\/sanmorrisbags.com\/tr\/product\/sanmorris-unisex-parasut-kumas-body-bag\/","url":"https:\/\/sanmorrisbags.com\/tr\/product\/sanmorris-unisex-parasut-kumas-body-bag\/","name":"Sanmorris Unisex Para\u015f\u00fct Kuma\u015f Suya Dayan\u0131kl\u0131 Body Bag","isPartOf":{"@id":"https:\/\/sanmorrisbags.com\/tr\/#website"},"primaryImageOfPage":{"@id":"https:\/\/sanmorrisbags.com\/tr\/product\/sanmorris-unisex-parasut-kumas-body-bag\/#primaryimage"},"image":{"@id":"https:\/\/sanmorrisbags.com\/tr\/product\/sanmorris-unisex-parasut-kumas-body-bag\/#primaryimage"},"thumbnailUrl":"https:\/\/sanmorrisbags.com\/wp-content\/uploads\/2025\/04\/56.jpg","datePublished":"2025-04-25T09:38:10+00:00","dateModified":"2025-04-25T10:13:33+00:00","description":"Ke\u015ffedin: Sanmorris unisex para\u015f\u00fct kuma\u015ftan \u00fcretilen, suya dayan\u0131kl\u0131, \u00e7ok b\u00f6lmeli body bag modeli. Hem \u00e7apraz hem s\u0131rt \u00e7anta olarak kullan\u0131labilir.","breadcrumb":{"@id":"https:\/\/sanmorrisbags.com\/tr\/product\/sanmorris-unisex-parasut-kumas-body-bag\/#breadcrumb"},"inLanguage":"tr","potentialAction":[{"@type":"ReadAction","target":["https:\/\/sanmorrisbags.com\/tr\/product\/sanmorris-unisex-parasut-kumas-body-bag\/"]}]},{"@type":"ImageObject","inLanguage":"tr","@id":"https:\/\/sanmorrisbags.com\/tr\/product\/sanmorris-unisex-parasut-kumas-body-bag\/#primaryimage","url":"https:\/\/sanmorrisbags.com\/wp-content\/uploads\/2025\/04\/56.jpg","contentUrl":"https:\/\/sanmorrisbags.com\/wp-content\/uploads\/2025\/04\/56.jpg","width":1200,"height":1800,"caption":"Sanmorris unisex para\u015f\u00fct kuma\u015f body bag gri"},{"@type":"BreadcrumbList","@id":"https:\/\/sanmorrisbags.com\/tr\/product\/sanmorris-unisex-parasut-kumas-body-bag\/#breadcrumb","itemListElement":[{"@type":"ListItem","position":1,"name":"Home","item":"https:\/\/sanmorrisbags.com\/tr\/home\/"},{"@type":"ListItem","position":2,"name":"Shop","item":"https:\/\/sanmorrisbags.com\/shop\/"},{"@type":"ListItem","position":3,"name":"Code: 6005"}]},{"@type":"WebSite","@id":"https:\/\/sanmorrisbags.com\/tr\/#website","url":"https:\/\/sanmorrisbags.com\/tr\/","name":"Sanmorris Bags","description":"","publisher":{"@id":"https:\/\/sanmorrisbags.com\/tr\/#organization"},"potentialAction":[{"@type":"SearchAction","target":{"@type":"EntryPoint","urlTemplate":"https:\/\/sanmorrisbags.com\/tr\/?s={search_term_string}"},"query-input":{"@type":"PropertyValueSpecification","valueRequired":true,"valueName":"search_term_string"}}],"inLanguage":"tr"},{"@type":"Organization","@id":"https:\/\/sanmorrisbags.com\/tr\/#organization","name":"Sanmorris Bags","url":"https:\/\/sanmorrisbags.com\/tr\/","logo":{"@type":"ImageObject","inLanguage":"tr","@id":"https:\/\/sanmorrisbags.com\/tr\/#\/schema\/logo\/image\/","url":"https:\/\/sanmorrisbags.com\/wp-content\/uploads\/2023\/02\/Logo-new.png","contentUrl":"https:\/\/sanmorrisbags.com\/wp-content\/uploads\/2023\/02\/Logo-new.png","width":1000,"height":1000,"caption":"Sanmorris Bags"},"image":{"@id":"https:\/\/sanmorrisbags.com\/tr\/#\/schema\/logo\/image\/"},"sameAs":["https:\/\/www.facebook.com\/sanmorrisbags","https:\/\/x.com\/sanmorrisbag","https:\/\/www.instagram.com\/sanmorrisbag\/"]}]},"og_availability":"instock","product_availability":"instock","product_condition":"new"},"_links":{"self":[{"href":"https:\/\/sanmorrisbags.com\/tr\/wp-json\/wp\/v2\/product\/23518","targetHints":{"allow":["GET"]}}],"collection":[{"href":"https:\/\/sanmorrisbags.com\/tr\/wp-json\/wp\/v2\/product"}],"about":[{"href":"https:\/\/sanmorrisbags.com\/tr\/wp-json\/wp\/v2\/types\/product"}],"replies":[{"embeddable":true,"href":"https:\/\/sanmorrisbags.com\/tr\/wp-json\/wp\/v2\/comments?post=23518"}],"wp:featuredmedia":[{"embeddable":true,"href":"https:\/\/sanmorrisbags.com\/tr\/wp-json\/wp\/v2\/media\/23519"}],"wp:attachment":[{"href":"https:\/\/sanmorrisbags.com\/tr\/wp-json\/wp\/v2\/media?parent=23518"}],"wp:term":[{"taxonomy":"product_brand","embeddable":true,"href":"https:\/\/sanmorrisbags.com\/tr\/wp-json\/wp\/v2\/product_brand?post=23518"},{"taxonomy":"product_cat","embeddable":true,"href":"https:\/\/sanmorrisbags.com\/tr\/wp-json\/wp\/v2\/product_cat?post=23518"},{"taxonomy":"product_tag","embeddable":true,"href":"https:\/\/sanmorrisbags.com\/tr\/wp-json\/wp\/v2\/product_tag?post=23518"}],"curies":[{"name":"wp","href":"https:\/\/api.w.org\/{rel}","templated":true}]}}