{"id":23646,"date":"2025-05-07T13:12:50","date_gmt":"2025-05-07T13:12:50","guid":{"rendered":"https:\/\/sanmorrisbags.com\/?post_type=product&#038;p=23646"},"modified":"2025-05-07T13:12:50","modified_gmt":"2025-05-07T13:12:50","slug":"code-6008","status":"publish","type":"product","link":"https:\/\/sanmorrisbags.com\/tr\/product\/code-6008\/","title":{"rendered":"Code: 6008"},"content":{"rendered":"<p align=\"justify\">Sanmorris kad\u0131n para\u015f\u00fct kuma\u015f suya dayan\u0131kl\u0131 \u00e7apraz ask\u0131l\u0131 tote \u00e7anta stoklar\u0131m\u0131zdad\u0131r.<\/p>\n<p align=\"justify\">\u00dcr\u00fcn \u00f6l\u00e7\u00fcleri: boy:30 cm, en:34 cm ,taban geni\u015fli\u011fi:12cm.<\/p>\n<p align=\"justify\">\u00c7apraz ask\u0131s\u0131 uzunlu\u011fu, en uzun 140 cm, en k\u0131sa 70 cm.<\/p>\n<p align=\"justify\">El ask\u0131s\u0131n\u0131n y\u00fcksekli\u011fi 27 cm.<\/p>\n<p align=\"justify\">\u00dcr\u00fcn a\u011f\u0131rl\u0131\u011f\u0131 380 gr&#8217;dir.<\/p>\n<p align=\"justify\">\u00c7anta 1 b\u00fcy\u00fck\u00a0ana fermuarl\u0131 ve \u00f6n k\u0131sm\u0131nda\u00a01 k\u00fc\u00e7\u00fck fermuarl\u0131 b\u00f6lmeden olu\u015fmaktad\u0131r.<\/p>\n<p align=\"justify\">Ayr\u0131ca i\u00e7 k\u0131sm\u0131nda telefon, ruj, parf\u00fcm, kartl\u0131k gibi k\u00fc\u00e7\u00fck, her zaman eri\u015fmek istedi\u011finiz e\u015fyalar\u0131n\u0131z i\u00e7in 2 a\u00e7\u0131k 1 fermuarl\u0131 ayr\u0131 b\u00f6lmesi mevcuttur.<\/p>\n<p align=\"justify\">Y\u00fcksek kalite kuma\u015f, astar ve aksesuar kullan\u0131larak \u00fcretilmi\u015ftir.<\/p>\n<p align=\"justify\">Nanoteknoloji ile \u00fcretilen bu \u00fcr\u00fcn\u00a0su ge\u00e7irmez, leke tutmaz, antibakteriyel, kokusuz, terletmeyen ve \u0131s\u0131y\u0131 dengeleme\u00a0gibi bir\u00e7ok \u00f6zelli\u011fe sahiptir..<\/p>\n<p align=\"justify\">Hem el hem \u00e7apraz ask\u0131lar\u0131 ile ta\u015f\u0131ma kolayl\u0131\u011f\u0131 sa\u011flar.<\/p>\n<p align=\"justify\">\u00c7antan\u0131n \u00e7apraz ask\u0131s\u0131 uzay\u0131p k\u0131salarak ayarlanabilen boyutta \u00fcretilmi\u015ftir.<\/p>\n<p align=\"justify\">Her mevsim kullanabilece\u011finiz kare deseniyle \u015f\u0131kl\u0131\u011f\u0131n\u0131z\u0131 korurken fonksiyonellikten \u00f6d\u00fcn vermezsiniz.<\/p>\n<p align=\"justify\">Farkl\u0131 ihtiya\u00e7lara uyum sa\u011flayacak \u015fekilde tasarlanm\u0131\u015ft\u0131r.<\/p>\n<p align=\"justify\">Su ge\u00e7irmez \u00f6zelli\u011fi sayesinde ya\u011fmurlu havalarda bile e\u015fyalar\u0131n\u0131z g\u00fcvende.<\/p>\n<p align=\"justify\">Spor giyiminizi de tamamlar.<\/p>\n<p align=\"justify\">\u00dcr\u00fcn\u00fcn i\u00e7 k\u0131sm\u0131n\u0131n ayr\u0131nt\u0131l\u0131 g\u00f6rseli\u00a0siyah renginde incelemeniz i\u00e7in bulunmaktad\u0131r.<\/p>\n<p>Geni\u015f kapasitesi sayesinde t\u00fcm g\u00fcnl\u00fck ihtiya\u00e7lar\u0131n\u0131z\u0131 yan\u0131n\u0131za alman\u0131zda yard\u0131mc\u0131 olur.<\/p>\n<p>Farkl\u0131 renk se\u00e7enekleriyle her ortama uyum sa\u011flayacak \u015fekilde tasarlanm\u0131\u015ft\u0131r.<\/p>\n<p>\u00d6zel \u00fcretim \u00e7anta k\u0131l\u0131f\u0131 i\u00e7erisinde g\u00f6nderilmektedir.<\/p>\n<p>Hediye paketi ve notunuz ile g\u00f6nderilebilmektedir.<\/p>\n<p>Uzun s\u00fcreli kullan\u0131m i\u00e7in idealdir, dayan\u0131kl\u0131l\u0131\u011f\u0131 ve kolay temizlene bilirli\u011fi ile \u00f6ne \u00e7\u0131kar.<\/p>\n<p>Temizli\u011fini nemli bez ile yap\u0131n\u0131z.<\/p>\n","protected":false},"excerpt":{"rendered":"<p>Sanmorris kad\u0131n para\u015f\u00fct kuma\u015f suya dayan\u0131kl\u0131 \u00e7apraz ask\u0131l\u0131 tote \u00e7anta stoklar\u0131m\u0131zdad\u0131r. \u00dcr\u00fcn \u00f6l\u00e7\u00fcleri: boy:30 cm, en:34 cm ,taban geni\u015fli\u011fi:12cm. \u00c7apraz ask\u0131s\u0131 uzunlu\u011fu, en uzun 140 cm, en k\u0131sa 70 cm. El ask\u0131s\u0131n\u0131n y\u00fcksekli\u011fi 27 cm. \u00dcr\u00fcn a\u011f\u0131rl\u0131\u011f\u0131 380 gr&#8217;dir. \u00c7anta 1 b\u00fcy\u00fck\u00a0ana fermuarl\u0131 ve \u00f6n k\u0131sm\u0131nda\u00a01 k\u00fc\u00e7\u00fck fermuarl\u0131 b\u00f6lmeden olu\u015fmaktad\u0131r. Ayr\u0131ca i\u00e7 k\u0131sm\u0131nda telefon, ruj, [&hellip;]<\/p>\n","protected":false},"featured_media":23647,"comment_status":"closed","ping_status":"closed","template":"","meta":[],"product_brand":[],"product_cat":[40,38],"product_tag":[],"class_list":{"0":"post-23646","1":"product","2":"type-product","3":"status-publish","4":"has-post-thumbnail","6":"product_cat-handbags","7":"product_cat-shoulder-bags","8":"pa_color-black","9":"pa_color-blue","10":"pa_color-d-gray","11":"pa_color-khaki","12":"pa_color-l-gray","13":"pa_color-sand","15":"first","16":"instock","17":"shipping-taxable","18":"purchasable","19":"product-type-variable","20":"wvs-archive-product-wrapper"},"yoast_head":"<!-- This site is optimized with the Yoast SEO Premium plugin v25.4 (Yoast SEO v27.5) - https:\/\/yoast.com\/product\/yoast-seo-premium-wordpress\/ -->\n<title>Code: 6008 - Sanmorris Bags<\/title>\n<meta name=\"robots\" content=\"index, follow, max-snippet:-1, max-image-preview:large, max-video-preview:-1\" \/>\n<link rel=\"canonical\" href=\"https:\/\/sanmorrisbags.com\/tr\/product\/code-6008\/\" \/>\n<meta property=\"og:locale\" content=\"tr_TR\" \/>\n<meta property=\"og:type\" content=\"article\" \/>\n<meta property=\"og:title\" content=\"Code: 6008\" \/>\n<meta property=\"og:description\" content=\"Sanmorris kad\u0131n para\u015f\u00fct kuma\u015f suya dayan\u0131kl\u0131 \u00e7apraz ask\u0131l\u0131 tote \u00e7anta stoklar\u0131m\u0131zdad\u0131r. \u00dcr\u00fcn \u00f6l\u00e7\u00fcleri: boy:30 cm, en:34 cm ,taban geni\u015fli\u011fi:12cm. \u00c7apraz ask\u0131s\u0131 uzunlu\u011fu, en uzun 140 cm, en k\u0131sa 70 cm. El ask\u0131s\u0131n\u0131n y\u00fcksekli\u011fi 27 cm. \u00dcr\u00fcn a\u011f\u0131rl\u0131\u011f\u0131 380 gr&#8217;dir. \u00c7anta 1 b\u00fcy\u00fck\u00a0ana fermuarl\u0131 ve \u00f6n k\u0131sm\u0131nda\u00a01 k\u00fc\u00e7\u00fck fermuarl\u0131 b\u00f6lmeden olu\u015fmaktad\u0131r. Ayr\u0131ca i\u00e7 k\u0131sm\u0131nda telefon, ruj, [&hellip;]\" \/>\n<meta property=\"og:url\" content=\"https:\/\/sanmorrisbags.com\/tr\/product\/code-6008\/\" \/>\n<meta property=\"og:site_name\" content=\"Sanmorris Bags\" \/>\n<meta property=\"article:publisher\" content=\"https:\/\/www.facebook.com\/sanmorrisbags\" \/>\n<meta property=\"og:image\" content=\"https:\/\/sanmorrisbags.com\/wp-content\/uploads\/2025\/05\/113.jpg\" \/>\n\t<meta property=\"og:image:width\" content=\"1200\" \/>\n\t<meta property=\"og:image:height\" content=\"1800\" \/>\n\t<meta property=\"og:image:type\" content=\"image\/jpeg\" \/>\n<meta name=\"twitter:card\" content=\"summary_large_image\" \/>\n<meta name=\"twitter:site\" content=\"@sanmorrisbag\" \/>\n<meta name=\"twitter:label1\" content=\"Durumu\" \/>\n\t<meta name=\"twitter:data1\" content=\"Stokta var\" \/>\n<script type=\"application\/ld+json\" class=\"yoast-schema-graph\">{\"@context\":\"https:\\\/\\\/schema.org\",\"@graph\":[{\"@type\":\"WebPage\",\"@id\":\"https:\\\/\\\/sanmorrisbags.com\\\/tr\\\/product\\\/code-6008\\\/\",\"url\":\"https:\\\/\\\/sanmorrisbags.com\\\/tr\\\/product\\\/code-6008\\\/\",\"name\":\"Code: 6008 - Sanmorris Bags\",\"isPartOf\":{\"@id\":\"https:\\\/\\\/sanmorrisbags.com\\\/tr\\\/#website\"},\"primaryImageOfPage\":{\"@id\":\"https:\\\/\\\/sanmorrisbags.com\\\/tr\\\/product\\\/code-6008\\\/#primaryimage\"},\"image\":{\"@id\":\"https:\\\/\\\/sanmorrisbags.com\\\/tr\\\/product\\\/code-6008\\\/#primaryimage\"},\"thumbnailUrl\":\"https:\\\/\\\/sanmorrisbags.com\\\/wp-content\\\/uploads\\\/2025\\\/05\\\/113.jpg\",\"datePublished\":\"2025-05-07T13:12:50+00:00\",\"breadcrumb\":{\"@id\":\"https:\\\/\\\/sanmorrisbags.com\\\/tr\\\/product\\\/code-6008\\\/#breadcrumb\"},\"inLanguage\":\"tr\",\"potentialAction\":[{\"@type\":\"ReadAction\",\"target\":[\"https:\\\/\\\/sanmorrisbags.com\\\/tr\\\/product\\\/code-6008\\\/\"]}]},{\"@type\":\"ImageObject\",\"inLanguage\":\"tr\",\"@id\":\"https:\\\/\\\/sanmorrisbags.com\\\/tr\\\/product\\\/code-6008\\\/#primaryimage\",\"url\":\"https:\\\/\\\/sanmorrisbags.com\\\/wp-content\\\/uploads\\\/2025\\\/05\\\/113.jpg\",\"contentUrl\":\"https:\\\/\\\/sanmorrisbags.com\\\/wp-content\\\/uploads\\\/2025\\\/05\\\/113.jpg\",\"width\":1200,\"height\":1800},{\"@type\":\"BreadcrumbList\",\"@id\":\"https:\\\/\\\/sanmorrisbags.com\\\/tr\\\/product\\\/code-6008\\\/#breadcrumb\",\"itemListElement\":[{\"@type\":\"ListItem\",\"position\":1,\"name\":\"Home\",\"item\":\"https:\\\/\\\/sanmorrisbags.com\\\/tr\\\/home\\\/\"},{\"@type\":\"ListItem\",\"position\":2,\"name\":\"Shop\",\"item\":\"https:\\\/\\\/sanmorrisbags.com\\\/shop\\\/\"},{\"@type\":\"ListItem\",\"position\":3,\"name\":\"Code: 6008\"}]},{\"@type\":\"WebSite\",\"@id\":\"https:\\\/\\\/sanmorrisbags.com\\\/tr\\\/#website\",\"url\":\"https:\\\/\\\/sanmorrisbags.com\\\/tr\\\/\",\"name\":\"Sanmorris Bags\",\"description\":\"\",\"publisher\":{\"@id\":\"https:\\\/\\\/sanmorrisbags.com\\\/tr\\\/#organization\"},\"potentialAction\":[{\"@type\":\"SearchAction\",\"target\":{\"@type\":\"EntryPoint\",\"urlTemplate\":\"https:\\\/\\\/sanmorrisbags.com\\\/tr\\\/?s={search_term_string}\"},\"query-input\":{\"@type\":\"PropertyValueSpecification\",\"valueRequired\":true,\"valueName\":\"search_term_string\"}}],\"inLanguage\":\"tr\"},{\"@type\":\"Organization\",\"@id\":\"https:\\\/\\\/sanmorrisbags.com\\\/tr\\\/#organization\",\"name\":\"Sanmorris Bags\",\"url\":\"https:\\\/\\\/sanmorrisbags.com\\\/tr\\\/\",\"logo\":{\"@type\":\"ImageObject\",\"inLanguage\":\"tr\",\"@id\":\"https:\\\/\\\/sanmorrisbags.com\\\/tr\\\/#\\\/schema\\\/logo\\\/image\\\/\",\"url\":\"https:\\\/\\\/sanmorrisbags.com\\\/wp-content\\\/uploads\\\/2023\\\/02\\\/Logo-new.png\",\"contentUrl\":\"https:\\\/\\\/sanmorrisbags.com\\\/wp-content\\\/uploads\\\/2023\\\/02\\\/Logo-new.png\",\"width\":1000,\"height\":1000,\"caption\":\"Sanmorris Bags\"},\"image\":{\"@id\":\"https:\\\/\\\/sanmorrisbags.com\\\/tr\\\/#\\\/schema\\\/logo\\\/image\\\/\"},\"sameAs\":[\"https:\\\/\\\/www.facebook.com\\\/sanmorrisbags\",\"https:\\\/\\\/x.com\\\/sanmorrisbag\",\"https:\\\/\\\/www.instagram.com\\\/sanmorrisbag\\\/\"]}]}<\/script>\n<meta property=\"og:availability\" content=\"instock\" \/>\n<meta property=\"product:availability\" content=\"instock\" \/>\n<meta property=\"product:condition\" content=\"new\" \/>\n<!-- \/ Yoast SEO Premium plugin. -->","yoast_head_json":{"title":"Code: 6008 - Sanmorris Bags","robots":{"index":"index","follow":"follow","max-snippet":"max-snippet:-1","max-image-preview":"max-image-preview:large","max-video-preview":"max-video-preview:-1"},"canonical":"https:\/\/sanmorrisbags.com\/tr\/product\/code-6008\/","og_locale":"tr_TR","og_type":"article","og_title":"Code: 6008","og_description":"Sanmorris kad\u0131n para\u015f\u00fct kuma\u015f suya dayan\u0131kl\u0131 \u00e7apraz ask\u0131l\u0131 tote \u00e7anta stoklar\u0131m\u0131zdad\u0131r. \u00dcr\u00fcn \u00f6l\u00e7\u00fcleri: boy:30 cm, en:34 cm ,taban geni\u015fli\u011fi:12cm. \u00c7apraz ask\u0131s\u0131 uzunlu\u011fu, en uzun 140 cm, en k\u0131sa 70 cm. El ask\u0131s\u0131n\u0131n y\u00fcksekli\u011fi 27 cm. \u00dcr\u00fcn a\u011f\u0131rl\u0131\u011f\u0131 380 gr&#8217;dir. \u00c7anta 1 b\u00fcy\u00fck\u00a0ana fermuarl\u0131 ve \u00f6n k\u0131sm\u0131nda\u00a01 k\u00fc\u00e7\u00fck fermuarl\u0131 b\u00f6lmeden olu\u015fmaktad\u0131r. Ayr\u0131ca i\u00e7 k\u0131sm\u0131nda telefon, ruj, [&hellip;]","og_url":"https:\/\/sanmorrisbags.com\/tr\/product\/code-6008\/","og_site_name":"Sanmorris Bags","article_publisher":"https:\/\/www.facebook.com\/sanmorrisbags","og_image":[{"width":1200,"height":1800,"url":"https:\/\/sanmorrisbags.com\/wp-content\/uploads\/2025\/05\/113.jpg","type":"image\/jpeg"}],"twitter_card":"summary_large_image","twitter_site":"@sanmorrisbag","twitter_misc":{"Durumu":"Stokta var"},"schema":{"@context":"https:\/\/schema.org","@graph":[{"@type":"WebPage","@id":"https:\/\/sanmorrisbags.com\/tr\/product\/code-6008\/","url":"https:\/\/sanmorrisbags.com\/tr\/product\/code-6008\/","name":"Code: 6008 - Sanmorris Bags","isPartOf":{"@id":"https:\/\/sanmorrisbags.com\/tr\/#website"},"primaryImageOfPage":{"@id":"https:\/\/sanmorrisbags.com\/tr\/product\/code-6008\/#primaryimage"},"image":{"@id":"https:\/\/sanmorrisbags.com\/tr\/product\/code-6008\/#primaryimage"},"thumbnailUrl":"https:\/\/sanmorrisbags.com\/wp-content\/uploads\/2025\/05\/113.jpg","datePublished":"2025-05-07T13:12:50+00:00","breadcrumb":{"@id":"https:\/\/sanmorrisbags.com\/tr\/product\/code-6008\/#breadcrumb"},"inLanguage":"tr","potentialAction":[{"@type":"ReadAction","target":["https:\/\/sanmorrisbags.com\/tr\/product\/code-6008\/"]}]},{"@type":"ImageObject","inLanguage":"tr","@id":"https:\/\/sanmorrisbags.com\/tr\/product\/code-6008\/#primaryimage","url":"https:\/\/sanmorrisbags.com\/wp-content\/uploads\/2025\/05\/113.jpg","contentUrl":"https:\/\/sanmorrisbags.com\/wp-content\/uploads\/2025\/05\/113.jpg","width":1200,"height":1800},{"@type":"BreadcrumbList","@id":"https:\/\/sanmorrisbags.com\/tr\/product\/code-6008\/#breadcrumb","itemListElement":[{"@type":"ListItem","position":1,"name":"Home","item":"https:\/\/sanmorrisbags.com\/tr\/home\/"},{"@type":"ListItem","position":2,"name":"Shop","item":"https:\/\/sanmorrisbags.com\/shop\/"},{"@type":"ListItem","position":3,"name":"Code: 6008"}]},{"@type":"WebSite","@id":"https:\/\/sanmorrisbags.com\/tr\/#website","url":"https:\/\/sanmorrisbags.com\/tr\/","name":"Sanmorris Bags","description":"","publisher":{"@id":"https:\/\/sanmorrisbags.com\/tr\/#organization"},"potentialAction":[{"@type":"SearchAction","target":{"@type":"EntryPoint","urlTemplate":"https:\/\/sanmorrisbags.com\/tr\/?s={search_term_string}"},"query-input":{"@type":"PropertyValueSpecification","valueRequired":true,"valueName":"search_term_string"}}],"inLanguage":"tr"},{"@type":"Organization","@id":"https:\/\/sanmorrisbags.com\/tr\/#organization","name":"Sanmorris Bags","url":"https:\/\/sanmorrisbags.com\/tr\/","logo":{"@type":"ImageObject","inLanguage":"tr","@id":"https:\/\/sanmorrisbags.com\/tr\/#\/schema\/logo\/image\/","url":"https:\/\/sanmorrisbags.com\/wp-content\/uploads\/2023\/02\/Logo-new.png","contentUrl":"https:\/\/sanmorrisbags.com\/wp-content\/uploads\/2023\/02\/Logo-new.png","width":1000,"height":1000,"caption":"Sanmorris Bags"},"image":{"@id":"https:\/\/sanmorrisbags.com\/tr\/#\/schema\/logo\/image\/"},"sameAs":["https:\/\/www.facebook.com\/sanmorrisbags","https:\/\/x.com\/sanmorrisbag","https:\/\/www.instagram.com\/sanmorrisbag\/"]}]},"og_availability":"instock","product_availability":"instock","product_condition":"new"},"_links":{"self":[{"href":"https:\/\/sanmorrisbags.com\/tr\/wp-json\/wp\/v2\/product\/23646","targetHints":{"allow":["GET"]}}],"collection":[{"href":"https:\/\/sanmorrisbags.com\/tr\/wp-json\/wp\/v2\/product"}],"about":[{"href":"https:\/\/sanmorrisbags.com\/tr\/wp-json\/wp\/v2\/types\/product"}],"replies":[{"embeddable":true,"href":"https:\/\/sanmorrisbags.com\/tr\/wp-json\/wp\/v2\/comments?post=23646"}],"wp:featuredmedia":[{"embeddable":true,"href":"https:\/\/sanmorrisbags.com\/tr\/wp-json\/wp\/v2\/media\/23647"}],"wp:attachment":[{"href":"https:\/\/sanmorrisbags.com\/tr\/wp-json\/wp\/v2\/media?parent=23646"}],"wp:term":[{"taxonomy":"product_brand","embeddable":true,"href":"https:\/\/sanmorrisbags.com\/tr\/wp-json\/wp\/v2\/product_brand?post=23646"},{"taxonomy":"product_cat","embeddable":true,"href":"https:\/\/sanmorrisbags.com\/tr\/wp-json\/wp\/v2\/product_cat?post=23646"},{"taxonomy":"product_tag","embeddable":true,"href":"https:\/\/sanmorrisbags.com\/tr\/wp-json\/wp\/v2\/product_tag?post=23646"}],"curies":[{"name":"wp","href":"https:\/\/api.w.org\/{rel}","templated":true}]}}