{"id":23711,"date":"2025-05-17T06:01:32","date_gmt":"2025-05-17T06:01:32","guid":{"rendered":"https:\/\/sanmorrisbags.com\/?post_type=product&#038;p=23711"},"modified":"2025-05-17T06:01:32","modified_gmt":"2025-05-17T06:01:32","slug":"parasut-kumas-sirt-cantasi-6009","status":"publish","type":"product","link":"https:\/\/sanmorrisbags.com\/tr\/product\/parasut-kumas-sirt-cantasi-6009\/","title":{"rendered":"Code: 6009"},"content":{"rendered":"<ul class=\"detail-desc-list two-columns\">\n<li>Sanmorris marka suya dayan\u0131kl\u0131 para\u015f\u00fct kuma\u015f s\u0131rt \u00e7antas\u0131 modeli stoklar\u0131m\u0131zdad\u0131r.<\/li>\n<li>\u00dcr\u00fcn \u00f6l\u00e7\u00fcleri: boy:30 cm, en:24 cm ,taban geni\u015fli\u011fi:9 cm.<\/li>\n<li>4 adet fermuarl\u0131 b\u00f6lmesi mevcuttur.<\/li>\n<li>\u00dcr\u00fcn a\u011f\u0131rl\u0131\u011f\u0131 360 gr&#8217;dir.<\/li>\n<li>Ayr\u0131ca i\u00e7 k\u0131sm\u0131nda telefon, ruj, parf\u00fcm, kartl\u0131k gibi k\u00fc\u00e7\u00fck, her zaman eri\u015fmek istedi\u011finiz e\u015fyalar\u0131n\u0131z i\u00e7in 2 a\u00e7\u0131k 1 fermuarl\u0131 ayr\u0131 b\u00f6lmesi mevcuttur.<\/li>\n<li>Nanoteknoloji ile \u00fcretilen bu \u00fcr\u00fcnsu ge\u00e7irmez, leke tutmaz, antibakteriyel, kokusuz, terletmeyen ve \u0131s\u0131y\u0131 dengeleme gibi bir\u00e7ok \u00f6zelli\u011fe sahiptir.<\/li>\n<li>Yan k\u0131s\u0131mlar\u0131nda 0.5 L su \u015fi\u015fesi boyutuna uygun a\u00e7\u0131k cepler mevcuttur.<\/li>\n<li>Diki\u015fleri okul \u00e7antas\u0131 olarak da kullan\u0131m a\u00e7\u0131s\u0131ndan y\u00fcksek sa\u011flaml\u0131ktad\u0131r<\/li>\n<li>S\u0131rt ask\u0131lar\u0131 diledi\u011finiz boyda ayarlanabilmektedir.<\/li>\n<li>\u0130\u00e7 b\u00f6lmeleri tamam\u0131yla astar kapl\u0131d\u0131r<\/li>\n<li>Laptop b\u00f6lmesi, bilgisayar\u0131n\u0131z\u0131n hasar g\u00f6rebilece\u011fi durumlar\u0131 azaltmak amac\u0131yla g\u00fc\u00e7l\u00fc bir \u015fekilde desteklenmi\u015ftir.<\/li>\n<li>Ayr\u0131ca elde rahatl\u0131kla ta\u015f\u0131yabilece\u011finiz el ask\u0131s\u0131 bulunmaktad\u0131r.<\/li>\n<li>para\u015f\u00fct kuma\u015f s\u0131rt \u00e7antas\u0131 Su ge\u00e7irmez \u00f6zelli\u011fi sayesinde ya\u011fmurlu havalarda bile e\u015fyalar\u0131n\u0131z g\u00fcvende.<\/li>\n<li>Tekstil materyali sayesinde hafif ve konforlu bir ta\u015f\u0131ma deneyimi ya\u015fat\u0131r.<\/li>\n<li>Temizli\u011fini nemli bez ile yapabilirsiniz.<\/li>\n<li>Y\u0131kama talimatlar\u0131na uygun bak\u0131m ile \u00e7antan\u0131z\u0131n ilk g\u00fcnk\u00fc gibi kalmas\u0131na yard\u0131mc\u0131 olur.<\/li>\n<\/ul>\n","protected":false},"excerpt":{"rendered":"<p>Sanmorris marka suya dayan\u0131kl\u0131 para\u015f\u00fct kuma\u015f s\u0131rt \u00e7antas\u0131 modeli stoklar\u0131m\u0131zdad\u0131r. \u00dcr\u00fcn \u00f6l\u00e7\u00fcleri: boy:30 cm, en:24 cm ,taban geni\u015fli\u011fi:9 cm. 4 adet fermuarl\u0131 b\u00f6lmesi mevcuttur. \u00dcr\u00fcn a\u011f\u0131rl\u0131\u011f\u0131 360 gr&#8217;dir. Ayr\u0131ca i\u00e7 k\u0131sm\u0131nda telefon, ruj, parf\u00fcm, kartl\u0131k gibi k\u00fc\u00e7\u00fck, her zaman eri\u015fmek istedi\u011finiz e\u015fyalar\u0131n\u0131z i\u00e7in 2 a\u00e7\u0131k 1 fermuarl\u0131 ayr\u0131 b\u00f6lmesi mevcuttur. Nanoteknoloji ile \u00fcretilen bu \u00fcr\u00fcnsu [&hellip;]<\/p>\n","protected":false},"featured_media":23712,"comment_status":"closed","ping_status":"closed","template":"","meta":[],"product_brand":[],"product_cat":[35],"product_tag":[],"class_list":{"0":"post-23711","1":"product","2":"type-product","3":"status-publish","4":"has-post-thumbnail","6":"product_cat-backpack","7":"pa_color-beige","8":"pa_color-black","9":"pa_color-d-gray","10":"pa_color-khaki","11":"pa_color-sand","13":"first","14":"instock","15":"shipping-taxable","16":"purchasable","17":"product-type-variable","18":"wvs-archive-product-wrapper"},"yoast_head":"<!-- This site is optimized with the Yoast SEO Premium plugin v25.4 (Yoast SEO v27.4) - https:\/\/yoast.com\/product\/yoast-seo-premium-wordpress\/ -->\n<title>para\u015f\u00fct kuma\u015f s\u0131rt \u00e7antas\u0131 - Sanmorris Bags<\/title>\n<meta name=\"description\" content=\"para\u015f\u00fct kuma\u015f s\u0131rt \u00e7antas\u0131. Nanoteknoloji ile \u00fcretilen bu \u00fcr\u00fcnsu ge\u00e7irmez, leke tutmaz, antibakteriyel, kokusuz, terletmeyen ve \u0131s\u0131y\u0131 dengeleme\" \/>\n<meta name=\"robots\" content=\"index, follow, max-snippet:-1, max-image-preview:large, max-video-preview:-1\" \/>\n<link rel=\"canonical\" href=\"https:\/\/sanmorrisbags.com\/tr\/product\/parasut-kumas-sirt-cantasi-6009\/\" \/>\n<meta property=\"og:locale\" content=\"tr_TR\" \/>\n<meta property=\"og:type\" content=\"article\" \/>\n<meta property=\"og:title\" content=\"Code: 6009\" \/>\n<meta property=\"og:description\" content=\"para\u015f\u00fct kuma\u015f s\u0131rt \u00e7antas\u0131. Nanoteknoloji ile \u00fcretilen bu \u00fcr\u00fcnsu ge\u00e7irmez, leke tutmaz, antibakteriyel, kokusuz, terletmeyen ve \u0131s\u0131y\u0131 dengeleme\" \/>\n<meta property=\"og:url\" content=\"https:\/\/sanmorrisbags.com\/tr\/product\/parasut-kumas-sirt-cantasi-6009\/\" \/>\n<meta property=\"og:site_name\" content=\"Sanmorris Bags\" \/>\n<meta property=\"article:publisher\" content=\"https:\/\/www.facebook.com\/sanmorrisbags\" \/>\n<meta property=\"og:image\" content=\"https:\/\/sanmorrisbags.com\/wp-content\/uploads\/2025\/05\/71.jpg\" \/>\n\t<meta property=\"og:image:width\" content=\"1200\" \/>\n\t<meta property=\"og:image:height\" content=\"1800\" \/>\n\t<meta property=\"og:image:type\" content=\"image\/jpeg\" \/>\n<meta name=\"twitter:card\" content=\"summary_large_image\" \/>\n<meta name=\"twitter:site\" content=\"@sanmorrisbag\" \/>\n<meta name=\"twitter:label1\" content=\"Durumu\" \/>\n\t<meta name=\"twitter:data1\" content=\"Stokta var\" \/>\n<script type=\"application\/ld+json\" class=\"yoast-schema-graph\">{\"@context\":\"https:\\\/\\\/schema.org\",\"@graph\":[{\"@type\":\"WebPage\",\"@id\":\"https:\\\/\\\/sanmorrisbags.com\\\/tr\\\/product\\\/parasut-kumas-sirt-cantasi-6009\\\/\",\"url\":\"https:\\\/\\\/sanmorrisbags.com\\\/tr\\\/product\\\/parasut-kumas-sirt-cantasi-6009\\\/\",\"name\":\"para\u015f\u00fct kuma\u015f s\u0131rt \u00e7antas\u0131 - Sanmorris Bags\",\"isPartOf\":{\"@id\":\"https:\\\/\\\/sanmorrisbags.com\\\/tr\\\/#website\"},\"primaryImageOfPage\":{\"@id\":\"https:\\\/\\\/sanmorrisbags.com\\\/tr\\\/product\\\/parasut-kumas-sirt-cantasi-6009\\\/#primaryimage\"},\"image\":{\"@id\":\"https:\\\/\\\/sanmorrisbags.com\\\/tr\\\/product\\\/parasut-kumas-sirt-cantasi-6009\\\/#primaryimage\"},\"thumbnailUrl\":\"https:\\\/\\\/sanmorrisbags.com\\\/wp-content\\\/uploads\\\/2025\\\/05\\\/71.jpg\",\"datePublished\":\"2025-05-17T06:01:32+00:00\",\"description\":\"para\u015f\u00fct kuma\u015f s\u0131rt \u00e7antas\u0131. Nanoteknoloji ile \u00fcretilen bu \u00fcr\u00fcnsu ge\u00e7irmez, leke tutmaz, antibakteriyel, kokusuz, terletmeyen ve \u0131s\u0131y\u0131 dengeleme\",\"breadcrumb\":{\"@id\":\"https:\\\/\\\/sanmorrisbags.com\\\/tr\\\/product\\\/parasut-kumas-sirt-cantasi-6009\\\/#breadcrumb\"},\"inLanguage\":\"tr\",\"potentialAction\":[{\"@type\":\"ReadAction\",\"target\":[\"https:\\\/\\\/sanmorrisbags.com\\\/tr\\\/product\\\/parasut-kumas-sirt-cantasi-6009\\\/\"]}]},{\"@type\":\"ImageObject\",\"inLanguage\":\"tr\",\"@id\":\"https:\\\/\\\/sanmorrisbags.com\\\/tr\\\/product\\\/parasut-kumas-sirt-cantasi-6009\\\/#primaryimage\",\"url\":\"https:\\\/\\\/sanmorrisbags.com\\\/wp-content\\\/uploads\\\/2025\\\/05\\\/71.jpg\",\"contentUrl\":\"https:\\\/\\\/sanmorrisbags.com\\\/wp-content\\\/uploads\\\/2025\\\/05\\\/71.jpg\",\"width\":1200,\"height\":1800,\"caption\":\"Suya Dayan\u0131kl\u0131 Para\u015f\u00fct Kuma\u015f 4 G\u00f6zl\u00fc Laptop B\u00f6lmeli Vizon Seyahat I\u015f Okul S\u0131rt \u00c7antas\u0131\"},{\"@type\":\"BreadcrumbList\",\"@id\":\"https:\\\/\\\/sanmorrisbags.com\\\/tr\\\/product\\\/parasut-kumas-sirt-cantasi-6009\\\/#breadcrumb\",\"itemListElement\":[{\"@type\":\"ListItem\",\"position\":1,\"name\":\"Home\",\"item\":\"https:\\\/\\\/sanmorrisbags.com\\\/tr\\\/home\\\/\"},{\"@type\":\"ListItem\",\"position\":2,\"name\":\"Shop\",\"item\":\"https:\\\/\\\/sanmorrisbags.com\\\/shop\\\/\"},{\"@type\":\"ListItem\",\"position\":3,\"name\":\"Code: 6009\"}]},{\"@type\":\"WebSite\",\"@id\":\"https:\\\/\\\/sanmorrisbags.com\\\/tr\\\/#website\",\"url\":\"https:\\\/\\\/sanmorrisbags.com\\\/tr\\\/\",\"name\":\"Sanmorris Bags\",\"description\":\"\",\"publisher\":{\"@id\":\"https:\\\/\\\/sanmorrisbags.com\\\/tr\\\/#organization\"},\"potentialAction\":[{\"@type\":\"SearchAction\",\"target\":{\"@type\":\"EntryPoint\",\"urlTemplate\":\"https:\\\/\\\/sanmorrisbags.com\\\/tr\\\/?s={search_term_string}\"},\"query-input\":{\"@type\":\"PropertyValueSpecification\",\"valueRequired\":true,\"valueName\":\"search_term_string\"}}],\"inLanguage\":\"tr\"},{\"@type\":\"Organization\",\"@id\":\"https:\\\/\\\/sanmorrisbags.com\\\/tr\\\/#organization\",\"name\":\"Sanmorris Bags\",\"url\":\"https:\\\/\\\/sanmorrisbags.com\\\/tr\\\/\",\"logo\":{\"@type\":\"ImageObject\",\"inLanguage\":\"tr\",\"@id\":\"https:\\\/\\\/sanmorrisbags.com\\\/tr\\\/#\\\/schema\\\/logo\\\/image\\\/\",\"url\":\"https:\\\/\\\/sanmorrisbags.com\\\/wp-content\\\/uploads\\\/2023\\\/02\\\/Logo-new.png\",\"contentUrl\":\"https:\\\/\\\/sanmorrisbags.com\\\/wp-content\\\/uploads\\\/2023\\\/02\\\/Logo-new.png\",\"width\":1000,\"height\":1000,\"caption\":\"Sanmorris Bags\"},\"image\":{\"@id\":\"https:\\\/\\\/sanmorrisbags.com\\\/tr\\\/#\\\/schema\\\/logo\\\/image\\\/\"},\"sameAs\":[\"https:\\\/\\\/www.facebook.com\\\/sanmorrisbags\",\"https:\\\/\\\/x.com\\\/sanmorrisbag\",\"https:\\\/\\\/www.instagram.com\\\/sanmorrisbag\\\/\"]}]}<\/script>\n<meta property=\"og:availability\" content=\"instock\" \/>\n<meta property=\"product:availability\" content=\"instock\" \/>\n<meta property=\"product:condition\" content=\"new\" \/>\n<!-- \/ Yoast SEO Premium plugin. -->","yoast_head_json":{"title":"para\u015f\u00fct kuma\u015f s\u0131rt \u00e7antas\u0131 - Sanmorris Bags","description":"para\u015f\u00fct kuma\u015f s\u0131rt \u00e7antas\u0131. Nanoteknoloji ile \u00fcretilen bu \u00fcr\u00fcnsu ge\u00e7irmez, leke tutmaz, antibakteriyel, kokusuz, terletmeyen ve \u0131s\u0131y\u0131 dengeleme","robots":{"index":"index","follow":"follow","max-snippet":"max-snippet:-1","max-image-preview":"max-image-preview:large","max-video-preview":"max-video-preview:-1"},"canonical":"https:\/\/sanmorrisbags.com\/tr\/product\/parasut-kumas-sirt-cantasi-6009\/","og_locale":"tr_TR","og_type":"article","og_title":"Code: 6009","og_description":"para\u015f\u00fct kuma\u015f s\u0131rt \u00e7antas\u0131. Nanoteknoloji ile \u00fcretilen bu \u00fcr\u00fcnsu ge\u00e7irmez, leke tutmaz, antibakteriyel, kokusuz, terletmeyen ve \u0131s\u0131y\u0131 dengeleme","og_url":"https:\/\/sanmorrisbags.com\/tr\/product\/parasut-kumas-sirt-cantasi-6009\/","og_site_name":"Sanmorris Bags","article_publisher":"https:\/\/www.facebook.com\/sanmorrisbags","og_image":[{"width":1200,"height":1800,"url":"https:\/\/sanmorrisbags.com\/wp-content\/uploads\/2025\/05\/71.jpg","type":"image\/jpeg"}],"twitter_card":"summary_large_image","twitter_site":"@sanmorrisbag","twitter_misc":{"Durumu":"Stokta var"},"schema":{"@context":"https:\/\/schema.org","@graph":[{"@type":"WebPage","@id":"https:\/\/sanmorrisbags.com\/tr\/product\/parasut-kumas-sirt-cantasi-6009\/","url":"https:\/\/sanmorrisbags.com\/tr\/product\/parasut-kumas-sirt-cantasi-6009\/","name":"para\u015f\u00fct kuma\u015f s\u0131rt \u00e7antas\u0131 - Sanmorris Bags","isPartOf":{"@id":"https:\/\/sanmorrisbags.com\/tr\/#website"},"primaryImageOfPage":{"@id":"https:\/\/sanmorrisbags.com\/tr\/product\/parasut-kumas-sirt-cantasi-6009\/#primaryimage"},"image":{"@id":"https:\/\/sanmorrisbags.com\/tr\/product\/parasut-kumas-sirt-cantasi-6009\/#primaryimage"},"thumbnailUrl":"https:\/\/sanmorrisbags.com\/wp-content\/uploads\/2025\/05\/71.jpg","datePublished":"2025-05-17T06:01:32+00:00","description":"para\u015f\u00fct kuma\u015f s\u0131rt \u00e7antas\u0131. Nanoteknoloji ile \u00fcretilen bu \u00fcr\u00fcnsu ge\u00e7irmez, leke tutmaz, antibakteriyel, kokusuz, terletmeyen ve \u0131s\u0131y\u0131 dengeleme","breadcrumb":{"@id":"https:\/\/sanmorrisbags.com\/tr\/product\/parasut-kumas-sirt-cantasi-6009\/#breadcrumb"},"inLanguage":"tr","potentialAction":[{"@type":"ReadAction","target":["https:\/\/sanmorrisbags.com\/tr\/product\/parasut-kumas-sirt-cantasi-6009\/"]}]},{"@type":"ImageObject","inLanguage":"tr","@id":"https:\/\/sanmorrisbags.com\/tr\/product\/parasut-kumas-sirt-cantasi-6009\/#primaryimage","url":"https:\/\/sanmorrisbags.com\/wp-content\/uploads\/2025\/05\/71.jpg","contentUrl":"https:\/\/sanmorrisbags.com\/wp-content\/uploads\/2025\/05\/71.jpg","width":1200,"height":1800,"caption":"Suya Dayan\u0131kl\u0131 Para\u015f\u00fct Kuma\u015f 4 G\u00f6zl\u00fc Laptop B\u00f6lmeli Vizon Seyahat I\u015f Okul S\u0131rt \u00c7antas\u0131"},{"@type":"BreadcrumbList","@id":"https:\/\/sanmorrisbags.com\/tr\/product\/parasut-kumas-sirt-cantasi-6009\/#breadcrumb","itemListElement":[{"@type":"ListItem","position":1,"name":"Home","item":"https:\/\/sanmorrisbags.com\/tr\/home\/"},{"@type":"ListItem","position":2,"name":"Shop","item":"https:\/\/sanmorrisbags.com\/shop\/"},{"@type":"ListItem","position":3,"name":"Code: 6009"}]},{"@type":"WebSite","@id":"https:\/\/sanmorrisbags.com\/tr\/#website","url":"https:\/\/sanmorrisbags.com\/tr\/","name":"Sanmorris Bags","description":"","publisher":{"@id":"https:\/\/sanmorrisbags.com\/tr\/#organization"},"potentialAction":[{"@type":"SearchAction","target":{"@type":"EntryPoint","urlTemplate":"https:\/\/sanmorrisbags.com\/tr\/?s={search_term_string}"},"query-input":{"@type":"PropertyValueSpecification","valueRequired":true,"valueName":"search_term_string"}}],"inLanguage":"tr"},{"@type":"Organization","@id":"https:\/\/sanmorrisbags.com\/tr\/#organization","name":"Sanmorris Bags","url":"https:\/\/sanmorrisbags.com\/tr\/","logo":{"@type":"ImageObject","inLanguage":"tr","@id":"https:\/\/sanmorrisbags.com\/tr\/#\/schema\/logo\/image\/","url":"https:\/\/sanmorrisbags.com\/wp-content\/uploads\/2023\/02\/Logo-new.png","contentUrl":"https:\/\/sanmorrisbags.com\/wp-content\/uploads\/2023\/02\/Logo-new.png","width":1000,"height":1000,"caption":"Sanmorris Bags"},"image":{"@id":"https:\/\/sanmorrisbags.com\/tr\/#\/schema\/logo\/image\/"},"sameAs":["https:\/\/www.facebook.com\/sanmorrisbags","https:\/\/x.com\/sanmorrisbag","https:\/\/www.instagram.com\/sanmorrisbag\/"]}]},"og_availability":"instock","product_availability":"instock","product_condition":"new"},"_links":{"self":[{"href":"https:\/\/sanmorrisbags.com\/tr\/wp-json\/wp\/v2\/product\/23711","targetHints":{"allow":["GET"]}}],"collection":[{"href":"https:\/\/sanmorrisbags.com\/tr\/wp-json\/wp\/v2\/product"}],"about":[{"href":"https:\/\/sanmorrisbags.com\/tr\/wp-json\/wp\/v2\/types\/product"}],"replies":[{"embeddable":true,"href":"https:\/\/sanmorrisbags.com\/tr\/wp-json\/wp\/v2\/comments?post=23711"}],"wp:featuredmedia":[{"embeddable":true,"href":"https:\/\/sanmorrisbags.com\/tr\/wp-json\/wp\/v2\/media\/23712"}],"wp:attachment":[{"href":"https:\/\/sanmorrisbags.com\/tr\/wp-json\/wp\/v2\/media?parent=23711"}],"wp:term":[{"taxonomy":"product_brand","embeddable":true,"href":"https:\/\/sanmorrisbags.com\/tr\/wp-json\/wp\/v2\/product_brand?post=23711"},{"taxonomy":"product_cat","embeddable":true,"href":"https:\/\/sanmorrisbags.com\/tr\/wp-json\/wp\/v2\/product_cat?post=23711"},{"taxonomy":"product_tag","embeddable":true,"href":"https:\/\/sanmorrisbags.com\/tr\/wp-json\/wp\/v2\/product_tag?post=23711"}],"curies":[{"name":"wp","href":"https:\/\/api.w.org\/{rel}","templated":true}]}}