{"id":23750,"date":"2025-05-21T05:57:53","date_gmt":"2025-05-21T05:57:53","guid":{"rendered":"https:\/\/sanmorrisbags.com\/?post_type=product&#038;p=23750"},"modified":"2025-05-21T06:00:27","modified_gmt":"2025-05-21T06:00:27","slug":"code-6010","status":"publish","type":"product","link":"https:\/\/sanmorrisbags.com\/tr\/product\/code-6010\/","title":{"rendered":"Code: 6010"},"content":{"rendered":"<ul class=\"detail-desc-list two-columns\">\n<li>Sanmorris kad\u0131n para\u015f\u00fct kuma\u015f 3 g\u00f6zl\u00fc suya dayan\u0131kl\u0131 \u00e7apraz ask\u0131l\u0131 \u00e7anta stoklar\u0131m\u0131zdad\u0131r.<\/li>\n<li>\u00dcr\u00fcn \u00f6l\u00e7\u00fcleri: boy:13 cm, en:20 cm ,taban geni\u015fli\u011fi:7 cm.<\/li>\n<li>\u00c7apraz ask\u0131s\u0131 uzunlu\u011fu, en uzun 140 cm, en k\u0131sa 70 cm.<\/li>\n<li>\u00dcr\u00fcn a\u011f\u0131rl\u0131\u011f\u0131 180 gr&#8217;dir.<\/li>\n<li>\u00c7anta 1 b\u00fcy\u00fck ana fermuarl\u0131 b\u00f6l\u00fcmden olu\u015fmaktad\u0131r.<\/li>\n<li>\u00c7antan\u0131n \u00f6n k\u0131sm\u0131nda 1 adet, arka k\u0131sm\u0131nda 1 adet fermuarl\u0131 cep bulunarak kullan\u0131m kolayl\u0131\u011f\u0131 sa\u011flamaktad\u0131r.<\/li>\n<li>Ayr\u0131ca ana b\u00f6l\u00fcm i\u00e7erisinde telefon, ruj, parf\u00fcm, kartl\u0131k gibi k\u00fc\u00e7\u00fck, her zaman eri\u015fmek istedi\u011finiz e\u015fyalar\u0131n\u0131z i\u00e7in 1 a\u00e7\u0131k 1 fermuarl\u0131 ayr\u0131 b\u00f6lmesi mevcuttur.<\/li>\n<li>Y\u00fcksek kalite kuma\u015f, astar ve aksesuar kullan\u0131larak \u00fcretilmi\u015ftir.<\/li>\n<li>\u00c7antan\u0131n \u00e7apraz ask\u0131s\u0131 uzay\u0131p k\u0131salarak ayarlanabilen boyutta \u00fcretilmi\u015ftir.<\/li>\n<li>Her mevsim kullanabilece\u011finiz d\u00fcz deseniyle \u015f\u0131kl\u0131\u011f\u0131n\u0131z\u0131 korurken fonksiyonellikten \u00f6d\u00fcn vermezsiniz.<\/li>\n<li>Nanoteknoloji ile \u00fcretilen bu \u00fcr\u00fcnsu ge\u00e7irmez, leke tutmaz, antibakteriyel, kokusuz, terletmeyen ve \u0131s\u0131y\u0131 dengeleme gibi bir\u00e7ok \u00f6zelli\u011fe sahiptir.<\/li>\n<li>Farkl\u0131 ihtiya\u00e7lara uyum sa\u011flayacak \u015fekilde tasarlanm\u0131\u015ft\u0131r.<\/li>\n<li>Su ge\u00e7irmez \u00f6zelli\u011fi sayesinde ya\u011fmurlu havalarda bile e\u015fyalar\u0131n\u0131z g\u00fcvende.<\/li>\n<li>Spor giyiminizi de tamamlar.<\/li>\n<li>Tekstil materyali sayesinde hafif ve konforlu bir ta\u015f\u0131ma deneyimi ya\u015fat\u0131r.<\/li>\n<li>Temizli\u011fini nemli bez ile yapabilirsiniz.<\/li>\n<li>Y\u0131kama talimatlar\u0131na uygun bak\u0131m ile \u00e7antan\u0131z\u0131n ilk g\u00fcnk\u00fc gibi kalmas\u0131na yard\u0131mc\u0131 olur.<\/li>\n<\/ul>\n","protected":false},"excerpt":{"rendered":"<p>Sanmorris kad\u0131n para\u015f\u00fct kuma\u015f 3 g\u00f6zl\u00fc suya dayan\u0131kl\u0131 \u00e7apraz ask\u0131l\u0131 \u00e7anta stoklar\u0131m\u0131zdad\u0131r. \u00dcr\u00fcn \u00f6l\u00e7\u00fcleri: boy:13 cm, en:20 cm ,taban geni\u015fli\u011fi:7 cm. \u00c7apraz ask\u0131s\u0131 uzunlu\u011fu, en uzun 140 cm, en k\u0131sa 70 cm. \u00dcr\u00fcn a\u011f\u0131rl\u0131\u011f\u0131 180 gr&#8217;dir. \u00c7anta 1 b\u00fcy\u00fck ana fermuarl\u0131 b\u00f6l\u00fcmden olu\u015fmaktad\u0131r. \u00c7antan\u0131n \u00f6n k\u0131sm\u0131nda 1 adet, arka k\u0131sm\u0131nda 1 adet fermuarl\u0131 cep bulunarak [&hellip;]<\/p>\n","protected":false},"featured_media":23751,"comment_status":"closed","ping_status":"closed","template":"","meta":[],"product_brand":[],"product_cat":[37],"product_tag":[],"class_list":{"0":"post-23750","1":"product","2":"type-product","3":"status-publish","4":"has-post-thumbnail","6":"product_cat-crossbody-bags","7":"pa_color-black","8":"pa_color-blue","9":"pa_color-l-gray","10":"pa_color-red","11":"pa_color-sand","13":"first","14":"instock","15":"shipping-taxable","16":"purchasable","17":"product-type-variable","18":"wvs-archive-product-wrapper"},"yoast_head":"<!-- This site is optimized with the Yoast SEO Premium plugin v25.4 (Yoast SEO v27.4) - https:\/\/yoast.com\/product\/yoast-seo-premium-wordpress\/ -->\n<title>Code: 6010 - Sanmorris Bags<\/title>\n<meta name=\"robots\" content=\"index, follow, max-snippet:-1, max-image-preview:large, max-video-preview:-1\" \/>\n<link rel=\"canonical\" href=\"https:\/\/sanmorrisbags.com\/tr\/product\/code-6010\/\" \/>\n<meta property=\"og:locale\" content=\"tr_TR\" \/>\n<meta property=\"og:type\" content=\"article\" \/>\n<meta property=\"og:title\" content=\"Code: 6010\" \/>\n<meta property=\"og:description\" content=\"Sanmorris kad\u0131n para\u015f\u00fct kuma\u015f 3 g\u00f6zl\u00fc suya dayan\u0131kl\u0131 \u00e7apraz ask\u0131l\u0131 \u00e7anta stoklar\u0131m\u0131zdad\u0131r. \u00dcr\u00fcn \u00f6l\u00e7\u00fcleri: boy:13 cm, en:20 cm ,taban geni\u015fli\u011fi:7 cm. \u00c7apraz ask\u0131s\u0131 uzunlu\u011fu, en uzun 140 cm, en k\u0131sa 70 cm. \u00dcr\u00fcn a\u011f\u0131rl\u0131\u011f\u0131 180 gr&#8217;dir. \u00c7anta 1 b\u00fcy\u00fck ana fermuarl\u0131 b\u00f6l\u00fcmden olu\u015fmaktad\u0131r. \u00c7antan\u0131n \u00f6n k\u0131sm\u0131nda 1 adet, arka k\u0131sm\u0131nda 1 adet fermuarl\u0131 cep bulunarak [&hellip;]\" \/>\n<meta property=\"og:url\" content=\"https:\/\/sanmorrisbags.com\/tr\/product\/code-6010\/\" \/>\n<meta property=\"og:site_name\" content=\"Sanmorris Bags\" \/>\n<meta property=\"article:publisher\" content=\"https:\/\/www.facebook.com\/sanmorrisbags\" \/>\n<meta property=\"article:modified_time\" content=\"2025-05-21T06:00:27+00:00\" \/>\n<meta property=\"og:image\" content=\"https:\/\/sanmorrisbags.com\/wp-content\/uploads\/2025\/05\/9.jpg\" \/>\n\t<meta property=\"og:image:width\" content=\"1200\" \/>\n\t<meta property=\"og:image:height\" content=\"1800\" \/>\n\t<meta property=\"og:image:type\" content=\"image\/jpeg\" \/>\n<meta name=\"twitter:card\" content=\"summary_large_image\" \/>\n<meta name=\"twitter:site\" content=\"@sanmorrisbag\" \/>\n<meta name=\"twitter:label1\" content=\"Durumu\" \/>\n\t<meta name=\"twitter:data1\" content=\"Stokta var\" \/>\n<script type=\"application\/ld+json\" class=\"yoast-schema-graph\">{\"@context\":\"https:\\\/\\\/schema.org\",\"@graph\":[{\"@type\":\"WebPage\",\"@id\":\"https:\\\/\\\/sanmorrisbags.com\\\/tr\\\/product\\\/code-6010\\\/\",\"url\":\"https:\\\/\\\/sanmorrisbags.com\\\/tr\\\/product\\\/code-6010\\\/\",\"name\":\"Code: 6010 - Sanmorris Bags\",\"isPartOf\":{\"@id\":\"https:\\\/\\\/sanmorrisbags.com\\\/tr\\\/#website\"},\"primaryImageOfPage\":{\"@id\":\"https:\\\/\\\/sanmorrisbags.com\\\/tr\\\/product\\\/code-6010\\\/#primaryimage\"},\"image\":{\"@id\":\"https:\\\/\\\/sanmorrisbags.com\\\/tr\\\/product\\\/code-6010\\\/#primaryimage\"},\"thumbnailUrl\":\"https:\\\/\\\/sanmorrisbags.com\\\/wp-content\\\/uploads\\\/2025\\\/05\\\/9.jpg\",\"datePublished\":\"2025-05-21T05:57:53+00:00\",\"dateModified\":\"2025-05-21T06:00:27+00:00\",\"breadcrumb\":{\"@id\":\"https:\\\/\\\/sanmorrisbags.com\\\/tr\\\/product\\\/code-6010\\\/#breadcrumb\"},\"inLanguage\":\"tr\",\"potentialAction\":[{\"@type\":\"ReadAction\",\"target\":[\"https:\\\/\\\/sanmorrisbags.com\\\/tr\\\/product\\\/code-6010\\\/\"]}]},{\"@type\":\"ImageObject\",\"inLanguage\":\"tr\",\"@id\":\"https:\\\/\\\/sanmorrisbags.com\\\/tr\\\/product\\\/code-6010\\\/#primaryimage\",\"url\":\"https:\\\/\\\/sanmorrisbags.com\\\/wp-content\\\/uploads\\\/2025\\\/05\\\/9.jpg\",\"contentUrl\":\"https:\\\/\\\/sanmorrisbags.com\\\/wp-content\\\/uploads\\\/2025\\\/05\\\/9.jpg\",\"width\":1200,\"height\":1800,\"caption\":\"Sanmorris kad\u0131n para\u015f\u00fct kuma\u015f 3 g\u00f6zl\u00fc suya dayan\u0131kl\u0131 \u00e7apraz ask\u0131l\u0131 \u00e7anta kum rengi\"},{\"@type\":\"BreadcrumbList\",\"@id\":\"https:\\\/\\\/sanmorrisbags.com\\\/tr\\\/product\\\/code-6010\\\/#breadcrumb\",\"itemListElement\":[{\"@type\":\"ListItem\",\"position\":1,\"name\":\"Home\",\"item\":\"https:\\\/\\\/sanmorrisbags.com\\\/tr\\\/home\\\/\"},{\"@type\":\"ListItem\",\"position\":2,\"name\":\"Shop\",\"item\":\"https:\\\/\\\/sanmorrisbags.com\\\/shop\\\/\"},{\"@type\":\"ListItem\",\"position\":3,\"name\":\"Code: 6010\"}]},{\"@type\":\"WebSite\",\"@id\":\"https:\\\/\\\/sanmorrisbags.com\\\/tr\\\/#website\",\"url\":\"https:\\\/\\\/sanmorrisbags.com\\\/tr\\\/\",\"name\":\"Sanmorris Bags\",\"description\":\"\",\"publisher\":{\"@id\":\"https:\\\/\\\/sanmorrisbags.com\\\/tr\\\/#organization\"},\"potentialAction\":[{\"@type\":\"SearchAction\",\"target\":{\"@type\":\"EntryPoint\",\"urlTemplate\":\"https:\\\/\\\/sanmorrisbags.com\\\/tr\\\/?s={search_term_string}\"},\"query-input\":{\"@type\":\"PropertyValueSpecification\",\"valueRequired\":true,\"valueName\":\"search_term_string\"}}],\"inLanguage\":\"tr\"},{\"@type\":\"Organization\",\"@id\":\"https:\\\/\\\/sanmorrisbags.com\\\/tr\\\/#organization\",\"name\":\"Sanmorris Bags\",\"url\":\"https:\\\/\\\/sanmorrisbags.com\\\/tr\\\/\",\"logo\":{\"@type\":\"ImageObject\",\"inLanguage\":\"tr\",\"@id\":\"https:\\\/\\\/sanmorrisbags.com\\\/tr\\\/#\\\/schema\\\/logo\\\/image\\\/\",\"url\":\"https:\\\/\\\/sanmorrisbags.com\\\/wp-content\\\/uploads\\\/2023\\\/02\\\/Logo-new.png\",\"contentUrl\":\"https:\\\/\\\/sanmorrisbags.com\\\/wp-content\\\/uploads\\\/2023\\\/02\\\/Logo-new.png\",\"width\":1000,\"height\":1000,\"caption\":\"Sanmorris Bags\"},\"image\":{\"@id\":\"https:\\\/\\\/sanmorrisbags.com\\\/tr\\\/#\\\/schema\\\/logo\\\/image\\\/\"},\"sameAs\":[\"https:\\\/\\\/www.facebook.com\\\/sanmorrisbags\",\"https:\\\/\\\/x.com\\\/sanmorrisbag\",\"https:\\\/\\\/www.instagram.com\\\/sanmorrisbag\\\/\"]}]}<\/script>\n<meta property=\"og:availability\" content=\"instock\" \/>\n<meta property=\"product:availability\" content=\"instock\" \/>\n<meta property=\"product:condition\" content=\"new\" \/>\n<!-- \/ Yoast SEO Premium plugin. -->","yoast_head_json":{"title":"Code: 6010 - Sanmorris Bags","robots":{"index":"index","follow":"follow","max-snippet":"max-snippet:-1","max-image-preview":"max-image-preview:large","max-video-preview":"max-video-preview:-1"},"canonical":"https:\/\/sanmorrisbags.com\/tr\/product\/code-6010\/","og_locale":"tr_TR","og_type":"article","og_title":"Code: 6010","og_description":"Sanmorris kad\u0131n para\u015f\u00fct kuma\u015f 3 g\u00f6zl\u00fc suya dayan\u0131kl\u0131 \u00e7apraz ask\u0131l\u0131 \u00e7anta stoklar\u0131m\u0131zdad\u0131r. \u00dcr\u00fcn \u00f6l\u00e7\u00fcleri: boy:13 cm, en:20 cm ,taban geni\u015fli\u011fi:7 cm. \u00c7apraz ask\u0131s\u0131 uzunlu\u011fu, en uzun 140 cm, en k\u0131sa 70 cm. \u00dcr\u00fcn a\u011f\u0131rl\u0131\u011f\u0131 180 gr&#8217;dir. \u00c7anta 1 b\u00fcy\u00fck ana fermuarl\u0131 b\u00f6l\u00fcmden olu\u015fmaktad\u0131r. \u00c7antan\u0131n \u00f6n k\u0131sm\u0131nda 1 adet, arka k\u0131sm\u0131nda 1 adet fermuarl\u0131 cep bulunarak [&hellip;]","og_url":"https:\/\/sanmorrisbags.com\/tr\/product\/code-6010\/","og_site_name":"Sanmorris Bags","article_publisher":"https:\/\/www.facebook.com\/sanmorrisbags","article_modified_time":"2025-05-21T06:00:27+00:00","og_image":[{"width":1200,"height":1800,"url":"https:\/\/sanmorrisbags.com\/wp-content\/uploads\/2025\/05\/9.jpg","type":"image\/jpeg"}],"twitter_card":"summary_large_image","twitter_site":"@sanmorrisbag","twitter_misc":{"Durumu":"Stokta var"},"schema":{"@context":"https:\/\/schema.org","@graph":[{"@type":"WebPage","@id":"https:\/\/sanmorrisbags.com\/tr\/product\/code-6010\/","url":"https:\/\/sanmorrisbags.com\/tr\/product\/code-6010\/","name":"Code: 6010 - Sanmorris Bags","isPartOf":{"@id":"https:\/\/sanmorrisbags.com\/tr\/#website"},"primaryImageOfPage":{"@id":"https:\/\/sanmorrisbags.com\/tr\/product\/code-6010\/#primaryimage"},"image":{"@id":"https:\/\/sanmorrisbags.com\/tr\/product\/code-6010\/#primaryimage"},"thumbnailUrl":"https:\/\/sanmorrisbags.com\/wp-content\/uploads\/2025\/05\/9.jpg","datePublished":"2025-05-21T05:57:53+00:00","dateModified":"2025-05-21T06:00:27+00:00","breadcrumb":{"@id":"https:\/\/sanmorrisbags.com\/tr\/product\/code-6010\/#breadcrumb"},"inLanguage":"tr","potentialAction":[{"@type":"ReadAction","target":["https:\/\/sanmorrisbags.com\/tr\/product\/code-6010\/"]}]},{"@type":"ImageObject","inLanguage":"tr","@id":"https:\/\/sanmorrisbags.com\/tr\/product\/code-6010\/#primaryimage","url":"https:\/\/sanmorrisbags.com\/wp-content\/uploads\/2025\/05\/9.jpg","contentUrl":"https:\/\/sanmorrisbags.com\/wp-content\/uploads\/2025\/05\/9.jpg","width":1200,"height":1800,"caption":"Sanmorris kad\u0131n para\u015f\u00fct kuma\u015f 3 g\u00f6zl\u00fc suya dayan\u0131kl\u0131 \u00e7apraz ask\u0131l\u0131 \u00e7anta kum rengi"},{"@type":"BreadcrumbList","@id":"https:\/\/sanmorrisbags.com\/tr\/product\/code-6010\/#breadcrumb","itemListElement":[{"@type":"ListItem","position":1,"name":"Home","item":"https:\/\/sanmorrisbags.com\/tr\/home\/"},{"@type":"ListItem","position":2,"name":"Shop","item":"https:\/\/sanmorrisbags.com\/shop\/"},{"@type":"ListItem","position":3,"name":"Code: 6010"}]},{"@type":"WebSite","@id":"https:\/\/sanmorrisbags.com\/tr\/#website","url":"https:\/\/sanmorrisbags.com\/tr\/","name":"Sanmorris Bags","description":"","publisher":{"@id":"https:\/\/sanmorrisbags.com\/tr\/#organization"},"potentialAction":[{"@type":"SearchAction","target":{"@type":"EntryPoint","urlTemplate":"https:\/\/sanmorrisbags.com\/tr\/?s={search_term_string}"},"query-input":{"@type":"PropertyValueSpecification","valueRequired":true,"valueName":"search_term_string"}}],"inLanguage":"tr"},{"@type":"Organization","@id":"https:\/\/sanmorrisbags.com\/tr\/#organization","name":"Sanmorris Bags","url":"https:\/\/sanmorrisbags.com\/tr\/","logo":{"@type":"ImageObject","inLanguage":"tr","@id":"https:\/\/sanmorrisbags.com\/tr\/#\/schema\/logo\/image\/","url":"https:\/\/sanmorrisbags.com\/wp-content\/uploads\/2023\/02\/Logo-new.png","contentUrl":"https:\/\/sanmorrisbags.com\/wp-content\/uploads\/2023\/02\/Logo-new.png","width":1000,"height":1000,"caption":"Sanmorris Bags"},"image":{"@id":"https:\/\/sanmorrisbags.com\/tr\/#\/schema\/logo\/image\/"},"sameAs":["https:\/\/www.facebook.com\/sanmorrisbags","https:\/\/x.com\/sanmorrisbag","https:\/\/www.instagram.com\/sanmorrisbag\/"]}]},"og_availability":"instock","product_availability":"instock","product_condition":"new"},"_links":{"self":[{"href":"https:\/\/sanmorrisbags.com\/tr\/wp-json\/wp\/v2\/product\/23750","targetHints":{"allow":["GET"]}}],"collection":[{"href":"https:\/\/sanmorrisbags.com\/tr\/wp-json\/wp\/v2\/product"}],"about":[{"href":"https:\/\/sanmorrisbags.com\/tr\/wp-json\/wp\/v2\/types\/product"}],"replies":[{"embeddable":true,"href":"https:\/\/sanmorrisbags.com\/tr\/wp-json\/wp\/v2\/comments?post=23750"}],"wp:featuredmedia":[{"embeddable":true,"href":"https:\/\/sanmorrisbags.com\/tr\/wp-json\/wp\/v2\/media\/23751"}],"wp:attachment":[{"href":"https:\/\/sanmorrisbags.com\/tr\/wp-json\/wp\/v2\/media?parent=23750"}],"wp:term":[{"taxonomy":"product_brand","embeddable":true,"href":"https:\/\/sanmorrisbags.com\/tr\/wp-json\/wp\/v2\/product_brand?post=23750"},{"taxonomy":"product_cat","embeddable":true,"href":"https:\/\/sanmorrisbags.com\/tr\/wp-json\/wp\/v2\/product_cat?post=23750"},{"taxonomy":"product_tag","embeddable":true,"href":"https:\/\/sanmorrisbags.com\/tr\/wp-json\/wp\/v2\/product_tag?post=23750"}],"curies":[{"name":"wp","href":"https:\/\/api.w.org\/{rel}","templated":true}]}}