{"id":23969,"date":"2025-06-19T14:16:32","date_gmt":"2025-06-19T14:16:32","guid":{"rendered":"https:\/\/sanmorrisbags.com\/?post_type=product&#038;p=23969"},"modified":"2025-07-08T07:36:46","modified_gmt":"2025-07-08T07:36:46","slug":"su-gecirmez-cok-gozlu-canta-code-4010","status":"publish","type":"product","link":"https:\/\/sanmorrisbags.com\/tr\/product\/su-gecirmez-cok-gozlu-canta-code-4010\/","title":{"rendered":"Code: 4010"},"content":{"rendered":"<p>Su ge\u00e7irmez para\u015f\u00fct kuma\u015f\u0131, ayarlanabilir \u00e7apraz ask\u0131s\u0131 ve geni\u015f i\u00e7 hacmiyle her ihtiyaca uygun \u00e7ok g\u00f6zl\u00fc \u00e7anta. T\u00fcrkiye&#8217;de \u00fcretilen \u00e7evre dostu \u00e7anta<\/p>\n","protected":false},"excerpt":{"rendered":"<p>Su ge\u00e7irmez para\u015f\u00fct kuma\u015f\u0131, ayarlanabilir \u00e7apraz ask\u0131s\u0131 ve geni\u015f i\u00e7 hacmiyle her ihtiyaca uygun \u00e7ok g\u00f6zl\u00fc \u00e7anta. T\u00fcrkiye&#8217;de \u00fcretilen \u00e7evre dostu \u00e7anta<\/p>\n","protected":false},"featured_media":23970,"comment_status":"closed","ping_status":"closed","template":"","meta":[],"product_brand":[],"product_cat":[37],"product_tag":[],"class_list":{"0":"post-23969","1":"product","2":"type-product","3":"status-publish","4":"has-post-thumbnail","6":"product_cat-crossbody-bags","7":"pa_color-black","8":"pa_color-blue","9":"pa_color-khaki","10":"pa_color-purple","12":"first","13":"instock","14":"shipping-taxable","15":"purchasable","16":"product-type-variable","17":"wvs-archive-product-wrapper"},"yoast_head":"<!-- This site is optimized with the Yoast SEO Premium plugin v25.4 (Yoast SEO v27.4) - https:\/\/yoast.com\/product\/yoast-seo-premium-wordpress\/ -->\n<title>Su ge\u00e7irmez \u00e7anta - Sanmorris Bags<\/title>\n<meta name=\"description\" content=\"Su ge\u00e7irmez para\u015f\u00fct kuma\u015f\u0131, ayarlanabilir \u00e7apraz ask\u0131s\u0131 ve geni\u015f i\u00e7 hacmiyle her ihtiyaca uygun \u00e7ok g\u00f6zl\u00fc \u00e7anta. istanbul toptan \u00e7anta\" \/>\n<meta name=\"robots\" content=\"index, follow, max-snippet:-1, max-image-preview:large, max-video-preview:-1\" \/>\n<link rel=\"canonical\" href=\"https:\/\/sanmorrisbags.com\/tr\/product\/su-gecirmez-cok-gozlu-canta-code-4010\/\" \/>\n<meta property=\"og:locale\" content=\"tr_TR\" \/>\n<meta property=\"og:type\" content=\"article\" \/>\n<meta property=\"og:title\" content=\"Code: 4010\" \/>\n<meta property=\"og:description\" content=\"Su ge\u00e7irmez para\u015f\u00fct kuma\u015f\u0131, ayarlanabilir \u00e7apraz ask\u0131s\u0131 ve geni\u015f i\u00e7 hacmiyle her ihtiyaca uygun \u00e7ok g\u00f6zl\u00fc \u00e7anta. istanbul toptan \u00e7anta\" \/>\n<meta property=\"og:url\" content=\"https:\/\/sanmorrisbags.com\/tr\/product\/su-gecirmez-cok-gozlu-canta-code-4010\/\" \/>\n<meta property=\"og:site_name\" content=\"Sanmorris Bags\" \/>\n<meta property=\"article:publisher\" content=\"https:\/\/www.facebook.com\/sanmorrisbags\" \/>\n<meta property=\"article:modified_time\" content=\"2025-07-08T07:36:46+00:00\" \/>\n<meta property=\"og:image\" content=\"https:\/\/sanmorrisbags.com\/wp-content\/uploads\/2025\/06\/8-1.jpg\" \/>\n\t<meta property=\"og:image:width\" content=\"1200\" \/>\n\t<meta property=\"og:image:height\" content=\"1800\" \/>\n\t<meta property=\"og:image:type\" content=\"image\/jpeg\" \/>\n<meta name=\"twitter:card\" content=\"summary_large_image\" \/>\n<meta name=\"twitter:site\" content=\"@sanmorrisbag\" \/>\n<meta name=\"twitter:label1\" content=\"Durumu\" \/>\n\t<meta name=\"twitter:data1\" content=\"Stokta var\" \/>\n<script type=\"application\/ld+json\" class=\"yoast-schema-graph\">{\"@context\":\"https:\\\/\\\/schema.org\",\"@graph\":[{\"@type\":\"WebPage\",\"@id\":\"https:\\\/\\\/sanmorrisbags.com\\\/tr\\\/product\\\/su-gecirmez-cok-gozlu-canta-code-4010\\\/\",\"url\":\"https:\\\/\\\/sanmorrisbags.com\\\/tr\\\/product\\\/su-gecirmez-cok-gozlu-canta-code-4010\\\/\",\"name\":\"Su ge\u00e7irmez \u00e7anta - Sanmorris Bags\",\"isPartOf\":{\"@id\":\"https:\\\/\\\/sanmorrisbags.com\\\/tr\\\/#website\"},\"primaryImageOfPage\":{\"@id\":\"https:\\\/\\\/sanmorrisbags.com\\\/tr\\\/product\\\/su-gecirmez-cok-gozlu-canta-code-4010\\\/#primaryimage\"},\"image\":{\"@id\":\"https:\\\/\\\/sanmorrisbags.com\\\/tr\\\/product\\\/su-gecirmez-cok-gozlu-canta-code-4010\\\/#primaryimage\"},\"thumbnailUrl\":\"https:\\\/\\\/sanmorrisbags.com\\\/wp-content\\\/uploads\\\/2025\\\/06\\\/8-1.jpg\",\"datePublished\":\"2025-06-19T14:16:32+00:00\",\"dateModified\":\"2025-07-08T07:36:46+00:00\",\"description\":\"Su ge\u00e7irmez para\u015f\u00fct kuma\u015f\u0131, ayarlanabilir \u00e7apraz ask\u0131s\u0131 ve geni\u015f i\u00e7 hacmiyle her ihtiyaca uygun \u00e7ok g\u00f6zl\u00fc \u00e7anta. istanbul toptan \u00e7anta\",\"breadcrumb\":{\"@id\":\"https:\\\/\\\/sanmorrisbags.com\\\/tr\\\/product\\\/su-gecirmez-cok-gozlu-canta-code-4010\\\/#breadcrumb\"},\"inLanguage\":\"tr\",\"potentialAction\":[{\"@type\":\"ReadAction\",\"target\":[\"https:\\\/\\\/sanmorrisbags.com\\\/tr\\\/product\\\/su-gecirmez-cok-gozlu-canta-code-4010\\\/\"]}]},{\"@type\":\"ImageObject\",\"inLanguage\":\"tr\",\"@id\":\"https:\\\/\\\/sanmorrisbags.com\\\/tr\\\/product\\\/su-gecirmez-cok-gozlu-canta-code-4010\\\/#primaryimage\",\"url\":\"https:\\\/\\\/sanmorrisbags.com\\\/wp-content\\\/uploads\\\/2025\\\/06\\\/8-1.jpg\",\"contentUrl\":\"https:\\\/\\\/sanmorrisbags.com\\\/wp-content\\\/uploads\\\/2025\\\/06\\\/8-1.jpg\",\"width\":1200,\"height\":1800,\"caption\":\"Su ge\u00e7irmez para\u015f\u00fct kuma\u015f\u0131yla \u00fcretilmi\u015f, ayarlanabilir \u00e7apraz ask\u0131l\u0131, sade ve zamans\u0131z bir tasar\u0131ma sahip \u00e7ok y\u00f6nl\u00fc \u00e7anta. S\u00fcrd\u00fcr\u00fclebilir malzemelerden \u00fcretilmi\u015ftir ve geni\u015f i\u00e7 hacmiyle g\u00fcnl\u00fck ihtiya\u00e7lar\u0131n\u0131z\u0131 kar\u015f\u0131lar. T\u00fcrkiye'de \u00fcretilmi\u015f olup her k\u0131yafetle uyum sa\u011flar, gen\u00e7 ve dinamik kullan\u0131c\u0131lar i\u00e7in idealdir. istanbul toptan \u00e7anta\"},{\"@type\":\"BreadcrumbList\",\"@id\":\"https:\\\/\\\/sanmorrisbags.com\\\/tr\\\/product\\\/su-gecirmez-cok-gozlu-canta-code-4010\\\/#breadcrumb\",\"itemListElement\":[{\"@type\":\"ListItem\",\"position\":1,\"name\":\"Home\",\"item\":\"https:\\\/\\\/sanmorrisbags.com\\\/tr\\\/home\\\/\"},{\"@type\":\"ListItem\",\"position\":2,\"name\":\"Shop\",\"item\":\"https:\\\/\\\/sanmorrisbags.com\\\/shop\\\/\"},{\"@type\":\"ListItem\",\"position\":3,\"name\":\"Code: 4010\"}]},{\"@type\":\"WebSite\",\"@id\":\"https:\\\/\\\/sanmorrisbags.com\\\/tr\\\/#website\",\"url\":\"https:\\\/\\\/sanmorrisbags.com\\\/tr\\\/\",\"name\":\"Sanmorris Bags\",\"description\":\"\",\"publisher\":{\"@id\":\"https:\\\/\\\/sanmorrisbags.com\\\/tr\\\/#organization\"},\"potentialAction\":[{\"@type\":\"SearchAction\",\"target\":{\"@type\":\"EntryPoint\",\"urlTemplate\":\"https:\\\/\\\/sanmorrisbags.com\\\/tr\\\/?s={search_term_string}\"},\"query-input\":{\"@type\":\"PropertyValueSpecification\",\"valueRequired\":true,\"valueName\":\"search_term_string\"}}],\"inLanguage\":\"tr\"},{\"@type\":\"Organization\",\"@id\":\"https:\\\/\\\/sanmorrisbags.com\\\/tr\\\/#organization\",\"name\":\"Sanmorris Bags\",\"url\":\"https:\\\/\\\/sanmorrisbags.com\\\/tr\\\/\",\"logo\":{\"@type\":\"ImageObject\",\"inLanguage\":\"tr\",\"@id\":\"https:\\\/\\\/sanmorrisbags.com\\\/tr\\\/#\\\/schema\\\/logo\\\/image\\\/\",\"url\":\"https:\\\/\\\/sanmorrisbags.com\\\/wp-content\\\/uploads\\\/2023\\\/02\\\/Logo-new.png\",\"contentUrl\":\"https:\\\/\\\/sanmorrisbags.com\\\/wp-content\\\/uploads\\\/2023\\\/02\\\/Logo-new.png\",\"width\":1000,\"height\":1000,\"caption\":\"Sanmorris Bags\"},\"image\":{\"@id\":\"https:\\\/\\\/sanmorrisbags.com\\\/tr\\\/#\\\/schema\\\/logo\\\/image\\\/\"},\"sameAs\":[\"https:\\\/\\\/www.facebook.com\\\/sanmorrisbags\",\"https:\\\/\\\/x.com\\\/sanmorrisbag\",\"https:\\\/\\\/www.instagram.com\\\/sanmorrisbag\\\/\"]}]}<\/script>\n<meta property=\"og:availability\" content=\"instock\" \/>\n<meta property=\"product:availability\" content=\"instock\" \/>\n<meta property=\"product:retailer_item_id\" content=\"S-4010\" \/>\n<meta property=\"product:condition\" content=\"new\" \/>\n<!-- \/ Yoast SEO Premium plugin. -->","yoast_head_json":{"title":"Su ge\u00e7irmez \u00e7anta - Sanmorris Bags","description":"Su ge\u00e7irmez para\u015f\u00fct kuma\u015f\u0131, ayarlanabilir \u00e7apraz ask\u0131s\u0131 ve geni\u015f i\u00e7 hacmiyle her ihtiyaca uygun \u00e7ok g\u00f6zl\u00fc \u00e7anta. istanbul toptan \u00e7anta","robots":{"index":"index","follow":"follow","max-snippet":"max-snippet:-1","max-image-preview":"max-image-preview:large","max-video-preview":"max-video-preview:-1"},"canonical":"https:\/\/sanmorrisbags.com\/tr\/product\/su-gecirmez-cok-gozlu-canta-code-4010\/","og_locale":"tr_TR","og_type":"article","og_title":"Code: 4010","og_description":"Su ge\u00e7irmez para\u015f\u00fct kuma\u015f\u0131, ayarlanabilir \u00e7apraz ask\u0131s\u0131 ve geni\u015f i\u00e7 hacmiyle her ihtiyaca uygun \u00e7ok g\u00f6zl\u00fc \u00e7anta. istanbul toptan \u00e7anta","og_url":"https:\/\/sanmorrisbags.com\/tr\/product\/su-gecirmez-cok-gozlu-canta-code-4010\/","og_site_name":"Sanmorris Bags","article_publisher":"https:\/\/www.facebook.com\/sanmorrisbags","article_modified_time":"2025-07-08T07:36:46+00:00","og_image":[{"width":1200,"height":1800,"url":"https:\/\/sanmorrisbags.com\/wp-content\/uploads\/2025\/06\/8-1.jpg","type":"image\/jpeg"}],"twitter_card":"summary_large_image","twitter_site":"@sanmorrisbag","twitter_misc":{"Durumu":"Stokta var"},"schema":{"@context":"https:\/\/schema.org","@graph":[{"@type":"WebPage","@id":"https:\/\/sanmorrisbags.com\/tr\/product\/su-gecirmez-cok-gozlu-canta-code-4010\/","url":"https:\/\/sanmorrisbags.com\/tr\/product\/su-gecirmez-cok-gozlu-canta-code-4010\/","name":"Su ge\u00e7irmez \u00e7anta - Sanmorris Bags","isPartOf":{"@id":"https:\/\/sanmorrisbags.com\/tr\/#website"},"primaryImageOfPage":{"@id":"https:\/\/sanmorrisbags.com\/tr\/product\/su-gecirmez-cok-gozlu-canta-code-4010\/#primaryimage"},"image":{"@id":"https:\/\/sanmorrisbags.com\/tr\/product\/su-gecirmez-cok-gozlu-canta-code-4010\/#primaryimage"},"thumbnailUrl":"https:\/\/sanmorrisbags.com\/wp-content\/uploads\/2025\/06\/8-1.jpg","datePublished":"2025-06-19T14:16:32+00:00","dateModified":"2025-07-08T07:36:46+00:00","description":"Su ge\u00e7irmez para\u015f\u00fct kuma\u015f\u0131, ayarlanabilir \u00e7apraz ask\u0131s\u0131 ve geni\u015f i\u00e7 hacmiyle her ihtiyaca uygun \u00e7ok g\u00f6zl\u00fc \u00e7anta. istanbul toptan \u00e7anta","breadcrumb":{"@id":"https:\/\/sanmorrisbags.com\/tr\/product\/su-gecirmez-cok-gozlu-canta-code-4010\/#breadcrumb"},"inLanguage":"tr","potentialAction":[{"@type":"ReadAction","target":["https:\/\/sanmorrisbags.com\/tr\/product\/su-gecirmez-cok-gozlu-canta-code-4010\/"]}]},{"@type":"ImageObject","inLanguage":"tr","@id":"https:\/\/sanmorrisbags.com\/tr\/product\/su-gecirmez-cok-gozlu-canta-code-4010\/#primaryimage","url":"https:\/\/sanmorrisbags.com\/wp-content\/uploads\/2025\/06\/8-1.jpg","contentUrl":"https:\/\/sanmorrisbags.com\/wp-content\/uploads\/2025\/06\/8-1.jpg","width":1200,"height":1800,"caption":"Su ge\u00e7irmez para\u015f\u00fct kuma\u015f\u0131yla \u00fcretilmi\u015f, ayarlanabilir \u00e7apraz ask\u0131l\u0131, sade ve zamans\u0131z bir tasar\u0131ma sahip \u00e7ok y\u00f6nl\u00fc \u00e7anta. S\u00fcrd\u00fcr\u00fclebilir malzemelerden \u00fcretilmi\u015ftir ve geni\u015f i\u00e7 hacmiyle g\u00fcnl\u00fck ihtiya\u00e7lar\u0131n\u0131z\u0131 kar\u015f\u0131lar. T\u00fcrkiye'de \u00fcretilmi\u015f olup her k\u0131yafetle uyum sa\u011flar, gen\u00e7 ve dinamik kullan\u0131c\u0131lar i\u00e7in idealdir. istanbul toptan \u00e7anta"},{"@type":"BreadcrumbList","@id":"https:\/\/sanmorrisbags.com\/tr\/product\/su-gecirmez-cok-gozlu-canta-code-4010\/#breadcrumb","itemListElement":[{"@type":"ListItem","position":1,"name":"Home","item":"https:\/\/sanmorrisbags.com\/tr\/home\/"},{"@type":"ListItem","position":2,"name":"Shop","item":"https:\/\/sanmorrisbags.com\/shop\/"},{"@type":"ListItem","position":3,"name":"Code: 4010"}]},{"@type":"WebSite","@id":"https:\/\/sanmorrisbags.com\/tr\/#website","url":"https:\/\/sanmorrisbags.com\/tr\/","name":"Sanmorris Bags","description":"","publisher":{"@id":"https:\/\/sanmorrisbags.com\/tr\/#organization"},"potentialAction":[{"@type":"SearchAction","target":{"@type":"EntryPoint","urlTemplate":"https:\/\/sanmorrisbags.com\/tr\/?s={search_term_string}"},"query-input":{"@type":"PropertyValueSpecification","valueRequired":true,"valueName":"search_term_string"}}],"inLanguage":"tr"},{"@type":"Organization","@id":"https:\/\/sanmorrisbags.com\/tr\/#organization","name":"Sanmorris Bags","url":"https:\/\/sanmorrisbags.com\/tr\/","logo":{"@type":"ImageObject","inLanguage":"tr","@id":"https:\/\/sanmorrisbags.com\/tr\/#\/schema\/logo\/image\/","url":"https:\/\/sanmorrisbags.com\/wp-content\/uploads\/2023\/02\/Logo-new.png","contentUrl":"https:\/\/sanmorrisbags.com\/wp-content\/uploads\/2023\/02\/Logo-new.png","width":1000,"height":1000,"caption":"Sanmorris Bags"},"image":{"@id":"https:\/\/sanmorrisbags.com\/tr\/#\/schema\/logo\/image\/"},"sameAs":["https:\/\/www.facebook.com\/sanmorrisbags","https:\/\/x.com\/sanmorrisbag","https:\/\/www.instagram.com\/sanmorrisbag\/"]}]},"og_availability":"instock","product_availability":"instock","product_retailer_item_id":"S-4010","product_condition":"new"},"_links":{"self":[{"href":"https:\/\/sanmorrisbags.com\/tr\/wp-json\/wp\/v2\/product\/23969","targetHints":{"allow":["GET"]}}],"collection":[{"href":"https:\/\/sanmorrisbags.com\/tr\/wp-json\/wp\/v2\/product"}],"about":[{"href":"https:\/\/sanmorrisbags.com\/tr\/wp-json\/wp\/v2\/types\/product"}],"replies":[{"embeddable":true,"href":"https:\/\/sanmorrisbags.com\/tr\/wp-json\/wp\/v2\/comments?post=23969"}],"wp:featuredmedia":[{"embeddable":true,"href":"https:\/\/sanmorrisbags.com\/tr\/wp-json\/wp\/v2\/media\/23970"}],"wp:attachment":[{"href":"https:\/\/sanmorrisbags.com\/tr\/wp-json\/wp\/v2\/media?parent=23969"}],"wp:term":[{"taxonomy":"product_brand","embeddable":true,"href":"https:\/\/sanmorrisbags.com\/tr\/wp-json\/wp\/v2\/product_brand?post=23969"},{"taxonomy":"product_cat","embeddable":true,"href":"https:\/\/sanmorrisbags.com\/tr\/wp-json\/wp\/v2\/product_cat?post=23969"},{"taxonomy":"product_tag","embeddable":true,"href":"https:\/\/sanmorrisbags.com\/tr\/wp-json\/wp\/v2\/product_tag?post=23969"}],"curies":[{"name":"wp","href":"https:\/\/api.w.org\/{rel}","templated":true}]}}