{"id":24168,"date":"2025-06-16T09:33:31","date_gmt":"2025-06-16T09:33:31","guid":{"rendered":"https:\/\/sanmorrisbags.com\/product\/kod-1432\/"},"modified":"2025-06-16T09:33:31","modified_gmt":"2025-06-16T09:33:31","slug":"kod-1432","status":"publish","type":"product","link":"https:\/\/sanmorrisbags.com\/tr\/product\/kod-1432\/","title":{"rendered":"Kod: 1432"},"content":{"rendered":"<div>Sanmorris markal\u0131 ayarlanbilir \u00e7apraz ask\u0131l\u0131 \u00e7ok g\u00f6zl\u00fc el ve omuz \u00e7anta<\/div>\n<div>\u00dcr\u00fcn \u00f6l\u00e7\u00fcleri en:47 cm, boy: 30cm, taban geni\u015fli\u011fi:11 cm<\/div>\n<div>\u00dcr\u00fcn a\u011f\u0131rl\u0131\u011f\u0131 725 gr.<\/div>\n<div>Modelimizde toplam 4 b\u00f6lme mevcuttur.<\/div>\n<div>\u0130\u00e7 k\u0131sm\u0131nda 2 fermuarl\u0131 2 fermuars\u0131z i\u00e7 cep bulunmaktad\u0131r.<\/div>\n<div>Yan taraf\u0131nda bulunan kancalar\u0131 sayesinde \u00fcr\u00fcn istedi\u011finiz geni\u015flikte ayarlanabilmektedir.<\/div>\n<div>Y\u00fcksek kalite aksesuar ve i\u00e7 astar kullan\u0131larak T\u00fcrkiye&#8217;de \u00fcretilmi\u015ftir.<\/div>\n<div>Yumu\u015fak dokulu suni deriden \u00fcretilmi\u015ftir.<\/div>\n<div>\u00c7apraz ask\u0131s\u0131 diledi\u011finiz boyda ayarlanabilmektedir.<br \/>\n\u00c7ok g\u00f6zl\u00fc ve geni\u015f i\u00e7 hacmi sayesinde g\u00fcnl\u00fck hayat\u0131n\u0131z\u0131 kolayla\u015ft\u0131r\u0131rken \u015f\u0131k tasar\u0131m\u0131yla da kombinlerinizin vazge\u00e7ilmezi olacak.<\/div>\n<div>Dilerseniz \u00e7apraz ask\u0131s\u0131 tamamen \u00e7\u0131karak yaln\u0131zca el \u00e7antas\u0131 olarak da kullan\u0131labilmektedir.<\/div>\n<div>Temizli\u011fini nemli bez ile yap\u0131n\u0131z.<\/div>\n","protected":false},"excerpt":{"rendered":"<p>Sanmorris markal\u0131 ayarlanbilir \u00e7apraz ask\u0131l\u0131 \u00e7ok g\u00f6zl\u00fc el ve omuz \u00e7anta \u00dcr\u00fcn \u00f6l\u00e7\u00fcleri en:47 cm, boy: 30cm, taban geni\u015fli\u011fi:11 cm \u00dcr\u00fcn a\u011f\u0131rl\u0131\u011f\u0131 725 gr. Modelimizde toplam 4 b\u00f6lme mevcuttur. \u0130\u00e7 k\u0131sm\u0131nda 2 fermuarl\u0131 2 fermuars\u0131z i\u00e7 cep bulunmaktad\u0131r. Yan taraf\u0131nda bulunan kancalar\u0131 sayesinde \u00fcr\u00fcn istedi\u011finiz geni\u015flikte ayarlanabilmektedir. Y\u00fcksek kalite aksesuar ve i\u00e7 astar kullan\u0131larak T\u00fcrkiye&#8217;de [&hellip;]<\/p>\n","protected":false},"featured_media":23916,"comment_status":"closed","ping_status":"closed","template":"","meta":[],"product_brand":[],"product_cat":[66],"product_tag":[],"class_list":{"0":"post-24168","1":"product","2":"type-product","3":"status-publish","4":"has-post-thumbnail","6":"product_cat-omuz-cantasi","7":"pa_color-kahve-rengi","8":"pa_color-krem","9":"pa_color-kum","10":"pa_color-siyah","11":"pa_color-siyah-taba","12":"pa_color-taba","13":"pa_color-yesil","15":"first","16":"instock","17":"shipping-taxable","18":"purchasable","19":"product-type-variable","20":"wvs-archive-product-wrapper"},"yoast_head":"<!-- This site is optimized with the Yoast SEO Premium plugin v25.4 (Yoast SEO v27.4) - https:\/\/yoast.com\/product\/yoast-seo-premium-wordpress\/ -->\n<title>\u00e7apraz ask\u0131l\u0131 \u00e7ok g\u00f6zl\u00fc el ve omuz \u00e7anta - Sanmorris Bags<\/title>\n<meta name=\"description\" content=\"\u00e7apraz ask\u0131l\u0131 \u00e7ok g\u00f6zl\u00fc el ve omuz \u00e7anta\" \/>\n<meta name=\"robots\" content=\"index, follow, max-snippet:-1, max-image-preview:large, max-video-preview:-1\" \/>\n<link rel=\"canonical\" href=\"https:\/\/sanmorrisbags.com\/tr\/product\/kod-1432\/\" \/>\n<meta property=\"og:locale\" content=\"tr_TR\" \/>\n<meta property=\"og:type\" content=\"article\" \/>\n<meta property=\"og:title\" content=\"Kod: 1432\" \/>\n<meta property=\"og:description\" content=\"\u00e7apraz ask\u0131l\u0131 \u00e7ok g\u00f6zl\u00fc el ve omuz \u00e7anta\" \/>\n<meta property=\"og:url\" content=\"https:\/\/sanmorrisbags.com\/tr\/product\/kod-1432\/\" \/>\n<meta property=\"og:site_name\" content=\"Sanmorris Bags\" \/>\n<meta property=\"article:publisher\" content=\"https:\/\/www.facebook.com\/sanmorrisbags\" \/>\n<meta property=\"og:image\" content=\"https:\/\/sanmorrisbags.com\/wp-content\/uploads\/2025\/06\/33.jpg\" \/>\n\t<meta property=\"og:image:width\" content=\"1200\" \/>\n\t<meta property=\"og:image:height\" content=\"1800\" \/>\n\t<meta property=\"og:image:type\" content=\"image\/jpeg\" \/>\n<meta name=\"twitter:card\" content=\"summary_large_image\" \/>\n<meta name=\"twitter:site\" content=\"@sanmorrisbag\" \/>\n<meta name=\"twitter:label1\" content=\"Durumu\" \/>\n\t<meta name=\"twitter:data1\" content=\"Stokta var\" \/>\n<script type=\"application\/ld+json\" class=\"yoast-schema-graph\">{\"@context\":\"https:\\\/\\\/schema.org\",\"@graph\":[{\"@type\":\"WebPage\",\"@id\":\"https:\\\/\\\/sanmorrisbags.com\\\/tr\\\/product\\\/kod-1432\\\/\",\"url\":\"https:\\\/\\\/sanmorrisbags.com\\\/tr\\\/product\\\/kod-1432\\\/\",\"name\":\"\u00e7apraz ask\u0131l\u0131 \u00e7ok g\u00f6zl\u00fc el ve omuz \u00e7anta - Sanmorris Bags\",\"isPartOf\":{\"@id\":\"https:\\\/\\\/sanmorrisbags.com\\\/tr\\\/#website\"},\"primaryImageOfPage\":{\"@id\":\"https:\\\/\\\/sanmorrisbags.com\\\/tr\\\/product\\\/kod-1432\\\/#primaryimage\"},\"image\":{\"@id\":\"https:\\\/\\\/sanmorrisbags.com\\\/tr\\\/product\\\/kod-1432\\\/#primaryimage\"},\"thumbnailUrl\":\"https:\\\/\\\/sanmorrisbags.com\\\/wp-content\\\/uploads\\\/2025\\\/06\\\/33.jpg\",\"datePublished\":\"2025-06-16T09:33:31+00:00\",\"description\":\"\u00e7apraz ask\u0131l\u0131 \u00e7ok g\u00f6zl\u00fc el ve omuz \u00e7anta\",\"breadcrumb\":{\"@id\":\"https:\\\/\\\/sanmorrisbags.com\\\/tr\\\/product\\\/kod-1432\\\/#breadcrumb\"},\"inLanguage\":\"tr\",\"potentialAction\":[{\"@type\":\"ReadAction\",\"target\":[\"https:\\\/\\\/sanmorrisbags.com\\\/tr\\\/product\\\/kod-1432\\\/\"]}]},{\"@type\":\"ImageObject\",\"inLanguage\":\"tr\",\"@id\":\"https:\\\/\\\/sanmorrisbags.com\\\/tr\\\/product\\\/kod-1432\\\/#primaryimage\",\"url\":\"https:\\\/\\\/sanmorrisbags.com\\\/wp-content\\\/uploads\\\/2025\\\/06\\\/33.jpg\",\"contentUrl\":\"https:\\\/\\\/sanmorrisbags.com\\\/wp-content\\\/uploads\\\/2025\\\/06\\\/33.jpg\",\"width\":1200,\"height\":1800,\"caption\":\"\u00e7apraz ask\u0131l\u0131 \u00e7ok g\u00f6zl\u00fc el ve omuz \u00e7anta\"},{\"@type\":\"BreadcrumbList\",\"@id\":\"https:\\\/\\\/sanmorrisbags.com\\\/tr\\\/product\\\/kod-1432\\\/#breadcrumb\",\"itemListElement\":[{\"@type\":\"ListItem\",\"position\":1,\"name\":\"Home\",\"item\":\"https:\\\/\\\/sanmorrisbags.com\\\/tr\\\/home\\\/\"},{\"@type\":\"ListItem\",\"position\":2,\"name\":\"Shop\",\"item\":\"https:\\\/\\\/sanmorrisbags.com\\\/shop\\\/\"},{\"@type\":\"ListItem\",\"position\":3,\"name\":\"Kod: 1432\"}]},{\"@type\":\"WebSite\",\"@id\":\"https:\\\/\\\/sanmorrisbags.com\\\/tr\\\/#website\",\"url\":\"https:\\\/\\\/sanmorrisbags.com\\\/tr\\\/\",\"name\":\"Sanmorris Bags\",\"description\":\"\",\"publisher\":{\"@id\":\"https:\\\/\\\/sanmorrisbags.com\\\/tr\\\/#organization\"},\"potentialAction\":[{\"@type\":\"SearchAction\",\"target\":{\"@type\":\"EntryPoint\",\"urlTemplate\":\"https:\\\/\\\/sanmorrisbags.com\\\/tr\\\/?s={search_term_string}\"},\"query-input\":{\"@type\":\"PropertyValueSpecification\",\"valueRequired\":true,\"valueName\":\"search_term_string\"}}],\"inLanguage\":\"tr\"},{\"@type\":\"Organization\",\"@id\":\"https:\\\/\\\/sanmorrisbags.com\\\/tr\\\/#organization\",\"name\":\"Sanmorris Bags\",\"url\":\"https:\\\/\\\/sanmorrisbags.com\\\/tr\\\/\",\"logo\":{\"@type\":\"ImageObject\",\"inLanguage\":\"tr\",\"@id\":\"https:\\\/\\\/sanmorrisbags.com\\\/tr\\\/#\\\/schema\\\/logo\\\/image\\\/\",\"url\":\"https:\\\/\\\/sanmorrisbags.com\\\/wp-content\\\/uploads\\\/2023\\\/02\\\/Logo-new.png\",\"contentUrl\":\"https:\\\/\\\/sanmorrisbags.com\\\/wp-content\\\/uploads\\\/2023\\\/02\\\/Logo-new.png\",\"width\":1000,\"height\":1000,\"caption\":\"Sanmorris Bags\"},\"image\":{\"@id\":\"https:\\\/\\\/sanmorrisbags.com\\\/tr\\\/#\\\/schema\\\/logo\\\/image\\\/\"},\"sameAs\":[\"https:\\\/\\\/www.facebook.com\\\/sanmorrisbags\",\"https:\\\/\\\/x.com\\\/sanmorrisbag\",\"https:\\\/\\\/www.instagram.com\\\/sanmorrisbag\\\/\"]}]}<\/script>\n<meta property=\"og:availability\" content=\"instock\" \/>\n<meta property=\"product:availability\" content=\"instock\" \/>\n<meta property=\"product:condition\" content=\"new\" \/>\n<!-- \/ Yoast SEO Premium plugin. -->","yoast_head_json":{"title":"\u00e7apraz ask\u0131l\u0131 \u00e7ok g\u00f6zl\u00fc el ve omuz \u00e7anta - Sanmorris Bags","description":"\u00e7apraz ask\u0131l\u0131 \u00e7ok g\u00f6zl\u00fc el ve omuz \u00e7anta","robots":{"index":"index","follow":"follow","max-snippet":"max-snippet:-1","max-image-preview":"max-image-preview:large","max-video-preview":"max-video-preview:-1"},"canonical":"https:\/\/sanmorrisbags.com\/tr\/product\/kod-1432\/","og_locale":"tr_TR","og_type":"article","og_title":"Kod: 1432","og_description":"\u00e7apraz ask\u0131l\u0131 \u00e7ok g\u00f6zl\u00fc el ve omuz \u00e7anta","og_url":"https:\/\/sanmorrisbags.com\/tr\/product\/kod-1432\/","og_site_name":"Sanmorris Bags","article_publisher":"https:\/\/www.facebook.com\/sanmorrisbags","og_image":[{"width":1200,"height":1800,"url":"https:\/\/sanmorrisbags.com\/wp-content\/uploads\/2025\/06\/33.jpg","type":"image\/jpeg"}],"twitter_card":"summary_large_image","twitter_site":"@sanmorrisbag","twitter_misc":{"Durumu":"Stokta var"},"schema":{"@context":"https:\/\/schema.org","@graph":[{"@type":"WebPage","@id":"https:\/\/sanmorrisbags.com\/tr\/product\/kod-1432\/","url":"https:\/\/sanmorrisbags.com\/tr\/product\/kod-1432\/","name":"\u00e7apraz ask\u0131l\u0131 \u00e7ok g\u00f6zl\u00fc el ve omuz \u00e7anta - Sanmorris Bags","isPartOf":{"@id":"https:\/\/sanmorrisbags.com\/tr\/#website"},"primaryImageOfPage":{"@id":"https:\/\/sanmorrisbags.com\/tr\/product\/kod-1432\/#primaryimage"},"image":{"@id":"https:\/\/sanmorrisbags.com\/tr\/product\/kod-1432\/#primaryimage"},"thumbnailUrl":"https:\/\/sanmorrisbags.com\/wp-content\/uploads\/2025\/06\/33.jpg","datePublished":"2025-06-16T09:33:31+00:00","description":"\u00e7apraz ask\u0131l\u0131 \u00e7ok g\u00f6zl\u00fc el ve omuz \u00e7anta","breadcrumb":{"@id":"https:\/\/sanmorrisbags.com\/tr\/product\/kod-1432\/#breadcrumb"},"inLanguage":"tr","potentialAction":[{"@type":"ReadAction","target":["https:\/\/sanmorrisbags.com\/tr\/product\/kod-1432\/"]}]},{"@type":"ImageObject","inLanguage":"tr","@id":"https:\/\/sanmorrisbags.com\/tr\/product\/kod-1432\/#primaryimage","url":"https:\/\/sanmorrisbags.com\/wp-content\/uploads\/2025\/06\/33.jpg","contentUrl":"https:\/\/sanmorrisbags.com\/wp-content\/uploads\/2025\/06\/33.jpg","width":1200,"height":1800,"caption":"\u00e7apraz ask\u0131l\u0131 \u00e7ok g\u00f6zl\u00fc el ve omuz \u00e7anta"},{"@type":"BreadcrumbList","@id":"https:\/\/sanmorrisbags.com\/tr\/product\/kod-1432\/#breadcrumb","itemListElement":[{"@type":"ListItem","position":1,"name":"Home","item":"https:\/\/sanmorrisbags.com\/tr\/home\/"},{"@type":"ListItem","position":2,"name":"Shop","item":"https:\/\/sanmorrisbags.com\/shop\/"},{"@type":"ListItem","position":3,"name":"Kod: 1432"}]},{"@type":"WebSite","@id":"https:\/\/sanmorrisbags.com\/tr\/#website","url":"https:\/\/sanmorrisbags.com\/tr\/","name":"Sanmorris Bags","description":"","publisher":{"@id":"https:\/\/sanmorrisbags.com\/tr\/#organization"},"potentialAction":[{"@type":"SearchAction","target":{"@type":"EntryPoint","urlTemplate":"https:\/\/sanmorrisbags.com\/tr\/?s={search_term_string}"},"query-input":{"@type":"PropertyValueSpecification","valueRequired":true,"valueName":"search_term_string"}}],"inLanguage":"tr"},{"@type":"Organization","@id":"https:\/\/sanmorrisbags.com\/tr\/#organization","name":"Sanmorris Bags","url":"https:\/\/sanmorrisbags.com\/tr\/","logo":{"@type":"ImageObject","inLanguage":"tr","@id":"https:\/\/sanmorrisbags.com\/tr\/#\/schema\/logo\/image\/","url":"https:\/\/sanmorrisbags.com\/wp-content\/uploads\/2023\/02\/Logo-new.png","contentUrl":"https:\/\/sanmorrisbags.com\/wp-content\/uploads\/2023\/02\/Logo-new.png","width":1000,"height":1000,"caption":"Sanmorris Bags"},"image":{"@id":"https:\/\/sanmorrisbags.com\/tr\/#\/schema\/logo\/image\/"},"sameAs":["https:\/\/www.facebook.com\/sanmorrisbags","https:\/\/x.com\/sanmorrisbag","https:\/\/www.instagram.com\/sanmorrisbag\/"]}]},"og_availability":"instock","product_availability":"instock","product_condition":"new"},"_links":{"self":[{"href":"https:\/\/sanmorrisbags.com\/tr\/wp-json\/wp\/v2\/product\/24168","targetHints":{"allow":["GET"]}}],"collection":[{"href":"https:\/\/sanmorrisbags.com\/tr\/wp-json\/wp\/v2\/product"}],"about":[{"href":"https:\/\/sanmorrisbags.com\/tr\/wp-json\/wp\/v2\/types\/product"}],"replies":[{"embeddable":true,"href":"https:\/\/sanmorrisbags.com\/tr\/wp-json\/wp\/v2\/comments?post=24168"}],"wp:featuredmedia":[{"embeddable":true,"href":"https:\/\/sanmorrisbags.com\/tr\/wp-json\/wp\/v2\/media\/23916"}],"wp:attachment":[{"href":"https:\/\/sanmorrisbags.com\/tr\/wp-json\/wp\/v2\/media?parent=24168"}],"wp:term":[{"taxonomy":"product_brand","embeddable":true,"href":"https:\/\/sanmorrisbags.com\/tr\/wp-json\/wp\/v2\/product_brand?post=24168"},{"taxonomy":"product_cat","embeddable":true,"href":"https:\/\/sanmorrisbags.com\/tr\/wp-json\/wp\/v2\/product_cat?post=24168"},{"taxonomy":"product_tag","embeddable":true,"href":"https:\/\/sanmorrisbags.com\/tr\/wp-json\/wp\/v2\/product_tag?post=24168"}],"curies":[{"name":"wp","href":"https:\/\/api.w.org\/{rel}","templated":true}]}}