{"id":24300,"date":"2025-08-01T09:54:48","date_gmt":"2025-08-01T09:54:48","guid":{"rendered":"https:\/\/sanmorrisbags.com\/?post_type=product&#038;p=24300"},"modified":"2025-08-01T09:54:50","modified_gmt":"2025-08-01T09:54:50","slug":"buyuk-boy-su-gecirmez-canta","status":"publish","type":"product","link":"https:\/\/sanmorrisbags.com\/tr\/product\/buyuk-boy-su-gecirmez-canta\/","title":{"rendered":"Code: 4017"},"content":{"rendered":"<p>b\u00fcy\u00fck boy suya dayan\u0131kl\u0131 \u00e7anta<\/p>\n<ul>\n<li>Sanmorris Kad\u0131n B\u00fcy\u00fck Boy B\u00f6lmeli Suya Dayan\u0131kl\u0131 Para\u015f\u00fct Kuma\u015f \u00c7apraz ve Omuz Ask\u0131l\u0131 \u00c7antam\u0131z farkl\u0131 renk se\u00e7enekleriyle stoklar\u0131m\u0131zdad\u0131r.<\/li>\n<li>\u00dcr\u00fcn \u00f6l\u00e7\u00fcleri en:40 cm ,boy:30 cm, taban geni\u015fli\u011fi: 16 cm.<\/li>\n<li>\u00dcr\u00fcn a\u011f\u0131rl\u0131\u011f\u0131 510 gr&#8217;dir.<\/li>\n<li>\u00dcr\u00fcn\u00fcn i\u00e7inde k\u00fc\u00e7\u00fck e\u015fyalar\u0131n\u0131z\u0131 kolayca ta\u015f\u0131man\u0131z i\u00e7in 1 fermuarl\u0131 2 fermuars\u0131z cep bulunmaktad\u0131r.<\/li>\n<li>\u00d6n tarafta 2 fermuarl\u0131 arka k\u0131sm\u0131nda 1 fermuarl\u0131 g\u00f6z\u00fc bulunmaktad\u0131r.<\/li>\n<li>4 b\u00f6lmeden olu\u015fmaktad\u0131r.<\/li>\n<li>Ayarlanabilir \u00e7apraz ask\u0131 boyu en uzun 140 cm, el ask\u0131s\u0131 y\u00fcksekli\u011fi 23 cm&#8217;dir.<\/li>\n<li>\u00dcr\u00fcn\u00fcn iki yan taraf\u0131nda da termos cep bulunmaktad\u0131r.<\/li>\n<li>Fermuar ve fermuar ba\u015fl\u0131klar\u0131 kaliteli malzemeyle \u00fcretilmi\u015ftir.<\/li>\n<li>\u00dcr\u00fcn hem omuz hem \u00e7apraz olarak kullan\u0131labilmektedir.<\/li>\n<li>\u00c7antan\u0131n omuz ask\u0131lar\u0131 rahatl\u0131kla kullan\u0131labilen bir yap\u0131ya sahiptir, ayr\u0131ca \u00e7apraz ask\u0131s\u0131 tak\u0131l\u0131p \u00e7\u0131kar\u0131labilmektedir.<\/li>\n<li>Geni\u015f i\u00e7 hacmiyle g\u00fcnl\u00fck ihtiya\u00e7lar\u0131n\u0131z\u0131 rahatl\u0131kla ta\u015f\u0131yabilece\u011finiz b\u00fcy\u00fck boy tasar\u0131m.<\/li>\n<li>Temizli\u011fini nemli bez ile yap\u0131n\u0131z.<\/li>\n<li>\u00dcr\u00fcn\u00fcn i\u00e7 k\u0131sm\u0131n\u0131n ayr\u0131nt\u0131l\u0131 g\u00f6rseli son 3 foto\u011frafta incelemeniz i\u00e7in bulunmaktad\u0131r.<\/li>\n<\/ul>\n","protected":false},"excerpt":{"rendered":"<p>b\u00fcy\u00fck boy suya dayan\u0131kl\u0131 \u00e7anta Sanmorris Kad\u0131n B\u00fcy\u00fck Boy B\u00f6lmeli Suya Dayan\u0131kl\u0131 Para\u015f\u00fct Kuma\u015f \u00c7apraz ve Omuz Ask\u0131l\u0131 \u00c7antam\u0131z farkl\u0131 renk se\u00e7enekleriyle stoklar\u0131m\u0131zdad\u0131r. \u00dcr\u00fcn \u00f6l\u00e7\u00fcleri en:40 cm ,boy:30 cm, taban geni\u015fli\u011fi: 16 cm. \u00dcr\u00fcn a\u011f\u0131rl\u0131\u011f\u0131 510 gr&#8217;dir. \u00dcr\u00fcn\u00fcn i\u00e7inde k\u00fc\u00e7\u00fck e\u015fyalar\u0131n\u0131z\u0131 kolayca ta\u015f\u0131man\u0131z i\u00e7in 1 fermuarl\u0131 2 fermuars\u0131z cep bulunmaktad\u0131r. \u00d6n tarafta 2 fermuarl\u0131 arka [&hellip;]<\/p>\n","protected":false},"featured_media":24303,"comment_status":"closed","ping_status":"closed","template":"","meta":[],"product_brand":[],"product_cat":[37,38],"product_tag":[],"class_list":{"0":"post-24300","1":"product","2":"type-product","3":"status-publish","4":"has-post-thumbnail","6":"product_cat-crossbody-bags","7":"product_cat-shoulder-bags","8":"pa_color-black","9":"pa_color-blue","10":"pa_color-d-gray","11":"pa_color-khaki","12":"pa_color-l-gray","13":"pa_color-pink","15":"first","16":"instock","17":"shipping-taxable","18":"purchasable","19":"product-type-variable","20":"wvs-archive-product-wrapper"},"yoast_head":"<!-- This site is optimized with the Yoast SEO Premium plugin v25.4 (Yoast SEO v27.4) - https:\/\/yoast.com\/product\/yoast-seo-premium-wordpress\/ -->\n<title>Sanmorris B\u00fcy\u00fck Boy Suya Dayan\u0131kl\u0131 Kad\u0131n \u00c7anta Sanmorris Bags<\/title>\n<meta name=\"description\" content=\"Sanmorris b\u00fcy\u00fck boy kad\u0131n \u00e7anta, suya dayan\u0131kl\u0131 para\u015f\u00fct kuma\u015f ve \u00e7ok b\u00f6lmeli. \u00c7apraz ve omuz ask\u0131l\u0131. Hemen incele! Sanmorris bags toptan \u00e7anta istanbul\" \/>\n<meta name=\"robots\" content=\"index, follow, max-snippet:-1, max-image-preview:large, max-video-preview:-1\" \/>\n<link rel=\"canonical\" href=\"https:\/\/sanmorrisbags.com\/tr\/product\/buyuk-boy-su-gecirmez-canta\/\" \/>\n<meta property=\"og:locale\" content=\"tr_TR\" \/>\n<meta property=\"og:type\" content=\"article\" \/>\n<meta property=\"og:title\" content=\"Code: 4017\" \/>\n<meta property=\"og:description\" content=\"Sanmorris b\u00fcy\u00fck boy kad\u0131n \u00e7anta, suya dayan\u0131kl\u0131 para\u015f\u00fct kuma\u015f ve \u00e7ok b\u00f6lmeli. \u00c7apraz ve omuz ask\u0131l\u0131. Hemen incele! Sanmorris bags toptan \u00e7anta istanbul\" \/>\n<meta property=\"og:url\" content=\"https:\/\/sanmorrisbags.com\/tr\/product\/buyuk-boy-su-gecirmez-canta\/\" \/>\n<meta property=\"og:site_name\" content=\"Sanmorris Bags\" \/>\n<meta property=\"article:publisher\" content=\"https:\/\/www.facebook.com\/sanmorrisbags\" \/>\n<meta property=\"article:modified_time\" content=\"2025-08-01T09:54:50+00:00\" \/>\n<meta property=\"og:image\" content=\"https:\/\/sanmorrisbags.com\/wp-content\/uploads\/2025\/08\/6.jpg\" \/>\n\t<meta property=\"og:image:width\" content=\"1200\" \/>\n\t<meta property=\"og:image:height\" content=\"1800\" \/>\n\t<meta property=\"og:image:type\" content=\"image\/jpeg\" \/>\n<meta name=\"twitter:card\" content=\"summary_large_image\" \/>\n<meta name=\"twitter:site\" content=\"@sanmorrisbag\" \/>\n<meta name=\"twitter:label1\" content=\"Durumu\" \/>\n\t<meta name=\"twitter:data1\" content=\"Stokta var\" \/>\n<script type=\"application\/ld+json\" class=\"yoast-schema-graph\">{\"@context\":\"https:\\\/\\\/schema.org\",\"@graph\":[{\"@type\":\"WebPage\",\"@id\":\"https:\\\/\\\/sanmorrisbags.com\\\/tr\\\/product\\\/buyuk-boy-su-gecirmez-canta\\\/\",\"url\":\"https:\\\/\\\/sanmorrisbags.com\\\/tr\\\/product\\\/buyuk-boy-su-gecirmez-canta\\\/\",\"name\":\"Sanmorris B\u00fcy\u00fck Boy Suya Dayan\u0131kl\u0131 Kad\u0131n \u00c7anta Sanmorris Bags\",\"isPartOf\":{\"@id\":\"https:\\\/\\\/sanmorrisbags.com\\\/tr\\\/#website\"},\"primaryImageOfPage\":{\"@id\":\"https:\\\/\\\/sanmorrisbags.com\\\/tr\\\/product\\\/buyuk-boy-su-gecirmez-canta\\\/#primaryimage\"},\"image\":{\"@id\":\"https:\\\/\\\/sanmorrisbags.com\\\/tr\\\/product\\\/buyuk-boy-su-gecirmez-canta\\\/#primaryimage\"},\"thumbnailUrl\":\"https:\\\/\\\/sanmorrisbags.com\\\/wp-content\\\/uploads\\\/2025\\\/08\\\/6.jpg\",\"datePublished\":\"2025-08-01T09:54:48+00:00\",\"dateModified\":\"2025-08-01T09:54:50+00:00\",\"description\":\"Sanmorris b\u00fcy\u00fck boy kad\u0131n \u00e7anta, suya dayan\u0131kl\u0131 para\u015f\u00fct kuma\u015f ve \u00e7ok b\u00f6lmeli. \u00c7apraz ve omuz ask\u0131l\u0131. Hemen incele! Sanmorris bags toptan \u00e7anta istanbul\",\"breadcrumb\":{\"@id\":\"https:\\\/\\\/sanmorrisbags.com\\\/tr\\\/product\\\/buyuk-boy-su-gecirmez-canta\\\/#breadcrumb\"},\"inLanguage\":\"tr\",\"potentialAction\":[{\"@type\":\"ReadAction\",\"target\":[\"https:\\\/\\\/sanmorrisbags.com\\\/tr\\\/product\\\/buyuk-boy-su-gecirmez-canta\\\/\"]}]},{\"@type\":\"ImageObject\",\"inLanguage\":\"tr\",\"@id\":\"https:\\\/\\\/sanmorrisbags.com\\\/tr\\\/product\\\/buyuk-boy-su-gecirmez-canta\\\/#primaryimage\",\"url\":\"https:\\\/\\\/sanmorrisbags.com\\\/wp-content\\\/uploads\\\/2025\\\/08\\\/6.jpg\",\"contentUrl\":\"https:\\\/\\\/sanmorrisbags.com\\\/wp-content\\\/uploads\\\/2025\\\/08\\\/6.jpg\",\"width\":1200,\"height\":1800,\"caption\":\"b\u00fcy\u00fck boy suya dayan\u0131kl\u0131 \u00e7anta koyu rengi beyaz fonda\"},{\"@type\":\"BreadcrumbList\",\"@id\":\"https:\\\/\\\/sanmorrisbags.com\\\/tr\\\/product\\\/buyuk-boy-su-gecirmez-canta\\\/#breadcrumb\",\"itemListElement\":[{\"@type\":\"ListItem\",\"position\":1,\"name\":\"Home\",\"item\":\"https:\\\/\\\/sanmorrisbags.com\\\/tr\\\/home\\\/\"},{\"@type\":\"ListItem\",\"position\":2,\"name\":\"Shop\",\"item\":\"https:\\\/\\\/sanmorrisbags.com\\\/shop\\\/\"},{\"@type\":\"ListItem\",\"position\":3,\"name\":\"Code: 4017\"}]},{\"@type\":\"WebSite\",\"@id\":\"https:\\\/\\\/sanmorrisbags.com\\\/tr\\\/#website\",\"url\":\"https:\\\/\\\/sanmorrisbags.com\\\/tr\\\/\",\"name\":\"Sanmorris Bags\",\"description\":\"\",\"publisher\":{\"@id\":\"https:\\\/\\\/sanmorrisbags.com\\\/tr\\\/#organization\"},\"potentialAction\":[{\"@type\":\"SearchAction\",\"target\":{\"@type\":\"EntryPoint\",\"urlTemplate\":\"https:\\\/\\\/sanmorrisbags.com\\\/tr\\\/?s={search_term_string}\"},\"query-input\":{\"@type\":\"PropertyValueSpecification\",\"valueRequired\":true,\"valueName\":\"search_term_string\"}}],\"inLanguage\":\"tr\"},{\"@type\":\"Organization\",\"@id\":\"https:\\\/\\\/sanmorrisbags.com\\\/tr\\\/#organization\",\"name\":\"Sanmorris Bags\",\"url\":\"https:\\\/\\\/sanmorrisbags.com\\\/tr\\\/\",\"logo\":{\"@type\":\"ImageObject\",\"inLanguage\":\"tr\",\"@id\":\"https:\\\/\\\/sanmorrisbags.com\\\/tr\\\/#\\\/schema\\\/logo\\\/image\\\/\",\"url\":\"https:\\\/\\\/sanmorrisbags.com\\\/wp-content\\\/uploads\\\/2023\\\/02\\\/Logo-new.png\",\"contentUrl\":\"https:\\\/\\\/sanmorrisbags.com\\\/wp-content\\\/uploads\\\/2023\\\/02\\\/Logo-new.png\",\"width\":1000,\"height\":1000,\"caption\":\"Sanmorris Bags\"},\"image\":{\"@id\":\"https:\\\/\\\/sanmorrisbags.com\\\/tr\\\/#\\\/schema\\\/logo\\\/image\\\/\"},\"sameAs\":[\"https:\\\/\\\/www.facebook.com\\\/sanmorrisbags\",\"https:\\\/\\\/x.com\\\/sanmorrisbag\",\"https:\\\/\\\/www.instagram.com\\\/sanmorrisbag\\\/\"]}]}<\/script>\n<meta property=\"og:availability\" content=\"instock\" \/>\n<meta property=\"product:availability\" content=\"instock\" \/>\n<meta property=\"product:condition\" content=\"new\" \/>\n<!-- \/ Yoast SEO Premium plugin. -->","yoast_head_json":{"title":"Sanmorris B\u00fcy\u00fck Boy Suya Dayan\u0131kl\u0131 Kad\u0131n \u00c7anta Sanmorris Bags","description":"Sanmorris b\u00fcy\u00fck boy kad\u0131n \u00e7anta, suya dayan\u0131kl\u0131 para\u015f\u00fct kuma\u015f ve \u00e7ok b\u00f6lmeli. \u00c7apraz ve omuz ask\u0131l\u0131. Hemen incele! Sanmorris bags toptan \u00e7anta istanbul","robots":{"index":"index","follow":"follow","max-snippet":"max-snippet:-1","max-image-preview":"max-image-preview:large","max-video-preview":"max-video-preview:-1"},"canonical":"https:\/\/sanmorrisbags.com\/tr\/product\/buyuk-boy-su-gecirmez-canta\/","og_locale":"tr_TR","og_type":"article","og_title":"Code: 4017","og_description":"Sanmorris b\u00fcy\u00fck boy kad\u0131n \u00e7anta, suya dayan\u0131kl\u0131 para\u015f\u00fct kuma\u015f ve \u00e7ok b\u00f6lmeli. \u00c7apraz ve omuz ask\u0131l\u0131. Hemen incele! Sanmorris bags toptan \u00e7anta istanbul","og_url":"https:\/\/sanmorrisbags.com\/tr\/product\/buyuk-boy-su-gecirmez-canta\/","og_site_name":"Sanmorris Bags","article_publisher":"https:\/\/www.facebook.com\/sanmorrisbags","article_modified_time":"2025-08-01T09:54:50+00:00","og_image":[{"width":1200,"height":1800,"url":"https:\/\/sanmorrisbags.com\/wp-content\/uploads\/2025\/08\/6.jpg","type":"image\/jpeg"}],"twitter_card":"summary_large_image","twitter_site":"@sanmorrisbag","twitter_misc":{"Durumu":"Stokta var"},"schema":{"@context":"https:\/\/schema.org","@graph":[{"@type":"WebPage","@id":"https:\/\/sanmorrisbags.com\/tr\/product\/buyuk-boy-su-gecirmez-canta\/","url":"https:\/\/sanmorrisbags.com\/tr\/product\/buyuk-boy-su-gecirmez-canta\/","name":"Sanmorris B\u00fcy\u00fck Boy Suya Dayan\u0131kl\u0131 Kad\u0131n \u00c7anta Sanmorris Bags","isPartOf":{"@id":"https:\/\/sanmorrisbags.com\/tr\/#website"},"primaryImageOfPage":{"@id":"https:\/\/sanmorrisbags.com\/tr\/product\/buyuk-boy-su-gecirmez-canta\/#primaryimage"},"image":{"@id":"https:\/\/sanmorrisbags.com\/tr\/product\/buyuk-boy-su-gecirmez-canta\/#primaryimage"},"thumbnailUrl":"https:\/\/sanmorrisbags.com\/wp-content\/uploads\/2025\/08\/6.jpg","datePublished":"2025-08-01T09:54:48+00:00","dateModified":"2025-08-01T09:54:50+00:00","description":"Sanmorris b\u00fcy\u00fck boy kad\u0131n \u00e7anta, suya dayan\u0131kl\u0131 para\u015f\u00fct kuma\u015f ve \u00e7ok b\u00f6lmeli. \u00c7apraz ve omuz ask\u0131l\u0131. Hemen incele! Sanmorris bags toptan \u00e7anta istanbul","breadcrumb":{"@id":"https:\/\/sanmorrisbags.com\/tr\/product\/buyuk-boy-su-gecirmez-canta\/#breadcrumb"},"inLanguage":"tr","potentialAction":[{"@type":"ReadAction","target":["https:\/\/sanmorrisbags.com\/tr\/product\/buyuk-boy-su-gecirmez-canta\/"]}]},{"@type":"ImageObject","inLanguage":"tr","@id":"https:\/\/sanmorrisbags.com\/tr\/product\/buyuk-boy-su-gecirmez-canta\/#primaryimage","url":"https:\/\/sanmorrisbags.com\/wp-content\/uploads\/2025\/08\/6.jpg","contentUrl":"https:\/\/sanmorrisbags.com\/wp-content\/uploads\/2025\/08\/6.jpg","width":1200,"height":1800,"caption":"b\u00fcy\u00fck boy suya dayan\u0131kl\u0131 \u00e7anta koyu rengi beyaz fonda"},{"@type":"BreadcrumbList","@id":"https:\/\/sanmorrisbags.com\/tr\/product\/buyuk-boy-su-gecirmez-canta\/#breadcrumb","itemListElement":[{"@type":"ListItem","position":1,"name":"Home","item":"https:\/\/sanmorrisbags.com\/tr\/home\/"},{"@type":"ListItem","position":2,"name":"Shop","item":"https:\/\/sanmorrisbags.com\/shop\/"},{"@type":"ListItem","position":3,"name":"Code: 4017"}]},{"@type":"WebSite","@id":"https:\/\/sanmorrisbags.com\/tr\/#website","url":"https:\/\/sanmorrisbags.com\/tr\/","name":"Sanmorris Bags","description":"","publisher":{"@id":"https:\/\/sanmorrisbags.com\/tr\/#organization"},"potentialAction":[{"@type":"SearchAction","target":{"@type":"EntryPoint","urlTemplate":"https:\/\/sanmorrisbags.com\/tr\/?s={search_term_string}"},"query-input":{"@type":"PropertyValueSpecification","valueRequired":true,"valueName":"search_term_string"}}],"inLanguage":"tr"},{"@type":"Organization","@id":"https:\/\/sanmorrisbags.com\/tr\/#organization","name":"Sanmorris Bags","url":"https:\/\/sanmorrisbags.com\/tr\/","logo":{"@type":"ImageObject","inLanguage":"tr","@id":"https:\/\/sanmorrisbags.com\/tr\/#\/schema\/logo\/image\/","url":"https:\/\/sanmorrisbags.com\/wp-content\/uploads\/2023\/02\/Logo-new.png","contentUrl":"https:\/\/sanmorrisbags.com\/wp-content\/uploads\/2023\/02\/Logo-new.png","width":1000,"height":1000,"caption":"Sanmorris Bags"},"image":{"@id":"https:\/\/sanmorrisbags.com\/tr\/#\/schema\/logo\/image\/"},"sameAs":["https:\/\/www.facebook.com\/sanmorrisbags","https:\/\/x.com\/sanmorrisbag","https:\/\/www.instagram.com\/sanmorrisbag\/"]}]},"og_availability":"instock","product_availability":"instock","product_condition":"new"},"_links":{"self":[{"href":"https:\/\/sanmorrisbags.com\/tr\/wp-json\/wp\/v2\/product\/24300","targetHints":{"allow":["GET"]}}],"collection":[{"href":"https:\/\/sanmorrisbags.com\/tr\/wp-json\/wp\/v2\/product"}],"about":[{"href":"https:\/\/sanmorrisbags.com\/tr\/wp-json\/wp\/v2\/types\/product"}],"replies":[{"embeddable":true,"href":"https:\/\/sanmorrisbags.com\/tr\/wp-json\/wp\/v2\/comments?post=24300"}],"wp:featuredmedia":[{"embeddable":true,"href":"https:\/\/sanmorrisbags.com\/tr\/wp-json\/wp\/v2\/media\/24303"}],"wp:attachment":[{"href":"https:\/\/sanmorrisbags.com\/tr\/wp-json\/wp\/v2\/media?parent=24300"}],"wp:term":[{"taxonomy":"product_brand","embeddable":true,"href":"https:\/\/sanmorrisbags.com\/tr\/wp-json\/wp\/v2\/product_brand?post=24300"},{"taxonomy":"product_cat","embeddable":true,"href":"https:\/\/sanmorrisbags.com\/tr\/wp-json\/wp\/v2\/product_cat?post=24300"},{"taxonomy":"product_tag","embeddable":true,"href":"https:\/\/sanmorrisbags.com\/tr\/wp-json\/wp\/v2\/product_tag?post=24300"}],"curies":[{"name":"wp","href":"https:\/\/api.w.org\/{rel}","templated":true}]}}